{"id":11181,"date":"2024-04-11T19:47:34","date_gmt":"2024-04-11T18:47:34","guid":{"rendered":"https:\/\/canaryvip.com\/?post_type=product&#038;p=11181"},"modified":"2026-03-06T15:02:30","modified_gmt":"2026-03-06T15:02:30","slug":"la-gomera-jeep-safari-from-tenerife","status":"publish","type":"product","link":"https:\/\/canaryvip.com\/da\/shop\/la-gomera-jeep-safari-from-tenerife\/","title":{"rendered":"La Gomera Jeep Safari fra Tenerife"},"content":{"rendered":"<h2>G\u00e5 ombord p\u00e5 <strong>La Gomera Jeep Safari Tour fra Tenerife<\/strong><\/h2>\n<p>Tag med os p\u00e5 en sp\u00e6ndende <strong>Jeep-safari til La Gomera,<\/strong> en unik perle blandt De Kanariske \u00d8er. Oplev et intimt gruppemilj\u00f8 med vores sm\u00e5 gruppeture, der er ideelle for familier eller venner med plads til op til 8 passagerer pr. jeep.<\/p>\n<p>Dyk ned i en verden af fortryllelse, n\u00e5r du rejser over Atlanterhavet fra Tenerife til San Sebasti\u00e1n de La Gomeras kyster. Vores komfortable f\u00e6rger vil transportere dig problemfrit og forberede dig p\u00e5 et eventyr, der kombinerer naturlig sk\u00f8nhed med kulturarv.<\/p>\n<p><strong>\u26a0\ufe0f <span style=\"text-decoration: underline;\">VIGTIG MEDDELELSE:<\/span><\/strong> Husk at medbringe et gyldigt pas p\u00e5 dagen for turen. Uden et gyldigt pas f\u00e5r du ikke lov til at g\u00e5 om bord p\u00e5 f\u00e6rgen til La Gomera, og det er ikke muligt at f\u00e5 pengene tilbage. S\u00f8rg for at have dit pas klar, s\u00e5 du kan nyde en mindev\u00e6rdig rejse fyldt med La Gomeras naturlige sk\u00f8nhed.<\/p>\n<h3><strong>H\u00f8jdepunkter p\u00e5 La Gomera-turen:<\/strong><\/h3>\n<ul>\n<li>\ud83c\udf3f <strong>Garajonay National Park:<\/strong> Udforsk de gamle laurb\u00e6rskove og frodige gr\u00f8nne omr\u00e5der p\u00e5 dette UNESCO-verdensarvsomr\u00e5de. Det er et paradis for naturelskere og et syn af biodiversitet.<\/li>\n<li>\ud83c\udfde\ufe0f <strong>Hermigua:<\/strong> Kendt for sine frodige palmelunde og produktionen af guarapo-juice fra De Kanariske \u00d8er. Oplev, hvorfor Hermigua er ber\u00f8mt for sin h\u00f8je livskvalitet og natursk\u00f8nhed.<\/li>\n<li>\ud83c\udf74 <strong>Autentisk lokalt k\u00f8kken:<\/strong> Lad dig friste af traditionelle kanariske retter p\u00e5 en lokal restaurant, hvor du kan nyde de smage, der g\u00f8r La Gomeras k\u00f8kken uforglemmeligt.<\/li>\n<li>\ud83c\udf0a <strong>San Sebasti\u00e1n de La Gomera:<\/strong> G\u00e5 rundt i de farverige gader i \u00f8ens hovedstad, beundr dens arkitektoniske sk\u00f8nhed, og nyd lidt fritid til at udforske p\u00e5 egen h\u00e5nd.<\/li>\n<li>\ud83c\udf04 <strong>Agulo:<\/strong> K\u00f8r i jeep gennem denne charmerende landsby, der er kendt for sine smalle brostensbelagte gader og betagende udsigt over Atlanterhavet.<\/li>\n<li>\ud83c\udfd6\ufe0f <strong>Laguna Grande:<\/strong> Et bem\u00e6rkelsesv\u00e6rdigt og fredfyldt sted, der er perfekt til fordybelse i Garajonay. Dets unikke milj\u00f8 g\u00f8r det til et vigtigt stop p\u00e5 vores tur.<\/li>\n<\/ul>\n<h3><strong>Hvad vores La Gomera Jeep Safari-tur inkluderer:<\/strong><\/h3>\n<ul>\n<li>\ud83d\ude90 <strong>Transport tur-retur:<\/strong> Vi tilbyder praktisk afhentning og aflevering fra dit overnatningssted eller et sted i n\u00e6rheden i enten Puerto de la Cruz eller Playa de las Am\u00e9ricas.<\/li>\n<li>\u26f4\ufe0f <strong>F\u00e6rgeoverf\u00f8rsler:<\/strong> Nyd en behagelig f\u00e6rgetur til og fra La Gomera, som sikrer en behagelig rejse over Atlanterhavet.<\/li>\n<li>\ud83c\udf7d\ufe0f <strong>Frokost og lokale smagspr\u00f8ver:<\/strong> Et dejligt m\u00e5ltid er inkluderet, s\u00e5 du f\u00e5r en smagspr\u00f8ve p\u00e5 de lokale kulinariske l\u00e6kkerier.<\/li>\n<li>\ud83d\udde3\ufe0f <strong>Underst\u00f8ttelse af flere sprog:<\/strong> Vores ture er tilg\u00e6ngelige p\u00e5 flere sprog, herunder spansk, engelsk, tysk, fransk, italiensk, hollandsk og polsk, for at im\u00f8dekomme vores forskellige g\u00e6ster.<\/li>\n<\/ul>\n<h3><b>Bookingpolitik og fleksibilitet<\/b><\/h3>\n<p><span style=\"font-weight: 400;\">\ud83d\udd01 <\/span><b>Gratis afbestilling op til 48 timer:<\/b><span style=\"font-weight: 400;\"> Planer kan \u00e6ndre sig. Du kan annullere eller \u00e6ndre din booking op til <\/span><b>48 timer f\u00f8r aktiviteten<\/b><span style=\"font-weight: 400;\"> og f\u00e5 alle pengene tilbage.<\/span><\/p>\n<p><span style=\"font-weight: 400;\">\ud83d\udeab <\/span><b>Politik for udeblivelse:<\/b><span style=\"font-weight: 400;\"> Hvis du ikke deltager i aktiviteten eller kommer for sent til at deltage, vil bookingen blive betragtet som en <\/span><b>no-show og kan ikke refunderes<\/b><span style=\"font-weight: 400;\">.<\/span><\/p>\n<p><span style=\"font-weight: 400;\">\ud83c\udf0a <\/span><b>Vejrforhold:<\/b><span style=\"font-weight: 400;\"> Hvis turen ikke kan gennemf\u00f8res p\u00e5 grund af usikre vejrforhold, har du mulighed for at <\/span><b>Flyt til en anden dag eller f\u00e5 alle pengene tilbage.<\/b><span style=\"font-weight: 400;\">.<\/span><\/p>\n<h4><strong>Book dit jeepsafari-eventyr til La Gomera i dag!<\/strong><\/h4>\n<p>G\u00e5 ikke glip af denne eksklusive mulighed for at udforske de fantastiske landskaber og den kulturelle rigdom i <a href=\"https:\/\/www.google.com\/maps\/place\/La+Gomera\/@28.1188754,-17.3060924,12z\/data=!3m1!4b1!4m6!3m5!1s0xc6ae33697cbc54d:0x59c58fe23f47d04e!8m2!3d28.1033035!4d-17.2193578!16zL20vMDFnNG1q?entry=ttu\" target=\"_blank\" rel=\"noopener\">La Gomera<\/a> med <a href=\"https:\/\/canaryvip.com\/da\/\">CanaryVIP.<\/a><\/p>\n<p>Fra de magiske skove i Garajonay til de maleriske gader i Agulo og videre ud p\u00e5 en rejse fyldt med opdagelser og eventyr. Reserver din plads nu, og oplev det bedste af La Gomera!<\/p>","protected":false},"excerpt":{"rendered":"<p>\ud83d\udd0d <strong>Turens h\u00f8jdepunkter:<\/strong><br \/>\n\u2705 Sikker betaling.<br \/>\n\ud83c\uddee\ud83c\udde8 Udforsk \u00f8en La Gomera.<br \/>\n\ud83c\udf33 Bes\u00f8g Garajonay Park.<br \/>\n\ud83d\udde3\ufe0f Live Whistling Performance.<br \/>\n\ud83c\udf7d\ufe0f Inklusiv kanarisk frokost.<br \/>\n\ud83d\udcc5 Mandag til l\u00f8rdag.<br \/>\n\u23f0 Varighed Cirka 9 timer.<br \/>\n\ud83d\ude8c Afhentning og aflevering p\u00e5 hotellet.<br \/>\n\ud83d\udd04 48 timers gratis afbestilling.<br \/>\n\ud83c\udf0d Guide p\u00e5 dit sprog.<br \/>\n\ud83e\udd11 Garanteret bedste pris.<br \/>\n\ud83c\udf1f Book nu og spar!<\/p>","protected":false},"featured_media":11183,"comment_status":"open","ping_status":"closed","template":"","meta":{"_acf_changed":false},"product_brand":[],"product_cat":[67],"product_tag":[],"class_list":{"0":"post-11181","1":"product","2":"type-product","3":"status-publish","4":"has-post-thumbnail","6":"product_cat-jeep-tours","7":"wcpa_has_options","9":"first","10":"instock","11":"virtual","12":"purchasable","13":"product-type-simple"},"acf":[],"wcpa_form_fields":{"wcpaData":{"product":{"product_price":145,"price_html":"From&nbsp;<span class=\"woocommerce-Price-amount amount\"><bdi>145,00&nbsp;<span class=\"woocommerce-Price-currencySymbol\">&euro;<\/span><\/bdi><\/span>","original_product_price":145,"price_including_tax":145,"price_excluding_tax":145,"product_id":{"parent":11181,"variation":false},"is_variable":false,"stock_status":"instock","stock_quantity":null,"parent_sku":"CV11181","product_attributes":[],"custom_fields":[],"is_taxable":false,"product_name":"La Gomera Jeep Safari from Tenerife","hasImage":false},"fields":{"sec_36619078bba64e":{"extra":{"key":"sec_36619078bba64e","section_id":"sec_36619078bba64e","name":"Tickets","status":1,"cl_rule":"show","enableCl":false,"relations":[{"operator":false,"rules":[{"operator":"AND","rules":{"cl_field":"radio-group_665df45fcbc30b","cl_relation":"is","cl_val":"Siam Park Regular Tickets"}}]}],"toggle":true,"title_tag":"h4","show_title":false,"showPrice":"default","form_id":11188,"form_rules":{"exclude_from_discount":true,"fee_label":"Fee","disp_hide_options_price":true,"disp_show_section_price":false,"disp_show_field_price":true,"layout_option":"standard","pric_use_as_fee":false,"process_fee_as":"woo_fee"},"layout_option":"standard"},"fields":[[{"active":true,"col":6,"relations":false,"cl_rule":"show","enableCl":false,"price":"","enablePrice":false,"className":"","label_position":"default","desc_position":"default","type":"select","required":true,"elementId":"select_06619078bba6b6","label":"\ud83c\udf0e Language","name":"select_06619078bba6b6","values":[{"label":"English","value":"English","selected":false,"tempId":"aco_1213","gt_translate_keys":["label"]},{"label":"Dutch","value":"Dutch","selected":false,"tempId":"aco_693","gt_translate_keys":["label"]},{"label":"German","value":"German","selected":false,"tempId":"aco_1567","gt_translate_keys":["label"]},{"label":"French","value":"French","selected":false,"tempId":"aco_1215","gt_translate_keys":["label"]},{"label":"Polish","value":"Polish","selected":false,"tempId":"aco_1212","gt_translate_keys":["label"]},{"label":"Italian","value":"Italian","selected":false,"tempId":"aco_611","gt_translate_keys":["label"]},{"label":"Spanish","value":"Spanish","selected":false,"tempId":"aco_1214","gt_translate_keys":["label"]}],"dropdown_type":"basic","error":false,"placeholder":"None","gt_translate_keys":["label","placeholder"],"price_dependency":false,"cl_dependency":["date_86619078bba66f","date_86619078bba66f","date_86619078bba66f","date-8573541398","date-8573541398","date-0948401647","date-1264231762"],"value":""}],[{"label":"\ud83d\udcc5 Date","active":true,"required":true,"elementId":"date_86619078bba66f","picker_type":"custom","picker_mode":"single","placeholder":"","description":"","tooltip":"","name":"date_86619078bba66f","label_position":"default","desc_position":"default","enablePrice":false,"className":"","enableCl":true,"relations":[{"operator":"and","rules":[{"operator":"or","rules":{"cl_field":"select_06619078bba6b6","cl_relation":"is","cl_val":"Dutch"}},{"operator":"or","rules":{"cl_field":"select_06619078bba6b6","cl_relation":"is","cl_val":"German"}},{"operator":"AND","rules":{"cl_field":"select_06619078bba6b6","cl_relation":"is","cl_val":"French"}}]}],"date_pic_inline":true,"date_pic_inline_hide":true,"min_date":{"type":"days","val":"3"},"max_date":{"type":"days","val":"365"},"date_pic_conf":{"disabledWeeks":[0,6]},"price":"","cl_rule":"show","col":6,"type":"date","error":false,"enableDesign":false,"LabelColor":"","isWeightTemplate":false,"isTemplate":false,"min_quantity":"1","quantity_decimal":false,"quantity_step":"1","quantity_label":"Quantity","repeater_field_label":"{field_label}","repeater_bind":"","gt_translate_keys":["label","placeholder","description","tooltip","repeater_field_label","quantity_label"],"price_dependency":false,"cl_dependency":false,"value":""}],[{"label":"\ud83d\udcc5 Date","active":true,"required":true,"elementId":"date-8573541398","picker_type":"custom","picker_mode":"single","placeholder":"","description":"","tooltip":"","name":"date-8573541398","label_position":"default","desc_position":"default","enablePrice":false,"className":"","enableCl":true,"relations":[{"operator":"and","rules":[{"operator":"or","rules":{"cl_field":"select_06619078bba6b6","cl_relation":"is","cl_val":"English"}},{"operator":false,"rules":{"cl_field":"select_06619078bba6b6","cl_relation":"is","cl_val":"Spanish"}}]}],"enableDesign":false,"LabelColor":"","date_pic_inline":true,"date_pic_inline_hide":true,"min_date":{"type":"days","val":"3"},"max_date":{"type":"days","val":"365"},"date_pic_conf":{"disabledWeeks":[0,2,3,6,4]},"price":"","cl_rule":"show","col":6,"type":"date","error":false,"isWeightTemplate":false,"isTemplate":false,"min_quantity":"1","quantity_decimal":false,"quantity_step":"1","quantity_label":"Quantity","repeater_field_label":"{field_label}","repeater_bind":"","gt_translate_keys":["label","placeholder","description","tooltip","repeater_field_label","quantity_label"],"price_dependency":false,"cl_dependency":false,"value":""}],[{"label":"\ud83d\udcc5 Date","active":true,"required":true,"elementId":"date-0948401647","picker_type":"custom","picker_mode":"single","placeholder":"","description":"","tooltip":"","name":"date-0948401647","label_position":"default","desc_position":"default","enablePrice":false,"className":"","enableCl":true,"relations":[{"operator":"and","rules":[{"operator":false,"rules":{"cl_field":"select_06619078bba6b6","cl_relation":"is","cl_val":"Polish"}}]}],"enableDesign":false,"LabelColor":"","date_pic_inline":true,"date_pic_inline_hide":true,"min_date":{"type":"days","val":"3"},"max_date":{"type":"days","val":"365"},"date_pic_conf":{"disabledWeeks":[0,2,4,5]},"price":"","cl_rule":"show","col":6,"type":"date","error":false,"isWeightTemplate":false,"isTemplate":false,"min_quantity":"1","quantity_decimal":false,"quantity_step":"1","quantity_label":"Quantity","repeater_field_label":"{field_label}","repeater_bind":"","gt_translate_keys":["label","placeholder","description","tooltip","repeater_field_label","quantity_label"],"price_dependency":false,"cl_dependency":false,"value":""}],[{"label":"\ud83d\udcc5 Date","active":true,"required":true,"elementId":"date-1264231762","picker_type":"custom","picker_mode":"single","placeholder":"","description":"","tooltip":"","name":"date-1264231762","label_position":"default","desc_position":"default","enablePrice":false,"className":"","enableCl":true,"relations":[{"operator":"and","rules":[{"operator":false,"rules":{"cl_field":"select_06619078bba6b6","cl_relation":"is","cl_val":"Italian"}}]}],"enableDesign":false,"LabelColor":"","date_pic_inline":true,"date_pic_inline_hide":true,"min_date":{"type":"days","val":"3"},"max_date":{"type":"days","val":"365"},"date_pic_conf":{"disabledWeeks":[0,1,2,3,5,6]},"price":"","cl_rule":"show","col":6,"type":"date","error":false,"isWeightTemplate":false,"isTemplate":false,"min_quantity":"1","quantity_decimal":false,"quantity_step":"1","quantity_label":"Quantity","repeater_field_label":"{field_label}","repeater_bind":"","gt_translate_keys":["label","placeholder","description","tooltip","repeater_field_label","quantity_label"],"price_dependency":false,"cl_dependency":false,"value":""}],[{"elementId":"separator_76619078bba67e","separatorType":"blank","className":"","height":"10","enableCl":false,"relations":false,"cl_rule":"show","col":6,"type":"separator","gt_translate_keys":[],"price_dependency":false,"cl_dependency":false,"value":""}],[{"active":true,"col":6,"relations":false,"cl_rule":"show","enableCl":false,"price":"","enablePrice":false,"className":"","label_position":"default","desc_position":"default","type":"content","required":false,"elementId":"content_106619078bba68a","label":"People","name":"content_106619078bba68a","contentType":"plain","value":"","error":false,"show_in_checkout":true,"inline":false,"gt_translate_keys":["label","value"],"price_dependency":false,"cl_dependency":false}],[{"active":true,"col":6,"relations":[{"operator":false,"rules":[{"operator":"AND","rules":{"cl_field":"","cl_relation":"","cl_val":""}}]}],"cl_rule":"show","enableCl":true,"price":"145","enablePrice":true,"className":"","label_position":"default","desc_position":"default","type":"radio-group","required":false,"elementId":"radio-group_96619078bba696","label":"","name":"radio-group_96619078bba696","values":[{"label":"\ud83d\udc64 Adult (145\u20ac)","value":"Adult","selected":true,"tempId":"aco_32","tooltip":"+12 Years","description":"","gt_translate_keys":["label","tooltip","description"]}],"layOut":"","error":false,"checkUi":"button","priceOptions":"fixed_for_all","pricingType":"fixed","enable_quantity":true,"quantity_label":"","min_quantity":"0","options_tooltip":true,"options_description":true,"gt_translate_keys":["label","quantity_label"],"price_dependency":false,"cl_dependency":false,"value":""}],[{"label":"","active":true,"required":false,"elementId":"radio-group_56619078bba6a2","name":"radio-group_56619078bba6a2","label_position":"default","desc_position":"default","enablePrice":true,"className":"","enableCl":false,"relations":false,"enable_quantity":true,"quantity_label":"","min_quantity":"0","checkUi":"button","layOut":"","values":[{"label":"\ud83d\udc66 Child (118\u20ac)","value":"Child","selected":true,"tempId":"aco_32","tooltip":"3-11 Years","description":"","gt_translate_keys":["label","tooltip","description"]}],"priceOptions":"fixed_for_all","pricingType":"fixed","price":"118","cl_rule":"show","col":6,"type":"radio-group","error":false,"options_tooltip":true,"options_description":true,"gt_translate_keys":["label","quantity_label"],"price_dependency":false,"cl_dependency":false,"value":""}],[{"label":"","active":true,"required":false,"elementId":"radio-group_96619078bba6ad","name":"radio-group_96619078bba6ad","label_position":"default","desc_position":"default","enablePrice":true,"className":"","enableCl":false,"relations":false,"enable_quantity":true,"quantity_label":"","min_quantity":"0","checkUi":"button","layOut":"","options_tooltip":true,"options_description":true,"values":[{"label":"\ud83d\udc76 Toddler (6,25\u20ac)","value":"Toddler","selected":true,"tempId":"aco_32","tooltip":"0-2 Years","description":"","gt_translate_keys":["label","tooltip","description"]}],"priceOptions":"fixed_for_all","pricingType":"fixed","price":"6,25","cl_rule":"show","col":6,"type":"radio-group","error":false,"gt_translate_keys":["label","quantity_label"],"price_dependency":false,"cl_dependency":false,"value":""}],[{"active":true,"col":6,"relations":false,"cl_rule":"show","enableCl":false,"price":"","enablePrice":false,"className":"","label_position":"default","desc_position":"default","type":"separator","required":false,"elementId":"separator_86619078bba6c1","label":"Separator Field","height":"7","separatorType":"blank","error":false,"gt_translate_keys":["label"],"price_dependency":false,"cl_dependency":false,"value":""}],[{"active":true,"col":6,"relations":false,"cl_rule":"show","enableCl":false,"price":"","enablePrice":false,"className":"","label_position":"default","desc_position":"default","type":"text","subtype":"text","required":true,"elementId":"text_76619078bba6ca","label":"\ud83d\ude8c Pickup Location","name":"text_76619078bba6ca","value":"","description":"Free pick-up service in Tenerife South. Simply provide your address or hotel name.","error":false,"isWeightTemplate":false,"isTemplate":false,"min_quantity":"1","quantity_decimal":false,"quantity_step":"1","quantity_label":"Quantity","repeater_field_label":"{field_label}","repeater_bind":"","gt_translate_keys":["label","description","value","repeater_field_label","quantity_label"],"price_dependency":false,"cl_dependency":false}]]}},"config":{"price_override":"always","enable_recaptcha":false,"bind_quantity":false,"quantity_bind_formula":false,"disp_summ_show_option_price":true,"disp_summ_show_product_price":false,"disp_summ_show_total_price":true,"disp_summ_show_fee":true,"disp_summ_show_discount":true,"summary_title":"","options_total_label":"Options Price","total_label":"Total Amount","options_product_label":"Product Price","fee_label":"Fee","discount_label":"Discount","has_price":true,"has_quantity_formula":false},"mc_unit":1,"tax_rate":1,"tax_rate_real":1,"discount":{"percentage":0,"fixed":0},"design":{"conf":{"LabelPosition":"above","DescPosition":"above","UploadField":"custom_1","QuantityFieldStyle":"custom_1"},"css":{"LeftLabelWidth":"120px"}},"formulas":[],"lookuptables":[],"clones":false,"cartKey":false}},"_links":{"self":[{"href":"https:\/\/canaryvip.com\/da\/wp-json\/wp\/v2\/product\/11181","targetHints":{"allow":["GET"]}}],"collection":[{"href":"https:\/\/canaryvip.com\/da\/wp-json\/wp\/v2\/product"}],"about":[{"href":"https:\/\/canaryvip.com\/da\/wp-json\/wp\/v2\/types\/product"}],"replies":[{"embeddable":true,"href":"https:\/\/canaryvip.com\/da\/wp-json\/wp\/v2\/comments?post=11181"}],"wp:featuredmedia":[{"embeddable":true,"href":"https:\/\/canaryvip.com\/da\/wp-json\/wp\/v2\/media\/11183"}],"wp:attachment":[{"href":"https:\/\/canaryvip.com\/da\/wp-json\/wp\/v2\/media?parent=11181"}],"wp:term":[{"taxonomy":"product_brand","embeddable":true,"href":"https:\/\/canaryvip.com\/da\/wp-json\/wp\/v2\/product_brand?post=11181"},{"taxonomy":"product_cat","embeddable":true,"href":"https:\/\/canaryvip.com\/da\/wp-json\/wp\/v2\/product_cat?post=11181"},{"taxonomy":"product_tag","embeddable":true,"href":"https:\/\/canaryvip.com\/da\/wp-json\/wp\/v2\/product_tag?post=11181"}],"curies":[{"name":"wp","href":"https:\/\/api.w.org\/{rel}","templated":true}]}}