{"id":11043,"date":"2024-04-11T00:15:30","date_gmt":"2024-04-10T23:15:30","guid":{"rendered":"https:\/\/canaryvip.com\/?post_type=product&#038;p=11043"},"modified":"2025-08-09T12:45:04","modified_gmt":"2025-08-09T11:45:04","slug":"jeep-teide-masca-guided-tour","status":"publish","type":"product","link":"https:\/\/canaryvip.com\/da\/shop\/jeep-teide-masca-guided-tour\/","title":{"rendered":"Teide &amp; Masca Jeep Safari Tenerife"},"content":{"rendered":"<h2>\ud83c\udf1f Opdag <strong>Teide og Masca med vores guidede jeeptur<\/strong> \ud83d\ude99<\/h2>\n<p>Tag p\u00e5 en f\u00e6ngslende rejse med CanaryVIP, n\u00e5r vi tager dig med p\u00e5 en eksklusiv udforskning af Tenerifes mest storsl\u00e5ede landskaber og maleriske landsbyer p\u00e5 vores guidede Teide &amp; Masca Jeep Tour. Dette eventyr er perfekt til familier, enkeltpersoner eller sm\u00e5 grupper og sikrer en intim og uforglemmelig oplevelse for op til 8 personer pr. jeep.<\/p>\n<p>Dyk dybere ned i hjertet af Tenerife, og oplev den fantastiske natursk\u00f8nhed og rige kulturarv fra vores robuste, terr\u00e6ng\u00e5ende 4\u00d74-jeeps, guidet af vores erfarne og flersprogede chauff\u00f8rer.<\/p>\n<h3><strong>H\u00f8jdepunkter fra det udvidede eventyr: Teide og Masca<\/strong><\/h3>\n<ul>\n<li>\ud83c\udf0b <strong>Pico Viejo<\/strong>: Oplev den \u00e6refrygtindgydende sk\u00f8nhed ved Pico Viejo. Denne ikoniske vulkan er kendt for sit sl\u00e5ende flerfarvede krater, der str\u00e6kker sig 800 meter i diameter, og er et syn for guder med en enest\u00e5ende udsigt og en levende fremvisning af naturens kunstf\u00e6rdighed.<\/li>\n<li>\ud83c\udfdc\ufe0f <strong>Roques de Garc\u00eda<\/strong>: Beundr Roques de Garc\u00eda, t\u00e5rnh\u00f8je klippeformationer, der punkterer himlen over Teide Nationalpark. Disse s\u00e6regne strukturer, der er dannet af lag af forskellige materialer, er blandt turens mest unikke attraktioner.<\/li>\n<li>\ud83c\udf04 <strong>Aripe og Chirche<\/strong>: G\u00e5 gennem de charmerende gader i Aripe og Chirche, maleriske landsbyer med original arkitektur, der g\u00e5r tilbage til det 18. og 19. \u00e5rhundrede. Oplev det autentiske liv p\u00e5 landet p\u00e5 Tenerife, omgivet af natur og ro.<\/li>\n<li>\ud83c\udfde\ufe0f <strong>Teide Nationalpark<\/strong>: Udforsk Teide Nationalpark, som er p\u00e5 UNESCO's verdensarvsliste, et naturligt vidunderland domineret af det majest\u00e6tiske Teide-bjerg. Dens mangfoldige farver, dyreliv og surrealistiske landskaber g\u00f8r parken til centrum for vores udflugt.<\/li>\n<li>\ud83c\udf32 <strong>Vilaflor<\/strong>: Bes\u00f8g Vilaflor, der ligger mellem fyrretr\u00e6er n\u00e6r vulkanens top. Oplev, hvor fredfyldt det er at bo s\u00e5 h\u00f8jt oppe, og nyd den rene luft og den fantastiske udsigt over nationalparken.<\/li>\n<li>\ud83c\udfde\ufe0f <strong>Masca<\/strong>: Bliv fortryllet af Masca, en af Tenerifes mest maleriske landsbyer, der er indbegrebet af kanarisk naturarkitektur. Vores tur giver dig en f\u00f8rsteh\u00e5ndsoplevelse af dette charmerende sted.<\/li>\n<\/ul>\n<h3><strong>Forbedrede detaljer om turen:<\/strong><\/h3>\n<ul>\n<li>\ud83d\ude99 <strong>K\u00f8ret\u00f8jer og transport:<\/strong> K\u00f8r gennem uj\u00e6vnt terr\u00e6n i vores firehjulstrukne jeeps, der sikrer et behageligt og sp\u00e6ndende eventyr. For ture, der involverer rejser mellem \u00f8erne, er f\u00e6rgetransfer inkluderet, hvilket giver en problemfri oplevelse.<\/li>\n<li>\ud83d\udc65 <strong>Garanti for sm\u00e5 grupper:<\/strong> Nyd et mere personligt eventyr i sm\u00e5 grupper med h\u00f8jst 8 passagerer pr. jeep, inklusive chauff\u00f8ren, som en del af en konvoj.<\/li>\n<li>\ud83d\udd12 <strong>Privat mulighed tilg\u00e6ngelig:<\/strong> Hvis du vil have en eksklusiv oplevelse, kan du v\u00e6lge vores VIP- eller privattur, hvor du selv kan v\u00e6lge dine rejsekammerater.<\/li>\n<li>\ud83d\udd01 <strong>Inkluderende transport:<\/strong> Vi tilbyder bekvem afhentning og aflevering fra dit overnatningssted eller et sted i n\u00e6rheden, s\u00e5 din oplevelse bliver problemfri fra start til slut.<\/li>\n<\/ul>\n<h3><strong>Omfattende information om turen:<\/strong><\/h3>\n<ul>\n<li>\ud83d\udd58 <strong>Varighed og tidspunkter:<\/strong> Turen varer ca. 7 timer fra kl. 09.00 til kl. 16.00, s\u00e5 du kan fordybe dig helt i Tenerifes sk\u00f8nhed.<\/li>\n<li>\ud83d\uddd3\ufe0f <strong>Tilg\u00e6ngelige dage:<\/strong> Begiv dig ud p\u00e5 dette eventyr mandag til l\u00f8rdag med fleksible muligheder, der passer til din tidsplan.<\/li>\n<li>\ud83c\udf0d <strong>Sprog, der tilbydes:<\/strong> Vores ture foreg\u00e5r p\u00e5 flere sprog, herunder spansk, engelsk, tysk, fransk, italiensk, hollandsk og polsk, og henvender sig til et globalt publikum.<\/li>\n<\/ul>\n<h3><strong>Opdateret booking- og afbestillingspolitik:<\/strong><\/h3>\n<ul>\n<li>\ud83d\udd04 <strong>Fleksible aflysninger:<\/strong> Vi forst\u00e5r, at planer kan \u00e6ndre sig, og derfor tilbyder vi muligheden for at aflyse eller oml\u00e6gge din tur op til 24 timer i forvejen, s\u00e5 du f\u00e5r maksimal ro i sindet.<\/li>\n<li>\u26c5 <strong>Vejrgaranti:<\/strong> Hvis ugunstige vejrforhold n\u00f8dvendigg\u00f8r en aflysning af turen, har du mulighed for at ombooke eller modtage fuld refusion, hvilket sikrer en bekymringsfri bookingoplevelse.<\/li>\n<li>\ud83d\udce9 <strong>Nem kontakt:<\/strong> For eventuelle foresp\u00f8rgsler eller justeringer, skal du blot <a href=\"https:\/\/canaryvip.com\/da\/contact\/\">r\u00e6k ud til os<\/a>s\u00e5 s\u00f8rger vi for, at dine behov bliver opfyldt.<\/li>\n<\/ul>\n<h4><strong>Reserver dit jeep-eventyr p\u00e5 Tenerife nu!<\/strong><\/h4>\n<p>G\u00e5 ikke glip af denne enest\u00e5ende mulighed for at udforske Tenerifes pragt med CanaryVIP. Fra den vulkanske majest\u00e6t p\u00e5 <a href=\"https:\/\/canaryvip.com\/da\/discover-the-teide-the-ultimate-guide-iconic-volcano\/\">Teide Nationalpark<\/a> til Mascas historiske tiltr\u00e6kningskraft og videre, s\u00e5 tag p\u00e5 en rejse fyldt med sk\u00f8nhed, eventyr og historier, der venter p\u00e5 at blive opdaget.<\/p>","protected":false},"excerpt":{"rendered":"<p><strong>\ud83d\udd0d Turens h\u00f8jdepunkter:<\/strong><br \/>\n\u2705 Sikker betaling.<br \/>\n\ud83d\uddfb Bes\u00f8g nationalparken Teide.<br \/>\n\ud83d\udee4\ufe0f Bes\u00f8g landsbyen Masca.<br \/>\n\u23f0 Varighed Ca. 7 timer.<br \/>\n\ud83d\udcc5 Mandag til l\u00f8rdag.<br \/>\n\ud83d\ude8c Afhentning og aflevering p\u00e5 hotellet.<br \/>\n\ud83d\udd04 24 timers gratis afbestilling.<br \/>\n\ud83e\udd11 Garanteret bedste pris.<br \/>\n\ud83c\udf81 Grupperabatter er tilg\u00e6ngelige.<br \/>\n\ud83c\udf0d Underst\u00f8ttelse p\u00e5 flere sprog.<br \/>\n\ud83c\udf1f Book nu og spar!<\/p>","protected":false},"featured_media":11145,"comment_status":"open","ping_status":"closed","template":"","meta":{"_acf_changed":false},"product_brand":[],"product_cat":[67],"product_tag":[],"class_list":{"0":"post-11043","1":"product","2":"type-product","3":"status-publish","4":"has-post-thumbnail","6":"product_cat-jeep-tours","7":"wcpa_has_options","9":"first","10":"instock","11":"virtual","12":"purchasable","13":"product-type-simple"},"acf":[],"wcpa_form_fields":{"wcpaData":{"product":{"product_price":66,"price_html":"From&nbsp;<span class=\"woocommerce-Price-amount amount\"><bdi>66,00&nbsp;<span class=\"woocommerce-Price-currencySymbol\">&euro;<\/span><\/bdi><\/span>","original_product_price":66,"price_including_tax":66,"price_excluding_tax":66,"product_id":{"parent":11043,"variation":false},"is_variable":false,"stock_status":"instock","stock_quantity":null,"parent_sku":"CV11043","product_attributes":[],"custom_fields":[],"is_taxable":false,"product_name":"Teide & Masca Jeep Safari Tenerife","hasImage":false},"fields":{"sec_2661916538e0c2":{"extra":{"key":"sec_2661916538e0c2","section_id":"sec_2661916538e0c2","name":"Tickets","status":1,"cl_rule":"show","enableCl":false,"relations":[{"operator":false,"rules":[{"operator":"AND","rules":{"cl_field":"radio-group_665df45fcbc30b","cl_relation":"is","cl_val":"Siam Park Regular Tickets"}}]}],"toggle":true,"title_tag":"h4","show_title":false,"showPrice":"default","form_id":11191,"form_rules":{"exclude_from_discount":true,"fee_label":"Fee","disp_hide_options_price":true,"disp_show_section_price":false,"disp_show_field_price":true,"layout_option":"standard","pric_use_as_fee":false,"process_fee_as":"woo_fee"},"layout_option":"standard"},"fields":[[{"active":true,"col":6,"relations":false,"cl_rule":"show","enableCl":false,"price":"","enablePrice":false,"className":"","label_position":"default","desc_position":"default","type":"select","required":true,"elementId":"select_9661916538e0e4","label":"\ud83c\udf0e Language","name":"select_9661916538e0e4","values":[{"label":"English","value":"English","selected":false,"tempId":"aco_1213","gt_translate_keys":["label"]},{"label":"Dutch","value":"Dutch","selected":false,"tempId":"aco_693","gt_translate_keys":["label"]},{"label":"German","value":"German","selected":false,"tempId":"aco_1567","gt_translate_keys":["label"]},{"label":"French","value":"French","selected":false,"tempId":"aco_1215","gt_translate_keys":["label"]},{"label":"Polish","value":"Polish","selected":false,"tempId":"aco_1212","gt_translate_keys":["label"]},{"label":"Italian","value":"Italian","selected":false,"tempId":"aco_611","gt_translate_keys":["label"]},{"label":"Spanish","value":"Spanish","selected":false,"tempId":"aco_1214","gt_translate_keys":["label"]}],"dropdown_type":"basic","error":false,"placeholder":"Select Language","gt_translate_keys":["label","placeholder"],"price_dependency":false,"cl_dependency":["date_8661916538e0f2","date_8661916538e0f2","date_8661916538e0f2","date_8661916538e0f2","date_6661916538e0fc","date_1661916538e106","date_8661916538e10f","radio-group_10661916538e130","radio-group-3329476112","radio-group_2661916538e13c","radio-group-3332331927","radio-group_6661916538e147"],"value":""}],[{"label":"\ud83d\udcc5 Date","active":true,"required":true,"elementId":"date_8661916538e0f2","picker_type":"custom","picker_mode":"single","placeholder":"","description":"","tooltip":"","name":"date_8661916538e0f2","label_position":"default","desc_position":"default","enablePrice":false,"className":"","enableCl":true,"relations":[{"operator":"and","rules":[{"operator":"or","rules":{"cl_field":"select_9661916538e0e4","cl_relation":"is","cl_val":"Dutch"}},{"operator":"or","rules":{"cl_field":"select_9661916538e0e4","cl_relation":"is","cl_val":"German"}},{"operator":"or","rules":{"cl_field":"select_9661916538e0e4","cl_relation":"is","cl_val":"French"}},{"operator":"AND","rules":{"cl_field":"select_9661916538e0e4","cl_relation":"is","cl_val":"English"}}]}],"date_pic_inline":true,"date_pic_inline_hide":true,"min_date":{"type":"days","val":"4"},"max_date":{"type":"days","val":"80"},"date_pic_conf":{"disabledWeeks":[0],"disabledDates":["2025-04-11"]},"price":"","cl_rule":"show","col":6,"type":"date","error":false,"enableDesign":false,"LabelColor":"","isWeightTemplate":false,"isTemplate":false,"min_quantity":"1","quantity_decimal":false,"quantity_step":"1","quantity_label":"Quantity","repeater_field_label":"{field_label}","repeater_bind":"","gt_translate_keys":["label","placeholder","description","tooltip","repeater_field_label","quantity_label"],"price_dependency":false,"cl_dependency":false,"value":""}],[{"label":"\ud83d\udcc5 Date","active":true,"required":true,"elementId":"date_6661916538e0fc","picker_type":"custom","picker_mode":"single","placeholder":"","description":"","tooltip":"","name":"date_6661916538e0fc","label_position":"default","desc_position":"default","enablePrice":false,"className":"","enableCl":true,"relations":[{"operator":"and","rules":[{"operator":false,"rules":{"cl_field":"select_9661916538e0e4","cl_relation":"is","cl_val":"Spanish"}}]}],"enableDesign":false,"LabelColor":"","date_pic_inline":true,"date_pic_inline_hide":true,"min_date":{"type":"days","val":"4"},"max_date":{"type":"days","val":"365"},"date_pic_conf":{"disabledWeeks":[0,1,3,5,6]},"price":"","cl_rule":"show","col":6,"type":"date","error":false,"isWeightTemplate":false,"isTemplate":false,"min_quantity":"1","quantity_decimal":false,"quantity_step":"1","quantity_label":"Quantity","repeater_field_label":"{field_label}","repeater_bind":"","gt_translate_keys":["label","placeholder","description","tooltip","repeater_field_label","quantity_label"],"price_dependency":false,"cl_dependency":false,"value":""}],[{"label":"\ud83d\udcc5 Date","active":true,"required":true,"elementId":"date_1661916538e106","picker_type":"custom","picker_mode":"single","placeholder":"","description":"","tooltip":"","name":"date_1661916538e106","label_position":"default","desc_position":"default","enablePrice":false,"className":"","enableCl":true,"relations":[{"operator":"and","rules":[{"operator":false,"rules":{"cl_field":"select_9661916538e0e4","cl_relation":"is","cl_val":"Polish"}}]}],"enableDesign":false,"LabelColor":"","date_pic_inline":true,"date_pic_inline_hide":true,"min_date":{"type":"days","val":"4"},"max_date":{"type":"days","val":"365"},"date_pic_conf":{"disabledWeeks":[0,1,3,4,5,6]},"price":"","cl_rule":"show","col":6,"type":"date","error":false,"isWeightTemplate":false,"isTemplate":false,"min_quantity":"1","quantity_decimal":false,"quantity_step":"1","quantity_label":"Quantity","repeater_field_label":"{field_label}","repeater_bind":"","gt_translate_keys":["label","placeholder","description","tooltip","repeater_field_label","quantity_label"],"price_dependency":false,"cl_dependency":false,"value":""}],[{"label":"\ud83d\udcc5 Date","active":true,"required":true,"elementId":"date_8661916538e10f","picker_type":"custom","picker_mode":"single","placeholder":"","description":"","tooltip":"","name":"date_8661916538e10f","label_position":"default","desc_position":"default","enablePrice":false,"className":"","enableCl":true,"relations":[{"operator":"and","rules":[{"operator":false,"rules":{"cl_field":"select_9661916538e0e4","cl_relation":"is","cl_val":"Italian"}}]}],"enableDesign":false,"LabelColor":"","date_pic_inline":true,"date_pic_inline_hide":true,"min_date":{"type":"days","val":"4"},"max_date":{"type":"days","val":"365"},"date_pic_conf":{"disabledWeeks":[0,1,2,5,4]},"price":"","cl_rule":"show","col":6,"type":"date","error":false,"isWeightTemplate":false,"isTemplate":false,"min_quantity":"1","quantity_decimal":false,"quantity_step":"1","quantity_label":"Quantity","repeater_field_label":"{field_label}","repeater_bind":"","gt_translate_keys":["label","placeholder","description","tooltip","repeater_field_label","quantity_label"],"price_dependency":false,"cl_dependency":false,"value":""}],[{"elementId":"separator_7661916538e11a","separatorType":"blank","className":"","height":"10","enableCl":false,"relations":false,"cl_rule":"show","col":6,"type":"separator","gt_translate_keys":[],"price_dependency":false,"cl_dependency":false,"value":""}],[{"active":true,"col":6,"relations":[{"operator":false,"rules":[{"operator":"AND","rules":{"cl_field":"select_9661916538e0e4","cl_relation":"is_not","cl_val":"Polish"}}]}],"cl_rule":"show","enableCl":true,"price":"66","enablePrice":true,"className":"","label_position":"default","desc_position":"default","type":"radio-group","required":false,"elementId":"radio-group_10661916538e130","label":"","name":"radio-group_10661916538e130","values":[{"label":"\ud83d\udc64 Adult (66\u20ac)","value":"Adult","selected":true,"tempId":"aco_32","tooltip":"+12 Years","description":"","gt_translate_keys":["label","tooltip","description"]}],"layOut":"","error":false,"checkUi":"button","priceOptions":"fixed_for_all","pricingType":"fixed","enable_quantity":true,"quantity_label":"","min_quantity":"0","options_tooltip":true,"options_description":true,"gt_translate_keys":["label","quantity_label"],"price_dependency":false,"cl_dependency":false,"value":""}],[{"label":"","active":true,"required":false,"elementId":"radio-group-3329476112","name":"radio-group-3329476112","label_position":"default","desc_position":"default","enablePrice":true,"className":"","enableCl":true,"relations":[{"operator":false,"rules":[{"operator":"AND","rules":{"cl_field":"select_9661916538e0e4","cl_relation":"is","cl_val":"Polish"}}]}],"enable_quantity":true,"quantity_label":"","min_quantity":"0","checkUi":"button","layOut":"","options_tooltip":true,"options_description":true,"values":[{"label":"\ud83d\udc64 Adult (70\u20ac)","value":"Adult","selected":true,"tempId":"aco_32","tooltip":"+12 Years","description":"","gt_translate_keys":["label","tooltip","description"]}],"priceOptions":"fixed_for_all","pricingType":"fixed","price":"70","cl_rule":"show","col":6,"type":"radio-group","error":false,"gt_translate_keys":["label","quantity_label"],"price_dependency":false,"cl_dependency":false,"value":""}],[{"label":"","active":true,"required":false,"elementId":"radio-group_2661916538e13c","name":"radio-group_2661916538e13c","label_position":"default","desc_position":"default","enablePrice":true,"className":"","enableCl":true,"relations":[{"operator":false,"rules":[{"operator":"AND","rules":{"cl_field":"select_9661916538e0e4","cl_relation":"is_not","cl_val":"Polish"}}]}],"enable_quantity":true,"quantity_label":"","min_quantity":"0","checkUi":"button","layOut":"","values":[{"label":"\ud83d\udc66 Child (52\u20ac)","value":"Child","selected":true,"tempId":"aco_32","tooltip":"3-11 Years","description":"","gt_translate_keys":["label","tooltip","description"]}],"priceOptions":"fixed_for_all","pricingType":"fixed","price":"52","cl_rule":"show","col":6,"type":"radio-group","error":false,"options_tooltip":true,"options_description":true,"gt_translate_keys":["label","quantity_label"],"price_dependency":false,"cl_dependency":false,"value":""}],[{"label":"","active":true,"required":false,"elementId":"radio-group-3332331927","name":"radio-group-3332331927","label_position":"default","desc_position":"default","enablePrice":true,"className":"","enableCl":true,"relations":[{"operator":false,"rules":[{"operator":"AND","rules":{"cl_field":"select_9661916538e0e4","cl_relation":"is","cl_val":"Polish"}}]}],"enable_quantity":true,"quantity_label":"","min_quantity":"0","checkUi":"button","layOut":"","options_tooltip":true,"options_description":true,"values":[{"label":"\ud83d\udc66 Child (55\u20ac)","value":"Child","selected":true,"tempId":"aco_32","tooltip":"3-11 Years","description":"","gt_translate_keys":["label","tooltip","description"]}],"priceOptions":"fixed_for_all","pricingType":"fixed","price":"55","cl_rule":"show","col":6,"type":"radio-group","error":false,"gt_translate_keys":["label","quantity_label"],"price_dependency":false,"cl_dependency":false,"value":""}],[{"label":"","active":true,"required":false,"elementId":"radio-group_6661916538e147","name":"radio-group_6661916538e147","label_position":"default","desc_position":"default","enablePrice":true,"className":"","enableCl":true,"relations":[{"operator":false,"rules":[{"operator":"AND","rules":{"cl_field":"select_9661916538e0e4","cl_relation":"is_not_empty","cl_val":""}}]}],"enable_quantity":true,"quantity_label":"","min_quantity":"0","checkUi":"button","layOut":"","options_tooltip":true,"options_description":true,"values":[{"label":"\ud83d\udc76 Toddler (Free)","value":"Toddler","selected":true,"tempId":"aco_32","tooltip":"0-2 Years","description":"","gt_translate_keys":["label","tooltip","description"]}],"priceOptions":"fixed_for_all","pricingType":"fixed","price":"0","cl_rule":"show","col":6,"type":"radio-group","error":false,"gt_translate_keys":["label","quantity_label"],"price_dependency":false,"cl_dependency":false,"value":""}],[{"active":true,"col":6,"relations":false,"cl_rule":"show","enableCl":false,"price":"","enablePrice":false,"className":"","label_position":"default","desc_position":"default","type":"separator","required":false,"elementId":"separator_6661916538e151","label":"Separator Field","height":"7","separatorType":"blank","error":false,"gt_translate_keys":["label"],"price_dependency":false,"cl_dependency":false,"value":""}],[{"active":true,"col":6,"relations":false,"cl_rule":"show","enableCl":false,"price":"","enablePrice":false,"className":"","label_position":"default","desc_position":"default","type":"text","subtype":"text","required":false,"elementId":"text_4661916538e15b","label":"\ud83d\ude8c Pickup Location","name":"text_4661916538e15b","value":"","description":"Free pick-up service in Tenerife South. Simply provide your address or hotel name.","error":false,"gt_translate_keys":["label","description","value"],"price_dependency":false,"cl_dependency":false}]]}},"config":{"price_override":"always","enable_recaptcha":false,"bind_quantity":false,"quantity_bind_formula":false,"disp_summ_show_option_price":true,"disp_summ_show_product_price":false,"disp_summ_show_total_price":true,"disp_summ_show_fee":true,"disp_summ_show_discount":true,"summary_title":"","options_total_label":"Options Price","total_label":"Total Amount","options_product_label":"Product Price","fee_label":"Fee","discount_label":"Discount","has_price":true,"has_quantity_formula":false},"mc_unit":1,"tax_rate":1,"tax_rate_real":1,"discount":{"percentage":0,"fixed":0},"design":{"conf":{"LabelPosition":"above","DescPosition":"above","UploadField":"custom_1","QuantityFieldStyle":"custom_1"},"css":{"LeftLabelWidth":"120px"}},"formulas":[],"lookuptables":[],"clones":false,"cartKey":false}},"_links":{"self":[{"href":"https:\/\/canaryvip.com\/da\/wp-json\/wp\/v2\/product\/11043","targetHints":{"allow":["GET"]}}],"collection":[{"href":"https:\/\/canaryvip.com\/da\/wp-json\/wp\/v2\/product"}],"about":[{"href":"https:\/\/canaryvip.com\/da\/wp-json\/wp\/v2\/types\/product"}],"replies":[{"embeddable":true,"href":"https:\/\/canaryvip.com\/da\/wp-json\/wp\/v2\/comments?post=11043"}],"wp:featuredmedia":[{"embeddable":true,"href":"https:\/\/canaryvip.com\/da\/wp-json\/wp\/v2\/media\/11145"}],"wp:attachment":[{"href":"https:\/\/canaryvip.com\/da\/wp-json\/wp\/v2\/media?parent=11043"}],"wp:term":[{"taxonomy":"product_brand","embeddable":true,"href":"https:\/\/canaryvip.com\/da\/wp-json\/wp\/v2\/product_brand?post=11043"},{"taxonomy":"product_cat","embeddable":true,"href":"https:\/\/canaryvip.com\/da\/wp-json\/wp\/v2\/product_cat?post=11043"},{"taxonomy":"product_tag","embeddable":true,"href":"https:\/\/canaryvip.com\/da\/wp-json\/wp\/v2\/product_tag?post=11043"}],"curies":[{"name":"wp","href":"https:\/\/api.w.org\/{rel}","templated":true}]}}