{"id":10465,"date":"2024-03-22T00:31:19","date_gmt":"2024-03-22T00:31:19","guid":{"rendered":"https:\/\/canaryvip.com\/?post_type=product&#038;p=10465"},"modified":"2025-08-09T12:48:53","modified_gmt":"2025-08-09T11:48:53","slug":"kayaking-tenerife","status":"publish","type":"product","link":"https:\/\/canaryvip.com\/da\/shop\/kayaking-tenerife\/","title":{"rendered":"Kajak med skildpadder p\u00e5 Tenerife"},"content":{"rendered":"<h2><strong>\ud83d\udea3 Kajaksejlads p\u00e5 Tenerife - padl gennem paradiset<\/strong><\/h2>\n<p>Oplev sk\u00f8nheden i Tenerifes rolige vand med vores uovertrufne <strong>Eventyr i kajak.<\/strong>\u00a0. M\u00e6rk gl\u00e6den ved at sk\u00e6re gennem havet, hvor sp\u00e6ndingen ved aktiv sport blander sig med naturens beroligende omfavnelse. Med vores <strong>kajak p\u00e5 Tenerife<\/strong> ture, vidne <a href=\"https:\/\/canaryvip.com\/da\/tenerife\/boat-excursions\/\"><strong>Delfinobservationer<\/strong><\/a> og <strong>Snorkel med skildpadder<\/strong> p\u00e5 en respektfuld, ikke-p\u00e5tr\u00e6ngende m\u00e5de og tilbyder et ideelt tilflugtssted for naturelskere.<\/p>\n<h3><strong>\u23f1\ufe0f Udforskning af havet med kajaksejlads p\u00e5 Tenerife<\/strong><\/h3>\n<ul>\n<li><strong>Eventyr:<\/strong> Start din <strong>kajak p\u00e5 Tenerife<\/strong> fra Los Cristianos' kyster p\u00e5 en blanding af vandmotion og det \u00e5bne havs tiltr\u00e6kningskraft. Vores ture lover energisk padling og personlige m\u00f8der med Tenerifes livlige marineliv.<\/li>\n<li><strong>Funktioner:<\/strong> Selvom observationer af vilde dyr kan variere, er vores dedikation til at levere en ekstraordin\u00e6r <strong>kajak p\u00e5 Tenerife<\/strong> oplevelsen forbliver konstant.<\/li>\n<li><strong>Tilf\u00f8jede frynsegoder:<\/strong> Ud over sp\u00e6ndingen ved at sejle i kajak kan du ogs\u00e5 snorkle i Palm Mars krystalklare vand, som er et fristed for havskildpadder og et v\u00e6ld af marine arter. Det beriger dit eventyr og giver dig mulighed for at komme helt t\u00e6t p\u00e5 havets vidundere.<\/li>\n<\/ul>\n<h3><strong>\ud83c\udf0a M\u00f8det med livet i havet under kajaksejlads p\u00e5 Tenerife<\/strong><\/h3>\n<ul>\n<li><strong>Erfaring:<\/strong> Padl gennem Tenerifes rolige vand p\u00e5 vores <strong>kajakture<\/strong> for at f\u00e5 chancen for at observere delfiner i deres naturlige milj\u00f8. Selvom vi ikke tillader sv\u00f8mning med delfiner, skaber vores ture en f\u00f8lelse af respekt og \u00e6refrygt for disse storsl\u00e5ede skabninger.<\/li>\n<li><strong>H\u00f8jdepunkter:<\/strong> Snorkelsegmentet giver dig et dyk ned i undervandsverdenen, med stor sandsynlighed for at sv\u00f8mme ved siden af skildpadder og rokker, der viser pragt og mangfoldighed i Tenerifes marine liv.<\/li>\n<li><strong>Bekvemmelighed:<\/strong> V\u00e6lg vores stressfri afhentningsservice mod et mindre till\u00e6g, s\u00e5 du er garanteret en problemfri start p\u00e5 din <strong>kajak p\u00e5 Tenerife<\/strong> eventyr. Vi prioriterer din komfort og sikrer, at alle dele af din rejse er problemfri.<\/li>\n<\/ul>\n<h3>\ud83c\udf1f Vigtig information til din kajakoplevelse p\u00e5 Tenerife<\/h3>\n<ul>\n<li><strong>Sikkerhed<\/strong>: Hver <strong>kajak p\u00e5 Tenerife<\/strong> tur er bakket op af vores forpligtelse til sikkerhed. Vi gennemf\u00f8rer detaljerede sikkerhedsbriefinger f\u00f8r hver tur og udstyrer alle deltagere med vigtigt udstyr, herunder redningsveste og snorkels\u00e6t, for et sikkert og forn\u00f8jeligt eventyr.<\/li>\n<li><strong>Flersprogede guider<\/strong>: Vores dygtige guider taler engelsk og spansk og leverer personlige og informative kommentarer under hele turen. <strong>kajak p\u00e5 Tenerife<\/strong> udflugt. Det sikrer en indbydende atmosf\u00e6re for internationale eventyrere og g\u00f8r hvert \u00f8jeblik p\u00e5 din tur b\u00e5de sp\u00e6ndende og l\u00e6rerigt.<\/li>\n<li><strong>Ekspertinstruktion<\/strong>: Forud for din <strong>kajak p\u00e5 Tenerife<\/strong> erfaring, giver vores team eksperttips om kajakteknikker og sikkerhedspraksis. Uanset om du er nybegynder eller har tidligere erfaring, har vores vejledning til form\u00e5l at \u00f8ge din selvtillid og nydelse p\u00e5 vandet.<\/li>\n<\/ul>\n<h3>\ud83d\udcc5 <strong>Sikre dit kajakeventyr p\u00e5 Tenerife og book nu<\/strong><\/h3>\n<p>Vores <strong>Kajakture p\u00e5 Tenerife<\/strong> er omhyggeligt kurateret til at dykke dig ned i \u00f8ens naturlige vidundere og levere en unik oplevelse, der forbinder dig intimt med havet.<br \/>\nPladserne fyldes hurtigt, s\u00e5 vi anbefaler, at du booker i god tid. V\u00e6lg <strong>CanaryVIP<\/strong> for en smidig reservationsproces, der sikrer dig en plads i dette vandparadis.<\/p>\n<h3>\u2705 <strong>Hvad er inkluderet i din kajaktur p\u00e5 Tenerife?<\/strong><\/h3>\n<ul>\n<li>Mulighed for afhentning og aflevering mod et mindre gebyr, hvilket g\u00f8r dit eventyr endnu mere bekvemt.<\/li>\n<li>En guidet tur ledet af erfarne instrukt\u00f8rer, der kombinerer kajak- og snorkeludflugter.<\/li>\n<li>Ca. 1,5 times kajaksejlads suppleret med en 30 minutters snorkeltur for at udforske undervandsverdenen.<\/li>\n<li>Skabe til sikker opbevaring af dine ejendele, mens du nyder vandoplevelserne.<\/li>\n<li>En flersproget guide sikrer klar kommunikation og en rig oplevelse.<\/li>\n<\/ul>\n<h3><strong>\u2696\ufe0f Booking- og afbestillingsregler for kajaksejlads p\u00e5 Tenerife:<\/strong><\/h3>\n<ul>\n<li><strong>Planl\u00e6g i forvejen:<\/strong> Book tidligt for at sikre dig en plads, og f\u00e5 en s\u00e6rlig rabat gennem CanaryVIP. Husk, at der er stor eftersp\u00f8rgsel p\u00e5 kajakture, is\u00e6r dem, der byder p\u00e5 m\u00f8der med dyrelivet.<\/li>\n<li><strong>Fleksible aflysninger:<\/strong> Livet kan v\u00e6re uforudsigeligt. Afbestil op til 24 timer f\u00f8r din tur og f\u00e5 alle pengene tilbage. For at f\u00e5 en stressfri oplevelse forst\u00e5r vi behovet for fleksibilitet.<\/li>\n<li><strong>Krav til deltagerne:<\/strong> Velegnet til personer, der er i rimelig god form og trygge ved vand. Det er ikke n\u00f8dvendigt med tidligere kajakerfaring, men deltagerne skal kunne sv\u00f8mme til snorkelsessionen.<\/li>\n<\/ul>\n<h3><strong>\ud83c\udf92 Forberedelse til dit kajakeventyr:<\/strong><\/h3>\n<ul>\n<li><strong>Hvad du skal medbringe:<\/strong> Komfort er afg\u00f8rende for dit eventyr. Tag din badedragt p\u00e5 under en v\u00e5ddragt p\u00e5 k\u00f8ligere dage. Flip-flops anbefales ikke, men solide sko er vigtige p\u00e5 rejsen. Husk at pakke solcreme, en hat til ture i dagtimerne og et h\u00e5ndkl\u00e6de til efter snorkling.<\/li>\n<li><strong>Foto-minder:<\/strong> Selvom vi ikke tilbyder en fotoservice, er du velkommen til at medbringe dit kamera eller din telefon for at forevige den betagende udsigt. V\u00e6r opm\u00e6rksom p\u00e5, at det er p\u00e5 eget ansvar at medbringe disse ting.<\/li>\n<li><strong>Sundhed og sikkerhed:<\/strong> For at garantere alle deltageres sikkerhed og tilfredshed frar\u00e5des aktiviteten for personer, der er gravide i mere end 5 m\u00e5neder. Det er afg\u00f8rende, at alle kajakroere har en grundl\u00e6ggende sv\u00f8mmef\u00e6rdighed, is\u00e6r til snorkeldelen af turen.<\/li>\n<\/ul>\n<h3>\u2753 <strong>Ofte stillede sp\u00f8rgsm\u00e5l: Svar p\u00e5 dine sp\u00f8rgsm\u00e5l om kajaksejlads<\/strong><\/h3>\n<ul>\n<li><strong>Skal jeg have erfaring med kajakroning?<\/strong> Slet ikke, vores guider vil udstyre dig med de grundl\u00e6ggende padleteknikker, der er n\u00f8dvendige. Du skal bare f\u00f8le dig godt tilpas i vandet og v\u00e6re klar til en sp\u00e6ndende dag.<\/li>\n<li><strong>Hvad skal jeg tage p\u00e5?<\/strong> Ud over badet\u00f8j og solcreme er det tilr\u00e5deligt at have en v\u00e5ddragt p\u00e5 p\u00e5 k\u00f8ligere dage. Vi s\u00f8rger for alt det n\u00f8dvendige sikkerheds- og snorkeludstyr.<\/li>\n<li><strong>Er der aldersbegr\u00e6nsninger?<\/strong> Kajakroere skal v\u00e6re 6 \u00e5r eller \u00e6ldre. B\u00f8rn mellem 6 og 11 \u00e5r skal v\u00e6re ledsaget af en voksen.<\/li>\n<li><strong>Kan jeg skifte kajak?<\/strong> Du kan helt sikkert v\u00e6lge at ro alene, med en partner eller i en gruppe p\u00e5 tre, uden at det p\u00e5virker prisen.<\/li>\n<\/ul>\n<h4><strong>\ud83c\udf1e Klar til at omfavne havet?<\/strong><\/h4>\n<p>Dyk ned i en uforglemmelig kajakoplevelse ud for Tenerifes kyst. Uanset om du navigerer p\u00e5 vandet i Los Cristianos, beundrer <strong>delfiner,<\/strong>\u00a0eller <strong>Snorkling med skildpadder,<\/strong>\u00a0dit eventyr med <strong>CanaryVIP<\/strong> lover at v\u00e6re en blanding af sk\u00f8nhed, begejstring og varige minder.<br \/>\nBook din plads i dag, og g\u00f8r dig klar til at blive forbl\u00f8ffet over havets vidundere! \ud83d\udea3\u200d\u2640\ufe0f\ud83d\udc2c\ud83d\udc22<\/p>\n<p>For et eventyr uden sidestykke p\u00e5 Tenerifes uber\u00f8rte vand, skal du booke din kajaktur hos os i dag!<\/p>","protected":false},"excerpt":{"rendered":"<p><strong>\ud83d\udd0d Kajaksejlads p\u00e5 Tenerife:<\/strong><br \/>\n\u2705 Sikker betaling.<br \/>\n\ud83d\udc0b Delfin- og skildpaddeobservationer.<br \/>\n\ud83d\ude80 2 timers eventyr.<br \/>\n\ud83e\udd3f Snorkeludstyr stilles til r\u00e5dighed.<br \/>\n\ud83d\udd59 Flere afgangstider.<br \/>\n\ud83d\udcc5 Tilg\u00e6ngelig hver dag.<br \/>\n\ud83e\udd11 Garanteret bedste pris.<br \/>\n\ud83d\ude8d Valgfri shuttleservice.<br \/>\n\ud83d\udc6a Familie- og grupperabat.<br \/>\n\ud83d\udd01 24 timers afbestillingspolitik.<br \/>\n\ud83c\udf0d Vejledninger p\u00e5 engelsk og spansk.<br \/>\n\ud83c\udf1f Book tidligt og spar.<br \/>\n\ud83d\udccd Afgang fra <a href=\"https:\/\/maps.app.goo.gl\/g9c9rZaJv7igjr3t8\">Los Cristianos<\/a>.<\/p>","protected":false},"featured_media":10794,"comment_status":"open","ping_status":"closed","template":"","meta":{"_acf_changed":false},"product_brand":[],"product_cat":[53],"product_tag":[],"class_list":{"0":"post-10465","1":"product","2":"type-product","3":"status-publish","4":"has-post-thumbnail","6":"product_cat-water-sports","7":"wcpa_has_options","9":"first","10":"instock","11":"sale","12":"virtual","13":"purchasable","14":"product-type-simple"},"acf":[],"wcpa_form_fields":{"wcpaData":{"product":{"product_price":35,"price_html":"From&nbsp;<del aria-hidden=\"true\"><span class=\"woocommerce-Price-amount amount\"><bdi>45,00&nbsp;<span class=\"woocommerce-Price-currencySymbol\">&euro;<\/span><\/bdi><\/span><\/del> <span class=\"screen-reader-text\">Den oprindelige pris var: 45,00&nbsp;&euro;.<\/span><ins aria-hidden=\"true\"><span class=\"woocommerce-Price-amount amount\"><bdi>35,00&nbsp;<span class=\"woocommerce-Price-currencySymbol\">&euro;<\/span><\/bdi><\/span><\/ins><span class=\"screen-reader-text\">Den aktuelle pris er: 35,00&nbsp;&euro;.<\/span>","original_product_price":45,"price_including_tax":35,"price_excluding_tax":35,"product_id":{"parent":10465,"variation":false},"is_variable":false,"stock_status":"instock","stock_quantity":null,"parent_sku":"CV10465","product_attributes":[],"custom_fields":[],"is_taxable":false,"product_name":"Kayaking with Turtles Tenerife","hasImage":false},"fields":{"sec_1066337d57eb5e3":{"extra":{"key":"sec_1066337d57eb5e3","section_id":"sec_1066337d57eb5e3","name":"Default","status":1,"cl_rule":"show","enableCl":false,"relations":[],"toggle":true,"title_tag":"h3","show_title":false,"showPrice":"default","form_id":11372,"form_rules":{"exclude_from_discount":true,"fee_label":"Fee","disp_hide_options_price":true,"disp_show_section_price":false,"disp_show_field_price":true,"layout_option":"standard","pric_use_as_fee":false,"process_fee_as":"woo_fee"},"layout_option":"standard"},"fields":[[{"label":"\ud83d\udcc5 Date","active":true,"required":true,"elementId":"date_666337d57eb607","picker_type":"custom","picker_mode":"single","placeholder":"","description":"","tooltip":"","name":"date_666337d57eb607","label_position":"default","desc_position":"default","enablePrice":false,"className":"","enableCl":false,"relations":[{"operator":"and","rules":[{"operator":"AND","rules":{"cl_field":"radio-group_5661bc90f5e8f5","cl_relation":"is_not_empty","cl_val":"3 Hour Trip"}}]}],"date_pic_inline":true,"date_pic_inline_hide":true,"min_date":{"type":"days","val":"0"},"max_date":{"type":"days","val":"365"},"date_pic_conf":{"disabledWeeks":[]},"price":"","cl_rule":"show","col":6,"type":"date","error":false,"enableDesign":false,"LabelColor":"","gt_translate_keys":["label","placeholder","description","tooltip"],"price_dependency":false,"cl_dependency":false,"value":""}],[{"active":true,"col":6,"relations":false,"cl_rule":"show","enableCl":false,"price":"","enablePrice":false,"className":"","label_position":"default","desc_position":"default","type":"select","required":true,"elementId":"select_566337d57eb62f","label":"\u23f0 Departure Time","name":"select_566337d57eb62f","values":[{"label":"Whichever Time is Best","value":"Whichever Time is Best","selected":false,"tempId":"aco_312","gt_translate_keys":["label"]},{"label":"10:00","value":"10:00","selected":false,"tempId":"aco_313","gt_translate_keys":["label"]},{"label":"12:30 (12:30 PM)","value":"12:30","selected":false,"tempId":"aco_314","gt_translate_keys":["label"]},{"label":"14:00 (2:00 PM)","value":"14:00","selected":false,"tempId":"aco_711","gt_translate_keys":["label"]}],"dropdown_type":"basic","error":false,"multiple":false,"placeholder":"None","gt_translate_keys":["label","placeholder"],"price_dependency":false,"cl_dependency":false,"value":""}],[{"active":true,"col":6,"relations":false,"cl_rule":"show","enableCl":false,"price":"","enablePrice":false,"className":"","label_position":"default","desc_position":"default","type":"content","required":false,"elementId":"content_1042762875","label":"","name":"content_1042762875","contentType":"rich","value":"<p>\ud83c\udf9f\ufe0f <strong>Reservation<\/strong>: Pay only a deposit now to reserve; the rest is due on the day of the activity upon arrival.<\/p>","show_in_checkout":true,"error":false,"gt_translate_keys":["label","value"],"price_dependency":false,"cl_dependency":false}],[{"active":true,"col":6,"relations":[{"operator":false,"rules":[{"operator":"AND","rules":{"cl_field":"","cl_relation":"","cl_val":""}}]}],"cl_rule":"show","enableCl":true,"price":"35","enablePrice":true,"className":"","label_position":"default","desc_position":"default","type":"radio-group","required":false,"elementId":"radio-group_166337d57eb617","label":"","name":"radio-group_166337d57eb617","values":[{"label":"\ud83d\udc64 Adult (35\u20ac)","value":"Adult","selected":true,"tempId":"aco_32","tooltip":"+11 Years","description":"","gt_translate_keys":["label","tooltip","description"]}],"layOut":"","error":false,"checkUi":"button","priceOptions":"fixed_for_all","pricingType":"fixed","enable_quantity":true,"quantity_label":"","min_quantity":"0","options_tooltip":true,"options_description":true,"is_show_price":true,"gt_translate_keys":["label","quantity_label"],"price_dependency":false,"cl_dependency":false,"value":""}],[{"label":"","active":true,"required":false,"elementId":"radio-group_166337d57eb624","name":"radio-group_166337d57eb624","label_position":"default","desc_position":"default","enablePrice":true,"className":"","enableCl":true,"relations":[{"operator":false,"rules":[{"operator":"AND","rules":{"cl_field":"","cl_relation":"","cl_val":""}}]}],"enable_quantity":true,"quantity_label":"","min_quantity":"0","checkUi":"button","layOut":"","options_tooltip":true,"options_description":true,"values":[{"label":"\ud83d\udc66 Child (20\u20ac)","value":"Child","selected":true,"tempId":"aco_32","tooltip":"6-10 Years","description":"","gt_translate_keys":["label","tooltip","description"]}],"priceOptions":"fixed_for_all","pricingType":"fixed","price":"20","cl_rule":"show","col":6,"type":"radio-group","error":false,"is_show_price":true,"gt_translate_keys":["label","quantity_label"],"price_dependency":false,"cl_dependency":false,"value":""}],[{"active":true,"col":6,"relations":false,"cl_rule":"show","enableCl":false,"price":"","enablePrice":false,"className":"","label_position":"default","desc_position":"default","type":"separator","required":false,"elementId":"separator_9019492152","label":"Separator Field","height":"6","separatorType":"fill","error":false,"separatorColor":"#66a6b6","gt_translate_keys":["label"],"price_dependency":false,"cl_dependency":false,"value":""}],[{"active":true,"col":6,"relations":false,"cl_rule":"show","enableCl":false,"price":"({field.radio-group_166337d57eb617.quantity}*10)+({field.radio-group_166337d57eb624.quantity}*7.50)","enablePrice":true,"className":"","label_position":"default","desc_position":"default","type":"content","required":false,"elementId":"content_8712621725","label":"Deposit Now","name":"content_8712621725","contentType":"plain","value":"","error":false,"pricingType":"custom","isTemplate":false,"is_show_price":false,"show_in_checkout":true,"enableDesign":true,"LabelSize":"14px","inline":true,"gt_translate_keys":["label","value"],"price_dependency":["content-8850121983"],"cl_dependency":false}],[{"contentType":"plain","active":true,"label":"Payment at Arrival","elementId":"content-8797651822","value":"","name":"content-8797651822","enablePrice":true,"className":"","enableCl":false,"relations":false,"price":"({field.radio-group_166337d57eb617.quantity}*25)+({field.radio-group_166337d57eb624.quantity}*12.50)","cl_rule":"show","col":6,"type":"content","error":false,"is_show_price":true,"pricingType":"custom","isTemplate":false,"show_in_checkout":true,"enableDesign":true,"LabelSize":"14px","inline":true,"gt_translate_keys":["label","value"],"price_dependency":["content-8850121983"],"cl_dependency":false}],[{"contentType":"plain","active":true,"label":"Total Amount","elementId":"content-8850121983","value":"","name":"content-8850121983","enablePrice":true,"className":"","enableCl":false,"relations":false,"price":"{field.content_8712621725.price}+{field.content-8797651822.price}","cl_rule":"show","col":6,"type":"content","error":false,"is_show_price":true,"pricingType":"custom","isTemplate":false,"show_in_checkout":true,"enableDesign":true,"LabelSize":"14px","inline":true,"gt_translate_keys":["label","value"],"price_dependency":false,"cl_dependency":false}]]},"sec_he1t7j115":{"extra":{"key":"sec_he1t7j115","section_id":"sec_he1t7j115","name":"Pickup","status":1,"cl_rule":"show","enableCl":false,"relations":[],"toggle":true,"title_tag":"h4","show_title":false,"showPrice":"default","form_id":11372,"form_rules":{"exclude_from_discount":true,"fee_label":"Fee","disp_hide_options_price":true,"disp_show_section_price":false,"disp_show_field_price":true,"layout_option":"standard","pric_use_as_fee":false,"process_fee_as":"woo_fee"},"layout_option":"standard"},"fields":[[{"active":true,"col":6,"relations":false,"cl_rule":"show","enableCl":false,"price":"","enablePrice":false,"className":"","label_position":"default","desc_position":"default","type":"text","subtype":"text","required":false,"elementId":"text_0736264724","label":"\ud83d\ude8c Pickup Location","name":"text_0736264724","value":"","error":false,"description":"Pick-up service in Tenerife South available for an extra 2\u20ac per person, to be paid on arrival. Please provide your address or hotel name to book the shuttle service; if not needed, leave it blank. | For Callao Salvaje and Palm-Mar, the extra cost is 4\u20ac per person | El M\u00e9dano: 15\u20ac per car | Golf del Sur: 10\u20ac per car.","gt_translate_keys":["label","description","value"],"price_dependency":false,"cl_dependency":false}]]}},"config":{"price_override":"always","enable_recaptcha":false,"bind_quantity":false,"quantity_bind_formula":false,"disp_summ_show_option_price":true,"disp_summ_show_product_price":false,"disp_summ_show_total_price":false,"disp_summ_show_fee":true,"disp_summ_show_discount":true,"summary_title":"","options_total_label":"Options Price","total_label":"Total Amount","options_product_label":"Product Price","fee_label":"Fee","discount_label":"Discount","has_price":true,"has_quantity_formula":false},"mc_unit":1,"tax_rate":1,"tax_rate_real":1,"discount":{"percentage":0,"fixed":0},"design":{"conf":{"LabelPosition":"above","DescPosition":"above","UploadField":"custom_1","QuantityFieldStyle":"custom_1"},"css":{"LeftLabelWidth":"120px"}},"formulas":[],"lookuptables":[],"clones":false,"cartKey":false}},"_links":{"self":[{"href":"https:\/\/canaryvip.com\/da\/wp-json\/wp\/v2\/product\/10465","targetHints":{"allow":["GET"]}}],"collection":[{"href":"https:\/\/canaryvip.com\/da\/wp-json\/wp\/v2\/product"}],"about":[{"href":"https:\/\/canaryvip.com\/da\/wp-json\/wp\/v2\/types\/product"}],"replies":[{"embeddable":true,"href":"https:\/\/canaryvip.com\/da\/wp-json\/wp\/v2\/comments?post=10465"}],"wp:featuredmedia":[{"embeddable":true,"href":"https:\/\/canaryvip.com\/da\/wp-json\/wp\/v2\/media\/10794"}],"wp:attachment":[{"href":"https:\/\/canaryvip.com\/da\/wp-json\/wp\/v2\/media?parent=10465"}],"wp:term":[{"taxonomy":"product_brand","embeddable":true,"href":"https:\/\/canaryvip.com\/da\/wp-json\/wp\/v2\/product_brand?post=10465"},{"taxonomy":"product_cat","embeddable":true,"href":"https:\/\/canaryvip.com\/da\/wp-json\/wp\/v2\/product_cat?post=10465"},{"taxonomy":"product_tag","embeddable":true,"href":"https:\/\/canaryvip.com\/da\/wp-json\/wp\/v2\/product_tag?post=10465"}],"curies":[{"name":"wp","href":"https:\/\/api.w.org\/{rel}","templated":true}]}}