{"id":10186,"date":"2024-03-28T05:27:33","date_gmt":"2024-03-28T05:27:33","guid":{"rendered":"https:\/\/canaryvip.com\/?post_type=product&#038;p=10186"},"modified":"2025-06-28T23:11:45","modified_gmt":"2025-06-28T22:11:45","slug":"rent-a-car-tenerife","status":"publish","type":"product","link":"https:\/\/canaryvip.com\/da\/shop\/rent-a-car-tenerife\/","title":{"rendered":"Lej en bil p\u00e5 Tenerife"},"content":{"rendered":"<h2>\ud83d\ude99 Oplev Tenerife med vores f\u00f8rsteklasses biludlejningsservice<\/h2>\n<p>Oplev den ultimative frihed til at udforske Tenerifes betagende landskaber i dit eget tempo. Vores <strong>Lej en bil p\u00e5 Tenerife<\/strong> service p\u00e5 <strong>CanaryVIP<\/strong> tilbyder uovertruffen bekvemmelighed og fleksibilitet til din \u00f8-rejse. Fra at slikke sol p\u00e5 uber\u00f8rte strande til at vandre gennem den majest\u00e6tiske <a href=\"https:\/\/canaryvip.com\/da\/discover-the-teide-the-ultimate-guide-iconic-volcano\/\">Teide Nationalpark,<\/a>\u00a0og opdage \u00f8ens skjulte perler, er vores mangfoldige fl\u00e5de din billet til et uforglemmeligt eventyr.<\/p>\n<h3>\u2b50\ufe0f Hvorfor v\u00e6lge Rent a Car Tenerife?<\/h3>\n<p>At v\u00e6lge at <strong>Lej en bil p\u00e5 Tenerife<\/strong> med CanaryVIP betyder at give dig selv frihedens gave. Du er ikke l\u00e6ngere bundet af den offentlige transports begr\u00e6nsninger eller de organiserede turers stive tidslinjer, men har friheden til at udforske denne fantastiske \u00f8 i dit eget tempo og efter dine egne interesser.<\/p>\n<ul>\n<li><strong>Fleksibilitet:<\/strong> Vores <strong>Biludlejning p\u00e5 Tenerife<\/strong> giver dig kontrollen til at designe din rejseplan. Fra solopgang til solnedgang bestemmer du, hvad du vil se og hvorn\u00e5r.<\/li>\n<li><strong>Variation:<\/strong> Vores fl\u00e5de er mangfoldig og im\u00f8dekommer alle pr\u00e6ferencer og behov. Uanset om du leder efter en kompakt bil til udflugter i byen eller en rummelig SUV til eventyr i barskt terr\u00e6n i <strong>Tenerife Syd,<\/strong>\u00a0Vi har d\u00e6kket dig ind.<\/li>\n<li><strong>Konkurrencedygtige priser:<\/strong> En overkommelig pris uden at g\u00e5 p\u00e5 kompromis med kvaliteten er det, vi str\u00e6ber efter. Vores <strong>Biludlejning<\/strong> p\u00e5 Tenerife er prissat for at give dig den bedste v\u00e6rdi og sikre en budgetvenlig udforskning af \u00f8en.<\/li>\n<li><strong>Bekvemmelighed:<\/strong> Hent din lejebil fra vigtige steder som f.eks. <strong><a href=\"https:\/\/maps.app.goo.gl\/YAWX2KPn75tN8YMUA\" target=\"_blank\" rel=\"noopener\">Tenerife Syd Lufthavn<\/a>.<\/strong>\u00a0Fra det \u00f8jeblik, du lander, begynder dit eventyr p\u00e5 Tenerife med det samme.<\/li>\n<\/ul>\n<h4>\ud83c\udf0d Udforsk Tenerife som aldrig f\u00f8r<\/h4>\n<p>Tenerifes tiltr\u00e6kningskraft ligger ikke kun i de ber\u00f8mte strande og turiststeder, men ogs\u00e5 i de mindre kendte steder. Med <strong>Biludlejning Tenerife,<\/strong>\u00a0er du kl\u00e6dt p\u00e5 til at udforske \u00f8ens rige historie, levende kultur og fantastiske natursk\u00f8nhed. K\u00f8r gennem maleriske landsbyer, bes\u00f8g lokale markeder, og find din egen bid af paradis p\u00e5 afsondrede strande.<\/p>\n<h4>\ud83d\udd0d Oplev mere med biludlejning p\u00e5 Tenerife<\/h4>\n<p>Hver eneste tur p\u00e5 Tenerife byder p\u00e5 en ny opdagelse, og med <strong>CanaryVIP's lejer en bil p\u00e5 Tenerife,<\/strong>\u00a0er du fri til at jage hver eneste solnedgang, bestige hvert eneste bjerg og nyde hver eneste udsigt. G\u00e5 ud over guideb\u00f8gerne, og g\u00f8r din rejse til en antologi af personlige oplevelser og uforglemmelige minder.<\/p>\n<h4>\u2705 Booking gjort nemt<\/h4>\n<p>Vores bookingproces er enkel og brugervenlig. V\u00e6lg dit foretrukne k\u00f8ret\u00f8j, v\u00e6lg din lejeperiode, og tilf\u00f8j det ekstraudstyr, du m\u00e5tte have brug for, alt sammen med blot nogle f\u00e5 klik. Vores m\u00e5l er at g\u00f8re din <strong>Biludlejning p\u00e5 Tenerife<\/strong> oplevelse s\u00e5 glat og problemfri som muligt.<\/p>\n<h4>\ud83d\udee1\ufe0f Sikkerhed og komfort<\/h4>\n<p>Din sikkerhed og komfort er altafg\u00f8rende. Hvert k\u00f8ret\u00f8j i vores fl\u00e5de er omhyggeligt vedligeholdt for at opfylde de h\u00f8jeste standarder for sikkerhed og ydeevne. N\u00e5r du v\u00e6lger <strong>Biludlejning i Tenerife Syd,<\/strong>\u00a0kan du v\u00e6re sikker p\u00e5, at der bliver taget h\u00e5nd om din komfort og dit velbefindende.<\/p>\n<h4>\ud83c\udf31 B\u00e6redygtig rejse<\/h4>\n<p>Vi er engagerede i milj\u00f8venlige rejseinitiativer. Vores udvalg af k\u00f8ret\u00f8jer omfatter muligheder, der er sk\u00e5nsomme for milj\u00f8et, s\u00e5 du kan udforske Tenerifes naturlige sk\u00f8nhed og samtidig minimere dit CO2-fodaftryk.<\/p>\n<h4>\ud83d\udd11 L\u00e5s op for det bedste af Tenerife<\/h4>\n<p>Tenerife er en \u00f8 med endel\u00f8se eventyr og sk\u00f8nhed, fra de solbeskinnede kyster til Teides mystiske h\u00f8jder. Med vores <strong>Udlejning af biler,<\/strong>\u00a0Hvert hj\u00f8rne af denne fortryllende \u00f8 er inden for r\u00e6kkevidde. <strong>Lej en bil p\u00e5 Tenerife<\/strong> og begive sig ud p\u00e5 en rejse af opdagelse og forundring.<\/p>\n<h3>\ud83d\udcd6 S\u00e5dan booker du din lejebil<\/h3>\n<p>At f\u00e5 din <strong>Lej en bil p\u00e5 Tenerife<\/strong> er kun f\u00e5 klik v\u00e6k. Vores intuitive online bookingsystem er designet til din bekvemmelighed, s\u00e5 du kan v\u00e6lge din bil, indstille din lejeperiode og nemt administrere din booking. Bekr\u00e6ftelsen kommer hurtigt, s\u00e5 du er klar til at g\u00e5 p\u00e5 opdagelse, s\u00e5 snart du ankommer.<\/p>\n<h4>\ud83d\ude80 Dit eventyr venter<\/h4>\n<p>Eventyr p\u00e5 Tenerife handler ikke kun om destinationerne, men ogs\u00e5 om rejserne mellem dem. Hver rute, du tager med din <strong>lejebil p\u00e5 Tenerife<\/strong> afsl\u00f8rer noget nyt - en skjult bugt, et betagende udsigtspunkt eller et lokalt spisested, der byder p\u00e5 smagsoplevelser, du aldrig har smagt f\u00f8r. Med CanaryVIP bliver \u00f8ens bedst bevarede hemmeligheder tilg\u00e6ngelige og forvandler din rejse til en skattejagt p\u00e5 oplevelser.<\/p>\n<h4>\u23f3 F\u00e5 hvert \u00f8jeblik til at t\u00e6lle<\/h4>\n<p>N\u00e5r du <strong>Lej en bil p\u00e5 Tenerife,<\/strong>\u00a0sparer du ikke bare tid - du f\u00e5r hvert \u00f8jeblik af din ferie til at t\u00e6lle. K\u00f8r op til de fantastiske klipper i Los Gigantes for at se solnedgangen, eller find ro p\u00e5 de fredfyldte stier i Anaga Rural Park. Du kan bruge din tid p\u00e5 Tenerife, som du vil, uden at v\u00e6re bundet af planlagte ture og offentlig transport.<\/p>\n<h4>\ud83e\uddf3 Skr\u00e6ddersyet til dine behov<\/h4>\n<p>Vi forst\u00e5r, at alle rejsende har unikke behov, og vores <strong>Biludlejning Tenerife<\/strong> tilbyder en bred vifte af muligheder, der passer til alle pr\u00e6ferencer og krav. Fra luksuri\u00f8se cabrioleter, der lader dig m\u00e6rke havbrisen, til familievenlige minibusser, der er udstyret til komfort, <strong>CanaryVIP<\/strong> sikrer, at dit k\u00f8ret\u00f8j passer til den rejse, du forestiller dig.<\/p>\n<h3>\ud83c\udf1f En forpligtelse til excellence<\/h3>\n<p>P\u00e5 <strong>CanaryVIP<\/strong>er ekspertise kernen i alt, hvad vi g\u00f8r. Fra kvaliteten af vores k\u00f8ret\u00f8jer til vores kundeservice str\u00e6ber vi efter at overg\u00e5 dine forventninger. Vores team er altid klar til at give anbefalinger, hj\u00e6lpe med ruter eller yde den st\u00f8tte, du har brug for under din rejse. <strong>Biludlejning p\u00e5 Tenerife<\/strong> erfaring. Vi er ikke bare en service; vi er din rejsepartner p\u00e5 Tenerife.<\/p>\n<h4>\ud83d\udddd\ufe0f Grib muligheden<\/h4>\n<p>Tenerifes sk\u00f8nhed venter ikke p\u00e5 nogen, og med CanaryVIP har det aldrig v\u00e6ret nemmere at gribe muligheden for at udforske denne paradisiske \u00f8. Lad ikke chancen for at skabe dit eget eventyr glide dig af h\u00e6nde. <strong>Lej en bil p\u00e5 Tenerife<\/strong> I dag kan du tage kontrol over din ferie og skabe en rejse, der er lige s\u00e5 unik som dig.<\/p>\n<h4>\u2764\ufe0f Book din dr\u00f8mmek\u00f8rsel i dag<\/h4>\n<p>Er du klar til at udforske Tenerife p\u00e5 dine egne betingelser?<\/p>\n<p>Bes\u00f8g <strong>CanaryVIP<\/strong> nu for at bestille din perfekte lejebil. Med blot et par klik er du p\u00e5 vej til en uforglemmelig rejse fyldt med opdagelse, frihed og den rene udforskningsgl\u00e6de.<\/p>\n<p>Dit eventyr venter med CanaryVIP's Biludlejning p\u00e5 Tenerife - book nu, og oplev Tenerifes magi.<\/p>","protected":false},"excerpt":{"rendered":"<p><strong>\ud83d\udd0d Lej en bil p\u00e5 Tenerife:<\/strong><br \/>\n\u2705 Sikker betaling.<br \/>\n\ud83d\ude99 Flere bilmuligheder.<br \/>\n\ud83d\ude80 Fra 1 til 30 dage.<br \/>\n\u2705 Forsikring inkluderet.<br \/>\n\ud83c\udfc1 Ubegr\u00e6nset antal kilometer.<br \/>\n\ud83d\udc64 +25 \u00e5r kan k\u00f8re.<br \/>\n\ud83e\udd11 Garanteret bedste pris.<br \/>\n\ud83d\ude8d Gratis levering til dit hotel.<br \/>\n\u2708\ufe0f Levering og afhentning i lufthavnen.<br \/>\n\ud83d\udc6a Rabatter aktiveret.<br \/>\n\ud83c\udf1f Book nu og spar!<\/p>","protected":false},"featured_media":10916,"comment_status":"open","ping_status":"closed","template":"","meta":{"_acf_changed":false},"product_brand":[],"product_cat":[83],"product_tag":[],"class_list":{"0":"post-10186","1":"product","2":"type-product","3":"status-publish","4":"has-post-thumbnail","6":"product_cat-rentals","7":"wcpa_has_options","9":"first","10":"instock","11":"virtual","12":"purchasable","13":"product-type-simple"},"acf":[],"wcpa_form_fields":{"wcpaData":{"product":{"product_price":50,"price_html":"From&nbsp;<span class=\"woocommerce-Price-amount amount\"><bdi>50,00&nbsp;<span class=\"woocommerce-Price-currencySymbol\">&euro;<\/span><\/bdi><\/span>","original_product_price":50,"price_including_tax":50,"price_excluding_tax":50,"product_id":{"parent":10186,"variation":false},"is_variable":false,"stock_status":"instock","stock_quantity":null,"parent_sku":"CV10186","product_attributes":[],"custom_fields":[],"is_taxable":false,"product_name":"Rent a Car Tenerife","hasImage":false},"fields":{"sec_4668282996d361":{"extra":{"key":"sec_4668282996d361","section_id":"sec_4668282996d361","name":"Contact us","status":1,"cl_rule":"show","enableCl":false,"relations":[],"toggle":true,"title_tag":"h3","show_title":false,"showPrice":"default","form_id":12153,"form_rules":{"exclude_from_discount":true,"fee_label":"Fee","disp_hide_options_price":true,"disp_show_section_price":false,"disp_show_field_price":true,"layout_option":"standard","pric_use_as_fee":false,"process_fee_as":"woo_fee"},"layout_option":"standard"},"fields":[[{"active":true,"col":6,"relations":false,"cl_rule":"show","enableCl":false,"price":"","enablePrice":false,"className":"","label_position":"default","desc_position":"default","type":"content","required":false,"elementId":"content_8291538701","label":"","name":"content_8291538701","contentType":"rich","value":"<p><a href=\"https:\/\/api.whatsapp.com\/send\/?phone=34629670312&amp;text&amp;type=phone_number&amp;app_absent=0\" target=\"_blank\"><strong>Contact us on WhatsApp<\/strong><\/a><strong> to get a personalized price for this activity\/excursion\/rental.<\/strong><\/p>","error":false,"subtype":"div","gt_translate_keys":["label","value"],"price_dependency":false,"cl_dependency":false}]]},"sec_16644ac1d03e64":{"extra":{"key":"sec_16644ac1d03e64","section_id":"sec_16644ac1d03e64","name":"Default","status":1,"cl_rule":"show","enableCl":false,"relations":[],"toggle":true,"title_tag":"h3","show_title":false,"showPrice":"default","form_id":11506,"form_rules":{"exclude_from_discount":true,"fee_label":"Fee","disp_hide_options_price":true,"disp_show_section_price":false,"disp_show_field_price":true,"layout_option":"standard","pric_use_as_fee":false,"process_fee_as":"woo_fee"},"layout_option":"standard"},"fields":[]}},"config":{"price_override":"","enable_recaptcha":false,"bind_quantity":false,"quantity_bind_formula":false,"disp_summ_show_option_price":true,"disp_summ_show_product_price":true,"disp_summ_show_total_price":true,"disp_summ_show_fee":true,"disp_summ_show_discount":true,"summary_title":"","options_total_label":"Options Price","total_label":"Total","options_product_label":"Product Price","fee_label":"Fee","discount_label":"Discount","has_price":true,"has_quantity_formula":false},"mc_unit":1,"tax_rate":1,"tax_rate_real":1,"discount":{"percentage":0,"fixed":0},"design":{"conf":{"LabelPosition":"above","DescPosition":"above","UploadField":"custom_1","QuantityFieldStyle":"custom_1"},"css":{"LeftLabelWidth":"120px"}},"formulas":[],"lookuptables":[],"clones":false,"cartKey":false}},"_links":{"self":[{"href":"https:\/\/canaryvip.com\/da\/wp-json\/wp\/v2\/product\/10186","targetHints":{"allow":["GET"]}}],"collection":[{"href":"https:\/\/canaryvip.com\/da\/wp-json\/wp\/v2\/product"}],"about":[{"href":"https:\/\/canaryvip.com\/da\/wp-json\/wp\/v2\/types\/product"}],"replies":[{"embeddable":true,"href":"https:\/\/canaryvip.com\/da\/wp-json\/wp\/v2\/comments?post=10186"}],"wp:featuredmedia":[{"embeddable":true,"href":"https:\/\/canaryvip.com\/da\/wp-json\/wp\/v2\/media\/10916"}],"wp:attachment":[{"href":"https:\/\/canaryvip.com\/da\/wp-json\/wp\/v2\/media?parent=10186"}],"wp:term":[{"taxonomy":"product_brand","embeddable":true,"href":"https:\/\/canaryvip.com\/da\/wp-json\/wp\/v2\/product_brand?post=10186"},{"taxonomy":"product_cat","embeddable":true,"href":"https:\/\/canaryvip.com\/da\/wp-json\/wp\/v2\/product_cat?post=10186"},{"taxonomy":"product_tag","embeddable":true,"href":"https:\/\/canaryvip.com\/da\/wp-json\/wp\/v2\/product_tag?post=10186"}],"curies":[{"name":"wp","href":"https:\/\/api.w.org\/{rel}","templated":true}]}}