{"id":10109,"date":"2024-02-25T19:09:18","date_gmt":"2024-02-25T19:09:18","guid":{"rendered":"https:\/\/canaryvip.com\/?post_type=product&#038;p=10109"},"modified":"2025-11-25T16:28:10","modified_gmt":"2025-11-25T16:28:10","slug":"gulliver-private-yacht-charter-tenerife","status":"publish","type":"product","link":"https:\/\/canaryvip.com\/da\/shop\/gulliver-private-yacht-charter-tenerife\/","title":{"rendered":"Gulliver: Yachtudlejning Tenerife"},"content":{"rendered":"<h2><strong>\ud83d\udee5\ufe0f Gulliver Yacht = uforglemmelige \u00f8jeblikke<\/strong><\/h2>\n<p>Tr\u00e6d ind i en verden af maritime gl\u00e6der med Gulliver Yacht, Tenerifes f\u00f8rende familievenlige yacht, der er designet til at tilbyde en problemfri blanding af sp\u00e6nding, fritid og mindev\u00e6rdige oplevelser. Denne 20 meter lange juvel danner rammen om et enest\u00e5ende s\u00f8eventyr, perfekt til familier og grupper, der er p\u00e5 udkig efter et eksklusivt stykke havparadis.<\/p>\n<h3>\u2b50\ufe0f <strong>Gr\u00e6nsel\u00f8s gl\u00e6de og komfort om bord<\/strong><\/h3>\n<p><span style=\"text-decoration: underline;\"><strong>Oplev Gullivers enest\u00e5ende egenskaber:<\/strong><\/span><\/p>\n<ul>\n<li>En rummelig terrasse designet til ultimativ familiehygge.<\/li>\n<li>Indbydende solpuder til at nyde solskinnet i ro og mag.<\/li>\n<li>Forfriskende vandleget\u00f8j, herunder en oppustelig rutsjebane, paddleboards og undervandsscootere til alle aldre.<\/li>\n<li>Overd\u00e5dige spisemuligheder, der im\u00f8dekommer forskellige kostbehov, herunder glutenfri valgmuligheder.<\/li>\n<li>Ubegr\u00e6nsede forfriskninger: l\u00e6skedrikke, vin, \u00f8l, sangria og cava til at l\u00f8fte din s\u00f8rejse.<\/li>\n<\/ul>\n<h4>\ud83d\udea4 <strong>Tag p\u00e5 opdagelsesrejse<\/strong><\/h4>\n<p>Dit eventyr begynder p\u00e5 <a href=\"https:\/\/www.google.com\/maps\/place\/Puerto+Col%C3%B3n\/@28.078002,-16.7394902,17z\/data=!3m2!4b1!5s0xc6a97433884bdf9:0x76d293b7b99db23a!4m6!3m5!1s0xc6a9743509c9ebf:0xd62345524f768247!8m2!3d28.078002!4d-16.7369153!16s%2Fg%2F11c6cqryw_?entry=ttu\" target=\"_blank\" rel=\"noopener\">Puerto Col\u00f3n<\/a>I hjertet af Costa Adejes pulserende marineliv venter Gulliver p\u00e5 at tage dig med p\u00e5 en intim sejlads, der er begr\u00e6nset til 12 g\u00e6ster. Det sikrer en personlig og eksklusiv oplevelse, uanset om du sejler i et par timer eller tager p\u00e5 en st\u00f8rre udforskning.<\/p>\n<h4>\ud83c\udf0a <strong>Deltag i enest\u00e5ende s\u00f8fartsaktiviteter<\/strong><\/h4>\n<p>I det \u00f8jeblik du g\u00e5r om bord p\u00e5 Gulliver, kalder eventyret. Tenerifes fascinerende vand bliver din legeplads med ubegr\u00e6nsede muligheder for sjov og opdagelse. Dyk ned i havets forfriskende omfavnelse, rid p\u00e5 b\u00f8lgerne p\u00e5 et paddle-board, eller udforsk undervandsverdenen med vores topmoderne snorkeludstyr. Hver aktivitet er skabt til at g\u00f8re dit s\u00f8fartseventyr virkelig uforglemmeligt og inviterer dig til at skabe minder, der varer hele livet.<\/p>\n<h4>\ud83d\udc2c <strong>H\u00f8j elegance til en enest\u00e5ende v\u00e6rdi<\/strong><\/h4>\n<p>CanaryVIP h\u00e6ver niveauet <a href=\"https:\/\/canaryvip.com\/da\/tenerife\/boat-hire-tenerife\/?swcfpc=1\">Yacht-charter<\/a> oplevelsen med Gulliver, der blander overd\u00e5dig luksus med uovertruffen v\u00e6rdi. Oplev et eventyr, hvor overkommelige priser m\u00f8der raffinement, komplet med konkurrencedygtige priser, der omfatter alle de bekvemmeligheder og tjenester, der er n\u00f8dvendige for en bem\u00e6rkelsesv\u00e6rdig s\u00f8rejse.<\/p>\n<h3>\ud83d\udd52 <strong>V\u00e6lg dit eventyr: Dagscharter til l\u00e6ngere ophold<\/strong><\/h3>\n<ul>\n<li><b>3,5 timers charter: <\/b>Leder du efter en sjov og nem m\u00e5de at nyde havet p\u00e5? Denne 3,5-timers private chartertur er perfekt til familier eller grupper, der \u00f8nsker en afslappet introduktion til Tenerifes fantastiske kystlinje. Sv\u00f8m, snorkel og nyd havbrisen, mens du f\u00e5r mest muligt ud af vores vandrutsjebane om bord - en favorit hos b\u00e5de b\u00f8rn og voksne!<\/li>\n<li><b>5-timers charter: <\/b><span style=\"font-weight: 400;\">Har du brug for mere tid til at udforske? Et 5-timers charter giver dig den perfekte balance mellem eventyr og afslapning. I sejler langs kysten, ankrer op ved skjulte bugter og nyder at sv\u00f8mme, snorkle og solbade. Selvf\u00f8lgelig er vandrutsjebanen altid klar til lidt ekstra sjov p\u00e5 vandet. Ideel til dem, der vil tage tingene i deres eget tempo.<\/span><\/li>\n<li><b>7-timers charter - tur til Los Gigantes: <\/b><span style=\"font-weight: 400;\">For at f\u00e5 en uforglemmelig dag til s\u00f8s tager vores 7-timers charter dig hele vejen til de dramatiske klipper ved Los Gigantes - et af Tenerifes mest ikoniske naturvidundere. Undervejs har du masser af tid til at sv\u00f8mme, snorkle og nyde hvert et hj\u00f8rne af denne betagende rejse. Den indbyggede vandrutsjebane tilf\u00f8jer et legende twist, som g\u00f8r det til et hit for grupper, familier eller par, der \u00f8nsker at opleve Tenerife fra et helt nyt perspektiv.<\/span><\/li>\n<\/ul>\n<h3>\u2705 <strong>Alt hvad du skal bruge til en perfekt dag til s\u00f8s<\/strong><\/h3>\n<ul>\n<li>Gratis gourmetbidder og ubegr\u00e6nsede drikkevarer til alle aldre.<\/li>\n<li>En erfaren, flersproget bes\u00e6tning, der er klar til at im\u00f8dekomme alle dine behov, inklusive en dedikeret servitrice og kaptajn.<\/li>\n<li>Fuldt snorkeludstyr til undervandseventyr.<\/li>\n<li>VIP-behandling med behagelige siddepladser og god plads til alle g\u00e6ster.<\/li>\n<\/ul>\n<h3>\ud83d\udccd <strong>Ombordstigning fra Puerto Col\u00f3n: Din port til eventyret<\/strong><\/h3>\n<p>Puerto Col\u00f3n ligger ved Gate 3 i det travle hjerte af Costa Adeje og er det perfekte udgangspunkt for din Gulliver Yacht-oplevelse. Ankom kun 15 minutter f\u00f8r din planlagte afgang for at sikre en problemfri start p\u00e5 dit eventyr, og der er praktisk parkering ved havnen for nem adgang.<\/p>\n<h4>\ud83d\udcdc <strong>Ubesv\u00e6ret booking og klare politikker giver ro i sindet<\/strong><\/h4>\n<p>At tage p\u00e5 et Gulliver Yacht-eventyr er designet til at v\u00e6re s\u00e5 problemfrit som muligt, fra det \u00f8jeblik du booker, til du g\u00e5r om bord. CanaryVIP prioriterer din komfort og sikkerhed og sikrer, at alle aspekter af din rejse er d\u00e6kket med klarhed og omhu.<\/p>\n<ul>\n<li><strong>Vejrgaranti<\/strong>: Vi overv\u00e5ger havet for at sikre j\u00e6vn sejlads. I tilf\u00e6lde af ugunstige forhold kan du v\u00e6lge mellem ny planl\u00e6gning eller fuld refusion, s\u00e5 din sikkerhed og tilfredshed kommer i f\u00f8rste r\u00e6kke.<\/li>\n<li><strong>Fleksibel afbestilling<\/strong>: Planer \u00e6ndres, og det forst\u00e5r vi. Afbestil op til 5 dage f\u00f8r din rejse for fuld refusion. Mindre end 5 dages varsel eller manglende fremm\u00f8de kan desv\u00e6rre ikke refunderes. Bem\u00e6rk, at betalingsgebyrer, svarende til 3% af den samlede betaling, ikke kan refunderes under nogen omst\u00e6ndigheder.<\/li>\n<li><strong>Billetter med nem adgang<\/strong>: Hav dit boardingkort lige ved h\u00e5nden p\u00e5 din telefon eller printet ud for nemheds skyld. Vores digitale billetter sikrer, at du er klar til at s\u00e6tte sejl uden besv\u00e6r.<\/li>\n<li><strong>Omfattende pleje<\/strong>: Hvis du f\u00f8ler dig utilpas eller beslutter dig for at afslutte din rejse f\u00f8r tid, er vores team klar til at hj\u00e6lpe dig, selv om der ikke kan gives refusion i s\u00e5danne tilf\u00e6lde.<\/li>\n<li><strong>Fleksibilitet i betalingen<\/strong>: V\u00e6lg den betalingsmetode, der passer dig bedst.<\/li>\n<\/ul>\n<p><strong>\ud83c\udf0a\ud83c\udf1f\ud83d\udee5\ufe0f Book din Gulliver Yacht-oplevelse med CanaryVIP i dag, og l\u00e5s d\u00f8ren op til uforglemmelige \u00f8jeblikke til s\u00f8s.<\/strong><\/p>","protected":false},"excerpt":{"rendered":"<p><strong>\ud83d\udd0d Gulliver Charter:<\/strong><br \/>\n\u2705 Sikker betaling.<br \/>\n\ud83d\udd10 Private ture er tilg\u00e6ngelige.<br \/>\n<span>\ud83d\udc65 F\u00e6lles ture er tilg\u00e6ngelige.<\/span><br \/>\n\ud83d\udee5\ufe0f 20m Yacht Comfort.<br \/>\n\u23f3 Daglige ture p\u00e5 3-9 timer.<br \/>\n\ud83d\udd59 Afgangstider, der kan tilpasses.<br \/>\n\ud83c\udf74 M\u00e5ltider og drikkevarer inkluderet.<br \/>\n\ud83d\udc65 Op til 12 g\u00e6ster.<br \/>\n\ud83e\udd29 Sjove hoppeborge.<br \/>\n\ud83d\udef6 Kajakker medf\u00f8lger.<br \/>\n\ud83d\udeb2 Havvandscykler.<br \/>\n\ud83d\udedd Ultimativ vandrutsjebane.<br \/>\n\ud83c\udfc4\u200d\u2640\ufe0f Paddle Boards inkluderet.<br \/>\n\ud83e\udd3f Snorkeludstyr stilles til r\u00e5dighed.<br \/>\n\ud83d\udd0a Spil din musik.<br \/>\n\ud83e\udd11 Garanteret bedste pris.<br \/>\n\ud83d\udc6a Rabatter aktiveret.<br \/>\n\ud83d\udd01 Op til 5 dages afbestilling.<br \/>\n\ud83c\udf0d Flersproget bes\u00e6tning.<br \/>\n\ud83c\udf1f Book tidligt og spar!<br \/>\n\ud83d\udccd Afgang fra\u00a0<a href=\"https:\/\/maps.app.goo.gl\/ocJuu7A8R1JWjPbS9\">Puerto Colon<\/a>.<\/p>","protected":false},"featured_media":10114,"comment_status":"open","ping_status":"closed","template":"","meta":{"_acf_changed":false},"product_brand":[],"product_cat":[47],"product_tag":[],"class_list":{"0":"post-10109","1":"product","2":"type-product","3":"status-publish","4":"has-post-thumbnail","6":"product_cat-boat-hire-tenerife","7":"wcpa_has_options","9":"first","10":"instock","11":"sale","12":"virtual","13":"purchasable","14":"product-type-simple"},"acf":[],"wcpa_form_fields":{"wcpaData":{"product":{"product_price":895,"price_html":"From&nbsp;<del aria-hidden=\"true\"><span class=\"woocommerce-Price-amount amount\"><bdi>950,00&nbsp;<span class=\"woocommerce-Price-currencySymbol\">&euro;<\/span><\/bdi><\/span><\/del> <span class=\"screen-reader-text\">Den oprindelige pris var: 950,00&nbsp;&euro;.<\/span><ins aria-hidden=\"true\"><span class=\"woocommerce-Price-amount amount\"><bdi>895,00&nbsp;<span class=\"woocommerce-Price-currencySymbol\">&euro;<\/span><\/bdi><\/span><\/ins><span class=\"screen-reader-text\">Den aktuelle pris er: 895,00&nbsp;&euro;.<\/span>","original_product_price":950,"price_including_tax":895,"price_excluding_tax":895,"product_id":{"parent":10109,"variation":false},"is_variable":false,"stock_status":"instock","stock_quantity":null,"parent_sku":"CV10109","product_attributes":[],"custom_fields":[],"is_taxable":false,"product_name":"Gulliver: Yacht Hire Tenerife","hasImage":false},"fields":{"sec_96638f078b8951":{"extra":{"key":"sec_96638f078b8951","section_id":"sec_96638f078b8951","name":"Default","status":1,"cl_rule":"show","enableCl":false,"relations":[],"toggle":true,"title_tag":"h3","show_title":false,"showPrice":"default","form_id":11398,"form_rules":{"exclude_from_discount":true,"fee_label":"Fee","disp_hide_options_price":true,"disp_show_section_price":false,"disp_show_field_price":true,"layout_option":"standard","pric_use_as_fee":false,"process_fee_as":"woo_fee"},"layout_option":"standard"},"fields":[[{"label":"\ud83d\udcc5 Date","active":true,"required":true,"elementId":"date_106638f078b8973","picker_type":"custom","picker_mode":"single","placeholder":"","description":"","tooltip":"","name":"date_106638f078b8973","label_position":"default","desc_position":"default","enablePrice":false,"className":"","enableCl":false,"relations":[{"operator":"and","rules":[{"operator":"AND","rules":{"cl_field":"radio-group_565c78ffa81208","cl_relation":"is","cl_val":"3 Hour Trip"}}]}],"date_pic_inline":true,"date_pic_inline_hide":true,"min_date":{"type":"days","val":"1"},"max_date":{"type":"days","val":"365"},"date_pic_conf":{"disabledWeeks":[],"disabledDates":["2024-06-30","2024-07-25","2024-11-28 to 2024-12-04","2025-03-29"]},"price":"","cl_rule":"show","col":6,"type":"date","error":false,"enableDesign":false,"LabelColor":"","gt_translate_keys":["label","placeholder","description","tooltip"],"price_dependency":false,"cl_dependency":false,"value":""}],[{"elementId":"separator_66638f078b898d","separatorType":"blank","className":"","height":"3","enableCl":false,"relations":false,"cl_rule":"show","col":6,"type":"separator","error":false,"gt_translate_keys":[],"price_dependency":false,"cl_dependency":false,"value":""}],[{"active":true,"col":6,"relations":false,"cl_rule":"show","enableCl":false,"price":"","enablePrice":true,"className":"","label_position":"default","desc_position":"default","type":"select","required":true,"elementId":"select_96638f078b8998","label":"\u23f3 Trip Duration","name":"select_96638f078b8998","values":[{"label":"3.5 Hours (895\u20ac)","value":"3","selected":false,"tempId":"aco_556","price":"895","gt_translate_keys":["label"]},{"label":"5 Hours (1.200\u20ac)","value":"5","selected":false,"tempId":"aco_141","price":"1200","gt_translate_keys":["label"]},{"label":"7 Hours (1.750\u20ac)","value":"7","selected":false,"tempId":"aco_151","price":"1750","gt_translate_keys":["label"]}],"dropdown_type":"basic","error":false,"placeholder":"Select Trip Duration","priceOptions":"different_for_all","pricingType":"fixed","is_show_price":false,"gt_translate_keys":["label","placeholder"],"price_dependency":false,"cl_dependency":false,"value":""}],[{"active":true,"col":6,"relations":false,"cl_rule":"show","enableCl":false,"price":"","enablePrice":true,"className":"","label_position":"default","desc_position":"default","type":"select","required":false,"elementId":"select_0041641856","label":"\ud83d\udca6 Add jet-skis?","name":"select_0041641856","values":[{"label":"2 JetSkis for 1 Hour (500\u20ac)","value":"2 x JetSki for 1 Hour","selected":false,"tempId":"aco_2502","price":"500","gt_translate_keys":["label"]},{"label":"1 JetSki for 2 Hours (500\u20ac)","value":"1 x JetSki for 2 Hours","selected":false,"tempId":"aco_2503","price":"500","gt_translate_keys":["label"]},{"label":"2 JetSkis for 2 Hours (800\u20ac)","value":"2 x JetSki for 2 Hours","selected":false,"tempId":"aco_2927","price":"800","gt_translate_keys":["label"]}],"dropdown_type":"basic","error":false,"description":"Private JetSki tour from the boat with a JetSki instructor.","placeholder":"None","priceOptions":"different_for_all","pricingType":"fixed","is_show_price":false,"isWeightTemplate":false,"isTemplate":false,"min_quantity":"1","quantity_decimal":false,"quantity_step":"1","quantity_label":"Quantity","repeater_field_label":"{field_label}","repeater_bind":"","gt_translate_keys":["label","placeholder","description","repeater_field_label","quantity_label"],"price_dependency":false,"cl_dependency":false,"value":""}],[{"elementId":"separator_16638f078b89f1","separatorType":"blank","className":"","height":"1","enableCl":false,"relations":false,"cl_rule":"show","col":6,"type":"separator","error":false,"gt_translate_keys":[],"price_dependency":false,"cl_dependency":false,"value":""}],[{"active":true,"col":6,"relations":[{"operator":false,"rules":[{"operator":"AND","rules":{"cl_field":"radio-group_565c78ffa81208","cl_relation":"is","cl_val":"3 Hour Trip"}}]}],"cl_rule":"show","enableCl":false,"price":"","enablePrice":false,"className":"","label_position":"default","desc_position":"default","type":"select","required":false,"elementId":"select_76638f078b89d4","label":"\u23f0 Departure Time","name":"select_76638f078b89d4","values":[{"label":"10:00","value":"10:00","selected":false,"tempId":"aco_1472","gt_translate_keys":["label"]},{"label":"14:00 (2:00 PM)","value":"14:00","selected":false,"tempId":"aco_1728","gt_translate_keys":["label"]},{"label":"17:30 (5:30 PM)","value":"17:30","selected":false,"tempId":"aco_28","gt_translate_keys":["label"]}],"dropdown_type":"basic","error":false,"placeholder":"Whichever Time is Best","gt_translate_keys":["label","placeholder"],"price_dependency":false,"cl_dependency":false,"value":""}],[{"elementId":"separator-2954713577","separatorType":"blank","className":"","height":"1","enableCl":false,"relations":false,"cl_rule":"show","col":6,"type":"separator","gt_translate_keys":[],"price_dependency":false,"cl_dependency":false,"value":""}],[{"label":"\u2705 Number of People","active":true,"required":true,"elementId":"select_76638f078b89e7","dropdown_type":"basic","placeholder":"Select Number of People","name":"select_76638f078b89e7","label_position":"default","desc_position":"default","enablePrice":true,"className":"","enableCl":false,"relations":[{"operator":false,"rules":[{"operator":"AND","rules":{"cl_field":"radio-group_565c78ffa81208","cl_relation":"is","cl_val":"3 Hour Trip"}}]}],"values":[{"label":"1 person","value":"1","selected":false,"tempId":"aco_1471","gt_translate_keys":["label"]},{"label":"2 people","value":"2","selected":false,"tempId":"aco_1472","gt_translate_keys":["label"]},{"label":"3 people (+10\u20ac)","value":"3","selected":false,"tempId":"aco_1500","price":"10","gt_translate_keys":["label"]},{"label":"4 people (+20\u20ac)","value":"4","selected":false,"tempId":"aco_1510","price":"20","gt_translate_keys":["label"]},{"label":"5 people (+30\u20ac)","value":"5","selected":false,"tempId":"aco_1520","price":"30","gt_translate_keys":["label"]},{"label":"6 people (+40\u20ac)","value":"6","selected":false,"tempId":"aco_1728","price":"40","gt_translate_keys":["label"]},{"label":"7 people (+50\u20ac)","value":"7","selected":false,"tempId":"aco_1738","price":"50","gt_translate_keys":["label"]},{"label":"8 people (+60\u20ac)","value":"8","selected":false,"tempId":"aco_1748","price":"60","gt_translate_keys":["label"]},{"label":"9 people (+70\u20ac)","value":"9","selected":false,"tempId":"aco_1912","price":"70","gt_translate_keys":["label"]},{"label":"10 people (+80\u20ac)","value":"10","selected":false,"tempId":"aco_1922","price":"80","gt_translate_keys":["label"]},{"label":"11 People (+90\u20ac)","value":"11","selected":false,"tempId":"aco_19","price":"90","gt_translate_keys":["label"]},{"label":"12 People (+100\u20ac)","value":"12","selected":false,"tempId":"aco_29","price":"100","gt_translate_keys":["label"]}],"price":"","cl_rule":"show","col":6,"type":"select","error":false,"priceOptions":"different_for_all","pricingType":"fixed","gt_translate_keys":["label","placeholder"],"price_dependency":false,"cl_dependency":false,"value":""}],[{"elementId":"separator_26638f078b89de","separatorType":"blank","className":"","height":"1","enableCl":false,"relations":false,"cl_rule":"show","col":6,"type":"separator","gt_translate_keys":[],"price_dependency":false,"cl_dependency":false,"value":""}]]}},"config":{"price_override":"always","enable_recaptcha":false,"bind_quantity":false,"quantity_bind_formula":false,"disp_summ_show_option_price":true,"disp_summ_show_product_price":false,"disp_summ_show_total_price":true,"disp_summ_show_fee":true,"disp_summ_show_discount":true,"summary_title":"","options_total_label":"Options Price","total_label":"Total Amount","options_product_label":"Product Price","fee_label":"Fee","discount_label":"Discount","has_price":true,"has_quantity_formula":false},"mc_unit":1,"tax_rate":1,"tax_rate_real":1,"discount":{"percentage":0,"fixed":0},"design":{"conf":{"LabelPosition":"above","DescPosition":"above","UploadField":"custom_1","QuantityFieldStyle":"custom_1"},"css":{"LeftLabelWidth":"120px"}},"formulas":{"fmla_1708360988969136756":"(({field.select_56638eb5b235ae.value}>=3)?(1200):(({field.select_56638eb5b235ae.value}>=2)?(850):(({field.select_56638eb5b235ae.value}>=1)?(540):(0))))","fmla_1708364241278155361":"(({field.select_5841412719.value}>=8)?({field.select_5841412719.price}):(({field.select_5841412719.value}>=5)?({field.select_5841412719.price}):(({field.select_5841412719.value}>=3)?({field.select_5841412719.price}):(0))))"},"lookuptables":[],"clones":false,"cartKey":false}},"_links":{"self":[{"href":"https:\/\/canaryvip.com\/da\/wp-json\/wp\/v2\/product\/10109","targetHints":{"allow":["GET"]}}],"collection":[{"href":"https:\/\/canaryvip.com\/da\/wp-json\/wp\/v2\/product"}],"about":[{"href":"https:\/\/canaryvip.com\/da\/wp-json\/wp\/v2\/types\/product"}],"replies":[{"embeddable":true,"href":"https:\/\/canaryvip.com\/da\/wp-json\/wp\/v2\/comments?post=10109"}],"wp:featuredmedia":[{"embeddable":true,"href":"https:\/\/canaryvip.com\/da\/wp-json\/wp\/v2\/media\/10114"}],"wp:attachment":[{"href":"https:\/\/canaryvip.com\/da\/wp-json\/wp\/v2\/media?parent=10109"}],"wp:term":[{"taxonomy":"product_brand","embeddable":true,"href":"https:\/\/canaryvip.com\/da\/wp-json\/wp\/v2\/product_brand?post=10109"},{"taxonomy":"product_cat","embeddable":true,"href":"https:\/\/canaryvip.com\/da\/wp-json\/wp\/v2\/product_cat?post=10109"},{"taxonomy":"product_tag","embeddable":true,"href":"https:\/\/canaryvip.com\/da\/wp-json\/wp\/v2\/product_tag?post=10109"}],"curies":[{"name":"wp","href":"https:\/\/api.w.org\/{rel}","templated":true}]}}