{"id":9195,"date":"2024-01-28T19:23:23","date_gmt":"2024-01-28T19:23:23","guid":{"rendered":"https:\/\/canaryvip.com\/?page_id=9195"},"modified":"2026-03-04T18:17:48","modified_gmt":"2026-03-04T18:17:48","slug":"collaborate-with-canaryvip","status":"publish","type":"page","link":"https:\/\/canaryvip.com\/da\/collaborate-with-canaryvip\/","title":{"rendered":"Partner med CanaryVIP: Tilbyd dine oplevelser til internationale rejsende"},"content":{"rendered":"<p>Bliv partner med CanaryVIP, og vis dine aktiviteter frem for rejsende fra hele verden. Da vores platform forts\u00e6tter med at vokse p\u00e5 tv\u00e6rs af Tenerife, Gran Canaria, Fuerteventura, Lanzarote, La Palma og El Hierro, er vi aktivt p\u00e5 udkig efter samarbejde med professionelle aktivitetsudbydere og rejsearrang\u00f8rer.<\/p>\n<p>Vores m\u00e5l er enkelt: at forbinde lokale oplevelser af h\u00f8j kvalitet med internationale bes\u00f8gende, som \u00f8nsker at opdage det bedste, De Kanariske \u00d8er har at byde p\u00e5.<\/p>\n<h2>Rejse- og aktivitetsarrang\u00f8rer<\/h2>\n<p>Hvis du arrangerer udflugter, b\u00e5dture, udend\u00f8rs eventyr, vandsport, guidede oplevelser eller andre unikke aktiviteter p\u00e5 De Kanariske \u00d8er, kan CanaryVIP hj\u00e6lpe dig med at n\u00e5 ud til et bredere publikum.<\/p>\n<p>Gennem vores platform kan din aktivitet blive synlig blandt internationale rejsende, der aktivt s\u00f8ger efter ting at lave under deres ophold p\u00e5 De Kanariske \u00d8er.<\/p>\n<p>Ved at samarbejde med CanaryVIP kan din aktivitet f\u00e5 gavn af:<\/p>\n<p>- \u00d8get eksponering over for internationale bes\u00f8gende<br \/>\n- Yderligere bookinger via vores online platform<br \/>\n- Promovering gennem vores digitale marketingkanaler<br \/>\n- En enkel og gennemsigtig samarbejdsmodel<\/p>\n<p>Vi samarbejder med n\u00f8je udvalgte partnere, som giver bes\u00f8gende professionelle, sikre og mindev\u00e6rdige oplevelser.<\/p>\n<h2>Krav til samarbejde<\/h2>\n<p>For at sikre den bedste oplevelse for vores kunder samarbejder vi med operat\u00f8rer, der lever op til professionelle og juridiske standarder. Dette omfatter de rette licenser, forsikringer og overholdelse af lokale regler, hvor det er relevant.<\/p>\n<p>Vi v\u00e6rds\u00e6tter partnere, der er p\u00e5lidelige, kommunikerer klart og opretholder et h\u00f8jt serviceniveau for g\u00e6sterne.<\/p>\n<h2>Aktiviteter, vi er p\u00e5 udkig efter<\/h2>\n<p>Vi er interesserede i at samarbejde med en bred vifte af aktivitetsudbydere p\u00e5 de Kanariske \u00d8er, herunder:<\/p>\n<p>- B\u00e5dture og privat yachtcharter<br \/>\n- Udflugter med hval- og delfinsafari<br \/>\n- Jetski og vandsportsaktiviteter<br \/>\n- Oplevelser med quad og buggy<br \/>\n- Vandre- og naturture<br \/>\n- Kulturelle og guidede oplevelser<br \/>\n- Dykning, snorkling og havaktiviteter<\/p>\n<p>Hvis du tilbyder en unik oplevelse, som bes\u00f8gende p\u00e5 De Kanariske \u00d8er vil nyde, vil vi gerne h\u00f8re fra dig.<\/p>\n<h2>F\u00e5 dine bookinger til at vokse med CanaryVIP<\/h2>\n<p>Vores mission er at st\u00f8tte lokale operat\u00f8rer og samtidig g\u00f8re det lettere for rejsende at opdage og booke autentiske oplevelser p\u00e5 De Kanariske \u00d8er.<\/p>\n<p>Hvis du gerne vil have dine udflugter eller tjenester vist p\u00e5 CanaryVIP, skal du kontakte vores team og fort\u00e6lle os mere om din aktivitet.<\/p>\n<p><strong>Er du interesseret i at arbejde sammen? Kontakt os i dag, og lad os unders\u00f8ge, hvordan vi kan vokse sammen.<\/strong><\/p>","protected":false},"excerpt":{"rendered":"<p>Bliv partner med CanaryVIP, og vis dine aktiviteter frem for rejsende fra hele verden. Da vores platform forts\u00e6tter med at vokse p\u00e5 tv\u00e6rs af Tenerife, Gran Canaria, Fuerteventura, Lanzarote, La Palma og El Hierro, er vi aktivt p\u00e5 udkig efter samarbejde med professionelle aktivitetsudbydere og rejsearrang\u00f8rer. Vores m\u00e5l er enkelt: at forbinde lokale oplevelser af h\u00f8j kvalitet med internationale ...<\/p>","protected":false},"author":1,"featured_media":0,"parent":0,"menu_order":0,"comment_status":"closed","ping_status":"closed","template":"","meta":{"_acf_changed":false,"footnotes":""},"class_list":["post-9195","page","type-page","status-publish","hentry"],"acf":[],"_links":{"self":[{"href":"https:\/\/canaryvip.com\/da\/wp-json\/wp\/v2\/pages\/9195","targetHints":{"allow":["GET"]}}],"collection":[{"href":"https:\/\/canaryvip.com\/da\/wp-json\/wp\/v2\/pages"}],"about":[{"href":"https:\/\/canaryvip.com\/da\/wp-json\/wp\/v2\/types\/page"}],"author":[{"embeddable":true,"href":"https:\/\/canaryvip.com\/da\/wp-json\/wp\/v2\/users\/1"}],"replies":[{"embeddable":true,"href":"https:\/\/canaryvip.com\/da\/wp-json\/wp\/v2\/comments?post=9195"}],"version-history":[{"count":8,"href":"https:\/\/canaryvip.com\/da\/wp-json\/wp\/v2\/pages\/9195\/revisions"}],"predecessor-version":[{"id":16786,"href":"https:\/\/canaryvip.com\/da\/wp-json\/wp\/v2\/pages\/9195\/revisions\/16786"}],"wp:attachment":[{"href":"https:\/\/canaryvip.com\/da\/wp-json\/wp\/v2\/media?parent=9195"}],"curies":[{"name":"wp","href":"https:\/\/api.w.org\/{rel}","templated":true}]}}