{"id":9191,"date":"2024-01-28T19:00:41","date_gmt":"2024-01-28T19:00:41","guid":{"rendered":"https:\/\/canaryvip.com\/?page_id=9191"},"modified":"2026-03-07T10:38:22","modified_gmt":"2026-03-07T10:38:22","slug":"privacy-policy","status":"publish","type":"page","link":"https:\/\/canaryvip.com\/da\/privacy-policy\/","title":{"rendered":"Privatlivspolitik"},"content":{"rendered":"<section class=\"l-section wpb_row us_custom_4af741be height_auto\"><div class=\"l-section-h i-cf\"><div class=\"g-cols vc_row via_flex valign_top type_default stacking_default\"><div class=\"vc_col-sm-12 wpb_column vc_column_container\"><div class=\"vc_column-inner us_custom_5cd26a65\"><div class=\"wpb_wrapper\"><div class=\"wpb_text_column\"><div class=\"wpb_wrapper\"><h2>1. Introduktion<\/h2>\n<p>Velkommen til CanaryVIP.com. Beskyttelsen af dine personoplysninger og dit privatliv er grundl\u00e6ggende prioriteter for os. Denne privatlivspolitik beskriver de kategorier af personlige oplysninger, vi indsamler, de form\u00e5l, vi bruger dem til, hvordan vi deler og opbevarer dem, og de sikkerhedsforanstaltninger, vi anvender for at holde dem sikre. Alle behandlingsaktiviteter udf\u00f8res i overensstemmelse med g\u00e6ldende databeskyttelseslovgivning, herunder den generelle databeskyttelsesforordning (GDPR).<\/p>\n<h2>2. Dataansvarlig<\/h2>\n<p>I henhold til GDPR er den enhed, der er ansvarlig for behandlingen af dine personlige data:<\/p>\n<p><img decoding=\"async\" class=\"alignnone wp-image-15255\" src=\"https:\/\/canaryvip.com\/wp-content\/uploads\/2025\/07\/canaryvipcompany.png\" alt=\"CanaryVIP\" width=\"400\" height=\"145\" srcset=\"https:\/\/canaryvip.com\/wp-content\/uploads\/2025\/07\/canaryvipcompany.png 772w, https:\/\/canaryvip.com\/wp-content\/uploads\/2025\/07\/canaryvipcompany-300x109.png 300w, https:\/\/canaryvip.com\/wp-content\/uploads\/2025\/07\/canaryvipcompany-18x7.png 18w, https:\/\/canaryvip.com\/wp-content\/uploads\/2025\/07\/canaryvipcompany-600x218.png 600w\" sizes=\"(max-width: 400px) 100vw, 400px\" title=\"\"><\/p>\n<h2>3. Juridisk grundlag for behandling<\/h2>\n<p>I overensstemmelse med artikel 6 i GDPR er CanaryVIP afh\u00e6ngig af f\u00f8lgende juridiske grunde til at behandle personoplysninger:<\/p>\n<h3>3.1 Opfyldelse af en kontrakt (art. 6.1.b)<\/h3>\n<p>Vi behandler personoplysninger, n\u00e5r det er n\u00f8dvendigt for at opfylde en kontrakt med dig eller for at tage skridt p\u00e5 din anmodning, f\u00f8r vi indg\u00e5r en kontrakt. Dette d\u00e6kker:<\/p>\n<ul>\n<li>Behandling af bookinger og administration af reservationer.<\/li>\n<li>Yde kundesupport i forbindelse med bestilte tjenester.<\/li>\n<li>H\u00e5ndtering af aflysninger, tilbagebetalinger og \u00e6ndringer i rejseplanen.<\/li>\n<\/ul>\n<h3>3.2 Samtykke (art. 6.1.a)<\/h3>\n<p>Hvor loven kr\u00e6ver det, indhenter vi dit udtrykkelige samtykke, f\u00f8r vi behandler personoplysninger. Dette g\u00e6lder is\u00e6r for:<\/p>\n<ul>\n<li>Afsendelse af salgsfremmende e-mails, nyhedsbreve eller markedsf\u00f8ringskommunikation.<\/li>\n<li>Indsamling af yderligere oplysninger via valgfrie formularer p\u00e5 vores hjemmeside.<\/li>\n<\/ul>\n<p>Du kan til enhver tid tr\u00e6kke dit samtykke tilbage, uden at det p\u00e5virker lovligheden af den behandling, der er foretaget f\u00f8r tilbagetr\u00e6kningen.<\/p>\n<h3>3.3 Juridisk forpligtelse (art. 6.1.c)<\/h3>\n<p>Vi kan behandle personoplysninger for at overholde juridiske forpligtelser, der er bindende for CanaryVIP, herunder:<\/p>\n<ul>\n<li>Skatte- og finansregler i forbindelse med fakturering og transaktioner.<\/li>\n<li>Lovgivning om forbrugerbeskyttelse.<\/li>\n<li>Besvarelse af lovlige anmodninger fra offentlige myndigheder eller retsh\u00e5ndh\u00e6vende organer.<\/li>\n<\/ul>\n<h3>3.4 Berettiget interesse (art. 6.1.f)<\/h3>\n<p>Vi kan behandle data p\u00e5 grundlag af vores legitime forretningsinteresser, forudsat at disse interesser ikke tilsides\u00e6ttes af dine rettigheder og friheder. Eksemplerne omfatter:<\/p>\n<ul>\n<li>Forbedring af vores tjenester gennem kundefeedback og analyser.<\/li>\n<li>Forebyggelse af svindel og cybersikkerhed.<\/li>\n<li>Besvarelse af generelle foresp\u00f8rgsler og anmodninger om kundeservice.<\/li>\n<\/ul>\n<p>Du har til enhver tid ret til at g\u00f8re indsigelse mod behandling baseret p\u00e5 legitim interesse. For at ud\u00f8ve denne ret skal du kontakte os p\u00e5 <strong><a href=\"mailto:info@canaryvip.com\">info@canaryvip.com<\/a><\/strong>.<\/p>\n<hr \/>\n<h2>4. Oplysninger, vi indsamler, og hvordan vi bruger dem<\/h2>\n<h3>4.1 Kategorier af personoplysninger<\/h3>\n<p>Vi kan indsamle og behandle f\u00f8lgende typer af personoplysninger:<\/p>\n<ul>\n<li><strong>Identitetsdata:<\/strong> Navn, efternavn, f\u00f8dselsdato.<\/li>\n<li><strong>Kontaktoplysninger:<\/strong> E-mail-adresse, telefonnummer.<\/li>\n<li><strong>Bookingdata:<\/strong> Udflugtsdetaljer, reservationsoplysninger og tilknyttede betalinger.<\/li>\n<li><strong>Kommunikationsdata:<\/strong> E-mails, beskeder og optegnelser over interaktioner med kundeservice.<\/li>\n<li><strong>Transaktionsdata:<\/strong> Betalingsoplysninger behandles sikkert via tredjeparts betalingsudbydere.<\/li>\n<\/ul>\n<h3>4.2 Form\u00e5l med behandling<\/h3>\n<p>Vi bruger de personoplysninger, vi indsamler, til f\u00f8lgende form\u00e5l:<\/p>\n<ul>\n<li>Behandling og administration af bookinger og reservationer.<\/li>\n<li>At yde kundesupport f\u00f8r, under og efter udflugter.<\/li>\n<li>Sende servicerelateret kommunikation (bekr\u00e6ftelser, p\u00e5mindelser, opdateringer).<\/li>\n<li>Opfyldelse af juridiske og lovgivningsm\u00e6ssige forpligtelser.<\/li>\n<\/ul>\n<hr \/>\n<h2>5. Deling og opbevaring af data<\/h2>\n<h3>5.1 N\u00e5r vi deler data<\/h3>\n<p>Vi deler kun persondata, n\u00e5r det er strengt n\u00f8dvendigt, og altid i overensstemmelse med GDPR. Modtagere kan omfatte:<\/p>\n<ul>\n<li><strong>Betalingsprocessorer:<\/strong> Til sikker behandling af transaktioner. (f.eks. Stripe, PayPal).<\/li>\n<li><strong>Lovgivende myndigheder:<\/strong> N\u00e5r videregivelse er p\u00e5kr\u00e6vet ved lov.<\/li>\n<li><strong>Udbydere af tjenester:<\/strong> Til forebyggelse af svindel, sikkerhed og driftsst\u00f8tte.<\/li>\n<\/ul>\n<p>For oplysninger om data, der deles via cookies og sporingsteknologier, henvises til vores <strong><a href=\"https:\/\/canaryvip.com\/da\/cookie-policy\/\" target=\"_blank\" rel=\"noopener\">Cookie-politik<\/a><\/strong>.<\/p>\n<h3>5.2 Internationale dataoverf\u00f8rsler<\/h3>\n<p>For at kunne levere vores tjenester kan CanaryVIP dele personoplysninger med tredjepartsudbydere uden for Det Europ\u00e6iske \u00d8konomiske Samarbejdsomr\u00e5de (E\u00d8S). N\u00e5r dette sker, sikrer vi overholdelse af artikel 44 til 50 i GDPR gennem passende juridiske sikkerhedsforanstaltninger:<\/p>\n<ul>\n<li>Visse udbydere, herunder <strong>Google, Meta (Facebook og Instagram) og TikTok<\/strong>, er hjemmeh\u00f8rende i USA og deltager i <strong>EU's og USA's ramme for databeskyttelse (DPF)<\/strong>.<\/li>\n<li>For udbydere, der ikke er d\u00e6kket af DPF, som f.eks. <strong>Stripe og PayPal<\/strong>, er vi afh\u00e6ngige af <strong>Standardkontraktbestemmelser (SCC'er)<\/strong> godkendt af Europa-Kommissionen for at garantere et tilstr\u00e6kkeligt databeskyttelsesniveau.<\/li>\n<\/ul>\n<p>Hvis du har sp\u00f8rgsm\u00e5l om internationale dataoverf\u00f8rsler, bedes du kontakte os p\u00e5 <strong><a href=\"mailto:info@canaryvip.com\">info@canaryvip.com<\/a><\/strong>.<\/p>\n<h3>5.3 Hvor l\u00e6nge vi opbevarer dine data<\/h3>\n<ul>\n<li>Personoplysninger opbevares kun s\u00e5 l\u00e6nge, det er n\u00f8dvendigt for at opfylde de form\u00e5l, der er beskrevet i denne politik.<\/li>\n<li>Bookingoptegnelser opbevares i mindst <strong>5 \u00e5r<\/strong> for at overholde juridiske og skattem\u00e6ssige forpligtelser.<\/li>\n<li>Du kan til enhver tid anmode om sletning af dine data, med forbehold for eventuelle juridiske krav om opbevaring, der m\u00e5tte g\u00e6lde.<\/li>\n<\/ul>\n<hr \/>\n<h2>6. Datasikkerhed<\/h2>\n<p>Vi anvender tekniske og organisatoriske foranstaltninger for at beskytte personoplysninger mod uautoriseret adgang, tab, \u00e6ndring eller offentligg\u00f8relse. Disse foranstaltninger omfatter:<\/p>\n<ul>\n<li><strong>SSL\/TLS-kryptering:<\/strong> Alle data, der overf\u00f8res via vores hjemmeside, krypteres undervejs.<\/li>\n<li><strong>Cloudflare-beskyttelse:<\/strong> Vi bruger Cloudflares sikkerhedstjenester, herunder DDoS-begr\u00e6nsning, Web Application Firewall og botfiltrering.<\/li>\n<li><strong>Adgangskontrol:<\/strong> Kun autoriseret personale med et legitimt behov kan f\u00e5 adgang til f\u00f8lsomme data.<\/li>\n<li><strong>Minimering af data:<\/strong> Vi indsamler og opbevarer kun de personoplysninger, der er strengt n\u00f8dvendige.<\/li>\n<\/ul>\n<hr \/>\n<h2>7. Dine rettigheder under GDPR<\/h2>\n<p>Den generelle forordning om databeskyttelse giver dig f\u00f8lgende rettigheder over dine personlige data:<\/p>\n<ul>\n<li><strong>Ret til adgang:<\/strong> Du kan anmode om bekr\u00e6ftelse p\u00e5, om vi behandler dine data, og f\u00e5 en kopi af dem.<\/li>\n<li><strong>Ret til berigtigelse:<\/strong> Du kan anmode om rettelse af eventuelle un\u00f8jagtige eller ufuldst\u00e6ndige data, vi har om dig.<\/li>\n<li><strong>Ret til sletning:<\/strong> Du kan bede os om at slette dine personlige data med forbehold for g\u00e6ldende juridiske opbevaringsforpligtelser.<\/li>\n<li><strong>Ret til begr\u00e6nsning:<\/strong> Du kan anmode om, at vi begr\u00e6nser, hvordan vi behandler dine data under visse omst\u00e6ndigheder.<\/li>\n<li><strong>Ret til at g\u00f8re indsigelse:<\/strong> Du kan g\u00f8re indsigelse mod behandling, der udf\u00f8res p\u00e5 grundlag af legitim interesse.<\/li>\n<li><strong>Ret til dataportabilitet:<\/strong> Du kan anmode om en kopi af dine data i et struktureret, almindeligt anvendt og maskinl\u00e6sbart format.<\/li>\n<\/ul>\n<p>Hvis du vil ud\u00f8ve en af disse rettigheder, skal du kontakte os p\u00e5 <strong><a href=\"mailto:info@canaryvip.com\">info@canaryvip.com<\/a><\/strong>.<\/p>\n<hr \/>\n<h2>8. \u00c6ndringer af denne politik<\/h2>\n<p>Ved at bruge vores tjenester giver du samtykke til indsamling og brug af dine personoplysninger som beskrevet i denne politik.<\/p>\n<p>CanaryVIP forbeholder sig ret til at opdatere denne privatlivspolitik til enhver tid. Eventuelle \u00e6ndringer vil blive offentliggjort p\u00e5 denne side. Vi opfordrer dig til at gennemg\u00e5 denne politik med j\u00e6vne mellemrum for at holde dig informeret.<\/p>\n<p><strong>Denne privatlivspolitik d\u00e6kker ikke brugen af cookies eller sporingsteknologier. Se venligst vores <a href=\"https:\/\/canaryvip.com\/da\/cookie-policy\/\" target=\"_blank\" rel=\"noopener\">Cookie-politik<\/a> for detaljer om disse emner.<\/strong><\/p>\n<hr \/>\n<h2>9. Kontakt<\/h2>\n<p>Hvis du har sp\u00f8rgsm\u00e5l om denne privatlivspolitik eller om, hvordan vi h\u00e5ndterer dine personlige data, kan du kontakte os p\u00e5:<\/p>\n<p>\ud83d\udce7 <strong>E-mail:<\/strong> <a href=\"mailto:info@canaryvip.com\">info@canaryvip.com<\/a><br \/>\n\ud83c\udf0d <strong>Hjemmeside:<\/strong> <a href=\"https:\/\/canaryvip.com\/da\/\" target=\"_blank\" rel=\"noopener\">www.canaryvip.com<\/a><\/p>\n<\/div><\/div><\/div><\/div><\/div><\/div><\/div><\/section>","protected":false},"excerpt":{"rendered":"1. Introduction Welcome to CanaryVIP.com. The protection of your personal data and your privacy are fundamental priorities for us. This Privacy Policy describes the categories of personal information we collect, the purposes for which we use it, how we share and store it, and the security measures we apply to keep it safe. All processing...","protected":false},"author":1,"featured_media":0,"parent":0,"menu_order":0,"comment_status":"closed","ping_status":"closed","template":"","meta":{"_acf_changed":false,"footnotes":""},"class_list":["post-9191","page","type-page","status-publish","hentry"],"acf":[],"_links":{"self":[{"href":"https:\/\/canaryvip.com\/da\/wp-json\/wp\/v2\/pages\/9191","targetHints":{"allow":["GET"]}}],"collection":[{"href":"https:\/\/canaryvip.com\/da\/wp-json\/wp\/v2\/pages"}],"about":[{"href":"https:\/\/canaryvip.com\/da\/wp-json\/wp\/v2\/types\/page"}],"author":[{"embeddable":true,"href":"https:\/\/canaryvip.com\/da\/wp-json\/wp\/v2\/users\/1"}],"replies":[{"embeddable":true,"href":"https:\/\/canaryvip.com\/da\/wp-json\/wp\/v2\/comments?post=9191"}],"version-history":[{"count":18,"href":"https:\/\/canaryvip.com\/da\/wp-json\/wp\/v2\/pages\/9191\/revisions"}],"predecessor-version":[{"id":16863,"href":"https:\/\/canaryvip.com\/da\/wp-json\/wp\/v2\/pages\/9191\/revisions\/16863"}],"wp:attachment":[{"href":"https:\/\/canaryvip.com\/da\/wp-json\/wp\/v2\/media?parent=9191"}],"curies":[{"name":"wp","href":"https:\/\/api.w.org\/{rel}","templated":true}]}}