{"id":14002,"date":"2025-03-19T21:07:11","date_gmt":"2025-03-19T21:07:11","guid":{"rendered":"https:\/\/canaryvip.com\/?page_id=14002"},"modified":"2025-07-29T17:08:42","modified_gmt":"2025-07-29T16:08:42","slug":"legal-notice","status":"publish","type":"page","link":"https:\/\/canaryvip.com\/da\/legal-notice\/","title":{"rendered":"Juridisk meddelelse"},"content":{"rendered":"<h2>1. IDENTIFIKATION AF TJENESTEUDBYDEREN<\/h2>\n<p>I overensstemmelse med lov 34\/2002 af 11. juli om informationssamfundets tjenester og elektronisk handel (LSSI-CE) gives f\u00f8lgende oplysninger:<\/p>\n<h2><img decoding=\"async\" class=\"alignnone wp-image-15255\" src=\"https:\/\/canaryvip.com\/wp-content\/uploads\/2025\/07\/canaryvipcompany.png\" alt=\"CanaryVIP\" width=\"400\" height=\"145\" title=\"\" srcset=\"https:\/\/canaryvip.com\/wp-content\/uploads\/2025\/07\/canaryvipcompany.png 772w, https:\/\/canaryvip.com\/wp-content\/uploads\/2025\/07\/canaryvipcompany-300x109.png 300w, https:\/\/canaryvip.com\/wp-content\/uploads\/2025\/07\/canaryvipcompany-18x7.png 18w, https:\/\/canaryvip.com\/wp-content\/uploads\/2025\/07\/canaryvipcompany-600x218.png 600w\" sizes=\"(max-width: 400px) 100vw, 400px\" \/><\/h2>\n<h2>2. FORM\u00c5LET MED DENNE HJEMMESIDE<\/h2>\n<p>CanaryVIP.com er en online platform, der tilbyder udflugter, ture og oplevelser p\u00e5 De Kanariske \u00d8er. Brugerne kan gennemse, booke og k\u00f8be aktiviteter via hjemmesiden.<\/p>\n<h2>3. VILK\u00c5R FOR BRUG<\/h2>\n<h3>3.1. Brugerens ansvar<\/h3>\n<p>Brugeren forpligter sig til at g\u00f8re passende brug af hjemmesiden og dens indhold. Det er forbudt at deltage i ulovlige aktiviteter eller handlinger, der kan skade CanaryVIP.com eller tredjeparter.<\/p>\n<h3>3.2. N\u00f8jagtighed af information<\/h3>\n<p>Selv om vi bestr\u00e6ber os p\u00e5 at sikre, at alle oplysninger p\u00e5 vores websted er n\u00f8jagtige og opdaterede, garanterer CanaryVIP.com ikke, at alle beskrivelser, priser og tilg\u00e6ngelighed af tjenester er fri for fejl. Vi forbeholder os ret til at rette eventuelle un\u00f8jagtigheder eller opdatere indholdet uden forudg\u00e5ende varsel.<\/p>\n<h3>3.3. Eksterne links<\/h3>\n<p>Dette websted kan indeholde links til tredjepartswebsteder. CanaryVIP.com har ingen kontrol over disse eksterne websteder og er ikke ansvarlig for deres indhold eller privatlivspolitik. Inkluderingen af links indeb\u00e6rer ikke godkendelse af CanaryVIP.com.<\/p>\n<h2>4. INTELLEKTUEL EJENDOM<\/h2>\n<p>Alt indhold p\u00e5 CanaryVIP.com, herunder men ikke begr\u00e6nset til tekst, billeder, videoer, grafik, logoer og software, tilh\u00f8rer CanaryVIP.com eller dets indholdsleverand\u00f8rer og er beskyttet af love om intellektuel ejendomsret. Uautoriseret brug, reproduktion eller distribution af indhold er strengt forbudt uden forudg\u00e5ende skriftlig tilladelse fra CanaryVIP.com.<\/p>\n<h2>5. BEGR\u00c6NSNING AF ANSVAR<\/h2>\n<p>CanaryVIP.com kan ikke holdes ansvarlig for:<\/p>\n<ul>\n<li>Eventuelle afbrydelser eller tekniske fejl, der p\u00e5virker webstedsadgang p\u00e5 grund af eksterne \u00e5rsager.<\/li>\n<li>Fejl i oplysninger fra tredjepartsudbydere af udflugter og aktiviteter.<\/li>\n<li>Brugernes manglende overholdelse af booking- og afbestillingspolitikker, der er beskrevet i Vilk\u00e5r og betingelser.<\/li>\n<li>Eventuelle skader for\u00e5rsaget af brugernes ukorrekte brug af hjemmesiden.<\/li>\n<\/ul>\n<h2>6. DATABESKYTTELSE<\/h2>\n<p class=\"translation-block\">Indsamling og behandling af personoplysninger er i overensstemmelse med <strong>den generelle forordning om databeskyttelse (GDPR)<\/strong> og <strong>den spanske organiske lov 3\/2018 om beskyttelse af personoplysninger og garanti for digitale rettigheder (LOPDGDD)<\/strong>. For mere information henvises til vores <a href=\"https:\/\/canaryvip.com\/da\/privacy-policy\/\" target=\"_self\">Privatlivspolitik<\/a>.<\/p>\n<h2>7. \u00c6NDRINGER AF DENNE JURIDISKE MEDDELELSE<\/h2>\n<p>CanaryVIP.com forbeholder sig ret til at \u00e6ndre denne juridiske meddelelse til enhver tid for at afspejle \u00e6ndringer i loven eller forretningspraksis. Brugere b\u00f8r regelm\u00e6ssigt gennemg\u00e5 denne side for at holde sig orienteret om opdateringer.<\/p>\n<h2>8. G\u00c6LDENDE LOV OG JURISDIKTION<\/h2>\n<p class=\"translation-block\">Denne juridiske meddelelse er underlagt spansk lov. Eventuelle tvister, der opst\u00e5r som f\u00f8lge af brugen af dette websted, er underlagt jurisdiktionen for <strong>domstolene i Santa Cruz de Tenerife, Spanien<\/strong>, medmindre andet er fastsat i g\u00e6ldende forbrugerbestemmelser.<\/p>\n<p>Hvis du har sp\u00f8rgsm\u00e5l til denne juridiske meddelelse, bedes du kontakte os p\u00e5 <strong>info@canaryvip.com<\/strong>.<\/p>","protected":false},"excerpt":{"rendered":"<p>1. IDENTIFICATION OF THE SERVICE PROVIDER In accordance with Law 34\/2002, of July 11, on Information Society Services and Electronic Commerce (LSSI-CE), the following information is provided: 2. PURPOSE OF THIS WEBSITE CanaryVIP.com is an online platform dedicated to offering excursions, tours, and experiences in the Canary Islands. Users can browse, book, and purchase activities&#8230;<\/p>","protected":false},"author":1,"featured_media":0,"parent":0,"menu_order":0,"comment_status":"closed","ping_status":"closed","template":"","meta":{"_acf_changed":false,"footnotes":""},"class_list":["post-14002","page","type-page","status-publish","hentry"],"acf":[],"_links":{"self":[{"href":"https:\/\/canaryvip.com\/da\/wp-json\/wp\/v2\/pages\/14002","targetHints":{"allow":["GET"]}}],"collection":[{"href":"https:\/\/canaryvip.com\/da\/wp-json\/wp\/v2\/pages"}],"about":[{"href":"https:\/\/canaryvip.com\/da\/wp-json\/wp\/v2\/types\/page"}],"author":[{"embeddable":true,"href":"https:\/\/canaryvip.com\/da\/wp-json\/wp\/v2\/users\/1"}],"replies":[{"embeddable":true,"href":"https:\/\/canaryvip.com\/da\/wp-json\/wp\/v2\/comments?post=14002"}],"version-history":[{"count":8,"href":"https:\/\/canaryvip.com\/da\/wp-json\/wp\/v2\/pages\/14002\/revisions"}],"predecessor-version":[{"id":15258,"href":"https:\/\/canaryvip.com\/da\/wp-json\/wp\/v2\/pages\/14002\/revisions\/15258"}],"wp:attachment":[{"href":"https:\/\/canaryvip.com\/da\/wp-json\/wp\/v2\/media?parent=14002"}],"curies":[{"name":"wp","href":"https:\/\/api.w.org\/{rel}","templated":true}]}}