{"id":13824,"date":"2025-02-24T13:59:27","date_gmt":"2025-02-24T13:59:27","guid":{"rendered":"https:\/\/canaryvip.com\/?page_id=13824"},"modified":"2025-02-24T15:06:00","modified_gmt":"2025-02-24T15:06:00","slug":"about-us","status":"publish","type":"page","link":"https:\/\/canaryvip.com\/da\/about-us\/","title":{"rendered":"Om os"},"content":{"rendered":"<section class=\"l-section wpb_row height_medium width_custom\" style=\"--site-content-width:700px;\"><div class=\"l-section-h i-cf\"><div class=\"g-cols vc_row via_flex valign_top type_default stacking_default\"><div class=\"vc_col-sm-12 wpb_column vc_column_container\"><div class=\"vc_column-inner\"><div class=\"wpb_wrapper\"><h1 class=\"w-text\"><span class=\"w-text-h\"><span class=\"w-text-value\">Om os - CanaryVIP<\/span><\/span><\/h1><h2 class=\"w-text us_custom_fe162ea1\"><span class=\"w-text-h\"><span class=\"w-text-value\">Hvem vi er<\/span><\/span><\/h2><div class=\"wpb_text_column\"><div class=\"wpb_wrapper\"><p>CanaryVIP er en f\u00f8rende onlineplatform, der er dedikeret til at tilbyde de bedste aktiviteter og udflugter p\u00e5 De Kanariske \u00d8er. Som en del af Tu Nido Tenerife, et af de bedste ejendomsm\u00e6glere p\u00e5 Tenerife med over 20 \u00e5rs erfaring inden for fast ejendom og byggeri, har vi tilbudt uforglemmelige oplevelser p\u00e5 De Kanariske \u00d8er siden 2010.<\/p>\n<\/div><\/div><\/div><\/div><\/div><div class=\"vc_col-sm-12 wpb_column vc_column_container\"><div class=\"vc_column-inner\"><div class=\"wpb_wrapper\"><h2 class=\"w-text us_custom_9d8033b1\"><span class=\"w-text-h\"><span class=\"w-text-value\">Vores rejse<\/span><\/span><\/h2><div class=\"wpb_text_column\"><div class=\"wpb_wrapper\"><p data-pm-slice=\"1 1 &#091;&#093;\"><span>Vores virksomhed har besk\u00e6ftiget sig med byggeri p\u00e5 Tenerife siden 2003 og har opbygget et st\u00e6rkt fundament inden for ejendomssektoren. I 2010 udvidede vi vores tjenester under navnet Tu Nido Tenerife og arbejdede fra et kontor i Playa Fa\u00f1ab\u00e9. Da vores forretning voksede, flyttede vi til Plaza Fa\u00f1ab\u00e9 og udvidede senere med endnu et kontor i Vista Sur. I dag ligger vores nye hovedkvarter i Madro\u00f1al de Fa\u00f1ab\u00e9, hvor b\u00e5de Tu Nido Tenerife og CanaryVIP arbejder og forts\u00e6tter med at levere f\u00f8rsteklasses tjenester til vores kunder.<\/span><\/p>\n<\/div><\/div><\/div><\/div><\/div><div class=\"vc_col-sm-12 wpb_column vc_column_container\"><div class=\"vc_column-inner\"><div class=\"wpb_wrapper\"><div class=\"w-image us_custom_af6a9b6a align_none\"><div class=\"w-image-h\"><img decoding=\"async\" width=\"1024\" height=\"683\" src=\"https:\/\/canaryvip.com\/wp-content\/uploads\/2025\/02\/TuNido-Office_Web-1.webp\" class=\"attachment-large size-large\" alt=\"Kontor\" loading=\"lazy\" srcset=\"https:\/\/canaryvip.com\/wp-content\/uploads\/2025\/02\/TuNido-Office_Web-1.webp 1024w, https:\/\/canaryvip.com\/wp-content\/uploads\/2025\/02\/TuNido-Office_Web-1-300x200.webp 300w, https:\/\/canaryvip.com\/wp-content\/uploads\/2025\/02\/TuNido-Office_Web-1-18x12.webp 18w, https:\/\/canaryvip.com\/wp-content\/uploads\/2025\/02\/TuNido-Office_Web-1-600x400.webp 600w\" sizes=\"auto, (max-width: 1024px) 100vw, 1024px\" title=\"\"><\/div><\/div><h2 class=\"w-text us_custom_9d8033b1\"><span class=\"w-text-h\"><span class=\"w-text-value\">F\u00f8dslen af CanaryVIP<\/span><\/span><\/h2><div class=\"wpb_text_column\"><div class=\"wpb_wrapper\"><p data-pm-slice=\"1 1 &#091;&#093;\"><span>I 2024 traf vi den strategiske beslutning at adskille vores aktivitets- og udflugtsvirksomhed fra Tu Nido Tenerife og skabte CanaryVIP som et selvst\u00e6ndigt brand, der udelukkende er dedikeret til turistoplevelser p\u00e5 De Kanariske \u00d8er. Mens Tu Nido Tenerife fortsat er et veletableret navn i <a href=\"https:\/\/www.tunidotenerife.com\/en\/inmobiliaria-tenerife\/\" target=\"_blank\" rel=\"noopener\">fast ejendom Tenerife<\/a> sektor, <strong>CanaryVIP<\/strong> er hurtigt vokset til et f\u00f8rende online brand, som g\u00f8r det nemmere end nogensinde for bes\u00f8gende at booke utrolige aktiviteter, ture og eventyr p\u00e5 tv\u00e6rs af \u00f8erne.<\/span><\/p>\n<\/div><\/div><div class=\"w-html us_custom_af6a9b6a\"><iframe src=\"https:\/\/www.google.com\/maps\/embed?pb=!1m18!1m12!1m3!1d5215.387122659485!2d-16.72642792321668!3d28.09472697596261!2m3!1f0!2f0!3f0!3m2!1i1024!2i768!4f13.1!3m3!1m2!1s0xc6a996288a2335b%3A0x6e5358268b00a79!2sCanaryVIP%20-%20Tours%20and%20Excursions!5e1!3m2!1sen!2ses!4v1740406697434!5m2!1sen!2ses\" width=\"700\" height=\"300\" style=\"border:0;\" allowfullscreen=\"\" loading=\"lazy\" referrerpolicy=\"no-referrer-when-downgrade\"><\/iframe><\/div><\/div><\/div><\/div><div class=\"vc_col-sm-12 wpb_column vc_column_container\"><div class=\"vc_column-inner\"><div class=\"wpb_wrapper\"><h2 class=\"w-text us_custom_9d8033b1\"><span class=\"w-text-h\"><span class=\"w-text-value\">Vores mission<\/span><\/span><\/h2><div class=\"wpb_text_column\"><div class=\"wpb_wrapper\"><p data-pm-slice=\"1 1 &#091;&#093;\"><span>Hos CanaryVIP br\u00e6nder vi for at levere unikke oplevelser af h\u00f8j kvalitet, der viser det bedste af De Kanariske \u00d8er. Uanset om du er p\u00e5 udkig efter b\u00e5dture, vandsport, vandreeventyr eller eksklusive private udflugter, sikrer vi en uforglemmelig rejse, der er skr\u00e6ddersyet til dine behov.<\/span><\/p>\n<\/div><\/div><div class=\"w-separator size_medium\"><\/div><\/div><\/div><\/div><\/div><\/div><\/section>","protected":false},"excerpt":{"rendered":"Om os - CanaryVIPHvem vi erCanaryVIP er en f\u00f8rende onlineplatform, der er dedikeret til at levere de bedste aktiviteter og udflugter p\u00e5 De Kanariske \u00d8er. Som en del af Tu Nido Tenerife, et af de bedste ejendomsm\u00e6glere p\u00e5 Tenerife med over 20 \u00e5rs erfaring inden for fast ejendom og ejendomsbyggeri, har vi tilbudt uforglemmelige...","protected":false},"author":1,"featured_media":0,"parent":0,"menu_order":0,"comment_status":"closed","ping_status":"closed","template":"","meta":{"_acf_changed":false,"footnotes":""},"class_list":["post-13824","page","type-page","status-publish","hentry"],"acf":[],"_links":{"self":[{"href":"https:\/\/canaryvip.com\/da\/wp-json\/wp\/v2\/pages\/13824","targetHints":{"allow":["GET"]}}],"collection":[{"href":"https:\/\/canaryvip.com\/da\/wp-json\/wp\/v2\/pages"}],"about":[{"href":"https:\/\/canaryvip.com\/da\/wp-json\/wp\/v2\/types\/page"}],"author":[{"embeddable":true,"href":"https:\/\/canaryvip.com\/da\/wp-json\/wp\/v2\/users\/1"}],"replies":[{"embeddable":true,"href":"https:\/\/canaryvip.com\/da\/wp-json\/wp\/v2\/comments?post=13824"}],"version-history":[{"count":5,"href":"https:\/\/canaryvip.com\/da\/wp-json\/wp\/v2\/pages\/13824\/revisions"}],"predecessor-version":[{"id":13832,"href":"https:\/\/canaryvip.com\/da\/wp-json\/wp\/v2\/pages\/13824\/revisions\/13832"}],"wp:attachment":[{"href":"https:\/\/canaryvip.com\/da\/wp-json\/wp\/v2\/media?parent=13824"}],"curies":[{"name":"wp","href":"https:\/\/api.w.org\/{rel}","templated":true}]}}