{"id":9938,"date":"2024-02-19T15:00:26","date_gmt":"2024-02-19T15:00:26","guid":{"rendered":"https:\/\/canaryvip.com\/?post_type=product&#038;p=9938"},"modified":"2025-08-13T23:29:03","modified_gmt":"2025-08-13T22:29:03","slug":"no-worries-private-yacht-charter-tenerife","status":"publish","type":"product","link":"https:\/\/canaryvip.com\/cs\/shop\/no-worries-private-yacht-charter-tenerife\/","title":{"rendered":"No Worries Pron\u00e1jem jachet Tenerife"},"content":{"rendered":"<h2><strong>\ud83c\udf0a Objevte pron\u00e1jem jachet bez obav na Tenerife<\/strong><\/h2>\n<p>Nastupte na palubu <strong>\u017d\u00e1dn\u00e9 obavy,<\/strong> elegantn\u00ed <strong>Jachta Antares 42,<\/strong>\u00a0a vydejte se na velkolepou cestu pod\u00e9l n\u00e1dhern\u00e9ho pob\u0159e\u017e\u00ed Tenerife. Tento pron\u00e1jem lod\u00ed na Tenerife, kter\u00fd se v\u011bnuje poskytov\u00e1n\u00ed intimn\u00edch a individu\u00e1ln\u00edch z\u00e1\u017eitk\u016f, slou\u017e\u00ed jako va\u0161e osobn\u00ed o\u00e1za luxusu, pohodl\u00ed a dobrodru\u017estv\u00ed, kter\u00e9 hled\u00e1te.<\/p>\n<p>Dop\u0159ejte si \u0159adu prvot\u0159\u00eddn\u00edho vybaven\u00ed a zaj\u00edmav\u00fdch aktivit, aby ka\u017ed\u00fd okam\u017eik na palub\u011b p\u0159ed\u010dil va\u0161e o\u010dek\u00e1v\u00e1n\u00ed a pro\u017eil mimo\u0159\u00e1dn\u00e9 n\u00e1mo\u0159n\u00ed dobrodru\u017estv\u00ed.<\/p>\n<h3>\u2b50\ufe0f <strong>Pr\u00e9miov\u00e9 pohodl\u00ed a exkluzivn\u00ed soukrom\u00ed<\/strong><\/h3>\n<p><span style=\"text-decoration: underline;\"><strong>V\u00fdjime\u010dn\u00e9 pohodl\u00ed, kter\u00e9 \u010din\u00ed tento pron\u00e1jem lod\u00ed na Tenerife jedine\u010dn\u00fdm:<\/strong><\/span><\/p>\n<ul>\n<li>Luxusn\u00ed p\u0159edn\u00ed lodn\u00ed pol\u0161t\u00e1\u0159e a prostorn\u00fd m\u016fstek Fly Bridge, ide\u00e1ln\u00ed pro relaxaci a opalov\u00e1n\u00ed.<\/li>\n<li>Modern\u00ed koupelny se sprchou.<\/li>\n<li>R\u016fzn\u00e9 luxusn\u00ed vybaven\u00ed navr\u017een\u00e9 tak, aby v\u00e1m zp\u0159\u00edjemnilo pobyt na palub\u011b.<\/li>\n<\/ul>\n<h3>\ud83d\udd52 <strong>Flexibiln\u00ed mo\u017enosti pron\u00e1jmu podle ka\u017ed\u00e9ho p\u0159\u00e1n\u00ed<\/strong><\/h3>\n<ul>\n<li><strong>Dvouhodinov\u00e1 prohl\u00eddka<\/strong>: Kr\u00e1tk\u00fd, ale nezapomenuteln\u00fd pohled na mo\u0159skou kr\u00e1su Tenerife s kapacitou a\u017e 10 cestuj\u00edc\u00edch. Tento v\u00fdlet zahrnuje v\u0161echny n\u00e1poje, bagety, tapas, \u010derstv\u00e9 ovoce, vybaven\u00ed pro \u0161norchlov\u00e1n\u00ed, p\u00e1dla a vyhrazen\u00e9ho \u010d\u00ed\u0161n\u00edka.<\/li>\n<li><strong>3hodinov\u00e1 plavba s podpisem<\/strong>: Pono\u0159te se hloub\u011bji do pob\u0159e\u017en\u00edch kr\u00e1s Tenerife b\u011bhem t\u00e9to t\u0159\u00edhodinov\u00e9 prohl\u00eddky, kter\u00e1 zahrnuje tak\u00e9 v\u0161echny n\u00e1poje, bagety, tapas, \u010derstv\u00e9 ovoce, vybaven\u00ed pro \u0161norchlov\u00e1n\u00ed, p\u00e1dla a obsluhu.<\/li>\n<li><strong>4hodinov\u00e1 prodlou\u017een\u00e1 cesta<\/strong>: Tento charter nab\u00edz\u00ed v\u00edce \u010dasu na vod\u011b a zahrnuje ve\u0161ker\u00e9 vybaven\u00ed krat\u0161\u00edch v\u00fdlet\u016f a nav\u00edc plovouc\u00ed pl\u00e1\u017eov\u00fd klub pro lep\u0161\u00ed relaxaci a po\u017eitek. V\u0161echny n\u00e1poje, bagety, tapas, \u010derstv\u00e9 ovoce, vybaven\u00ed pro \u0161norchlov\u00e1n\u00ed a p\u00e1dla jsou k dispozici spolu s \u010d\u00ed\u0161n\u00edkem, kter\u00fd se postar\u00e1 o va\u0161e pot\u0159eby.<\/li>\n<li><strong>6hodinov\u00fd pr\u016fzkum Premium<\/strong>: Tato prodlou\u017een\u00e1 plavba umo\u017e\u0148uje hlub\u0161\u00ed pr\u016fzkum kouzeln\u00e9ho pob\u0159e\u017e\u00ed ostrova, poskytuje plovouc\u00ed pl\u00e1\u017eov\u00fd klub a dal\u0161\u00ed mo\u017enosti menu, jako je kan\u00e1rsk\u00e9 pe\u010den\u00e9 ku\u0159e s brambory a sal\u00e1tem nebo paella, spolu se v\u0161emi n\u00e1poji, bagetami, tapas, vybaven\u00edm pro \u0161norchlov\u00e1n\u00ed a p\u00e1dly. Sou\u010d\u00e1st\u00ed je i vyhrazen\u00fd \u010d\u00ed\u0161n\u00edk, kter\u00fd umocn\u00ed v\u00e1\u0161 z\u00e1\u017eitek.<\/li>\n<li><strong>8hodinov\u00e9 dobrodru\u017estv\u00ed<\/strong>: Nejkomplexn\u011bj\u0161\u00ed varianta pron\u00e1jmu a\u017e pro 10 cestuj\u00edc\u00edch, kter\u00e1 nab\u00edz\u00ed stejn\u00e9 luxusn\u00ed vybaven\u00ed jako \u0161estihodinov\u00fd v\u00fdlet, v\u010detn\u011b plovouc\u00edho pl\u00e1\u017eov\u00e9ho klubu, rozmanit\u00fdch mo\u017enost\u00ed stravov\u00e1n\u00ed a ve\u0161ker\u00e9ho nezbytn\u00e9ho vybaven\u00ed pro den pln\u00fd luxusu a pozn\u00e1v\u00e1n\u00ed.<\/li>\n<li>K dispozici jsou p\u0159izp\u016fsobiteln\u00e9 mo\u017enosti a alternativn\u00ed menu, v\u010detn\u011b sushi, ryb\u00edch pokrm\u016f, vegetari\u00e1nsk\u00fdch menu a exkluzivn\u00edho \u0161ampa\u0148sk\u00e9ho a lihovin, aby va\u0161e cesta dokonale odpov\u00eddala va\u0161im preferenc\u00edm.<\/li>\n<\/ul>\n<h4>\ud83d\udea4 <strong>\ud83d\udea4 Placht\u011bn\u00ed na m\u00edru s na\u0161\u00ed odbornou pos\u00e1dkou<\/strong><\/h4>\n<p>Na\u0161e zku\u0161en\u00e1 a mnohojazy\u010dn\u00e1 pos\u00e1dka se sna\u017e\u00ed poskytnout z\u00e1\u017eitek z plavby p\u0159esn\u011b podle va\u0161ich p\u0159edstav a prov\u00e9st v\u00e1s nej\u00fachvatn\u011bj\u0161\u00edmi pam\u011btihodnostmi Kan\u00e1rsk\u00fdch ostrov\u016f, abyste za\u017eili hluboce osobn\u00ed cestu.<\/p>\n<h4>\ud83c\udf0a <strong>\ud83c\udf0a Pokro\u010dil\u00e9 naviga\u010dn\u00ed vybaven\u00ed pro bezprobl\u00e9movou plavbu<\/strong><\/h4>\n<p><strong>Bez obav<\/strong> je vybaven nejmodern\u011bj\u0161\u00ed naviga\u010dn\u00ed technologi\u00ed, kter\u00e1 zaji\u0161\u0165uje hladkou a klidnou plavbu po azurov\u00fdch vod\u00e1ch Tenerife, tak\u017ee va\u0161e cesta bude vzru\u0161uj\u00edc\u00ed a z\u00e1rove\u0148 klidn\u00e1.<\/p>\n<h3>\u2705 <strong>Exkluzivn\u00ed funkce produktu No Worries<\/strong><\/h3>\n<ul>\n<li>\u00dapln\u00fd luxus all inclusive: Od neomezen\u00e9ho mno\u017estv\u00ed pr\u00e9miov\u00fdch n\u00e1poj\u016f a\u017e po gurm\u00e1nsk\u00e9 pokrmy a r\u016fzn\u00e9 aktivity, jako je j\u00edzda na paddleboardu a \u0161norchlov\u00e1n\u00ed, je ka\u017ed\u00fd detail pe\u010dliv\u011b p\u0159ipraven pro va\u0161e pot\u011b\u0161en\u00ed.<\/li>\n<li>Na vy\u017e\u00e1d\u00e1n\u00ed je mo\u017en\u00e9 zajistit speci\u00e1ln\u00ed dietn\u00ed stravov\u00e1n\u00ed a nab\u00eddnout z\u00e1\u017eitek z j\u00eddla na m\u00edru.<\/li>\n<li>Snadno dostupn\u00e9 m\u00edsto setk\u00e1n\u00ed na adrese <a href=\"https:\/\/www.google.com\/maps\/place\/Puerto+Col%C3%B3n\/@28.0780067,-16.7394902,17z\/data=!3m2!4b1!5s0xc6a97433884bdf9:0x76d293b7b99db23a!4m6!3m5!1s0xc6a9743509c9ebf:0xd62345524f768247!8m2!3d28.078002!4d-16.7369153!16s%2Fg%2F11c6cqryw_?entry=tts&amp;g_ep=EgoyMDI0MDUwNS4wKgBIAVAD\" target=\"_blank\" rel=\"noopener\">Puerto Col\u00f3n,<\/a> Costa Adeje, podpo\u0159en\u00e1 mo\u017enost\u00ed p\u0159\u00edm\u00e9ho parkov\u00e1n\u00ed.<\/li>\n<\/ul>\n<h4>\ud83d\udd53 <strong>Bezprobl\u00e9mov\u00fd proces rezervace a n\u00e1stupu<\/strong><\/h4>\n<ul>\n<li>Rezervujte si cestu p\u0159edem, abyste si zajistili preferovan\u00fd term\u00edn a za\u017eili nep\u0159ekonateln\u00fd luxus.<\/li>\n<li>P\u0159\u00edjezd 15 minut p\u0159ed odjezdem zaru\u010duje hladk\u00fd za\u010d\u00e1tek va\u0161\u00ed luxusn\u00ed plavby.<\/li>\n<\/ul>\n<h4>\ud83d\udcdc <strong>Komplexn\u00ed flexibilita p\u0159i rezervaci a zru\u0161en\u00ed rezervace<\/strong><\/h4>\n<ul>\n<li><strong>d\u016fkladn\u00fd pohotovostn\u00ed pl\u00e1n pro p\u0159\u00edpad nep\u0159\u00edzniv\u00e9ho po\u010das\u00ed:<\/strong> Pokud nejsou podm\u00ednky pro plavbu p\u0159\u00edzniv\u00e9, m\u016f\u017eete si vybrat jin\u00e9 datum nebo vr\u00e1tit pen\u00edze v pln\u00e9 v\u00fd\u0161i.<\/li>\n<li><strong>Flexibiln\u00ed storno podm\u00ednky:<\/strong> Krat\u0161\u00ed v\u00fdlety m\u016f\u017eete zru\u0161it a\u017e 4 dny p\u0159edem a del\u0161\u00ed v\u00fdlety a\u017e 6 dn\u00ed p\u0159edem bez jak\u00fdchkoli sankc\u00ed.<\/li>\n<li>Upozorn\u011bte n\u00e1s na p\u0159\u00edpadn\u00e1 dietn\u00ed omezen\u00ed 48 hodin p\u0159ed zah\u00e1jen\u00edm charteru, abychom mohli p\u0159izp\u016fsobit v\u00e1\u0161 kulin\u00e1\u0159sk\u00fd z\u00e1\u017eitek.<\/li>\n<\/ul>\n<p>Vydejte se na mimo\u0159\u00e1dnou plavbu plnou luxusu, soukrom\u00ed a dobrodru\u017estv\u00ed se soukromou jachtou No Worries.<\/p>\n<p><a href=\"https:\/\/canaryvip.com\/cs\/tenerife\/boat-hire-tenerife\/\">Pron\u00e1jem lod\u00ed na Tenerife<\/a> a prozkoumejte dokonal\u00fd zp\u016fsob, jak poznat majest\u00e1tn\u00ed vody Tenerife. \ud83c\udf1f\ud83d\udee5\ufe0f\ud83c\udf0a<\/p>","protected":false},"excerpt":{"rendered":"<p><strong>\ud83d\udd0d No Worries Lo\u010f:<\/strong><br \/>\n\u2705 Bezpe\u010dn\u00e1 platba.<br \/>\n\ud83d\udee5\ufe0f 13,5 m Yacht Comfort.<br \/>\n\u23f3 Denn\u00ed prohl\u00eddky v d\u00e9lce 2-12 hodin.<br \/>\n\ud83d\udd59 P\u0159izp\u016fsobiteln\u00e9 \u010dasy odjezd\u016f.<br \/>\n\ud83c\udf74 Stravov\u00e1n\u00ed a n\u00e1poje v cen\u011b.<br \/>\n\ud83d\udc65 A\u017e 10 host\u016f.<br \/>\n\ud83d\udedd Vodn\u00ed skluzavka pro v\u00fdlety +6H.<br \/>\n\ud83c\udfc4\u200d\u2640\ufe0f V\u010detn\u011b p\u00e1del.<br \/>\n\ud83e\udd3f Vybaven\u00ed pro \u0161norchlov\u00e1n\u00ed je k dispozici.<br \/>\n\ud83d\udd0a P\u0159ehrajte si hudbu.<br \/>\n\ud83e\udd11 Garance nejlep\u0161\u00ed ceny.<br \/>\n\ud83d\udc6a Slevy aktivov\u00e1ny.<br \/>\n\ud83d\udd01 Zru\u0161en\u00ed a\u017e na 4 dny.<br \/>\n\ud83c\udf0d V\u00edcejazy\u010dn\u00e1 pos\u00e1dka.<br \/>\n\ud83c\udf1f Rezervujte v\u010das a u\u0161et\u0159ete!<br \/>\n\ud83d\udccd Odjezd z\u00a0<a href=\"https:\/\/maps.app.goo.gl\/ocJuu7A8R1JWjPbS9\">Puerto Colon<\/a>.<\/p>","protected":false},"featured_media":13629,"comment_status":"open","ping_status":"closed","template":"","meta":{"_acf_changed":false},"product_brand":[],"product_cat":[47],"product_tag":[],"class_list":{"0":"post-9938","1":"product","2":"type-product","3":"status-publish","4":"has-post-thumbnail","6":"product_cat-boat-hire-tenerife","7":"wcpa_has_options","9":"first","10":"instock","11":"sale","12":"virtual","13":"purchasable","14":"product-type-simple"},"acf":[],"wcpa_form_fields":{"wcpaData":{"product":{"product_price":745,"price_html":"From&nbsp;<del aria-hidden=\"true\"><span class=\"woocommerce-Price-amount amount\"><bdi>800,00&nbsp;<span class=\"woocommerce-Price-currencySymbol\">&euro;<\/span><\/bdi><\/span><\/del> <span class=\"screen-reader-text\">P\u016fvodn\u00ed cena byla: 800,00&nbsp;&euro;.<\/span><ins aria-hidden=\"true\"><span class=\"woocommerce-Price-amount amount\"><bdi>745,00&nbsp;<span class=\"woocommerce-Price-currencySymbol\">&euro;<\/span><\/bdi><\/span><\/ins><span class=\"screen-reader-text\">Aktu\u00e1ln\u00ed cena je: 745,00&nbsp;&euro;.<\/span>","original_product_price":800,"price_including_tax":745,"price_excluding_tax":745,"product_id":{"parent":9938,"variation":false},"is_variable":false,"stock_status":"instock","stock_quantity":null,"parent_sku":"CV9938","product_attributes":[],"custom_fields":[],"is_taxable":false,"product_name":"No Worries Yacht Charter Tenerife","hasImage":false},"fields":{"sec_7663b89a2e2f8f":{"extra":{"key":"sec_7663b89a2e2f8f","section_id":"sec_7663b89a2e2f8f","name":"Default","status":1,"cl_rule":"show","enableCl":false,"relations":[],"toggle":true,"title_tag":"h3","show_title":false,"showPrice":"default","form_id":11415,"form_rules":{"exclude_from_discount":true,"fee_label":"Fee","disp_hide_options_price":true,"disp_show_section_price":false,"disp_show_field_price":true,"layout_option":"standard","pric_use_as_fee":false,"process_fee_as":"woo_fee"},"layout_option":"standard"},"fields":[[{"label":"\ud83d\udcc5 Date","active":true,"required":true,"elementId":"date_9663b89a2e2faf","picker_type":"custom","picker_mode":"single","placeholder":"","description":"","tooltip":"","name":"date_9663b89a2e2faf","label_position":"default","desc_position":"default","enablePrice":false,"className":"","enableCl":false,"relations":[{"operator":"and","rules":[{"operator":"AND","rules":{"cl_field":"radio-group_565c78ffa81208","cl_relation":"is","cl_val":"3 Hour Trip"}}]}],"date_pic_inline":true,"date_pic_inline_hide":true,"min_date":{"type":"days","val":"2"},"max_date":{"type":"days","val":"365"},"date_pic_conf":{"disabledWeeks":[],"disabledDates":["2025-08-25","2025-08-28 to 2025-08-29"]},"price":"","cl_rule":"show","col":6,"type":"date","error":false,"enableDesign":false,"LabelColor":"","isWeightTemplate":false,"isTemplate":false,"min_quantity":"1","quantity_decimal":false,"quantity_step":"1","quantity_label":"Quantity","repeater_field_label":"{field_label}","repeater_bind":"","gt_translate_keys":["label","placeholder","description","tooltip","repeater_field_label","quantity_label"],"price_dependency":false,"cl_dependency":false,"value":""}],[{"contentType":"rich","active":true,"label":"","elementId":"content_4663b89a2e2fbd","value":"<p>\ud83c\udf9f\ufe0f <strong>Reservation<\/strong>: Pay only a deposit now to reserve; the rest is due on the day of the activity upon arrival.<\/p>","inline":false,"name":"content_4663b89a2e2fbd","enablePrice":false,"className":"","subtype":"p","enableCl":false,"relations":false,"price":"","cl_rule":"show","col":6,"type":"content","error":false,"pricingType":"custom","isTemplate":false,"is_show_price":true,"show_in_checkout":true,"gt_translate_keys":["label","value"],"price_dependency":false,"cl_dependency":false}],[{"elementId":"separator_2663b89a2e2fc9","separatorType":"blank","className":"","height":"3","enableCl":false,"relations":false,"cl_rule":"show","col":6,"type":"separator","error":false,"gt_translate_keys":[],"price_dependency":false,"cl_dependency":false,"value":""}],[{"active":true,"col":6,"relations":false,"cl_rule":"show","enableCl":false,"price":"","enablePrice":true,"className":"","label_position":"default","desc_position":"default","type":"select","required":true,"elementId":"select_2663b89a2e2fd3","label":"\u23f3 Trip Duration","name":"select_2663b89a2e2fd3","values":[{"label":"2 Hours (745\u20ac)","value":"2","selected":false,"tempId":"aco_212","price":"745","gt_translate_keys":["label"]},{"label":"3 Hours (825\u20ac)","value":"3","selected":false,"tempId":"aco_556","price":"825","gt_translate_keys":["label"]},{"label":"4 Hours (1.065\u20ac)","value":"4","selected":false,"tempId":"aco_640","price":"1065","gt_translate_keys":["label"]},{"label":"5 Hours (1.330\u20ac","value":"5","selected":false,"tempId":"aco_100","price":"1330","gt_translate_keys":["label"]},{"label":"6 Hours (1.595\u20ac)","value":"6","selected":false,"tempId":"aco_660","price":"1595","gt_translate_keys":["label"]},{"label":"8 Hours (1.995\u20ac)","value":"8","selected":false,"tempId":"aco_19","price":"1995","gt_translate_keys":["label"]}],"dropdown_type":"basic","error":false,"placeholder":"Select Trip Duration","priceOptions":"different_for_all","pricingType":"fixed","is_show_price":true,"isWeightTemplate":false,"isTemplate":false,"min_quantity":"1","quantity_decimal":false,"quantity_step":"1","quantity_label":"Quantity","repeater_field_label":"{field_label}","repeater_bind":"","gt_translate_keys":["label","placeholder","repeater_field_label","quantity_label"],"price_dependency":["content_3663b89a2e2ff1","content_7663b89a2e2ffb"],"cl_dependency":false,"value":""}],[{"label":"\u2705 Number of People","active":true,"required":true,"elementId":"select_10663b89a2e2fdd","dropdown_type":"basic","placeholder":"Select Number of People","name":"select_10663b89a2e2fdd","label_position":"default","desc_position":"default","enablePrice":false,"className":"","enableCl":false,"relations":[{"operator":false,"rules":[{"operator":"AND","rules":{"cl_field":"radio-group_565c78ffa81208","cl_relation":"is","cl_val":"3 Hour Trip"}}]}],"values":[{"label":"1 person","value":"1","selected":false,"tempId":"aco_1471","price":"0","gt_translate_keys":["label"]},{"label":"2 people","value":"2","selected":false,"tempId":"aco_1472","price":"0","gt_translate_keys":["label"]},{"label":"3 people","value":"3","selected":false,"tempId":"aco_1500","price":"0","gt_translate_keys":["label"]},{"label":"4 people","value":"4","selected":false,"tempId":"aco_1510","price":"0","gt_translate_keys":["label"]},{"label":"5 people","value":"5","selected":false,"tempId":"aco_1520","price":"0","gt_translate_keys":["label"]},{"label":"6 people","value":"6","selected":false,"tempId":"aco_1728","price":"0","gt_translate_keys":["label"]},{"label":"7 people","value":"7","selected":false,"tempId":"aco_1738","price":"20","gt_translate_keys":["label"]},{"label":"8 people","value":"8","selected":false,"tempId":"aco_1748","price":"40","gt_translate_keys":["label"]},{"label":"9 people","value":"9","selected":false,"tempId":"aco_1912","price":"60","gt_translate_keys":["label"]},{"label":"10 people","value":"10","selected":false,"tempId":"aco_1922","price":"80","gt_translate_keys":["label"]}],"price":"","cl_rule":"show","col":6,"type":"select","error":false,"priceOptions":"different_for_all","pricingType":"fixed","is_show_price":true,"isWeightTemplate":false,"isTemplate":false,"min_quantity":"1","quantity_decimal":false,"quantity_step":"1","quantity_label":"Quantity","repeater_field_label":"{field_label}","repeater_bind":"","gt_translate_keys":["label","placeholder","repeater_field_label","quantity_label"],"price_dependency":false,"cl_dependency":false,"value":""}],[{"active":true,"col":6,"relations":false,"cl_rule":"show","enableCl":false,"price":"","enablePrice":true,"className":"","label_position":"default","desc_position":"default","type":"select","required":false,"elementId":"select_8764721131","label":"\ud83d\udca6 Add jet-skis?","name":"select_8764721131","values":[{"label":"1 JetSki for 1 Hour (250\u20ac)","value":"1JetSki 1H","selected":false,"tempId":"aco_167","price":"250","gt_translate_keys":["label"]},{"label":"2 JetSkis for 1 Hour (500\u20ac)","value":"2JetSkis 1H","selected":false,"tempId":"aco_168","price":"500","gt_translate_keys":["label"]}],"isWeightTemplate":false,"error":false,"isTemplate":false,"min_quantity":"1","quantity_decimal":false,"quantity_step":"1","quantity_label":"Quantity","repeater_field_label":"{field_label}","repeater_bind":"","dropdown_type":"basic","description":"Private JetSki tour from the boat with a JetSki instructor.","placeholder":"None","priceOptions":"different_for_all","pricingType":"fixed","is_show_price":true,"gt_translate_keys":["label","placeholder","description","repeater_field_label","quantity_label"],"price_dependency":["content_3663b89a2e2ff1"],"cl_dependency":false,"value":""}],[{"elementId":"separator_6663b89a2e2fe7","separatorType":"fill","className":"","height":"6","enableCl":false,"relations":false,"cl_rule":"show","col":6,"type":"separator","error":false,"separatorColor":"#66a6b6","gt_translate_keys":[],"price_dependency":false,"cl_dependency":false,"value":""}],[{"active":true,"col":6,"relations":false,"cl_rule":"show","enableCl":false,"price":"(({field.select_2663b89a2e2fd3.price})*0.20)+({field.select_8764721131.price})","enablePrice":true,"className":"","label_position":"default","desc_position":"default","type":"content","required":false,"elementId":"content_3663b89a2e2ff1","label":"Deposit Payment","name":"content_3663b89a2e2ff1","contentType":"plain","value":"","error":false,"pricingType":"custom","isTemplate":false,"is_show_price":false,"enableDesign":true,"scrollBar":false,"use_as_fee":false,"fee_label":"Payment Now","inline":true,"show_in_checkout":true,"subtype":"div","formulaId":"fmla_1708364241278155361","LabelSize":"14px","gt_translate_keys":["label","value"],"price_dependency":["content_3663b89a2e3004"],"cl_dependency":false}],[{"contentType":"plain","active":true,"label":"Payment at Arrival","elementId":"content_7663b89a2e2ffb","value":"","inline":true,"show_in_checkout":true,"name":"content_7663b89a2e2ffb","enablePrice":true,"className":"","fee_label":"Payment at Arrival","subtype":"div","enableCl":false,"relations":false,"scrollBar":false,"enableDesign":true,"pricingType":"custom","isTemplate":false,"price":"({field.select_2663b89a2e2fd3.price})*0.80","use_as_fee":false,"is_show_price":true,"cl_rule":"show","col":6,"type":"content","error":false,"formulaId":"fmla_1708360988969136756","LabelSize":"14px","gt_translate_keys":["label","value"],"price_dependency":["content_3663b89a2e3004"],"cl_dependency":false}],[{"contentType":"plain","active":true,"label":"Total Price","elementId":"content_3663b89a2e3004","value":"","inline":true,"show_in_checkout":true,"name":"content_3663b89a2e3004","enablePrice":true,"className":"","fee_label":"Payment at Arrival","subtype":"div","enableCl":false,"relations":false,"scrollBar":false,"enableDesign":true,"LabelSize":"14px","pricingType":"custom","isTemplate":false,"price":"({field.content_3663b89a2e2ff1.price}) + ({field.content_7663b89a2e2ffb.price})","formulaId":"fmla_1708360988969136756","use_as_fee":false,"is_show_price":true,"cl_rule":"show","col":6,"type":"content","error":false,"gt_translate_keys":["label","value"],"price_dependency":false,"cl_dependency":false}],[{"elementId":"separator_10663b89a2e300e","separatorType":"blank","className":"","height":"3","enableCl":false,"relations":false,"cl_rule":"show","col":6,"type":"separator","error":false,"gt_translate_keys":[],"price_dependency":false,"cl_dependency":false,"value":""}],[{"active":true,"col":6,"relations":[{"operator":false,"rules":[{"operator":"AND","rules":{"cl_field":"radio-group_565c78ffa81208","cl_relation":"is","cl_val":"3 Hour Trip"}}]}],"cl_rule":"show","enableCl":false,"price":"","enablePrice":false,"className":"","label_position":"default","desc_position":"default","type":"select","required":false,"elementId":"select_2663b89a2e3017","label":"\u23f0 Departure","name":"select_2663b89a2e3017","values":[{"label":"09:00","value":"09:00","selected":false,"tempId":"aco_1471","gt_translate_keys":["label"]},{"label":"10:00","value":"10:00","selected":false,"tempId":"aco_1472","gt_translate_keys":["label"]},{"label":"11:00","value":"11:00","selected":false,"tempId":"aco_1500","gt_translate_keys":["label"]},{"label":"12:00","value":"12:00","selected":false,"tempId":"aco_1510","gt_translate_keys":["label"]},{"label":"13:00 (1:00 PM)","value":"13:00","selected":false,"tempId":"aco_1520","gt_translate_keys":["label"]},{"label":"14:00 (2:00 PM)","value":"14:00","selected":false,"tempId":"aco_1728","gt_translate_keys":["label"]},{"label":"15:00 (3:00 PM)","value":"15:00","selected":false,"tempId":"aco_1738","gt_translate_keys":["label"]},{"label":"16:30 (4:30 PM)","value":"16:30","selected":false,"tempId":"aco_100","gt_translate_keys":["label"]}],"dropdown_type":"basic","error":false,"placeholder":"Whichever Time is Best","isWeightTemplate":false,"isTemplate":false,"min_quantity":"1","quantity_decimal":false,"quantity_step":"1","quantity_label":"Quantity","repeater_field_label":"{field_label}","repeater_bind":"","gt_translate_keys":["label","placeholder","repeater_field_label","quantity_label"],"price_dependency":false,"cl_dependency":false,"value":""}],[{"elementId":"separator_8663b89a2e3021","separatorType":"blank","className":"","height":"1","enableCl":false,"relations":false,"cl_rule":"show","col":6,"type":"separator","error":false,"gt_translate_keys":[],"price_dependency":false,"cl_dependency":false,"value":""}]]}},"config":{"price_override":"always","enable_recaptcha":false,"bind_quantity":false,"quantity_bind_formula":false,"disp_summ_show_option_price":true,"disp_summ_show_product_price":false,"disp_summ_show_total_price":false,"disp_summ_show_fee":true,"disp_summ_show_discount":true,"summary_title":"","options_total_label":"Options Price","total_label":"Deposit Amount","options_product_label":"Product Price","fee_label":"Fee","discount_label":"Discount","has_price":true,"has_quantity_formula":false},"mc_unit":1,"tax_rate":1,"tax_rate_real":1,"discount":{"percentage":0,"fixed":0},"design":{"conf":{"LabelPosition":"above","DescPosition":"above","UploadField":"custom_1","QuantityFieldStyle":"custom_1"},"css":{"LeftLabelWidth":"120px"}},"formulas":{"fmla_1708360988969136756":"(({field.select_2663a0ecdc488f.value}>=5)?(640):(({field.select_2663a0ecdc488f.value}>=4)?(520):(({field.select_2663a0ecdc488f.value}>=3)?(440):(0))))","fmla_1708364241278155361":"(({field.select_5841412719.value}>=8)?({field.select_5841412719.price}):(({field.select_5841412719.value}>=5)?({field.select_5841412719.price}):(({field.select_5841412719.value}>=3)?({field.select_5841412719.price}):(0))))"},"lookuptables":[],"clones":false,"cartKey":false}},"_links":{"self":[{"href":"https:\/\/canaryvip.com\/cs\/wp-json\/wp\/v2\/product\/9938","targetHints":{"allow":["GET"]}}],"collection":[{"href":"https:\/\/canaryvip.com\/cs\/wp-json\/wp\/v2\/product"}],"about":[{"href":"https:\/\/canaryvip.com\/cs\/wp-json\/wp\/v2\/types\/product"}],"replies":[{"embeddable":true,"href":"https:\/\/canaryvip.com\/cs\/wp-json\/wp\/v2\/comments?post=9938"}],"wp:featuredmedia":[{"embeddable":true,"href":"https:\/\/canaryvip.com\/cs\/wp-json\/wp\/v2\/media\/13629"}],"wp:attachment":[{"href":"https:\/\/canaryvip.com\/cs\/wp-json\/wp\/v2\/media?parent=9938"}],"wp:term":[{"taxonomy":"product_brand","embeddable":true,"href":"https:\/\/canaryvip.com\/cs\/wp-json\/wp\/v2\/product_brand?post=9938"},{"taxonomy":"product_cat","embeddable":true,"href":"https:\/\/canaryvip.com\/cs\/wp-json\/wp\/v2\/product_cat?post=9938"},{"taxonomy":"product_tag","embeddable":true,"href":"https:\/\/canaryvip.com\/cs\/wp-json\/wp\/v2\/product_tag?post=9938"}],"curies":[{"name":"wp","href":"https:\/\/api.w.org\/{rel}","templated":true}]}}