{"id":9834,"date":"2024-02-15T22:11:39","date_gmt":"2024-02-15T22:11:39","guid":{"rendered":"https:\/\/canaryvip.com\/?post_type=product&#038;p=9834"},"modified":"2025-08-09T12:53:55","modified_gmt":"2025-08-09T11:53:55","slug":"forestal-park-tenerife","status":"publish","type":"product","link":"https:\/\/canaryvip.com\/cs\/shop\/forestal-park-tenerife\/","title":{"rendered":"Park Forestal Tenerife"},"content":{"rendered":"<h2><strong>\ud83c\udf32 Lesopark Tenerife: Pono\u0159te se do p\u0159\u00edrodn\u00edho h\u0159i\u0161t\u011b!<\/strong><\/h2>\n<p>Vydejte se za dobrodru\u017estv\u00edm, kter\u00e9 nem\u00e1 obdoby. <strong>Park Forestal Tenerife,<\/strong> kde se vzru\u0161uj\u00edc\u00ed pobyt v p\u0159\u00edrod\u011b snoub\u00ed s klidnou kr\u00e1sou stolet\u00fdch borov\u00fdch les\u016f. Za\u017eijte vzru\u0161en\u00ed p\u0159i proj\u00ed\u017e\u010fce po nejv\u011bt\u0161\u00ed lanov\u00e9 dr\u00e1ze a dobrodru\u017en\u00e9m parku na Kan\u00e1rsk\u00fdch ostrovech. D\u00edky v\u00edce ne\u017e 90 jedine\u010dn\u00fdm vysokohorsk\u00fdm v\u00fdzv\u00e1m, v\u010detn\u011b visut\u00fdch most\u016f, s\u00edt\u00ed, li\u00e1n a dechberouc\u00edch ziplinek, se v\u00e1\u0161 dobrodru\u017en\u00fd duch vznese do nov\u00fdch v\u00fd\u0161in.<\/p>\n<h3><strong>\ud83c\udfa2 Pro\u010d si vybrat na\u0161e dobrodru\u017estv\u00ed?<\/strong><\/h3>\n<ul>\n<li><strong>Zaru\u010den\u00e1 z\u00e1bava:<\/strong> Zajist\u011bte si sv\u00e9 m\u00edsto rezervac\u00ed p\u0159edem a vyhn\u011bte se zklam\u00e1n\u00ed z pln\u00e9ho parku.<\/li>\n<li><strong>Exkluzivn\u00ed slevy:<\/strong> Vyu\u017eijte exkluzivn\u00ed slevy p\u0159i rezervaci sv\u00e9ho dal\u0161\u00edho dobrodru\u017estv\u00ed s n\u00e1mi!<\/li>\n<li><strong>Flexibiln\u00ed pl\u00e1ny:<\/strong> Zm\u011bna pl\u00e1n\u016f? Na\u0161e benevolentn\u00ed storno podm\u00ednky jsou pro v\u00e1s p\u0159ipraveny.<\/li>\n<li><strong>Zasv\u011bcen\u00e9 rady:<\/strong> Vyu\u017eijte na\u0161ich zku\u0161enost\u00ed z prvn\u00ed ruky a doporu\u010den\u00ed pro nejlep\u0161\u00ed dobrodru\u017estv\u00ed.<\/li>\n<\/ul>\n<h3><strong>\ud83d\udc65 Teambuilding a skupinov\u00e1 dobrodru\u017estv\u00ed<\/strong><\/h3>\n<p>D\u00edky na\u0161im rozmanit\u00fdm teambuildingov\u00fdm dobrodru\u017estv\u00edm m\u016f\u017eete pos\u00edlit kamar\u00e1dstv\u00ed a nav\u00e1zat trval\u00e9 vztahy v r\u00e1mci ka\u017ed\u00e9 skupiny. <strong>Park Forestal Tenerife<\/strong> nab\u00edz\u00ed v\u00fdraznou kulisu, kter\u00e1 je ide\u00e1ln\u00ed pro pos\u00edlen\u00ed t\u00fdmov\u00e9ho ducha mezi lidmi. <strong>firemn\u00ed skupiny,<\/strong>\u00a0oslavy v\u00fdjime\u010dn\u00fdch okam\u017eik\u016f s <strong>p\u0159\u00e1tel\u00e9,<\/strong>\u00a0ozna\u010dov\u00e1n\u00ed miln\u00edk\u016f, jako je <strong>narozeniny,<\/strong>\u00a0nebo p\u0159in\u00e1\u0161en\u00ed <strong>velk\u00e1 rodinn\u00e1 setk\u00e1n\u00ed<\/strong> bl\u00ed\u017ee k sob\u011b.<\/p>\n<p>bl\u00ed\u017ee k sob\u011b. Na\u0161e pe\u010dliv\u011b p\u0159ipraven\u00e9 v\u00fdzvy nejen bav\u00ed, ale tak\u00e9 podporuj\u00ed t\u00fdmovou spolupr\u00e1ci, komunikaci a spole\u010dn\u00fd pocit v\u00edt\u011bzstv\u00ed a jednoty nap\u0159\u00ed\u010d v\u0161emi typy skupin. A\u0165 u\u017e chcete pos\u00edlit firemn\u00ed t\u00fdmy, vytvo\u0159it nezapomenuteln\u00e9 narozeninov\u00e9 vzpom\u00ednky, spojit p\u0159\u00e1tele v dobrodru\u017estv\u00ed nebo shrom\u00e1\u017edit rozv\u011btven\u00e9 rodiny na celodenn\u00ed z\u00e1bavu, n\u00e1\u0161 park zajist\u00ed inkluzivn\u00ed, poutav\u00fd a nezapomenuteln\u00fd z\u00e1\u017eitek pro v\u0161echny.<\/p>\n<h3><strong>\ud83d\udee0\ufe0f P\u0159\u00edprava na dobrodru\u017estv\u00ed<\/strong><\/h3>\n<ul>\n<li><strong>Rezervujte si p\u0159edem:<\/strong> Vstup si zajist\u00edte rezervac\u00ed p\u0159edem.<\/li>\n<li><strong>Tipy pro p\u0159\u00edjezd<\/strong>: Host\u016fm ubytovan\u00fdm v La Esperanza doporu\u010dujeme, aby si n\u00e1v\u0161t\u011bvu Tenerife South pe\u010dliv\u011b napl\u00e1novali p\u0159edem, proto\u017ee cesta autem trv\u00e1 nejm\u00e9n\u011b 1 hodinu. Po\u010d\u00edtejte pros\u00edm s mo\u017en\u00fdm zpo\u017ed\u011bn\u00edm kv\u016fli m\u00edstn\u00edm cyklist\u016fm a stavu horsk\u00fdch silnic, abyste si zajistili hladk\u00fd a v\u010dasn\u00fd p\u0159\u00edjezd.<\/li>\n<li><strong>\u0160aty vpravo:<\/strong> Vezm\u011bte si vhodn\u00e9 oble\u010den\u00ed pro aktivn\u00ed den venku.<\/li>\n<li><strong>P\u0159ed n\u00e1v\u0161t\u011bvou:<\/strong> P\u0159ihlaste se 30 minut p\u0159ed rezervac\u00ed, abyste se mohli sezn\u00e1mit s vybaven\u00edm parku.<\/li>\n<\/ul>\n<h3><strong>\ud83c\udf33 Dobrodru\u017estv\u00ed \u010dek\u00e1 na ka\u017ed\u00e9m rohu<\/strong><\/h3>\n<ul>\n<li><strong>R\u016fznorod\u00e9 v\u00fdzvy:<\/strong> V na\u0161em parku si p\u0159ijdou na sv\u00e9 v\u0161ichni milovn\u00edci dobrodru\u017estv\u00ed, od klidn\u00fdch proch\u00e1zek a\u017e po extr\u00e9mn\u00ed z\u00e1\u017eitky.<\/li>\n<li><strong>St\u00e1l\u00e1 bezpe\u010dnost:<\/strong> N\u00e1\u0161 profesion\u00e1ln\u00ed t\u00fdm se postar\u00e1 o to, abyste byli v\u017edy bezpe\u010dn\u011b p\u0159ipojeni a mohli se bez obav p\u0159ipojit.<\/li>\n<li><strong>V\u00edce k prozkoum\u00e1n\u00ed:<\/strong> Objevte \u0161irokou \u0161k\u00e1lu dobrodru\u017estv\u00ed, kter\u00e1 Tenerife nab\u00edz\u00ed i za korunami strom\u016f.<\/li>\n<\/ul>\n<h3><strong>\ud83c\udfde\ufe0f Funkce na\u0161eho venkovn\u00edho parku<\/strong><\/h3>\n<ul>\n<li><strong>N\u00e1dhern\u00e1 p\u0159\u00edroda:<\/strong> Pono\u0159te se do bujn\u00e9 biodiverzity tenerifsk\u00fdch les\u016f.<\/li>\n<li><strong>Aktivity pro v\u0161echny:<\/strong> U\u017eijte si r\u016fzn\u00e9 v\u00fdzvy v korun\u00e1ch strom\u016f vhodn\u00e9 pro ka\u017ed\u00fd v\u011bk a \u00farove\u0148 dovednost\u00ed.<\/li>\n<li><strong>Odborn\u00e9 poradenstv\u00ed:<\/strong> Na\u0161i kvalifikovan\u00ed instrukto\u0159i se postaraj\u00ed o z\u00e1bavn\u00e9 a bezpe\u010dn\u00e9 dobrodru\u017estv\u00ed pro ka\u017ed\u00e9ho.<\/li>\n<li><strong>Ekologicky \u0161etrn\u00e9:<\/strong> N\u00e1\u0161 z\u00e1vazek k udr\u017eitelnosti znamen\u00e1, \u017ee si p\u0159\u00edrodu u\u017e\u00edv\u00e1me, ani\u017e bychom ji po\u0161kozovali.<\/li>\n<li><strong>Vybaven\u00ed:<\/strong> V na\u0161\u00ed kav\u00e1rn\u011b m\u016f\u017eete doplnit energii a vyu\u017e\u00edt na\u0161e \u010dist\u00e9 z\u00e1zem\u00ed pro p\u0159\u00edjemn\u011b str\u00e1ven\u00fd den.<\/li>\n<\/ul>\n<h3><strong>\ud83d\udcc5 Napl\u00e1nujte si n\u00e1v\u0161t\u011bvu<\/strong><\/h3>\n<ul>\n<li><strong>Hodiny dobrodru\u017estv\u00ed:<\/strong> Otev\u0159eno denn\u011b od 10:00 do 18:00. Nezapome\u0148te p\u0159ij\u00edt do 16:30, kdy je posledn\u00ed vstup.<\/li>\n<li><strong>Snadn\u00e1 online rezervace:<\/strong> Vyhn\u011bte se front\u00e1m a rezervujte si vstupenky online. Pod\u00edvejte se na speci\u00e1ln\u00ed ceny a slevy!<\/li>\n<\/ul>\n<h3><strong>\ud83d\udee1\ufe0f Rezervace v klidu<\/strong><\/h3>\n<ul>\n<li><strong>Okam\u017eit\u00e9 potvrzen\u00ed:<\/strong> Obdr\u017e\u00edte potvrzovac\u00ed e-mail s \u00fadaji o rezervaci a jedine\u010dn\u00fdm referen\u010dn\u00edm \u010d\u00edslem.<\/li>\n<li><strong>Speci\u00e1ln\u00ed nab\u00eddky:<\/strong> Na v\u0161echny rezervace se vztahuje speci\u00e1ln\u00ed sleva na va\u0161e dal\u0161\u00ed dobrodru\u017estv\u00ed a skupinov\u00e9 slevy.<\/li>\n<li><strong>Z\u00e1vazek k bezpe\u010dnosti:<\/strong> Pro z\u00e1bavnou a bezpe\u010dnou n\u00e1v\u0161t\u011bvu je nezbytn\u00e9 dodr\u017eovat na\u0161e bezpe\u010dnostn\u00ed pokyny.<\/li>\n<li><strong>Rozumn\u00e9 zru\u0161en\u00ed:<\/strong> Flexibiln\u00ed storno podm\u00ednky umo\u017e\u0148uj\u00edc\u00ed bezplatn\u00e9 zm\u011bny do 48 hodin p\u0159ed rezervac\u00ed. Za zru\u0161en\u00ed rezervace do 48 hodin se \u00fa\u010dtuje poplatek 50% a \u010d\u00e1stka za neuskute\u010dn\u011bnou rezervaci se nevrac\u00ed.<\/li>\n<\/ul>\n<h4><strong>\ud83c\udf04 Jste p\u0159ipraveni za\u017e\u00edt to nejlep\u0161\u00ed dobrodru\u017estv\u00ed v p\u0159\u00edrod\u011b?<\/strong><\/h4>\n<p>Vydejte se s n\u00e1mi na cestu korunami strom\u016f a objevte p\u0159\u00edrodn\u00ed kr\u00e1sy Tenerife z v\u00fd\u0161ky. Rezervujte si sv\u00e9 dobrodru\u017estv\u00ed a vstupte do sv\u011bta vzru\u0161en\u00ed a objev\u016f! \ud83c\udf32\ud83c\udfde\ufe0f<\/p>","protected":false},"excerpt":{"rendered":"<p>\ud83d\udd0d <strong>Park Forestal Tenerife<\/strong>:<br \/>\n\u2705 Bezpe\u010dn\u00e1 platba.<br \/>\n\ud83c\udf32 Nejv\u011bt\u0161\u00ed zip line a dobrodru\u017en\u00fd park.<br \/>\n\ud83d\udc64 Aktivity pro v\u0161echny v\u011bkov\u00e9 kategorie.<br \/>\n\ud83d\udd56 Otev\u0159eno od 10:00 do 18:00.<br \/>\n\ud83d\udcc5 P\u00e1, So a Ne.<br \/>\n\ud83d\ude97 Parkov\u00e1n\u00ed pro n\u00e1v\u0161t\u011bvn\u00edky.<br \/>\n\ud83e\udd7e Poskytovan\u00e9 bezpe\u010dnostn\u00ed vybaven\u00ed.<br \/>\n\ud83e\udd11 Garance nejlep\u0161\u00ed ceny.<br \/>\n\ud83d\udc68\u200d\ud83d\udc69\u200d\ud83d\udc67\u200d\ud83d\udc66 Skupinov\u00e9 a rodinn\u00e9 slevy.<br \/>\n\ud83c\udf10 V\u00edcejazy\u010dn\u00fd person\u00e1l.<br \/>\n\ud83c\udf32 Doporu\u010dujeme rezervaci p\u0159edem.<br \/>\n\ud83d\udccd Nach\u00e1z\u00ed se v <a href=\"https:\/\/maps.app.goo.gl\/JbRxgrnnevPucnau9\">La Esperanza, Tenerife<\/a>.<\/p>","protected":false},"featured_media":9837,"comment_status":"open","ping_status":"closed","template":"","meta":{"_acf_changed":false},"product_brand":[],"product_cat":[82],"product_tag":[],"class_list":{"0":"post-9834","1":"product","2":"type-product","3":"status-publish","4":"has-post-thumbnail","6":"product_cat-fun-activities","7":"wcpa_has_options","9":"first","10":"instock","11":"virtual","12":"purchasable","13":"product-type-simple"},"acf":[],"wcpa_form_fields":{"wcpaData":{"product":{"product_price":26,"price_html":"From&nbsp;<span class=\"woocommerce-Price-amount amount\"><bdi>26,00&nbsp;<span class=\"woocommerce-Price-currencySymbol\">&euro;<\/span><\/bdi><\/span>","original_product_price":26,"price_including_tax":26,"price_excluding_tax":26,"product_id":{"parent":9834,"variation":false},"is_variable":false,"stock_status":"instock","stock_quantity":null,"parent_sku":"CV9834","product_attributes":[],"custom_fields":[],"is_taxable":false,"product_name":"Forestal Park Tenerife","hasImage":false},"fields":{"sec_465e50fd642ff4":{"extra":{"key":"sec_465e50fd642ff4","section_id":"sec_465e50fd642ff4","name":"Default","status":1,"cl_rule":"show","enableCl":false,"relations":[],"toggle":true,"title_tag":"h3","show_title":false,"showPrice":"default","form_id":10220,"form_rules":{"exclude_from_discount":true,"fee_label":"Fee","disp_hide_options_price":true,"disp_show_section_price":false,"disp_show_field_price":true,"layout_option":"standard","pric_use_as_fee":false,"process_fee_as":"woo_fee"},"layout_option":"standard"},"fields":[[{"label":"\ud83d\udcc5 Date","active":true,"required":true,"elementId":"date_365e50fd643030","picker_type":"custom","picker_mode":"single","placeholder":"","description":"","tooltip":"","name":"date_365e50fd643030","label_position":"default","desc_position":"default","enablePrice":false,"className":"","enableCl":false,"relations":[{"operator":"and","rules":[{"operator":"AND","rules":{"cl_field":"radio-group_365e50fd643015","cl_relation":"is","cl_val":"3 Hour Trip"}}]}],"date_pic_inline":true,"date_pic_inline_hide":true,"min_date":{"type":"days","val":"2"},"max_date":{"type":"days","val":"365"},"date_pic_conf":{"disabledWeeks":[1,2,3,4]},"price":"","cl_rule":"show","col":6,"type":"date","error":false,"enableDesign":false,"LabelColor":"","gt_translate_keys":["label","placeholder","description","tooltip"],"price_dependency":false,"cl_dependency":false,"value":""}],[{"active":true,"col":6,"relations":[{"operator":false,"rules":[{"operator":"AND","rules":{"cl_field":"","cl_relation":"","cl_val":""}}]}],"cl_rule":"show","enableCl":false,"price":"","enablePrice":false,"className":"","label_position":"default","desc_position":"default","type":"radio-group","required":true,"elementId":"radio-group_365e50fd643015","label":"\ud83c\udf1f Type of Ticket","name":"radio-group_365e50fd643015","values":[{"label":"Regular Tickets (26\u20ac)","value":"Regular Tickets","selected":false,"tempId":"aco_28","description":"Regular Admission Tickets.","gt_translate_keys":["label","description"]},{"label":"Resident Tickets (22\u20ac)","value":"Resident Tickets","selected":false,"tempId":"aco_30","description":"Regular Tickets for Canary Island Residents. You must present a valid document as proof of residency.","gt_translate_keys":["label","description"]}],"layOut":"","error":false,"checkUi":"toggle","enableDesign":false,"scrollBar":false,"description":"","other":false,"options_description":true,"show_selected_option":false,"gt_translate_keys":["label","description"],"price_dependency":false,"cl_dependency":[false,false],"value":""}]]},"sec_665e50fd643017":{"extra":{"key":"sec_665e50fd643017","section_id":"sec_665e50fd643017","name":"Regular Tickets","status":1,"cl_rule":"show","enableCl":true,"relations":[{"operator":false,"rules":[{"operator":"AND","rules":{"cl_field":"radio-group_365e50fd643015","cl_relation":"is","cl_val":"Regular Tickets"}}]}],"toggle":true,"title_tag":"h4","show_title":false,"showPrice":"default","form_id":10220,"form_rules":{"exclude_from_discount":true,"fee_label":"Fee","disp_hide_options_price":true,"disp_show_section_price":false,"disp_show_field_price":true,"layout_option":"standard","pric_use_as_fee":false,"process_fee_as":"woo_fee"},"layout_option":"standard"},"fields":[[{"elementId":"separator_1065e50fd64303b","separatorType":"blank","className":"","height":"10","enableCl":false,"relations":false,"cl_rule":"show","col":6,"type":"separator","gt_translate_keys":[],"price_dependency":false,"cl_dependency":false,"value":""}],[{"active":true,"col":6,"relations":false,"cl_rule":"show","enableCl":false,"price":"","enablePrice":false,"className":"","label_position":"default","desc_position":"default","type":"content","required":false,"elementId":"content_565e50fd643045","label":"People","name":"content_565e50fd643045","contentType":"plain","value":"","error":false,"show_in_checkout":true,"inline":false,"gt_translate_keys":["label","value"],"price_dependency":false,"cl_dependency":false}],[{"active":true,"col":6,"relations":[{"operator":false,"rules":[{"operator":"AND","rules":{"cl_field":"","cl_relation":"","cl_val":""}}]}],"cl_rule":"show","enableCl":true,"price":"26","enablePrice":true,"className":"","label_position":"default","desc_position":"default","type":"radio-group","required":false,"elementId":"radio-group_565e50fd643051","label":"","name":"radio-group_565e50fd643051","values":[{"label":"\ud83d\udc64 Adult (26\u20ac)","value":"Adult (26<\u20ac)","selected":true,"tempId":"aco_32","tooltip":"+13 Years","description":"","gt_translate_keys":["label","tooltip","description"]}],"layOut":"","error":false,"checkUi":"button","priceOptions":"fixed_for_all","pricingType":"fixed","enable_quantity":true,"quantity_label":"","min_quantity":"0","options_tooltip":true,"options_description":true,"gt_translate_keys":["label","quantity_label"],"price_dependency":false,"cl_dependency":false,"value":""}],[{"label":"","active":true,"required":false,"elementId":"radio-group_965e50fd64305c","name":"radio-group_965e50fd64305c","label_position":"default","desc_position":"default","enablePrice":true,"className":"","enableCl":false,"relations":false,"enable_quantity":true,"quantity_label":"","min_quantity":"0","checkUi":"button","layOut":"","values":[{"label":"\ud83d\udc66 Child (21\u20ac)","value":"Child (21\u20ac)","selected":true,"tempId":"aco_32","tooltip":"5-12 Years","description":"","gt_translate_keys":["label","tooltip","description"]}],"priceOptions":"fixed_for_all","pricingType":"fixed","price":"21","cl_rule":"show","col":6,"type":"radio-group","error":false,"options_tooltip":true,"options_description":true,"gt_translate_keys":["label","quantity_label"],"price_dependency":false,"cl_dependency":false,"value":""}]]},"sec_965e50fd6430a4":{"extra":{"key":"sec_965e50fd6430a4","section_id":"sec_965e50fd6430a4","name":"Resident Tickets","status":1,"cl_rule":"show","enableCl":true,"relations":[{"operator":false,"rules":[{"operator":"AND","rules":{"cl_field":"radio-group_365e50fd643015","cl_relation":"is","cl_val":"Resident Tickets"}}]}],"toggle":true,"title_tag":"h4","show_title":false,"showPrice":"default","form_id":10220,"form_rules":{"exclude_from_discount":true,"fee_label":"Fee","disp_hide_options_price":true,"disp_show_section_price":false,"disp_show_field_price":true,"layout_option":"standard","pric_use_as_fee":false,"process_fee_as":"woo_fee"},"layout_option":"standard"},"fields":[[{"elementId":"separator_465e50fd6430c1","separatorType":"blank","className":"","height":"10","enableCl":false,"relations":false,"cl_rule":"show","col":6,"type":"separator","gt_translate_keys":[],"price_dependency":false,"cl_dependency":false,"value":""}],[{"contentType":"plain","active":true,"label":"People","elementId":"content_865e50fd6430cb","value":"","inline":false,"show_in_checkout":true,"name":"content_865e50fd6430cb","enablePrice":false,"className":"","enableCl":false,"relations":false,"price":"","cl_rule":"show","col":6,"type":"content","gt_translate_keys":["label","value"],"price_dependency":false,"cl_dependency":false}],[{"label":"","active":true,"required":false,"elementId":"radio-group_665e50fd6430d6","name":"radio-group_665e50fd6430d6","label_position":"default","desc_position":"default","enablePrice":true,"className":"","enableCl":true,"relations":[{"operator":false,"rules":[{"operator":"AND","rules":{"cl_field":"","cl_relation":"","cl_val":""}}]}],"enable_quantity":true,"quantity_label":"","min_quantity":"0","checkUi":"button","layOut":"","options_tooltip":true,"values":[{"label":"\ud83d\udc64 Adult (22\u20ac)","value":"Adult (22\u20ac)","selected":true,"tempId":"aco_32","tooltip":"+13 Years","gt_translate_keys":["label","tooltip"]}],"priceOptions":"fixed_for_all","pricingType":"fixed","price":"22","cl_rule":"show","col":6,"type":"radio-group","error":false,"gt_translate_keys":["label","quantity_label"],"price_dependency":false,"cl_dependency":false,"value":""}],[{"label":"","active":true,"required":false,"elementId":"radio-group_465e50fd6430e0","name":"radio-group_465e50fd6430e0","label_position":"default","desc_position":"default","enablePrice":true,"className":"","enableCl":false,"relations":false,"enable_quantity":true,"quantity_label":"","min_quantity":"0","checkUi":"button","layOut":"","options_tooltip":true,"values":[{"label":"\ud83d\udc66 Child (15\u20ac)","value":"Children (15\u20ac)","selected":true,"tempId":"aco_32","tooltip":"5-12 Years","gt_translate_keys":["label","tooltip"]}],"priceOptions":"fixed_for_all","pricingType":"fixed","price":"15","cl_rule":"show","col":6,"type":"radio-group","error":false,"gt_translate_keys":["label","quantity_label"],"price_dependency":false,"cl_dependency":false,"value":""}]]}},"config":{"price_override":"always","enable_recaptcha":false,"bind_quantity":false,"quantity_bind_formula":false,"disp_summ_show_option_price":true,"disp_summ_show_product_price":false,"disp_summ_show_total_price":true,"disp_summ_show_fee":true,"disp_summ_show_discount":true,"summary_title":"","options_total_label":"Options Price","total_label":"Total Amount","options_product_label":"Product Price","fee_label":"Fee","discount_label":"Discount","has_price":true,"has_quantity_formula":false},"mc_unit":1,"tax_rate":1,"tax_rate_real":1,"discount":{"percentage":0,"fixed":0},"design":{"conf":{"LabelPosition":"above","DescPosition":"above","UploadField":"custom_1","QuantityFieldStyle":"custom_1"},"css":{"LeftLabelWidth":"120px"}},"formulas":[],"lookuptables":[],"clones":false,"cartKey":false}},"_links":{"self":[{"href":"https:\/\/canaryvip.com\/cs\/wp-json\/wp\/v2\/product\/9834","targetHints":{"allow":["GET"]}}],"collection":[{"href":"https:\/\/canaryvip.com\/cs\/wp-json\/wp\/v2\/product"}],"about":[{"href":"https:\/\/canaryvip.com\/cs\/wp-json\/wp\/v2\/types\/product"}],"replies":[{"embeddable":true,"href":"https:\/\/canaryvip.com\/cs\/wp-json\/wp\/v2\/comments?post=9834"}],"wp:featuredmedia":[{"embeddable":true,"href":"https:\/\/canaryvip.com\/cs\/wp-json\/wp\/v2\/media\/9837"}],"wp:attachment":[{"href":"https:\/\/canaryvip.com\/cs\/wp-json\/wp\/v2\/media?parent=9834"}],"wp:term":[{"taxonomy":"product_brand","embeddable":true,"href":"https:\/\/canaryvip.com\/cs\/wp-json\/wp\/v2\/product_brand?post=9834"},{"taxonomy":"product_cat","embeddable":true,"href":"https:\/\/canaryvip.com\/cs\/wp-json\/wp\/v2\/product_cat?post=9834"},{"taxonomy":"product_tag","embeddable":true,"href":"https:\/\/canaryvip.com\/cs\/wp-json\/wp\/v2\/product_tag?post=9834"}],"curies":[{"name":"wp","href":"https:\/\/api.w.org\/{rel}","templated":true}]}}