{"id":9783,"date":"2024-02-14T19:30:57","date_gmt":"2024-02-14T19:30:57","guid":{"rendered":"https:\/\/canaryvip.com\/?post_type=product&#038;p=9783"},"modified":"2025-08-09T12:54:45","modified_gmt":"2025-08-09T11:54:45","slug":"book-medieval-show-tenerife","status":"publish","type":"product","link":"https:\/\/canaryvip.com\/cs\/shop\/book-medieval-show-tenerife\/","title":{"rendered":"St\u0159edov\u011bk\u00e1 ve\u010de\u0159e na Tenerife"},"content":{"rendered":"<h2>\ud83d\udee1\ufe0f St\u0159edov\u011bk\u00e1 pod\u00edvan\u00e1 na Tenerife<\/h2>\n<p><strong>Cesta \u010dasem s ryt\u00ed\u0159i, sv\u00e1tky a slavnostmi.<\/strong><\/p>\n<p>Vra\u0165te se v \u010dase a pono\u0159te se do vzne\u0161enosti st\u0159edov\u011bku d\u00edky St\u0159edov\u011bk\u00e9 noci na Tenerife. Tato akce, kter\u00e1 se kon\u00e1 na majest\u00e1tn\u00edm hrad\u011b Castillo San Miguel, je spojen\u00edm historie, vzru\u0161en\u00ed a kulin\u00e1\u0159sk\u00fdch z\u00e1\u017eitk\u016f a je ide\u00e1ln\u00ed pro ty, kte\u0159\u00ed hledaj\u00ed nev\u0161edn\u00ed dobrodru\u017estv\u00ed.<\/p>\n<p>P\u0159eneste se s n\u00e1mi do doby ryt\u00ed\u0159\u016f, \u017eert\u016f a ryt\u00ed\u0159sk\u00fdch turnaj\u016f a nab\u00eddn\u011bte m\u00edstn\u00edm i turist\u016fm okouzluj\u00edc\u00ed z\u00e1\u017eitek.<\/p>\n<h3><strong>\ud83c\udff0 Itiner\u00e1\u0159 noci<\/strong><\/h3>\n<ul>\n<li><strong>\u010casov\u00fd rozvrh:<\/strong> Dve\u0159e se otev\u00edraj\u00ed v 18:30, p\u0159edstaven\u00ed za\u010d\u00edn\u00e1 v 19:00 a kon\u010d\u00ed ve 21:30. Ve\u010der slibuje \u0159adu nap\u00ednav\u00fdch st\u0159edov\u011bk\u00fdch p\u0159edstaven\u00ed, v\u010detn\u011b ryt\u00ed\u0159sk\u00fdch souboj\u016f, \u0161erm\u00ed\u0159sk\u00fdch souboj\u016f a p\u016fsobiv\u00fdch ko\u0148sk\u00fdch uk\u00e1zek, kter\u00e9 hosty zaujmou od za\u010d\u00e1tku a\u017e do konce.<\/li>\n<li><strong>Um\u00edst\u011bn\u00ed:<\/strong> Pouh\u00fdch 20 minut od Costa Adeje a Playa de las Am\u00e9ricas stoj\u00ed hrad Castillo San Miguel jako maj\u00e1k st\u0159edov\u011bk\u00e9 n\u00e1dhery, kter\u00fd je p\u0159ipraven v\u00e1s po p\u0159\u00edjezdu p\u0159iv\u00edtat s ryt\u00ed\u0159i ve zbroji.<\/li>\n<li><strong>Kuchyn\u011b:<\/strong> Pochutnejte si na bohat\u00e9 st\u0159edov\u011bk\u00e9 hostin\u011b o t\u0159ech chodech, kter\u00e1 je promy\u0161len\u011b p\u0159ipravena tak, aby pot\u011b\u0161ila va\u0161e chu\u0165ov\u00e9 bu\u0148ky, a k tomu si dejte v\u00edno, vodu a nealkoholick\u00e9 n\u00e1poje, kter\u00e9 v\u00e1m zajist\u00ed z\u00e1\u017eitek jako pro kr\u00e1lovskou rodinu.<\/li>\n<\/ul>\n<h3><strong>\ud83c\udfab P\u0159izp\u016fsobte si st\u0159edov\u011bk\u00fd z\u00e1\u017eitek na m\u00edru<\/strong><\/h3>\n<ul>\n<li><strong>VIP p\u0159\u00edstup:<\/strong> Zp\u0159\u00edjemn\u011bte si ve\u010der VIP z\u00e1\u017eitkem, kter\u00fd zahrnuje p\u0159ednostn\u00ed vstup, sklenku cavy na uv\u00edtanou a pr\u00e9miov\u00e1 m\u00edsta, kter\u00e1 v\u00e1m zajist\u00ed jedine\u010dn\u00fd v\u00fdhled na slavnost.<\/li>\n<li><strong>Skupinov\u00e1 dobrodru\u017estv\u00ed:<\/strong> Pro skupiny jsou k dispozici zv\u00fdhodn\u011bn\u00e9 ceny, co\u017e je ide\u00e1ln\u00ed volba pro oslavy nebo firemn\u00ed akce. <a href=\"https:\/\/canaryvip.com\/cs\/contact\/\">Kontaktujte n\u00e1\u0161 t\u00fdm<\/a> pro individu\u00e1ln\u00ed uspo\u0159\u00e1d\u00e1n\u00ed.<\/li>\n<\/ul>\n<h3><strong>\ud83d\udde1\ufe0f Zapojte se do vzru\u0161en\u00ed<\/strong><\/h3>\n<ul>\n<li>Ar\u00e9na s osmi ryt\u00ed\u0159i a jejich o\u0159i je pod\u00edvanou na st\u0159edov\u011bkou udatnost a nab\u00edz\u00ed ka\u017ed\u00e9mu hostu m\u00edsto v prvn\u00ed \u0159ad\u011b. Ve\u010der je pln\u00fd interaktivn\u00ed z\u00e1bavy, kter\u00e1 v\u00e1m umo\u017en\u00ed fandit sv\u00e9mu ryt\u00ed\u0159i a c\u00edtit se sou\u010d\u00e1st\u00ed historick\u00e9ho dramatu.<\/li>\n<\/ul>\n<h3><strong>\ud83c\udf89 Uspo\u0159\u00e1dejte svou akci na z\u00e1mku<\/strong><\/h3>\n<ul>\n<li>Castillo San Miguel nen\u00ed jen m\u00edstem kon\u00e1n\u00ed St\u0159edov\u011bk\u00e9 noci, ale je k dispozici i pro soukrom\u00e9 rezervace. A\u0165 u\u017e pl\u00e1nujete narozeniny, svatbu nebo firemn\u00ed setk\u00e1n\u00ed, hrad v\u00e1m poskytne jedine\u010dnou kulisu, kter\u00e1 slibuje, \u017ee se va\u0161e akce stane nezapomenutelnou.<\/li>\n<\/ul>\n<h3><strong>\ud83c\udf72 Hostina pro v\u011bky:<\/strong><\/h3>\n<p>Dop\u0159ejte si menu, kter\u00e9 uspokoj\u00ed v\u0161echny chut\u011b, v\u010detn\u011b vegetari\u00e1nsk\u00fdch a d\u011btsk\u00fdch j\u00eddel na vy\u017e\u00e1d\u00e1n\u00ed. Hostina za\u010d\u00edn\u00e1 kr\u00e9movou zeleninovou pol\u00e9vkou, n\u00e1sleduje k\u0159ehk\u00e9 ku\u0159ec\u00ed fil\u00e9 v houbov\u00e9 om\u00e1\u010dce a kon\u010d\u00ed lahodn\u00fdm zmrzlinov\u00fdm dortem polit\u00fdm \u010dokol\u00e1dovou om\u00e1\u010dkou.<\/p>\n<h3><strong>\u2696\ufe0f Rezerva\u010dn\u00ed a storno podm\u00ednky:<\/strong><\/h3>\n<ul>\n<li><strong>P\u0159edb\u011b\u017en\u00e9 rezervace:<\/strong> Zajist\u011bte si sv\u00e9 m\u00edsto v\u010das, abyste mohli vyu\u017e\u00edt na\u0161ich nejlep\u0161\u00edch cen a zjednodu\u0161it pl\u00e1nov\u00e1n\u00ed. CanaryVIP zaru\u010duje nejlep\u0161\u00ed cenu za nezapomenutelnou noc.<\/li>\n<li><strong>Flexibiln\u00ed zru\u0161en\u00ed:<\/strong> U\u017eijte si klid a bezplatn\u00e9 zru\u0161en\u00ed rezervace a\u017e 24 hodin p\u0159ed pl\u00e1novanou n\u00e1v\u0161t\u011bvou. D\u00edky t\u00e9to flexibilit\u011b se va\u0161e pl\u00e1ny mohou p\u0159izp\u016fsobit podle pot\u0159eby bez sankc\u00ed.<\/li>\n<\/ul>\n<h3><strong>\ud83d\ude97 Cesta na hrad:<\/strong><\/h3>\n<ul>\n<li><strong>P\u0159\u00edjezd:<\/strong> Nach\u00e1z\u00ed se v <a href=\"https:\/\/maps.app.goo.gl\/RrDijRjT4TvLiJkT6\" target=\"_blank\" rel=\"noopener\">San Miguel,<\/a>\u00a0, hrad nab\u00edz\u00ed dostatek bezplatn\u00e9ho parkovi\u0161t\u011b. T\u011bm, kte\u0159\u00ed vyu\u017e\u00edvaj\u00ed ve\u0159ejnou dopravu nebo volitelnou slu\u017ebu vyzvednut\u00ed, budou podrobnosti poskytnuty p\u0159i rezervaci.<\/li>\n<\/ul>\n<h4><strong>\ud83c\udf0c \u010cek\u00e1 v\u00e1s ve\u010der pln\u00fd st\u0159edov\u011bk\u00fdch kouzel<\/strong><\/h4>\n<p>Nechte si st\u0159edov\u011bkou noc na hrad\u011b San Miguel zp\u0159\u00edjemnit n\u00e1v\u0161t\u011bvou Tenerife. Rezervujte si sv\u00e9 dobrodru\u017estv\u00ed je\u0161t\u011b dnes a vstupte do sv\u011bta, kde o\u017e\u00edv\u00e1 historie, dopln\u011bn\u00e1 o vzru\u0161uj\u00edc\u00ed z\u00e1bavu, vynikaj\u00edc\u00ed j\u00eddlo a v\u0159elost st\u0159edov\u011bk\u00e9 pohostinnosti. \ud83c\udff0\ud83c\udf56<\/p>","protected":false},"excerpt":{"rendered":"<p><strong>\ud83d\udd0d St\u0159edov\u011bk\u00e1 v\u00fdstava Highlights:<\/strong><br \/>\n\u2705 Bezpe\u010dn\u00e1 platba.<br \/>\n\ud83d\udd25 \u00da\u017easn\u00e1 a z\u00e1bavn\u00e1 pod\u00edvan\u00e1.<br \/>\n\ud83d\udcc5 \u00faterky, \u010dtvrtky a soboty.<br \/>\n\u23f0 Zobrazit: 19:00 - 21:30.<br \/>\n\ud83c\udf5b Ve\u010de\u0159e v cen\u011b.<br \/>\n\ud83c\udf77 V\u010detn\u011b v\u00edna, d\u017eusu a vody.<br \/>\n\ud83c\udf0d Angli\u010dtina Host.<br \/>\n\ud83d\ude8c Voliteln\u00e1 kyvadlov\u00e1 doprava.<br \/>\n\ud83e\udd11 Garance nejlep\u0161\u00ed ceny.<br \/>\n\ud83d\udc6a Slevy pro skupinov\u00e9 rezervace.<br \/>\n\ud83d\udd01 Zru\u0161en\u00ed rezervace zdarma do 24 hodin.<br \/>\n\ud83c\udf1f V\u010dasn\u00e1 rezervace, rychle se zapln\u00ed!<br \/>\n\ud83d\udccd M\u00edsto kon\u00e1n\u00ed v <a href=\"https:\/\/maps.app.goo.gl\/RrDijRjT4TvLiJkT6\">Castillo San Miguel<\/a>.<\/p>","protected":false},"featured_media":9786,"comment_status":"open","ping_status":"closed","template":"","meta":{"_acf_changed":false},"product_brand":[],"product_cat":[59],"product_tag":[],"class_list":{"0":"post-9783","1":"product","2":"type-product","3":"status-publish","4":"has-post-thumbnail","6":"product_cat-evening-shows","7":"wcpa_has_options","9":"first","10":"instock","11":"virtual","12":"purchasable","13":"product-type-simple"},"acf":[],"wcpa_form_fields":{"wcpaData":{"product":{"product_price":49.5,"price_html":"From&nbsp;<span class=\"woocommerce-Price-amount amount\"><bdi>49,50&nbsp;<span class=\"woocommerce-Price-currencySymbol\">&euro;<\/span><\/bdi><\/span>","original_product_price":49.5,"price_including_tax":49.5,"price_excluding_tax":49.5,"product_id":{"parent":9783,"variation":false},"is_variable":false,"stock_status":"instock","stock_quantity":null,"parent_sku":"CV9783","product_attributes":[],"custom_fields":[],"is_taxable":false,"product_name":"Book Medieval Dinner Show Tenerife","hasImage":false},"fields":{"sec_2661b048086dd5":{"extra":{"key":"sec_2661b048086dd5","section_id":"sec_2661b048086dd5","name":"Default","status":1,"cl_rule":"show","enableCl":false,"relations":[],"toggle":true,"title_tag":"h3","show_title":false,"showPrice":"default","form_id":11248,"form_rules":{"exclude_from_discount":true,"fee_label":"Fee","disp_hide_options_price":true,"disp_show_section_price":false,"disp_show_field_price":true,"layout_option":"standard","pric_use_as_fee":false,"process_fee_as":"woo_fee"},"layout_option":"standard"},"fields":[[{"label":"\ud83d\udcc5 Date","active":true,"required":true,"elementId":"date_6661b048086df5","picker_type":"custom","picker_mode":"single","placeholder":"","description":"","tooltip":"","name":"date_6661b048086df5","label_position":"default","desc_position":"default","enablePrice":false,"className":"","enableCl":false,"relations":[{"operator":"and","rules":[{"operator":"AND","rules":{"cl_field":"radio-group_0661b048086e04","cl_relation":"is_not_empty","cl_val":"3 Hour Trip"}}]}],"date_pic_inline":true,"date_pic_inline_hide":true,"min_date":{"type":"days","val":"1"},"max_date":{"type":"days","val":"365"},"date_pic_conf":{"disabledWeeks":[0,1,3,5]},"price":"","cl_rule":"show","col":6,"type":"date","error":false,"enableDesign":false,"LabelColor":"","gt_translate_keys":["label","placeholder","description","tooltip"],"price_dependency":false,"cl_dependency":false,"value":""}],[{"active":true,"col":6,"relations":[{"operator":false,"rules":[{"operator":"AND","rules":{"cl_field":"","cl_relation":"","cl_val":""}}]}],"cl_rule":"show","enableCl":false,"price":"","enablePrice":false,"className":"","label_position":"default","desc_position":"default","type":"radio-group","required":true,"elementId":"radio-group_0661b048086e04","label":"\ud83c\udf1f Type of Ticket","name":"radio-group_0661b048086e04","values":[{"label":"Regular Entrance (49,50\u20ac)","value":"Regular Entrance","selected":false,"tempId":"aco_28","description":"Enjoy the live show, dinner and unlimited drinks.","gt_translate_keys":["label","description"]},{"label":"VIP Entrance (59,50\u20ac)","value":"VIP Entrance","selected":false,"tempId":"aco_29","description":"Enjoy the live show, dinner, and unlimited drinks. Upgrade to VIP for priority entry, a welcome glass of cava, and premium seating for the best views.","gt_translate_keys":["label","description"]}],"layOut":"","error":false,"checkUi":"toggle","enableDesign":false,"scrollBar":false,"description":"","other":false,"options_description":true,"show_selected_option":false,"gt_translate_keys":["label","description"],"price_dependency":false,"cl_dependency":[false,false,false],"value":""}]]},"sec_10661b048086e05":{"extra":{"key":"sec_10661b048086e05","section_id":"sec_10661b048086e05","name":"Regular","status":1,"cl_rule":"show","enableCl":true,"relations":[{"operator":false,"rules":[{"operator":"AND","rules":{"cl_field":"radio-group_0661b048086e04","cl_relation":"is","cl_val":"Regular Entrance"}}]}],"toggle":true,"title_tag":"h4","show_title":false,"showPrice":"default","form_id":11248,"form_rules":{"exclude_from_discount":true,"fee_label":"Fee","disp_hide_options_price":true,"disp_show_section_price":false,"disp_show_field_price":true,"layout_option":"standard","pric_use_as_fee":false,"process_fee_as":"woo_fee"},"layout_option":"standard"},"fields":[[{"elementId":"separator_6661b048086e1c","separatorType":"blank","className":"","height":"5","enableCl":false,"relations":false,"cl_rule":"show","col":6,"type":"separator","error":false,"gt_translate_keys":[],"price_dependency":false,"cl_dependency":false,"value":""}],[{"active":true,"col":6,"relations":false,"cl_rule":"show","enableCl":false,"price":"","enablePrice":false,"className":"","label_position":"default","desc_position":"default","type":"content","required":false,"elementId":"content_4661b048086e26","label":"People","name":"content_4661b048086e26","contentType":"plain","value":"","error":false,"show_in_checkout":true,"inline":false,"gt_translate_keys":["label","value"],"price_dependency":false,"cl_dependency":false}],[{"active":true,"col":6,"relations":[{"operator":false,"rules":[{"operator":"AND","rules":{"cl_field":"","cl_relation":"","cl_val":""}}]}],"cl_rule":"show","enableCl":true,"price":"49,50","enablePrice":true,"className":"","label_position":"default","desc_position":"default","type":"radio-group","required":false,"elementId":"radio-group_5661b048086e31","label":"","name":"radio-group_5661b048086e31","values":[{"label":"\ud83d\udc64 Adult (49,50\u20ac)","value":"Adult","selected":true,"tempId":"aco_32","tooltip":"+14 Years","description":"","gt_translate_keys":["label","tooltip","description"]}],"layOut":"","error":false,"checkUi":"button","priceOptions":"fixed_for_all","pricingType":"fixed","enable_quantity":true,"quantity_label":"","min_quantity":"0","options_tooltip":true,"options_description":true,"gt_translate_keys":["label","quantity_label"],"price_dependency":false,"cl_dependency":false,"value":""}],[{"label":"","active":true,"required":false,"elementId":"radio-group_9661b048086e3b","name":"radio-group_9661b048086e3b","label_position":"default","desc_position":"default","enablePrice":true,"className":"","enableCl":true,"relations":[{"operator":false,"rules":[{"operator":"AND","rules":{"cl_field":"","cl_relation":"","cl_val":""}}]}],"enable_quantity":true,"quantity_label":"","min_quantity":"0","checkUi":"button","layOut":"","options_tooltip":true,"options_description":true,"values":[{"label":"\ud83d\udc66 Child (29\u20ac)","value":"Child","selected":true,"tempId":"aco_32","tooltip":"2-13 Years","description":"","gt_translate_keys":["label","tooltip","description"]}],"priceOptions":"fixed_for_all","pricingType":"fixed","price":"29","cl_rule":"show","col":6,"type":"radio-group","error":false,"gt_translate_keys":["label","quantity_label"],"price_dependency":false,"cl_dependency":false,"value":""}]]},"sec_6661b048086e3c":{"extra":{"key":"sec_6661b048086e3c","section_id":"sec_6661b048086e3c","name":"VIP","status":1,"cl_rule":"show","enableCl":true,"relations":[{"operator":false,"rules":[{"operator":"AND","rules":{"cl_field":"radio-group_0661b048086e04","cl_relation":"is","cl_val":"VIP Entrance"}}]}],"toggle":true,"title_tag":"h4","show_title":false,"showPrice":"default","form_id":11248,"form_rules":{"exclude_from_discount":true,"fee_label":"Fee","disp_hide_options_price":true,"disp_show_section_price":false,"disp_show_field_price":true,"layout_option":"standard","pric_use_as_fee":false,"process_fee_as":"woo_fee"},"layout_option":"standard"},"fields":[[{"elementId":"separator_3661b048086e46","separatorType":"blank","className":"","height":"5","enableCl":false,"relations":false,"cl_rule":"show","col":6,"type":"separator","error":false,"gt_translate_keys":[],"price_dependency":false,"cl_dependency":false,"value":""}],[{"contentType":"plain","active":true,"label":"People","elementId":"content_3661b048086e4f","value":"","inline":false,"show_in_checkout":true,"name":"content_3661b048086e4f","enablePrice":false,"className":"","enableCl":false,"relations":false,"price":"","cl_rule":"show","col":6,"type":"content","error":false,"gt_translate_keys":["label","value"],"price_dependency":false,"cl_dependency":false}],[{"label":"","active":true,"required":false,"elementId":"radio-group_4661b048086e5a","name":"radio-group_4661b048086e5a","label_position":"default","desc_position":"default","enablePrice":true,"className":"","enableCl":false,"relations":[{"operator":false,"rules":[{"operator":"AND","rules":{"cl_field":"","cl_relation":"","cl_val":""}}]}],"enable_quantity":true,"quantity_label":"","min_quantity":"0","checkUi":"button","layOut":"","options_tooltip":true,"values":[{"label":"\ud83d\udc64 Adult (59,50\u20ac)","value":"Adult","selected":true,"tempId":"aco_32","tooltip":"+14 Years","gt_translate_keys":["label","tooltip"]}],"priceOptions":"fixed_for_all","pricingType":"fixed","price":"59,50","cl_rule":"show","col":6,"type":"radio-group","error":false,"gt_translate_keys":["label","quantity_label"],"price_dependency":false,"cl_dependency":false,"value":""}],[{"label":"","active":true,"required":false,"elementId":"radio-group_2661b048086e64","name":"radio-group_2661b048086e64","label_position":"default","desc_position":"default","enablePrice":true,"className":"","enableCl":true,"relations":[{"operator":false,"rules":[{"operator":"AND","rules":{"cl_field":"","cl_relation":"","cl_val":""}}]}],"enable_quantity":true,"quantity_label":"","min_quantity":"0","checkUi":"button","layOut":"","options_tooltip":true,"options_description":true,"values":[{"label":"\ud83d\udc66 Child (35\u20ac)","value":"Child","selected":true,"tempId":"aco_32","tooltip":"2-13 Years","description":"","gt_translate_keys":["label","tooltip","description"]}],"priceOptions":"fixed_for_all","pricingType":"fixed","price":"35","cl_rule":"show","col":6,"type":"radio-group","error":false,"gt_translate_keys":["label","quantity_label"],"price_dependency":false,"cl_dependency":false,"value":""}]]},"sec_8661b048086e65":{"extra":{"key":"sec_8661b048086e65","section_id":"sec_8661b048086e65","name":"Shuttle Service?","status":1,"cl_rule":"show","enableCl":true,"relations":[{"operator":false,"rules":[{"operator":"AND","rules":{"cl_field":"radio-group_0661b048086e04","cl_relation":"is_not_empty","cl_val":""}}]}],"toggle":true,"title_tag":"h4","show_title":false,"showPrice":"default","form_id":11248,"form_rules":{"exclude_from_discount":true,"fee_label":"Fee","disp_hide_options_price":true,"disp_show_section_price":false,"disp_show_field_price":true,"layout_option":"standard","pric_use_as_fee":false,"process_fee_as":"woo_fee"},"layout_option":"standard"},"fields":[[{"active":true,"col":6,"relations":false,"cl_rule":"show","enableCl":false,"price":"({field.radio-group_5661b048086e31.quantity}*15)+({field.radio-group_9661b048086e3b.quantity}*10)+({field.radio-group_4661b048086e5a.quantity}*15)+({field.radio-group_2661b048086e64.quantity}*10)","enablePrice":true,"className":"","label_position":"default","desc_position":"below","type":"checkbox","required":false,"elementId":"checkbox_9661b048086e6e","label":"Bus Transfer? (15\u20ac)","name":"checkbox_9661b048086e6e","value":"","check_value":"Yes","checkUi":"toggle","error":false,"description":"Pick-up from your hotel in south Tenerife available for an extra \u20ac15\/adult and \u20ac10\/child.","pricingType":"custom","isTemplate":false,"gt_translate_keys":["label","description","value","check_value"],"price_dependency":false,"cl_dependency":["text_0974037831"]}],[{"active":true,"col":6,"relations":[{"operator":false,"rules":[{"operator":"AND","rules":{"cl_field":"checkbox_9661b048086e6e","cl_relation":"is","cl_val":true}}]}],"cl_rule":"show","enableCl":true,"price":"","enablePrice":false,"className":"","label_position":"default","desc_position":"default","type":"text","subtype":"text","required":false,"elementId":"text_0974037831","label":"\ud83d\ude8c Pickup Location","name":"text_0974037831","value":"","error":false,"description":"Pick-up service in South Tenerife. Simply provide your address or hotel name.","gt_translate_keys":["label","description","value"],"price_dependency":false,"cl_dependency":false}]]}},"config":{"price_override":"always","enable_recaptcha":false,"bind_quantity":false,"quantity_bind_formula":false,"disp_summ_show_option_price":true,"disp_summ_show_product_price":false,"disp_summ_show_total_price":true,"disp_summ_show_fee":true,"disp_summ_show_discount":true,"summary_title":"","options_total_label":"Options Price","total_label":"Total Amount","options_product_label":"Product Price","fee_label":"Fee","discount_label":"Discount","has_price":true,"has_quantity_formula":false},"mc_unit":1,"tax_rate":1,"tax_rate_real":1,"discount":{"percentage":0,"fixed":0},"design":{"conf":{"LabelPosition":"above","DescPosition":"above","UploadField":"custom_1","QuantityFieldStyle":"custom_1"},"css":{"LeftLabelWidth":"120px"}},"formulas":[],"lookuptables":[],"clones":false,"cartKey":false}},"_links":{"self":[{"href":"https:\/\/canaryvip.com\/cs\/wp-json\/wp\/v2\/product\/9783","targetHints":{"allow":["GET"]}}],"collection":[{"href":"https:\/\/canaryvip.com\/cs\/wp-json\/wp\/v2\/product"}],"about":[{"href":"https:\/\/canaryvip.com\/cs\/wp-json\/wp\/v2\/types\/product"}],"replies":[{"embeddable":true,"href":"https:\/\/canaryvip.com\/cs\/wp-json\/wp\/v2\/comments?post=9783"}],"wp:featuredmedia":[{"embeddable":true,"href":"https:\/\/canaryvip.com\/cs\/wp-json\/wp\/v2\/media\/9786"}],"wp:attachment":[{"href":"https:\/\/canaryvip.com\/cs\/wp-json\/wp\/v2\/media?parent=9783"}],"wp:term":[{"taxonomy":"product_brand","embeddable":true,"href":"https:\/\/canaryvip.com\/cs\/wp-json\/wp\/v2\/product_brand?post=9783"},{"taxonomy":"product_cat","embeddable":true,"href":"https:\/\/canaryvip.com\/cs\/wp-json\/wp\/v2\/product_cat?post=9783"},{"taxonomy":"product_tag","embeddable":true,"href":"https:\/\/canaryvip.com\/cs\/wp-json\/wp\/v2\/product_tag?post=9783"}],"curies":[{"name":"wp","href":"https:\/\/api.w.org\/{rel}","templated":true}]}}