{"id":9654,"date":"2024-02-11T16:27:15","date_gmt":"2024-02-11T16:27:15","guid":{"rendered":"https:\/\/canaryvip.com\/?post_type=product&#038;p=9654"},"modified":"2026-03-26T13:04:23","modified_gmt":"2026-03-26T13:04:23","slug":"book-scandal-dinner-show","status":"publish","type":"product","link":"https:\/\/canaryvip.com\/cs\/shop\/book-scandal-dinner-show\/","title":{"rendered":"Scandal Ve\u010dern\u00ed show Tenerife"},"content":{"rendered":"<h2><strong>\ud83c\udfad Scandal Burlesque Dinner Show<\/strong><\/h2>\n<p>Ve\u010der pln\u00fd luxusu, humoru a podmaniv\u00fdch p\u0159edstaven\u00ed nab\u00edz\u00ed <strong>Scandal Burlesque Dinner Show.<\/strong> Tato akce ur\u010den\u00e1 pro ty, kte\u0159\u00ed hledaj\u00ed p\u0159\u00edjemn\u00fd ve\u010der, kombinuje p\u016fvab burlesky s poutavou komedi\u00ed, kouzly a hudebn\u00edmi \u010d\u00edsly. <strong>CanaryVIP<\/strong> zve m\u00edstn\u00ed obyvatele i n\u00e1v\u0161t\u011bvn\u00edky na nezapomenuteln\u00e9 z\u00e1\u017eitky.<\/p>\n<h3><strong>\ud83c\udf7d\ufe0f Luxusn\u00ed stravov\u00e1n\u00ed v GF Victoria 5*<\/strong><\/h3>\n<ul>\n<li><strong>Um\u00edst\u011bn\u00ed:<\/strong> Presti\u017en\u00ed <a href=\"https:\/\/www.google.com\/maps\/place\/GF+Victoria\/@28.0917871,-16.7412967,17z\/data=!3m1!4b1!4m9!3m8!1s0xc6a974d01c4268f:0x3c0e40669a61bb47!5m2!4m1!1i2!8m2!3d28.0917871!4d-16.7387218!16s%2Fg%2F11bvv59vv2?entry=tts&amp;g_ep=EgoyMDI0MDUwOC4wKgBIAVAD\" target=\"_blank\" rel=\"noopener\">GF Victoria<\/a> Jako m\u00edsto kon\u00e1n\u00ed slou\u017e\u00ed 5* hotel v Costa Adeje, kter\u00fd poskytuje dokonalou kombinaci pohodl\u00ed a vzne\u0161enosti pro nezapomenuteln\u00fd ve\u010der.<\/li>\n<li><strong>Kuchyn\u011b:<\/strong> Host\u00e9 si mohou vychutnat bohat\u00e9 j\u00eddlo o 5 chodech, pe\u010dliv\u011b p\u0159ipraven\u00e9 z t\u011bch nejlep\u0161\u00edch surovin a pod\u00e1van\u00e9 s profesion\u00e1ln\u00ed eleganc\u00ed. Ka\u017ed\u00fd chod slibuje okouzlit chu\u0165ov\u00e9 poh\u00e1rky kulin\u00e1\u0159sk\u00fdmi z\u00e1\u017eitky.<\/li>\n<\/ul>\n<h3><strong>\ud83d\udd70\ufe0f Ve\u010dern\u00ed program<\/strong><\/h3>\n<ul>\n<li><strong>\u010casov\u00fd rozvrh:<\/strong> Ve\u010der za\u010d\u00edn\u00e1 ve 20:00, p\u0159edstaven\u00ed za\u010d\u00ednaj\u00ed ve 20:30 a trvaj\u00ed p\u0159ibli\u017en\u011b 3 hodiny. Po p\u0159edstaven\u00ed jsou host\u00e9 zv\u00e1ni do hotelov\u00e9ho Skybaru, kde si mohou u\u017e\u00edt prodlou\u017eenou noc plnou relaxace a koktejl\u016f v n\u00e1dhern\u00e9 kulise.<\/li>\n<li><strong>Oble\u010den\u00ed:<\/strong> Host\u00e9 jsou vyzv\u00e1ni, aby se na ve\u010der obl\u00e9kli do stylov\u00e9ho ve\u010dern\u00edho oble\u010den\u00ed, kter\u00e9 bude odr\u00e1\u017eet sofistikovanou atmosf\u00e9ru akce. Toto setk\u00e1n\u00ed je ur\u010deno pro hosty star\u0161\u00ed 16 let, co\u017e zaru\u010duje dosp\u011bl\u00fd a elegantn\u00ed z\u00e1\u017eitek.<\/li>\n<\/ul>\n<h3><strong>\ud83c\udf9f\ufe0f Vyberte si sv\u016fj dokonal\u00fd ve\u010der<\/strong><\/h3>\n<ul>\n<li><strong>Zlat\u00fd pr\u016fkaz:<\/strong> Pono\u0159te se do show s gurm\u00e1nsk\u00fdm degusta\u010dn\u00edm menu, kter\u00e9 dopl\u0148uje \u0159ada neomezen\u00fdch n\u00e1poj\u016f, a u\u017eijte si tak opravdu po\u017eitk\u00e1\u0159sk\u00fd ve\u010der.<\/li>\n<li><strong>Platinov\u00e1 zku\u0161enost:<\/strong> Pokud si chcete dop\u0159\u00e1t je\u0161t\u011b v\u00edce luxusu, m\u016f\u017eete si v r\u00e1mci Platinum Experience dop\u0159\u00e1t v\u0161echny v\u00fdhody Golden Passu a nav\u00edc soukrom\u00ed u vlastn\u00edho stolu, \u010d\u00edm\u017e se v\u00fdjime\u010dnost ve\u010dera je\u0161t\u011b zv\u00fd\u0161\u00ed.<\/li>\n<\/ul>\n<h3><strong>\ud83d\udccd Va\u0161e m\u00edsto na p\u0159edstaven\u00ed<\/strong><\/h3>\n<ul>\n<li>Prostory jsou promy\u0161len\u011b uspo\u0159\u00e1d\u00e1ny tak, aby ka\u017ed\u00fd host m\u011bl dobr\u00fd v\u00fdhled na jevi\u0161t\u011b a ka\u017ed\u00e9 p\u0159edstaven\u00ed si mohl vychutnat z jak\u00e9hokoli \u00fahlu.<\/li>\n<\/ul>\n<h3><strong>\ud83c\udf89 Oslavy na m\u00edru<\/strong><\/h3>\n<ul>\n<li>Zvl\u00e1\u0161tn\u00ed p\u0159\u00edle\u017eitosti, od narozenin a\u017e po firemn\u00ed setk\u00e1n\u00ed, pro skupiny od 30 do 150 osob, mohou b\u00fdt ozna\u010deny. T\u00fdm pro po\u0159\u00e1d\u00e1n\u00ed akc\u00ed je p\u0159ipraven p\u0159izp\u016fsobit ve\u010dery k dokonalosti.<\/li>\n<\/ul>\n<h3><strong>\ud83c\udf1f Podstata burleskn\u00ed show:<\/strong><\/h3>\n<ul>\n<li><strong>Interaktivn\u00ed z\u00e1bava:<\/strong> \u00da\u010dinkuj\u00edc\u00ed se p\u0159\u00edmo zapojuj\u00ed do komunikace s publikem a vytv\u00e1\u0159ej\u00ed tak intimn\u00ed a \u017eivou atmosf\u00e9ru, kter\u00e1 zaujme a pot\u011b\u0161\u00ed.<\/li>\n<li><strong>Bohat\u00e9 spektrum akt\u016f:<\/strong> P\u0159edstaven\u00ed nab\u00edz\u00ed rozmanit\u00fd a vzru\u0161uj\u00edc\u00ed z\u00e1\u017eitek p\u0159i ka\u017ed\u00e9m vystoupen\u00ed, od klasick\u00e9 burlesky a\u017e po jej\u00ed sou\u010dasnou interpretaci.<\/li>\n<\/ul>\n<h3><strong>\ud83c\udf72 Menu pro ka\u017edou chu\u0165:<\/strong><\/h3>\n<p>V nab\u00eddce je pestr\u00fd v\u00fdb\u011br j\u00eddel, kter\u00fd uspokoj\u00ed v\u0161echny chut\u011b, v\u010detn\u011b vegetari\u00e1nsk\u00fdch a vegansk\u00fdch j\u00eddel na p\u0159\u00e1n\u00ed. Vynikaj\u00edc\u00ed nab\u00eddka zahrnuje:<\/p>\n<ul>\n<li>K\u0159upav\u00e9 pochoutky dopl\u0148uje raita, uzen\u00fd kuku\u0159i\u010dn\u00fd kr\u00e9m s trochou koriandru a \u0161\u0165avnat\u00e9 vep\u0159ov\u00e9 koleno z Pyrenejsk\u00e9ho poloostrova.<\/li>\n<li>Delik\u00e1tn\u011b p\u0159ipraven\u00e9 t\u011bstoviny paccheri s bohat\u00fdm houbov\u00fdm rag\u00fa, obohacen\u00e9 o nakl\u00e1dan\u00e9 ko\u0159en\u00ed.<\/li>\n<li>K\u0159ehce upe\u010den\u00e9 \u010dern\u00e9 prase s om\u00e1\u010dkou satay a kreativn\u011b podan\u00e9 fale\u0161n\u00e9 rizoto.<\/li>\n<li>Z\u00e1v\u011bre\u010dn\u00fd dezert z makronek z \u010derven\u00fdch bobul\u00ed a b\u00edl\u00e9 \u010dokol\u00e1dy.<\/li>\n<\/ul>\n<h3><strong>\u2696\ufe0f Rezerva\u010dn\u00ed a storno podm\u00ednky:<\/strong><\/h3>\n<ul>\n<li><strong>Rezervujte si p\u0159edem v\u00fdhody:<\/strong> P\u0159edchoz\u00ed rezervace zaji\u0161\u0165uje nejlep\u0161\u00ed dostupn\u00e9 ceny a zjednodu\u0161uje proces pl\u00e1nov\u00e1n\u00ed.<\/li>\n<li><strong>Flexibiln\u00ed zru\u0161en\u00ed:<\/strong> Bezplatn\u00e9 zru\u0161en\u00ed rezervace je mo\u017en\u00e9 a\u017e 48 hodin p\u0159ed pl\u00e1novan\u00fdm za\u010d\u00e1tkem p\u0159edstaven\u00ed, co\u017e umo\u017e\u0148uje flexibilitu pl\u00e1n\u016f.<\/li>\n<li><strong>Zjednodu\u0161en\u00e9 skupinov\u00e9 rezervace:<\/strong> U ve\u010d\u00edrk\u016f v\u011bt\u0161\u00edch ne\u017e 6 osob plat\u00ed jednoduch\u00e9 storno podm\u00ednky a\u017e 4 dny p\u0159ed akc\u00ed. P\u0159i zru\u0161en\u00ed rezervace 2 a\u017e 4 dny p\u0159ed kon\u00e1n\u00edm akce lze vr\u00e1tit 50%.<\/li>\n<\/ul>\n<h3><strong>\ud83c\udf92 P\u0159\u00edprava na noc:<\/strong><\/h3>\n<ul>\n<li><strong>Oble\u010den\u00ed:<\/strong> Host\u016fm doporu\u010dujeme, aby si vzali sv\u016fj nejlep\u0161\u00ed ve\u010dern\u00ed od\u011bv, kter\u00fd bude ladit s elegantn\u00edm prost\u0159ed\u00edm akce. Zat\u00edmco d\u017e\u00edny a p\u011bkn\u00e9 tri\u010dko jsou p\u0159ijateln\u00e9, sportovn\u00ed oble\u010den\u00ed a p\u00e1nsk\u00e9 \u0161ortky se nedoporu\u010duj\u00ed, aby se zachovala luxusn\u00ed atmosf\u00e9ra.<\/li>\n<li><strong>Informace o parkov\u00e1n\u00ed:<\/strong> Pohodln\u00e9 parkov\u00e1n\u00ed je k dispozici v bl\u00edzkosti n\u00e1kupn\u00edho centra Plaza del Duque, kter\u00e9 se nach\u00e1z\u00ed jen kousek od hotelu, a zaji\u0161\u0165uje tak snadn\u00fd p\u0159\u00edstup v\u0161em host\u016fm.<\/li>\n<\/ul>\n<h4><strong>\ud83c\udf1f \u010cek\u00e1 v\u00e1s nezapomenuteln\u00fd ve\u010der<\/strong><\/h4>\n<p>Scandal Burlesque <a href=\"https:\/\/canaryvip.com\/cs\/tenerife\/evening-shows\/\">Ve\u010dern\u00ed show<\/a> slibuje, \u017ee bude vrcholem va\u0161\u00ed n\u00e1v\u0161t\u011bvy Tenerife s <strong>CanaryVIP.<\/strong>\u00a0Zajist\u011bte si vstupenky ji\u017e nyn\u00ed a u\u017eijte si jedine\u010dnou kombinaci z\u00e1bavy, j\u00eddla a v\u00fdhled\u016f na krajinu. \ud83c\udf0c\ud83c\udf78<\/p>","protected":false},"excerpt":{"rendered":"<p><strong>\ud83d\udd0d Scandal Uk\u00e1zat nejd\u016fle\u017eit\u011bj\u0161\u00ed momenty:<\/strong><br \/>\n\u2705 Bezpe\u010dn\u00e1 platba.<br \/>\n\ud83d\udc83 Burlesque-Style Show.<br \/>\n\ud83d\udd59 Ka\u017edou sobotu ve 20:30.<br \/>\n\ud83c\udf5b Ve\u010de\u0159e v cen\u011b.<br \/>\n\ud83c\udf77 V\u010detn\u011b v\u00edna a nealkoholick\u00fdch n\u00e1poj\u016f.<br \/>\n\ud83c\udf0d Angli\u010dtina a \u0161pan\u011bl\u0161tina Hostitel.<br \/>\n\u2705 +16 Pouze pro dosp\u011bl\u00e9.<br \/>\n\ud83d\ude80 Velmi obl\u00edben\u00e9!<br \/>\n\ud83e\udd11 Garance nejlep\u0161\u00ed ceny.<br \/>\n\ud83d\udc6a Slevy pro skupinov\u00e9 rezervace.<br \/>\n\ud83d\udd01 Bezplatn\u00e9 zru\u0161en\u00ed rezervace do 48 hodin.<br \/>\n\ud83c\udf1f V\u010dasn\u00e1 rezervace, rychle se zapln\u00ed!<br \/>\n\ud83d\udccd M\u00edsto kon\u00e1n\u00ed v <a href=\"https:\/\/maps.app.goo.gl\/boB3JcWYHb8AiGY58\">Hotel GF Victoria<\/a>.<\/p>","protected":false},"featured_media":9659,"comment_status":"open","ping_status":"closed","template":"","meta":{"_acf_changed":false},"product_brand":[],"product_cat":[59],"product_tag":[],"class_list":{"0":"post-9654","1":"product","2":"type-product","3":"status-publish","4":"has-post-thumbnail","6":"product_cat-evening-shows","7":"wcpa_has_options","9":"first","10":"instock","11":"virtual","12":"purchasable","13":"product-type-simple"},"acf":[],"wcpa_form_fields":{"wcpaData":{"product":{"product_price":94,"price_html":"From&nbsp;<span class=\"woocommerce-Price-amount amount\"><bdi>94,00&nbsp;<span class=\"woocommerce-Price-currencySymbol\">&euro;<\/span><\/bdi><\/span>","original_product_price":94,"price_including_tax":94,"price_excluding_tax":94,"product_id":{"parent":9654,"variation":false},"is_variable":false,"stock_status":"instock","stock_quantity":null,"parent_sku":"CV9654","product_attributes":[],"custom_fields":[],"is_taxable":false,"product_name":"Scandal Dinner Show Tenerife","hasImage":false},"fields":{"sec_165e506ca90d2c":{"extra":{"key":"sec_165e506ca90d2c","section_id":"sec_165e506ca90d2c","name":"Default","status":1,"cl_rule":"show","enableCl":false,"relations":[],"toggle":true,"title_tag":"h3","show_title":false,"showPrice":"default","form_id":10217,"form_rules":{"exclude_from_discount":true,"fee_label":"Fee","disp_hide_options_price":true,"disp_show_section_price":false,"disp_show_field_price":true,"layout_option":"standard","pric_use_as_fee":false,"process_fee_as":"woo_fee"},"layout_option":"standard"},"fields":[[{"label":"\ud83d\udcc5 Date","active":true,"required":true,"elementId":"date_265e506ca90d6a","picker_type":"custom","picker_mode":"single","placeholder":"","description":"","tooltip":"","name":"date_265e506ca90d6a","label_position":"default","desc_position":"default","enablePrice":false,"className":"","enableCl":false,"relations":[{"operator":"and","rules":[{"operator":"AND","rules":{"cl_field":"radio-group_765e506ca90d4e","cl_relation":"is_not_empty","cl_val":"3 Hour Trip"}}]}],"date_pic_inline":true,"date_pic_inline_hide":true,"min_date":{"type":"days","val":"1"},"max_date":{"type":"days","val":"180"},"date_pic_conf":{"disabledWeeks":[0,1,2,3,4,5],"disabledDates":["2024-05-25","2024-08-10","2024-11-02","2024-12-14","2024-12-27 to 2024-12-28"]},"price":"","cl_rule":"show","col":6,"type":"date","error":false,"enableDesign":false,"LabelColor":"","date_conf_custom":{"minDate":"let d = new Date();\nif (d.getHours() >= 18) {\n  d.setDate(d.getDate() + 3);\n} else if (d.getHours() >= 12) {\n  d.setDate(d.getDate() + 1);\n} else {\nd.setDate(d.getDate());\n}\nreturn d;"},"isWeightTemplate":false,"isTemplate":false,"min_quantity":"1","quantity_decimal":false,"quantity_step":"1","quantity_label":"Quantity","repeater_field_label":"{field_label}","repeater_bind":"","gt_translate_keys":["label","placeholder","description","tooltip","repeater_field_label","quantity_label"],"price_dependency":false,"cl_dependency":["radio-group_765e506ca90d4e","radio-group_765e506ca90d4e"],"value":""}],[{"active":true,"col":6,"relations":[{"operator":false,"rules":[{"operator":"AND","rules":{"cl_field":"","cl_relation":"","cl_val":""}}]}],"cl_rule":"show","enableCl":false,"price":"","enablePrice":false,"className":"","label_position":"default","desc_position":"default","type":"radio-group","required":true,"elementId":"radio-group_765e506ca90d4e","label":"\ud83c\udf1f Type of Ticket","name":"radio-group_765e506ca90d4e","values":[{"label":"Gold Entrance (94\u20ac)","value":"Gold Entrance","selected":false,"tempId":"aco_28","description":"Enjoy the live show, tasting menu, and unlimited drinks.","gt_translate_keys":["label","description"]},{"label":"Platinum Entrance (114\u20ac)","value":"Platinum Entrance","selected":false,"tempId":"aco_29","description":"Enjoy the live show, tasting menu, unlimited drinks, and a private table.","options_cl":true,"relations":[{"operator":false,"rules":[{"operator":"or","rules":{"cl_field":"date_265e506ca90d6a","cl_relation":"is","cl_val":"2026-04-02"}},{"operator":false,"rules":{"cl_field":"date_265e506ca90d6a","cl_relation":"is","cl_val":"2026-03-26"}}]}],"cl_rule":"hide","gt_translate_keys":["label","description"]}],"layOut":"","error":false,"checkUi":"toggle","enableDesign":false,"scrollBar":false,"description":"","other":false,"options_description":true,"show_selected_option":false,"isWeightTemplate":false,"isTemplate":false,"min_quantity":"1","quantity_decimal":false,"quantity_step":"1","quantity_label":"Quantity","repeater_field_label":"{field_label}","repeater_bind":"","gt_translate_keys":["label","description","repeater_field_label","quantity_label"],"price_dependency":false,"cl_dependency":[false,false],"value":""}]]},"sec_965e506ca90d50":{"extra":{"key":"sec_965e506ca90d50","section_id":"sec_965e506ca90d50","name":"Gold","status":1,"cl_rule":"show","enableCl":true,"relations":[{"operator":false,"rules":[{"operator":"AND","rules":{"cl_field":"radio-group_765e506ca90d4e","cl_relation":"is","cl_val":"Gold Entrance"}}]}],"toggle":true,"title_tag":"h4","show_title":false,"showPrice":"default","form_id":10217,"form_rules":{"exclude_from_discount":true,"fee_label":"Fee","disp_hide_options_price":true,"disp_show_section_price":false,"disp_show_field_price":true,"layout_option":"standard","pric_use_as_fee":false,"process_fee_as":"woo_fee"},"layout_option":"standard"},"fields":[[{"elementId":"separator_765e506ca90d74","separatorType":"blank","className":"","height":"10","enableCl":false,"relations":false,"cl_rule":"show","col":6,"type":"separator","gt_translate_keys":[],"price_dependency":false,"cl_dependency":false,"value":""}],[{"active":true,"col":6,"relations":false,"cl_rule":"show","enableCl":false,"price":"","enablePrice":false,"className":"","label_position":"default","desc_position":"default","type":"content","required":false,"elementId":"content_365e506ca90d7f","label":"People","name":"content_365e506ca90d7f","contentType":"plain","value":"","error":false,"show_in_checkout":true,"inline":false,"gt_translate_keys":["label","value"],"price_dependency":false,"cl_dependency":false}],[{"active":true,"col":6,"relations":[{"operator":false,"rules":[{"operator":"AND","rules":{"cl_field":"","cl_relation":"","cl_val":""}}]}],"cl_rule":"show","enableCl":true,"price":"94","enablePrice":true,"className":"","label_position":"default","desc_position":"default","type":"radio-group","required":false,"elementId":"radio-group_265e506ca90d8a","label":"","name":"radio-group_265e506ca90d8a","values":[{"label":"\ud83d\udc64 Adult (94\u20ac)","value":"Adult","selected":true,"tempId":"aco_32","tooltip":"+16 Years","description":"","gt_translate_keys":["label","tooltip","description"]}],"layOut":"","error":false,"checkUi":"button","priceOptions":"fixed_for_all","pricingType":"fixed","enable_quantity":true,"quantity_label":"","min_quantity":"0","options_tooltip":true,"options_description":true,"gt_translate_keys":["label","quantity_label"],"price_dependency":false,"cl_dependency":false,"value":""}]]},"sec_365e506ca90da0":{"extra":{"key":"sec_365e506ca90da0","section_id":"sec_365e506ca90da0","name":"Platinum","status":1,"cl_rule":"show","enableCl":true,"relations":[{"operator":false,"rules":[{"operator":"AND","rules":{"cl_field":"radio-group_765e506ca90d4e","cl_relation":"is","cl_val":"Platinum Entrance"}}]}],"toggle":true,"title_tag":"h4","show_title":false,"showPrice":"default","form_id":10217,"form_rules":{"exclude_from_discount":true,"fee_label":"Fee","disp_hide_options_price":true,"disp_show_section_price":false,"disp_show_field_price":true,"layout_option":"standard","pric_use_as_fee":false,"process_fee_as":"woo_fee"},"layout_option":"standard"},"fields":[[{"elementId":"separator_565e506ca90daa","separatorType":"blank","className":"","height":"8","enableCl":false,"relations":false,"cl_rule":"show","col":6,"type":"separator","error":false,"gt_translate_keys":[],"price_dependency":false,"cl_dependency":false,"value":""}],[{"contentType":"plain","active":true,"label":"People","elementId":"content_365e506ca90dc6","value":"","inline":false,"show_in_checkout":true,"name":"content_365e506ca90dc6","enablePrice":false,"className":"","enableCl":false,"relations":false,"price":"","cl_rule":"show","col":6,"type":"content","gt_translate_keys":["label","value"],"price_dependency":false,"cl_dependency":false}],[{"label":"","active":true,"required":false,"elementId":"radio-group_365e506ca90dd1","name":"radio-group_365e506ca90dd1","label_position":"default","desc_position":"default","enablePrice":true,"className":"","enableCl":false,"relations":[{"operator":false,"rules":[{"operator":"AND","rules":{"cl_field":"","cl_relation":"","cl_val":""}}]}],"enable_quantity":true,"quantity_label":"","min_quantity":"0","checkUi":"button","layOut":"","options_tooltip":true,"values":[{"label":"\ud83d\udc64 Adult (114\u20ac)","value":"Adult","selected":true,"tempId":"aco_32","tooltip":"+16 Years","gt_translate_keys":["label","tooltip"]}],"priceOptions":"fixed_for_all","pricingType":"fixed","price":"114","cl_rule":"show","col":6,"type":"radio-group","error":false,"isWeightTemplate":false,"isTemplate":false,"quantity_decimal":false,"quantity_step":"1","repeater_field_label":"{field_label}","repeater_bind":"","gt_translate_keys":["label","repeater_field_label","quantity_label"],"price_dependency":false,"cl_dependency":false,"value":""}]]}},"config":{"price_override":"always","enable_recaptcha":false,"bind_quantity":false,"quantity_bind_formula":false,"disp_summ_show_option_price":true,"disp_summ_show_product_price":false,"disp_summ_show_total_price":true,"disp_summ_show_fee":true,"disp_summ_show_discount":true,"summary_title":"","options_total_label":"Options Price","total_label":"Total Amount","options_product_label":"Product Price","fee_label":"Fee","discount_label":"Discount","has_price":true,"has_quantity_formula":false},"mc_unit":1,"tax_rate":1,"tax_rate_real":1,"discount":{"percentage":0,"fixed":0},"design":{"conf":{"LabelPosition":"above","DescPosition":"above","UploadField":"custom_1","QuantityFieldStyle":"custom_1"},"css":{"LeftLabelWidth":"120px"}},"formulas":[],"lookuptables":[],"clones":false,"cartKey":false}},"_links":{"self":[{"href":"https:\/\/canaryvip.com\/cs\/wp-json\/wp\/v2\/product\/9654","targetHints":{"allow":["GET"]}}],"collection":[{"href":"https:\/\/canaryvip.com\/cs\/wp-json\/wp\/v2\/product"}],"about":[{"href":"https:\/\/canaryvip.com\/cs\/wp-json\/wp\/v2\/types\/product"}],"replies":[{"embeddable":true,"href":"https:\/\/canaryvip.com\/cs\/wp-json\/wp\/v2\/comments?post=9654"}],"wp:featuredmedia":[{"embeddable":true,"href":"https:\/\/canaryvip.com\/cs\/wp-json\/wp\/v2\/media\/9659"}],"wp:attachment":[{"href":"https:\/\/canaryvip.com\/cs\/wp-json\/wp\/v2\/media?parent=9654"}],"wp:term":[{"taxonomy":"product_brand","embeddable":true,"href":"https:\/\/canaryvip.com\/cs\/wp-json\/wp\/v2\/product_brand?post=9654"},{"taxonomy":"product_cat","embeddable":true,"href":"https:\/\/canaryvip.com\/cs\/wp-json\/wp\/v2\/product_cat?post=9654"},{"taxonomy":"product_tag","embeddable":true,"href":"https:\/\/canaryvip.com\/cs\/wp-json\/wp\/v2\/product_tag?post=9654"}],"curies":[{"name":"wp","href":"https:\/\/api.w.org\/{rel}","templated":true}]}}