{"id":9623,"date":"2024-02-11T01:34:38","date_gmt":"2024-02-11T01:34:38","guid":{"rendered":"https:\/\/canaryvip.com\/?post_type=product&#038;p=9623"},"modified":"2025-08-09T12:57:36","modified_gmt":"2025-08-09T11:57:36","slug":"tenerife-island-guided-bus-tour","status":"publish","type":"product","link":"https:\/\/canaryvip.com\/cs\/shop\/tenerife-island-guided-bus-tour\/","title":{"rendered":"Prohl\u00eddka ostrova Tenerife: V\u00fdlet autobusem s pr\u016fvodcem"},"content":{"rendered":"<h2>\ud83d\ude8c <strong>Autobusov\u00e1 prohl\u00eddka ostrova Tenerife s pr\u016fvodcem<\/strong><\/h2>\n<p>Objevte srdce Tenerife s <strong>CanaryVIP<\/strong> na celodenn\u00ed okru\u017en\u00ed j\u00edzdu autobusem s pr\u016fvodcem po cel\u00e9m ostrov\u011b. Od \u00fachvatn\u00fdch <a href=\"https:\/\/www.google.com\/maps\/place\/Acantilados+de+Los+Gigantes,+Santa+Cruz+de+Tenerife\/@28.244027,-16.8456497,15z\/data=!3m1!4b1!4m6!3m5!1s0xc6a8c153fdc6811:0xa0340f674cf6610!8m2!3d28.2408828!4d-16.8377834!16s%2Fm%2F026dqlb?entry=ttu\" target=\"_blank\" rel=\"noopener\">\u00datesy Los Gigantes<\/a> do historick\u00fdch ulic <a href=\"https:\/\/www.google.com\/maps\/place\/La+Orotava,+Santa+Cruz+de+Tenerife\/@28.3929248,-16.5287568,15z\/data=!3m1!4b1!4m6!3m5!1s0xc402aae32ddf575:0x27206a076b427988!8m2!3d28.3892926!4d-16.525264!16zL20vMDdrcmx5?entry=ttu\" target=\"_blank\" rel=\"noopener\">La Orotava<\/a>, tato cesta slibuje bohatou mozaiku rozmanit\u00e9 krajiny a kulturn\u00edch poklad\u016f Tenerife.<\/p>\n<h3><strong>Nejd\u016fle\u017eit\u011bj\u0161\u00ed body prohl\u00eddky: Pr\u016fzkum cel\u00e9ho ostrova<\/strong><\/h3>\n<ul>\n<li>\ud83c\udf04 <strong>\u00datesy Los Gigantes<\/strong>: Sv\u00e9 dobrodru\u017estv\u00ed za\u010dn\u011bte n\u00e1v\u0161t\u011bvou \u00fachvatn\u00fdch \u00fates\u016f Los Gigantes, kde se naplno projevuje velkolepost p\u0159\u00edrody.<\/li>\n<li>\ud83d\udc40 <strong>Mirador de Garachico<\/strong>: Pokra\u010dujte k vyhl\u00eddce Mirador de Garachico, odkud je n\u00e1dhern\u00fd v\u00fdhled na severn\u00ed pob\u0159e\u017e\u00ed Tenerife.<\/li>\n<li>\ud83c\udf33 <strong>Icod de los Vinos<\/strong>: Prozkoumejte Icod de los Vinos a obdivujte Tis\u00edcilet\u00fd dra\u010d\u00ed strom, p\u0159\u00edrodn\u00ed pam\u00e1tku s bohatou histori\u00ed.<\/li>\n<li>\ud83c\udfd8\ufe0f <strong>La Orotava<\/strong>: Pono\u0159te se do kouzla La Orotavy a nav\u0161tivte slavn\u00fd d\u016fm Casa de los Balcones, symbol kan\u00e1rsk\u00e9 architektury a tradice.<\/li>\n<li>\ud83d\udecd\ufe0f <strong>Puerto de la Cruz<\/strong>: Voln\u00fd \u010das v Puerto de la Cruz na n\u00e1kupy, prohl\u00eddku pam\u00e1tek a ob\u011bd (j\u00eddlo nen\u00ed zahrnuto v cen\u011b v\u00fdletu).<\/li>\n<li>\ud83d\ude4f <strong>Candelaria<\/strong>: Posledn\u00ed zast\u00e1vkou v Candelarii uct\u011bte pam\u00e1tku patrona Kan\u00e1rsk\u00fdch ostrov\u016f a zakon\u010dete den pln\u00fd pozn\u00e1v\u00e1n\u00ed a objevov\u00e1n\u00ed.<\/li>\n<\/ul>\n<h3><strong>Va\u0161e cesta s CanaryVIP zahrnuje:<\/strong><\/h3>\n<ul>\n<li>\ud83d\ude8c A <strong>pohodln\u00e1 a malebn\u00e1 j\u00edzda autobusem<\/strong> po cel\u00e9m Tenerife, aby byla cesta stejn\u011b p\u0159\u00edjemn\u00e1 jako samotn\u00e9 destinace.<\/li>\n<li>\ud83c\udfe8 <strong>Pohodln\u00e9 vyzvednut\u00ed a p\u0159ed\u00e1n\u00ed<\/strong> ve va\u0161em hotelu, abyste mohli cestovat bez stresu od za\u010d\u00e1tku a\u017e do konce.<\/li>\n<li>\ud83d\udde3\ufe0f <strong>Poutav\u00e9 veden\u00ed v\u00edcejazy\u010dn\u00fdch pr\u016fvodc\u016f<\/strong>a obohatit tak sv\u00e9 z\u00e1\u017eitky o fascinuj\u00edc\u00ed informace o ka\u017ed\u00e9m m\u00edst\u011b.<\/li>\n<li>\ud83d\udd52 An <strong>p\u0159ibli\u017en\u011b 8hodinov\u00e1 prohl\u00eddka<\/strong>, navr\u017een\u00fd tak, abyste co nejl\u00e9pe poznali \u00fachvatnou krajinu a kulturn\u00ed d\u011bdictv\u00ed Tenerife.<\/li>\n<li>\ud83d\udcf8 Nespo\u010det <strong>mo\u017enosti fotografov\u00e1n\u00ed<\/strong> v rozmanit\u00fdch ter\u00e9nech, co\u017e v\u00e1m zajist\u00ed vzpom\u00ednky na cel\u00fd \u017eivot.<\/li>\n<li>\ud83d\udcb0 P\u0159\u00edslib CanaryVIP <strong>nejlep\u0161\u00ed cena<\/strong>, dopln\u011bn\u00e9 o flexibiln\u00ed storno podm\u00ednky pro va\u0161e pohodl\u00ed.<\/li>\n<\/ul>\n<h3><strong>Z\u00e1kladn\u00ed informace o prohl\u00eddce:<\/strong><\/h3>\n<ul>\n<li>\ud83c\udf9f\ufe0f Vstupenku CanaryVIP si ponechte v digit\u00e1ln\u00ed nebo ti\u0161t\u011bn\u00e9 podob\u011b, abyste si mohli prohl\u00eddku vychutnat bez probl\u00e9m\u016f.<\/li>\n<li>\ud83e\udde5 Oble\u010dte se pohodln\u011b a po\u010d\u00edtejte s vrstvami, proto\u017ee na ostrov\u011b se setk\u00e1te s r\u016fzn\u00fdmi klimatick\u00fdmi podm\u00ednkami.<\/li>\n<li>\ud83c\udf7d\ufe0f V Puerto de la Cruz si ud\u011blejte p\u0159est\u00e1vku na ob\u011bd a vyberte si z mnoha mo\u017enost\u00ed stravov\u00e1n\u00ed. (Ob\u011bd nen\u00ed zahrnut v cen\u011b)<\/li>\n<li>\ud83d\udccc \u010casy a m\u00edsta vyzvednut\u00ed budou potvrzeny po proveden\u00ed rezervace. Ujist\u011bte se, \u017ee jsou \u00fadaje o va\u0161em ubytov\u00e1n\u00ed p\u0159esn\u00e9, abyste mohli hladce zorganizovat cestu.<\/li>\n<\/ul>\n<h3><strong>Storno podm\u00ednky:<\/strong><\/h3>\n<ul>\n<li>\ud83d\udd04 <strong>P\u0159izp\u016fsobiv\u00e9 zru\u0161en\u00ed pro jednotlivce:<\/strong> Na\u0161e pravidla zohled\u0148uj\u00ed nep\u0159edv\u00eddatelnost \u017eivota a umo\u017e\u0148uj\u00ed zru\u0161en\u00ed z\u00e1jezdu a\u017e 24 hodin p\u0159ed pl\u00e1novanou prohl\u00eddkou, za kterou v\u00e1m bude vr\u00e1cena cel\u00e1 \u010d\u00e1stka. Tato flexibilita v\u00e1m zaru\u010d\u00ed, \u017ee si m\u016f\u017eete bez probl\u00e9m\u016f upravit pl\u00e1n cesty podle pot\u0159eby.<\/li>\n<li>\ud83d\udd52 <strong>Mo\u017enosti zru\u0161en\u00ed skupiny:<\/strong> Pro ty, kte\u0159\u00ed cestuj\u00ed ve skupin\u00e1ch, nab\u00edz\u00edme p\u0159izp\u016fsoben\u00e9 storno podm\u00ednky. Mal\u00e9 skupiny 5-7 osob mohou zru\u0161it z\u00e1jezd bez jak\u00fdchkoli poplatk\u016f do 48 hodin p\u0159ed za\u010d\u00e1tkem z\u00e1jezdu. St\u0159edn\u011b velk\u00e9 skupiny 8-14 osob maj\u00ed mo\u017enost zru\u0161it z\u00e1jezd do 4 dn\u016f p\u0159ed jeho kon\u00e1n\u00edm a z\u00edskat zp\u011bt plnou \u010d\u00e1stku, zat\u00edmco v\u011bt\u0161\u00ed skupiny 15 a v\u00edce osob je t\u0159eba zru\u0161it z\u00e1jezd alespo\u0148 6 dn\u016f p\u0159edem, aby se vyhnuly p\u0159\u00edpadn\u00fdm storno poplatk\u016fm. Tyto pokyny jsou stanoveny s c\u00edlem usnadnit pl\u00e1nov\u00e1n\u00ed pro skupiny v\u0161ech velikost\u00ed.<\/li>\n<li>\ud83d\udca1 <strong>Bezprobl\u00e9mov\u00fd postup zru\u0161en\u00ed:<\/strong> Zru\u0161en\u00ed z\u00e1jezdu, a\u0165 u\u017e samostatn\u00e9ho, nebo se skupinou, je jednoduch\u00e9. Sta\u010d\u00ed n\u00e1s kontaktovat prost\u0159ednictv\u00edm na\u0161ich webov\u00fdch str\u00e1nek, e-mailu nebo n\u00e1m zavolat. Zajist\u00edme rychl\u00fd proces vr\u00e1cen\u00ed pen\u011bz, tak\u017ee zru\u0161en\u00ed z\u00e1jezdu prob\u011bhne hladce a bez starost\u00ed.<\/li>\n<li>\ud83d\udd0d <strong>Ov\u011b\u0159en\u00ed rezervace:<\/strong> Je rozumn\u00e9 p\u0159ekontrolovat si \u00fadaje o rezervaci dostate\u010dn\u011b dlouho p\u0159ed datem z\u00e1jezdu. Umo\u017en\u00ed v\u00e1m to prov\u00e9st p\u0159\u00edpadn\u00e9 \u00fapravy nebo zru\u0161en\u00ed rezervace ve stanoven\u00fdch term\u00ednech a vyhnout se tak p\u0159\u00edpadn\u00fdm poplatk\u016fm.<\/li>\n<\/ul>\n<h4><strong>Asistence a odpov\u011bdnost na cest\u00e1ch:<\/strong><\/h4>\n<ul>\n<li>\u2714\ufe0f CanaryVIP se sna\u017e\u00ed zajistit nezapomenuteln\u00fd a bezprobl\u00e9mov\u00fd z\u00e1\u017eitek z cesty, od rezervace a\u017e po prohl\u00eddku.<\/li>\n<li>\ud83d\udde3\ufe0f <strong>P\u0159\u00edm\u00e1 komunikace:<\/strong> Na\u0161i pr\u016fvodci jsou v\u00e1m k dispozici, aby v\u00e1m pomohli s jak\u00fdmikoli dotazy nebo pot\u0159ebami b\u011bhem prohl\u00eddky.<\/li>\n<li>\ud83d\udcb0 <strong>Transparentn\u00ed z\u00e1sady vracen\u00ed pen\u011bz:<\/strong> Zavazujeme se k p\u0159\u00edstupu, kter\u00fd je zam\u011b\u0159en na z\u00e1kazn\u00edka, a ve\u0161ker\u00e9 probl\u00e9my \u0159e\u0161\u00edme rychle a spravedliv\u011b.<\/li>\n<\/ul>\n<h4><strong>\ud83d\ude8c\ud83c\udf04\ud83c\udfdb\ufe0f Rezervujte si sv\u00e9 ostrovn\u00ed dobrodru\u017estv\u00ed pr\u00e1v\u011b te\u010f!<\/strong><\/h4>\n<p>Vyu\u017eijte jedine\u010dnou p\u0159\u00edle\u017eitost a vydejte se s CanaryVIP pozn\u00e1vat kr\u00e1sy a bohatou kulturu Tenerife. Rezervujte si m\u00edsto na ostrov\u011b Tenerife <a href=\"https:\/\/canaryvip.com\/cs\/tenerife\/guided-tours\/bus-tours\/\">Prohl\u00eddka autobusem s pr\u016fvodcem<\/a> a vydejte se na nezapomenutelnou cestu po nejzn\u00e1m\u011bj\u0161\u00edch pam\u00e1tk\u00e1ch a skryt\u00fdch klenotech ostrova.<\/p>\n<p>Va\u0161e dobrodru\u017estv\u00ed \u010dek\u00e1!<\/p>","protected":false},"excerpt":{"rendered":"<p><strong>\ud83d\udd0d Prohl\u00eddka ostrova Tenerife:<\/strong><br \/>\n\u2705 Bezpe\u010dn\u00e1 platba.<br \/>\n\u26f0\ufe0f Nav\u0161tivte \u00fates Los Gigantes.<br \/>\n\ud83d\udc09 Prozkoumejte Icod\u016fv dra\u010d\u00ed strom.<br \/>\n\ud83d\udca6 Objevte Garachico.<br \/>\n\ud83d\udee4\ufe0f Nav\u0161tivte La Orotavu.<br \/>\n\ud83d\udecd\ufe0f U\u017eijte si Puerto de la Cruz.<br \/>\n\u26ea\ufe0f Nav\u0161tivte Candelarii.<br \/>\n\ud83d\udcc5 \u00faterky a soboty.<br \/>\n\u23f0 Doba trv\u00e1n\u00ed P\u0159ibli\u017en\u011b 8 h.<br \/>\n\ud83d\ude8c Vyzvednut\u00ed a p\u0159ed\u00e1n\u00ed v hotelu.<br \/>\n\ud83d\udd04 24hodinov\u00e9 bezplatn\u00e9 storno.<br \/>\n\ud83e\udd11 Garance nejlep\u0161\u00ed ceny.<br \/>\n\ud83c\udf81 K dispozici jsou skupinov\u00e9 slevy.<br \/>\n\ud83c\udf0d Pr\u016fvodce ve va\u0161em jazyce.<br \/>\n\ud83c\udf1f Rezervujte nyn\u00ed a u\u0161et\u0159ete!<\/p>","protected":false},"featured_media":9624,"comment_status":"open","ping_status":"closed","template":"","meta":{"_acf_changed":false},"product_brand":[],"product_cat":[68,52],"product_tag":[],"class_list":{"0":"post-9623","1":"product","2":"type-product","3":"status-publish","4":"has-post-thumbnail","6":"product_cat-guided-tours","7":"product_cat-bus-tours","8":"wcpa_has_options","10":"first","11":"instock","12":"virtual","13":"purchasable","14":"product-type-simple"},"acf":[],"wcpa_form_fields":{"wcpaData":{"product":{"product_price":48,"price_html":"From&nbsp;<span class=\"woocommerce-Price-amount amount\"><bdi>48,00&nbsp;<span class=\"woocommerce-Price-currencySymbol\">&euro;<\/span><\/bdi><\/span>","original_product_price":48,"price_including_tax":48,"price_excluding_tax":48,"product_id":{"parent":9623,"variation":false},"is_variable":false,"stock_status":"instock","stock_quantity":null,"parent_sku":"CV9623","product_attributes":[],"custom_fields":[],"is_taxable":false,"product_name":"Tenerife Island Tour: Guided Bus Trip","hasImage":false},"fields":{"sec_265e50550df885":{"extra":{"key":"sec_265e50550df885","section_id":"sec_265e50550df885","name":"South Tenerife","status":1,"cl_rule":"show","enableCl":false,"relations":[{"operator":false,"rules":[{"operator":"AND","rules":{"cl_field":"radio-group_665df45fcbc30b","cl_relation":"is","cl_val":"Siam Park Regular Tickets"}}]}],"toggle":true,"title_tag":"h4","show_title":false,"showPrice":"default","form_id":10216,"form_rules":{"exclude_from_discount":true,"fee_label":"Fee","disp_hide_options_price":true,"disp_show_section_price":false,"disp_show_field_price":true,"layout_option":"standard","pric_use_as_fee":false,"process_fee_as":"woo_fee"},"layout_option":"standard"},"fields":[[{"label":"\ud83d\udcc5 Date","active":true,"required":true,"elementId":"date_365e50550df8bb","picker_type":"custom","picker_mode":"single","placeholder":"","description":"","tooltip":"","name":"date_365e50550df8bb","label_position":"default","desc_position":"default","enablePrice":false,"className":"","enableCl":false,"relations":[{"operator":"and","rules":[{"operator":"AND","rules":{"cl_field":"radio-group_665df45fcbc30b","cl_relation":"is","cl_val":"3 Hour Trip"}}]}],"date_pic_inline":true,"date_pic_inline_hide":true,"min_date":{"type":"days","val":"1"},"max_date":{"type":"days","val":"365"},"date_pic_conf":{"disabledWeeks":[0,1,3,4,5,6]},"price":"","cl_rule":"show","col":6,"type":"date","error":false,"enableDesign":false,"LabelColor":"","gt_translate_keys":["label","placeholder","description","tooltip"],"price_dependency":false,"cl_dependency":false,"value":""}],[{"elementId":"separator_665e50550df8cb","separatorType":"blank","className":"","height":"10","enableCl":false,"relations":false,"cl_rule":"show","col":6,"type":"separator","gt_translate_keys":[],"price_dependency":false,"cl_dependency":false,"value":""}],[{"active":true,"col":6,"relations":false,"cl_rule":"show","enableCl":false,"price":"","enablePrice":false,"className":"","label_position":"default","desc_position":"default","type":"content","required":false,"elementId":"content_565e50550df8e4","label":"People","name":"content_565e50550df8e4","contentType":"plain","value":"","error":false,"show_in_checkout":true,"inline":false,"gt_translate_keys":["label","value"],"price_dependency":false,"cl_dependency":false}],[{"active":true,"col":6,"relations":[{"operator":false,"rules":[{"operator":"AND","rules":{"cl_field":"","cl_relation":"","cl_val":""}}]}],"cl_rule":"show","enableCl":true,"price":"50","enablePrice":true,"className":"","label_position":"default","desc_position":"default","type":"radio-group","required":false,"elementId":"radio-group_665e50550df8f0","label":"","name":"radio-group_665e50550df8f0","values":[{"label":"\ud83d\udc64 Adult (50\u20ac)","value":"Adult","selected":true,"tempId":"aco_32","tooltip":"+12 Years","description":"","gt_translate_keys":["label","tooltip","description"]}],"layOut":"","error":false,"checkUi":"button","priceOptions":"fixed_for_all","pricingType":"fixed","enable_quantity":true,"quantity_label":"","min_quantity":"0","options_tooltip":true,"options_description":true,"gt_translate_keys":["label","quantity_label"],"price_dependency":false,"cl_dependency":false,"value":""}],[{"label":"","active":true,"required":false,"elementId":"radio-group_665e50550df8fb","name":"radio-group_665e50550df8fb","label_position":"default","desc_position":"default","enablePrice":true,"className":"","enableCl":false,"relations":false,"enable_quantity":true,"quantity_label":"","min_quantity":"0","checkUi":"button","layOut":"","values":[{"label":"\ud83d\udc66 Child (31\u20ac)","value":"Child","selected":true,"tempId":"aco_32","tooltip":"2-11 Years","description":"","gt_translate_keys":["label","tooltip","description"]}],"priceOptions":"fixed_for_all","pricingType":"fixed","price":"31","cl_rule":"show","col":6,"type":"radio-group","error":false,"options_tooltip":true,"options_description":true,"gt_translate_keys":["label","quantity_label"],"price_dependency":false,"cl_dependency":false,"value":""}],[{"active":true,"col":6,"relations":false,"cl_rule":"show","enableCl":false,"price":"","enablePrice":false,"className":"","label_position":"default","desc_position":"default","type":"select","required":false,"elementId":"select_265e50550df905","label":"\ud83c\udf0e Language","name":"select_265e50550df905","values":[{"label":"English","value":"English","selected":false,"tempId":"aco_310","gt_translate_keys":["label"]},{"label":"Spanish","value":"Spanish","selected":false,"tempId":"aco_311","gt_translate_keys":["label"]},{"label":"French","value":"French","selected":false,"tempId":"aco_312","gt_translate_keys":["label"]}],"dropdown_type":"basic","error":false,"gt_translate_keys":["label"],"price_dependency":false,"cl_dependency":false,"value":""}],[{"active":true,"col":6,"relations":false,"cl_rule":"show","enableCl":false,"price":"","enablePrice":false,"className":"","label_position":"default","desc_position":"default","type":"separator","required":false,"elementId":"separator_665e50550df90f","label":"Separator Field","height":"7","separatorType":"blank","error":false,"gt_translate_keys":["label"],"price_dependency":false,"cl_dependency":false,"value":""}],[{"active":true,"col":6,"relations":false,"cl_rule":"show","enableCl":false,"price":"","enablePrice":false,"className":"","label_position":"default","desc_position":"default","type":"text","subtype":"text","required":false,"elementId":"text_565e50550df918","label":"\ud83d\ude8c Pickup Location","name":"text_565e50550df918","value":"","description":"Pick-up service in South Tenerife. Simply provide your address or hotel name.","error":false,"gt_translate_keys":["label","description","value"],"price_dependency":false,"cl_dependency":false}]]}},"config":{"price_override":"always","enable_recaptcha":false,"bind_quantity":false,"quantity_bind_formula":false,"disp_summ_show_option_price":true,"disp_summ_show_product_price":false,"disp_summ_show_total_price":true,"disp_summ_show_fee":true,"disp_summ_show_discount":true,"summary_title":"","options_total_label":"Options Price","total_label":"Total Amount","options_product_label":"Product Price","fee_label":"Fee","discount_label":"Discount","has_price":true,"has_quantity_formula":false},"mc_unit":1,"tax_rate":1,"tax_rate_real":1,"discount":{"percentage":0,"fixed":0},"design":{"conf":{"LabelPosition":"above","DescPosition":"above","UploadField":"custom_1","QuantityFieldStyle":"custom_1"},"css":{"LeftLabelWidth":"120px"}},"formulas":[],"lookuptables":[],"clones":false,"cartKey":false}},"_links":{"self":[{"href":"https:\/\/canaryvip.com\/cs\/wp-json\/wp\/v2\/product\/9623","targetHints":{"allow":["GET"]}}],"collection":[{"href":"https:\/\/canaryvip.com\/cs\/wp-json\/wp\/v2\/product"}],"about":[{"href":"https:\/\/canaryvip.com\/cs\/wp-json\/wp\/v2\/types\/product"}],"replies":[{"embeddable":true,"href":"https:\/\/canaryvip.com\/cs\/wp-json\/wp\/v2\/comments?post=9623"}],"wp:featuredmedia":[{"embeddable":true,"href":"https:\/\/canaryvip.com\/cs\/wp-json\/wp\/v2\/media\/9624"}],"wp:attachment":[{"href":"https:\/\/canaryvip.com\/cs\/wp-json\/wp\/v2\/media?parent=9623"}],"wp:term":[{"taxonomy":"product_brand","embeddable":true,"href":"https:\/\/canaryvip.com\/cs\/wp-json\/wp\/v2\/product_brand?post=9623"},{"taxonomy":"product_cat","embeddable":true,"href":"https:\/\/canaryvip.com\/cs\/wp-json\/wp\/v2\/product_cat?post=9623"},{"taxonomy":"product_tag","embeddable":true,"href":"https:\/\/canaryvip.com\/cs\/wp-json\/wp\/v2\/product_tag?post=9623"}],"curies":[{"name":"wp","href":"https:\/\/api.w.org\/{rel}","templated":true}]}}