{"id":9493,"date":"2024-02-05T22:56:26","date_gmt":"2024-02-05T22:56:26","guid":{"rendered":"https:\/\/canaryvip.com\/?post_type=product&#038;p=9493"},"modified":"2025-08-09T12:59:18","modified_gmt":"2025-08-09T11:59:18","slug":"jungle-park-tickets","status":"publish","type":"product","link":"https:\/\/canaryvip.com\/cs\/shop\/jungle-park-tickets\/","title":{"rendered":"Koupit vstupenky na Jungle Park"},"content":{"rendered":"<h2>\ud83e\udd85 <strong>Jungle Park Tenerife: Safari dobrodru\u017estv\u00ed a r\u00e1j divok\u00e9 zv\u011b\u0159e<\/strong><\/h2>\n<p><strong>\u23f0 Prozkoumejte ka\u017ed\u00fd den:<\/strong> Dobrodru\u017estv\u00ed na v\u00e1s \u010dek\u00e1 od 10:00 do 17:30 a nab\u00edz\u00ed cel\u00fd den pln\u00fd zkoum\u00e1n\u00ed a objevov\u00e1n\u00ed.<\/p>\n<p>\ud83d\udccd <strong>Va\u0161e safari \u010dek\u00e1:<\/strong> Objevte divokou str\u00e1nku Tenerife v parku Chayofa's Jungle Park, kde se v rozlehl\u00e9 d\u017eungli m\u00eds\u00ed zoologick\u00e1 a botanick\u00e1 zahrada. Napl\u00e1nujte si n\u00e1v\u0161t\u011bvu podle <a href=\"https:\/\/maps.app.goo.gl\/K7g47iUPFiKyfYdU9\" target=\"_blank\" rel=\"noopener\">vyhled\u00e1n\u00ed parku na Map\u00e1ch Google<\/a>.<\/p>\n<p>\ud83c\udf92 <strong>Z\u00e1klady dobrodru\u017estv\u00ed:<\/strong> Na celodenn\u00ed pobyt v d\u017eungli si p\u0159ibalte opalovac\u00ed kr\u00e9m, pohodlnou obuv a nezapome\u0148te na fotoapar\u00e1t, abyste m\u011bli spoustu p\u0159\u00edle\u017eitost\u00ed k fotografov\u00e1n\u00ed exotick\u00fdch zv\u00ed\u0159at a bujn\u00e9 p\u0159\u00edrody.<\/p>\n<p>\ud83d\udca7 <strong>Ob\u010derstven\u00ed a dopln\u011bn\u00ed paliva:<\/strong> Uvnit\u0159 parku najdete r\u016fzn\u00e9 mo\u017enosti, kde se m\u016f\u017eete zavodnit a naj\u00edst, co\u017e v\u0161em zajist\u00ed pohodln\u00fd a p\u0159\u00edjemn\u00fd den.<\/p>\n<p>\ud83c\udfab <strong>Rychl\u00fd p\u0159\u00edstup:<\/strong> Vyhn\u011bte se \u010dek\u00e1n\u00ed s p\u0159edem zakoupen\u00fdmi vstupenkami CanaryVIP, kter\u00e9 nab\u00edzej\u00ed rychlej\u0161\u00ed vstup pro ty, kte\u0159\u00ed p\u0159ijdou p\u0159ipraveni, ne\u017e n\u00e1v\u0161t\u011bvn\u00edci, kte\u0159\u00ed si kupuj\u00ed vstupenky p\u0159i p\u0159\u00edjezdu.<\/p>\n<p>\ud83d\ude8c <strong>Kyvadlov\u00e1 doprava do d\u017eungle:<\/strong> Vyu\u017eijte bezplatnou kyvadlovou dopravu z ji\u017en\u00ed \u010d\u00e1sti Tenerife, kter\u00e1 v\u00e1m zajist\u00ed p\u0159\u00edmou a pohodlnou cestu do Jungle Parku.<\/p>\n<p>\ud83c\udf1f <strong>CanaryVIP Exclusives:<\/strong> Rezervace s CanaryVIP v\u00e1m nejen zajist\u00ed vstup, ale tak\u00e9 v\u00e1m umo\u017en\u00ed p\u0159\u00edstup ke speci\u00e1ln\u00edm slev\u00e1m, p\u0159ednostn\u00edmu vstupu a dal\u0161\u00edm v\u00fdhod\u00e1m, kter\u00e9 v\u00e1m zp\u0159\u00edjemn\u00ed n\u00e1v\u0161t\u011bvu Jungle Parku.<\/p>\n<ul>\n<li><strong>Okam\u017eit\u00e1 \u00faspora:<\/strong> Odemkn\u011bte exkluzivn\u00ed slevy ihned po proveden\u00ed rezervace u n\u00e1s.<\/li>\n<li><strong>V\u00edce za m\u00e9n\u011b pen\u011bz:<\/strong> Pod\u00edvejte se na na\u0161e nab\u00eddky kombinovan\u00fdch vstupenek, kde u\u0161et\u0159\u00edte je\u0161t\u011b v\u00edce a u\u017eijete si dvojn\u00e1sobnou porci z\u00e1bavy.<\/li>\n<li><strong>Pl\u00e1nov\u00e1n\u00ed bez starost\u00ed:<\/strong> U\u017eijte si klid s mo\u017enost\u00ed zru\u0161it n\u00e1v\u0161t\u011bvu a\u017e 72 hodin p\u0159ed pl\u00e1novanou n\u00e1v\u0161t\u011bvou.<\/li>\n<\/ul>\n<p>\ud83d\udc3e <strong>Seznamte se s na\u0161imi zv\u00ed\u0159ec\u00edmi hv\u011bzdami:<\/strong> Jungle Park je domovem rozmanit\u00fdch druh\u016f divok\u00e9 zv\u011b\u0159e, od hrav\u00fdch orangutan\u016f, gibon\u016f a kapuc\u00edn\u016f v na\u0161em \u00fato\u010di\u0161ti prim\u00e1t\u016f a\u017e po majest\u00e1tn\u00ed leopardy a jagu\u00e1ry v na\u0161\u00ed rezervaci velk\u00fdch ko\u010dek. Nenechte si uj\u00edt tu\u010d\u0148\u00e1ky, lachtany, surikaty, m\u00fdvaly a na\u0161i p\u016fsobivou sb\u00edrku plaz\u016f s hady, \u017eelvami, krokod\u00fdly a kajmany.<\/p>\n<p>\ud83e\udd9c <strong>Nejd\u016fle\u017eit\u011bj\u0161\u00ed okam\u017eiky po\u0159adu:<\/strong> Ka\u017edodenn\u00ed show s lachtany ve 13:30 je pln\u00e1 z\u00e1bavy, zat\u00edmco show s drav\u00fdmi pt\u00e1ky ve 12:30 p\u0159edv\u00e1d\u00ed neuv\u011b\u0159itelnou mr\u0161tnost na\u0161ich ope\u0159en\u00fdch p\u0159\u00e1tel, v\u010detn\u011b n\u00e1dhern\u00e9ho orla b\u011blohlav\u00e9ho. Tato p\u0159edstaven\u00ed jsou nejen z\u00e1bavn\u00e1, ale i nau\u010dn\u00e1 a nab\u00edzej\u00ed pohled na \u017eivot t\u011bchto \u00fa\u017easn\u00fdch tvor\u016f.<\/p>\n<p>\ud83d\udc68\u200d\ud83d\udc69\u200d\ud83d\udc67\u200d\ud83d\udc66 <strong>Rodinn\u00e9 dobrodru\u017estv\u00ed:<\/strong> Jungle Park nab\u00edz\u00ed vzru\u0161uj\u00edc\u00ed safari, klidn\u00e9 proch\u00e1zky p\u0159\u00edrodou a interaktivn\u00ed setk\u00e1n\u00ed se zv\u00ed\u0159aty, kter\u00e1 jsou ide\u00e1ln\u00ed pro n\u00e1v\u0161t\u011bvn\u00edky v\u0161ech v\u011bkov\u00fdch kategori\u00ed. V parku se m\u016f\u017eete z\u00fa\u010dastnit speci\u00e1ln\u00edch prohl\u00eddek nebo si pro v\u011bt\u0161\u00ed vzru\u0161en\u00ed vyzkou\u0161et bobovou dr\u00e1hu propl\u00e9taj\u00edc\u00ed se d\u017eungl\u00ed.<\/p>\n<h3>\ud83d\ude8c Slu\u017eba vyzvednut\u00ed zdarma<\/h3>\n<p><strong>Bezprobl\u00e9mov\u00e9 p\u0159ipojen\u00ed raketopl\u00e1nu:<\/strong> Vyu\u017eijte na\u0161i bezplatnou kyvadlovou dopravu, abyste se z ji\u017en\u00ed \u010d\u00e1sti Tenerife do parku Jungle dostali bez stresu. Zajist\u011bte si, aby va\u0161e dobrodru\u017estv\u00ed za\u010dalo i skon\u010dilo bez probl\u00e9m\u016f.<\/p>\n<p><strong>Pl\u00e1n kyvadlov\u00e9 dopravy a n\u00e1vraty:<\/strong> U\u017eijte si pohodln\u00e9 vyzvednut\u00ed z Costa Adeje, Playa de Las Am\u00e9ricas a Los Cristianos, kter\u00e9 v\u00e1m usnadn\u00ed n\u00e1v\u0161t\u011bvu parku Jungle. Na\u0161e bezplatn\u00e1 denn\u00ed autobusov\u00e1 doprava v\u00e1s bez probl\u00e9m\u016f doprav\u00ed na m\u00edsto ur\u010den\u00ed:<\/p>\n<ul>\n<li><a href=\"https:\/\/canaryvip.com\/cs\/shop\/aqualand-tickets\/\">Aqualand<\/a> Costa Adeje: 9:30 | 10:45<\/li>\n<li>H. Labranda Suites Costa Adeje: 9:35 | 10:50<\/li>\n<li>N\u00e1kupn\u00ed centrum Duke Shops: 9:35 | 10:55<\/li>\n<li>Hotel Sunwing Fa\u00f1ab\u00e9: 9:40 | 11:00<\/li>\n<li>Hotel Allsun Hibiscos: 9:45 | 11:05<\/li>\n<li>Calle Llanos De Troya: 9:50 | 11:35<\/li>\n<li>Bar Leonardo's: 9:55 | 11:40<\/li>\n<li>Hotel Best Tenerife: 10:00 | 11:45<\/li>\n<li>N\u00e1kupn\u00ed centrum Pasarela \"La Pepa\": 10:10 | 11:50<\/li>\n<li>Hotel Sol Arona Tenerife: 10:15 | 11:55<\/li>\n<\/ul>\n<p><strong>Doba n\u00e1vratu<\/strong>: 16:30 | 17:30.<\/p>\n<p>Upozor\u0148ujeme, \u017ee po\u010det m\u00edst v kyvadlov\u00e9 doprav\u011b je omezen a je k dispozici podle po\u0159ad\u00ed p\u0159\u00edchodu a obsazen\u00ed bez p\u0159edchoz\u00ed rezervace.<\/p>\n<h3>\ud83d\udd25 <strong>Rezervujte nyn\u00ed pro exkluzivn\u00ed nab\u00eddky Jungle Parku<\/strong><\/h3>\n<p>Pono\u0159te se s CanaryVIP do divok\u00e9 kr\u00e1sy tenerifsk\u00e9ho parku Jungle. Zajist\u011bte si nejlep\u0161\u00ed nab\u00eddky, u\u017eijte si bezprobl\u00e9mov\u00fd p\u0159\u00edstup a vytvo\u0159te si nezapomenuteln\u00e9 vzpom\u00ednky v bujn\u00e9m prost\u0159ed\u00ed Chayofy.<\/p>\n<p>Pono\u0159te se do sv\u011bta, kde se snoub\u00ed divok\u00e1 p\u0159\u00edroda s dobrodru\u017estv\u00edm, do parku Jungle na Tenerife, kde ka\u017ed\u00e1 cesta vede k objevu a ka\u017ed\u00e9 setk\u00e1n\u00ed je p\u0159\u00edb\u011bhem, kter\u00fd \u010dek\u00e1 na vypr\u00e1v\u011bn\u00ed. Rezervujte si cestu je\u0161t\u011b dnes a odhalte v sob\u011b objevitele!<\/p>","protected":false},"excerpt":{"rendered":"<p><strong>\ud83d\udd0d Jungle Park Highligts:<\/strong><br \/>\n\u2705 Bezpe\u010dn\u00e1 platba.<br \/>\n\ud83d\ude80 Rychl\u00fd vstup pro dr\u017eitele pr\u016fkazu.<br \/>\n\ud83e\udd85 Vstup na v\u0161echny v\u00fdstavy.<br \/>\n\ud83d\udd59 Otev\u0159eno od 10:00 do 17:30.<br \/>\n\ud83e\udd11 Garance nejlep\u0161\u00ed ceny.<br \/>\n\ud83d\ude8d Bezplatn\u00e1 kyvadlov\u00e1 doprava.<br \/>\n\ud83d\udc6a Slevy pro skupinov\u00e9 rezervace.<br \/>\n\ud83d\udd01 A\u017e 72h Zru\u0161en\u00ed.<br \/>\n\ud83c\udf0d Podpora v n\u011bkolika jazyc\u00edch.<br \/>\n\ud83c\udf1f Rezervujte nyn\u00ed a u\u0161et\u0159ete!<br \/>\n\ud83d\udccd Naj\u00edt <a href=\"https:\/\/maps.app.goo.gl\/K7g47iUPFiKyfYdU9\">Jungle Park na map\u00e1ch<\/a>.<\/p>","protected":false},"featured_media":9501,"comment_status":"open","ping_status":"closed","template":"","meta":{"_acf_changed":false},"product_brand":[],"product_cat":[54],"product_tag":[],"class_list":{"0":"post-9493","1":"product","2":"type-product","3":"status-publish","4":"has-post-thumbnail","6":"product_cat-theme-parks","7":"wcpa_has_options","9":"first","10":"instock","11":"virtual","12":"purchasable","13":"product-type-simple"},"acf":[],"wcpa_form_fields":{"wcpaData":{"product":{"product_price":35,"price_html":"From&nbsp;<span class=\"woocommerce-Price-amount amount\"><bdi>35,00&nbsp;<span class=\"woocommerce-Price-currencySymbol\">&euro;<\/span><\/bdi><\/span>","original_product_price":35,"price_including_tax":35,"price_excluding_tax":35,"product_id":{"parent":9493,"variation":false},"is_variable":false,"stock_status":"instock","stock_quantity":null,"parent_sku":"CV9493","product_attributes":[],"custom_fields":[],"is_taxable":false,"product_name":"Buy Jungle Park Tickets","hasImage":false},"fields":{"sec_065df48f68f816":{"extra":{"key":"sec_065df48f68f816","section_id":"sec_065df48f68f816","name":"Jungle Park Tickets","status":1,"cl_rule":"show","enableCl":false,"relations":[{"operator":false,"rules":[{"operator":"AND","rules":{"cl_field":"radio-group_665df45fcbc30b","cl_relation":"is","cl_val":"Siam Park Regular Tickets"}}]}],"toggle":true,"title_tag":"h4","show_title":false,"showPrice":"default","form_id":10144,"form_rules":{"exclude_from_discount":true,"fee_label":"Fee","disp_hide_options_price":true,"disp_show_section_price":false,"disp_show_field_price":true,"layout_option":"standard","pric_use_as_fee":false,"process_fee_as":"woo_fee"},"layout_option":"standard"},"fields":[[{"label":"\ud83d\udcc5 Date","active":true,"required":true,"elementId":"date_365df48f68f836","picker_type":"custom","picker_mode":"single","placeholder":"","description":"","tooltip":"","name":"date_365df48f68f836","label_position":"default","desc_position":"default","enablePrice":false,"className":"","enableCl":false,"relations":[{"operator":"and","rules":[{"operator":"AND","rules":{"cl_field":"radio-group_665df45fcbc30b","cl_relation":"is","cl_val":"3 Hour Trip"}}]}],"date_pic_inline":true,"date_pic_inline_hide":true,"min_date":{"type":"days","val":"0"},"max_date":{"type":"days","val":"365"},"date_pic_conf":{"disabledWeeks":[]},"price":"","cl_rule":"show","col":6,"type":"date","error":false,"enableDesign":false,"LabelColor":"","gt_translate_keys":["label","placeholder","description","tooltip"],"price_dependency":false,"cl_dependency":false,"value":""}],[{"elementId":"separator_765df48f68f845","separatorType":"blank","className":"","height":"10","enableCl":false,"relations":false,"cl_rule":"show","col":6,"type":"separator","gt_translate_keys":[],"price_dependency":false,"cl_dependency":false,"value":""}],[{"active":true,"col":6,"relations":false,"cl_rule":"show","enableCl":false,"price":"","enablePrice":false,"className":"","label_position":"default","desc_position":"default","type":"content","required":false,"elementId":"content_265df48f68f851","label":"People","name":"content_265df48f68f851","contentType":"plain","value":"","error":false,"show_in_checkout":true,"inline":false,"gt_translate_keys":["label","value"],"price_dependency":false,"cl_dependency":false}],[{"active":true,"col":6,"relations":[{"operator":false,"rules":[{"operator":"AND","rules":{"cl_field":"","cl_relation":"","cl_val":""}}]}],"cl_rule":"show","enableCl":true,"price":"35","enablePrice":true,"className":"","label_position":"default","desc_position":"default","type":"radio-group","required":false,"elementId":"radio-group_165df48f68f85d","label":"","name":"radio-group_165df48f68f85d","values":[{"label":"\ud83d\udc64 Adult (35\u20ac)","value":"Adult","selected":true,"tempId":"aco_32","tooltip":"+11 Years","description":"","gt_translate_keys":["label","tooltip","description"]}],"layOut":"","error":false,"checkUi":"button","priceOptions":"fixed_for_all","pricingType":"fixed","enable_quantity":true,"quantity_label":"","min_quantity":"0","options_tooltip":true,"options_description":true,"gt_translate_keys":["label","quantity_label"],"price_dependency":false,"cl_dependency":false,"value":""}],[{"label":"","active":true,"required":false,"elementId":"radio-group_265df48f68f868","name":"radio-group_265df48f68f868","label_position":"default","desc_position":"default","enablePrice":true,"className":"","enableCl":false,"relations":false,"enable_quantity":true,"quantity_label":"","min_quantity":"0","checkUi":"button","layOut":"","values":[{"label":"\ud83d\udc66 Child (29\u20ac)","value":"Child","selected":true,"tempId":"aco_32","tooltip":"5-10 Years","description":"","gt_translate_keys":["label","tooltip","description"]}],"priceOptions":"fixed_for_all","pricingType":"fixed","price":"29","cl_rule":"show","col":6,"type":"radio-group","error":false,"options_tooltip":true,"options_description":true,"gt_translate_keys":["label","quantity_label"],"price_dependency":false,"cl_dependency":false,"value":""}],[{"label":"","active":true,"required":false,"elementId":"radio-group_1065df48f68f873","name":"radio-group_1065df48f68f873","label_position":"default","desc_position":"default","enablePrice":true,"className":"","enableCl":false,"relations":false,"enable_quantity":true,"quantity_label":"","min_quantity":"0","checkUi":"button","layOut":"","values":[{"label":"\ud83d\udc76 Toddler (16\u20ac)","value":"Toddler","selected":true,"tempId":"aco_32","tooltip":"3-4 Years","gt_translate_keys":["label","tooltip"]}],"priceOptions":"fixed_for_all","pricingType":"fixed","price":"16","cl_rule":"show","col":6,"type":"radio-group","error":false,"options_tooltip":true,"gt_translate_keys":["label","quantity_label"],"price_dependency":false,"cl_dependency":false,"value":""}]]}},"config":{"price_override":"always","enable_recaptcha":false,"bind_quantity":false,"quantity_bind_formula":false,"disp_summ_show_option_price":true,"disp_summ_show_product_price":false,"disp_summ_show_total_price":true,"disp_summ_show_fee":true,"disp_summ_show_discount":true,"summary_title":"","options_total_label":"Options Price","total_label":"Total Amount","options_product_label":"Product Price","fee_label":"Fee","discount_label":"Discount","has_price":true,"has_quantity_formula":false},"mc_unit":1,"tax_rate":1,"tax_rate_real":1,"discount":{"percentage":0,"fixed":0},"design":{"conf":{"LabelPosition":"above","DescPosition":"above","UploadField":"custom_1","QuantityFieldStyle":"custom_1"},"css":{"LeftLabelWidth":"120px"}},"formulas":[],"lookuptables":[],"clones":false,"cartKey":false}},"_links":{"self":[{"href":"https:\/\/canaryvip.com\/cs\/wp-json\/wp\/v2\/product\/9493","targetHints":{"allow":["GET"]}}],"collection":[{"href":"https:\/\/canaryvip.com\/cs\/wp-json\/wp\/v2\/product"}],"about":[{"href":"https:\/\/canaryvip.com\/cs\/wp-json\/wp\/v2\/types\/product"}],"replies":[{"embeddable":true,"href":"https:\/\/canaryvip.com\/cs\/wp-json\/wp\/v2\/comments?post=9493"}],"wp:featuredmedia":[{"embeddable":true,"href":"https:\/\/canaryvip.com\/cs\/wp-json\/wp\/v2\/media\/9501"}],"wp:attachment":[{"href":"https:\/\/canaryvip.com\/cs\/wp-json\/wp\/v2\/media?parent=9493"}],"wp:term":[{"taxonomy":"product_brand","embeddable":true,"href":"https:\/\/canaryvip.com\/cs\/wp-json\/wp\/v2\/product_brand?post=9493"},{"taxonomy":"product_cat","embeddable":true,"href":"https:\/\/canaryvip.com\/cs\/wp-json\/wp\/v2\/product_cat?post=9493"},{"taxonomy":"product_tag","embeddable":true,"href":"https:\/\/canaryvip.com\/cs\/wp-json\/wp\/v2\/product_tag?post=9493"}],"curies":[{"name":"wp","href":"https:\/\/api.w.org\/{rel}","templated":true}]}}