{"id":9488,"date":"2024-02-05T21:54:37","date_gmt":"2024-02-05T21:54:37","guid":{"rendered":"https:\/\/canaryvip.com\/?post_type=product&#038;p=9488"},"modified":"2025-08-09T13:00:03","modified_gmt":"2025-08-09T12:00:03","slug":"aqualand-tickets","status":"publish","type":"product","link":"https:\/\/canaryvip.com\/cs\/shop\/aqualand-tickets\/","title":{"rendered":"Koupit vstupenky do Aqualandu"},"content":{"rendered":"<h2>\ud83c\udf0a <strong>Aqualand Costa Adeje: Pono\u0159te se do z\u00e1bavy a dobrodru\u017estv\u00ed!<\/strong><\/h2>\n<ul>\n<li><strong>Otev\u0159eno denn\u011b:<\/strong> Od 10 do 17 hodin si m\u016f\u017eete hr\u00e1t a c\u00e1kat se, abyste si u\u017eili den pln\u00fd z\u00e1bavy a vzru\u0161en\u00ed.<\/li>\n<li><strong>V\u00fdhodn\u00e1 poloha:<\/strong> Aqualand se nach\u00e1z\u00ed v \u017eiv\u00e9 oblasti Costa Adeje a slibuje snadno dostupn\u00fd den pro ka\u017ed\u00e9ho.<\/li>\n<li><strong>Flexibilita j\u00edzdenek:<\/strong> Va\u0161e dobrodru\u017estv\u00ed \u010dek\u00e1 se vstupenkami platn\u00fdmi 90 dn\u00ed od zakoupen\u00ed, co\u017e v\u00e1m d\u00e1v\u00e1 mo\u017enost vybrat si ide\u00e1ln\u00ed den pro n\u00e1v\u0161t\u011bvu.<\/li>\n<\/ul>\n<p>\ud83d\udccd <strong>Hlavn\u00ed m\u00edsto:<\/strong> Aqualand se nach\u00e1z\u00ed v ru\u0161n\u00e9m letovisku Costa Adeje, kter\u00e9 je hlavn\u00edm c\u00edlem milovn\u00edk\u016f vodn\u00edch park\u016f.<br \/>\nPro pokyny, bez n\u00e1mahy <a href=\"https:\/\/maps.app.goo.gl\/A5TcFcUtHUGD1ykJ7\" target=\"_blank\" rel=\"noopener\">naj\u00edt Aqualand na Map\u00e1ch Google<\/a> a napl\u00e1nujte si den pln\u00fd z\u00e1bavy s p\u0159edstihem.<\/p>\n<p>\ud83c\udf92 <strong>P\u0159ipravte se na dobrodru\u017estv\u00ed:<\/strong> Nezapome\u0148te si opalovac\u00ed kr\u00e9m, plavky a ru\u010dn\u00edk na den pln\u00fd slune\u010dn\u00ed z\u00e1bavy. K dispozici je tak\u00e9 p\u016fj\u010dovna sk\u0159\u00edn\u011bk, abyste m\u011bli sv\u00e9 v\u011bci v bezpe\u010d\u00ed.<\/p>\n<p>\ud83d\udca7 <strong>Hydrata\u010dn\u00ed stanice:<\/strong> Vezm\u011bte si s sebou vodu, abyste se na slunci nenapili, a v parku si m\u016f\u017eete d\u00e1t j\u00eddlo a pit\u00ed.<\/p>\n<p>\ud83c\udfab <strong>Bezprobl\u00e9mov\u00fd vstup:<\/strong> Se vstupenkami CanaryVIP se vyhnete front\u00e1m na n\u00e1kup vstupenek na m\u00edst\u011b a z\u00edsk\u00e1te rychlej\u0161\u00ed p\u0159\u00edstup. S p\u0159edem zakoupen\u00fdmi vstupenkami m\u016f\u017eete snadno za\u010d\u00edt sv\u00e9 dobrodru\u017estv\u00ed v Aqualandu.<\/p>\n<p>\ud83d\ude8c <strong>Bezplatn\u00e1 kyvadlov\u00e1 doprava do Aqualandu:<\/strong> Vyu\u017eijte exkluzivn\u00ed bezplatnou kyvadlovou dopravu Aqualandu, kter\u00e1 v\u00e1m usnadn\u00ed p\u0159epravu z r\u016fzn\u00fdch m\u00edst na jihu Tenerife.<\/p>\n<p>\ud83c\udf1f <strong>Exkluzivn\u00ed v\u00fdhody CanaryVIP:<\/strong> Vyu\u017eijte speci\u00e1ln\u00ed slevy a v\u00fdhody, kdy\u017e si u n\u00e1s rezervujete vstupenky do Aqualandu! Dosp\u011bl\u00ed i d\u011bti se mohou t\u011b\u0161it na den pln\u00fd jedine\u010dn\u00e9 z\u00e1bavy za v\u00fdhodn\u00e9 ceny.<\/p>\n<ul>\n<li><strong>Okam\u017eit\u00e9 slevy:<\/strong> Zajist\u011bte si vstupenky p\u0159es CanaryVIP a u\u0161et\u0159ete okam\u017eit\u011b.<\/li>\n<li><strong>P\u0159ednostn\u00ed p\u0159\u00edstup:<\/strong> Obejd\u011bte fronty a vrhn\u011bte se p\u0159\u00edmo do akce.<\/li>\n<li><strong>Cenov\u011b v\u00fdhodn\u00e9 nab\u00eddky:<\/strong> Sledujte na\u0161e kombinovan\u00e9 nab\u00eddky s <a href=\"https:\/\/canaryvip.com\/cs\/shop\/aqualand-jungle-park-2park\/\">Aqualand a Jungle Park<\/a>, \u010d\u00edm\u017e maximalizujete svou z\u00e1bavu a z\u00e1rove\u0148 \u0161et\u0159\u00edte pen\u00edze.<\/li>\n<li><strong>Flexibiln\u00ed zru\u0161en\u00ed:<\/strong> Zm\u011bnily se pl\u00e1ny? Zru\u0161en\u00ed do 72 hodin p\u0159ed n\u00e1v\u0161t\u011bvou a vr\u00e1cen\u00ed pln\u00e9 \u010d\u00e1stky.<\/li>\n<\/ul>\n<p>\ud83d\udc2c <strong>Delf\u00edn\u00ed show, kterou mus\u00edte vid\u011bt:<\/strong> Nenechte si uj\u00edt okouzluj\u00edc\u00ed p\u0159edstaven\u00ed delf\u00edn\u016f, kter\u00e1 se konaj\u00ed denn\u011b v 15:30 a jsou sou\u010d\u00e1st\u00ed vstupn\u00e9ho do parku zdarma.<\/p>\n<p>\ud83d\udc6a <strong>Z\u00e1bava pro celou rodinu:<\/strong> Aqualand nab\u00edz\u00ed dokonalou kombinaci vzru\u0161uj\u00edc\u00edch skluzavek pro milovn\u00edky adrenalinu a jemn\u00fdch hrac\u00edch koutk\u016f pro nejmen\u0161\u00ed, kter\u00e9 zajist\u00ed nezapomenuteln\u00fd den pro celou rodinu.<\/p>\n<h2>\ud83d\ude8c Exkluzivn\u00ed kyvadlov\u00e1 doprava do Aqualandu<\/h2>\n<p><strong>Bezprobl\u00e9mov\u00fd z\u00e1\u017eitek z kyvadlov\u00e9 dopravy:<\/strong> N\u00e1v\u0161t\u011bvu Aqualandu si m\u016f\u017eete zp\u0159\u00edjemnit bezplatnou kyvadlovou dopravou, kter\u00e1 v\u00e1m zajist\u00ed bezprobl\u00e9movou cestu do parku. Vychutnejte si jednoduchost na\u0161\u00ed bezplatn\u00e9 autobusov\u00e9 dopravy, kter\u00e1 hladce spojuje m\u011bsta Los Cristianos, Playa De las Am\u00e9ricas a Costa Adeje, a u\u017eijte si tak p\u0159\u00edjemn\u00fd den.<\/p>\n<p><span style=\"text-decoration: underline;\"><strong>Rozpis bezplatn\u00e9 kyvadlov\u00e9 dopravy:<\/strong><\/span><\/p>\n<ul>\n<li><strong>Trasy:<\/strong> Los Cristianos - Playa De las Am\u00e9ricas - Costa Adeje<\/li>\n<li><strong>Autobusov\u00e9 zast\u00e1vky a \u010dasy:<\/strong>\n<ul>\n<li>N\u00e1kupn\u00ed centrum Pasarela: 9:30 | 10:30 | 11:30<\/li>\n<li>Hotel Sol Arona Tenerife: 9:35 | 10:35 | 11:35<\/li>\n<li>Hotel Best Tenerife: 9:40 | 10:40 | 11:40<\/li>\n<li>Bar Leonardo's: 9:45 | 10:45 | 11:45<\/li>\n<li>Ulice Llanos de Troya: 9:50 | 10:50 | 11:50<\/li>\n<li>H. Labranda Suites Costa Adeje: 10:05 | 11:05 | 12:05<\/li>\n<li>N\u00e1kupn\u00ed centrum Duke Shops: 10:05 | 11:05 | 12:05<\/li>\n<li>Hotel Sunwing Fa\u00f1ab\u00e9: 10:10 | 11:10 | 12:10<\/li>\n<\/ul>\n<\/li>\n<\/ul>\n<p><strong>Doba n\u00e1vratu:<\/strong> 16:30 a 17:15 hod.<\/p>\n<p>Vezm\u011bte pros\u00edm na v\u011bdom\u00ed, \u017ee po\u010det m\u00edst v ka\u017ed\u00e9 kyvadlov\u00e9 doprav\u011b je omezen\u00fd a obsazuje se podle po\u0159ad\u00ed p\u0159\u00edchodu a odchodu bez p\u0159edchoz\u00ed rezervace. Zajist\u011bte si bezprobl\u00e9mov\u00fd za\u010d\u00e1tek i konec sv\u00e9ho dobrodru\u017estv\u00ed v Aqualandu v\u010dasn\u00fdm p\u0159\u00edchodem na ur\u010den\u00e9 m\u00edsto vyzvednut\u00ed.<\/p>\n<h3>\ud83d\udd25 <strong>Nenechte si uj\u00edt: Exkluzivn\u00ed nab\u00eddky na CanaryVIP.com<\/strong><\/h3>\n<p>Jste p\u0159ipraveni na den pln\u00fd vzru\u0161en\u00ed v Aqualandu Costa Adeje?<\/p>\n<p>Kniha s <strong>CanaryVIP<\/strong> za nejlep\u0161\u00ed ceny a bezprobl\u00e9mov\u00fd z\u00e1\u017eitek se speci\u00e1ln\u00edmi nab\u00eddkami a vst\u0159\u00edcn\u00fdmi storno podm\u00ednkami. Ud\u011blejte si radost a vytvo\u0159te si nezapomenuteln\u00e9 vzpom\u00ednky!<\/p>","protected":false},"excerpt":{"rendered":"<p><strong>\ud83d\udd0d Vstupenky do Aqualandu:<\/strong><br \/>\n\u2705 Bezpe\u010dn\u00e1 platba.<br \/>\n\ud83d\ude80 Rychl\u00fd vstup pro dr\u017eitele pr\u016fkazu.<br \/>\n\ud83c\udf0a P\u0159\u00edstup ke v\u0161em vzru\u0161uj\u00edc\u00edm j\u00edzd\u00e1m.<br \/>\n\ud83d\udc2c Sou\u010d\u00e1st\u00ed je delf\u00edn\u00ed show.<br \/>\n\ud83d\udd59 Otev\u0159eno od 10:00 do 17:00.<br \/>\n\ud83e\udd11 Garance nejlep\u0161\u00ed ceny.<br \/>\n\ud83d\ude8d Bezplatn\u00e1 kyvadlov\u00e1 doprava.<br \/>\n\ud83d\udc6a Slevy pro skupinov\u00e9 rezervace.<br \/>\n\ud83d\udd01 A\u017e 72h Zru\u0161en\u00ed.<br \/>\n\ud83c\udf0d Podpora v n\u011bkolika jazyc\u00edch.<br \/>\n\ud83c\udf1f Rezervujte nyn\u00ed a u\u0161et\u0159ete!<br \/>\n\ud83d\udccd Naj\u00edt <a href=\"https:\/\/maps.app.goo.gl\/A5TcFcUtHUGD1ykJ7\">Aqualand na map\u00e1ch<\/a>.<\/p>","protected":false},"featured_media":9492,"comment_status":"open","ping_status":"closed","template":"","meta":{"_acf_changed":false},"product_brand":[],"product_cat":[54],"product_tag":[],"class_list":{"0":"post-9488","1":"product","2":"type-product","3":"status-publish","4":"has-post-thumbnail","6":"product_cat-theme-parks","7":"wcpa_has_options","9":"first","10":"instock","11":"virtual","12":"purchasable","13":"product-type-simple"},"acf":[],"wcpa_form_fields":{"wcpaData":{"product":{"product_price":36,"price_html":"From&nbsp;<span class=\"woocommerce-Price-amount amount\"><bdi>36,00&nbsp;<span class=\"woocommerce-Price-currencySymbol\">&euro;<\/span><\/bdi><\/span>","original_product_price":36,"price_including_tax":36,"price_excluding_tax":36,"product_id":{"parent":9488,"variation":false},"is_variable":false,"stock_status":"instock","stock_quantity":null,"parent_sku":"CV9488","product_attributes":[],"custom_fields":[],"is_taxable":false,"product_name":"Buy Aqualand Tickets","hasImage":false},"fields":{"sec_665df45fcbc30e":{"extra":{"key":"sec_665df45fcbc30e","section_id":"sec_665df45fcbc30e","name":"Aqualand Tickets","status":1,"cl_rule":"show","enableCl":false,"relations":[{"operator":false,"rules":[{"operator":"AND","rules":{"cl_field":"radio-group_665df45fcbc30b","cl_relation":"is","cl_val":"Siam Park Regular Tickets"}}]}],"toggle":true,"title_tag":"h4","show_title":false,"showPrice":"default","form_id":10143,"form_rules":{"exclude_from_discount":true,"fee_label":"Fee","disp_hide_options_price":true,"disp_show_section_price":false,"disp_show_field_price":true,"layout_option":"standard","pric_use_as_fee":false,"process_fee_as":"woo_fee"},"layout_option":"standard"},"fields":[[{"label":"\ud83d\udcc5 Date","active":true,"required":true,"elementId":"date_365df45fcbc347","picker_type":"custom","picker_mode":"single","placeholder":"","description":"","tooltip":"","name":"date_365df45fcbc347","label_position":"default","desc_position":"default","enablePrice":false,"className":"","enableCl":false,"relations":[{"operator":"and","rules":[{"operator":"AND","rules":{"cl_field":"radio-group_665df45fcbc30b","cl_relation":"is","cl_val":"3 Hour Trip"}}]}],"date_pic_inline":true,"date_pic_inline_hide":true,"min_date":{"type":"days","val":"0"},"max_date":{"type":"days","val":"365"},"date_pic_conf":{"disabledWeeks":[]},"price":"","cl_rule":"show","col":6,"type":"date","error":false,"enableDesign":false,"LabelColor":"","gt_translate_keys":["label","placeholder","description","tooltip"],"price_dependency":false,"cl_dependency":false,"value":""}],[{"elementId":"separator_865df45fcbc360","separatorType":"blank","className":"","height":"10","enableCl":false,"relations":false,"cl_rule":"show","col":6,"type":"separator","gt_translate_keys":[],"price_dependency":false,"cl_dependency":false,"value":""}],[{"active":true,"col":6,"relations":false,"cl_rule":"show","enableCl":false,"price":"","enablePrice":false,"className":"","label_position":"default","desc_position":"default","type":"content","required":false,"elementId":"content_265df45fcbc377","label":"People","name":"content_265df45fcbc377","contentType":"plain","value":"","error":false,"show_in_checkout":true,"inline":false,"gt_translate_keys":["label","value"],"price_dependency":false,"cl_dependency":false}],[{"active":true,"col":6,"relations":[{"operator":false,"rules":[{"operator":"AND","rules":{"cl_field":"","cl_relation":"","cl_val":""}}]}],"cl_rule":"show","enableCl":true,"price":"36","enablePrice":true,"className":"","label_position":"default","desc_position":"default","type":"radio-group","required":false,"elementId":"radio-group_365df45fcbc390","label":"","name":"radio-group_365df45fcbc390","values":[{"label":"\ud83d\udc64 Adult (36\u20ac)","value":"Adult","selected":true,"tempId":"aco_32","tooltip":"+11 Years","description":"","gt_translate_keys":["label","tooltip","description"]}],"layOut":"","error":false,"checkUi":"button","priceOptions":"fixed_for_all","pricingType":"fixed","enable_quantity":true,"quantity_label":"","min_quantity":"0","options_tooltip":true,"options_description":true,"gt_translate_keys":["label","quantity_label"],"price_dependency":false,"cl_dependency":false,"value":""}],[{"label":"","active":true,"required":false,"elementId":"radio-group_565df45fcbc3a8","name":"radio-group_565df45fcbc3a8","label_position":"default","desc_position":"default","enablePrice":true,"className":"","enableCl":false,"relations":false,"enable_quantity":true,"quantity_label":"","min_quantity":"0","checkUi":"button","layOut":"","values":[{"label":"\ud83d\udc66 Child (29\u20ac)","value":"Child","selected":true,"tempId":"aco_32","tooltip":"5-10 Years","description":"","gt_translate_keys":["label","tooltip","description"]}],"priceOptions":"fixed_for_all","pricingType":"fixed","price":"29","cl_rule":"show","col":6,"type":"radio-group","error":false,"options_tooltip":true,"options_description":true,"gt_translate_keys":["label","quantity_label"],"price_dependency":false,"cl_dependency":false,"value":""}],[{"label":"","active":true,"required":false,"elementId":"radio-group_865df45fcbc3bf","name":"radio-group_865df45fcbc3bf","label_position":"default","desc_position":"default","enablePrice":true,"className":"","enableCl":false,"relations":false,"enable_quantity":true,"quantity_label":"","min_quantity":"0","checkUi":"button","layOut":"","values":[{"label":"\ud83d\udc76 Toddler (16\u20ac)","value":"Toddler","selected":true,"tempId":"aco_32","tooltip":"3-4 Years","gt_translate_keys":["label","tooltip"]}],"priceOptions":"fixed_for_all","pricingType":"fixed","price":"16","cl_rule":"show","col":6,"type":"radio-group","error":false,"options_tooltip":true,"gt_translate_keys":["label","quantity_label"],"price_dependency":false,"cl_dependency":false,"value":""}]]}},"config":{"price_override":"always","enable_recaptcha":false,"bind_quantity":false,"quantity_bind_formula":false,"disp_summ_show_option_price":true,"disp_summ_show_product_price":false,"disp_summ_show_total_price":true,"disp_summ_show_fee":true,"disp_summ_show_discount":true,"summary_title":"","options_total_label":"Options Price","total_label":"Total Amount","options_product_label":"Product Price","fee_label":"Fee","discount_label":"Discount","has_price":true,"has_quantity_formula":false},"mc_unit":1,"tax_rate":1,"tax_rate_real":1,"discount":{"percentage":0,"fixed":0},"design":{"conf":{"LabelPosition":"above","DescPosition":"above","UploadField":"custom_1","QuantityFieldStyle":"custom_1"},"css":{"LeftLabelWidth":"120px"}},"formulas":[],"lookuptables":[],"clones":false,"cartKey":false}},"_links":{"self":[{"href":"https:\/\/canaryvip.com\/cs\/wp-json\/wp\/v2\/product\/9488","targetHints":{"allow":["GET"]}}],"collection":[{"href":"https:\/\/canaryvip.com\/cs\/wp-json\/wp\/v2\/product"}],"about":[{"href":"https:\/\/canaryvip.com\/cs\/wp-json\/wp\/v2\/types\/product"}],"replies":[{"embeddable":true,"href":"https:\/\/canaryvip.com\/cs\/wp-json\/wp\/v2\/comments?post=9488"}],"wp:featuredmedia":[{"embeddable":true,"href":"https:\/\/canaryvip.com\/cs\/wp-json\/wp\/v2\/media\/9492"}],"wp:attachment":[{"href":"https:\/\/canaryvip.com\/cs\/wp-json\/wp\/v2\/media?parent=9488"}],"wp:term":[{"taxonomy":"product_brand","embeddable":true,"href":"https:\/\/canaryvip.com\/cs\/wp-json\/wp\/v2\/product_brand?post=9488"},{"taxonomy":"product_cat","embeddable":true,"href":"https:\/\/canaryvip.com\/cs\/wp-json\/wp\/v2\/product_cat?post=9488"},{"taxonomy":"product_tag","embeddable":true,"href":"https:\/\/canaryvip.com\/cs\/wp-json\/wp\/v2\/product_tag?post=9488"}],"curies":[{"name":"wp","href":"https:\/\/api.w.org\/{rel}","templated":true}]}}