{"id":9435,"date":"2024-02-05T14:39:59","date_gmt":"2024-02-05T14:39:59","guid":{"rendered":"https:\/\/canaryvip.com\/?post_type=product&#038;p=9435"},"modified":"2025-08-09T13:00:56","modified_gmt":"2025-08-09T12:00:56","slug":"tenerife-north-guided-bus-tour","status":"publish","type":"product","link":"https:\/\/canaryvip.com\/cs\/shop\/tenerife-north-guided-bus-tour\/","title":{"rendered":"Autobusov\u00fd z\u00e1jezd s pr\u016fvodcem na sever Tenerife"},"content":{"rendered":"<h2>\ud83d\ude8c <strong>Autobusov\u00e1 prohl\u00eddka severn\u00ed \u010d\u00e1sti Tenerife: Santa Cruz + Taganana + La Laguna<\/strong><\/h2>\n<p>Vydejte se na podmanivou cestu s <strong>CanaryVIP<\/strong> prozkoumat severn\u00ed poklady Tenerife. Tento celodenn\u00ed autobusov\u00fd v\u00fdlet s pr\u016fvodcem v\u00e1s zavede z pulzuj\u00edc\u00edho hlavn\u00edho m\u011bsta Santa Cruz do p\u016fvabn\u00e9 vesnice Taganana a d\u00e1le do La Laguny, kter\u00e1 je zaps\u00e1na na seznamu sv\u011btov\u00e9ho d\u011bdictv\u00ed UNESCO. Pono\u0159te se do srdce tenerifsk\u00e9 kultury, historie a \u00fachvatn\u00e9 krajiny.<\/p>\n<h3><strong>Nejd\u016fle\u017eit\u011bj\u0161\u00ed body prohl\u00eddky: Tapiserie poklad\u016f Tenerife<\/strong><\/h3>\n<ul>\n<li>\ud83c\udfd9\ufe0f <a href=\"https:\/\/www.google.com\/maps\/place\/Santa+Cruz+de+Tenerife\/@28.4670039,-16.2853105,13z\/data=!4m6!3m5!1s0xc41cceccc254171:0x43111473d277e52e!8m2!3d28.4636296!4d-16.2518467!16zL20vMDFyc2pz?entry=ttu\" target=\"_blank\" rel=\"noopener\"><strong>Santa Cruz<\/strong><\/a>: Vydejte se na dobrodru\u017enou cestu na sever Tenerife a nav\u0161tivte historick\u00e9 star\u00e9 m\u011bsto hlavn\u00edho m\u011bsta, pono\u0159te se do jeho p\u016fvabn\u00fdch uli\u010dek a objevte bohat\u00e9 kulturn\u00ed d\u011bdictv\u00ed, kter\u00e9 toto ru\u0161n\u00e9 m\u011bsto nab\u00edz\u00ed.<\/li>\n<li>\ud83c\udf0a <strong><a href=\"https:\/\/www.google.com\/maps\/place\/Playa+de+Las+Teresitas+(Santa+Cruz+de+Tenerife)\/@28.5080068,-16.1869497,17z\/data=!3m1!4b1!4m6!3m5!1s0xc41ca38d1d9c17f:0x5694f9ae1bd14e6b!8m2!3d28.5097119!4d-16.1847441!16s%2Fm%2F0c416zk?entry=ttu\" target=\"_blank\" rel=\"noopener\">Playa de las Teresitas<\/a>:<\/strong> Vydejte se na cestu kolem zlatav\u00e9ho p\u00edsku Las Teresitas (bez zast\u00e1vky), kde se v\u00e1m naskytne pohled na jednu z nejkr\u00e1sn\u011bj\u0161\u00edch pl\u00e1\u017e\u00ed ostrova.<\/li>\n<li>\ud83c\udf7d\ufe0f <strong><a href=\"https:\/\/www.google.com\/maps\/place\/Taganana,+Santa+Cruz+de+Tenerife\/@28.5555629,-16.2355488,14z\/data=!3m1!4b1!4m6!3m5!1s0xc41c91b2021132f:0xbc8e645ff453ea87!8m2!3d28.5605853!4d-16.2181647!16s%2Fg%2F121pw4ll?entry=ttu\" target=\"_blank\" rel=\"noopener\">Vesnice Taganana<\/a>:<\/strong> Vychutnejte si m\u00edstn\u00ed kuchyni v t\u00e9to malebn\u00e9 kan\u00e1rsk\u00e9 vesni\u010dce, kde z\u016fst\u00e1v\u00e1 nedot\u010dena podstata tradice a ducha. (Strava nen\u00ed zahrnuta v cen\u011b)<\/li>\n<li>\ud83c\udf32 <strong><a href=\"https:\/\/www.google.com\/maps\/place\/Monte+de+las+Mercedes\/@28.5383325,-16.3344664,15z\/data=!3m1!4b1!4m6!3m5!1s0xc41ce3f4722ad77:0x4e14fd9dc5ce9ff!8m2!3d28.5383333!4d-16.3241667!16s%2Fg%2F11cn5qs82s?entry=ttu\" target=\"_blank\" rel=\"noopener\">Monte de las Mercedes<\/a>:<\/strong> Procestujte \u00fachvatnou krajinu, kde se v srdci Tenerife rozprost\u00edr\u00e1 kr\u00e1sa p\u0159\u00edrody.<\/li>\n<li>\ud83c\udfdb\ufe0f <strong><a href=\"https:\/\/www.google.com\/maps\/place\/La+Laguna,+Santa+Cruz+de+Tenerife\/@28.4697954,-16.3289548,14z\/data=!3m1!4b1!4m6!3m5!1s0xc41cdeccdcfeaf5:0x54a9fe4642667870!8m2!3d28.4874009!4d-16.3159061!16zL20vMDZ3Znh6?entry=ttu\" target=\"_blank\" rel=\"noopener\">La Laguna<\/a>:<\/strong> Cestu zakon\u010dete v historick\u00e9m a malebn\u00e9m univerzitn\u00edm m\u011bst\u011b, kter\u00e9 je zaps\u00e1no na seznamu sv\u011btov\u00e9ho d\u011bdictv\u00ed UNESCO a proslulo svou jedine\u010dnou kr\u00e1sou.<\/li>\n<\/ul>\n<h3><strong>Va\u0161e cesta s CanaryVIP zahrnuje:<\/strong><\/h3>\n<ul>\n<li>\ud83d\ude8c A malebn\u00fd a <strong>pohodln\u00e1 j\u00edzda autobusem,<\/strong>\u00a0, co\u017e zaji\u0161\u0165uje p\u0159\u00edjemnou cestu severn\u00ed krajinou Tenerife.<\/li>\n<li>\ud83c\udfe8 Pohodln\u00e9 <strong>slu\u017eba vyzvednut\u00ed a p\u0159ed\u00e1n\u00ed<\/strong> z va\u0161eho hotelu a nab\u00edz\u00ed bezprobl\u00e9mov\u00fd z\u00e1\u017eitek.<\/li>\n<li>\ud83d\udde3\ufe0f Insightful <strong>veden\u00ed v\u00edcejazy\u010dn\u00fdch pr\u016fvodc\u016f,<\/strong>\u00a0a obohat\u00ed va\u0161i prohl\u00eddku o fascinuj\u00edc\u00ed p\u0159\u00edb\u011bhy a fakta.<\/li>\n<li>\ud83d\udd52 An <strong>8hodinov\u00e1 prohl\u00eddka<\/strong> pln\u00fd p\u0159\u00edle\u017eitost\u00ed k pozn\u00e1v\u00e1n\u00ed, stravov\u00e1n\u00ed a zachycen\u00ed podstaty Tenerife.<\/li>\n<li>\ud83d\udcf8 <strong>Dokonal\u00e9 okam\u017eiky<\/strong> na ka\u017ed\u00e9m kroku, abyste si dom\u016f odvezli vzpom\u00ednky na cel\u00fd \u017eivot.<\/li>\n<li>\ud83d\udcb0 P\u0159\u00edslib CanaryVIP <strong>nejlep\u0161\u00ed cena,<\/strong>\u00a0a flexibiln\u00ed storno podm\u00ednky pro v\u00e1\u0161 klid.<\/li>\n<\/ul>\n<h3><strong>Z\u00e1kladn\u00ed informace o prohl\u00eddce:<\/strong><\/h3>\n<ul>\n<li>\ud83c\udf9f\ufe0f M\u011bjte po ruce j\u00edzdenku CanaryVIP v digit\u00e1ln\u00ed nebo ti\u0161t\u011bn\u00e9 podob\u011b, abyste mohli prohl\u00eddku absolvovat bez probl\u00e9m\u016f.<\/li>\n<li>\ud83e\udde5 Obl\u00e9kejte se do vrstev; rozmanit\u00e1 krajina Tenerife znamen\u00e1 prom\u011bnliv\u00e9 pov\u011btrnostn\u00ed podm\u00ednky.<\/li>\n<li>\ud83c\udf7d\ufe0f Ud\u011blejte si p\u0159est\u00e1vku na ob\u011bd v Tagan\u011b a vyberte si z nab\u00eddky m\u00edstn\u00edch restaurac\u00ed. (Ob\u011bd nen\u00ed zahrnut v cen\u011b)<\/li>\n<li>\ud83d\udccc Konkr\u00e9tn\u00ed \u010dasy vyzvednut\u00ed p\u0159izp\u016fsoben\u00e9 va\u0161emu hotelu nebo m\u00edstu vyzvednut\u00ed v\u00e1m potvrd\u00edme po proveden\u00ed rezervace. Ujist\u011bte se, \u017ee \u00fadaje o va\u0161em ubytov\u00e1n\u00ed jsou p\u0159esn\u00e9, abyste mohli bezprobl\u00e9mov\u011b zorganizovat cestu.<\/li>\n<\/ul>\n<h3><strong>Storno podm\u00ednky:<\/strong><\/h3>\n<ul>\n<li>\ud83d\udd04 <strong>Flexibiln\u00ed individu\u00e1ln\u00ed storna:<\/strong> S na\u0161imi jednoduch\u00fdmi storno podm\u00ednkami m\u016f\u017eete porozum\u011bt nep\u0159edv\u00eddatelnosti \u017eivota. Zru\u0161en\u00ed z\u00e1jezdu do 24 hodin p\u0159ed jeho zah\u00e1jen\u00edm v\u00e1m bude vr\u00e1cena cel\u00e1 \u010d\u00e1stka a vy tak budete moci snadno upravit sv\u00e9 pl\u00e1ny.<\/li>\n<li>\ud83d\udd52 <strong>Flexibilita zru\u0161en\u00ed skupiny:<\/strong> Cestujete ve skupin\u011b? M\u00e1me pro v\u00e1s \u0159e\u0161en\u00ed. Pro skupiny 5-7 osob je storno zdarma a\u017e 48 hodin p\u0159ed za\u010d\u00e1tkem prohl\u00eddky. Skupiny 8-14 osob mus\u00ed zru\u0161it z\u00e1jezd alespo\u0148 4 dny p\u0159edem, aby jim byla vr\u00e1cena cel\u00e1 \u010d\u00e1stka, a skupiny 15 a v\u00edce osob by m\u011bly z\u00e1jezd ozn\u00e1mit 6 dn\u00ed p\u0159ed jeho kon\u00e1n\u00edm, aby se vyhnuly storno poplatk\u016fm. Tyto podm\u00ednky jsou navr\u017eeny tak, aby vyhovovaly v\u011bt\u0161\u00edm skupin\u00e1m a usnadnily pl\u00e1nov\u00e1n\u00ed cesty v\u0161em z\u00fa\u010dastn\u011bn\u00fdm.<\/li>\n<li>\ud83d\udca1 <strong>P\u0159\u00edmo\u010dar\u00fd proces zru\u0161en\u00ed:<\/strong> A\u0165 u\u017e ru\u0161\u00edte rezervaci jednotliv\u011b, nebo jako skupina, postup je jednoduch\u00fd. Kontaktujte n\u00e1s prost\u0159ednictv\u00edm na\u0161ich webov\u00fdch str\u00e1nek, e-mailu nebo telefonu. Vr\u00e1cen\u00ed pen\u011bz vy\u0159\u00edd\u00edme neprodlen\u011b a zajist\u00edme v\u00e1m bezprobl\u00e9mov\u00fd z\u00e1\u017eitek.<\/li>\n<li>\ud83d\udd0d <strong>Zkontrolujte svou rezervaci:<\/strong> Doporu\u010dujeme, abyste si p\u0159edem zkontrolovali \u00fadaje o rezervaci. Tento proaktivn\u00ed krok zajist\u00ed, \u017ee p\u0159\u00edpadn\u00e9 zm\u011bny nebo zru\u0161en\u00ed rezervace bude mo\u017en\u00e9 prov\u00e9st v po\u017eadovan\u00e9m term\u00ednu, a vyhnete se tak zbyte\u010dn\u00fdm poplatk\u016fm.<\/li>\n<\/ul>\n<h4><strong>Asistence a odpov\u011bdnost na cest\u00e1ch:<\/strong><\/h4>\n<ul>\n<li>\u2714\ufe0f CanaryVIP se sna\u017e\u00ed nab\u00eddnout nezapomenuteln\u00fd a bezprobl\u00e9mov\u00fd z\u00e1\u017eitek z cesty, od rezervace a\u017e po prohl\u00eddku.<\/li>\n<li>\ud83d\udde3\ufe0f <strong>P\u0159\u00edm\u00e1 komunikace:<\/strong> Jak\u00e9koli dotazy nebo pot\u0159eby b\u011bhem prohl\u00eddky? Na\u0161i pr\u016fvodci jsou v\u00e1m k dispozici na ka\u017ed\u00e9m kroku.<\/li>\n<li>\ud83d\udcb0 <strong>Jasn\u00e9 z\u00e1sady vr\u00e1cen\u00ed pen\u011bz:<\/strong> Pokud se vyskytnou n\u011bjak\u00e9 probl\u00e9my, zavazujeme se je vy\u0159e\u0161it v souladu s na\u0161\u00ed z\u00e1sadou \"z\u00e1kazn\u00edk na prvn\u00edm m\u00edst\u011b\".<\/li>\n<\/ul>\n<h4><strong>\ud83c\udfd9\ufe0f \ud83c\udf7d\ufe0f \ud83c\udfdb\ufe0f Rezervujte si sv\u00e9 seversk\u00e9 dobrodru\u017estv\u00ed pr\u00e1v\u011b te\u010f!<\/strong><\/h4>\n<p>Nenechte si uj\u00edt tuto jedine\u010dnou p\u0159\u00edle\u017eitost poznat severn\u00ed klenoty Tenerife. Rezervujte si m\u00edsto na severu Tenerife <a href=\"https:\/\/canaryvip.com\/cs\/tenerife\/guided-tours\/bus-tours\/?swcfpc=1\">Prohl\u00eddka autobusem s pr\u016fvodcem<\/a> s CanaryVIP a p\u0159ipravte se na nezapomenuteln\u00e9 pozn\u00e1v\u00e1n\u00ed kultury, historie a p\u0159\u00edrodn\u00edch kr\u00e1s. Va\u0161e dobrodru\u017estv\u00ed v Santa Cruz, Taganan\u011b a La Lagun\u011b \u010dek\u00e1!<\/p>","protected":false},"excerpt":{"rendered":"<p><strong>\ud83d\udd0d Tenerife North Tour:<\/strong><br \/>\n\u2705 Bezpe\u010dn\u00e1 platba.<br \/>\n\ud83d\ude80 U\u017eijte si prohl\u00eddku s pr\u016fvodcem.<br \/>\n\ud83c\udfe2 Objevte Santa Cruz.<br \/>\n\ud83c\udf33 Objevte park Anaga v Tagan\u011b.<br \/>\n\ud83c\udff0 Objevte La Lagunu.<br \/>\n\ud83d\udcc5 Pond\u011blky a \u010dtvrtky.<br \/>\n\ud83d\udd59 8h Dobrodru\u017estv\u00ed.<br \/>\n\u23f0 Za\u010d\u00edn\u00e1 kolem 8:00.<br \/>\n\ud83e\udd11 Garance nejlep\u0161\u00ed ceny.<br \/>\n\ud83d\ude8d Vyzvednut\u00ed a odvoz z hotelu.<br \/>\n\ud83d\udc6a Slevy pro skupinov\u00e9 rezervace.<br \/>\n\ud83d\udd01 Zru\u0161en\u00ed rezervace zdarma do 24 hodin.<br \/>\n\ud83c\udf0d Pr\u016fvodce ve va\u0161em jazyce.<br \/>\n\ud83c\udf1f Rezervujte nyn\u00ed a u\u0161et\u0159ete!<\/p>","protected":false},"featured_media":9439,"comment_status":"open","ping_status":"closed","template":"","meta":{"_acf_changed":false},"product_brand":[],"product_cat":[68,52],"product_tag":[],"class_list":{"0":"post-9435","1":"product","2":"type-product","3":"status-publish","4":"has-post-thumbnail","6":"product_cat-guided-tours","7":"product_cat-bus-tours","8":"wcpa_has_options","10":"first","11":"instock","12":"virtual","13":"purchasable","14":"product-type-simple"},"acf":[],"wcpa_form_fields":{"wcpaData":{"product":{"product_price":46,"price_html":"From&nbsp;<span class=\"woocommerce-Price-amount amount\"><bdi>46,00&nbsp;<span class=\"woocommerce-Price-currencySymbol\">&euro;<\/span><\/bdi><\/span>","original_product_price":46,"price_including_tax":46,"price_excluding_tax":46,"product_id":{"parent":9435,"variation":false},"is_variable":false,"stock_status":"instock","stock_quantity":null,"parent_sku":"CV9435","product_attributes":[],"custom_fields":[],"is_taxable":false,"product_name":"North Tenerife Guided Bus Tour","hasImage":false},"fields":{"sec_hf2n2q14254":{"extra":{"key":"sec_hf2n2q14254","section_id":"sec_hf2n2q14254","name":"\ud83d\ude8c Pick-up Location","status":1,"cl_rule":"show","enableCl":false,"relations":[],"toggle":true,"title_tag":"h4","show_title":false,"showPrice":"default","form_id":10215,"form_rules":{"exclude_from_discount":true,"fee_label":"Fee","disp_hide_options_price":true,"disp_show_section_price":false,"disp_show_field_price":true,"layout_option":"standard","pric_use_as_fee":false,"process_fee_as":"woo_fee"},"layout_option":"standard"},"fields":[[{"active":true,"col":6,"relations":false,"cl_rule":"show","enableCl":false,"price":"","enablePrice":false,"className":"","label_position":"default","desc_position":"default","type":"radio-group","required":false,"elementId":"radio_9884051252","label":"\ud83d\ude8c Pick-up Location","name":"radio_9884051252","values":[{"label":"Pickup from South Tenerife (48\u20ac)","value":"Pickup from South Tenerife","selected":false,"tempId":"aco_343","description":"Available Mondays and Thursdays.","gt_translate_keys":["label","description"]},{"label":"Pickup from Puerto de la Cruz (48\u20ac)","value":"Pickup from North Tenerife","selected":false,"tempId":"aco_344","description":"Available Daily.","gt_translate_keys":["label","description"]}],"layOut":"","error":false,"checkUi":"toggle","description":"\u00bfAre you staying in South Tenerife or Puerto de la Cruz?","options_description":true,"isWeightTemplate":false,"isTemplate":false,"min_quantity":"1","quantity_decimal":false,"quantity_step":"1","quantity_label":"Quantity","repeater_field_label":"{field_label}","repeater_bind":"","gt_translate_keys":["label","description","repeater_field_label","quantity_label"],"price_dependency":false,"cl_dependency":[false,false],"value":""}]]},"sec_265e4c5e6ca654":{"extra":{"key":"sec_265e4c5e6ca654","section_id":"sec_265e4c5e6ca654","name":"South Tenerife","status":1,"cl_rule":"show","enableCl":true,"relations":[{"operator":false,"rules":[{"operator":"AND","rules":{"cl_field":"radio_9884051252","cl_relation":"is","cl_val":"Pickup from South Tenerife"}}]}],"toggle":true,"title_tag":"h4","show_title":false,"showPrice":"default","form_id":10215,"form_rules":{"exclude_from_discount":true,"fee_label":"Fee","disp_hide_options_price":true,"disp_show_section_price":false,"disp_show_field_price":true,"layout_option":"standard","pric_use_as_fee":false,"process_fee_as":"woo_fee"},"layout_option":"standard"},"fields":[[{"label":"\ud83d\udcc5 Date","active":true,"required":true,"elementId":"date_065e4c5e6ca673","picker_type":"custom","picker_mode":"single","placeholder":"","description":"","tooltip":"","name":"date_065e4c5e6ca673","label_position":"default","desc_position":"default","enablePrice":false,"className":"","enableCl":false,"relations":[{"operator":"and","rules":[{"operator":"AND","rules":{"cl_field":"radio-group_665df45fcbc30b","cl_relation":"is","cl_val":"3 Hour Trip"}}]}],"date_pic_inline":true,"date_pic_inline_hide":true,"min_date":{"type":"days","val":"1"},"max_date":{"type":"days","val":"365"},"date_pic_conf":{"disabledWeeks":[0,2,3,5,6]},"price":"","cl_rule":"show","col":6,"type":"date","error":false,"enableDesign":false,"LabelColor":"","isWeightTemplate":false,"isTemplate":false,"min_quantity":"1","quantity_decimal":false,"quantity_step":"1","quantity_label":"Quantity","repeater_field_label":"{field_label}","repeater_bind":"","gt_translate_keys":["label","placeholder","description","tooltip","repeater_field_label","quantity_label"],"price_dependency":false,"cl_dependency":false,"value":""}],[{"elementId":"separator_965e4c5e6ca683","separatorType":"blank","className":"","height":"10","enableCl":false,"relations":false,"cl_rule":"show","col":6,"type":"separator","gt_translate_keys":[],"price_dependency":false,"cl_dependency":false,"value":""}],[{"active":true,"col":6,"relations":false,"cl_rule":"show","enableCl":false,"price":"","enablePrice":false,"className":"","label_position":"default","desc_position":"default","type":"content","required":false,"elementId":"content_165e4c5e6ca690","label":"People","name":"content_165e4c5e6ca690","contentType":"plain","value":"","error":false,"show_in_checkout":true,"inline":false,"gt_translate_keys":["label","value"],"price_dependency":false,"cl_dependency":false}],[{"active":true,"col":6,"relations":[{"operator":false,"rules":[{"operator":"AND","rules":{"cl_field":"","cl_relation":"","cl_val":""}}]}],"cl_rule":"show","enableCl":true,"price":"48","enablePrice":true,"className":"","label_position":"default","desc_position":"default","type":"radio-group","required":false,"elementId":"radio-group_265e4c5e6ca69d","label":"","name":"radio-group_265e4c5e6ca69d","values":[{"label":"\ud83d\udc64 Adult (48\u20ac)","value":"Adult (48\u20ac)","selected":true,"tempId":"aco_32","tooltip":"+12 Years","description":"","gt_translate_keys":["label","tooltip","description"]}],"layOut":"","error":false,"checkUi":"button","priceOptions":"fixed_for_all","pricingType":"fixed","enable_quantity":true,"quantity_label":"","min_quantity":"0","options_tooltip":true,"options_description":true,"gt_translate_keys":["label","quantity_label"],"price_dependency":false,"cl_dependency":false,"value":""}],[{"label":"","active":true,"required":false,"elementId":"radio-group_965e4c5e6ca6a9","name":"radio-group_965e4c5e6ca6a9","label_position":"default","desc_position":"default","enablePrice":true,"className":"","enableCl":false,"relations":false,"enable_quantity":true,"quantity_label":"","min_quantity":"0","checkUi":"button","layOut":"","values":[{"label":"\ud83d\udc66 Child (30\u20ac)","value":"Child (30\u20ac)","selected":true,"tempId":"aco_32","tooltip":"2-11 Years","description":"","gt_translate_keys":["label","tooltip","description"]}],"priceOptions":"fixed_for_all","pricingType":"fixed","price":"30","cl_rule":"show","col":6,"type":"radio-group","error":false,"options_tooltip":true,"options_description":true,"gt_translate_keys":["label","quantity_label"],"price_dependency":false,"cl_dependency":false,"value":""}],[{"active":true,"col":6,"relations":false,"cl_rule":"show","enableCl":false,"price":"","enablePrice":false,"className":"","label_position":"default","desc_position":"default","type":"select","required":false,"elementId":"select_165e4c5e6ca6b3","label":"\ud83c\udf0e Language","name":"select_165e4c5e6ca6b3","values":[{"label":"English (Mon, Thu)","value":"English","selected":false,"tempId":"aco_596","gt_translate_keys":["label"]},{"label":"Spanish (Mon, Thu)","value":"Spanish","selected":false,"tempId":"aco_597","gt_translate_keys":["label"]},{"label":"German (Thu)","value":"German","selected":false,"tempId":"aco_598","gt_translate_keys":["label"]},{"label":"French (Mon)","value":"French","selected":false,"tempId":"aco_145","gt_translate_keys":["label"]}],"dropdown_type":"basic","error":false,"gt_translate_keys":["label"],"price_dependency":false,"cl_dependency":false,"value":""}],[{"active":true,"col":6,"relations":false,"cl_rule":"show","enableCl":false,"price":"","enablePrice":false,"className":"","label_position":"default","desc_position":"default","type":"separator","required":false,"elementId":"separator_1065e4c5e6ca6be","label":"Separator Field","height":"7","separatorType":"blank","error":false,"gt_translate_keys":["label"],"price_dependency":false,"cl_dependency":false,"value":""}],[{"active":true,"col":6,"relations":false,"cl_rule":"show","enableCl":false,"price":"","enablePrice":false,"className":"","label_position":"default","desc_position":"default","type":"text","subtype":"text","required":false,"elementId":"text_465e4c5e6ca6c8","label":"\ud83d\ude8c Pickup Location","name":"text_465e4c5e6ca6c8","value":"","description":"Pick-up service in South Tenerife. Simply provide your address or hotel name.","error":false,"gt_translate_keys":["label","description","value"],"price_dependency":false,"cl_dependency":false}]]},"sec_hf2o0212l0":{"extra":{"key":"sec_hf2o0212l0","section_id":"sec_hf2o0212l0","name":"North Tenerife","status":1,"cl_rule":"show","enableCl":true,"relations":[{"operator":false,"rules":[{"operator":"AND","rules":{"cl_field":"radio_9884051252","cl_relation":"is","cl_val":"Pickup from North Tenerife"}}]}],"toggle":true,"title_tag":"h4","show_title":false,"showPrice":"default","form_id":10215,"form_rules":{"exclude_from_discount":true,"fee_label":"Fee","disp_hide_options_price":true,"disp_show_section_price":false,"disp_show_field_price":true,"layout_option":"standard","pric_use_as_fee":false,"process_fee_as":"woo_fee"},"layout_option":"standard"},"fields":[[{"label":"\ud83d\udcc5 Date","active":true,"required":true,"elementId":"date-0739311162","picker_type":"custom","picker_mode":"single","placeholder":"","description":"","tooltip":"","name":"date-0739311162","label_position":"default","desc_position":"default","enablePrice":false,"className":"","enableCl":false,"relations":[{"operator":"and","rules":[{"operator":"AND","rules":{"cl_field":"radio-group_665df45fcbc30b","cl_relation":"is","cl_val":"3 Hour Trip"}}]}],"enableDesign":false,"LabelColor":"","date_pic_inline":true,"date_pic_inline_hide":true,"min_date":{"type":"days","val":"2"},"max_date":{"type":"days","val":"365"},"date_pic_conf":{"disabledWeeks":[]},"price":"","cl_rule":"show","col":6,"type":"date","error":false,"gt_translate_keys":["label","placeholder","description","tooltip"],"price_dependency":false,"cl_dependency":false,"value":""}],[{"elementId":"separator-0739321163","separatorType":"blank","className":"","height":"10","enableCl":false,"relations":false,"cl_rule":"show","col":6,"type":"separator","gt_translate_keys":[],"price_dependency":false,"cl_dependency":false,"value":""}],[{"contentType":"plain","active":true,"label":"People","elementId":"content-0739321164","value":"","inline":false,"show_in_checkout":true,"name":"content-0739321164","enablePrice":false,"className":"","enableCl":false,"relations":false,"price":"","cl_rule":"show","col":6,"type":"content","gt_translate_keys":["label","value"],"price_dependency":false,"cl_dependency":false}],[{"label":"","active":true,"required":false,"elementId":"radio-group-0739321165","name":"radio-group-0739321165","label_position":"default","desc_position":"default","enablePrice":true,"className":"","enableCl":true,"relations":[{"operator":false,"rules":[{"operator":"AND","rules":{"cl_field":"","cl_relation":"","cl_val":""}}]}],"enable_quantity":true,"quantity_label":"","min_quantity":"0","checkUi":"button","layOut":"","options_tooltip":true,"options_description":true,"values":[{"label":"\ud83d\udc64 Adult (48\u20ac)","value":"Adult (48\u20ac)","selected":true,"tempId":"aco_32","tooltip":"+12 Years","description":"","gt_translate_keys":["label","tooltip","description"]}],"priceOptions":"fixed_for_all","pricingType":"fixed","price":"48","cl_rule":"show","col":6,"type":"radio-group","gt_translate_keys":["label","quantity_label"],"price_dependency":false,"cl_dependency":false,"value":""}],[{"label":"","active":true,"required":false,"elementId":"radio-group-0739331166","name":"radio-group-0739331166","label_position":"default","desc_position":"default","enablePrice":true,"className":"","enableCl":false,"relations":false,"enable_quantity":true,"quantity_label":"","min_quantity":"0","checkUi":"button","layOut":"","options_tooltip":true,"options_description":true,"values":[{"label":"\ud83d\udc66 Child (24,50\u20ac)","value":"Child","selected":true,"tempId":"aco_32","tooltip":"2-11 Years","description":"","gt_translate_keys":["label","tooltip","description"]}],"priceOptions":"fixed_for_all","pricingType":"fixed","price":"24,50","cl_rule":"show","col":6,"type":"radio-group","error":false,"gt_translate_keys":["label","quantity_label"],"price_dependency":false,"cl_dependency":false,"value":""}],[{"label":"\ud83c\udf0e Language","active":true,"required":false,"elementId":"select-0739351167","dropdown_type":"basic","name":"select-0739351167","label_position":"default","desc_position":"default","enablePrice":false,"className":"","enableCl":false,"relations":false,"values":[{"label":"English","value":"English","selected":false,"tempId":"aco_596","gt_translate_keys":["label"]},{"label":"Spanish","value":"Spanish","selected":false,"tempId":"aco_597","gt_translate_keys":["label"]},{"label":"German","value":"German","selected":false,"tempId":"aco_598","gt_translate_keys":["label"]},{"label":"French","value":"French","selected":false,"tempId":"aco_145","gt_translate_keys":["label"]}],"price":"","cl_rule":"show","col":6,"type":"select","error":false,"gt_translate_keys":["label"],"price_dependency":false,"cl_dependency":false,"value":""}],[{"elementId":"separator-0739351168","separatorType":"blank","className":"","height":"7","enableCl":false,"relations":false,"cl_rule":"show","col":6,"type":"separator","gt_translate_keys":[],"price_dependency":false,"cl_dependency":false,"value":""}],[{"label":"\ud83d\ude8c Pickup Location","active":true,"required":false,"elementId":"text-0739351169","value":"","description":"Pick-up service in North Tenerife. Simply provide your address or hotel name.","name":"text-0739351169","label_position":"default","desc_position":"default","enablePrice":false,"className":"","enableCl":false,"relations":false,"subtype":"text","price":"","cl_rule":"show","col":6,"type":"text","error":false,"gt_translate_keys":["label","description","value"],"price_dependency":false,"cl_dependency":false}]]}},"config":{"price_override":"always","enable_recaptcha":false,"bind_quantity":false,"quantity_bind_formula":false,"disp_summ_show_option_price":true,"disp_summ_show_product_price":false,"disp_summ_show_total_price":true,"disp_summ_show_fee":true,"disp_summ_show_discount":true,"summary_title":"","options_total_label":"Options Price","total_label":"Total Amount","options_product_label":"Product Price","fee_label":"Fee","discount_label":"Discount","has_price":true,"has_quantity_formula":false},"mc_unit":1,"tax_rate":1,"tax_rate_real":1,"discount":{"percentage":0,"fixed":0},"design":{"conf":{"LabelPosition":"above","DescPosition":"above","UploadField":"custom_1","QuantityFieldStyle":"custom_1"},"css":{"LeftLabelWidth":"120px"}},"formulas":[],"lookuptables":[],"clones":false,"cartKey":false}},"_links":{"self":[{"href":"https:\/\/canaryvip.com\/cs\/wp-json\/wp\/v2\/product\/9435","targetHints":{"allow":["GET"]}}],"collection":[{"href":"https:\/\/canaryvip.com\/cs\/wp-json\/wp\/v2\/product"}],"about":[{"href":"https:\/\/canaryvip.com\/cs\/wp-json\/wp\/v2\/types\/product"}],"replies":[{"embeddable":true,"href":"https:\/\/canaryvip.com\/cs\/wp-json\/wp\/v2\/comments?post=9435"}],"wp:featuredmedia":[{"embeddable":true,"href":"https:\/\/canaryvip.com\/cs\/wp-json\/wp\/v2\/media\/9439"}],"wp:attachment":[{"href":"https:\/\/canaryvip.com\/cs\/wp-json\/wp\/v2\/media?parent=9435"}],"wp:term":[{"taxonomy":"product_brand","embeddable":true,"href":"https:\/\/canaryvip.com\/cs\/wp-json\/wp\/v2\/product_brand?post=9435"},{"taxonomy":"product_cat","embeddable":true,"href":"https:\/\/canaryvip.com\/cs\/wp-json\/wp\/v2\/product_cat?post=9435"},{"taxonomy":"product_tag","embeddable":true,"href":"https:\/\/canaryvip.com\/cs\/wp-json\/wp\/v2\/product_tag?post=9435"}],"curies":[{"name":"wp","href":"https:\/\/api.w.org\/{rel}","templated":true}]}}