{"id":9428,"date":"2024-02-05T13:40:56","date_gmt":"2024-02-05T13:40:56","guid":{"rendered":"https:\/\/canaryvip.com\/?post_type=product&#038;p=9428"},"modified":"2025-08-09T13:01:57","modified_gmt":"2025-08-09T12:01:57","slug":"gran-canaria-experience-with-poema-del-mar","status":"publish","type":"product","link":"https:\/\/canaryvip.com\/cs\/shop\/gran-canaria-experience-with-poema-del-mar\/","title":{"rendered":"Prohl\u00eddka Gran Canarie s pr\u016fvodcem Poema del Mar z Tenerife"},"content":{"rendered":"<h2>\ud83d\udc20 <strong>Zku\u0161enosti z Gran Canarie: Celodenn\u00ed pozn\u00e1v\u00e1n\u00ed<\/strong><\/h2>\n<ul>\n<li><strong>\ud83c\udfe8 Vyzvednut\u00ed a p\u0159ed\u00e1n\u00ed v hotelu:<\/strong> Za\u010dn\u011bte a ukon\u010dete sv\u016fj den pohodln\u011b. Na\u0161e slu\u017eba zahrnuje dopravu z hotelu na trajekt a zp\u011bt.<\/li>\n<li><strong>\ud83d\udea2 Cesta trajektem:<\/strong> Cestujte pohodln\u011b s Fredem Olsenem ze Santa Cruz de Tenerife do <a href=\"https:\/\/www.google.com\/maps\/place\/Fred.+Olsen\/@28.0998592,-15.708991,15.51z\/data=!4m15!1m8!3m7!1s0xc408b65894cde91:0x2a021e37bef00582!2sAgaete,+Las+Palmas!3b1!8m2!3d28.1002592!4d-15.6996738!16zL20vMDNtczVu!3m5!1s0xc4095471a4e3083:0x7763d59b2d7b3eaf!8m2!3d28.0994937!4d-15.7121943!16s%2Fg%2F1q5bmfyx3?entry=ttu\" target=\"_blank\" rel=\"noopener\">Agaete<\/a>, pozn\u00e1vat kr\u00e1sy mo\u0159e.<\/li>\n<li><strong>\ud83c\udf79 Arehucas Distillery Discovery:<\/strong> Odhalte tajemstv\u00ed v\u00fdroby vynikaj\u00edc\u00edho rumu, prohl\u00e9dn\u011bte si jeden z nejstar\u0161\u00edch rumov\u00fdch sklep\u016f v Evrop\u011b a vychutnejte si \u00fa\u017easnou degustaci.<\/li>\n<li><strong>\ud83d\udc20 Pono\u0159te se do Poema del Mar:<\/strong> V nejmodern\u011bj\u0161\u00edm akv\u00e1riu s nejv\u011bt\u0161\u00edm zak\u0159iven\u00fdm pozorovac\u00edm panelem na sv\u011bt\u011b, kter\u00e9 se nach\u00e1z\u00ed v \u017eiv\u00e9m Las Palmas, m\u016f\u017eete prozkoumat rozs\u00e1hl\u00fd mo\u0159sk\u00fd \u017eivot.<\/li>\n<\/ul>\n<p>\ud83d\udccd <strong>M\u00edsta, kter\u00e1 mus\u00edte nav\u0161t\u00edvit:<\/strong> Vydejte se na cestu od bohat\u00e9ho d\u011bdictv\u00ed Arehucas a\u017e po vodn\u00ed z\u00e1zraky Poema del Mar, z nich\u017e ka\u017ed\u00fd nab\u00edz\u00ed jedine\u010dn\u00fd pohled na kulturu a p\u0159\u00edrodn\u00ed kr\u00e1sy Gran Canarie.<\/p>\n<p>\ud83c\udf92 <strong>Z\u00e1klady dobrodru\u017estv\u00ed:<\/strong> Vezm\u011bte si s sebou smysl pro \u00fa\u017eas, pohodlnou obuv na proch\u00e1zky a nezapome\u0148te na fotoapar\u00e1t pro zachycen\u00ed nezapomenuteln\u00fdch okam\u017eik\u016f dne.<\/p>\n<p>\ud83d\udca1 <strong>Kulturn\u00ed poznatky:<\/strong> Z\u00edskejte fascinuj\u00edc\u00ed poznatky o um\u011bn\u00ed v\u00fdroby rumu a obdivujte biologickou rozmanitost v modern\u00edch expozic\u00edch muzea Poema del Mar.<\/p>\n<p>\ud83c\udfab <strong>Dobrodru\u017estv\u00ed all inclusive:<\/strong> Tento celodenn\u00ed v\u00fdlet zahrnuje vyzvednut\u00ed v hotelu a odvoz, cestu trajektem Fred Olsen, vstup do Poema del Mar a p\u011b\u0161\u00ed prohl\u00eddku m\u011bsta s pr\u016fvodcem. <a href=\"https:\/\/www.google.com\/maps\/place\/Vegueta,+35001+Las+Palmas+de+Gran+Canaria,+Las+Palmas\/@28.0980197,-15.4181459,17z\/data=!3m1!4b1!4m6!3m5!1s0xc40958cfffd3b6f:0x14a4665fe84d3b40!8m2!3d28.0980197!4d-15.415571!16s%2Fg%2F11bzq2sgf3?entry=ttu\" target=\"_blank\" rel=\"noopener\">Historick\u00e1 \u010dtvr\u0165 Veguety<\/a>. <span style=\"text-decoration: underline;\">Vezm\u011bte pros\u00edm na v\u011bdom\u00ed, \u017ee stravov\u00e1n\u00ed nen\u00ed zahrnuto v cen\u011b a m\u016f\u017eete se stravovat podle vlastn\u00edho uv\u00e1\u017een\u00ed.<\/span><\/p>\n<p>\ud83d\udeb6\u200d\u2642\ufe0f<strong>Historick\u00e1 Vegueta p\u011b\u0161ky:<\/strong> Den zakon\u010dete proch\u00e1zkou p\u016fvabn\u00fdmi uli\u010dkami Veguety s pr\u016fvodcem, p\u0159i kter\u00e9 se pono\u0159\u00edte do bohat\u00e9 historie a \u00fa\u017easn\u00e9 architektury star\u00e9ho m\u011bsta Gran Canaria.<\/p>\n<p>\ud83d\udd57 <strong>\u010cas zah\u00e1jen\u00ed a ukon\u010den\u00ed:<\/strong> Celodenn\u00ed dobrodru\u017estv\u00ed za\u010d\u00edn\u00e1 vyzvednut\u00edm z va\u0161eho hotelu kolem 8:00 - plus minus p\u00e1r minut v z\u00e1vislosti na konkr\u00e9tn\u00edm hotelu nebo m\u00edst\u011b vyzvednut\u00ed. Den kon\u010d\u00ed odjezdem kolem 20:30, op\u011bt s m\u00edrn\u00fdmi odchylkami v z\u00e1vislosti na hotelu. Zajist\u00edme, abyste pro\u017eili cel\u00fd den pln\u00fd pozn\u00e1v\u00e1n\u00ed a z\u00e1bavy, a postar\u00e1me se o v\u0161echny detaily, abyste se mohli bez obav pono\u0159it do z\u00e1\u017eitk\u016f.<\/p>\n<p>\ud83c\udf1f <strong>Exkluzivn\u00ed v\u00fdhody CanaryVIP:<\/strong> U\u017eijte si den pln\u00fd objev\u016f za v\u00fdhodnou cenu a se v\u0161emi z\u00e1kladn\u00edmi z\u00e1\u017eitky v cen\u011b. Spolehn\u011bte se na n\u00e1s, \u017ee v\u00e1m poskytneme bezprobl\u00e9mov\u00fd z\u00e1\u017eitek a pozornou podporu od za\u010d\u00e1tku a\u017e do konce.<\/p>\n<p><strong>\ud83d\udd17 Jste p\u0159ipraveni na dobrodru\u017estv\u00ed?<\/strong> Nenechte si uj\u00edt tuto komplexn\u00ed <a href=\"https:\/\/canaryvip.com\/cs\/tenerife\/guided-tours\/bus-tours\/?swcfpc=1\">autobusov\u00e1 prohl\u00eddka s pr\u016fvodcem<\/a> Gran Canaria, od historick\u00fdch hlubin pal\u00edrny Arehucas a\u017e po p\u0159\u00edrodn\u00ed n\u00e1dheru Poema del Mar. Zajist\u011bte si sv\u00e9 m\u00edsto a pro\u017eijte den pln\u00fd pozn\u00e1v\u00e1n\u00ed a okouzlen\u00ed!<\/p>","protected":false},"excerpt":{"rendered":"<p><strong>\ud83d\udd0d Z\u00e1\u017eitky z Gran Canarie:<\/strong><br \/>\n\u2705 Bezpe\u010dn\u00e1 platba.<br \/>\n\ud83d\udcc5 Ka\u017ed\u00fd p\u00e1tek.<br \/>\n\ud83d\udef3\ufe0f Odlet z Tenerife.<br \/>\n\ud83d\ude80 U\u017eijte si prohl\u00eddku s pr\u016fvodcem.<br \/>\n\ud83d\udc20 Objevte Poema del Mar.<br \/>\n\ud83e\udd43 Za\u017eijte pal\u00edrnu Arehucas.<br \/>\n\ud83c\udff0 Prozkoumejte historick\u00e9 m\u011bsto Vegueta.<br \/>\n\ud83d\udd59 12h celodenn\u00ed dobrodru\u017estv\u00ed.<br \/>\n\ud83e\udd11 Garance nejlep\u0161\u00ed ceny.<br \/>\n\ud83d\ude8c Vyzvednut\u00ed a p\u0159ed\u00e1n\u00ed v hotelu.<br \/>\n\ud83d\udc6a Slevy pro skupinov\u00e9 rezervace.<br \/>\n\ud83d\udd01 Bezplatn\u00e9 zru\u0161en\u00ed rezervace do 72 hodin.<br \/>\n\ud83c\udf0d V\u00edcejazy\u010dn\u00e1 podpora.<br \/>\n\ud83c\udf1f Rezervujte nyn\u00ed a u\u0161et\u0159ete!<br \/>\n\ud83d\udccd Naj\u00edt <a href=\"https:\/\/maps.app.goo.gl\/FMkYHCdfK35bQLag9\">Poema del Mar v map\u00e1ch<\/a>!<\/p>","protected":false},"featured_media":9433,"comment_status":"open","ping_status":"closed","template":"","meta":{"_acf_changed":false},"product_brand":[],"product_cat":[68,52],"product_tag":[],"class_list":{"0":"post-9428","1":"product","2":"type-product","3":"status-publish","4":"has-post-thumbnail","6":"product_cat-guided-tours","7":"product_cat-bus-tours","8":"wcpa_has_options","10":"first","11":"instock","12":"virtual","13":"purchasable","14":"product-type-simple"},"acf":[],"wcpa_form_fields":{"wcpaData":{"product":{"product_price":125,"price_html":"From&nbsp;<span class=\"woocommerce-Price-amount amount\"><bdi>125,00&nbsp;<span class=\"woocommerce-Price-currencySymbol\">&euro;<\/span><\/bdi><\/span>","original_product_price":125,"price_including_tax":125,"price_excluding_tax":125,"product_id":{"parent":9428,"variation":false},"is_variable":false,"stock_status":"instock","stock_quantity":null,"parent_sku":"CV9428","product_attributes":[],"custom_fields":[],"is_taxable":false,"product_name":"Gran Canaria Guided Tour with Poema del Mar from Tenerife","hasImage":false},"fields":{"sec_465e4c52d01ea2":{"extra":{"key":"sec_465e4c52d01ea2","section_id":"sec_465e4c52d01ea2","name":"Tickets","status":1,"cl_rule":"show","enableCl":false,"relations":[{"operator":false,"rules":[{"operator":"AND","rules":{"cl_field":"radio-group_665df45fcbc30b","cl_relation":"is","cl_val":"Siam Park Regular Tickets"}}]}],"toggle":true,"title_tag":"h4","show_title":false,"showPrice":"default","form_id":10213,"form_rules":{"exclude_from_discount":true,"fee_label":"Fee","disp_hide_options_price":true,"disp_show_section_price":false,"disp_show_field_price":true,"layout_option":"standard","pric_use_as_fee":false,"process_fee_as":"woo_fee"},"layout_option":"standard"},"fields":[[{"label":"\ud83d\udcc5 Date","active":true,"required":true,"elementId":"date_865e4c52d01ec0","picker_type":"custom","picker_mode":"single","placeholder":"","description":"","tooltip":"","name":"date_865e4c52d01ec0","label_position":"default","desc_position":"default","enablePrice":false,"className":"","enableCl":false,"relations":[{"operator":"and","rules":[{"operator":"AND","rules":{"cl_field":"radio-group_665df45fcbc30b","cl_relation":"is","cl_val":"3 Hour Trip"}}]}],"date_pic_inline":true,"date_pic_inline_hide":true,"min_date":{"type":"days","val":"2"},"max_date":{"type":"days","val":"365"},"date_pic_conf":{"disabledWeeks":[0,1,2,3,4,6]},"price":"","cl_rule":"show","col":6,"type":"date","error":false,"enableDesign":false,"LabelColor":"","gt_translate_keys":["label","placeholder","description","tooltip"],"price_dependency":false,"cl_dependency":false,"value":""}],[{"elementId":"separator_665e4c52d01ece","separatorType":"blank","className":"","height":"10","enableCl":false,"relations":false,"cl_rule":"show","col":6,"type":"separator","gt_translate_keys":[],"price_dependency":false,"cl_dependency":false,"value":""}],[{"active":true,"col":6,"relations":false,"cl_rule":"show","enableCl":false,"price":"","enablePrice":false,"className":"","label_position":"default","desc_position":"default","type":"content","required":false,"elementId":"content_765e4c52d01eda","label":"People","name":"content_765e4c52d01eda","contentType":"plain","value":"","error":false,"show_in_checkout":true,"inline":false,"gt_translate_keys":["label","value"],"price_dependency":false,"cl_dependency":false}],[{"active":true,"col":6,"relations":[{"operator":false,"rules":[{"operator":"AND","rules":{"cl_field":"","cl_relation":"","cl_val":""}}]}],"cl_rule":"show","enableCl":true,"price":"130","enablePrice":true,"className":"","label_position":"default","desc_position":"default","type":"radio-group","required":false,"elementId":"radio-group_065e4c52d01ee6","label":"","name":"radio-group_065e4c52d01ee6","values":[{"label":"\ud83d\udc64 Adult (130\u20ac)","value":"Adult","selected":true,"tempId":"aco_32","tooltip":"+12 Years","description":"","gt_translate_keys":["label","tooltip","description"]}],"layOut":"","error":false,"checkUi":"button","priceOptions":"fixed_for_all","pricingType":"fixed","enable_quantity":true,"quantity_label":"","min_quantity":"0","options_tooltip":true,"options_description":true,"gt_translate_keys":["label","quantity_label"],"price_dependency":false,"cl_dependency":false,"value":""}],[{"label":"","active":true,"required":false,"elementId":"radio-group_665e4c52d01ef1","name":"radio-group_665e4c52d01ef1","label_position":"default","desc_position":"default","enablePrice":true,"className":"","enableCl":false,"relations":false,"enable_quantity":true,"quantity_label":"","min_quantity":"0","checkUi":"button","layOut":"","values":[{"label":"\ud83d\udc66 Child (30\u20ac)","value":"Child","selected":true,"tempId":"aco_32","tooltip":"3-11 Years","description":"","gt_translate_keys":["label","tooltip","description"]}],"priceOptions":"fixed_for_all","pricingType":"fixed","price":"30","cl_rule":"show","col":6,"type":"radio-group","error":false,"options_tooltip":true,"options_description":true,"gt_translate_keys":["label","quantity_label"],"price_dependency":false,"cl_dependency":false,"value":""}],[{"label":"","active":true,"required":false,"elementId":"radio-group_1065e4c52d01efb","name":"radio-group_1065e4c52d01efb","label_position":"default","desc_position":"default","enablePrice":true,"className":"","enableCl":false,"relations":false,"enable_quantity":true,"quantity_label":"","min_quantity":"0","checkUi":"button","layOut":"","options_tooltip":true,"options_description":true,"values":[{"label":"\ud83d\udc76 Toddler (20\u20ac)","value":"Toddler","selected":true,"tempId":"aco_32","tooltip":"0-2 Years","description":"","gt_translate_keys":["label","tooltip","description"]}],"priceOptions":"fixed_for_all","pricingType":"fixed","price":"20","cl_rule":"show","col":6,"type":"radio-group","error":false,"gt_translate_keys":["label","quantity_label"],"price_dependency":false,"cl_dependency":false,"value":""}],[{"active":true,"col":6,"relations":false,"cl_rule":"show","enableCl":false,"price":"","enablePrice":false,"className":"","label_position":"default","desc_position":"default","type":"select","required":false,"elementId":"select_565e4c52d01f05","label":"\ud83c\udf0e Language","name":"select_565e4c52d01f05","values":[{"label":"English","value":"English","selected":false,"tempId":"aco_1213","gt_translate_keys":["label"]},{"label":"German","value":"German","selected":false,"tempId":"aco_302","gt_translate_keys":["label"]},{"label":"Spanish","value":"Spanish","selected":false,"tempId":"aco_312","gt_translate_keys":["label"]}],"dropdown_type":"basic","error":false,"gt_translate_keys":["label"],"price_dependency":false,"cl_dependency":false,"value":""}],[{"active":true,"col":6,"relations":false,"cl_rule":"show","enableCl":false,"price":"","enablePrice":false,"className":"","label_position":"default","desc_position":"default","type":"separator","required":false,"elementId":"separator_865e4c52d01f0f","label":"Separator Field","height":"7","separatorType":"blank","error":false,"gt_translate_keys":["label"],"price_dependency":false,"cl_dependency":false,"value":""}],[{"active":true,"col":6,"relations":false,"cl_rule":"show","enableCl":false,"price":"","enablePrice":false,"className":"","label_position":"default","desc_position":"default","type":"text","subtype":"text","required":false,"elementId":"text_865e4c52d01f18","label":"\ud83d\ude8c Pickup Location","name":"text_865e4c52d01f18","value":"","description":"Free pick-up service in North Tenerife and South Tenerife. Simply provide your address or hotel name.","error":false,"gt_translate_keys":["label","description","value"],"price_dependency":false,"cl_dependency":false}]]}},"config":{"price_override":"always","enable_recaptcha":false,"bind_quantity":false,"quantity_bind_formula":false,"disp_summ_show_option_price":true,"disp_summ_show_product_price":false,"disp_summ_show_total_price":true,"disp_summ_show_fee":true,"disp_summ_show_discount":true,"summary_title":"","options_total_label":"Options Price","total_label":"Total Amount","options_product_label":"Product Price","fee_label":"Fee","discount_label":"Discount","has_price":true,"has_quantity_formula":false},"mc_unit":1,"tax_rate":1,"tax_rate_real":1,"discount":{"percentage":0,"fixed":0},"design":{"conf":{"LabelPosition":"above","DescPosition":"above","UploadField":"custom_1","QuantityFieldStyle":"custom_1"},"css":{"LeftLabelWidth":"120px"}},"formulas":[],"lookuptables":[],"clones":false,"cartKey":false}},"_links":{"self":[{"href":"https:\/\/canaryvip.com\/cs\/wp-json\/wp\/v2\/product\/9428","targetHints":{"allow":["GET"]}}],"collection":[{"href":"https:\/\/canaryvip.com\/cs\/wp-json\/wp\/v2\/product"}],"about":[{"href":"https:\/\/canaryvip.com\/cs\/wp-json\/wp\/v2\/types\/product"}],"replies":[{"embeddable":true,"href":"https:\/\/canaryvip.com\/cs\/wp-json\/wp\/v2\/comments?post=9428"}],"wp:featuredmedia":[{"embeddable":true,"href":"https:\/\/canaryvip.com\/cs\/wp-json\/wp\/v2\/media\/9433"}],"wp:attachment":[{"href":"https:\/\/canaryvip.com\/cs\/wp-json\/wp\/v2\/media?parent=9428"}],"wp:term":[{"taxonomy":"product_brand","embeddable":true,"href":"https:\/\/canaryvip.com\/cs\/wp-json\/wp\/v2\/product_brand?post=9428"},{"taxonomy":"product_cat","embeddable":true,"href":"https:\/\/canaryvip.com\/cs\/wp-json\/wp\/v2\/product_cat?post=9428"},{"taxonomy":"product_tag","embeddable":true,"href":"https:\/\/canaryvip.com\/cs\/wp-json\/wp\/v2\/product_tag?post=9428"}],"curies":[{"name":"wp","href":"https:\/\/api.w.org\/{rel}","templated":true}]}}