{"id":9324,"date":"2024-01-31T15:11:45","date_gmt":"2024-01-31T15:11:45","guid":{"rendered":"https:\/\/canaryvip.com\/?post_type=product&#038;p=9324"},"modified":"2025-08-09T13:07:49","modified_gmt":"2025-08-09T12:07:49","slug":"tigresa-luxury-yacht-tenerife","status":"publish","type":"product","link":"https:\/\/canaryvip.com\/cs\/shop\/tigresa-luxury-yacht-tenerife\/","title":{"rendered":"Pron\u00e1jem nejluxusn\u011bj\u0161\u00ed jachty #1 na Tenerife: Tigresa Boat"},"content":{"rendered":"<h2><strong>\ud83d\udee5\ufe0f Tigresa Tenerife Yacht: Jachta: maxim\u00e1ln\u00ed luxus<\/strong><\/h2>\n<p>V\u00edtejte na palub\u011b jachty Tigresa, kter\u00e1 je zenitem z\u00e1\u017eitk\u016f na Tenerife. Tato <strong>Azimut 60 Flybridge,<\/strong>\u00a0ohromuj\u00edc\u00ed 19,5metrov\u00fd z\u00e1zrak, kter\u00fd nab\u00edz\u00ed v\u00edc ne\u017e jen plavidlo - je to va\u0161e exkluzivn\u00ed vstupenka do taj\u016f mo\u0159e.<\/p>\n<p>Poh\u00e1n\u011bn siln\u00fdmi motory o v\u00fdkonu 800 kon\u00ed slibuje vzru\u0161uj\u00edc\u00ed rychlost a hladkou plavbu na va\u0161\u00ed jedine\u010dn\u00e9 cest\u011b. <strong>v\u00fdlet lod\u00ed na Tenerife.<\/strong><\/p>\n<p>Zjist\u011bte, co to znamen\u00e1 u\u017e\u00edvat si <strong>soukrom\u00fd v\u00fdlet lod\u00ed<\/strong> s Tigresa v k\u0159i\u0161\u0165\u00e1lov\u011b \u010dist\u00fdch vod\u00e1ch Tenerife.<\/p>\n<h3>\u2b50\ufe0f <strong>Bezkonkuren\u010dn\u00ed bohatstv\u00ed na palub\u011b<\/strong><\/h3>\n<p><span style=\"text-decoration: underline;\"><strong>Vychutnejte si bohat\u00e9 vybaven\u00ed modelu Tigresa:<\/strong><\/span><\/p>\n<ul>\n<li>Dva luxusn\u00ed dvoul\u016f\u017ekov\u00e9 pokoje a \u00fatuln\u00fd dvoul\u016f\u017ekov\u00fd pokoj s odd\u011blen\u00fdmi postelemi, ide\u00e1ln\u00ed pro intimn\u00ed z\u00e1\u017eitek z pron\u00e1jmu jachty na Tenerife.<\/li>\n<li>Dv\u011b elegantn\u00ed koupelny a praktick\u00e9 WC dodaj\u00ed va\u0161im dobrodru\u017estv\u00edm punc exkluzivity.<\/li>\n<li>P\u0159epychov\u00fd ob\u00fdvac\u00ed pokoj navr\u017een\u00fd pro dokonalou relaxaci b\u011bhem plavby.<\/li>\n<li>Pln\u011b vybaven\u00e1 kuchy\u0148, kter\u00e1 je p\u0159ipravena obohatit va\u0161e kulin\u00e1\u0159sk\u00e9 z\u00e1\u017eitky p\u0159i pron\u00e1jmu lodi na Tenerife.<\/li>\n<li>50palcov\u00e9 plazmov\u00e9 televizory, kter\u00e9 spojuj\u00ed z\u00e1bavu s luxusem na va\u0161\u00ed osobn\u00ed cest\u011b lod\u00ed Tenerife.<\/li>\n<li>Dv\u011b proslun\u011bn\u00e9 paluby, ide\u00e1ln\u00ed pro slun\u011bn\u00ed b\u011bhem v\u00fdletu na jacht\u011b.<\/li>\n<li>\u0160pi\u010dkov\u00e1 hydraulick\u00e1 plaveck\u00e1 plo\u0161ina, kter\u00e1 zvy\u0161uje \u00farove\u0148 va\u0161eho plav\u00e1n\u00ed.<\/li>\n<\/ul>\n<h3>\ud83d\udea4 <strong>Vrchol VIP p\u00e9\u010de s v\u00edcejazy\u010dnou pos\u00e1dkou<\/strong><\/h3>\n<p>Za\u017eijte individu\u00e1ln\u00ed slu\u017eby na\u0161\u00ed kvalifikovan\u00e9 dvou\u010dlenn\u00e9 pos\u00e1dky, kter\u00e1 je dob\u0159e obezn\u00e1mena s n\u00e1dherou Kan\u00e1rsk\u00fdch ostrov\u016f a zajist\u00ed v\u00e1m kulturn\u011b bohatou cestu b\u011bhem pron\u00e1jmu luxusn\u00ed jachty na Tenerife.<\/p>\n<p>Zku\u0161enosti na\u0161\u00ed pos\u00e1dky nejen zvy\u0161uj\u00ed va\u0161e pohodl\u00ed, ale tak\u00e9 obohacuj\u00ed va\u0161e znalosti o m\u00edstn\u00ed kultu\u0159e a historii, tak\u017ee ka\u017ed\u00e1 <strong>v\u00fdlet lod\u00ed Tenerife<\/strong> nezapomenuteln\u00fd pr\u016fzkum.<\/p>\n<p>B\u011bhem plavby pod\u00e9l \u00fachvatn\u00e9ho pob\u0159e\u017e\u00ed v\u00e1s na\u0161e pos\u00e1dka upozorn\u00ed na historick\u00e9 pam\u00e1tky, vysv\u011btl\u00ed v\u00e1m m\u00edstn\u00ed mo\u0159skou ekologii a pom\u016f\u017ee v\u00e1m poznat to nejlep\u0161\u00ed, co nab\u00edz\u00ed mo\u0159sk\u00fd sv\u011bt. <strong>v\u00fdlet lod\u00ed na Tenerife<\/strong> nab\u00edz\u00ed.<\/p>\n<p>Tato pozornost v\u011bnovan\u00e1 detail\u016fm zaru\u010duje, \u017ee v\u00e1\u0161 pobyt na palub\u011b p\u0159es\u00e1hne b\u011b\u017en\u00fd r\u00e1mec a z oby\u010dejn\u00e9ho pron\u00e1jmu jachty se stane hlubok\u00e1 kulturn\u00ed cesta po klidn\u00fdch vod\u00e1ch Tenerife.<\/p>\n<h3>\ud83c\udf0a <strong>Hladk\u00e1 plavba s pokro\u010dilou technologi\u00ed<\/strong><\/h3>\n<p>Vychutnejte si klid oce\u00e1nu na palub\u011b Tigresa, kde n\u00e1\u0161 gyroskopick\u00fd stabiliz\u00e1tor Seakeeper zaji\u0161\u0165uje ka\u017ed\u00fd okam\u017eik va\u0161\u00ed plavby. <a href=\"https:\/\/canaryvip.com\/cs\/tenerife\/boat-excursions\/\"><strong>v\u00fdlet lod\u00ed Tenerife<\/strong><\/a> je nezapomenuteln\u00fd a klidn\u00fd.<\/p>\n<p>Poci\u0165te klid, proto\u017ee tato nejmodern\u011bj\u0161\u00ed technologie vyrovn\u00e1v\u00e1 vlny a umo\u017e\u0148uje v\u00e1m pln\u011b se uvolnit a vychutnat si n\u00e1dhern\u00fd v\u00fdhled na mo\u0159e bez starost\u00ed.<\/p>\n<p>A\u0165 u\u017e se opalujete na palub\u011b, nebo ve\u010de\u0159\u00edte s v\u00fdhledem, Tigresa nab\u00edz\u00ed klidn\u00fd a stabiln\u00ed z\u00e1\u017eitek, d\u00edky kter\u00e9mu bude v\u00e1\u0161 pobyt na mo\u0159i opravdu nezapomenuteln\u00fd.<\/p>\n<h3>\ud83d\udd52 <strong>Vyberte si sv\u00e9 exkluzivn\u00ed dobrodru\u017estv\u00ed<\/strong><\/h3>\n<ul>\n<li><strong>T\u0159\u00edhodinov\u00e1 cesta:<\/strong>\u00a0Objevte kr\u00e1sn\u00e9 jihoz\u00e1padn\u00ed pob\u0159e\u017e\u00ed Tenerife, kter\u00e9 je ide\u00e1ln\u00ed pro rychl\u00fd, ale \u00fa\u017easn\u00fd z\u00e1\u017eitek z pron\u00e1jmu lodi.<\/li>\n<li><strong>P\u011btihodinov\u00e1 plavba:<\/strong>\u00a0Prozkoumejte majest\u00e1tn\u00ed Los Gigantes a okouzluj\u00edc\u00ed z\u00e1toku Masca, kter\u00e1 je ide\u00e1ln\u00ed pro komplexn\u00ed z\u00e1\u017eitek na Tenerife na luxusn\u00ed jacht\u011b.<\/li>\n<li><strong>8hodinov\u00fd z\u00e1\u017eitek:<\/strong>\u00a0Vydejte se za dobrodru\u017estv\u00edm a nav\u0161tivte exkluzivn\u00ed lokality pod majest\u00e1tn\u00edm <a href=\"https:\/\/canaryvip.com\/cs\/discover-the-teide-the-ultimate-guide-iconic-volcano\/\">Hora Teide<\/a>, kam se lze dostat pouze soukromou jachtou.<\/li>\n<\/ul>\n<h3>\ud83d\udc2c <strong>Etick\u00e9 a luxusn\u00ed pozorov\u00e1n\u00ed velryb<\/strong><\/h3>\n<p>P\u0159ipojte se k n\u00e1m na jacht\u011b Tigresa, vybaven\u00e9 v\u0161emi pot\u0159ebn\u00fdmi povolen\u00edmi, a pro\u017eijte s n\u00e1mi uctiv\u00e9 a luxusn\u00ed setk\u00e1n\u00ed s obry oce\u00e1nu, kter\u00e9 umocn\u00ed v\u00e1\u0161 z\u00e1\u017eitek z pron\u00e1jmu jachty na Tenerife.<\/p>\n<h3>\u2705 <strong>Luxus v nov\u00e9m pojet\u00ed: Co je v cen\u011b<\/strong><\/h3>\n<ul>\n<li>\u0160pi\u010dkov\u00e9 vybaven\u00ed v\u010detn\u011b plaveck\u00e9 plo\u0161iny a bohat\u00e9ho pohodl\u00ed, kter\u00e9 nastavuje nov\u00fd standard pro pron\u00e1jem jachty na Tenerife.<\/li>\n<li>Gurm\u00e1nsk\u00e9 lah\u016fdky se \u0161ampa\u0148sk\u00fdm, kvalitn\u00edmi v\u00edny a vynikaj\u00edc\u00edmi pokrmy, kter\u00e9 zt\u011bles\u0148uj\u00ed luxusn\u00ed cestov\u00e1n\u00ed lod\u00ed.<\/li>\n<li>VIP doprava z va\u0161eho hotelu na jihu Tenerife, kter\u00e1 dod\u00e1 va\u0161emu v\u00fdletu lod\u00ed dal\u0161\u00ed vrstvu luxusu.<\/li>\n<\/ul>\n<h3>\ud83d\udd53 <strong>M\u00edsto setk\u00e1n\u00ed a exkluzivn\u00ed p\u0159\u00edstup<\/strong><\/h3>\n<ul>\n<li><strong>Um\u00edst\u011bn\u00ed:<\/strong>\u00a0Costa Adeje, Puerto Col\u00f3n. Za\u010d\u00e1tek va\u0161eho jedine\u010dn\u00e9ho z\u00e1\u017eitku na jacht\u011b na Tenerife.<\/li>\n<li><strong>Parkov\u00e1n\u00ed:<\/strong>\u00a0K dispozici je spousta m\u00edsta za v\u00fdhodn\u00e9 ceny, tak\u017ee m\u016f\u017eete snadno za\u010d\u00edt svou luxusn\u00ed cestu.<\/li>\n<\/ul>\n<h3>\ud83d\udccd <strong>Odlet z Puerto Col\u00f3n v Costa Adeje<\/strong><\/h3>\n<p>Sv\u00e9 luxusn\u00ed dobrodru\u017estv\u00ed za\u010dn\u011bte v Puerto Col\u00f3n, \u017eiv\u00e9m centru mo\u0159sk\u00e9ho \u017eivota na pob\u0159e\u017e\u00ed Costa Adeje. Tento presti\u017en\u00ed p\u0159\u00edstav, zn\u00e1m\u00fd svou eleganc\u00ed a modern\u00ed sofistikovanost\u00ed, je dokonalou kulisou pro v\u00e1\u0161 soukrom\u00fd v\u00fdlet lod\u00ed.<\/p>\n<p>P\u0159i vstupu na palubu poc\u00edt\u00edte \u017eivou energii t\u00e9to oblasti. Zde na <a href=\"https:\/\/maps.app.goo.gl\/ocJuu7A8R1JWjPbS9\" target=\"_blank\" rel=\"noopener\">Puerto Col\u00f3n<\/a>, ka\u017ed\u00fd odjezd je vzru\u0161uj\u00edc\u00edm p\u0159\u00edslibem nezapomenuteln\u00fdch z\u00e1\u017eitk\u016f a \u00fachvatn\u00fdch v\u00fdhled\u016f pod\u00e9l klidn\u00fdch vod Tenerife.<\/p>\n<h4>\ud83d\udcdc <strong>Jasn\u00e9 a stru\u010dn\u00e9 z\u00e1sady<\/strong><\/h4>\n<ul>\n<li><strong>Zaji\u0161t\u011bn\u00ed po\u010das\u00ed:<\/strong>\u00a0Pokud v\u00e1m nebude p\u0159\u00e1t po\u010das\u00ed, vyberte si n\u00e1hradn\u00ed term\u00edn nebo z\u00edskejte plnou n\u00e1hradu, \u010d\u00edm\u017e zajist\u00edte, \u017ee v\u00e1\u0161 z\u00e1\u017eitek z plavby bude bezchybn\u00fd.<\/li>\n<li><strong>Flexibilita zru\u0161en\u00ed:<\/strong>\u00a0Bezplatn\u00e9 zru\u0161en\u00ed nebo zm\u011bna term\u00ednu a\u017e 6 dn\u00ed p\u0159edem, co\u017e vyhovuje va\u0161im pot\u0159eb\u00e1m.<\/li>\n<\/ul>\n<p>Pono\u0159te se do \u0159\u00ed\u0161e exkluzivn\u00edho luxusu s Tigresa.<br \/>\nZarezervujte si nyn\u00ed a odemkn\u011bte si z\u00e1\u017eitek, p\u0159i kter\u00e9m se velkolepost setk\u00e1v\u00e1 s mo\u0159em. \ud83c\udf0a\ud83c\udf1f\ud83d\udee5\ufe0f<\/p>","protected":false},"excerpt":{"rendered":"<p><strong>\ud83d\udd0d Tigresa Yacht Tours:<\/strong><br \/>\n\u2705 Bezpe\u010dn\u00e1 platba.<br \/>\n\ud83d\udee5\ufe0f 18 metr\u016f luxusn\u00ed jachty.<br \/>\n\ud83d\udc0b Pozorov\u00e1n\u00ed velryb a delf\u00edn\u016f.<br \/>\n\u23f3 Denn\u00ed prohl\u00eddky v d\u00e9lce 3-8 hodin.<br \/>\n\ud83d\udd59 P\u0159izp\u016fsobiteln\u00e9 \u010dasy odjezd\u016f.<br \/>\n\ud83c\udf7e Ob\u010derstven\u00ed a \u0161ampa\u0148sk\u00e9.<br \/>\n\ud83c\udf74 Gurm\u00e1nsk\u00e1 j\u00eddla a n\u00e1poje.<br \/>\n\ud83d\udc65 A\u017e 12 host\u016f.<br \/>\n\ud83e\udd3f Vybaven\u00ed pro \u0161norchlov\u00e1n\u00ed je k dispozici.<br \/>\n\ud83d\ude97 P\u0159epravn\u00ed slu\u017eba v cen\u011b.<br \/>\n\ud83e\udd11 Garance nejlep\u0161\u00ed ceny.<br \/>\n\ud83d\udc6a Slevy aktivov\u00e1ny.<br \/>\n\ud83d\udd01 Zru\u0161en\u00ed a\u017e na 8 dn\u00ed.<br \/>\n\ud83c\udf0d V\u00edcejazy\u010dn\u00e1 pos\u00e1dka.<br \/>\n\ud83c\udf1f Rezervujte nyn\u00ed a u\u0161et\u0159ete!<br \/>\n\ud83d\udccd Odjezd z <a href=\"https:\/\/maps.app.goo.gl\/ocJuu7A8R1JWjPbS9\">Puerto Colon<\/a>.<\/p>","protected":false},"featured_media":9328,"comment_status":"open","ping_status":"closed","template":"","meta":{"_acf_changed":false},"product_brand":[],"product_cat":[47],"product_tag":[],"class_list":{"0":"post-9324","1":"product","2":"type-product","3":"status-publish","4":"has-post-thumbnail","6":"product_cat-boat-hire-tenerife","7":"wcpa_has_options","9":"first","10":"instock","11":"virtual","12":"purchasable","13":"product-type-simple"},"acf":[],"wcpa_form_fields":{"wcpaData":{"product":{"product_price":2000,"price_html":"From&nbsp;<span class=\"woocommerce-Price-amount amount\"><bdi>2.000,00&nbsp;<span class=\"woocommerce-Price-currencySymbol\">&euro;<\/span><\/bdi><\/span>","original_product_price":2000,"price_including_tax":2000,"price_excluding_tax":2000,"product_id":{"parent":9324,"variation":false},"is_variable":false,"stock_status":"instock","stock_quantity":null,"parent_sku":"CV9324","product_attributes":[],"custom_fields":[],"is_taxable":false,"product_name":"Rent the #1 Luxurious Yacht in Tenerife: Tigresa Boat","hasImage":false},"fields":{"sec_365c78ffa811e8":{"extra":{"key":"sec_365c78ffa811e8","section_id":"sec_365c78ffa811e8","name":"Default","status":1,"cl_rule":"show","enableCl":false,"relations":[],"toggle":true,"title_tag":"h3","show_title":false,"showPrice":"default","form_id":9607,"form_rules":{"exclude_from_discount":true,"fee_label":"Fee","disp_hide_options_price":true,"disp_show_section_price":false,"disp_show_field_price":true,"layout_option":"standard","pric_use_as_fee":false,"process_fee_as":"woo_fee"},"layout_option":"standard"},"fields":[[{"label":"\ud83d\udcc5 Date","active":true,"required":true,"elementId":"date_465c78ffa81217","picker_type":"custom","picker_mode":"single","placeholder":"","description":"","tooltip":"","name":"date_465c78ffa81217","label_position":"default","desc_position":"default","enablePrice":false,"className":"","enableCl":false,"relations":[{"operator":"and","rules":[{"operator":"AND","rules":{"cl_field":"radio-group_565c78ffa81208","cl_relation":"is","cl_val":"3 Hour Trip"}}]}],"date_pic_inline":true,"date_pic_inline_hide":true,"min_date":{"type":"days","val":"2"},"max_date":{"type":"days","val":"365"},"date_pic_conf":{"disabledWeeks":[]},"price":"","cl_rule":"show","col":6,"type":"date","error":false,"enableDesign":false,"LabelColor":"","gt_translate_keys":["label","placeholder","description","tooltip"],"price_dependency":false,"cl_dependency":false,"value":""}],[{"contentType":"rich","active":true,"label":"","elementId":"content_765c78ffa81286","value":"<p>\ud83c\udf9f\ufe0f <strong>Reservation<\/strong>: Pay only a deposit now to reserve; the rest is due on the day of the activity upon arrival.<\/p>","inline":false,"name":"content_765c78ffa81286","enablePrice":false,"className":"","subtype":"p","enableCl":false,"relations":false,"price":"","cl_rule":"show","col":6,"type":"content","error":false,"pricingType":"custom","isTemplate":false,"is_show_price":true,"show_in_checkout":true,"gt_translate_keys":["label","value"],"price_dependency":false,"cl_dependency":false}],[{"elementId":"separator-2189502245","separatorType":"blank","className":"","height":"3","enableCl":false,"relations":false,"cl_rule":"show","col":6,"type":"separator","error":false,"gt_translate_keys":[],"price_dependency":false,"cl_dependency":false,"value":""}],[{"active":true,"col":6,"relations":false,"cl_rule":"show","enableCl":false,"price":"","enablePrice":true,"className":"","label_position":"default","desc_position":"default","type":"select","required":true,"elementId":"select_5841412719","label":"\u23f3 Trip Duration","name":"select_5841412719","values":[{"label":"3 Hours (2.000\u20ac)","value":"3","selected":false,"tempId":"aco_556","price":"300","gt_translate_keys":["label"]},{"label":"4 Hours (2.500\u20ac)","value":"4","selected":false,"tempId":"aco_557","price":"375","gt_translate_keys":["label"]},{"label":"5 Hours (3.000\u20ac)","value":"5","selected":false,"tempId":"aco_558","price":"450","gt_translate_keys":["label"]},{"label":"6 Hours (3.500\u20ac)","value":"6","selected":false,"tempId":"aco_640","price":"525","gt_translate_keys":["label"]},{"label":"7 Hours (4.000\u20ac)","value":"7","selected":false,"tempId":"aco_650","price":"600","gt_translate_keys":["label"]},{"label":"8 Hours (4.500\u20ac)","value":"8","selected":false,"tempId":"aco_660","price":"675","gt_translate_keys":["label"]}],"dropdown_type":"basic","error":false,"placeholder":"Select Trip Duration","priceOptions":"different_for_all","pricingType":"fixed","gt_translate_keys":["label","placeholder"],"price_dependency":false,"cl_dependency":false,"value":""}],[{"elementId":"separator_665c78ffa8127b","separatorType":"fill","className":"","height":"6","enableCl":false,"relations":false,"cl_rule":"show","col":6,"type":"separator","error":false,"separatorColor":"#66a6b6","gt_translate_keys":[],"price_dependency":false,"cl_dependency":false,"value":""}],[{"active":true,"col":6,"relations":false,"cl_rule":"show","enableCl":false,"price":"({field.select_5841412719.","enablePrice":true,"className":"","label_position":"default","desc_position":"default","type":"content","required":false,"elementId":"content_865c78ffa812c0","label":"Deposit Payment","name":"content_865c78ffa812c0","contentType":"plain","value":"","error":false,"pricingType":"custom","isTemplate":true,"is_show_price":true,"enableDesign":true,"scrollBar":false,"use_as_fee":false,"fee_label":"Payment Now","inline":true,"show_in_checkout":true,"subtype":"div","formulaId":"fmla_1708364241278155361","LabelSize":"14px","gt_translate_keys":["label","value"],"price_dependency":["content-0022143174"],"cl_dependency":false}],[{"contentType":"plain","active":true,"label":"Payment at Arrival","elementId":"content_465c78ffa812c9","value":"","inline":true,"show_in_checkout":true,"name":"content_465c78ffa812c9","enablePrice":true,"className":"","fee_label":"Payment at Arrival","subtype":"div","enableCl":false,"relations":false,"scrollBar":false,"enableDesign":true,"pricingType":"custom","isTemplate":true,"price":"({field.radio-group_965c78ffa8129a.quantity}*22) + ({field.radio-group_865c78ffa812a3.quantity}*11)","use_as_fee":false,"is_show_price":true,"cl_rule":"show","col":6,"type":"content","error":false,"formulaId":"fmla_1708360988969136756","LabelSize":"14px","gt_translate_keys":["label","value"],"price_dependency":["content-0022143174"],"cl_dependency":false}],[{"contentType":"plain","active":true,"label":"Total Price","elementId":"content-0022143174","value":"","inline":true,"show_in_checkout":true,"name":"content-0022143174","enablePrice":true,"className":"","fee_label":"Payment at Arrival","subtype":"div","enableCl":false,"relations":false,"scrollBar":false,"enableDesign":true,"LabelSize":"14px","pricingType":"custom","isTemplate":false,"price":"({field.content_865c78ffa812c0.price}) + ({field.content_465c78ffa812c9.price})","formulaId":"fmla_1708360988969136756","use_as_fee":false,"is_show_price":true,"cl_rule":"show","col":6,"type":"content","error":false,"gt_translate_keys":["label","value"],"price_dependency":false,"cl_dependency":false}]]},"sec_165c78ffa81315":{"extra":{"key":"sec_165c78ffa81315","section_id":"sec_165c78ffa81315","name":"Pickup Location","status":1,"cl_rule":"show","enableCl":false,"relations":[],"toggle":true,"title_tag":"h4","show_title":false,"showPrice":"default","form_id":9607,"form_rules":{"exclude_from_discount":true,"fee_label":"Fee","disp_hide_options_price":true,"disp_show_section_price":false,"disp_show_field_price":true,"layout_option":"standard","pric_use_as_fee":false,"process_fee_as":"woo_fee"},"layout_option":"standard"},"fields":[[{"elementId":"separator_965c78ffa8131e","separatorType":"blank","className":"","height":"3","enableCl":false,"relations":false,"cl_rule":"show","col":6,"type":"separator","error":false,"gt_translate_keys":[],"price_dependency":false,"cl_dependency":false,"value":""}],[{"active":true,"col":6,"relations":[{"operator":false,"rules":[{"operator":"AND","rules":{"cl_field":"radio-group_565c78ffa81208","cl_relation":"is","cl_val":"3 Hour Trip"}}]}],"cl_rule":"show","enableCl":false,"price":"","enablePrice":false,"className":"","label_position":"default","desc_position":"default","type":"select","required":false,"elementId":"select_165c78ffa81221","label":"\u23f0 Departure","name":"select_165c78ffa81221","values":[{"label":"09:00","value":"09:00","selected":false,"tempId":"aco_1471","gt_translate_keys":["label"]},{"label":"10:00","value":"10:00","selected":false,"tempId":"aco_1472","gt_translate_keys":["label"]},{"label":"11:00","value":"11:00","selected":false,"tempId":"aco_1500","gt_translate_keys":["label"]},{"label":"12:00","value":"12:00","selected":false,"tempId":"aco_1510","gt_translate_keys":["label"]},{"label":"13:00 (1:00 PM)","value":"13:00","selected":false,"tempId":"aco_1520","gt_translate_keys":["label"]},{"label":"14:00 (2:00 PM)","value":"14:00","selected":false,"tempId":"aco_1728","gt_translate_keys":["label"]},{"label":"15:00 (3:00 PM)","value":"15:00","selected":false,"tempId":"aco_1738","gt_translate_keys":["label"]},{"label":"16:00 (4:00 PM)","value":"16:00","selected":false,"tempId":"aco_1748","gt_translate_keys":["label"]},{"label":"17:00 (5:00 PM)","value":"17:00","selected":false,"tempId":"aco_1912","gt_translate_keys":["label"]},{"label":"18:00 (6:00 PM)","value":"18:00","selected":false,"tempId":"aco_1922","gt_translate_keys":["label"]}],"dropdown_type":"basic","error":false,"placeholder":"Whichever Time is Best","gt_translate_keys":["label","placeholder"],"price_dependency":false,"cl_dependency":false,"value":""}],[{"elementId":"separator-6457332782","separatorType":"blank","className":"","height":"3","enableCl":false,"relations":false,"cl_rule":"show","col":6,"type":"separator","error":false,"gt_translate_keys":[],"price_dependency":false,"cl_dependency":false,"value":""}],[{"active":true,"col":6,"relations":[{"operator":false,"rules":[{"operator":false,"rules":{"cl_field":"radio-group_565c78ffa81208","cl_relation":"is_not","cl_val":"4.5 Hour Trip from North Tenerife"}}]}],"cl_rule":"show","enableCl":false,"price":"","enablePrice":false,"className":"","label_position":"default","desc_position":"default","type":"text","subtype":"text","required":false,"elementId":"text_565c78ffa81326","label":"\ud83d\ude8c Pickup Location","name":"text_565c78ffa81326","value":"","error":false,"description":"Free pick-up service in Tenerife South. Simply provide your address or hotel name.","repeater":false,"repeater_field_label":"{field_label}","repeater_bind":"","gt_translate_keys":["label","description","value","repeater_field_label"],"price_dependency":false,"cl_dependency":false}]]}},"config":{"price_override":"always","enable_recaptcha":false,"bind_quantity":false,"quantity_bind_formula":false,"disp_summ_show_option_price":true,"disp_summ_show_product_price":false,"disp_summ_show_total_price":false,"disp_summ_show_fee":true,"disp_summ_show_discount":true,"summary_title":"","options_total_label":"Options Price","total_label":"Deposit Amount","options_product_label":"Product Price","fee_label":"Fee","discount_label":"Discount","has_price":true,"has_quantity_formula":false},"mc_unit":1,"tax_rate":1,"tax_rate_real":1,"discount":{"percentage":0,"fixed":0},"design":{"conf":{"LabelPosition":"above","DescPosition":"above","UploadField":"custom_1","QuantityFieldStyle":"custom_1"},"css":{"LeftLabelWidth":"120px"}},"formulas":{"fmla_1708360988969136756":"(({field.select_5841412719.value}>=8)?(3825):(({field.select_5841412719.value}>=7)?(3400):(({field.select_5841412719.value}>=6)?(2975):(({field.select_5841412719.value}>=5)?(2550):(({field.select_5841412719.value}>=4)?(2125):(({field.select_5841412719.value}>=3)?(1700):(0)))))))","fmla_1708364241278155361":"(({field.select_5841412719.value}>=8)?({field.select_5841412719.price}):(({field.select_5841412719.value}>=7)?({field.select_5841412719.price}):(({field.select_5841412719.value}>=6)?({field.select_5841412719.price}):(({field.select_5841412719.value}>=5)?({field.select_5841412719.price}):(({field.select_5841412719.value}>=4)?({field.select_5841412719.price}):(({field.select_5841412719.value}>=3)?({field.select_5841412719.price}):(0)))))))"},"lookuptables":[],"clones":false,"cartKey":false}},"_links":{"self":[{"href":"https:\/\/canaryvip.com\/cs\/wp-json\/wp\/v2\/product\/9324","targetHints":{"allow":["GET"]}}],"collection":[{"href":"https:\/\/canaryvip.com\/cs\/wp-json\/wp\/v2\/product"}],"about":[{"href":"https:\/\/canaryvip.com\/cs\/wp-json\/wp\/v2\/types\/product"}],"replies":[{"embeddable":true,"href":"https:\/\/canaryvip.com\/cs\/wp-json\/wp\/v2\/comments?post=9324"}],"wp:featuredmedia":[{"embeddable":true,"href":"https:\/\/canaryvip.com\/cs\/wp-json\/wp\/v2\/media\/9328"}],"wp:attachment":[{"href":"https:\/\/canaryvip.com\/cs\/wp-json\/wp\/v2\/media?parent=9324"}],"wp:term":[{"taxonomy":"product_brand","embeddable":true,"href":"https:\/\/canaryvip.com\/cs\/wp-json\/wp\/v2\/product_brand?post=9324"},{"taxonomy":"product_cat","embeddable":true,"href":"https:\/\/canaryvip.com\/cs\/wp-json\/wp\/v2\/product_cat?post=9324"},{"taxonomy":"product_tag","embeddable":true,"href":"https:\/\/canaryvip.com\/cs\/wp-json\/wp\/v2\/product_tag?post=9324"}],"curies":[{"name":"wp","href":"https:\/\/api.w.org\/{rel}","templated":true}]}}