{"id":8824,"date":"2024-01-15T13:42:01","date_gmt":"2024-01-15T13:42:01","guid":{"rendered":"https:\/\/canaryvip.com\/?post_type=product&#038;p=8824"},"modified":"2025-09-19T12:00:53","modified_gmt":"2025-09-19T11:00:53","slug":"siam-park-vip-villa","status":"publish","type":"product","link":"https:\/\/canaryvip.com\/cs\/shop\/siam-park-vip-villa\/","title":{"rendered":"VIP vila Siam Park"},"content":{"rendered":"<section class=\"l-section wpb_row height_medium\"><div class=\"l-section-h i-cf\"><div class=\"g-cols vc_row via_flex valign_top type_default stacking_default\"><div class=\"vc_col-sm-12 wpb_column vc_column_container\"><div class=\"vc_column-inner\"><div class=\"wpb_wrapper\"><div class=\"wpb_text_column\"><div class=\"wpb_wrapper\"><h2>\ud83c\udf34 <strong>Z\u00e1\u017eitek z VIP vily v Siam Parku s CanaryVIP<\/strong><\/h2>\n<p>V\u00edtejte na vrcholu luxusu v Siam Parku na Tenerife. Jako o\u00e1za pro milovn\u00edky vody, <strong>Siam Park<\/strong> je proslul\u00fd sv\u00fdmi vzru\u0161uj\u00edc\u00edmi j\u00edzdami a malebnou krajinou. Od adrenalinov\u00fdch <strong>V\u011b\u017e moci<\/strong> do klidn\u00e9ho <strong>\u0158eka Mai Thai,<\/strong>\u00a0vyhov\u00edme ka\u017ed\u00e9mu dobrodruhovi. Pozvedn\u011bte svou n\u00e1v\u0161t\u011bvu d\u00edky exkluzivn\u00edmu z\u00e1\u017eitku ve VIP vile, kde se snoub\u00ed sofistikovanost a vzru\u0161en\u00ed.<\/p>\n<h3><strong>\ud83c\udf1f Luxusn\u00ed vybaven\u00ed VIP vily<\/strong><\/h3>\n<ul>\n<li><strong>Elegance inspirovan\u00e1 thajsk\u00fdm stylem:<\/strong> VIP vila s thajskou eleganc\u00ed nab\u00edz\u00ed klidn\u00e9 a luxusn\u00ed \u00fato\u010di\u0161t\u011b.<\/li>\n<li><strong>Nejvy\u0161\u0161\u00ed komfort:<\/strong> Odpo\u010d\u00edvejte v extravagantn\u00edm prost\u0159ed\u00ed s ply\u0161ov\u00fdmi pohovkami, sprchami na soukrom\u00e9 terase a leh\u00e1tky.<\/li>\n<li><strong>Ru\u010dn\u00edky a vlastn\u00ed sprcha:<\/strong> K dispozici jsou \u010derstv\u00e9 ru\u010dn\u00edky a vlastn\u00ed sprcha pro va\u0161e pohodl\u00ed.<\/li>\n<li><strong>\u0158\u00edzen\u00ed klimatizace:<\/strong> Nejmodern\u011bj\u0161\u00ed ventil\u00e1tory pro udr\u017een\u00ed p\u0159\u00edjemn\u00e9 atmosf\u00e9ry.<\/li>\n<li><strong>Bezpe\u010dn\u00e9 ulo\u017een\u00ed cennost\u00ed:<\/strong> Pro zabezpe\u010den\u00ed va\u0161ich v\u011bc\u00ed je k dispozici bezpe\u010dnostn\u00ed schr\u00e1nka.<\/li>\n<li><strong>Soukrom\u00e1 terasa s leh\u00e1tky:<\/strong> Na exkluzivn\u00ed terase se m\u016f\u017eete opalovat nebo relaxovat ve st\u00ednu.<\/li>\n<li><strong>Osobn\u00ed v\u00ed\u0159ivka:<\/strong> Pono\u0159te se do relaxace ve vlastn\u00ed v\u00ed\u0159ivce, kter\u00e1 je symbolem nejvy\u0161\u0161\u00edho luxusu.<\/li>\n<\/ul>\n<h3><strong>\ud83c\udfa5 Vila Z\u00e1bava a pohodl\u00ed<\/strong><\/h3>\n<ul>\n<li><strong>TV a ob\u00fdvac\u00ed pokoj:<\/strong> Pohodln\u00fd ob\u00fdvac\u00ed pokoj s televiz\u00ed, kde si m\u016f\u017eete vychutnat sv\u00e9 obl\u00edben\u00e9 po\u0159ady.<\/li>\n<li><strong>Dob\u0159e z\u00e1soben\u00fd minibar:<\/strong> V minibaru je k dispozici \u0159ada n\u00e1poj\u016f, kter\u00e9 uspokoj\u00ed ka\u017edou \u017e\u00edze\u0148.<\/li>\n<li><strong>Stravov\u00e1n\u00ed All-Inclusive:<\/strong> V na\u0161ich \u0161pi\u010dkov\u00fdch restaurac\u00edch si m\u016f\u017eete vychutnat rozmanitou nab\u00eddku kulin\u00e1\u0159sk\u00fdch specialit.<\/li>\n<li><strong>N\u00e1poje a zmrzlina:<\/strong> Neomezen\u00fd p\u0159\u00edstup k nealkoholick\u00fdm n\u00e1poj\u016fm, pivu, vod\u011b a zmrzlin\u011b.<\/li>\n<\/ul>\n<h3><strong>\ud83c\udfa2 P\u0159ednostn\u00ed p\u0159\u00edstup na atrakce s VIP Fast Passem:<\/strong><\/h3>\n<ul>\n<li><strong>Celodenn\u00ed Fast Pass:<\/strong> Obejd\u011bte fronty a z\u00edskejte okam\u017eit\u00fd p\u0159\u00edstup ke v\u0161em atrakc\u00edm, abyste si je u\u017eili na maximum.<\/li>\n<\/ul>\n<h3><strong>\ud83c\udf74 All-Inclusive stravov\u00e1n\u00ed a neomezen\u00e9 mno\u017estv\u00ed n\u00e1poj\u016f:<\/strong><\/h3>\n<ul>\n<li><strong>Neomezen\u00fd v\u00fdb\u011br kulin\u00e1\u0159sk\u00fdch specialit:<\/strong> Dop\u0159ejte si all inclusive stravov\u00e1n\u00ed s \u0161irokou nab\u00eddkou v cel\u00e9m parku.<\/li>\n<li><strong>Neomezen\u00e9 mno\u017estv\u00ed n\u00e1poj\u016f:<\/strong> U\u017e\u00edvejte si neomezen\u00fd p\u0159\u00edstup k rozmanit\u00e9 nab\u00eddce n\u00e1poj\u016f zdarma, abyste se osv\u011b\u017eili po celou dobu n\u00e1v\u0161t\u011bvy.<\/li>\n<\/ul>\n<h3><strong>\ud83d\udcb0 V\u00fdjime\u010dn\u00e1 cena a hodnota<\/strong><\/h3>\n<ul>\n<li><strong>Sazba Inclusive:<\/strong> VIP vila je k dispozici za 1215 \u20ac, pojme a\u017e 8 host\u016f a zajist\u00ed soukrom\u00ed a exkluzivitu pro mal\u00e9 i v\u011bt\u0161\u00ed skupiny.<\/li>\n<li><strong>Dal\u0161\u00ed ubytov\u00e1n\u00ed pro hosty:<\/strong> Ve vile se m\u016f\u017ee ubytovat a\u017e 12 host\u016f, za p\u0159\u00edplatek 151 \u20ac za osobu nad r\u00e1mec p\u016fvodn\u00edch osmi osob.<\/li>\n<\/ul>\n<h3><strong>\ud83d\ude8c Pohodln\u00e1 a bezplatn\u00e1 doprava<\/strong><\/h3>\n<ul>\n<li><strong>Cestov\u00e1n\u00ed bez stresu:<\/strong> Vyu\u017eijte bezplatnou autobusovou dopravu Siam Park Bus Service pro snadnou a pohodlnou p\u0159epravu.<\/li>\n<li><strong>Rozs\u00e1hl\u00e1 m\u00edsta vyzvednut\u00ed:<\/strong> V\u00edce m\u00edst vyzvednut\u00ed po cel\u00e9m Tenerife pro snadn\u00fd p\u0159\u00edstup.<\/li>\n<\/ul>\n<h3><strong>\u23f0 Napl\u00e1nujte si n\u00e1v\u0161t\u011bvu<\/strong><\/h3>\n<ul>\n<li><strong>Celoro\u010dn\u00ed dostupnost:<\/strong> Otev\u0159eno v l\u00e9t\u011b (10-18 hodin) a v zim\u011b (10-17 hodin).<\/li>\n<li><strong>V\u00fdhodn\u00e1 poloha:<\/strong> Nach\u00e1z\u00ed se v \u017eiv\u00e9 oblasti Costa Adeje, nab\u00edz\u00ed n\u00e1dhern\u00fd v\u00fdhled a snadnou dostupnost.<\/li>\n<\/ul>\n<h3><b>\u274c Storno podm\u00ednky<\/b><\/h3>\n<ul>\n<li style=\"font-weight: 400;\" aria-level=\"1\"><span style=\"font-weight: 400;\">Host\u00e9, kte\u0159\u00ed zru\u0161\u00ed <\/span><b>nejm\u00e9n\u011b jeden m\u011bs\u00edc p\u0159ed pl\u00e1novanou slu\u017ebou<\/b><span style=\"font-weight: 400;\"> obdr\u017e\u00ed <\/span><b>pln\u00e1 n\u00e1hrada<\/b><span style=\"font-weight: 400;\">.<\/span>&nbsp;<\/li>\n<li style=\"font-weight: 400;\" aria-level=\"1\"><span style=\"font-weight: 400;\">P\u0159edlo\u017een\u00e1 zru\u0161en\u00ed <\/span><b>od jednoho m\u011bs\u00edce do 7 dn\u016f p\u0159edem<\/b><span style=\"font-weight: 400;\"> ke slu\u017eb\u011b podl\u00e9haj\u00ed <\/span><b>60% storno poplatek<\/b><span style=\"font-weight: 400;\">.<\/span>&nbsp;<\/li>\n<li style=\"font-weight: 400;\" aria-level=\"1\"><span style=\"font-weight: 400;\">Proveden\u00e1 zru\u0161en\u00ed <\/span><b>do 7 dn\u016f od pl\u00e1novan\u00e9ho data<\/b><span style=\"font-weight: 400;\"> jsou <\/span><b>nevratn\u00e9<\/b><span style=\"font-weight: 400;\">.<\/span><\/li>\n<\/ul>\n<h3><strong>\ud83d\udd14 V\u00e1\u0161 z\u00e1\u017eitek s CanaryVIP Deluxe<\/strong><\/h3>\n<ul>\n<li><strong>Vstupte do luxusu:<\/strong> Zpest\u0159ete si n\u00e1v\u0161t\u011bvu Siam Parku pobytem ve VIP vile.<\/li>\n<li><strong>Vytv\u00e1\u0159ejte nezapomenuteln\u00e9 okam\u017eiky:<\/strong> Rezervujte si nyn\u00ed a za\u017eijte z\u00e1\u017eitek pln\u00fd velkoleposti, vzru\u0161en\u00ed a nezapomenuteln\u00fdch vzpom\u00ednek.<\/li>\n<\/ul>\n<p>A\u0165 u\u017e slav\u00edte v\u00fdznamn\u00fd miln\u00edk nebo po\u0159\u00e1d\u00e1te speci\u00e1ln\u00ed akci, m\u016f\u017eete si v <strong>VIP vila v Siam Parku Tenerife<\/strong> nab\u00edz\u00ed jedine\u010dnou kombinaci luxusu a exkluzivity. Je ide\u00e1ln\u00ed pro v\u011bt\u0161\u00ed skupiny a kombinuje vzru\u0161uj\u00edc\u00ed atrakce s klidnou relaxac\u00ed.<\/p>\n<p>Zarezervujte si nyn\u00ed u CanaryVIP luxusn\u00ed a nezapomenuteln\u00e9 dobrodru\u017estv\u00ed ve VIP vile Siam Park!<\/p>\n<\/div><\/div><\/div><\/div><\/div><\/div><\/div><\/section>","protected":false},"excerpt":{"rendered":"<p><strong>\ud83d\udd0d Siam Park Villa:<\/strong><br \/>\n\u2705 Bezpe\u010dn\u00e1 platba.<br \/>\n\ud83d\ude80 Celodenn\u00ed VIP Fast Pass.<br \/>\n\ud83d\udc68\u200d\ud83d\udc69\u200d\ud83d\udc66 Cena pro 8 host\u016f.<br \/>\n\ud83d\udc65 Vejde se a\u017e pro 12 osob.<br \/>\n\ud83d\udca6 V\u00ed\u0159ivka na terase.<br \/>\n\ud83d\udd10 V\u010detn\u011b sk\u0159\u00ed\u0148ky a ru\u010dn\u00edk\u016f.<br \/>\n\ud83c\udf54 Neomezen\u00e9 mno\u017estv\u00ed potravin.<br \/>\n\ud83c\udf7a Neomezen\u00e9 mno\u017estv\u00ed nealkoholick\u00fdch n\u00e1poj\u016f a piva.<br \/>\n\ud83e\udd11 Garance nejlep\u0161\u00ed ceny.<br \/>\n\ud83d\ude8d Bezplatn\u00e1 kyvadlov\u00e1 doprava.<br \/>\n\ud83c\udf0d Podpora v n\u011bkolika jazyc\u00edch.<br \/>\n\ud83c\udf1f Rezervujte nyn\u00ed a u\u0161et\u0159ete!<br \/>\n\ud83d\udc32 Objevte <a href=\"https:\/\/canaryvip.com\/cs\/product-category\/tenerife\/theme-parks-tenerife\/siam-park-tickets\/\">v\u0161echny vstupenky na Siam Park zde<\/a>!<br \/>\n\ud83d\udccd Naj\u00edt <a href=\"https:\/\/maps.app.goo.gl\/UfftQG3CrqW5R81r9\">Siam Park na Map\u00e1ch Google<\/a>!<\/p>","protected":false},"featured_media":8825,"comment_status":"open","ping_status":"closed","template":"","meta":{"_acf_changed":false},"product_brand":[],"product_cat":[54,55],"product_tag":[],"class_list":{"0":"post-8824","1":"product","2":"type-product","3":"status-publish","4":"has-post-thumbnail","6":"product_cat-theme-parks","7":"product_cat-siam-park-tickets","8":"wcpa_has_options","10":"first","11":"instock","12":"virtual","13":"purchasable","14":"product-type-simple"},"acf":[],"wcpa_form_fields":{"wcpaData":{"product":{"product_price":1320,"price_html":"From&nbsp;<span class=\"woocommerce-Price-amount amount\"><bdi>1.320,00&nbsp;<span class=\"woocommerce-Price-currencySymbol\">&euro;<\/span><\/bdi><\/span>","original_product_price":1320,"price_including_tax":1320,"price_excluding_tax":1320,"product_id":{"parent":8824,"variation":false},"is_variable":false,"stock_status":"instock","stock_quantity":null,"parent_sku":"CV8824","product_attributes":[],"custom_fields":[],"is_taxable":false,"product_name":"Siam Park VIP Villa","hasImage":false},"fields":{"sec_165dcc0a3c8397":{"extra":{"key":"sec_165dcc0a3c8397","section_id":"sec_165dcc0a3c8397","name":"Default","status":1,"cl_rule":"show","enableCl":false,"relations":[],"toggle":true,"title_tag":"h3","show_title":false,"showPrice":"default","form_id":10124,"form_rules":{"exclude_from_discount":true,"fee_label":"Fee","disp_hide_options_price":true,"disp_show_section_price":false,"disp_show_field_price":true,"layout_option":"standard","pric_use_as_fee":false,"process_fee_as":"woo_fee"},"layout_option":"standard"},"fields":[[{"active":true,"col":6,"relations":false,"cl_rule":"show","enableCl":false,"price":"","enablePrice":false,"className":"","label_position":"default","desc_position":"default","type":"date","required":false,"elementId":"date_1065dcc0a3c83b7","name":"date_1065dcc0a3c83b7","label":"\ud83d\udcc5 Date","picker_type":"custom","picker_mode":"single","error":false,"date_pic_inline":true,"date_pic_inline_hide":true,"min_date":{"type":"days","val":"3"},"max_date":{"type":"days_from_min","val":"500"},"date_pic_conf":{"disabledDates":["2025-05-26 to 2025-05-27","2025-06-01 to 2025-06-04","2025-06-12 to 2025-06-17","2025-06-18 to 2025-06-19","2025-06-20","2025-06-21","2025-06-22","2025-06-23","2025-06-24","2025-06-25","2025-06-26 to 2025-06-27","2025-06-28 to 2025-06-29","2025-07-01 to 2025-07-02","2025-07-03","2025-07-04","2025-07-05","2025-07-06","2025-07-07","2025-07-08","2025-07-09","2025-07-10","2025-07-11","2025-07-12","2025-07-13","2025-07-14","2025-07-15","2025-07-16","2025-07-17","2025-07-18 to 2025-07-25","2025-07-26","2025-07-27","2025-07-28","2025-07-29","2025-07-30","2025-07-31","2025-08-01","2025-08-02","2025-08-03","2025-08-04","2025-08-05 to 2025-08-07","2025-08-08","2025-08-09 to 2025-08-10","2025-08-11 to 2025-08-14","2025-08-15 to 2025-08-16","2025-08-17","2025-08-18","2025-08-21","2025-08-22","2025-08-23","2025-08-24 to 2025-08-26","2025-08-27","2025-08-28 to 2025-08-30","2025-08-31","2025-08-19 to 2025-08-20"]},"isWeightTemplate":false,"isTemplate":false,"min_quantity":"1","quantity_decimal":false,"quantity_step":"1","quantity_label":"Quantity","repeater_field_label":"{field_label}","repeater_bind":"","gt_translate_keys":["label","repeater_field_label","quantity_label"],"price_dependency":false,"cl_dependency":false,"value":""}],[{"active":true,"col":6,"relations":false,"cl_rule":"show","enableCl":false,"price":"","enablePrice":true,"className":"","label_position":"default","desc_position":"default","type":"select","required":false,"elementId":"select_1065dcc0a3c83c4","label":"\ud83d\udc64 Group Size","name":"select_1065dcc0a3c83c4","values":[{"label":"1 Person (1.320\u20ac)","value":"1 Person","selected":false,"tempId":"aco_670","price":"1320","gt_translate_keys":["label"]},{"label":"2 People (1.320\u20ac)","value":"2 People","selected":false,"tempId":"aco_671","price":"1320","gt_translate_keys":["label"]},{"label":"3 People (1.320\u20ac)","value":"3 People","selected":false,"tempId":"aco_672","price":"1320","gt_translate_keys":["label"]},{"label":"4 People (1.320\u20ac)","value":"4 People","selected":false,"tempId":"aco_898","price":"1320","gt_translate_keys":["label"]},{"label":"5 People (1.320\u20ac)","value":"5 People","selected":false,"tempId":"aco_908","price":"1320","gt_translate_keys":["label"]},{"label":"6 People (1.320\u20ac)","value":"6 People","selected":false,"tempId":"aco_1062","price":"1320","gt_translate_keys":["label"]},{"label":"7 People (1.320\u20ac)","value":"7 People","selected":false,"tempId":"aco_2967","price":"1320","gt_translate_keys":["label"]},{"label":"8 People (1.320\u20ac)","value":"8 People","selected":false,"tempId":"aco_3049","price":"1320","gt_translate_keys":["label"]},{"label":"\u2500 Beyond 8 people, each extra person costs \u20ac165 \u2500","value":"\u2500 Beyond 8 people, each extra person costs \u20ac165 \u2500","selected":false,"tempId":"aco_1784","price":"1320","gt_translate_keys":["label"]},{"label":"9 People (1.485\u20ac)","value":"9 People","selected":false,"tempId":"aco_3131","price":"1485","gt_translate_keys":["label"]},{"label":"10 People (1.650\u20ac)","value":"10 People","selected":false,"tempId":"aco_3213","price":"1650","gt_translate_keys":["label"]},{"label":"11 People (1.815\u20ac)","value":"11 People","selected":false,"tempId":"aco_3722","price":"1815","gt_translate_keys":["label"]},{"label":"12 People (1.980\u20ac)","value":"12 People","selected":false,"tempId":"aco_3732","price":"1980","gt_translate_keys":["label"]}],"dropdown_type":"basic","error":false,"placeholder":"None","priceOptions":"different_for_all","pricingType":"fixed","gt_translate_keys":["label","placeholder"],"price_dependency":false,"cl_dependency":false,"value":""}]]}},"config":{"price_override":"always","enable_recaptcha":false,"bind_quantity":false,"quantity_bind_formula":false,"disp_summ_show_option_price":false,"disp_summ_show_product_price":false,"disp_summ_show_total_price":true,"disp_summ_show_fee":false,"disp_summ_show_discount":false,"summary_title":"","options_total_label":"Options Price","total_label":"Total","options_product_label":"Product Price","fee_label":"Fee","discount_label":"Discount","has_price":true,"has_quantity_formula":false},"mc_unit":1,"tax_rate":1,"tax_rate_real":1,"discount":{"percentage":0,"fixed":0},"design":{"conf":{"LabelPosition":"above","DescPosition":"above","UploadField":"custom_1","QuantityFieldStyle":"custom_1"},"css":{"LeftLabelWidth":"120px"}},"formulas":[],"lookuptables":[],"clones":false,"cartKey":false}},"_links":{"self":[{"href":"https:\/\/canaryvip.com\/cs\/wp-json\/wp\/v2\/product\/8824","targetHints":{"allow":["GET"]}}],"collection":[{"href":"https:\/\/canaryvip.com\/cs\/wp-json\/wp\/v2\/product"}],"about":[{"href":"https:\/\/canaryvip.com\/cs\/wp-json\/wp\/v2\/types\/product"}],"replies":[{"embeddable":true,"href":"https:\/\/canaryvip.com\/cs\/wp-json\/wp\/v2\/comments?post=8824"}],"wp:featuredmedia":[{"embeddable":true,"href":"https:\/\/canaryvip.com\/cs\/wp-json\/wp\/v2\/media\/8825"}],"wp:attachment":[{"href":"https:\/\/canaryvip.com\/cs\/wp-json\/wp\/v2\/media?parent=8824"}],"wp:term":[{"taxonomy":"product_brand","embeddable":true,"href":"https:\/\/canaryvip.com\/cs\/wp-json\/wp\/v2\/product_brand?post=8824"},{"taxonomy":"product_cat","embeddable":true,"href":"https:\/\/canaryvip.com\/cs\/wp-json\/wp\/v2\/product_cat?post=8824"},{"taxonomy":"product_tag","embeddable":true,"href":"https:\/\/canaryvip.com\/cs\/wp-json\/wp\/v2\/product_tag?post=8824"}],"curies":[{"name":"wp","href":"https:\/\/api.w.org\/{rel}","templated":true}]}}