{"id":8821,"date":"2024-01-15T13:32:07","date_gmt":"2024-01-15T13:32:07","guid":{"rendered":"https:\/\/canaryvip.com\/?post_type=product&#038;p=8821"},"modified":"2025-09-19T12:00:06","modified_gmt":"2025-09-19T11:00:06","slug":"siam-park-vip-house","status":"publish","type":"product","link":"https:\/\/canaryvip.com\/cs\/shop\/siam-park-vip-house\/","title":{"rendered":"VIP d\u016fm Siam Park"},"content":{"rendered":"<section class=\"l-section wpb_row height_medium\"><div class=\"l-section-h i-cf\"><div class=\"g-cols vc_row via_flex valign_top type_default stacking_default\"><div class=\"vc_col-sm-12 wpb_column vc_column_container\"><div class=\"vc_column-inner\"><div class=\"wpb_wrapper\"><div class=\"wpb_text_column\"><div class=\"wpb_wrapper\"><p>\ud83c\udfdd\ufe0f <strong>Zku\u0161enosti s VIP domem v Siam Parku s CanaryVIP<\/strong><\/p>\n<div class=\"min-h-&#091;20px&#093; text-message flex flex-col items-start gap-3 whitespace-pre-wrap break-words &#091;.text-message+&amp;&#093;:mt-5 overflow-x-auto\" data-message-author-role=\"assistant\" data-message-id=\"8a8a1897-a3c1-4569-9988-c0ed1c1bc6da\">\n<div class=\"markdown prose w-full break-words dark:prose-invert light\">\n<p>V\u00edtejte v Siam Parku, r\u00e1ji pro vodn\u00ed nad\u0161ence na Tenerife. Park je proslul\u00fd sv\u00fdmi vzru\u0161uj\u00edc\u00edmi atrakcemi a malebnou krajinou a nab\u00edz\u00ed dobrodru\u017estv\u00ed jako \u017e\u00e1dn\u00fd jin\u00fd. Od vzru\u0161uj\u00edc\u00edch <strong>V\u011b\u017e moci<\/strong> do klidn\u00e9ho <strong>\u0158eka Mai Thai,<\/strong>\u00a0, ka\u017ed\u00fd milovn\u00edk vzru\u0161en\u00ed si zde najde sv\u016fj z\u00e1\u017eitek. Nyn\u00ed svou n\u00e1v\u0161t\u011bvu pov\u00fd\u0161\u00edte <strong>Exkluzivn\u00ed z\u00e1\u017eitek ve VIP Dom\u011b CanaryVIP,<\/strong>\u00a0kde se luxus snoub\u00ed s dobrodru\u017estv\u00edm.<\/p>\n<h3>\ud83c\udf1f <strong>Vybaven\u00ed Premium VIP House<\/strong><\/h3>\n<ul>\n<li><strong>Thajsk\u00e1 elegance<\/strong>: VIP House je inspirov\u00e1n thajskou estetikou a p\u0159edstavuje o\u00e1zu klidu a luxusu.<\/li>\n<li><strong>\u0160pi\u010dkov\u00fd komfort<\/strong>: Relaxujte stylov\u011b d\u00edky ply\u0161ov\u00fdm pohovk\u00e1m, soukrom\u00fdm sprch\u00e1m na terase a leh\u00e1tk\u016fm.<\/li>\n<li><strong>Ru\u010dn\u00edky a sprcha<\/strong>: V ka\u017ed\u00e9m dom\u011b na v\u00e1s \u010dekaj\u00ed \u010derstv\u00e9 ru\u010dn\u00edky a vlastn\u00ed sprcha pro maxim\u00e1ln\u00ed pohodl\u00ed.<\/li>\n<li><strong>\u0158\u00edzen\u00ed klimatu<\/strong>: Ochlazujte se pomoc\u00ed na\u0161ich nejmodern\u011bj\u0161\u00edch ventil\u00e1tor\u016f.<\/li>\n<li><strong>Zabezpe\u010den\u00ed cennost\u00ed<\/strong>: Sv\u00e9 v\u011bci si m\u016f\u017eete bezpe\u010dn\u011b ulo\u017eit do bezpe\u010dnostn\u00ed schr\u00e1nky.<\/li>\n<li><strong>Terasa s leh\u00e1tky<\/strong>: Vychutnejte si slunce nebo st\u00edn na soukrom\u00e9 terase vybaven\u00e9 pohodln\u00fdmi leh\u00e1tky.<\/li>\n<li><strong>Soukrom\u00e1 terasa s v\u00ed\u0159ivkou<\/strong>: Dop\u0159ejte si dokonalou relaxaci v exkluzivn\u00ed v\u00ed\u0159ivce, kter\u00e1 je korunn\u00edm klenotem komfortu.<\/li>\n<\/ul>\n<h3>\ud83c\udfa5 <strong>Dom\u00e1c\u00ed z\u00e1bava a relaxace<\/strong><\/h3>\n<ul>\n<li><strong>TV a salonek<\/strong>: Odpo\u010di\u0148te si u obl\u00edben\u00fdch po\u0159ad\u016f na na\u0161\u00ed televizi a uvelebte se na pohodln\u00e9 pohovce.<\/li>\n<li><strong>Minibar<\/strong>: V minibaru najdete r\u016fzn\u00e9 n\u00e1poje, kter\u00e9 uhas\u00ed ka\u017edou \u017e\u00edze\u0148.<\/li>\n<li><strong>Slu\u017eba All-inclusive<\/strong>: V na\u0161ich restaurac\u00edch si m\u016f\u017eete vychutnat \u0161irokou nab\u00eddku kulin\u00e1\u0159sk\u00fdch specialit.<\/li>\n<li><strong>N\u00e1poje a zmrzlina<\/strong>: Vychutnejte si neomezenou konzumaci nealkoholick\u00fdch n\u00e1poj\u016f, piva, vody a zmrzliny.<\/li>\n<\/ul>\n<h3>\ud83c\udfa2 <strong>Exkluzivn\u00ed p\u0159\u00edstup s VIP Fast Pass<\/strong><\/h3>\n<ul>\n<li><strong>Celodenn\u00ed Fast Pass<\/strong>: Vyzkou\u0161ejte si okam\u017eit\u00fd p\u0159\u00edstup ke v\u0161em atrakc\u00edm bez \u010dek\u00e1n\u00ed ve front\u011b, co\u017e je\u0161t\u011b umocn\u00ed va\u0161i z\u00e1bavu.<\/li>\n<\/ul>\n<h3>\ud83c\udf74 <strong>Stravov\u00e1n\u00ed a n\u00e1poje all inclusive<\/strong><\/h3>\n<ul>\n<li><strong>Rozs\u00e1hl\u00e9 kulin\u00e1\u0159sk\u00e9 mo\u017enosti<\/strong>: V parku je nep\u0159ebern\u00e9 mno\u017estv\u00ed restaurac\u00ed, kter\u00e9 uspokoj\u00ed v\u0161echny chu\u0165ov\u00e9 bu\u0148ky.<\/li>\n<li><strong>Neomezen\u00e9 mno\u017estv\u00ed n\u00e1poj\u016f<\/strong>: Osv\u011b\u017ete se \u0159adou n\u00e1poj\u016f zdarma.<\/li>\n<\/ul>\n<h3>\ud83d\udcb0 <strong>V\u00fdjime\u010dn\u00e1 cena a hodnota<\/strong><\/h3>\n<\/div>\n<\/div>\n<div class=\"min-h-&#091;20px&#093; text-message flex flex-col items-start gap-3 whitespace-pre-wrap break-words &#091;.text-message+&amp;&#093;:mt-5 overflow-x-auto\" data-message-author-role=\"assistant\" data-message-id=\"cc56ef15-39ff-4986-80a9-f3d468fc7369\">\n<div class=\"markdown prose w-full break-words dark:prose-invert light\">\n<ul>\n<li><strong>Sazba Inclusive<\/strong>: Cena VIP domu je 910 \u20ac a m\u016f\u017ee se v n\u011bm ubytovat a\u017e 6 osob. Tato cena zaji\u0161\u0165uje exkluzivitu a soukrom\u00ed pro mal\u00e9 i v\u011bt\u0161\u00ed skupiny.<\/li>\n<li><strong>Dal\u0161\u00ed flexibilita pro hosty<\/strong>: V dom\u011b se m\u016f\u017ee ubytovat a\u017e 10 osob. Za ka\u017ed\u00e9ho dal\u0161\u00edho hosta nad r\u00e1mec p\u016fvodn\u00edho po\u010dtu \u0161esti osob se \u00fa\u010dtuje p\u0159\u00edplatek 151 \u20ac za osobu.<\/li>\n<\/ul>\n<h3>\ud83d\ude8c <strong>Pohodln\u00e1 a bezplatn\u00e1 doprava<\/strong><\/h3>\n<ul>\n<li><strong>Tranzit bez stresu<\/strong>: Vyu\u017eijte bezplatnou autobusovou linku Siam Park a snadno se dopravte.<\/li>\n<li><strong>Rozs\u00e1hl\u00e9 pokryt\u00ed<\/strong>: V\u00edce m\u00edst pro vyzvednut\u00ed po cel\u00e9m Tenerife pro pohodln\u00fd p\u0159\u00edstup.<\/li>\n<\/ul>\n<h3>\u23f0 <strong>Napl\u00e1nujte si dokonal\u00fd z\u00e1\u017eitek<\/strong><\/h3>\n<ul>\n<li><strong>Celoro\u010dn\u00ed dostupnost<\/strong>: Otev\u0159eno v l\u00e9t\u011b (10-18 hodin) i v zim\u011b (10-17 hodin).<\/li>\n<li><strong>Prvot\u0159\u00eddn\u00ed poloha<\/strong>: Nach\u00e1z\u00ed se v \u017eiv\u00e9 oblasti Costa Adeje, nab\u00edz\u00ed n\u00e1dhern\u00fd v\u00fdhled a snadnou dostupnost.<\/li>\n<\/ul>\n<h3><b>\u274c Storno podm\u00ednky<\/b><\/h3>\n<ul>\n<li style=\"font-weight: 400;\" aria-level=\"1\"><span style=\"font-weight: 400;\">Proveden\u00e1 zru\u0161en\u00ed <\/span><b>30 a v\u00edce dn\u00ed p\u0159ed datem aktivity<\/b><span style=\"font-weight: 400;\"> nebudou ulo\u017eeny \u017e\u00e1dn\u00e9 sankce.<\/span>&nbsp;<\/li>\n<li style=\"font-weight: 400;\" aria-level=\"1\"><span style=\"font-weight: 400;\">Proveden\u00e1 zru\u0161en\u00ed <\/span><b>30 a\u017e 7 dn\u00ed p\u0159ed pl\u00e1novan\u00fdm datem.<\/b><span style=\"font-weight: 400;\"> bude m\u00edt za n\u00e1sledek <\/span><b>N\u00e1pl\u0148 60%<\/b><span style=\"font-weight: 400;\"> \u010d\u00e1stky rezervace.<\/span>&nbsp;<\/li>\n<li style=\"font-weight: 400;\" aria-level=\"1\"><span style=\"font-weight: 400;\">Proveden\u00e1 zru\u0161en\u00ed <\/span><b>m\u00e9n\u011b ne\u017e 7 dn\u00ed p\u0159ed aktivitou<\/b><span style=\"font-weight: 400;\"> bude m\u00edt za n\u00e1sledek <\/span><b>N\u00e1pl\u0148 100%<\/b><span style=\"font-weight: 400;\"> \u010d\u00e1stky rezervace.<\/span><\/li>\n<\/ul>\n<h4>\ud83d\udd14 <strong>Va\u0161e luxusn\u00ed dobrodru\u017estv\u00ed s CanaryVIP<\/strong><\/h4>\n<ul>\n<li><strong>Vstupte do bohatstv\u00ed<\/strong>: Vylep\u0161ete svou n\u00e1v\u0161t\u011bvu Siam Parku pobytem ve VIP House.<\/li>\n<li><strong>Vytv\u00e1\u0159en\u00ed trval\u00fdch vzpom\u00ednek<\/strong>: Rezervujte si nyn\u00ed cestu plnou luxusu, vzru\u0161en\u00ed a nezapomenuteln\u00fdch okam\u017eik\u016f.<\/li>\n<\/ul>\n<\/div>\n<\/div>\n<\/div><\/div><\/div><\/div><\/div><\/div><\/div><\/section>","protected":false},"excerpt":{"rendered":"<p><strong>\ud83d\udd0d Siam Park House:<\/strong><br \/>\n\u2705 Bezpe\u010dn\u00e1 platba.<br \/>\n\ud83d\ude80 Celodenn\u00ed VIP Fast Pass.<br \/>\n\ud83d\udc68\u200d\ud83d\udc69\u200d\ud83d\udc66 Cena pro 6 host\u016f.<br \/>\n\ud83d\udc65 Vejde se do n\u011bj a\u017e 10 osob.<br \/>\n\ud83d\udca6 Soukrom\u00e1 terasa s v\u00ed\u0159ivkou.<br \/>\n\ud83d\udd10 V\u010detn\u011b sk\u0159\u00ed\u0148ky a ru\u010dn\u00edk\u016f.<br \/>\n\ud83c\udf54 Neomezen\u00e9 mno\u017estv\u00ed potravin.<br \/>\n\ud83c\udf7a Neomezen\u00e9 mno\u017estv\u00ed nealkoholick\u00fdch n\u00e1poj\u016f a piva.<br \/>\n\ud83c\udfe0 V\u00edce m\u00edsta? <a href=\"https:\/\/canaryvip.com\/cs\/shop\/siam-park-vip-villa\/\">Prohl\u00e9dn\u011bte si vilu Siam Park<\/a>.<br \/>\n\ud83e\udd11 Garance nejlep\u0161\u00ed ceny.<br \/>\n\ud83d\ude8d Bezplatn\u00e1 kyvadlov\u00e1 doprava.<br \/>\n\ud83c\udf0d Podpora v n\u011bkolika jazyc\u00edch.<br \/>\n\ud83c\udf1f Rezervujte nyn\u00ed a u\u0161et\u0159ete!<br \/>\n\ud83d\udc32 Objevte <a href=\"https:\/\/canaryvip.com\/cs\/product-category\/tenerife\/theme-parks-tenerife\/siam-park-tickets\/\">v\u0161echny vstupenky na Siam Park zde<\/a>!<br \/>\n\ud83d\udccd Naj\u00edt <a href=\"https:\/\/maps.app.goo.gl\/UfftQG3CrqW5R81r9\">Siam Park na Map\u00e1ch Google<\/a>!<\/p>","protected":false},"featured_media":8827,"comment_status":"open","ping_status":"closed","template":"","meta":{"_acf_changed":false},"product_brand":[],"product_cat":[54,55],"product_tag":[],"class_list":{"0":"post-8821","1":"product","2":"type-product","3":"status-publish","4":"has-post-thumbnail","6":"product_cat-theme-parks","7":"product_cat-siam-park-tickets","8":"wcpa_has_options","10":"first","11":"instock","12":"virtual","13":"purchasable","14":"product-type-simple"},"acf":[],"wcpa_form_fields":{"wcpaData":{"product":{"product_price":990,"price_html":"From&nbsp;<span class=\"woocommerce-Price-amount amount\"><bdi>990,00&nbsp;<span class=\"woocommerce-Price-currencySymbol\">&euro;<\/span><\/bdi><\/span>","original_product_price":990,"price_including_tax":990,"price_excluding_tax":990,"product_id":{"parent":8821,"variation":false},"is_variable":false,"stock_status":"instock","stock_quantity":null,"parent_sku":"CV8821","product_attributes":[],"custom_fields":[],"is_taxable":false,"product_name":"Siam Park VIP House","hasImage":false},"fields":{"sec_865dcbfa9364bf":{"extra":{"key":"sec_865dcbfa9364bf","section_id":"sec_865dcbfa9364bf","name":"Default","status":1,"cl_rule":"show","enableCl":false,"relations":[],"toggle":true,"title_tag":"h3","show_title":false,"showPrice":"default","form_id":10123,"form_rules":{"exclude_from_discount":true,"fee_label":"Fee","disp_hide_options_price":true,"disp_show_section_price":false,"disp_show_field_price":true,"layout_option":"standard","pric_use_as_fee":false,"process_fee_as":"woo_fee"},"layout_option":"standard"},"fields":[[{"active":true,"col":6,"relations":false,"cl_rule":"show","enableCl":false,"price":"","enablePrice":false,"className":"","label_position":"default","desc_position":"default","type":"date","required":false,"elementId":"date_565dcbfa9364dd","name":"date_565dcbfa9364dd","label":"\ud83d\udcc5 Date","picker_type":"custom","picker_mode":"single","error":false,"date_pic_inline":true,"date_pic_inline_hide":true,"min_date":{"type":"days","val":"3"},"max_date":{"type":"days_from_min","val":"500"},"date_pic_conf":{"disabledDates":["2024-06-18 to 2024-06-30","2024-07-01 to 2024-08-15","2024-08-16 to 2024-08-20","2024-08-21","2024-08-22 to 2024-08-23","2024-08-24","2024-08-25 to 2024-08-29","2024-08-30","2025-05-26 to 2025-05-29","2025-06-02","2025-06-20","2025-06-21 to 2025-06-24","2025-06-25","2025-06-26 to 2025-06-27","2025-06-30","2025-07-01","2025-07-03","2025-07-04","2025-07-06","2025-07-07 to 2025-07-08","2025-07-09","2025-07-10 to 2025-07-13","2025-07-14 to 2025-07-15","2025-07-16 to 2025-07-17","2025-07-18","2025-07-19","2025-07-20","2025-07-21","2025-07-22","2025-07-23","2025-07-24","2025-07-25","2025-07-26","2025-07-27","2025-07-28 to 2025-07-31","2025-08-01","2025-08-02","2025-08-03","2025-08-04","2025-08-05","2025-08-06","2025-08-07","2025-08-08 to 2025-08-09","2025-08-10","2025-08-11 to 2025-08-12","2025-08-13","2025-08-14","2025-08-15","2025-08-16 to 2025-08-18","2025-08-19","2025-08-20","2025-08-21","2025-08-22","2025-08-23","2025-08-24","2025-08-25","2025-08-26","2025-08-27","2025-08-28 to 2025-08-31","2026-03-31 to 2026-04-11"]},"isWeightTemplate":false,"isTemplate":false,"min_quantity":"1","quantity_decimal":false,"quantity_step":"1","quantity_label":"Quantity","repeater_field_label":"{field_label}","repeater_bind":"","gt_translate_keys":["label","repeater_field_label","quantity_label"],"price_dependency":false,"cl_dependency":false,"value":""}],[{"active":true,"col":6,"relations":false,"cl_rule":"show","enableCl":false,"price":"","enablePrice":true,"className":"","label_position":"default","desc_position":"default","type":"select","required":false,"elementId":"select_965dcbfa9364eb","label":"\ud83d\udc64 Group Size","name":"select_965dcbfa9364eb","values":[{"label":"1 Person (990\u20ac)","value":"1 Person","selected":false,"tempId":"aco_670","price":"990","gt_translate_keys":["label"]},{"label":"2 People (990\u20ac)","value":"2 People","selected":false,"tempId":"aco_671","price":"990","gt_translate_keys":["label"]},{"label":"3 People (990\u20ac)","value":"3 People","selected":false,"tempId":"aco_672","price":"990","gt_translate_keys":["label"]},{"label":"4 People (990\u20ac)","value":"4 People","selected":false,"tempId":"aco_898","price":"990","gt_translate_keys":["label"]},{"label":"5 People (990\u20ac)","value":"5 People","selected":false,"tempId":"aco_908","price":"990","gt_translate_keys":["label"]},{"label":"6 People (990\u20ac)","value":"6 People","selected":false,"tempId":"aco_1062","price":"990","gt_translate_keys":["label"]},{"label":"\u2500 Beyond 6 people, each extra person costs \u20ac165 \u2500","value":"\u2500 Beyond 6 people, each extra person costs \u20ac165 \u2500","selected":false,"tempId":"aco_1784","price":"990","gt_translate_keys":["label"]},{"label":"7 People (1.155\u20ac)","value":"7 People","selected":false,"tempId":"aco_2967","price":"1155","gt_translate_keys":["label"]},{"label":"8 People (1.320\u20ac)","value":"8 People","selected":false,"tempId":"aco_3049","price":"1320","gt_translate_keys":["label"]},{"label":"9 People (1.485\u20ac)","value":"9 People","selected":false,"tempId":"aco_3131","price":"1485","gt_translate_keys":["label"]},{"label":"10 People (1.650\u20ac)","value":"10 People","selected":false,"tempId":"aco_3213","price":"1650","gt_translate_keys":["label"]}],"dropdown_type":"basic","error":false,"placeholder":"None","priceOptions":"different_for_all","pricingType":"fixed","gt_translate_keys":["label","placeholder"],"price_dependency":false,"cl_dependency":false,"value":""}]]}},"config":{"price_override":"always","enable_recaptcha":false,"bind_quantity":false,"quantity_bind_formula":false,"disp_summ_show_option_price":false,"disp_summ_show_product_price":false,"disp_summ_show_total_price":true,"disp_summ_show_fee":false,"disp_summ_show_discount":false,"summary_title":"","options_total_label":"Options Price","total_label":"Total","options_product_label":"Product Price","fee_label":"Fee","discount_label":"Discount","has_price":true,"has_quantity_formula":false},"mc_unit":1,"tax_rate":1,"tax_rate_real":1,"discount":{"percentage":0,"fixed":0},"design":{"conf":{"LabelPosition":"above","DescPosition":"above","UploadField":"custom_1","QuantityFieldStyle":"custom_1"},"css":{"LeftLabelWidth":"120px"}},"formulas":[],"lookuptables":[],"clones":false,"cartKey":false}},"_links":{"self":[{"href":"https:\/\/canaryvip.com\/cs\/wp-json\/wp\/v2\/product\/8821","targetHints":{"allow":["GET"]}}],"collection":[{"href":"https:\/\/canaryvip.com\/cs\/wp-json\/wp\/v2\/product"}],"about":[{"href":"https:\/\/canaryvip.com\/cs\/wp-json\/wp\/v2\/types\/product"}],"replies":[{"embeddable":true,"href":"https:\/\/canaryvip.com\/cs\/wp-json\/wp\/v2\/comments?post=8821"}],"wp:featuredmedia":[{"embeddable":true,"href":"https:\/\/canaryvip.com\/cs\/wp-json\/wp\/v2\/media\/8827"}],"wp:attachment":[{"href":"https:\/\/canaryvip.com\/cs\/wp-json\/wp\/v2\/media?parent=8821"}],"wp:term":[{"taxonomy":"product_brand","embeddable":true,"href":"https:\/\/canaryvip.com\/cs\/wp-json\/wp\/v2\/product_brand?post=8821"},{"taxonomy":"product_cat","embeddable":true,"href":"https:\/\/canaryvip.com\/cs\/wp-json\/wp\/v2\/product_cat?post=8821"},{"taxonomy":"product_tag","embeddable":true,"href":"https:\/\/canaryvip.com\/cs\/wp-json\/wp\/v2\/product_tag?post=8821"}],"curies":[{"name":"wp","href":"https:\/\/api.w.org\/{rel}","templated":true}]}}