{"id":8817,"date":"2024-01-15T12:16:37","date_gmt":"2024-01-15T12:16:37","guid":{"rendered":"https:\/\/canaryvip.com\/?post_type=product&#038;p=8817"},"modified":"2025-09-19T12:01:26","modified_gmt":"2025-09-19T11:01:26","slug":"siam-park-vip-cabin","status":"publish","type":"product","link":"https:\/\/canaryvip.com\/cs\/shop\/siam-park-vip-cabin\/","title":{"rendered":"Siam Park VIP Cabin"},"content":{"rendered":"<section class=\"l-section wpb_row height_medium\"><div class=\"l-section-h i-cf\"><div class=\"g-cols vc_row via_flex valign_top type_default stacking_default\"><div class=\"vc_col-sm-12 wpb_column vc_column_container\"><div class=\"vc_column-inner\"><div class=\"wpb_wrapper\"><div class=\"wpb_text_column\"><div class=\"wpb_wrapper\"><h2><strong>\ud83c\udfdd\ufe0f Siam Park VIP Cabana Experience s CanaryVIP<\/strong><\/h2>\n<p>V\u00edtejte v Siam Park, hlavn\u00edm vodn\u00edm kr\u00e1lovstv\u00ed na Tenerife, kter\u00e9 je proslul\u00e9 sv\u00fdmi vzru\u0161uj\u00edc\u00edmi j\u00edzdami, \u00fa\u017easn\u00fdmi scen\u00e9riemi a dokonal\u00fdm vodn\u00edm dobrodru\u017estv\u00edm. Od adrenalinov\u00fdch <strong>V\u011b\u017e moci<\/strong> k relaxaci <strong>\u0158eka Mai Thai,<\/strong>\u00a0ka\u017ed\u00fd si najde n\u011bco pro sebe. Pono\u0159te se do sv\u011bta, kde se vzru\u0161en\u00ed snoub\u00ed s odpo\u010dinkem, a ud\u011blejte si svou n\u00e1v\u0161t\u011bvu opravdu nezapomenutelnou d\u00edky... <strong>Z\u00e1\u017eitek z VIP Cabana. <\/strong><\/p>\n<p>Zjist\u011bte, pro\u010d je Siam Park tou nejlep\u0161\u00ed destinac\u00ed pro rodinnou z\u00e1bavu, odpo\u010dinek a dobrodru\u017estv\u00ed v tropick\u00e9m r\u00e1ji. Za\u017eijte to nejlep\u0161\u00ed z vodn\u00ed z\u00e1bavy a vytvo\u0159te si vzpom\u00ednky, kter\u00e9 v\u00e1m z\u016fstanou na cel\u00fd \u017eivot.<\/p>\n<h3><strong>\ud83c\udf1f Exkluzivn\u00ed v\u00fdb\u011br Cabana<\/strong><\/h3>\n<ul>\n<li><strong>T\u00e9mata inspirovan\u00e1 Thajskem<\/strong>: Vyberte si Cabana Phuket, Chiang Mai nebo Rataburi, kde najdete klidn\u00e9 \u00fato\u010di\u0161t\u011b inspirovan\u00e9 Thajskem.<\/li>\n<li><strong>Bezkonkuren\u010dn\u00ed pohodl\u00ed<\/strong>: Vychutnejte si ply\u0161ov\u00e9 pohovky, sprchy na soukrom\u00e9 terase a leh\u00e1tka pro maxim\u00e1ln\u00ed relaxaci a luxus.<\/li>\n<li><strong>V\u010detn\u011b ru\u010dn\u00edk\u016f<\/strong>: Ru\u010dn\u00edky si nemus\u00edte balit, jsou pro va\u0161e pohodl\u00ed k dispozici.<\/li>\n<li><strong>Ventil\u00e1tor pro pohodl\u00ed<\/strong>: D\u00edky p\u0159ilo\u017een\u00e9mu ventil\u00e1toru z\u016fsta\u0148te v chladu.<\/li>\n<li><strong>Zabezpe\u010dte sv\u016fj majetek<\/strong>: Pro sv\u016fj klid m\u016f\u017eete vyu\u017e\u00edt bezpe\u010dnostn\u00ed schr\u00e1nku.<\/li>\n<\/ul>\n<h3><strong>\ud83c\udfa5 Z\u00e1bava a pohodl\u00ed v kabin\u011b<\/strong><\/h3>\n<ul>\n<li><strong>TV a DVD p\u0159ehr\u00e1va\u010d<\/strong>: Ka\u017ed\u00e1 kabina je vybavena televiz\u00ed a DVD p\u0159ehr\u00e1va\u010dem pro va\u0161i z\u00e1bavu.<\/li>\n<li><strong>Ob\u010derstven\u00ed po ruce<\/strong>: Minibar s r\u016fzn\u00fdmi n\u00e1poji podle va\u0161ich preferenc\u00ed.<\/li>\n<\/ul>\n<h3><strong>\ud83c\udfa2 P\u0159ednostn\u00ed p\u0159\u00edstup s VIP Fast Passem<\/strong><\/h3>\n<ul>\n<li><strong>Okam\u017eit\u00fd vstup do atrakce<\/strong>: Se speci\u00e1ln\u00edmi n\u00e1ramky pro VIP hosty z\u00edsk\u00e1te okam\u017eit\u00fd p\u0159\u00edstup ke v\u0161em atrakc\u00edm, vyhnete se front\u00e1m a maxim\u00e1ln\u011b si u\u017eijete z\u00e1bavu.<\/li>\n<\/ul>\n<h3>\ud83c\udf74 <strong>Stravov\u00e1n\u00ed a n\u00e1poje all inclusive<\/strong><\/h3>\n<ul>\n<li><strong>Rozmanit\u00e9 mo\u017enosti stravov\u00e1n\u00ed<\/strong>: V parku si m\u016f\u017eete dop\u0159\u00e1t celou \u0159adu kulin\u00e1\u0159sk\u00fdch specialit, kter\u00e9 uspokoj\u00ed v\u0161echny chut\u011b.<\/li>\n<li><strong>Neomezen\u00e9 mno\u017estv\u00ed n\u00e1poj\u016f<\/strong>: Vychutnejte si zdarma nealkoholick\u00e9 n\u00e1poje, pivo, vodu a zmrzlinu, kter\u00e9 v\u00e1m zajist\u00ed hydrataci a spokojenost.<\/li>\n<\/ul>\n<h3><strong>\ud83d\udcb0 V\u00fdjime\u010dn\u00e1 cena a hodnota<\/strong><\/h3>\n<ul>\n<li><strong>Komplexn\u00ed sazba<\/strong>: Cena VIP kabiny je 610 \u20ac a m\u016f\u017ee se v n\u00ed ubytovat 1 a\u017e 4 osoby. A\u0165 u\u017e se jedn\u00e1 o s\u00f3lo dobrodru\u017estv\u00ed nebo skupinu \u010dty\u0159 osob, cena z\u016fst\u00e1v\u00e1 stejn\u00e1 a zaji\u0161\u0165uje exkluzivitu a soukrom\u00ed.<\/li>\n<li><strong>Dal\u0161\u00ed flexibilita pro hosty<\/strong>: Pokud m\u00e1 va\u0161e skupina v\u00edce ne\u017e \u010dty\u0159i hosty, m\u00e1te mo\u017enost p\u0159idat a\u017e 2 dal\u0161\u00ed hosty za 151 \u20ac za ka\u017ed\u00e9ho, co\u017e je univerz\u00e1ln\u00ed pro r\u016fzn\u011b velk\u00e9 skupiny.<\/li>\n<li><strong>Speci\u00e1ln\u00ed letn\u00ed ceny:<\/strong> Tyto ceny si m\u016f\u017eete uzamknout i v ru\u0161n\u00fdch letn\u00edch m\u011bs\u00edc\u00edch \u010dervenci a srpnu.<\/li>\n<li><strong>V\u00fdhoda v\u010dasn\u00e9 rezervace:<\/strong> Vyhn\u011bte se zvy\u0161ov\u00e1n\u00ed cen a rezervujte si ubytov\u00e1n\u00ed ji\u017e nyn\u00ed - zajist\u011bte si dne\u0161n\u00ed cenu pro svou budouc\u00ed n\u00e1v\u0161t\u011bvu!<\/li>\n<\/ul>\n<h3><strong>\ud83d\ude8c Pohodln\u00e1 a bezplatn\u00e1 doprava<\/strong><\/h3>\n<ul>\n<li><strong>Cestov\u00e1n\u00ed bez stresu<\/strong>: Vyu\u017eijte bezplatnou autobusovou dopravu do Siam Parku, kter\u00e1 nab\u00edz\u00ed pravidelnou a pohodlnou dopravu.<\/li>\n<li><strong>\u0160irok\u00e9 pokryt\u00ed<\/strong>: Na Tenerife je n\u011bkolik n\u00e1stupn\u00edch m\u00edst, odkud se snadno dostanete do parku a zp\u011bt.<\/li>\n<\/ul>\n<h3><strong>\u23f0 Napl\u00e1nujte si dokonal\u00fd z\u00e1\u017eitek<\/strong><\/h3>\n<ul>\n<li><strong>Otev\u0159eno po cel\u00fd rok<\/strong>: Letn\u00ed (10:00-18:00), zimn\u00ed (10:00-17:00).<\/li>\n<li><strong>P\u0159\u00edstupn\u00e9 a malebn\u00e9<\/strong>: Nach\u00e1z\u00ed se v \u017eiv\u00e9 oblasti Costa Adeje, kde se snoub\u00ed kr\u00e1sn\u00fd v\u00fdhled se snadnou dostupnost\u00ed.<\/li>\n<\/ul>\n<h3><strong>\ud83d\udd14 Va\u0161e luxusn\u00ed dobrodru\u017estv\u00ed \u010dek\u00e1 s CanaryVIP<\/strong><\/h3>\n<ul>\n<li><strong>Vstupte do luxusu<\/strong>: Zpest\u0159ete si n\u00e1v\u0161t\u011bvu Siam Parku pobytem ve VIP Caban\u011b.<\/li>\n<li><strong>Vytv\u00e1\u0159en\u00ed nezapomenuteln\u00fdch vzpom\u00ednek<\/strong>: Rezervujte si je\u0161t\u011b dnes a vydejte se na cestu plnou luxusu, vzru\u0161en\u00ed a nezapomenuteln\u00fdch okam\u017eik\u016f.<\/li>\n<\/ul>\n<h3><b>\u274c Storno podm\u00ednky<\/b><\/h3>\n<ul>\n<li style=\"font-weight: 400;\" aria-level=\"1\"><span style=\"font-weight: 400;\">Zru\u0161en\u00e9 rezervace <\/span><b>jeden m\u011bs\u00edc nebo d\u00e9le p\u0159ed datem \u010dinnosti<\/b><span style=\"font-weight: 400;\"> nebudou \u00fa\u010dtov\u00e1ny.<\/span>&nbsp;<\/li>\n<li style=\"font-weight: 400;\" aria-level=\"1\"><span style=\"font-weight: 400;\">Zru\u0161en\u00e9 rezervace <\/span><b>od jednoho m\u011bs\u00edce do 7 dn\u016f p\u0159ed<\/b><span style=\"font-weight: 400;\"> budou \u00fa\u010dtov\u00e1ny <\/span><b>60% z celkov\u00e9 \u010d\u00e1stky<\/b><span style=\"font-weight: 400;\">.<\/span>&nbsp;<\/li>\n<li style=\"font-weight: 400;\" aria-level=\"1\"><span style=\"font-weight: 400;\">Zru\u0161en\u00e9 rezervace <\/span><b>m\u00e9n\u011b ne\u017e 7 dn\u00ed p\u0159edem<\/b><span style=\"font-weight: 400;\"> budou \u00fa\u010dtov\u00e1ny <\/span><b>celou \u010d\u00e1stku (100%)<\/b><span style=\"font-weight: 400;\">.<\/span><\/li>\n<\/ul>\n<h3>\ud83c\udf1f Pozvedn\u011bte sv\u00e9 dobrodru\u017estv\u00ed s CanaryVIP<\/h3>\n<p>Zarezervujte si VIP Cabana z\u00e1\u017eitek u CanaryVIP je\u0161t\u011b dnes a zajist\u011bte si, \u017ee va\u0161e n\u00e1v\u0161t\u011bva Siam Park bude luxusn\u00ed a nezapomenuteln\u00e1. U\u017e\u00edvejte si exkluzivn\u00edch v\u00fdhod, p\u0159ednostn\u00edho p\u0159\u00edstupu a v\u00fdjime\u010dn\u00e9ho pohodl\u00ed, d\u00edky nim\u017e bude ka\u017ed\u00fd okam\u017eik va\u0161eho dobrodru\u017estv\u00ed opravdu v\u00fdjime\u010dn\u00fd.<\/p>\n<p>Nenechte si uj\u00edt p\u0159\u00edle\u017eitost vytvo\u0159it si nezapomenuteln\u00e9 vzpom\u00ednky v nejlep\u0161\u00edm vodn\u00edm kr\u00e1lovstv\u00ed na Tenerife. Zajist\u011bte si VIP Cabanu hned te\u010f a vydejte se na dokonalou cestu plnou relaxace, vzru\u0161en\u00ed a luxusu!<\/p>\n<\/div><\/div><\/div><\/div><\/div><\/div><\/div><\/section>","protected":false},"excerpt":{"rendered":"<p><strong>\ud83d\udd0d Siam Park Cabana:<\/strong><br \/>\n\u2705 Bezpe\u010dn\u00e1 platba.<br \/>\n\ud83d\ude80 Celodenn\u00ed VIP Fast Pass.<br \/>\n\ud83d\udc68\u200d\ud83d\udc69\u200d\ud83d\udc66 Cena pro 4 hosty.<br \/>\n\ud83d\udc65 Vejde se do n\u011bj a\u017e 6 osob.<br \/>\n\ud83d\udd10 V\u010detn\u011b sk\u0159\u00ed\u0148ky a ru\u010dn\u00edk\u016f.<br \/>\n\ud83c\udf54 Neomezen\u00e9 mno\u017estv\u00ed potravin.<br \/>\n\ud83c\udf7a Neomezen\u00e9 mno\u017estv\u00ed nealkoholick\u00fdch n\u00e1poj\u016f a piva.<br \/>\n\ud83c\udfe0 V\u00edce m\u00edsta? Pod\u00edvejte se na <a href=\"https:\/\/canaryvip.com\/cs\/shop\/siam-park-vip-house\/\">Siam Park House<\/a>.<br \/>\n\ud83e\udd11 Garance nejlep\u0161\u00ed ceny.<br \/>\n\ud83d\ude8d Bezplatn\u00e1 kyvadlov\u00e1 doprava.<br \/>\n\ud83c\udf0d Podpora v n\u011bkolika jazyc\u00edch.<br \/>\n\ud83c\udf1f Rezervujte nyn\u00ed a u\u0161et\u0159ete!<br \/>\n\ud83d\udc32 Objevte <a href=\"https:\/\/canaryvip.com\/cs\/product-category\/tenerife\/theme-parks-tenerife\/siam-park-tickets\/\">v\u0161echny vstupenky na Siam Park zde<\/a>!<br \/>\n\ud83d\udccd Naj\u00edt <a href=\"https:\/\/maps.app.goo.gl\/UfftQG3CrqW5R81r9\">Siam Park na Map\u00e1ch Google<\/a>!<\/p>","protected":false},"featured_media":8819,"comment_status":"open","ping_status":"closed","template":"","meta":{"_acf_changed":false},"product_brand":[],"product_cat":[55,54],"product_tag":[],"class_list":{"0":"post-8817","1":"product","2":"type-product","3":"status-publish","4":"has-post-thumbnail","6":"product_cat-siam-park-tickets","7":"product_cat-theme-parks","8":"wcpa_has_options","10":"first","11":"instock","12":"virtual","13":"purchasable","14":"product-type-simple"},"acf":[],"wcpa_form_fields":{"wcpaData":{"product":{"product_price":660,"price_html":"From&nbsp;<span class=\"woocommerce-Price-amount amount\"><bdi>660,00&nbsp;<span class=\"woocommerce-Price-currencySymbol\">&euro;<\/span><\/bdi><\/span>","original_product_price":660,"price_including_tax":660,"price_excluding_tax":660,"product_id":{"parent":8817,"variation":false},"is_variable":false,"stock_status":"instock","stock_quantity":null,"parent_sku":"CV8817","product_attributes":[],"custom_fields":[],"is_taxable":false,"product_name":"Siam Park VIP Cabin","hasImage":false},"fields":{"sec_765dcbaa6daedc":{"extra":{"key":"sec_765dcbaa6daedc","section_id":"sec_765dcbaa6daedc","name":"Default","status":1,"cl_rule":"show","enableCl":false,"relations":[],"toggle":true,"title_tag":"h3","show_title":false,"showPrice":"default","form_id":10122,"form_rules":{"exclude_from_discount":true,"fee_label":"Fee","disp_hide_options_price":true,"disp_show_section_price":false,"disp_show_field_price":true,"layout_option":"standard","pric_use_as_fee":false,"process_fee_as":"woo_fee"},"layout_option":"standard"},"fields":[[{"active":true,"col":6,"relations":false,"cl_rule":"show","enableCl":false,"price":"","enablePrice":false,"className":"","label_position":"default","desc_position":"default","type":"date","required":false,"elementId":"date_9651671511","name":"date_9651671511","label":"\ud83d\udcc5 Date","picker_type":"custom","picker_mode":"single","error":false,"date_pic_inline":true,"date_pic_inline_hide":true,"min_date":{"type":"days","val":"3"},"max_date":{"type":"days_from_min","val":"700"},"date_pic_conf":{"disabledDates":["2025-07-01 to 2025-08-31","2025-10-01 to 2025-11-01","2026-04-01","2026-04-02 to 2026-04-07","2026-04-08"],"enabledDates":[]},"isWeightTemplate":false,"isTemplate":false,"min_quantity":"1","quantity_decimal":false,"quantity_step":"1","quantity_label":"Quantity","repeater_field_label":"{field_label}","repeater_bind":"","gt_translate_keys":["label","repeater_field_label","quantity_label"],"price_dependency":false,"cl_dependency":false,"value":""}],[{"active":true,"col":6,"relations":false,"cl_rule":"show","enableCl":false,"price":"","enablePrice":true,"className":"","label_position":"default","desc_position":"default","type":"select","required":false,"elementId":"select_5229375457","label":"\ud83d\udc64 Group Size","name":"select_5229375457","values":[{"label":"1 Person (660\u20ac)","value":"1 Person","selected":false,"tempId":"aco_670","price":"660","gt_translate_keys":["label"]},{"label":"2 People (660\u20ac)","value":"2 People","selected":false,"tempId":"aco_671","price":"660","gt_translate_keys":["label"]},{"label":"3 People (660\u20ac)","value":"3 People","selected":false,"tempId":"aco_672","price":"660","gt_translate_keys":["label"]},{"label":"4 People (660\u20ac)","value":"4 People","selected":false,"tempId":"aco_898","price":"660","gt_translate_keys":["label"]},{"label":"\u2500 Beyond 4 people, each extra person costs \u20ac165 \u2500","value":"\u2500 Beyond 4 people, each extra person costs \u20ac165 \u2500","selected":false,"tempId":"aco_1784","price":"660","gt_translate_keys":["label"]},{"label":"5 People (825\u20ac)","value":"5 People","selected":false,"tempId":"aco_908","price":"825","gt_translate_keys":["label"]},{"label":"6 People (990\u20ac)","value":"6 People","selected":false,"tempId":"aco_1062","price":"990","gt_translate_keys":["label"]}],"dropdown_type":"basic","error":false,"placeholder":"None","priceOptions":"different_for_all","pricingType":"fixed","gt_translate_keys":["label","placeholder"],"price_dependency":false,"cl_dependency":false,"value":""}]]}},"config":{"price_override":"always","enable_recaptcha":false,"bind_quantity":false,"quantity_bind_formula":false,"disp_summ_show_option_price":false,"disp_summ_show_product_price":false,"disp_summ_show_total_price":true,"disp_summ_show_fee":false,"disp_summ_show_discount":false,"summary_title":"","options_total_label":"Options Price","total_label":"Total","options_product_label":"Product Price","fee_label":"Fee","discount_label":"Discount","has_price":true,"has_quantity_formula":false},"mc_unit":1,"tax_rate":1,"tax_rate_real":1,"discount":{"percentage":0,"fixed":0},"design":{"conf":{"LabelPosition":"above","DescPosition":"above","UploadField":"custom_1","QuantityFieldStyle":"custom_1"},"css":{"LeftLabelWidth":"120px"}},"formulas":[],"lookuptables":[],"clones":false,"cartKey":false}},"_links":{"self":[{"href":"https:\/\/canaryvip.com\/cs\/wp-json\/wp\/v2\/product\/8817","targetHints":{"allow":["GET"]}}],"collection":[{"href":"https:\/\/canaryvip.com\/cs\/wp-json\/wp\/v2\/product"}],"about":[{"href":"https:\/\/canaryvip.com\/cs\/wp-json\/wp\/v2\/types\/product"}],"replies":[{"embeddable":true,"href":"https:\/\/canaryvip.com\/cs\/wp-json\/wp\/v2\/comments?post=8817"}],"wp:featuredmedia":[{"embeddable":true,"href":"https:\/\/canaryvip.com\/cs\/wp-json\/wp\/v2\/media\/8819"}],"wp:attachment":[{"href":"https:\/\/canaryvip.com\/cs\/wp-json\/wp\/v2\/media?parent=8817"}],"wp:term":[{"taxonomy":"product_brand","embeddable":true,"href":"https:\/\/canaryvip.com\/cs\/wp-json\/wp\/v2\/product_brand?post=8817"},{"taxonomy":"product_cat","embeddable":true,"href":"https:\/\/canaryvip.com\/cs\/wp-json\/wp\/v2\/product_cat?post=8817"},{"taxonomy":"product_tag","embeddable":true,"href":"https:\/\/canaryvip.com\/cs\/wp-json\/wp\/v2\/product_tag?post=8817"}],"curies":[{"name":"wp","href":"https:\/\/api.w.org\/{rel}","templated":true}]}}