{"id":8688,"date":"2024-01-12T17:20:38","date_gmt":"2024-01-12T16:20:38","guid":{"rendered":"https:\/\/canaryvip.com\/?post_type=product&#038;p=8688"},"modified":"2026-03-06T17:11:19","modified_gmt":"2026-03-06T17:11:19","slug":"loro-parque-tickets","status":"publish","type":"product","link":"https:\/\/canaryvip.com\/cs\/shop\/loro-parque-tickets\/","title":{"rendered":"Koupit vstupenky Loro Parque"},"content":{"rendered":"<h2>\ud83c\udf05 Loro Parque Vstupenky<\/h2>\n<p>Vstupte do okouzluj\u00edc\u00edho sv\u011bta a z\u00edskejte <strong>Vstupenky Loro Parque,<\/strong> r\u00e1j rozmanit\u00e9 divok\u00e9 p\u0159\u00edrody a p\u0159\u00edrodn\u00edch kr\u00e1s, kter\u00fd se nach\u00e1z\u00ed v Puerto de la Cruz na severu Tenerife. Tento proslul\u00fd park nab\u00edz\u00ed jedine\u010dnou kombinaci ochrany p\u0159\u00edrody, vzd\u011bl\u00e1v\u00e1n\u00ed a z\u00e1bavy, tak\u017ee je nep\u0159ehl\u00e9dnutelnou destinac\u00ed pro milovn\u00edky p\u0159\u00edrody i dobrodruhy.<\/p>\n<p>Obdivujte ohromuj\u00edc\u00ed rozmanitost zv\u00ed\u0159at, od majest\u00e1tn\u00edch tygr\u016f po hrav\u00e9 delf\u00edny, a pono\u0159te se do n\u00e1dhern\u011b upraven\u00fdch zahrad a sv\u011b\u017e\u00edho tropick\u00e9ho prost\u0159ed\u00ed. Za\u017eijte dokonal\u00e9 dobrodru\u017estv\u00ed a objevov\u00e1n\u00ed na ka\u017ed\u00e9m kroku a vytvo\u0159te nezapomenuteln\u00e9 vzpom\u00ednky pro n\u00e1v\u0161t\u011bvn\u00edky v\u0161ech v\u011bkov\u00fdch kategori\u00ed.<\/p>\n<p><strong>Koupit vstupenky do Loro Parque<\/strong> p\u0159es CanaryVIP, abyste mohli snadno vstoupit do t\u00e9to \u00fachvatn\u00e9 zoologick\u00e9 zahrady, kde na v\u00e1s \u010dekaj\u00ed divy p\u0159\u00edrody, kter\u00e9 v\u00e1s osln\u00ed a pot\u011b\u0161\u00ed. Vychutnejte si bezprobl\u00e9mov\u00fd z\u00e1\u017eitek a soust\u0159e\u010fte se na vzru\u0161en\u00ed a kr\u00e1su, kterou Loro Parque nab\u00edz\u00ed.<\/p>\n<h3>\ud83c\udfad V\u00fdstavy zv\u00ed\u0159at, kter\u00e9 mus\u00edte vid\u011bt<\/h3>\n<p>Se vstupenkou CanaryVIP m\u016f\u017eete nav\u0161t\u00edvit proslul\u00e1 p\u0159edstaven\u00ed zv\u00ed\u0159at v Loro Parque:<\/p>\n<ul>\n<li><strong>P\u0159ehl\u00eddka kosatek<\/strong>: Sta\u0148te se sv\u011bdky s\u00edly t\u011bchto majest\u00e1tn\u00edch tvor\u016f.<\/li>\n<li><strong>P\u0159ehl\u00eddka delf\u00edn\u016f<\/strong>: Nechte se ohromit hrav\u00fdmi a inteligentn\u00edmi delf\u00edny.<\/li>\n<li><strong>P\u0159ehl\u00eddka mo\u0159sk\u00fdch lv\u016f<\/strong>: U\u017eijte si dov\u00e1d\u011bn\u00ed t\u011bchto okouzluj\u00edc\u00edch zv\u00ed\u0159at.<\/li>\n<li><strong>V\u00fdstava papou\u0161k\u016f<\/strong>: Nechte se oslnit barvami a schopnostmi r\u016fzn\u00fdch druh\u016f papou\u0161k\u016f.<\/li>\n<li><strong>Vize p\u0159\u00edrody<\/strong>: Dvacetiminutov\u00e1 filmov\u00e1 cesta do divo\u010diny.<\/li>\n<\/ul>\n<h3>\ud83d\udc3e Prozkoumejte divy divok\u00e9 p\u0159\u00edrody<\/h3>\n<p>Vydejte se na \u00fachvatnou cestu uprost\u0159ed o\u00e1zy inspirovan\u00e9 Thajskem.<\/p>\n<p><span style=\"text-decoration: underline;\">Za\u017eijte \u00factu k:<\/span><\/p>\n<ul>\n<li>Setk\u00e1n\u00ed s majest\u00e1tn\u00edmi jagu\u00e1ry, lvy a tygry<\/li>\n<li>Pozorov\u00e1n\u00ed s\u00edly goril a p\u016fvabu pand \u010derven\u00fdch<\/li>\n<li>Pot\u011b\u0161en\u00ed z hrav\u00fdch mo\u0159sk\u00fdch lv\u016f<\/li>\n<li>Obdivov\u00e1n\u00ed rozs\u00e1hl\u00e9 \u0161k\u00e1ly v\u00edce ne\u017e 400 druh\u016f papou\u0161k\u016f<\/li>\n<li>Pono\u0159en\u00ed do vodn\u00edch z\u00e1zrak\u016f v n\u00e1dr\u017e\u00edch se \u017eraloky a med\u00fazami<\/li>\n<li>nad\u0161en\u00ed z expon\u00e1t\u016f tu\u010d\u0148\u00e1k\u016f, delf\u00edn\u016f a kosatek.<\/li>\n<\/ul>\n<h4>\ud83d\ude8d Bezplatn\u00e9 autobusov\u00e9 transfery z ji\u017en\u00edho Tenerife<\/h4>\n<p>Vyu\u017eijte na\u0161i snadnou kyvadlovou dopravu z obl\u00edben\u00fdch m\u00edst, jako je Costa Adeje, Playa de las Am\u00e9ricas a Los Cristianos. Pohodln\u011b se usa\u010fte a t\u011b\u0161te se na sv\u00e9 nadch\u00e1zej\u00edc\u00ed dobrodru\u017estv\u00ed, zat\u00edmco my se postar\u00e1me o to, abychom v\u00e1s tam dopravili. Na\u0161e pln\u011b klimatizovan\u00e9 autobusy zajist\u00ed hladkou a p\u0159\u00edjemnou j\u00edzdu a\u017e na m\u00edsto Loro Parque.<\/p>\n<h4>\ud83c\udfab Flexibiln\u00ed mo\u017enosti prodeje vstupenek<\/h4>\n<p>Vstupenku do Loro Parque od CanaryVIP.com m\u016f\u017eete nav\u0161t\u00edvit v libovoln\u00fd den b\u011bhem 6 m\u011bs\u00edc\u016f od data zakoupen\u00ed. U\u017eijte si svobodu napl\u00e1novat si n\u00e1v\u0161t\u011bvu podle vlastn\u00edho uv\u00e1\u017een\u00ed.<\/p>\n<h4>\ud83d\udc6f Speci\u00e1ln\u00ed vstupenka pro dvoj\u010data: Loro Parque + Siam Park<\/h4>\n<p>Maximalizujte sv\u00e9 dobrodru\u017estv\u00ed na Tenerife s na\u0161\u00ed exkluzivn\u00ed <a href=\"https:\/\/canaryvip.com\/cs\/shop\/twin-ticket-siam-park-and-loro-parque\/\">Nab\u00eddka Twin Ticket<\/a>. Vyzkou\u0161ejte si z\u00e1zraky Loro Parque i Siam Park za zv\u00fdhodn\u011bnou cenu. Vychutnejte si vzru\u0161uj\u00edc\u00ed vodn\u00ed atrakce Siam Park a okouzluj\u00edc\u00ed kr\u00e1su expozic divok\u00e9 p\u0159\u00edrody Loro Parque, a to v\u0161e s jednou v\u00fdhodnou vstupenkou. Dva nezapomenuteln\u00e9 z\u00e1\u017eitky za jednu neuv\u011b\u0159itelnou cenu.<\/p>\n<p>Nenechte si uj\u00edt tuto bezkonkuren\u010dn\u00ed nab\u00eddku - po\u0159i\u010fte si Twin Ticket je\u0161t\u011b dnes a vytvo\u0159te si vzpom\u00ednky na cel\u00fd \u017eivot!<\/p>\n<h4>\ud83d\udccdLokalita<\/h4>\n<p>Loro Parque se nach\u00e1z\u00ed v malebn\u00e9 oblasti Puerto de la Cruz na severu Tenerife. Voliteln\u011b je k dispozici doprava z jihu nebo severu Tenerife. <a href=\"https:\/\/www.google.com\/maps\/place\/Loro+Parque\/@28.408541,-16.5661227,15z\/data=!4m6!3m5!1s0xc6a7fc6f1bca7a1:0x2d783f66b7a8b668!8m2!3d28.408541!4d-16.5661227!16zL20vMDhmampn?entry=tts\" target=\"_blank\" rel=\"noopener\">Zkontrolujte adresu na Map\u00e1ch Google<\/a>.<\/p>\n<h4>\ud83c\udf1f Pro\u010d si koupit vstupenky na CanaryVIP.com?<\/h4>\n<p>Pono\u0159te se do okouzluj\u00edc\u00edho sv\u011bta Loro Parque s CanaryVIP, va\u0161\u00ed volbou \u010d\u00edslo jedna pro. <strong>koupit vstupenky do Loro Parque.<\/strong>\u00a0Kdy\u017e se rozhodnete <strong>koupit vstupenky do Loro Parque<\/strong> Prost\u0159ednictv\u00edm slu\u017eby CanaryVIP z\u00edsk\u00e1te nejen snadn\u00fd proces rezervace, ale tak\u00e9 v\u00fdznamnou v\u00fdhodu, \u017ee se vyhnete dlouh\u00fdm front\u00e1m na n\u00e1kup vstupenek v parku.<\/p>\n<p>Na\u0161e jedine\u010dn\u00e9 nab\u00eddky jsou bezkonkuren\u010dn\u00ed a poskytuj\u00ed skv\u011blou cenu a flexibilitu, d\u00edky n\u00ed\u017e m\u016f\u017eete nav\u0161t\u00edvit divy Loro Parque podle vlastn\u00edho pl\u00e1nu. Od sledov\u00e1n\u00ed \u017eiv\u00fdch p\u0159edstaven\u00ed se zv\u00ed\u0159aty a\u017e po p\u0159ibl\u00ed\u017een\u00ed se k majest\u00e1tn\u00edm divok\u00fdm zv\u00ed\u0159at\u016fm nebo prost\u00e9 vst\u0159eb\u00e1v\u00e1n\u00ed \u00fa\u017easn\u00fdch p\u0159\u00edrodn\u00edch scen\u00e9ri\u00ed - rozhodnut\u00ed <strong>koupit vstupenky na Loro Parque od<\/strong>m CanaryVIP je va\u0161\u00ed vstupenkou k bezprobl\u00e9mov\u00e9mu a nezapomenuteln\u00e9mu dobrodru\u017estv\u00ed v srdci r\u00e1je divok\u00e9 p\u0159\u00edrody na Tenerife.<\/p>\n<p><span style=\"text-decoration: underline;\">Rezervujte si sv\u00e9 dobrodru\u017estv\u00ed v Loro Parque je\u0161t\u011b dnes!<\/span><\/p>","protected":false},"excerpt":{"rendered":"<p><strong>\ud83d\udd0d Vstupenky do Loro Parque:<\/strong><br \/>\n\u2705 Bezpe\u010dn\u00e1 platba.<br \/>\n\ud83d\ude80 Rychl\u00fd vstup pro dr\u017eitele pr\u016fkazu.<br \/>\n\ud83d\udd59 Otev\u0159eno od 9:30 do 17:30.<br \/>\n\ud83d\udc2c P\u0159\u00edstup ke v\u0161em po\u0159ad\u016fm.<br \/>\n\ud83e\udd11 Garance nejlep\u0161\u00ed ceny.<br \/>\n\ud83d\ude8d Autobusov\u00e1 doprava k dispozici.<br \/>\n\ud83d\udc6a Slevy pro skupinov\u00e9 rezervace.<br \/>\n\ud83d\udd0d Kontrola <a href=\"https:\/\/canaryvip.com\/wp-content\/uploads\/2024\/01\/Map_ING_LOROPARQUE.pdf\">Loro Parque Mapa<\/a>.<br \/>\n\ud83d\udd01 A\u017e 72h Zru\u0161en\u00ed.<br \/>\n\ud83c\udf0d Podpora v n\u011bkolika jazyc\u00edch.<br \/>\n\ud83c\udf1f Rezervujte nyn\u00ed a u\u0161et\u0159ete!<br \/>\n2\ufe0f\u20e3 Zkontrolujte nab\u00eddku <a href=\"https:\/\/canaryvip.com\/cs\/shop\/buy-twin-ticket-siam-park-and-loro-parque\/\">Siam + Loro Parque<\/a>.<br \/>\n\ud83d\udc32 Objevte <a href=\"https:\/\/canaryvip.com\/cs\/product-category\/tenerife\/theme-parks-tenerife\/loro-parque-tickets\/\">v\u0161echny vstupenky Loro Parque Zde<\/a>!<br \/>\n\ud83d\udccd Naj\u00edt <a href=\"https:\/\/maps.app.goo.gl\/Rt8EAYEVgmkqjJry8\">Loro Parque na Map\u00e1ch Google<\/a>!<\/p>","protected":false},"featured_media":8690,"comment_status":"open","ping_status":"closed","template":"","meta":{"_acf_changed":false},"product_brand":[],"product_cat":[54,56],"product_tag":[],"class_list":{"0":"post-8688","1":"product","2":"type-product","3":"status-publish","4":"has-post-thumbnail","6":"product_cat-theme-parks","7":"product_cat-loro-parque-tickets","8":"wcpa_has_options","10":"first","11":"instock","12":"virtual","13":"purchasable","14":"product-type-simple"},"acf":[],"wcpa_form_fields":{"wcpaData":{"product":{"product_price":44,"price_html":"From&nbsp;<span class=\"woocommerce-Price-amount amount\"><bdi>44,00&nbsp;<span class=\"woocommerce-Price-currencySymbol\">&euro;<\/span><\/bdi><\/span>","original_product_price":44,"price_including_tax":44,"price_excluding_tax":44,"product_id":{"parent":8688,"variation":false},"is_variable":false,"stock_status":"instock","stock_quantity":null,"parent_sku":"CV8688","product_attributes":[],"custom_fields":[],"is_taxable":false,"product_name":"Buy Loro Parque Tickets","hasImage":false},"fields":{"sec_965dc8e939dab8":{"extra":{"key":"sec_965dc8e939dab8","section_id":"sec_965dc8e939dab8","name":"Default","status":1,"cl_rule":"show","enableCl":false,"relations":[],"toggle":true,"title_tag":"h3","show_title":false,"showPrice":"default","form_id":10118,"form_rules":{"exclude_from_discount":true,"fee_label":"Fee","disp_hide_options_price":true,"disp_show_section_price":false,"disp_show_field_price":true,"layout_option":"standard","pric_use_as_fee":false,"process_fee_as":"woo_fee"},"layout_option":"standard"},"fields":[[{"active":true,"col":6,"relations":false,"cl_rule":"show","enableCl":false,"price":"","enablePrice":false,"className":"","label_position":"default","desc_position":"default","type":"radio-group","required":false,"elementId":"radio_9896791015","label":"\ud83c\udf1f Type of Ticket","name":"radio_9896791015","values":[{"label":"Regular Tickets (44\u20ac)","value":"Regular Tickets","selected":false,"tempId":"aco_1071","description":"Regular Admission Tickets.","gt_translate_keys":["label","description"]},{"label":" All Inclusive Tickets (132\u20ac)","value":"All Inclusive Tickets","selected":false,"tempId":"aco_1072","description":"VIP admission with all-inclusive access: entry, Loro Parque cap, Loro Explore experience, reserved VIP seating at shows, and unlimited food and drinks at restaurants (excluding Gambian Market, shops, and bazaars).","gt_translate_keys":["label","description"]}],"layOut":"","error":false,"checkUi":"toggle","options_description":true,"gt_translate_keys":["label"],"price_dependency":false,"cl_dependency":[false,false,false],"value":""}]]},"sec_465dc8e939dadd":{"extra":{"key":"sec_465dc8e939dadd","section_id":"sec_465dc8e939dadd","name":"Loro Parque Regular Tickets","status":1,"cl_rule":"show","enableCl":true,"relations":[{"operator":false,"rules":[{"operator":"AND","rules":{"cl_field":"radio_9896791015","cl_relation":"is","cl_val":"Regular Tickets"}}]}],"toggle":true,"title_tag":"h4","show_title":false,"showPrice":"default","form_id":10118,"form_rules":{"exclude_from_discount":true,"fee_label":"Fee","disp_hide_options_price":true,"disp_show_section_price":false,"disp_show_field_price":true,"layout_option":"standard","pric_use_as_fee":false,"process_fee_as":"woo_fee"},"layout_option":"standard"},"fields":[[{"label":"\ud83d\udcc5 Date","active":true,"required":true,"elementId":"date_165dc8e939daea","picker_type":"custom","picker_mode":"single","placeholder":"","description":"","tooltip":"","name":"date_165dc8e939daea","label_position":"default","desc_position":"default","enablePrice":false,"className":"","enableCl":false,"relations":[{"operator":"and","rules":[{"operator":"AND","rules":{"cl_field":"radio-group_765dc8e939dadb","cl_relation":"is","cl_val":"3 Hour Trip"}}]}],"date_pic_inline":true,"date_pic_inline_hide":true,"min_date":{"type":"days","val":"0"},"max_date":{"type":"days","val":"365"},"date_pic_conf":{"disabledWeeks":[]},"price":"","cl_rule":"show","col":6,"type":"date","error":false,"enableDesign":false,"LabelColor":"","gt_translate_keys":["label","placeholder","description","tooltip"],"price_dependency":false,"cl_dependency":false,"value":""}],[{"elementId":"separator-8941951695","separatorType":"blank","className":"","height":"10","enableCl":false,"relations":false,"cl_rule":"show","col":6,"type":"separator","gt_translate_keys":[],"price_dependency":false,"cl_dependency":false,"value":""}],[{"active":true,"col":6,"relations":false,"cl_rule":"show","enableCl":false,"price":"","enablePrice":false,"className":"","label_position":"default","desc_position":"default","type":"content","required":false,"elementId":"content_1065dc8e939db00","label":"People","name":"content_1065dc8e939db00","contentType":"plain","value":"","error":false,"show_in_checkout":true,"inline":false,"gt_translate_keys":["label","value"],"price_dependency":false,"cl_dependency":false}],[{"active":true,"col":6,"relations":[{"operator":false,"rules":[{"operator":"AND","rules":{"cl_field":"","cl_relation":"","cl_val":""}}]}],"cl_rule":"show","enableCl":true,"price":"44","enablePrice":true,"className":"","label_position":"default","desc_position":"default","type":"radio-group","required":false,"elementId":"radio-group_1065dc8e939db0b","label":"","name":"radio-group_1065dc8e939db0b","values":[{"label":"\ud83d\udc64 Adult (44\u20ac)","value":"Adult (42\u20ac)","selected":true,"tempId":"aco_32","tooltip":"+12 Years","description":"","gt_translate_keys":["label","tooltip","description"]}],"layOut":"","error":false,"checkUi":"button","priceOptions":"fixed_for_all","pricingType":"fixed","enable_quantity":true,"quantity_label":"","min_quantity":"0","options_tooltip":true,"options_description":true,"gt_translate_keys":["label","quantity_label"],"price_dependency":false,"cl_dependency":false,"value":""}],[{"label":"","active":true,"required":false,"elementId":"radio-group_465dc8e939db16","name":"radio-group_465dc8e939db16","label_position":"default","desc_position":"default","enablePrice":true,"className":"","enableCl":false,"relations":false,"enable_quantity":true,"quantity_label":"","min_quantity":"0","checkUi":"button","layOut":"","values":[{"label":"\ud83d\udc66 Child (32\u20ac)","value":"Child","selected":true,"tempId":"aco_32","tooltip":"3-11 Years","description":"","gt_translate_keys":["label","tooltip","description"]}],"priceOptions":"fixed_for_all","pricingType":"fixed","price":"32","cl_rule":"show","col":6,"type":"radio-group","error":false,"options_tooltip":true,"options_description":true,"gt_translate_keys":["label","quantity_label"],"price_dependency":false,"cl_dependency":false,"value":""}],[{"label":"","active":true,"required":false,"elementId":"radio-group_165dc8e939db20","name":"radio-group_165dc8e939db20","label_position":"default","desc_position":"default","enablePrice":true,"className":"","enableCl":false,"relations":false,"enable_quantity":true,"quantity_label":"","min_quantity":"0","checkUi":"button","layOut":"","values":[{"label":"\ud83d\udc76 Toddler (Free)","value":"Toddler (Free)","selected":true,"tempId":"aco_32","tooltip":"0-2 Years","gt_translate_keys":["label","tooltip"]}],"priceOptions":"fixed_for_all","pricingType":"fixed","price":"0","cl_rule":"show","col":6,"type":"radio-group","error":false,"options_tooltip":true,"gt_translate_keys":["label","quantity_label"],"price_dependency":false,"cl_dependency":false,"value":""}]]},"sec_h18121qk243":{"extra":{"key":"sec_h18121qk243","section_id":"sec_h18121qk243","name":"Loro Parque All Inclusive","status":1,"cl_rule":"show","enableCl":true,"relations":[{"operator":false,"rules":[{"operator":"AND","rules":{"cl_field":"radio_9896791015","cl_relation":"is","cl_val":"All Inclusive Tickets"}}]}],"toggle":true,"title_tag":"h4","show_title":false,"showPrice":"default","form_id":10118,"form_rules":{"exclude_from_discount":true,"fee_label":"Fee","disp_hide_options_price":true,"disp_show_section_price":false,"disp_show_field_price":true,"layout_option":"standard","pric_use_as_fee":false,"process_fee_as":"woo_fee"},"layout_option":"standard"},"fields":[[{"label":"\ud83d\udcc5 Date","active":true,"required":true,"elementId":"date-2207631932","picker_type":"custom","picker_mode":"single","placeholder":"","description":"","tooltip":"","name":"date-2207631932","label_position":"default","desc_position":"default","enablePrice":false,"className":"","enableCl":false,"relations":[{"operator":"and","rules":[{"operator":"AND","rules":{"cl_field":"radio-group_765dc8e939dadb","cl_relation":"is","cl_val":"3 Hour Trip"}}]}],"enableDesign":false,"LabelColor":"","date_pic_inline":true,"date_pic_inline_hide":true,"min_date":{"type":"days","val":"4"},"max_date":{"type":"days","val":"365"},"date_pic_conf":{"disabledWeeks":[]},"price":"","cl_rule":"show","col":6,"type":"date","error":false,"gt_translate_keys":["label","placeholder","description","tooltip"],"price_dependency":false,"cl_dependency":false,"value":""}],[{"elementId":"separator-2207641933","separatorType":"blank","className":"","height":"10","enableCl":false,"relations":false,"cl_rule":"show","col":6,"type":"separator","gt_translate_keys":[],"price_dependency":false,"cl_dependency":false,"value":""}],[{"contentType":"plain","active":true,"label":"People","elementId":"content-2207641934","value":"","inline":false,"show_in_checkout":true,"name":"content-2207641934","enablePrice":false,"className":"","enableCl":false,"relations":false,"price":"","cl_rule":"show","col":6,"type":"content","gt_translate_keys":["label","value"],"price_dependency":false,"cl_dependency":false}],[{"label":"","active":true,"required":false,"elementId":"radio-group-2207641935","name":"radio-group-2207641935","label_position":"default","desc_position":"default","enablePrice":true,"className":"","enableCl":true,"relations":[{"operator":false,"rules":[{"operator":"AND","rules":{"cl_field":"","cl_relation":"","cl_val":""}}]}],"enable_quantity":true,"quantity_label":"","min_quantity":"0","checkUi":"button","layOut":"","options_tooltip":true,"options_description":true,"values":[{"label":"\ud83d\udc64 Adult or Child (132\u20ac)","value":"Adult","selected":true,"tempId":"aco_32","tooltip":"Equal pricing for adults and children.","description":"","gt_translate_keys":["label","tooltip","description"]}],"priceOptions":"fixed_for_all","pricingType":"fixed","price":"132","cl_rule":"show","col":6,"type":"radio-group","error":false,"gt_translate_keys":["label","quantity_label"],"price_dependency":false,"cl_dependency":false,"value":""}],[{"label":"","active":true,"required":false,"elementId":"radio-group-2207641937","name":"radio-group-2207641937","label_position":"default","desc_position":"default","enablePrice":true,"className":"","enableCl":false,"relations":false,"enable_quantity":true,"quantity_label":"","min_quantity":"0","checkUi":"button","layOut":"","options_tooltip":true,"values":[{"label":"\ud83d\udc76 Toddler (Free)","value":"Toddler (Free)","selected":true,"tempId":"aco_32","tooltip":"0-1 Years","gt_translate_keys":["label","tooltip"]}],"priceOptions":"fixed_for_all","pricingType":"fixed","price":"0","cl_rule":"show","col":6,"type":"radio-group","error":false,"gt_translate_keys":["label","quantity_label"],"price_dependency":false,"cl_dependency":false,"value":""}]]},"sec_1065dc8e939db8c":{"extra":{"key":"sec_1065dc8e939db8c","section_id":"sec_1065dc8e939db8c","name":"Transfer from South Tenerife?","status":1,"cl_rule":"show","enableCl":true,"relations":[{"operator":false,"rules":[{"operator":"AND","rules":{"cl_field":"radio_9896791015","cl_relation":"is_not_empty","cl_val":""}}]}],"toggle":true,"title_tag":"h4","show_title":false,"showPrice":"default","form_id":10118,"form_rules":{"exclude_from_discount":true,"fee_label":"Fee","disp_hide_options_price":true,"disp_show_section_price":false,"disp_show_field_price":true,"layout_option":"standard","pric_use_as_fee":false,"process_fee_as":"woo_fee"},"layout_option":"standard"},"fields":[[{"active":true,"col":6,"relations":false,"cl_rule":"show","enableCl":false,"price":"","enablePrice":false,"className":"","label_position":"default","desc_position":"default","type":"separator","required":false,"elementId":"separator_465dc8e939db96","label":"Separator Field","height":"10","separatorType":"blank","gt_translate_keys":["label"],"price_dependency":false,"cl_dependency":false,"value":""}],[{"active":true,"col":6,"relations":false,"cl_rule":"show","enableCl":false,"price":"","enablePrice":false,"className":"","label_position":"default","desc_position":"default","type":"checkbox-group","required":false,"elementId":"checkbox-group_565dc8e939dba0","label":"","name":"checkbox-group_565dc8e939dba0","values":[{"label":"Transfer from South Tenerife?","value":"Transfer from South Tenerife?","selected":false,"tempId":"aco_4311","description":"Need transport to Loro Parque from South Tenerife? Book our daily pickup from Costa Adeje and Los Cristianos. For Alcal\u00e1, Abama & Los Gigantes: pickup only on Mon, Wed, Thu & Sat. From Golf del Sur: only on Tue & Fri.","gt_translate_keys":["label","description"]}],"options_description":true,"error":false,"layOut":"","checkUi":"toggle","gt_translate_keys":["label"],"price_dependency":false,"cl_dependency":["radio-group_965dc8e939dbaa","radio-group_565dc8e939dbb4","radio-group_065dc8e939dbbe","text_2798566491"],"value":""}],[{"label":"","active":true,"required":false,"elementId":"radio-group_965dc8e939dbaa","name":"radio-group_965dc8e939dbaa","label_position":"default","desc_position":"default","enablePrice":true,"className":"","enableCl":true,"relations":[{"operator":false,"rules":[{"operator":"AND","rules":{"cl_field":"checkbox-group_565dc8e939dba0","cl_relation":"is_not_empty","cl_val":""}}]}],"enable_quantity":true,"quantity_label":"","min_quantity":"0","checkUi":"button","layOut":"","options_tooltip":true,"values":[{"label":"\ud83d\udc64 Adult (21\u20ac)","value":"Adult","selected":true,"tempId":"aco_32","tooltip":"+12 Years","gt_translate_keys":["label","tooltip"]}],"priceOptions":"fixed_for_all","pricingType":"fixed","price":"21","cl_rule":"show","col":6,"type":"radio-group","error":false,"gt_translate_keys":["label","quantity_label"],"price_dependency":false,"cl_dependency":false,"value":""}],[{"label":"","active":true,"required":false,"elementId":"radio-group_565dc8e939dbb4","name":"radio-group_565dc8e939dbb4","label_position":"default","desc_position":"default","enablePrice":true,"className":"","enableCl":true,"relations":[{"operator":false,"rules":[{"operator":"AND","rules":{"cl_field":"checkbox-group_565dc8e939dba0","cl_relation":"is_not_empty","cl_val":""}}]}],"enable_quantity":true,"quantity_label":"","min_quantity":"0","checkUi":"button","layOut":"","options_tooltip":true,"values":[{"label":"\ud83d\udc66 Child (17\u20ac)","value":"Child","selected":true,"tempId":"aco_32","tooltip":"2-11 Years","gt_translate_keys":["label","tooltip"]}],"priceOptions":"fixed_for_all","pricingType":"fixed","price":"17","cl_rule":"show","col":6,"type":"radio-group","error":false,"gt_translate_keys":["label","quantity_label"],"price_dependency":false,"cl_dependency":false,"value":""}],[{"label":"","active":true,"required":false,"elementId":"radio-group_065dc8e939dbbe","name":"radio-group_065dc8e939dbbe","label_position":"default","desc_position":"default","enablePrice":true,"className":"","enableCl":true,"relations":[{"operator":false,"rules":[{"operator":"AND","rules":{"cl_field":"checkbox-group_565dc8e939dba0","cl_relation":"is_not_empty","cl_val":""}}]}],"enable_quantity":true,"quantity_label":"","min_quantity":"0","checkUi":"button","layOut":"","options_tooltip":true,"values":[{"label":"\ud83d\udc76 Infant (Free)","value":"Infant (Free)","selected":true,"tempId":"aco_32","tooltip":"0-1 Years","gt_translate_keys":["label","tooltip"]}],"priceOptions":"fixed_for_all","pricingType":"fixed","price":"0","cl_rule":"show","col":6,"type":"radio-group","error":false,"gt_translate_keys":["label","quantity_label"],"price_dependency":false,"cl_dependency":false,"value":""}],[{"active":true,"col":6,"relations":[{"operator":false,"rules":[{"operator":"AND","rules":{"cl_field":"checkbox-group_565dc8e939dba0","cl_relation":"is_not_empty","cl_val":""}}]}],"cl_rule":"show","enableCl":true,"price":"","enablePrice":false,"className":"","label_position":"default","desc_position":"default","type":"text","subtype":"text","required":false,"elementId":"text_2798566491","label":"\ud83d\ude8c Pickup Location","name":"text_2798566491","value":"","error":false,"description":"Pick-up service in South Tenerife. Simply provide your address or hotel name.","gt_translate_keys":["label","description","value"],"price_dependency":false,"cl_dependency":false}]]}},"config":{"price_override":"if_gt_zero","enable_recaptcha":false,"bind_quantity":false,"quantity_bind_formula":false,"disp_summ_show_option_price":true,"disp_summ_show_product_price":false,"disp_summ_show_total_price":true,"disp_summ_show_fee":true,"disp_summ_show_discount":true,"summary_title":"","options_total_label":"Options Price","total_label":"Total Amount","options_product_label":"Product Price","fee_label":"Fee","discount_label":"Discount","has_price":true,"has_quantity_formula":false},"mc_unit":1,"tax_rate":1,"tax_rate_real":1,"discount":{"percentage":0,"fixed":0},"design":{"conf":{"LabelPosition":"above","DescPosition":"above","UploadField":"custom_1","QuantityFieldStyle":"custom_1"},"css":{"LeftLabelWidth":"120px"}},"formulas":[],"lookuptables":[],"clones":false,"cartKey":false}},"_links":{"self":[{"href":"https:\/\/canaryvip.com\/cs\/wp-json\/wp\/v2\/product\/8688","targetHints":{"allow":["GET"]}}],"collection":[{"href":"https:\/\/canaryvip.com\/cs\/wp-json\/wp\/v2\/product"}],"about":[{"href":"https:\/\/canaryvip.com\/cs\/wp-json\/wp\/v2\/types\/product"}],"replies":[{"embeddable":true,"href":"https:\/\/canaryvip.com\/cs\/wp-json\/wp\/v2\/comments?post=8688"}],"wp:featuredmedia":[{"embeddable":true,"href":"https:\/\/canaryvip.com\/cs\/wp-json\/wp\/v2\/media\/8690"}],"wp:attachment":[{"href":"https:\/\/canaryvip.com\/cs\/wp-json\/wp\/v2\/media?parent=8688"}],"wp:term":[{"taxonomy":"product_brand","embeddable":true,"href":"https:\/\/canaryvip.com\/cs\/wp-json\/wp\/v2\/product_brand?post=8688"},{"taxonomy":"product_cat","embeddable":true,"href":"https:\/\/canaryvip.com\/cs\/wp-json\/wp\/v2\/product_cat?post=8688"},{"taxonomy":"product_tag","embeddable":true,"href":"https:\/\/canaryvip.com\/cs\/wp-json\/wp\/v2\/product_tag?post=8688"}],"curies":[{"name":"wp","href":"https:\/\/api.w.org\/{rel}","templated":true}]}}