{"id":16530,"date":"2026-01-17T17:42:14","date_gmt":"2026-01-17T17:42:14","guid":{"rendered":"https:\/\/canaryvip.com\/?post_type=product&#038;p=16530"},"modified":"2026-02-03T12:44:44","modified_gmt":"2026-02-03T12:44:44","slug":"bubble-room-experience-in-tenerife-with-private-jacuzzi","status":"publish","type":"product","link":"https:\/\/canaryvip.com\/cs\/shop\/bubble-room-experience-in-tenerife-with-private-jacuzzi\/","title":{"rendered":"Z\u00e1\u017eitek z bublinkov\u00e9 m\u00edstnosti na Tenerife se soukromou v\u00ed\u0159ivkou"},"content":{"rendered":"<h2><strong>\u2728 Romantick\u00e1 noc uprost\u0159ed p\u0159\u00edrody a s v\u00fdhledem na oce\u00e1n<\/strong><\/h2>\n<p>Vychutnejte si opravdu odli\u0161n\u00fd pobyt s t\u00edmto <strong>z\u00e1\u017eitek z bublinkov\u00e9ho pokoje na Tenerife<\/strong>, ur\u010den\u00fd pro p\u00e1ry, kter\u00e9 cht\u011bj\u00ed m\u00edt soukrom\u00ed, pohodl\u00ed a zvl\u00e1\u0161tn\u00ed atmosf\u00e9ru. Tento exkluzivn\u00ed z\u00e1\u017eitek nab\u00edz\u00ed <strong>jedna noc pro dv\u011b osoby<\/strong> v pr\u016fhledn\u00e9m bublinkov\u00e9m apartm\u00e1 s <strong>soukrom\u00e1 v\u00ed\u0159ivka<\/strong>, panoramatick\u00fd v\u00fdhled na oce\u00e1n a naprost\u00e9 spojen\u00ed s p\u0159\u00edrodou.<\/p>\n<p>Tento hotel se nach\u00e1z\u00ed v klidn\u00e9 \u010d\u00e1sti ostrova. <strong>bublinkov\u00fd z\u00e1\u017eitek Tenerife<\/strong> je ide\u00e1ln\u00ed, pokud hled\u00e1te n\u011bco romantick\u00e9ho, intimn\u00edho a nezapomenuteln\u00e9ho.<\/p>\n<h3><strong>\u2b50 Jedine\u010dn\u00fd pobyt v bublinkov\u00e9m pokoji na Tenerife<\/strong><\/h3>\n<p>Tato bublinkov\u00e1 apartm\u00e1 jsou ur\u010dena pro hosty, kte\u0159\u00ed cht\u011bj\u00ed v\u00edc ne\u017e b\u011b\u017enou hotelovou noc. Span\u00ed pod hv\u011bzdami se 180\u00b0 v\u00fdhledem na oce\u00e1n a okoln\u00ed ostrovy \u010din\u00ed tento z\u00e1\u017eitek skute\u010dn\u011b v\u00fdjime\u010dn\u00fdm.<\/p>\n<ul>\n<li>Exkluzivn\u00ed bublinkov\u00e1 sada <strong>25 m\u00b2<\/strong>.<\/li>\n<li>Ur\u010deno pro <strong>2 osoby<\/strong>.<\/li>\n<li><strong>Soukrom\u00e1 v\u00ed\u0159ivka<\/strong> v\u010detn\u011b.<\/li>\n<li>Soukrom\u00e1 venkovn\u00ed balijsk\u00e1 postel.<\/li>\n<li>Panoramatick\u00fd v\u00fdhled na oce\u00e1n a okoln\u00ed ostrovy.<\/li>\n<li>Kulat\u00e1 postel a intimn\u00ed atmosf\u00e9ra.<\/li>\n<\/ul>\n<p>Je to ide\u00e1ln\u00ed volba pro p\u00e1ry, kter\u00e9 hledaj\u00ed <strong>bublinkov\u00fd pokoj Tenerife<\/strong> kter\u00fd je soukrom\u00fd, klidn\u00fd a odli\u0161n\u00fd od v\u0161ech ostatn\u00edch na ostrov\u011b.<\/p>\n<h3><strong>\ud83d\udcab Pohodl\u00ed, soukrom\u00ed a promy\u0161len\u00e9 detaily<\/strong><\/h3>\n<p>V ka\u017ed\u00e9m pokoji s bublinami najdete v\u0161e pot\u0159ebn\u00e9 pro pohodln\u00fd a relaxa\u010dn\u00ed pobyt.<\/p>\n<ul>\n<li>Vlastn\u00ed koupelna v apartm\u00e1.<\/li>\n<li>Klimatizace.<\/li>\n<li>Televize.<\/li>\n<li>WiFi a internet.<\/li>\n<li>Ru\u010dn\u00edky a f\u00e9n.<\/li>\n<li>Vybaven\u00ed koupelny.<\/li>\n<li>Lednice uvnit\u0159 pokoje.<\/li>\n<\/ul>\n<p>Host\u00e9 maj\u00ed tak\u00e9 p\u0159\u00edstup do sd\u00edlen\u00fdch prostor, kter\u00e9 dopl\u0148uj\u00ed z\u00e1\u017eitek:<\/p>\n<ul>\n<li>Pl\u00e1\u017eov\u00fd baz\u00e9n ve stylu Infinity.<\/li>\n<li>Spole\u010dn\u00e1 kuchy\u0148ka.<\/li>\n<li>Soukrom\u00e9 parkovi\u0161t\u011b v cen\u011b.<\/li>\n<\/ul>\n<h3><strong>\ud83d\udc96 Ide\u00e1ln\u00ed pro romantick\u00e9 pobyty<\/strong><\/h3>\n<p>Tento <strong>bublinkov\u00fd z\u00e1\u017eitek Tenerife<\/strong> je obl\u00edben\u00fd zejm\u00e9na pro:<\/p>\n<ul>\n<li>Romantick\u00e9 \u00fat\u011bky.<\/li>\n<li>V\u00fdro\u010d\u00ed.<\/li>\n<li>\u017d\u00e1dosti o ruku.<\/li>\n<li>Zvl\u00e1\u0161tn\u00ed oslavy.<\/li>\n<li>\u00dapln\u00e9 odpojen\u00ed a uvoln\u011bn\u00ed.<\/li>\n<\/ul>\n<p>K pobytu je mo\u017en\u00e9 p\u0159idat dopl\u0148ky, romantickou v\u00fdzdobu a dal\u0161\u00ed slu\u017eby, kter\u00e9 pobyt je\u0161t\u011b v\u00edce p\u0159izp\u016fsob\u00ed a vytvo\u0159\u00ed nezapomenuteln\u00fd z\u00e1\u017eitek.<\/p>\n<h3><strong>\ud83d\udd52 Informace o p\u0159ihl\u00e1\u0161en\u00ed a odhl\u00e1\u0161en\u00ed<\/strong><\/h3>\n<ul>\n<li><strong>Odbaven\u00ed:<\/strong> Od 14:00.<\/li>\n<li><strong>Odjezd:<\/strong> P\u0159ed 12:00.<\/li>\n<\/ul>\n<p>Pokud je v den p\u0159\u00edjezdu k dispozici bublina, je mo\u017en\u00e9 se p\u0159ihl\u00e1sit d\u0159\u00edve. Pokud tomu tak nen\u00ed, mohou host\u00e9 p\u0159ijet d\u0159\u00edve a u\u017e\u00edvat si baz\u00e9n a spole\u010dn\u00e9 prostory, dokud nebude bublina p\u0159ipravena.<\/p>\n<h3><strong>\ud83d\udccd Poloha<\/strong><\/h3>\n<p>M\u00edstnosti s bublinami se nach\u00e1zej\u00ed na adrese <strong>Alaya Resort Tenerife<\/strong>, v Gu\u00eda de Isora, klidn\u00e9 a soukrom\u00e9 oblasti zn\u00e1m\u00e9 sv\u00fdmi p\u0159\u00edrodn\u00edmi kr\u00e1sami a otev\u0159en\u00fdmi v\u00fdhledy.<\/p>\n<ul>\n<li>Klidn\u00e1 a odlehl\u00e1 lokalita.<\/li>\n<li>Panoramatick\u00fd v\u00fdhled na oce\u00e1n a ostrov.<\/li>\n<li>Pln\u011b zpevn\u011bn\u00e1 p\u0159\u00edjezdov\u00e1 cesta s n\u011bkolika zat\u00e1\u010dkami.<\/li>\n<li>Doporu\u010dujeme auto, proto\u017ee sou\u010d\u00e1st\u00ed kouzla je cesta na toto zvl\u00e1\u0161tn\u00ed m\u00edsto.<\/li>\n<\/ul>\n<h3><strong>\ud83d\udcdc Rezerva\u010dn\u00ed a storno podm\u00ednky<\/strong><\/h3>\n<p>P\u0159ed rezervac\u00ed tohoto z\u00e1\u017eitku v bublinkov\u00e9 m\u00edstnosti na Tenerife si pros\u00edm pe\u010dliv\u011b prostudujte podm\u00ednky.<\/p>\n<ul>\n<li><strong>Bezplatn\u00e9 zru\u0161en\u00ed rezervace a\u017e 14 dn\u00ed p\u0159ed p\u0159\u00edjezdem.<\/strong><\/li>\n<li>P\u0159i zru\u0161en\u00ed rezervace po uplynut\u00ed t\u00e9to lh\u016fty se pen\u00edze nevracej\u00ed.<\/li>\n<li>V m\u00edstnostech s bublinami je zak\u00e1z\u00e1no kou\u0159it.<\/li>\n<li>Dom\u00e1c\u00ed zv\u00ed\u0159ata nejsou povolena.<\/li>\n<\/ul>\n<h3><strong>\ud83c\udf0c Za\u017eijte Tenerife jinak<\/strong><\/h3>\n<p>Pokud hled\u00e1te romantickou noc, jedine\u010dn\u00fd pobyt nebo nezapomenuteln\u00fd z\u00e1\u017eitek. <strong>bublinkov\u00fd pokoj Tenerife<\/strong>, nab\u00edz\u00ed soukrom\u00ed, pohodl\u00ed a kouzeln\u00e9 prost\u0159ed\u00ed, kter\u00e9mu se jen t\u011b\u017eko n\u011bco vyrovn\u00e1.<\/p>\n<p>Na adrese <strong>CanaryVIP<\/strong>, pe\u010dliv\u011b vyb\u00edr\u00e1me a nab\u00edz\u00edme jedine\u010dn\u00e9 z\u00e1\u017eitky, jako je tento. <strong>bublinkov\u00fd z\u00e1\u017eitek Tenerife<\/strong>, co\u017e usnad\u0148uje rezervaci d\u00edky p\u0159ehledn\u00fdm informac\u00edm a d\u016fv\u011bryhodn\u00fdm partner\u016fm.<\/p>\n<p>\u2728 Rezervujte si <strong>Z\u00e1\u017eitek z bublinkov\u00e9 m\u00edstnosti na Tenerife<\/strong> a u\u017eijte si nezapomenutelnou noc ve dvou pod hv\u011bzdami.<\/p>","protected":false},"excerpt":{"rendered":"<p>\ud83d\udd0d <strong>Zku\u0161enosti s bublinami:<br \/>\n<\/strong>\u2705 Bezpe\u010dn\u00e1 platba.<br \/>\n\ud83d\udc65 Maxim\u00e1ln\u011b 2 na jednu bublinkovou m\u00edstnost.<br \/>\n\ud83d\ude80 Jedine\u010dn\u00fd z\u00e1\u017eitek na Tenerife.<br \/>\n\u2764\ufe0f Romantick\u00e9 dekorace k dispozici.<br \/>\n\ud83d\udcc5 Pokoje jsou k dispozici denn\u011b.<br \/>\n\ud83e\udd11 Z\u00e1ruka nejlep\u0161\u00ed ceny.<br \/>\n\ud83d\udc6a Vhodn\u00e9 pro p\u00e1ry.<br \/>\n\ud83d\udd01 7denn\u00ed storno podm\u00ednky.<br \/>\n\ud83c\udf1f Rezervujte v\u010das a u\u0161et\u0159ete!<br \/>\n\ud83d\udccdLokalita na jihu Tenerife.<\/p>","protected":false},"featured_media":16584,"comment_status":"open","ping_status":"closed","template":"","meta":{"_acf_changed":false},"product_brand":[],"product_cat":[146],"product_tag":[],"class_list":{"0":"post-16530","1":"product","2":"type-product","3":"status-publish","4":"has-post-thumbnail","6":"product_cat-experiences-stays","7":"wcpa_has_options","9":"first","10":"instock","11":"sale","12":"virtual","13":"purchasable","14":"product-type-simple"},"acf":[],"wcpa_form_fields":{"wcpaData":{"product":{"product_price":220,"price_html":"From&nbsp;<del aria-hidden=\"true\"><span class=\"woocommerce-Price-amount amount\"><bdi>300,00&nbsp;<span class=\"woocommerce-Price-currencySymbol\">&euro;<\/span><\/bdi><\/span><\/del> <span class=\"screen-reader-text\">P\u016fvodn\u00ed cena byla: 300,00&nbsp;&euro;.<\/span><ins aria-hidden=\"true\"><span class=\"woocommerce-Price-amount amount\"><bdi>220,00&nbsp;<span class=\"woocommerce-Price-currencySymbol\">&euro;<\/span><\/bdi><\/span><\/ins><span class=\"screen-reader-text\">Aktu\u00e1ln\u00ed cena je: 220,00&nbsp;&euro;.<\/span>","original_product_price":300,"price_including_tax":220,"price_excluding_tax":220,"product_id":{"parent":16530,"variation":false},"is_variable":false,"stock_status":"instock","stock_quantity":null,"parent_sku":"CV16530","product_attributes":[],"custom_fields":[],"is_taxable":false,"product_name":"Bubble Room Experience in Tenerife with Private Jacuzzi","hasImage":false},"fields":{"sec_9696bca7546921":{"extra":{"key":"sec_9696bca7546921","section_id":"sec_9696bca7546921","name":"Default","status":1,"cl_rule":"show","enableCl":false,"relations":[],"toggle":true,"title_tag":"h3","show_title":false,"showPrice":"default","form_id":16576,"form_rules":{"exclude_from_discount":true,"fee_label":"Fee","disp_hide_options_price":true,"disp_show_section_price":false,"disp_show_field_price":true,"layout_option":"standard","pric_use_as_fee":false,"process_fee_as":"woo_fee"},"layout_option":"standard"},"fields":[[{"active":true,"col":6,"relations":false,"cl_rule":"show","enableCl":false,"price":"","enablePrice":true,"className":"","label_position":"default","desc_position":"default","type":"select","required":false,"elementId":"select_2543581118","label":"Number of Nights","name":"select_2543581118","values":[{"label":"1 Night (220\u20ac)","value":"1 night","selected":false,"tempId":"aco_452","price":"220","gt_translate_keys":["label"]},{"label":"2 Nights (430\u20ac)","value":"2 nights","selected":false,"tempId":"aco_453","price":"430","gt_translate_keys":["label"]},{"label":"3 Night (610\u20ac)","value":"3 nights","selected":false,"tempId":"aco_454","price":"610","gt_translate_keys":["label"]},{"label":"4 Nights (800\u20ac)","value":"4 nights","selected":false,"tempId":"aco_797","price":"800","gt_translate_keys":["label"]}],"isWeightTemplate":false,"error":false,"isTemplate":false,"min_quantity":"1","quantity_decimal":false,"quantity_step":"1","quantity_label":"Quantity","repeater_field_label":"{field_label}","repeater_bind":"","dropdown_type":"basic","priceOptions":"different_for_all","pricingType":"fixed","enableDesign":false,"gt_translate_keys":["label","repeater_field_label","quantity_label"],"price_dependency":false,"cl_dependency":false,"value":""}],[{"active":true,"col":6,"relations":false,"cl_rule":"show","enableCl":false,"price":"","enablePrice":false,"className":"","label_position":"default","desc_position":"default","type":"separator","required":false,"elementId":"separator_7826151522","label":"Separator Field","height":"3","separatorType":"blank","error":false,"gt_translate_keys":["label"],"price_dependency":false,"cl_dependency":false,"value":""}],[{"active":true,"col":6,"relations":false,"cl_rule":"show","enableCl":false,"price":"","enablePrice":false,"className":"","label_position":"default","desc_position":"default","type":"content","required":false,"elementId":"content_2250022845","label":"","name":"content_2250022845","contentType":"rich","value":"<p>Offer an unforgettable experience in Tenerife with Bubble Rooms. A unique getaway featuring a private jacuzzi, a heated beach-style pool, spectacular views and a one-of-a-kind stay designed to relax and disconnect.<\/p>\n<p>Once the gift voucher is purchased, the recipient must contact the accommodation directly to select the preferred dates for the stay. The voucher is valid for 6 months from the date of purchase.<\/p>\n<p>The voucher is valid for the standard rate and cannot be used on special dates such as Valentine\u2019s Day, public holidays or other periods with different pricing. If the stay is booked on a date with a higher rate, the corresponding price difference must be paid.<\/p>","isTemplate":false,"error":false,"enableDesign":true,"DescSize":"14","gt_translate_keys":["label","value"],"price_dependency":false,"cl_dependency":false}]]}},"config":{"price_override":"if_gt_zero","enable_recaptcha":false,"bind_quantity":false,"quantity_bind_formula":false,"disp_summ_show_option_price":true,"disp_summ_show_product_price":true,"disp_summ_show_total_price":true,"disp_summ_show_fee":true,"disp_summ_show_discount":true,"summary_title":"","options_total_label":"Options Price","total_label":"Total","options_product_label":"Product Price","fee_label":"Fee","discount_label":"Discount","has_price":true,"has_quantity_formula":false},"mc_unit":1,"tax_rate":1,"tax_rate_real":1,"discount":{"percentage":0,"fixed":0},"design":{"conf":{"LabelPosition":"above","DescPosition":"above","UploadField":"custom_1","QuantityFieldStyle":"custom_1"},"css":{"LeftLabelWidth":"120px"}},"formulas":[],"lookuptables":[],"clones":false,"cartKey":false}},"_links":{"self":[{"href":"https:\/\/canaryvip.com\/cs\/wp-json\/wp\/v2\/product\/16530","targetHints":{"allow":["GET"]}}],"collection":[{"href":"https:\/\/canaryvip.com\/cs\/wp-json\/wp\/v2\/product"}],"about":[{"href":"https:\/\/canaryvip.com\/cs\/wp-json\/wp\/v2\/types\/product"}],"replies":[{"embeddable":true,"href":"https:\/\/canaryvip.com\/cs\/wp-json\/wp\/v2\/comments?post=16530"}],"wp:featuredmedia":[{"embeddable":true,"href":"https:\/\/canaryvip.com\/cs\/wp-json\/wp\/v2\/media\/16584"}],"wp:attachment":[{"href":"https:\/\/canaryvip.com\/cs\/wp-json\/wp\/v2\/media?parent=16530"}],"wp:term":[{"taxonomy":"product_brand","embeddable":true,"href":"https:\/\/canaryvip.com\/cs\/wp-json\/wp\/v2\/product_brand?post=16530"},{"taxonomy":"product_cat","embeddable":true,"href":"https:\/\/canaryvip.com\/cs\/wp-json\/wp\/v2\/product_cat?post=16530"},{"taxonomy":"product_tag","embeddable":true,"href":"https:\/\/canaryvip.com\/cs\/wp-json\/wp\/v2\/product_tag?post=16530"}],"curies":[{"name":"wp","href":"https:\/\/api.w.org\/{rel}","templated":true}]}}