{"id":16199,"date":"2025-12-09T15:19:55","date_gmt":"2025-12-09T15:19:55","guid":{"rendered":"https:\/\/canaryvip.com\/?post_type=product&#038;p=16199"},"modified":"2025-12-09T15:35:17","modified_gmt":"2025-12-09T15:35:17","slug":"fast-boat-tour-from-los-cristianos-to-los-gigantes","status":"publish","type":"product","link":"https:\/\/canaryvip.com\/cs\/shop\/fast-boat-tour-from-los-cristianos-to-los-gigantes\/","title":{"rendered":"V\u00fdlet rychl\u00fdm \u010dlunem z Los Cristianos do Los Gigantes"},"content":{"rendered":"<h3>\ud83d\udea4 Za\u017eijte jedine\u010dnou rychlou plavbu lod\u00ed z Los Cristianos do Los Gigantes<\/h3>\n<p>P\u0159ipojte se k CanaryVIP na vzru\u0161uj\u00edc\u00ed dobrodru\u017estv\u00ed pod\u00e9l jihoz\u00e1padn\u00edho pob\u0159e\u017e\u00ed Tenerife na palub\u011b modern\u00edho 32m\u00edstn\u00e9ho rychl\u00e9ho \u010dlunu. Tato exkluzivn\u00ed <strong>v\u00fdlet lod\u00ed do Los Gigantes<\/strong> je jedin\u00fd, kter\u00fd odj\u00ed\u017ed\u00ed p\u0159\u00edmo z <strong>P\u0159\u00edstav Los Cristianos<\/strong>, kombinuj\u00edc\u00ed vzru\u0161en\u00ed, pohodl\u00ed a dechberouc\u00ed scen\u00e9rie v t\u0159\u00edhodinov\u00e9 cest\u011b, na kterou nikdy nezapomenete.<\/p>\n<p>P\u0159i plavb\u011b pod\u00e9l pob\u0159e\u017e\u00ed budete obklopeni sope\u010dnou krajinou a tyrkysov\u00fdmi vodami a zam\u00ed\u0159\u00edte k ty\u010d\u00edc\u00ed se <strong>\u00datesy Los Gigantes<\/strong> kter\u00e9 se ty\u010d\u00ed v\u00edce ne\u017e 600 metr\u016f nad Atlantick\u00fdm oce\u00e1nem.<\/p>\n<h3>\ud83c\udf0a Nejzaj\u00edmav\u011bj\u0161\u00ed momenty z\u00e1\u017eitku<\/h3>\n<ul>\n<li><strong>Rychl\u00e1 a pohodln\u00e1 lo\u010f<\/strong>: V\u00fdkonn\u00fd motorov\u00fd \u010dlun navr\u017een\u00fd pro plynulou plavbu a pohodl\u00ed, s kapacitou a\u017e 32 cestuj\u00edc\u00edch.<\/li>\n<li><strong>P\u016fsobiv\u00e9 v\u00fdhledy<\/strong>: Vychutnejte si panoramatick\u00fd v\u00fdhled na divok\u00e9 pob\u0159e\u017e\u00ed Tenerife a majest\u00e1tn\u00ed \u00fatesy Los Gigantes.<\/li>\n<li><strong>Plav\u00e1n\u00ed v z\u00e1toce Masca<\/strong>: Osv\u011b\u017ete se v k\u0159i\u0161\u0165\u00e1lov\u011b \u010dist\u00e9 vod\u011b t\u00e9to okouzluj\u00edc\u00ed skryt\u00e9 z\u00e1toky.<\/li>\n<li><strong>Lehk\u00e9 ob\u010derstven\u00ed v cen\u011b<\/strong>: Na palub\u011b se pod\u00e1vaj\u00ed sendvi\u010de a balen\u00e1 voda, aby byla va\u0161e cesta je\u0161t\u011b p\u0159\u00edjemn\u011bj\u0161\u00ed.<\/li>\n<li><strong>M\u00edstn\u00ed pr\u016fvodce<\/strong>: Poslechn\u011bte si p\u0159\u00edb\u011bhy a zaj\u00edmavosti o ji\u017en\u00edm pob\u0159e\u017e\u00ed Tenerife od na\u0161eho p\u0159\u00e1telsk\u00e9ho dvojjazy\u010dn\u00e9ho pr\u016fvodce.<\/li>\n<\/ul>\n<h3>\ud83d\udee5\ufe0f Rychl\u00fd \u010dlun do Los Gigantes<\/h3>\n<ul>\n<li><strong>Doba trv\u00e1n\u00ed<\/strong>: P\u0159ibli\u017en\u011b 3 hodiny (tam a zp\u011bt).<\/li>\n<li><strong>Pl\u00e1n<\/strong>: Odjezdy ka\u017ed\u00e9 pond\u011bl\u00ed, st\u0159edu, p\u00e1tek, sobotu a ned\u011bli v 10:00.<\/li>\n<li><strong>M\u00edsto odjezdu<\/strong>: <a href=\"https:\/\/www.google.com\/maps\/place\/Puerto+de+Los+Cristianos\/\" target=\"_blank\" rel=\"noopener\">P\u0159\u00edstav Los Cristianos<\/a>. Pros\u00edm, p\u0159ij\u010fte 15 minut p\u0159ed odjezdem.<\/li>\n<\/ul>\n<h3>\ud83d\udc2c V\u00fdlet lod\u00ed po z\u00e1livu Masca: Skryt\u00fd r\u00e1j<\/h3>\n<p>V r\u00e1mci tohoto <strong>Prohl\u00eddka z\u00e1livu Masca lod\u00ed<\/strong>, zakotv\u00edme v jedn\u00e9 z nejmalebn\u011bj\u0161\u00edch z\u00e1tok Tenerife. Obklopen\u00e1 \u00fatesy a tyrkysov\u00fdmi vodami je to ide\u00e1ln\u00ed m\u00edsto pro plav\u00e1n\u00ed, \u0161norchlov\u00e1n\u00ed nebo prost\u011b jen relaxaci na palub\u011b, kde si m\u016f\u017eete vychutnat klidnou atmosf\u00e9ru Atlantiku.<\/p>\n<p>Pot\u00e1p\u011b\u010dsk\u00e9 vybaven\u00ed nen\u00ed zahrnuto v cen\u011b, ale m\u016f\u017eete si ho pronajmout na palub\u011b za pouh\u00fdch 15 \u20ac na osobu.<\/p>\n<h3>\ud83c\udf74 Co je v cen\u011b<\/h3>\n<ul>\n<li>3 hodiny <strong>v\u00fdlet lod\u00ed z Los Cristianos do Los Gigantes<\/strong>.<\/li>\n<li>Pohodln\u00e9 sezen\u00ed a\u017e pro 32 cestuj\u00edc\u00edch.<\/li>\n<li>Sendvi\u010d a balen\u00e1 voda (na po\u017e\u00e1d\u00e1n\u00ed k dispozici vegetari\u00e1nsk\u00e9 varianty).<\/li>\n<li>Dvojjazy\u010dn\u00fd m\u00edstn\u00ed pr\u016fvodce (\u0161pan\u011bl\u0161tina a angli\u010dtina).<\/li>\n<li>Zastavte se na koup\u00e1n\u00ed a \u0161norchlov\u00e1n\u00ed v z\u00e1toce Masca.<\/li>\n<li>Cestovn\u00ed poji\u0161t\u011bn\u00ed a kompletn\u00ed bezpe\u010dnostn\u00ed vybaven\u00ed na palub\u011b.<\/li>\n<\/ul>\n<h3>\u274c Nen\u00ed zahrnuto<\/h3>\n<ul>\n<li>P\u016fj\u010dovna vybaven\u00ed pro \u0161norchlov\u00e1n\u00ed (k dispozici na palub\u011b za 15 \u20ac na osobu).<\/li>\n<li>Dal\u0161\u00ed n\u00e1poje nebo ob\u010derstven\u00ed.<\/li>\n<li>Odvoz z hotelu a zp\u011bt (voliteln\u00fd transfer za p\u0159\u00edplatek).<\/li>\n<li>Ru\u010dn\u00edky a osobn\u00ed v\u011bci.<\/li>\n<\/ul>\n<h3>\ud83d\udcf8 U\u017eite\u010dn\u00e9 informace<\/h3>\n<ul>\n<li><strong>Kapacita<\/strong>: Omezeno na 32 cestuj\u00edc\u00edch pro pohodln\u00fd a osobn\u00ed z\u00e1\u017eitek.<\/li>\n<li><strong>Doporu\u010den\u00ed<\/strong>: Vezm\u011bte si s sebou plavky, ru\u010dn\u00edk, slune\u010dn\u00ed br\u00fdle, opalovac\u00ed kr\u00e9m a fotoapar\u00e1t, abyste mohli zachytit \u00fachvatn\u00e9 v\u00fdhledy.<\/li>\n<li><strong>Omezen\u00ed<\/strong>: Na palub\u011b je zak\u00e1z\u00e1no kou\u0159it. D\u011bti do 18 let mus\u00ed b\u00fdt v doprovodu dosp\u011bl\u00e9 osoby.<\/li>\n<\/ul>\n<h3>\ud83d\udcbc Snadn\u00e9 rezervace s CanaryVIP<\/h3>\n<ul>\n<li><strong>Jednoduch\u00e1 rezervace<\/strong>: Rezervujte si m\u00edsta online a zajist\u011bte si je okam\u017eit\u011b.<\/li>\n<li><strong>Vysok\u00e1 popt\u00e1vka<\/strong>: Toto <strong>rychl\u00e1 lo\u010f do Los Gigantes<\/strong> rychle se pln\u00ed, proto doporu\u010dujeme rezervovat p\u0159edem.<\/li>\n<li><strong>Flexibiln\u00ed platby<\/strong>: Pro va\u0161e pohodl\u00ed je k dispozici n\u011bkolik bezpe\u010dn\u00fdch platebn\u00edch metod.<\/li>\n<\/ul>\n<h3>\ud83d\udd52 Storno podm\u00ednky<\/h3>\n<p>V\u00edme, \u017ee pl\u00e1ny se mohou zm\u011bnit, proto nab\u00edz\u00edme flexibiln\u00ed storno podm\u00ednky pro tento v\u00fdlet lod\u00ed na Tenerife.<\/p>\n<ul>\n<li><strong>Bezplatn\u00e9 zru\u0161en\u00ed a\u017e 48 hodin p\u0159ed odjezdem<\/strong>: Z\u00edskejte plnou n\u00e1hradu, pokud zru\u0161\u00edte nejm\u00e9n\u011b 48 hodin p\u0159ed za\u010d\u00e1tkem prohl\u00eddky.<\/li>\n<li><strong>M\u00e9n\u011b ne\u017e 48 hodin p\u0159ed odletem<\/strong>: Bohu\u017eel, v p\u0159\u00edpad\u011b zru\u0161en\u00ed rezervace na posledn\u00ed chv\u00edli nen\u00ed mo\u017en\u00e9 poskytnout \u017e\u00e1dnou n\u00e1hradu.<\/li>\n<li><strong>Vy\u0161\u0161\u00ed moc<\/strong>: V ojedin\u011bl\u00fdch p\u0159\u00edpadech \u0161patn\u00e9ho po\u010das\u00ed, rozbou\u0159en\u00e9ho mo\u0159e nebo provozn\u00edch probl\u00e9m\u016f v\u00e1m nab\u00eddneme nov\u00fd term\u00edn nebo vr\u00e1cen\u00ed pen\u011bz v pln\u00e9 v\u00fd\u0161i.<\/li>\n<\/ul>\n<h3>\ud83c\udf34 Pro\u010d rezervovat s CanaryVIP?<\/h3>\n<p>Ve spole\u010dnosti CanaryVIP spolupracujeme pouze s d\u016fv\u011bryhodn\u00fdmi a certifikovan\u00fdmi oper\u00e1tory, abychom zajistili, \u017ee ka\u017ed\u00fd <strong>v\u00fdlet lod\u00ed na Tenerife<\/strong> spl\u0148uje na\u0161e standardy kvality. Jsme tu, abychom v\u00e1m pomohli vybrat ten nejlep\u0161\u00ed z\u00e1\u017eitek pro v\u00e1\u0161 pobyt a asistovali v\u00e1m p\u0159ed, b\u011bhem i po rezervaci.<\/p>\n<p>A\u0165 u\u017e hled\u00e1te dobrodru\u017estv\u00ed, dechberouc\u00ed scen\u00e9rie nebo prost\u011b jen relaxa\u010dn\u00ed r\u00e1no na mo\u0159i, toto <strong>v\u00fdlet lod\u00ed do Los Gigantes<\/strong> je jedn\u00edm z nejzapamatovateln\u011bj\u0161\u00edch zp\u016fsob\u016f, jak prozkoumat ji\u017en\u00ed pob\u0159e\u017e\u00ed Tenerife.<\/p>\n<p>Rezervujte si m\u00edsto je\u0161t\u011b dnes a u\u017eijte si nezapomenuteln\u00fd den na mo\u0159i!<\/p>","protected":false},"excerpt":{"rendered":"<p><strong>\ud83d\udd0d V\u00fdlet lod\u00ed FastBoat:<br \/>\n<\/strong>\ud83d\udea4 Rychl\u00fd \u010dlun do Los Gigantes.<br \/>\n<span>\u2705 Bezpe\u010dn\u00e1 platba.<\/span><br \/>\n<span>\ud83d\udc65 K dispozici jsou sd\u00edlen\u00e9 prohl\u00eddky.<\/span><br \/>\n<span>\ud83d\udd10 Soukrom\u00e9 prohl\u00eddky k dispozici.<\/span><br \/>\n<span>\ud83d\udc0b Pozorov\u00e1n\u00ed velryb a delf\u00edn\u016f.<\/span><br \/>\n<span>\ud83d\ude80 Prohl\u00eddky trvaj\u00edc\u00ed 3 hodiny.<\/span><br \/>\n<span>\ud83d\udd59 Denn\u011b v 10:00.<\/span><br \/>\n<span>\ud83e\uddc3 Sendvi\u010d a voda v cen\u011b.<br \/>\n<\/span>\ud83d\udd75\ud83c\udffc\u200d\u2642\ufe0f M\u00edstn\u00ed odborn\u00fd pr\u016fvodce.<br \/>\n<span>\ud83d\udc65 A\u017e 32 osob.<\/span><br \/>\n<span>\ud83e\udd3f Pron\u00e1jem vybaven\u00ed pro \u0161norchlov\u00e1n\u00ed.<\/span><br \/>\n<span>\ud83e\udd11 Garance nejlep\u0161\u00ed ceny.<\/span><br \/>\n<span>\ud83d\udc6a Slevy aktivov\u00e1ny.<\/span><br \/>\n<span>\ud83d\udd01 A\u017e 48 hodin Zru\u0161en\u00ed.<\/span><br \/>\n<span>\ud83c\udf0d V\u00edcejazy\u010dn\u00e9 pr\u016fvodce.<\/span><br \/>\n<span>\ud83c\udf1f Rezervujte nyn\u00ed a u\u0161et\u0159ete!<\/span><br \/>\n<span>\ud83d\udccd Odjezd z <a href=\"https:\/\/maps.app.goo.gl\/h1kp26zsNCk2tWjZA\">Los Cristianos<\/a>.<\/span><\/p>","protected":false},"featured_media":16353,"comment_status":"open","ping_status":"closed","template":"","meta":{"_acf_changed":false},"product_brand":[],"product_cat":[46],"product_tag":[],"class_list":{"0":"post-16199","1":"product","2":"type-product","3":"status-publish","4":"has-post-thumbnail","6":"product_cat-boat-excursions","7":"wcpa_has_options","9":"first","10":"instock","11":"virtual","12":"purchasable","13":"product-type-simple"},"acf":[],"wcpa_form_fields":{"wcpaData":{"product":{"product_price":39,"price_html":"From&nbsp;<span class=\"woocommerce-Price-amount amount\"><bdi>39,00&nbsp;<span class=\"woocommerce-Price-currencySymbol\">&euro;<\/span><\/bdi><\/span>","original_product_price":39,"price_including_tax":39,"price_excluding_tax":39,"product_id":{"parent":16199,"variation":false},"is_variable":false,"stock_status":"instock","stock_quantity":null,"parent_sku":"CV16199","product_attributes":[],"custom_fields":[],"is_taxable":false,"product_name":"Fast Boat Tour from Los Cristianos to Los Gigantes","hasImage":false},"fields":{"sec_36938408c284bc":{"extra":{"key":"sec_36938408c284bc","section_id":"sec_36938408c284bc","name":"3H Shared Trip","status":1,"cl_rule":"show","enableCl":false,"relations":[{"operator":false,"rules":[{"operator":"AND","rules":{"cl_field":"radio-group_26938408c284ba","cl_relation":"is","cl_val":"3 Hour Trip"}}]}],"toggle":true,"title_tag":"h4","show_title":false,"showPrice":"default","repeater_section_field_label":"{field_label}","repeater_section_label":"{section_name}","repeater_bind":"","form_id":16357,"form_rules":{"exclude_from_discount":true,"fee_label":"Fee","disp_hide_options_price":true,"disp_show_section_price":false,"disp_show_field_price":true,"layout_option":"standard","pric_use_as_fee":false,"process_fee_as":"woo_fee"},"layout_option":"standard"},"fields":[[{"active":true,"col":6,"relations":false,"cl_rule":"show","enableCl":false,"price":"","enablePrice":false,"className":"","label_position":"default","desc_position":"default","type":"content","required":false,"elementId":"content_4254462101","label":"3 Hour Shared Tour","name":"content_4254462101","contentType":"rich","value":"<p>Whale and dolphin sightings. Includes a sandwich and water. Daily at 10:00.<\/p>","isTemplate":false,"error":false,"gt_translate_keys":["label","value"],"price_dependency":false,"cl_dependency":false}],[{"label":"\ud83d\udcc5 Date","active":true,"required":true,"elementId":"date_66938408c284ca","picker_type":"custom","picker_mode":"single","placeholder":"","description":"","tooltip":"","name":"date_66938408c284ca","label_position":"default","desc_position":"default","enablePrice":false,"className":"","enableCl":false,"relations":[{"operator":"and","rules":[{"operator":"AND","rules":{"cl_field":"radio-group_26938408c284ba","cl_relation":"is","cl_val":"3 Hour Trip"}}]}],"enableDesign":false,"LabelColor":"","date_pic_inline":true,"date_pic_inline_hide":true,"min_date":{"type":"days","val":"1"},"max_date":{"type":"days","val":"365"},"date_pic_conf":{"disabledWeeks":[],"disabledDates":[]},"price":"","cl_rule":"show","col":6,"type":"date","error":false,"date_conf_custom":{},"isWeightTemplate":false,"isTemplate":false,"min_quantity":"1","quantity_decimal":false,"quantity_step":"1","quantity_label":"Quantity","repeater_field_label":"{field_label}","repeater_bind":"","gt_translate_keys":["label","placeholder","description","tooltip","repeater_field_label","quantity_label"],"price_dependency":false,"cl_dependency":false,"value":""}],[{"label":"\u23f0 Departure","active":true,"required":true,"elementId":"select_16938408c284d6","dropdown_type":"basic","name":"select_16938408c284d6","label_position":"default","desc_position":"default","enablePrice":false,"className":"","enableCl":false,"relations":[{"operator":false,"rules":[{"operator":"AND","rules":{"cl_field":"date_66938408c284ca","cl_relation":"week_day_is","cl_val":[1]}}]}],"values":[{"label":"10:00","value":"10:00","selected":true,"tempId":"aco_2695","options_cl":false,"relations":[{"operator":false,"rules":[{"operator":"AND","rules":{"cl_field":"date_66938408c284ca","cl_relation":"week_day_is","cl_val":[5]}}]}],"cl_rule":"show","gt_translate_keys":["label"]}],"price":"","cl_rule":"show","col":6,"type":"select","error":false,"placeholder":"","isWeightTemplate":false,"isTemplate":false,"min_quantity":"1","quantity_decimal":false,"quantity_step":"1","quantity_label":"Quantity","repeater_field_label":"{field_label}","repeater_bind":"","gt_translate_keys":["label","placeholder","repeater_field_label","quantity_label"],"price_dependency":false,"cl_dependency":false,"value":""}],[{"active":true,"col":6,"relations":false,"cl_rule":"show","enableCl":false,"price":"","enablePrice":false,"className":"","label_position":"default","desc_position":"default","type":"content","required":false,"elementId":"content_26938408c284f4","label":"People","name":"content_26938408c284f4","contentType":"plain","value":"","error":false,"show_in_checkout":true,"inline":false,"isTemplate":false,"gt_translate_keys":["label","value"],"price_dependency":false,"cl_dependency":false}],[{"active":true,"col":6,"relations":[{"operator":false,"rules":[{"operator":"AND","rules":{"cl_field":"","cl_relation":"","cl_val":""}}]}],"cl_rule":"show","enableCl":false,"price":"39","enablePrice":true,"className":"","label_position":"default","desc_position":"default","type":"radio-group","required":false,"elementId":"radio-group_66938408c28500","label":"","name":"radio-group_66938408c28500","values":[{"label":"\ud83d\udc64 Adult (39\u20ac)","value":"Adult","selected":true,"tempId":"aco_32","tooltip":"+12 Years","description":"","gt_translate_keys":["label","tooltip","description"]}],"layOut":"","error":false,"checkUi":"button","priceOptions":"fixed_for_all","pricingType":"fixed","enable_quantity":true,"quantity_label":"","min_quantity":"0","options_tooltip":true,"options_description":true,"is_show_price":false,"isWeightTemplate":false,"isTemplate":false,"quantity_decimal":false,"quantity_step":"1","repeater_field_label":"{field_label}","repeater_bind":"","gt_translate_keys":["label","repeater_field_label","quantity_label"],"price_dependency":false,"cl_dependency":false,"value":""}],[{"label":"","active":true,"required":false,"elementId":"radio-group_96938408c2850b","name":"radio-group_96938408c2850b","label_position":"default","desc_position":"default","enablePrice":true,"className":"","enableCl":false,"relations":false,"enable_quantity":true,"quantity_label":"","min_quantity":"0","checkUi":"button","layOut":"","values":[{"label":"\ud83d\udc66 Child (21\u20ac)","value":"Child","selected":true,"tempId":"aco_32","tooltip":"3-11 Years","description":"","gt_translate_keys":["label","tooltip","description"]}],"priceOptions":"fixed_for_all","pricingType":"fixed","price":"21","cl_rule":"show","col":6,"type":"radio-group","error":false,"options_tooltip":true,"options_description":true,"is_show_price":false,"isWeightTemplate":false,"isTemplate":false,"quantity_decimal":false,"quantity_step":"1","repeater_field_label":"{field_label}","repeater_bind":"","gt_translate_keys":["label","repeater_field_label","quantity_label"],"price_dependency":false,"cl_dependency":false,"value":""}]]}},"config":{"price_override":"always","enable_recaptcha":false,"bind_quantity":false,"quantity_bind_formula":false,"disp_summ_show_option_price":true,"disp_summ_show_product_price":false,"disp_summ_show_total_price":true,"disp_summ_show_fee":true,"disp_summ_show_discount":true,"summary_title":"","options_total_label":"Options Price","total_label":"Total Amount Now","options_product_label":"Product Price","fee_label":"Fee","discount_label":"Discount","has_price":true,"has_quantity_formula":false},"mc_unit":1,"tax_rate":1,"tax_rate_real":1,"discount":{"percentage":0,"fixed":0},"design":{"conf":{"LabelPosition":"above","DescPosition":"above","UploadField":"custom_1","QuantityFieldStyle":"custom_1"},"css":{"LeftLabelWidth":"120px"}},"formulas":{"fmla_1708364241278155361":"(({field.select_16938408c2853d.value}>=8)?(335.50):(({field.select_16938408c2853d.value}>=6)?(269):(({field.select_16938408c2853d.value}>=5)?(252.50):(({field.select_16938408c2853d.value}>=4)?(282.50):(({field.select_16938408c2853d.value}>=3)?(193.50):(0))))))","fmla_1741607919311571987":"(({field.select_16938408c2853d.value}>=8)?(1334.50):(({field.select_16938408c2853d.value}>=6)?(1071):(({field.select_16938408c2853d.value}>=5)?(977.50):(({field.select_16938408c2853d.value}>=4)?(807.50):(({field.select_16938408c2853d.value}>=3)?(756.50):(0))))))"},"lookuptables":[],"clones":false,"cartKey":false}},"_links":{"self":[{"href":"https:\/\/canaryvip.com\/cs\/wp-json\/wp\/v2\/product\/16199","targetHints":{"allow":["GET"]}}],"collection":[{"href":"https:\/\/canaryvip.com\/cs\/wp-json\/wp\/v2\/product"}],"about":[{"href":"https:\/\/canaryvip.com\/cs\/wp-json\/wp\/v2\/types\/product"}],"replies":[{"embeddable":true,"href":"https:\/\/canaryvip.com\/cs\/wp-json\/wp\/v2\/comments?post=16199"}],"wp:featuredmedia":[{"embeddable":true,"href":"https:\/\/canaryvip.com\/cs\/wp-json\/wp\/v2\/media\/16353"}],"wp:attachment":[{"href":"https:\/\/canaryvip.com\/cs\/wp-json\/wp\/v2\/media?parent=16199"}],"wp:term":[{"taxonomy":"product_brand","embeddable":true,"href":"https:\/\/canaryvip.com\/cs\/wp-json\/wp\/v2\/product_brand?post=16199"},{"taxonomy":"product_cat","embeddable":true,"href":"https:\/\/canaryvip.com\/cs\/wp-json\/wp\/v2\/product_cat?post=16199"},{"taxonomy":"product_tag","embeddable":true,"href":"https:\/\/canaryvip.com\/cs\/wp-json\/wp\/v2\/product_tag?post=16199"}],"curies":[{"name":"wp","href":"https:\/\/api.w.org\/{rel}","templated":true}]}}