{"id":15724,"date":"2025-08-24T11:35:32","date_gmt":"2025-08-24T10:35:32","guid":{"rendered":"https:\/\/canaryvip.com\/?post_type=product&#038;p=15724"},"modified":"2025-09-06T09:56:39","modified_gmt":"2025-09-06T08:56:39","slug":"neptuno-yacht-charter-tenerife","status":"publish","type":"product","link":"https:\/\/canaryvip.com\/cs\/shop\/neptuno-yacht-charter-tenerife\/","title":{"rendered":"Neptuno Yacht Charter Tenerife"},"content":{"rendered":"<h2>\ud83d\udee5\ufe0f Neptuno Yacht Charter Tenerife<\/h2>\n<p>Na adrese <strong>CanaryVIP<\/strong> v\u00e1m nab\u00edz\u00edme mo\u017enost pro\u017e\u00edt exkluzivn\u00ed dobrodru\u017estv\u00ed na palub\u011b lodi <strong>Jachta Neptuno,<\/strong> jedna z m\u00e1la soukrom\u00fdch jachet na Tenerife s licenc\u00ed pro <strong>pozorov\u00e1n\u00ed velryb a delf\u00edn\u016f.<\/strong> S kapacitou a\u017e pro <strong>22 cestuj\u00edc\u00edch,<\/strong> tato jachta je vz\u00e1cnou mo\u017enost\u00ed na Tenerife, kde je v\u011bt\u0161ina soukrom\u00fdch lod\u00ed omezena na 12 osob. Je to ide\u00e1ln\u00ed volba pro v\u011bt\u0161\u00ed skupiny, kter\u00e9 cht\u011bj\u00ed sd\u00edlet nezapomenuteln\u00fd den na mo\u0159i.<\/p>\n<p>Jachta je vybavena <strong>dv\u011b otev\u0159en\u00e9 paluby,<\/strong> mal\u00fd vnit\u0159n\u00ed salonek a toaletu pro va\u0161e pohodl\u00ed. P\u016fvodn\u011b postaven\u00fd v roce 1973 a kompletn\u011b zrekonstruovan\u00fd v roce 2018, Neptuno kombinuje nad\u010dasov\u00fd design s modern\u00edmi aktualizacemi pro jedine\u010dnou a uvoln\u011bnou atmosf\u00e9ru.<\/p>\n<h3>\ud83c\udf0a Soukrom\u00e9 pron\u00e1jmy od 3 do 8 hodin<\/h3>\n<p>Zvolte si d\u00e9lku soukrom\u00e9ho pron\u00e1jmu podle sv\u00fdch pl\u00e1n\u016f:<\/p>\n<ul>\n<li><strong>3 hodiny:<\/strong> Kr\u00e1tk\u00fd, ale plnohodnotn\u00fd z\u00e1\u017eitek s pozorov\u00e1n\u00edm velryb a delf\u00edn\u016f, plav\u00e1n\u00edm a \u0161norchlov\u00e1n\u00edm v kr\u00e1sn\u00fdch z\u00e1tok\u00e1ch.<\/li>\n<li><strong>4-5 hodin:<\/strong> V\u00edce \u010dasu na odpo\u010dinek, opalov\u00e1n\u00ed a prozkoum\u00e1v\u00e1n\u00ed ji\u017en\u00edho pob\u0159e\u017e\u00ed a z\u00e1rove\u0148 v\u00edce p\u0159\u00edle\u017eitost\u00ed k pozorov\u00e1n\u00ed divok\u00e9 zv\u011b\u0159e.<\/li>\n<li><strong>6-7 hodin:<\/strong> Celodenn\u00ed dobrodru\u017estv\u00ed s del\u0161\u00edmi zast\u00e1vkami, ide\u00e1ln\u00ed pro oslavy zvl\u00e1\u0161tn\u00edch p\u0159\u00edle\u017eitost\u00ed s rodinou nebo p\u0159\u00e1teli.<\/li>\n<li><strong>8 hodin:<\/strong> Nejkr\u00e1sn\u011bj\u0161\u00ed soukrom\u00e1 jachta na Tenerife, kter\u00e1 nab\u00edz\u00ed celodenn\u00ed z\u00e1\u017eitek p\u0159i objevov\u00e1n\u00ed skryt\u00fdch z\u00e1tok a u\u017e\u00edv\u00e1n\u00ed si oce\u00e1nu vlastn\u00edm tempem.<\/li>\n<\/ul>\n<h3>\ud83d\udc2c Pozorov\u00e1n\u00ed velryb a delf\u00edn\u016f<\/h3>\n<p>Jednou z hlavn\u00edch v\u00fdhod jachty Neptuno je jej\u00ed ofici\u00e1ln\u00ed licence pro pozorov\u00e1n\u00ed velryb a delf\u00edn\u016f. Vyplouv\u00e1 se z <strong>Puerto de Los Cristianos<\/strong> (V\u00fdletn\u00ed molo, z\u00f3na B) se na jacht\u011b dostanete do oblast\u00ed, kde celoro\u010dn\u011b \u017eij\u00ed plejtv\u00e1ci obrov\u0161t\u00ed a delf\u00edni sk\u00e1kav\u00ed. Tenerife je pova\u017eov\u00e1no za jednu z nejlep\u0161\u00edch destinac\u00ed na sv\u011bt\u011b pro tuto aktivitu a z\u00e1\u017eitek na soukrom\u00e9 jacht\u011b je je\u0161t\u011b v\u00fdjime\u010dn\u011bj\u0161\u00ed.<\/p>\n<h3>\ud83c\udf7d\ufe0f J\u00eddlo a n\u00e1poje na palub\u011b<\/h3>\n<p>Vychutnejte si \u010derstv\u011b p\u0159ipraven\u00e1 j\u00eddla, ovoce a v\u00fdb\u011br n\u00e1poj\u016f v\u010detn\u011b vody, nealkoholick\u00fdch n\u00e1poj\u016f, piva, v\u00edna a cavy.<\/p>\n<p>Po celou dobu plavby je k dispozici ob\u010derstven\u00ed, aby se v\u0161ichni b\u011bhem plavby c\u00edtili pohodln\u011b.<\/p>\n<h3>\ud83c\udfa3 Aktivity a dopl\u0148ky<\/h3>\n<ul>\n<li>\u0160norchlovac\u00ed vybaven\u00ed pro zast\u00e1vky na koup\u00e1n\u00ed.<\/li>\n<li>Pruty pro rekrea\u010dn\u00ed rybolov jsou k dispozici na vy\u017e\u00e1d\u00e1n\u00ed.<\/li>\n<li>Na palub\u011b je spousta m\u00edsta na opalov\u00e1n\u00ed, odpo\u010dinek a oslavy.<\/li>\n<\/ul>\n<h3>\ud83d\udccd Neptuno Yacht Podrobnosti<\/h3>\n<ul>\n<li><strong>D\u00e9lka:<\/strong> 13 metr\u016f<\/li>\n<li><strong>Maxim\u00e1ln\u00ed kapacita:<\/strong> 22 cestuj\u00edc\u00edch<\/li>\n<\/ul>\n<h3>\ud83d\udcbc Co si vz\u00edt s sebou<\/h3>\n<ul>\n<li>Opalovac\u00ed kr\u00e9m, slune\u010dn\u00ed br\u00fdle, ru\u010dn\u00edk a fotoapar\u00e1t pro zachycen\u00ed divok\u00e9 p\u0159\u00edrody a v\u00fdhled\u016f.<\/li>\n<li>V chladn\u011bj\u0161\u00edch m\u011bs\u00edc\u00edch se doporu\u010duje lehk\u00e1 bunda.<\/li>\n<\/ul>\n<h3>\ud83d\udccb Storno podm\u00ednky<\/h3>\n<p>Ch\u00e1peme, \u017ee pl\u00e1ny se mohou zm\u011bnit. Zde jsou uvedeny storno podm\u00ednky pro Neptuno Yacht:<\/p>\n<ul>\n<li><strong>Soukrom\u00e9 charterov\u00e9 lety:<\/strong> Zru\u0161en\u00ed rezervace v\u00edce ne\u017e 7 dn\u00ed p\u0159ed odjezdem a vr\u00e1cen\u00ed pln\u00e9 \u010d\u00e1stky. Za zru\u0161en\u00ed do 7 dn\u016f nebo za nedostaven\u00ed se na z\u00e1jezd se pen\u00edze nevracej\u00ed.<\/li>\n<li><strong>\u0160patn\u00e9 po\u010das\u00ed:<\/strong> Pokud kapit\u00e1n usoud\u00ed, \u017ee podm\u00ednky nejsou bezpe\u010dn\u00e9, bude v\u00e1m nab\u00eddnuta zm\u011bna term\u00ednu nebo vr\u00e1cen\u00ed pen\u011bz v pln\u00e9 v\u00fd\u0161i.<\/li>\n<li><strong>P\u0159ed\u010dasn\u00e9 n\u00e1vraty:<\/strong> V\u00fdlety zkr\u00e1cen\u00e9 na \u017e\u00e1dost hosta (nap\u0159. mo\u0159sk\u00e1 nemoc) se nevracej\u00ed.<\/li>\n<\/ul>\n<h3>\ud83c\udf89 Pro\u010d si rezervovat jachtu Neptuno s CanaryVIP<\/h3>\n<ul>\n<li><strong>Licence na pozorov\u00e1n\u00ed velryb a delf\u00edn\u016f:<\/strong> Jedna z m\u00e1la soukrom\u00fdch jachet na Tenerife, kter\u00e9 se mohou k t\u011bmto \u00fa\u017easn\u00fdm zv\u00ed\u0159at\u016fm p\u0159ibl\u00ed\u017eit.<\/li>\n<li><strong>Prostor pro velk\u00e9 skupiny:<\/strong> Licence a\u017e pro 22 host\u016f, ide\u00e1ln\u00ed pro narozeniny, firemn\u00ed akce nebo rodinn\u00e1 setk\u00e1n\u00ed.<\/li>\n<li><strong>Vynikaj\u00edc\u00ed hodnota:<\/strong> Pohodln\u00fd <a href=\"https:\/\/canaryvip.com\/cs\/tenerife\/yacht-tenerife\/\">jachta Tenerife<\/a> mo\u017enost s j\u00eddlem, n\u00e1poji a zku\u0161enou m\u00edstn\u00ed pos\u00e1dkou.<\/li>\n<\/ul>\n<h3>\ud83d\udccc Z\u00e1v\u011bre\u010dn\u00e9 my\u0161lenky<\/h3>\n<p>Na str\u00e1nk\u00e1ch <strong>Neptuno Yacht Charter Tenerife<\/strong> je v\u00edc ne\u017e jen p\u016fj\u010dovna lod\u00ed. Je to va\u0161e vstupn\u00ed br\u00e1na k pozorov\u00e1n\u00ed velryb, setk\u00e1n\u00ed s delf\u00edny, plav\u00e1n\u00ed a relaxaci s p\u0159\u00e1teli nebo rodinou v naprost\u00e9m soukrom\u00ed. D\u00edky charter\u016fm na 3 a\u017e 8 hodin, flexibiln\u00edmu cateringu a kapacit\u011b pro 22 host\u016f je to jeden z nejlep\u0161\u00edch zp\u016fsob\u016f, jak si <a href=\"https:\/\/canaryvip.com\/cs\/tenerife\/rent-a-boat-tenerife\/\">pron\u00e1jem lod\u00ed na Tenerife<\/a> s jistotou a stylem.<\/p>\n<p>Rezervujte si je\u0161t\u011b dnes <strong>CanaryVIP<\/strong> a u\u017eijte si skute\u010dn\u011b jedine\u010dn\u00fd z\u00e1\u017eitek na soukrom\u00e9 jacht\u011b v Atlantiku.<\/p>","protected":false},"excerpt":{"rendered":"<p><strong>\ud83d\udd0d Neptuno Yacht Tenerife:<\/strong><br \/>\n\u2705 Bezpe\u010dn\u00e1 platba.<br \/>\n\ud83d\udd10 Soukrom\u00e9 prohl\u00eddky k dispozici<br \/>\n\ud83d\udc0b Pozorov\u00e1n\u00ed velryb a delf\u00edn\u016f.<br \/>\n\ud83d\ude80 Denn\u00ed prohl\u00eddky<br \/>\n\ud83c\udf05 K dispozici jsou prohl\u00eddky p\u0159i z\u00e1padu slunce.<br \/>\n\ud83e\uddc3 J\u00eddlo a n\u00e1poje v cen\u011b.<br \/>\n\ud83d\udc65 A\u017e 22 osob.<br \/>\n\ud83d\udebd Toaleta na palub\u011b.<br \/>\n\ud83e\udd3f Vybaven\u00ed pro \u0161norchlov\u00e1n\u00ed je k dispozici.<br \/>\n\ud83e\udd11 Garance nejlep\u0161\u00ed ceny.<br \/>\n\ud83d\udc6a Slevy aktivov\u00e1ny.<br \/>\n\ud83d\udd01 Zru\u0161en\u00ed a\u017e na 5 dn\u00ed.<br \/>\n\ud83c\udf0d V\u00edcejazy\u010dn\u00e9 pr\u016fvodce.<br \/>\n\ud83c\udf1f Rezervujte nyn\u00ed a u\u0161et\u0159ete!<br \/>\n\ud83d\udccd Odjezd z <a href=\"https:\/\/maps.app.goo.gl\/HatmLZkFA7oLCfX57\">Los Cristianos<\/a>.<\/p>","protected":false},"featured_media":15725,"comment_status":"open","ping_status":"closed","template":"","meta":{"_acf_changed":false},"product_brand":[],"product_cat":[47],"product_tag":[],"class_list":{"0":"post-15724","1":"product","2":"type-product","3":"status-publish","4":"has-post-thumbnail","6":"product_cat-boat-hire-tenerife","7":"wcpa_has_options","9":"first","10":"instock","11":"sale","12":"virtual","13":"purchasable","14":"product-type-simple"},"acf":[],"wcpa_form_fields":{"wcpaData":{"product":{"product_price":765,"price_html":"From&nbsp;<del aria-hidden=\"true\"><span class=\"woocommerce-Price-amount amount\"><bdi>900,00&nbsp;<span class=\"woocommerce-Price-currencySymbol\">&euro;<\/span><\/bdi><\/span><\/del> <span class=\"screen-reader-text\">P\u016fvodn\u00ed cena byla: 900,00&nbsp;&euro;.<\/span><ins aria-hidden=\"true\"><span class=\"woocommerce-Price-amount amount\"><bdi>765,00&nbsp;<span class=\"woocommerce-Price-currencySymbol\">&euro;<\/span><\/bdi><\/span><\/ins><span class=\"screen-reader-text\">Aktu\u00e1ln\u00ed cena je: 765,00&nbsp;&euro;.<\/span>","original_product_price":900,"price_including_tax":765,"price_excluding_tax":765,"product_id":{"parent":15724,"variation":false},"is_variable":false,"stock_status":"instock","stock_quantity":null,"parent_sku":"CV15724","product_attributes":[],"custom_fields":[],"is_taxable":false,"product_name":"Neptuno Yacht Charter Tenerife","hasImage":false},"fields":{"sec_068b85c6eaafb2":{"extra":{"key":"sec_068b85c6eaafb2","section_id":"sec_068b85c6eaafb2","name":"Private Charter","status":1,"cl_rule":"show","enableCl":false,"relations":[{"operator":false,"rules":[{"operator":"AND","rules":{"cl_field":"radio-group_768b85c6eaaf46","cl_relation":"is","cl_val":"Private Charter"}}]}],"toggle":true,"title_tag":"h4","show_title":false,"showPrice":"default","repeater_section_field_label":"{field_label}","repeater_section_label":"{section_name}","repeater_bind":"","form_id":15819,"form_rules":{"exclude_from_discount":true,"fee_label":"Fee","disp_hide_options_price":true,"disp_show_section_price":false,"disp_show_field_price":true,"layout_option":"standard","pric_use_as_fee":false,"process_fee_as":"woo_fee"},"layout_option":"standard"},"fields":[[{"label":"\ud83d\udcc5 Date","active":true,"required":true,"elementId":"date_368b85c6eaafbc","picker_type":"custom","picker_mode":"single","placeholder":"","description":"","tooltip":"","name":"date_368b85c6eaafbc","label_position":"default","desc_position":"default","enablePrice":false,"className":"","enableCl":false,"relations":[{"operator":"and","rules":[{"operator":"AND","rules":{"cl_field":"radio-group_367e16bf8dd4f5","cl_relation":"is","cl_val":"3 Hour Trip"}}]}],"enableDesign":false,"LabelColor":"","date_pic_inline":true,"date_pic_inline_hide":true,"min_date":{"type":"days","val":"2"},"max_date":{"type":"days","val":"365"},"date_pic_conf":{"disabledWeeks":[]},"price":"","cl_rule":"show","col":6,"type":"date","error":false,"isWeightTemplate":false,"isTemplate":false,"min_quantity":"1","quantity_decimal":false,"quantity_step":"1","quantity_label":"Quantity","repeater_field_label":"{field_label}","repeater_bind":"","gt_translate_keys":["label","placeholder","description","tooltip","repeater_field_label","quantity_label"],"price_dependency":false,"cl_dependency":false,"value":""}],[{"active":true,"col":6,"relations":false,"cl_rule":"show","enableCl":false,"price":"","enablePrice":true,"className":"","label_position":"default","desc_position":"default","type":"select","required":false,"elementId":"select_668b85c6eaafc6","label":"\u231b\ufe0f Charter Duration (From 765\u20ac)","name":"select_668b85c6eaafc6","values":[{"label":"3 Hours (From 765\u20ac)","value":"3","selected":false,"tempId":"aco_3241","price":"765","options_cl":false,"relations":[{"operator":false,"rules":[{"operator":"AND","rules":{"cl_field":"","cl_relation":"","cl_val":""}}]}],"cl_rule":"show","gt_translate_keys":["label"]},{"label":"4 Hours (From 985\u20ac)","value":"4","selected":false,"tempId":"aco_2149","price":"985","gt_translate_keys":["label"]},{"label":"5 Hours (From 1.225\u20ac)","value":"5","selected":false,"tempId":"aco_468","price":"1225","gt_translate_keys":["label"]},{"label":"6 Hours (From 1.465\u20ac)","value":"6","selected":false,"tempId":"aco_505","price":"1465","gt_translate_keys":["label"]},{"label":"7 Hours (From 1.700\u20ac)","value":"7","selected":false,"tempId":"aco_542","price":"1700","gt_translate_keys":["label"]},{"label":"8 Hours (From 1.960\u20ac)","value":"8","selected":false,"tempId":"aco_579","price":"1960","gt_translate_keys":["label"]}],"dropdown_type":"basic","error":false,"placeholder":"Select Duration Time","priceOptions":"different_for_all","pricingType":"fixed","is_show_price":false,"isWeightTemplate":false,"isTemplate":false,"min_quantity":"1","quantity_decimal":false,"quantity_step":"1","quantity_label":"Quantity","repeater_field_label":"{field_label}","repeater_bind":"","gt_translate_keys":["label","placeholder","repeater_field_label","quantity_label"],"price_dependency":false,"cl_dependency":false,"value":""}],[{"label":"\u23f0 Departure","active":true,"required":true,"elementId":"select_468b85c6eaafd0","dropdown_type":"basic","placeholder":"Select Departure Time","name":"select_468b85c6eaafd0","label_position":"default","desc_position":"default","enablePrice":true,"className":"","enableCl":false,"relations":[{"operator":false,"rules":[{"operator":"AND","rules":{"cl_field":"date_367e16bf8dd504","cl_relation":"week_day_is","cl_val":[1]}}]}],"values":[{"label":"9:30","value":"9:30","selected":false,"tempId":"aco_2695","price":"0","gt_translate_keys":["label"]},{"label":"12:30","value":"12:30","selected":false,"tempId":"aco_2329","price":"0","gt_translate_keys":["label"]},{"label":"15:30","value":"15:30","selected":false,"tempId":"aco_2457","price":"0","gt_translate_keys":["label"]},{"label":"17:00","value":"17:00","selected":false,"tempId":"aco_19","price":"100","gt_translate_keys":["label"]}],"price":"","cl_rule":"show","col":6,"type":"select","error":false,"priceOptions":"different_for_all","pricingType":"fixed","is_show_price":true,"isWeightTemplate":false,"isTemplate":false,"min_quantity":"1","quantity_decimal":false,"quantity_step":"1","quantity_label":"Quantity","repeater_field_label":"{field_label}","repeater_bind":"","gt_translate_keys":["label","placeholder","repeater_field_label","quantity_label"],"price_dependency":false,"cl_dependency":false,"value":""}],[{"active":true,"col":6,"relations":false,"cl_rule":"show","enableCl":false,"price":"","enablePrice":true,"className":"","label_position":"default","desc_position":"default","type":"select","required":false,"elementId":"select_3142719928","label":"\ud83d\udc65 Amount of People","name":"select_3142719928","values":[{"label":"1 Person","value":"1 Person","selected":false,"tempId":"aco_1169","options_cl":false,"relations":[{"operator":false,"rules":[{"operator":"AND","rules":{"cl_field":"","cl_relation":"","cl_val":""}}]}],"cl_rule":"show","gt_translate_keys":["label"]},{"label":"2 People","value":"2 People","selected":false,"tempId":"aco_1170","gt_translate_keys":["label"]},{"label":"3 People","value":"3 People","selected":false,"tempId":"aco_1171","gt_translate_keys":["label"]},{"label":"4 People","value":"4 People","selected":false,"tempId":"aco_1397","gt_translate_keys":["label"]},{"label":"5 People (+20\u20ac)","value":"5 People","selected":false,"tempId":"aco_2351","price":"20","gt_translate_keys":["label"]},{"label":"6 People (+30\u20ac)","value":"6 People","selected":false,"tempId":"aco_1461","price":"30","gt_translate_keys":["label"]},{"label":"7 People (+40\u20ac)","value":"7 People","selected":false,"tempId":"aco_1507","price":"40","gt_translate_keys":["label"]},{"label":"8 People (+50\u20ac)","value":"8 People","selected":false,"tempId":"aco_1553","price":"50","gt_translate_keys":["label"]},{"label":"9 People (+60\u20ac)","value":"9 People","selected":false,"tempId":"aco_1563","price":"60","gt_translate_keys":["label"]},{"label":"10 People (+70\u20ac)","value":"10 People","selected":false,"tempId":"aco_1573","price":"70","gt_translate_keys":["label"]},{"label":"11 People (+80\u20ac)","value":"11 People","selected":false,"tempId":"aco_1583","price":"80","gt_translate_keys":["label"]},{"label":"12 People (+90\u20ac)","value":"12 People","selected":false,"tempId":"aco_1746","price":"90","gt_translate_keys":["label"]},{"label":"13 People (+100\u20ac)","value":"13 People","selected":false,"tempId":"aco_1756","price":"100","gt_translate_keys":["label"]},{"label":"14 People (+110\u20ac)","value":"14 People","selected":false,"tempId":"aco_1766","price":"110","gt_translate_keys":["label"]},{"label":"15 People (+120\u20ac)","value":"15 People","selected":false,"tempId":"aco_1911","price":"120","gt_translate_keys":["label"]},{"label":"16 People (+130\u20ac)","value":"16 People","selected":false,"tempId":"aco_1957","price":"130","gt_translate_keys":["label"]},{"label":"17 People (+140\u20ac)","value":"17 People","selected":false,"tempId":"aco_2003","price":"140","gt_translate_keys":["label"]},{"label":"18 People (+150\u20ac)","value":"18 People","selected":false,"tempId":"aco_2049","price":"150","gt_translate_keys":["label"]},{"label":"19 People (+160\u20ac)","value":"19 People","selected":false,"tempId":"aco_2113","price":"160","gt_translate_keys":["label"]},{"label":"20 People (+170\u20ac)","value":"20 People","selected":false,"tempId":"aco_2159","price":"170","gt_translate_keys":["label"]},{"label":"21 People (+180\u20ac)","value":"21 People","selected":false,"tempId":"aco_2205","price":"180","gt_translate_keys":["label"]},{"label":"22 People (+190\u20ac)","value":"22 People","selected":false,"tempId":"aco_2269","price":"190","gt_translate_keys":["label"]}],"isWeightTemplate":false,"error":false,"isTemplate":false,"min_quantity":"1","quantity_decimal":false,"quantity_step":"1","quantity_label":"Quantity","repeater_field_label":"{field_label}","repeater_bind":"","dropdown_type":"basic","priceOptions":"different_for_all","pricingType":"fixed","is_show_price":false,"gt_translate_keys":["label","repeater_field_label","quantity_label"],"price_dependency":false,"cl_dependency":false,"value":""}],[{"active":true,"col":6,"relations":false,"cl_rule":"show","enableCl":false,"price":"","enablePrice":false,"className":"","label_position":"default","desc_position":"default","type":"separator","required":false,"elementId":"separator_368b85c6eaafe4","label":"Separator Field","height":"3","separatorType":"blank","error":false,"gt_translate_keys":["label"],"price_dependency":false,"cl_dependency":false,"value":""}],[{"active":true,"col":6,"relations":[{"operator":false,"rules":[{"operator":"AND","rules":{"cl_field":"","cl_relation":"","cl_val":""}}]}],"cl_rule":"show","enableCl":false,"price":"","enablePrice":false,"className":"","label_position":"default","desc_position":"default","type":"content","required":false,"elementId":"content_1542895609","label":"","name":"content_1542895609","contentType":"rich","value":"<p>Please note that any tour that remains on the water after 17:00 will have an additional cost of \u20ac100, to be paid directly on the boat.<\/p>","isTemplate":false,"error":false,"enableDesign":true,"DescColor":"#0042ff","show_in_checkout":true,"gt_translate_keys":["label","value"],"price_dependency":false,"cl_dependency":false}]]}},"config":{"price_override":"always","enable_recaptcha":false,"bind_quantity":false,"quantity_bind_formula":false,"disp_summ_show_option_price":true,"disp_summ_show_product_price":false,"disp_summ_show_total_price":true,"disp_summ_show_fee":true,"disp_summ_show_discount":true,"summary_title":"","options_total_label":"Options Price","total_label":"Total Amount Now","options_product_label":"Product Price","fee_label":"Fee","discount_label":"Discount","has_price":true,"has_quantity_formula":false},"mc_unit":1,"tax_rate":1,"tax_rate_real":1,"discount":{"percentage":0,"fixed":0},"design":{"conf":{"LabelPosition":"above","DescPosition":"above","UploadField":"custom_1","QuantityFieldStyle":"custom_1"},"css":{"LeftLabelWidth":"120px"}},"formulas":{"fmla_1708364241278155361":"(({field.select_668b85c6eaafc6.value}>=4)?(150+({field.number_268b85c6eaafd9.value}*5)):(({field.select_668b85c6eaafc6.value}>=3)?(100+({field.number_268b85c6eaafd9.value}*5)):(0)))","fmla_1742826688120818082":"(({field.select_668b85c6eaafc6.value}>=4)?(1500+{field.select_468b85c6eaafd0.price}):(({field.select_668b85c6eaafc6.value}>=3)?(750+{field.select_468b85c6eaafd0.price}):(0)))"},"lookuptables":[],"clones":false,"cartKey":false}},"_links":{"self":[{"href":"https:\/\/canaryvip.com\/cs\/wp-json\/wp\/v2\/product\/15724","targetHints":{"allow":["GET"]}}],"collection":[{"href":"https:\/\/canaryvip.com\/cs\/wp-json\/wp\/v2\/product"}],"about":[{"href":"https:\/\/canaryvip.com\/cs\/wp-json\/wp\/v2\/types\/product"}],"replies":[{"embeddable":true,"href":"https:\/\/canaryvip.com\/cs\/wp-json\/wp\/v2\/comments?post=15724"}],"wp:featuredmedia":[{"embeddable":true,"href":"https:\/\/canaryvip.com\/cs\/wp-json\/wp\/v2\/media\/15725"}],"wp:attachment":[{"href":"https:\/\/canaryvip.com\/cs\/wp-json\/wp\/v2\/media?parent=15724"}],"wp:term":[{"taxonomy":"product_brand","embeddable":true,"href":"https:\/\/canaryvip.com\/cs\/wp-json\/wp\/v2\/product_brand?post=15724"},{"taxonomy":"product_cat","embeddable":true,"href":"https:\/\/canaryvip.com\/cs\/wp-json\/wp\/v2\/product_cat?post=15724"},{"taxonomy":"product_tag","embeddable":true,"href":"https:\/\/canaryvip.com\/cs\/wp-json\/wp\/v2\/product_tag?post=15724"}],"curies":[{"name":"wp","href":"https:\/\/api.w.org\/{rel}","templated":true}]}}