{"id":15386,"date":"2025-08-07T14:09:56","date_gmt":"2025-08-07T13:09:56","guid":{"rendered":"https:\/\/canaryvip.com\/?post_type=product&#038;p=15386"},"modified":"2025-08-09T13:45:20","modified_gmt":"2025-08-09T12:45:20","slug":"crazy-ufo-twister-tenerife","status":"publish","type":"product","link":"https:\/\/canaryvip.com\/cs\/shop\/crazy-ufo-twister-tenerife\/","title":{"rendered":"Bl\u00e1zniv\u00e9 UFO &amp; Twister Tenerife"},"content":{"rendered":"<h2><strong>\ud83d\ude80 Bl\u00e1zniv\u00e9 UFO Tenerife - rychl\u00e1 z\u00e1bava na vod\u011b<\/strong><\/h2>\n<p>Hled\u00e1te divokou j\u00edzdu? Nasko\u010dte na <strong>Bl\u00e1zniv\u00e9 UFO Tenerife<\/strong> a p\u0159ipravte se na intenzivn\u00ed sm\u011bs rychlosti, st\u0159\u00edkaj\u00edc\u00ed vody a \u010dist\u00e9ho adrenalinu. Jedn\u00e1 se o jeden z nejvzru\u0161iv\u011bj\u0161\u00edch <strong>vodn\u00ed sporty na Tenerife<\/strong>, ide\u00e1ln\u00ed pro rodiny, p\u00e1ry nebo skupiny p\u0159\u00e1tel, kte\u0159\u00ed hledaj\u00ed n\u011bco nezapomenuteln\u00e9ho na Costa Adeje.<\/p>\n<h3><strong>\ud83c\udf0a Odjezd z Puerto Col\u00f3n<\/strong><\/h3>\n<ul>\n<li><strong>Snadn\u00fd p\u0159\u00edstup:<\/strong> Va\u0161e dobrodru\u017estv\u00ed za\u010d\u00edn\u00e1 <a href=\"https:\/\/maps.app.goo.gl\/bkqEhAxsobcjz9wG9\" target=\"_blank\" rel=\"noopener\">Puerto Col\u00f3n<\/a>, jeden z nejobl\u00edben\u011bj\u0161\u00edch p\u0159\u00edstav\u016f na jihu Tenerife. Je snadno dostupn\u00fd a obklopen\u00fd skv\u011blou pl\u00e1\u017eovou atmosf\u00e9rou.<\/li>\n<li><strong>Rychl\u00fd p\u0159ehled:<\/strong> P\u0159ed j\u00edzdou dostanete bezpe\u010dnostn\u00ed instrukt\u00e1\u017e od zku\u0161en\u00e9 pos\u00e1dky, abyste se ujistili, \u017ee je v\u0161e p\u0159ipraveno pro bezpe\u010dn\u00fd a z\u00e1bavn\u00fd z\u00e1\u017eitek.<\/li>\n<\/ul>\n<h3><strong>\u2728 Pro\u010d si vybrat bl\u00e1znivou j\u00edzdu UFO na Tenerife?<\/strong><\/h3>\n<ul>\n<li><strong>Intenzivn\u00ed adrenalin:<\/strong> Nen\u00ed to jen oby\u010dejn\u00e1 nafukovac\u00ed atrakce. Crazy UFO se to\u010d\u00ed, klou\u017ee a sk\u00e1\u010de nad vlnami takov\u00fdm zp\u016fsobem, \u017ee se budete sm\u00e1t a k\u0159i\u010det z\u00e1rove\u0148.<\/li>\n<li><strong>Ide\u00e1ln\u00ed pro ka\u017ed\u00e9ho:<\/strong> Nemus\u00edte b\u00fdt profesion\u00e1l. A\u0165 u\u017e je to va\u0161e prvn\u00ed nebo des\u00e1t\u00e1 vodn\u00ed aktivita, tato j\u00edzda je bezpe\u010dn\u00e1 a z\u00e1bavn\u00e1 pro v\u0161echny \u00farovn\u011b dovednost\u00ed - od za\u010d\u00e1te\u010dn\u00edk\u016f a\u017e po milovn\u00edky vzru\u0161en\u00ed.<\/li>\n<li><strong>\u00da\u017easn\u00e9 v\u00fdhledy:<\/strong> B\u011bhem letu p\u0159es oce\u00e1n se na chv\u00edli zastavte a pokochejte se n\u00e1dhern\u00fdm pob\u0159e\u017e\u00edm Playa de las Am\u00e9ricas a t\u0159pytiv\u00fdmi vodami Atlantiku.<\/li>\n<\/ul>\n<h3><strong>\ud83d\udcb6 Skv\u011bl\u00e1 hodnota za kr\u00e1tkou, ale intenzivn\u00ed j\u00edzdu<\/strong><\/h3>\n<ul>\n<li><strong>Doba trv\u00e1n\u00ed:<\/strong> Cel\u00fdch 15 minut nap\u00ednav\u00e9 j\u00edzdy pln\u00e9 akce.<\/li>\n<li><strong>Dostupn\u00e1 cena:<\/strong> Z\u00e1bavn\u00e1 a cenov\u011b dostupn\u00e1 mo\u017enost pro ty, kte\u0159\u00ed cht\u011bj\u00ed vyzkou\u0161et vzru\u0161uj\u00edc\u00ed <strong>vodn\u00ed aktivity na Tenerife<\/strong> ani\u017e byste museli utratit cel\u00e9 jm\u011bn\u00ed.<\/li>\n<li><strong>Dostupn\u00e9 fotografie:<\/strong> Nezapome\u0148te si prohl\u00e9dnout fotografie sv\u00e9 j\u00edzdy, kter\u00e9 jsou k dispozici ke koupi - budete cht\u00edt d\u016fkaz t\u011bch divok\u00fdch tv\u00e1\u0159\u00ed!<\/li>\n<\/ul>\n<h3><strong>\u2696\ufe0f Flexibiln\u00ed rezervace a storno<\/strong><\/h3>\n<ul>\n<li><strong>Snadn\u00e1 rezervace:<\/strong> Ve spole\u010dnosti CanaryVIP zaji\u0161\u0165ujeme hladkou a rychlou rezervaci j\u00edzdy Crazy UFO. Sta\u010d\u00ed si vybrat datum a zajistit si m\u00edsto.<\/li>\n<li><strong>Bezplatn\u00e9 zru\u0161en\u00ed:<\/strong> Zm\u011bnily se pl\u00e1ny? \u017d\u00e1dn\u00fd probl\u00e9m. Rezervaci m\u016f\u017eete zru\u0161it do 24 hodin p\u0159ed aktivitou a dostanete zp\u011bt celou \u010d\u00e1stku. \u017d\u00e1dn\u00fd stres, \u017e\u00e1dn\u00e9 starosti.<\/li>\n<\/ul>\n<h3><strong>\u2705 Co je sou\u010d\u00e1st\u00ed j\u00edzdy Crazy UFO Tenerife?<\/strong><\/h3>\n<ul>\n<li>Z\u00e1chrann\u00e9 vesty a bezpe\u010dnostn\u00ed vybaven\u00ed pro v\u0161echny \u00fa\u010dastn\u00edky.<\/li>\n<li>15 minut vysokorychlostn\u00ed akce na nafukovac\u00edm letadle Crazy UFO.<\/li>\n<li>Profesion\u00e1ln\u00ed a p\u0159\u00e1telsk\u00fd person\u00e1l, kter\u00fd se postar\u00e1 o bezpe\u010dn\u00fd a z\u00e1bavn\u00fd \u010das.<\/li>\n<li>Voliteln\u00e9 fotografie z j\u00edzdy, abyste si uchovali vzpom\u00ednky.<\/li>\n<\/ul>\n<h3><strong>\ud83c\udfaf Pro\u010d rezervovat s CanaryVIP?<\/strong><\/h3>\n<ul>\n<li>Spolupracujeme s nejl\u00e9pe hodnocen\u00fdmi spole\u010dnostmi provozuj\u00edc\u00edmi vodn\u00ed sporty na Tenerife, abychom v\u00e1m nab\u00eddli jen ty nejlep\u0161\u00ed a nejbezpe\u010dn\u011bj\u0161\u00ed z\u00e1\u017eitky.<\/li>\n<li>S\u00eddl\u00edme na Tenerife a jsme v\u00e1m k dispozici s m\u00edstn\u00edmi radami p\u0159ed rezervac\u00ed i po n\u00ed.<\/li>\n<li>Tuto funkci m\u016f\u017eete kombinovat s dal\u0161\u00edmi <strong>vodn\u00ed aktivity na Tenerife<\/strong> jako <a href=\"https:\/\/canaryvip.com\/cs\/shop\/jetski-tenerife\/\">j\u00edzda na vodn\u00edm sk\u00fatru<\/a>, <a href=\"https:\/\/canaryvip.com\/cs\/shop\/parasailing-tenerife\/\">parasailing<\/a> nebo <a href=\"https:\/\/canaryvip.com\/cs\/tenerife\/boat-excursions\/\">v\u00fdlety lod\u00ed<\/a>-v\u0161echny ve stejn\u00e9 oblasti!<\/li>\n<\/ul>\n<h3><strong>\ud83c\udf92 Co si vz\u00edt s sebou<\/strong><\/h3>\n<ul>\n<li><strong>Plavky:<\/strong> Zmoknete! P\u0159ij\u010fte oble\u010deni do vody a p\u0159ipraveni se bavit.<\/li>\n<li><strong>Ochrana proti slune\u010dn\u00edmu z\u00e1\u0159en\u00ed:<\/strong> Vezm\u011bte si opalovac\u00ed kr\u00e9m, zejm\u00e9na ve slune\u010dn\u00fdch dnech.<\/li>\n<li><strong>Zanechejte cenn\u00e9 v\u011bci na m\u00edst\u011b:<\/strong> V p\u0159\u00edstavu jsou k dispozici zabezpe\u010den\u00e9 \u00falo\u017en\u00e9 prostory, kde si m\u016f\u017eete b\u011bhem j\u00edzdy nechat sv\u00e9 v\u011bci.<\/li>\n<\/ul>\n<h3>\u2753 <strong>\u010casto kladen\u00e9 ot\u00e1zky<\/strong><\/h3>\n<ul>\n<li><strong>Je Bl\u00e1zniv\u00e9 UFO bezpe\u010dn\u00e9?<\/strong> Rozhodn\u011b. Bezpe\u010dnost je nejvy\u0161\u0161\u00ed prioritou. Na j\u00edzdu dohl\u00ed\u017eej\u00ed vy\u0161kolen\u00ed profesion\u00e1lov\u00e9 a v\u0161ichni \u00fa\u010dastn\u00edci maj\u00ed z\u00e1chrann\u00e9 vesty.<\/li>\n<li><strong>Mus\u00edm um\u011bt plavat?<\/strong> Zku\u0161enosti s plav\u00e1n\u00edm nejsou nutn\u00e9. Po celou dobu budete m\u00edt na sob\u011b z\u00e1chrannou vestu.<\/li>\n<li><strong>Jak\u00fd je minim\u00e1ln\u00ed v\u011bk?<\/strong> Obvykle mohou jezdit d\u011bti od 10 let, ale pokud si nejste jisti, v\u017edy je lep\u0161\u00ed se n\u00e1s p\u0159ed rezervac\u00ed zeptat.<\/li>\n<\/ul>\n<h4><strong>\ud83c\udf1e P\u0159ipravte se na k\u0159ik, sm\u00edch a \u0161plouch\u00e1n\u00ed!<\/strong><\/h4>\n<p>Nenechte si uj\u00edt jednu z nejz\u00e1bavn\u011bj\u0161\u00edch <strong>vodn\u00ed sporty na Tenerife<\/strong>. Rezervujte si <strong>Bl\u00e1zniv\u00e9 UFO Tenerife<\/strong> jezd\u011bte je\u0161t\u011b dnes s CanaryVIP a za\u017eijte vzru\u0161en\u00ed z letu nad vlnami p\u0159i jedn\u00e9 z nejzaj\u00edmav\u011bj\u0161\u00edch vodn\u00edch aktivit, kter\u00e9 ostrov nab\u00edz\u00ed.<\/p>","protected":false},"excerpt":{"rendered":"<p>\ud83d\udd0d<strong> Bl\u00e1zniv\u00e9 UFO &amp; Twister Tenerife:<br \/>\n<\/strong>\u2705 Bezpe\u010dn\u00e1 platba.<br \/>\n\ud83d\udc65 A\u017e 8 jezdc\u016f na jednu j\u00edzdu.<br \/>\n\ud83d\ude80 J\u00edzdy trvaj\u00ed 15 minut.<br \/>\n\ud83c\udfde\ufe0f Vysokorychlostn\u00ed j\u00edzdy.<br \/>\n\ud83d\udd59 Po cel\u00fd den.<br \/>\n\ud83d\udcc5 K dispozici denn\u011b.<br \/>\n\ud83e\udd11 Garance nejlep\u0161\u00ed ceny.<br \/>\n\ud83d\udc6a Slevy pro skupiny.<br \/>\n\ud83d\udd01 Storno podm\u00ednky 24 hodin.<br \/>\n\ud83c\udf0d Podpora v\u00edce jazyk\u016f.<br \/>\n\ud83c\udf1f Rezervujte p\u0159edem, abyste u\u0161et\u0159ili.<br \/>\n\ud83d\udccd Odjezd z <a href=\"https:\/\/maps.app.goo.gl\/bkqEhAxsobcjz9wG9\">Puerto Col\u00f3n<\/a>.<\/p>","protected":false},"featured_media":15388,"comment_status":"open","ping_status":"closed","template":"","meta":{"_acf_changed":false},"product_brand":[],"product_cat":[53],"product_tag":[],"class_list":{"0":"post-15386","1":"product","2":"type-product","3":"status-publish","4":"has-post-thumbnail","6":"product_cat-water-sports","7":"wcpa_has_options","9":"first","10":"instock","11":"virtual","12":"purchasable","13":"product-type-simple"},"acf":[],"wcpa_form_fields":{"wcpaData":{"product":{"product_price":18,"price_html":"From&nbsp;<span class=\"woocommerce-Price-amount amount\"><bdi>18,00&nbsp;<span class=\"woocommerce-Price-currencySymbol\">&euro;<\/span><\/bdi><\/span>","original_product_price":18,"price_including_tax":18,"price_excluding_tax":18,"product_id":{"parent":15386,"variation":false},"is_variable":false,"stock_status":"instock","stock_quantity":null,"parent_sku":"CV15386","product_attributes":[],"custom_fields":[],"is_taxable":false,"product_name":"Crazy UFO & Twister Tenerife","hasImage":false},"fields":{"sec_16894ab7dd6246":{"extra":{"key":"sec_16894ab7dd6246","section_id":"sec_16894ab7dd6246","name":"Default","status":1,"cl_rule":"show","enableCl":false,"relations":[],"toggle":true,"title_tag":"h3","show_title":false,"showPrice":"default","form_id":15391,"form_rules":{"exclude_from_discount":true,"fee_label":"Fee","disp_hide_options_price":true,"disp_show_section_price":false,"disp_show_field_price":true,"layout_option":"standard","pric_use_as_fee":false,"process_fee_as":"woo_fee"},"layout_option":"standard"},"fields":[[{"label":"\ud83d\udcc5 Date","active":true,"required":true,"elementId":"date_26894ab7dd6265","picker_type":"custom","picker_mode":"single","placeholder":"","description":"","tooltip":"","name":"date_26894ab7dd6265","label_position":"default","desc_position":"default","enablePrice":false,"className":"","enableCl":false,"relations":[{"operator":"and","rules":[{"operator":"AND","rules":{"cl_field":"radio-group_5661bc90f5e8f5","cl_relation":"is_not_empty","cl_val":"3 Hour Trip"}}]}],"date_pic_inline":true,"date_pic_inline_hide":true,"min_date":{"type":"days","val":"1"},"max_date":{"type":"days","val":"365"},"date_pic_conf":{"disabledWeeks":[]},"price":"","cl_rule":"show","col":6,"type":"date","error":false,"enableDesign":false,"LabelColor":"","isWeightTemplate":false,"isTemplate":false,"min_quantity":"1","quantity_decimal":false,"quantity_step":"1","quantity_label":"Quantity","repeater_field_label":"{field_label}","repeater_bind":"","gt_translate_keys":["label","placeholder","description","tooltip","repeater_field_label","quantity_label"],"price_dependency":false,"cl_dependency":false,"value":""}],[{"active":true,"col":6,"relations":false,"cl_rule":"show","enableCl":false,"price":"","enablePrice":false,"className":"","label_position":"default","desc_position":"default","type":"select","required":true,"elementId":"select_66894ab7dd6273","label":"\u23f0 Departure Time","name":"select_66894ab7dd6273","values":[{"label":"Whichever Time is Best","value":"Whichever Time is Best","selected":false,"tempId":"aco_312","gt_translate_keys":["label"]},{"label":"10:00","value":"10:00","selected":false,"tempId":"aco_313","gt_translate_keys":["label"]},{"label":"11:00","value":"11:00","selected":false,"tempId":"aco_314","gt_translate_keys":["label"]},{"label":"12:00","value":"12:00","selected":false,"tempId":"aco_711","gt_translate_keys":["label"]},{"label":"13:00","value":"13:00","selected":false,"tempId":"aco_721","gt_translate_keys":["label"]},{"label":"14:00","value":"14:00","selected":false,"tempId":"aco_983","gt_translate_keys":["label"]},{"label":"15:00","value":"15:00","selected":false,"tempId":"aco_993","gt_translate_keys":["label"]},{"label":"16:00","value":"16:00","selected":false,"tempId":"aco_1183","gt_translate_keys":["label"]}],"dropdown_type":"basic","error":false,"multiple":false,"placeholder":"None","isWeightTemplate":false,"isTemplate":false,"min_quantity":"1","quantity_decimal":false,"quantity_step":"1","quantity_label":"Quantity","repeater_field_label":"{field_label}","repeater_bind":"","gt_translate_keys":["label","placeholder","repeater_field_label","quantity_label"],"price_dependency":false,"cl_dependency":false,"value":""}],[{"active":true,"col":6,"relations":[{"operator":false,"rules":[{"operator":"AND","rules":{"cl_field":"","cl_relation":"","cl_val":""}}]}],"cl_rule":"show","enableCl":true,"price":"18","enablePrice":true,"className":"","label_position":"default","desc_position":"default","type":"radio-group","required":false,"elementId":"radio-group_76894ab7dd6281","label":"","name":"radio-group_76894ab7dd6281","values":[{"label":"\ud83d\udc64 People (18\u20ac)","value":"People","selected":true,"tempId":"aco_32","tooltip":"","description":"","gt_translate_keys":["label","tooltip","description"]}],"layOut":"","error":false,"checkUi":"button","priceOptions":"fixed_for_all","pricingType":"fixed","enable_quantity":true,"quantity_label":"","min_quantity":"0","options_tooltip":true,"options_description":true,"is_show_price":true,"isWeightTemplate":false,"isTemplate":false,"quantity_decimal":false,"quantity_step":"1","repeater_field_label":"{field_label}","repeater_bind":"","gt_translate_keys":["label","repeater_field_label","quantity_label"],"price_dependency":false,"cl_dependency":false,"value":""}],[{"active":true,"col":6,"relations":false,"cl_rule":"show","enableCl":false,"price":"","enablePrice":false,"className":"","label_position":"default","desc_position":"default","type":"separator","required":false,"elementId":"separator_16894ab7dd628d","label":"Separator Field","height":"6","separatorType":"fill","error":false,"separatorColor":"#66a5b6","gt_translate_keys":["label"],"price_dependency":false,"cl_dependency":false,"value":""}],[{"active":true,"col":6,"relations":false,"cl_rule":"show","enableCl":false,"price":"{field.radio-group_76894ab7dd6281.quantity}*6","enablePrice":true,"className":"","label_position":"default","desc_position":"default","type":"content","required":false,"elementId":"content_66894ab7dd6297","label":"Deposit Now","name":"content_66894ab7dd6297","contentType":"plain","value":"","error":false,"subtype":"div","inline":true,"show_in_checkout":true,"pricingType":"custom","isTemplate":false,"gt_translate_keys":["label","value"],"price_dependency":false,"cl_dependency":false}],[{"contentType":"plain","active":true,"label":"Payment at Arrival","elementId":"content_96894ab7dd62a1","value":"","inline":true,"show_in_checkout":true,"name":"content_96894ab7dd62a1","enablePrice":true,"className":"","subtype":"div","enableCl":false,"relations":false,"pricingType":"custom","isTemplate":false,"price":"{field.radio-group_76894ab7dd6281.quantity}*12","is_show_price":true,"cl_rule":"show","col":6,"type":"content","error":false,"gt_translate_keys":["label","value"],"price_dependency":false,"cl_dependency":false}],[{"contentType":"plain","active":true,"label":"Total Price","elementId":"content_76894ab7dd62ab","value":"","inline":true,"show_in_checkout":true,"name":"content_76894ab7dd62ab","enablePrice":true,"className":"","subtype":"div","enableCl":false,"relations":false,"pricingType":"custom","isTemplate":false,"price":"{field.radio-group_76894ab7dd6281.quantity}*18","is_show_price":true,"cl_rule":"show","col":6,"type":"content","error":false,"gt_translate_keys":["label","value"],"price_dependency":false,"cl_dependency":false}]]}},"config":{"price_override":"always","enable_recaptcha":false,"bind_quantity":false,"quantity_bind_formula":false,"disp_summ_show_option_price":true,"disp_summ_show_product_price":false,"disp_summ_show_total_price":true,"disp_summ_show_fee":true,"disp_summ_show_discount":true,"summary_title":"","options_total_label":"Options Price","total_label":"Total Amount","options_product_label":"Product Price","fee_label":"Fee","discount_label":"Discount","has_price":true,"has_quantity_formula":false},"mc_unit":1,"tax_rate":1,"tax_rate_real":1,"discount":{"percentage":0,"fixed":0},"design":{"conf":{"LabelPosition":"above","DescPosition":"above","UploadField":"custom_1","QuantityFieldStyle":"custom_1"},"css":{"LeftLabelWidth":"120px"}},"formulas":[],"lookuptables":[],"clones":false,"cartKey":false}},"_links":{"self":[{"href":"https:\/\/canaryvip.com\/cs\/wp-json\/wp\/v2\/product\/15386","targetHints":{"allow":["GET"]}}],"collection":[{"href":"https:\/\/canaryvip.com\/cs\/wp-json\/wp\/v2\/product"}],"about":[{"href":"https:\/\/canaryvip.com\/cs\/wp-json\/wp\/v2\/types\/product"}],"replies":[{"embeddable":true,"href":"https:\/\/canaryvip.com\/cs\/wp-json\/wp\/v2\/comments?post=15386"}],"wp:featuredmedia":[{"embeddable":true,"href":"https:\/\/canaryvip.com\/cs\/wp-json\/wp\/v2\/media\/15388"}],"wp:attachment":[{"href":"https:\/\/canaryvip.com\/cs\/wp-json\/wp\/v2\/media?parent=15386"}],"wp:term":[{"taxonomy":"product_brand","embeddable":true,"href":"https:\/\/canaryvip.com\/cs\/wp-json\/wp\/v2\/product_brand?post=15386"},{"taxonomy":"product_cat","embeddable":true,"href":"https:\/\/canaryvip.com\/cs\/wp-json\/wp\/v2\/product_cat?post=15386"},{"taxonomy":"product_tag","embeddable":true,"href":"https:\/\/canaryvip.com\/cs\/wp-json\/wp\/v2\/product_tag?post=15386"}],"curies":[{"name":"wp","href":"https:\/\/api.w.org\/{rel}","templated":true}]}}