{"id":15373,"date":"2025-08-07T12:36:55","date_gmt":"2025-08-07T11:36:55","guid":{"rendered":"https:\/\/canaryvip.com\/?post_type=product&#038;p=15373"},"modified":"2025-10-23T10:52:49","modified_gmt":"2025-10-23T09:52:49","slug":"bellini-luxury-yacht-tenerife","status":"publish","type":"product","link":"https:\/\/canaryvip.com\/cs\/shop\/bellini-luxury-yacht-tenerife\/","title":{"rendered":"Luxusn\u00ed jachta Bellini Tenerife"},"content":{"rendered":"<h2><strong>\ud83d\udee5\ufe0f Bellini Luxusn\u00ed jachty na Tenerife<\/strong><\/h2>\n<p class=\"translation-block\">Za\u017eijte jedno z nejexkluzivn\u011bj\u0161\u00edch dobrodru\u017estv\u00ed na ostrov\u011b s <strong>Bellini Luxury Yacht Tenerife<\/strong>. Tento soukrom\u00fd charter, kter\u00fd vyplouv\u00e1 z malebn\u00e9ho p\u0159\u00edstavu <a href=\"https:\/\/maps.app.goo.gl\/Xq4LkTRqPjHQzRBE8\" target=\"_blank\" rel=\"noopener\">Puerto de Los Gigantes<\/a>, nab\u00edz\u00ed p\u0159\u00edm\u00fd p\u0159\u00edstup k nej\u00fachvatn\u011bj\u0161\u00edm scen\u00e9ri\u00edm na Tenerife, v\u010detn\u011b vysok\u00fdch \u00fates\u016f Los Gigantes a nedot\u010den\u00e9ho pob\u0159e\u017e\u00ed Masca.<\/p>\n<p class=\"translation-block\">A\u0165 u\u017e slav\u00edte zvl\u00e1\u0161tn\u00ed p\u0159\u00edle\u017eitost, nebo si prost\u011b chcete <strong>pronajmout jachtu na Tenerife<\/strong> pro luxusn\u00ed dovolenou, Bellini je dokonalou volbou pro eleganci, pohodl\u00ed a nezapomenuteln\u00fd v\u00fdhled.<\/p>\n<h3>\u2b50\ufe0f <strong>Pro\u010d je Bellini jednou z nejlep\u0161\u00edch luxusn\u00edch jachet na Tenerife?<\/strong><\/h3>\n<p><span style=\"text-decoration: underline;\"><strong>\u010c\u00edm se Bellini odli\u0161uje:<\/strong><\/span><\/p>\n<p><strong>Exkluzivn\u00ed p\u0159iv\u00edt\u00e1n\u00ed:<\/strong> Ka\u017ed\u00fd pron\u00e1jem za\u010d\u00edn\u00e1 v\u0159el\u00fdm p\u0159iv\u00edt\u00e1n\u00edm s \u010derstv\u011b pod\u00e1van\u00fdm tropick\u00fdm ovocem a prvot\u0159\u00eddn\u00ed iberskou \u0161unkou 5J, co\u017e vytv\u00e1\u0159\u00ed atmosf\u00e9ru \u0161pi\u010dkov\u00e9ho z\u00e1\u017eitku z plavby.<\/p>\n<p><strong>Otev\u0159en\u00fd bar:<\/strong> Vychutnejte si neomezen\u00e9 mno\u017estv\u00ed n\u00e1poj\u016f v\u010detn\u011b v\u00edna, piva, vody, d\u017eus\u016f, nealkoholick\u00fdch n\u00e1poj\u016f a cavy.<\/p>\n<p><strong>Soukrom\u00fd p\u0159\u00edstup na skryt\u00e9 pl\u00e1\u017ee:<\/strong> D\u00edky slu\u017eb\u011b \u010dlun\u016f se host\u00e9 hotelu Bellini dostanou do skryt\u00fdch z\u00e1tok a na pl\u00e1\u017ee, kde si mohou u\u017e\u00edt skute\u010dn\u011b exkluzivn\u00ed zast\u00e1vku pod\u00e9l pob\u0159e\u017e\u00ed.<\/p>\n<h4>\ud83c\udf0a <strong>Zahrnut\u00e9 aktivity na palub\u011b<\/strong><\/h4>\n<p class=\"translation-block\">Na t\u00e9to <strong>luxusn\u00ed jacht\u011b na Tenerife<\/strong> jde o v\u00edc ne\u017e jen o plavbu, jde o to, abyste si vytvo\u0159ili vzpom\u00ednky:<\/p>\n<ul>\n<li><strong>\ud83c\udfc4 P\u00e1dlov\u00e1n\u00ed:<\/strong> Bavte se na vod\u011b se stand-up paddleboardy, kter\u00e9 jsou snadn\u00e9 pro za\u010d\u00e1te\u010dn\u00edky a relaxa\u010dn\u00ed pro v\u0161echny.<\/li>\n<li><strong>\ud83e\udd3f \u0160norchlovac\u00ed vybaven\u00ed:<\/strong> Pono\u0159te se a objevte podmo\u0159sk\u00fd sv\u011bt Tenerife pln\u00fd mo\u0159sk\u00e9ho \u017eivota a pr\u016fzra\u010dn\u011b modr\u00e9 vody.<\/li>\n<li><strong>\ud83d\udcf8 GoPro a Polaroid:<\/strong> Pomoc\u00ed na\u0161ich palubn\u00edch kamer zachyt\u00edte ka\u017ed\u00fd okam\u017eik sv\u00e9ho z\u00e1\u017eitku, a to jak nad vodou, tak pod n\u00ed.<\/li>\n<\/ul>\n<h4>\ud83c\udf7d\ufe0f <strong>Gourmet Paella z 5. hodiny<\/strong><\/h4>\n<p>U charter\u016f trvaj\u00edc\u00edch p\u011bt a v\u00edce hodin je v cen\u011b \u010derstv\u011b p\u0159ipraven\u00e1 paella. M\u016f\u017eete si vybrat z masov\u00e9, ku\u0159ec\u00ed, vegetari\u00e1nsk\u00e9 nebo z mo\u0159sk\u00fdch plod\u016f, kter\u00e9 jsou p\u0159ipraveny podle va\u0161\u00ed chuti a pod\u00e1v\u00e1ny \u010derstv\u00e9 na palub\u011b.<\/p>\n<h3>\ud83d\udc8e <strong>Voliteln\u00e9 pr\u00e9miov\u00e9 dopl\u0148ky pro p\u0159izp\u016fsoben\u00ed va\u0161ich z\u00e1\u017eitk\u016f<\/strong><\/h3>\n<p class=\"translation-block\">Pozvedn\u011bte sv\u016fj <strong>pron\u00e1jem jachty na Tenerife<\/strong> na vy\u0161\u0161\u00ed \u00farove\u0148 d\u00edky t\u011bmto exkluzivn\u00edm dopl\u0148k\u016fm (k dispozici na vy\u017e\u00e1d\u00e1n\u00ed a v z\u00e1vislosti na dostupnosti):<\/p>\n<ul>\n<li><strong>Soukrom\u00fd \u0161\u00e9fkucha\u0159:<\/strong> Na palub\u011b va\u0159\u00ed profesion\u00e1ln\u00ed kucha\u0159 a p\u0159izp\u016fsobuje menu va\u0161im preferenc\u00edm.<\/li>\n<li><strong>Zku\u0161enosti japonsk\u00e9ho \u0161\u00e9fkucha\u0159e:<\/strong> Vychutnejte si \u010derstv\u011b p\u0159ipraven\u00e9 sushi a dal\u0161\u00ed japonsk\u00e9 pokrmy z prvot\u0159\u00eddn\u00edch surovin a odbornou technikou.<\/li>\n<li><strong>Michelinsk\u00fd \u0161\u00e9fkucha\u0159:<\/strong> Pochutnejte si na pokrmech vysok\u00e9 kuchyn\u011b od \u0161\u00e9fkucha\u0159e, kter\u00fd je za\u0159azen do Michelinova pr\u016fvodce - pod\u00e1van\u00fdch p\u0159\u00edmo na palub\u011b.<\/li>\n<li><strong>Ochutn\u00e1vka \u0161ampa\u0148sk\u00e9ho a kavi\u00e1ru:<\/strong> Pr\u00e9miov\u00e9 \u0161ampa\u0148sk\u00e9 dokonale slad\u011bn\u00e9 s vybran\u00fdm kavi\u00e1rem.<\/li>\n<li><strong>P\u00e1rov\u00e1n\u00ed v\u00edna a gurm\u00e1nsk\u00fdch zava\u0159enin:<\/strong> Elegantn\u00ed ochutn\u00e1vka v\u00edn v kombinaci se \u0161pi\u010dkov\u00fdmi konzervami, jako jsou mu\u0161le, kohouti nebo b\u0159icho z tu\u0148\u00e1ka.<\/li>\n<li><strong>P\u016fj\u010dovna vodn\u00edch sk\u00fatr\u016f:<\/strong> K dispozici b\u011bhem kotven\u00ed v bl\u00edzkosti La Caleta, Masca nebo Arme\u00f1ime.<\/li>\n<li><strong>Zku\u0161enosti s flyboardem:<\/strong> L\u00e9tejte nad oce\u00e1nem s pln\u00fdm bezpe\u010d\u00edm a dohledem.<\/li>\n<li><strong>Nafukovac\u00ed hra\u010dky do vody:<\/strong> Skupinov\u00e1 z\u00e1bava na ban\u00e1nech a dal\u0161\u00edch plavidlech ta\u017een\u00fdch podp\u016frn\u00fdm \u010dlunem.<\/li>\n<li><strong>Pot\u00e1p\u011bn\u00ed:<\/strong> Objevitelsk\u00fd ponor s instruktorem (bez nutnosti zku\u0161enost\u00ed) nebo certifikovan\u00fd ponor s m\u00edstn\u00edm pr\u016fvodcem.<\/li>\n<li><strong>Sportovn\u00ed rybolov:<\/strong> Ve\u0161ker\u00e9 pot\u0159ebn\u00e9 vybaven\u00ed pro hlubinn\u00fd rybolov s podporou na palub\u011b.<\/li>\n<\/ul>\n<h3>\ud83d\udea4 <strong>Vyberte si dobu, kter\u00e1 v\u00e1m nejl\u00e9pe vyhovuje<\/strong><\/h3>\n<p>Bellini nab\u00edz\u00ed v\u00edce mo\u017enost\u00ed, abyste si mohli navrhnout dokonal\u00fd <strong>pron\u00e1jem lod\u00ed na Tenerife<\/strong>:<\/p>\n<ul>\n<li><strong>T\u0159\u00edhodinov\u00fd charter:<\/strong> Kr\u00e1tk\u00fd luxusn\u00ed v\u00fdlet s n\u00e1dhern\u00fdm v\u00fdhledem, n\u00e1poji a ob\u010derstven\u00edm na palub\u011b.<\/li>\n<li><strong>P\u011btihodinov\u00fd charter:<\/strong> Zahrnuje v\u0161e pot\u0159ebn\u00e9 a nav\u00edc paellu a \u010das nav\u00edc, abyste si mohli u\u017e\u00edt vodu a pob\u0159e\u017e\u00ed.<\/li>\n<li><strong>8hodinov\u00fd charter:<\/strong> Cel\u00fd den na mo\u0159i a prohl\u00eddka Los Gigantes, Masca a dal\u0161\u00edch m\u00edst! Ide\u00e1ln\u00ed pro ty, kte\u0159\u00ed cht\u011bj\u00ed za\u017e\u00edt kompletn\u00ed Bellini.<\/li>\n<\/ul>\n<h3>\u2705 <strong>Co je zahrnuto ve va\u0161\u00ed chart\u011b<\/strong><\/h3>\n<ul>\n<li>Uv\u00edtac\u00ed tal\u00ed\u0159 s \u010derstv\u00fdm ovocem<\/li>\n<li>5J ibersk\u00e1 \u0161unka a pr\u00e9miov\u00e9 uzeniny<\/li>\n<li>Otev\u0159en\u00fd bar: cava, v\u00edno, pivo, voda, d\u017eusy a nealkoholick\u00e9 n\u00e1poje.<\/li>\n<li>P\u0159\u00edpitek na uv\u00edtanou s Chandon Spritz.<\/li>\n<li>P\u00e1dlov\u00e1n\u00ed, \u0161norchlov\u00e1n\u00ed, pou\u017e\u00edv\u00e1n\u00ed GoPro a Polaroidu<\/li>\n<li>Gourmet paella (v cen\u011b od 5. hodiny)<\/li>\n<li>P\u0159\u00edstup na pl\u00e1\u017e na \u010dlunu<\/li>\n<li>Opalov\u00e1n\u00ed a stinn\u00e9 plochy na palub\u011b<\/li>\n<li>Zku\u0161en\u00e1, v\u00edcejazy\u010dn\u00e1 pos\u00e1dka<\/li>\n<\/ul>\n<h3>\ud83d\udccd <strong>Odjezd z Puerto de Los Gigantes<\/strong><\/h3>\n<p class=\"translation-block\">Bellini vyplouv\u00e1 ze z\u00e1padn\u00edho pob\u0159e\u017e\u00ed Tenerife, konkr\u00e9tn\u011b z <a href=\"https:\/\/maps.app.goo.gl\/Xq4LkTRqPjHQzRBE8\" target=\"_blank\" rel=\"noopener\">Puerto de Los Gigantes<\/a>. Toto m\u00edsto nab\u00edz\u00ed p\u0159\u00edstup do prvn\u00ed \u0159ady k majest\u00e1tn\u00edm \u00fates\u016fm Los Gigantes a \u00fa\u017easn\u00e9mu pob\u0159e\u017e\u00ed Masca, kter\u00e9 pat\u0159\u00ed k nejzn\u00e1m\u011bj\u0161\u00edm a nejodlehlej\u0161\u00edm \u010d\u00e1stem ostrova. Do p\u0159\u00edstavu se snadno dostanete autem a doporu\u010dujeme p\u0159ijet 15 minut p\u0159ed odjezdem.<\/p>\n<h4>\ud83d\udcdc <strong>Jednoduch\u00e1 rezervace a flexibiln\u00ed storno podm\u00ednky<\/strong><\/h4>\n<p>Ve spole\u010dnosti CanaryVIP chceme, aby va\u0161e zku\u0161enosti byly od za\u010d\u00e1tku bezprobl\u00e9mov\u00e9. Na\u0161e storno podm\u00ednky jsou jasn\u00e9 a spravedliv\u00e9:<\/p>\n<ul>\n<li><strong>Z\u00e1ruka po\u010das\u00ed:<\/strong> Pokud jsou podm\u00ednky na mo\u0159i nebezpe\u010dn\u00e9, m\u016f\u017eete zm\u011bnit term\u00edn nebo po\u017e\u00e1dat o vr\u00e1cen\u00ed pen\u011bz.<\/li>\n<li><strong>Bezplatn\u00e9 storno:<\/strong> Zru\u0161en\u00ed nebo zm\u011bna term\u00ednu je bezplatn\u00e1 a\u017e 4 dny p\u0159ed cestou. P\u0159i zru\u0161en\u00ed z\u00e1jezdu do 4 dn\u016f p\u0159ed odjezdem se z\u00e1loha nevrac\u00ed.<\/li>\n<\/ul>\n<h3>\ud83d\udd52 <strong>Dostupn\u00e9 mo\u017enosti p\u0159enocov\u00e1n\u00ed a v\u00edcedenn\u00ed pobyty<\/strong><\/h3>\n<p>Bellini nen\u00ed jen pro jednodenn\u00ed charterov\u00e9 lety - ud\u011blejte si sv\u016fj \u00fat\u011bk je\u0161t\u011b v\u00fdjime\u010dn\u011bj\u0161\u00ed:<\/p>\n<ul>\n<li>P\u0159enocujte na palub\u011b a probu\u010fte se za \u0161um\u011bn\u00ed oce\u00e1nu.<\/li>\n<li>Vytvo\u0159te si vlastn\u00ed itiner\u00e1\u0159 pro romantick\u00e9 pobyty, oslavy nebo v\u00edcedenn\u00ed plavebn\u00ed dobrodru\u017estv\u00ed.<\/li>\n<\/ul>\n<h3>\ud83d\udc68\u200d\u2708\ufe0f <strong>P\u0159ed n\u00e1stupem do letadla - rychl\u00e9 tipy<\/strong><\/h3>\n<p>Abyste si cestu co nejl\u00e9pe u\u017eili:<\/p>\n<ul>\n<li>P\u0159ipravte si potvrzen\u00ed CanaryVIP (ti\u0161t\u011bn\u00e9 nebo digit\u00e1ln\u00ed).<\/li>\n<li>Vezm\u011bte si plavky, ru\u010dn\u00edk a opalovac\u00ed kr\u00e9m.<\/li>\n<li>P\u0159ed cestou sn\u011bzte n\u011bco lehk\u00e9ho a vyhn\u011bte se alkoholu, abyste p\u0159ede\u0161li mo\u0159sk\u00e9 nemoci.<\/li>\n<li>Vyberte si sv\u00e9 obl\u00edben\u00e9 m\u00edsto - slunce nebo st\u00edn - a p\u0159ipravte se na relaxaci.<\/li>\n<\/ul>\n<h3>\ud83d\udcac <strong>Rezervovat nyn\u00ed pomoc\u00ed CanaryVIP<\/strong><\/h3>\n<p>Ve spole\u010dnosti CanaryVIP spojujeme cestovatele s nejl\u00e9pe hodnocen\u00fdmi z\u00e1\u017eitky na Tenerife. Pokud hled\u00e1te <strong>pron\u00e1jem luxusn\u00ed jachty na Tenerife<\/strong> a objevovat Los Gigantes nebo Masca v prav\u00e9m stylu, je Bellini jednou z nejlep\u0161\u00edch mo\u017enost\u00ed.<br \/>\n\ud83d\udc49 <a href=\"https:\/\/canaryvip.com\/cs\/tenerife\/boat-hire-tenerife\/\">Zkontrolujte dostupnost a rezervujte si pron\u00e1jem jachty nyn\u00ed<\/a> - va\u0161e luxusn\u00ed dobrodru\u017estv\u00ed je vzd\u00e1leno jen p\u00e1r kliknut\u00ed.<\/p>","protected":false},"excerpt":{"rendered":"<p><strong>\ud83d\udd0d Bellini Yacht Charter:<\/strong><br \/>\n\u2705 Bezpe\u010dn\u00e1 platba.<br \/>\n\ud83d\udee5\ufe0f 14m Yacht Comfort.<br \/>\n\u23f3 Denn\u00ed prohl\u00eddky v d\u00e9lce 3-8 hodin.<br \/>\n\ud83d\udd59 P\u0159izp\u016fsobiteln\u00e9 \u010dasy odjezd\u016f.<br \/>\n\ud83c\udf74 Stravov\u00e1n\u00ed a n\u00e1poje v cen\u011b.<br \/>\n\ud83d\udc65 A\u017e 10 host\u016f.<br \/>\n\ud83c\udfc4\u200d\u2640\ufe0f V\u010detn\u011b p\u00e1del.<br \/>\n\ud83e\udd3f Vybaven\u00ed pro \u0161norchlov\u00e1n\u00ed je k dispozici.<br \/>\n\ud83e\udd11 Garance nejlep\u0161\u00ed ceny.<br \/>\n\ud83d\udc6a Slevy aktivov\u00e1ny.<br \/>\n\ud83d\udd01 Zru\u0161en\u00ed a\u017e na 4 dny.<br \/>\n\ud83c\udf0d V\u00edcejazy\u010dn\u00e1 pos\u00e1dka.<br \/>\n\ud83c\udf1f Rezervujte v\u010das a u\u0161et\u0159ete!<br \/>\n\ud83d\udccd Odjezd z <a href=\"https:\/\/maps.app.goo.gl\/Xq4LkTRqPjHQzRBE8\">Los Gigantes<\/a>.<\/p>","protected":false},"featured_media":15376,"comment_status":"open","ping_status":"closed","template":"","meta":{"_acf_changed":false},"product_brand":[],"product_cat":[47],"product_tag":[],"class_list":{"0":"post-15373","1":"product","2":"type-product","3":"status-publish","4":"has-post-thumbnail","6":"product_cat-boat-hire-tenerife","7":"wcpa_has_options","9":"first","10":"instock","11":"virtual","12":"purchasable","13":"product-type-simple"},"acf":[],"wcpa_form_fields":{"wcpaData":{"product":{"product_price":1060,"price_html":"From&nbsp;<span class=\"woocommerce-Price-amount amount\"><bdi>1.060,00&nbsp;<span class=\"woocommerce-Price-currencySymbol\">&euro;<\/span><\/bdi><\/span>","original_product_price":1060,"price_including_tax":1060,"price_excluding_tax":1060,"product_id":{"parent":15373,"variation":false},"is_variable":false,"stock_status":"instock","stock_quantity":null,"parent_sku":"CV15373","product_attributes":[],"custom_fields":[],"is_taxable":false,"product_name":"Bellini Luxury Yacht Tenerife","hasImage":false},"fields":{"sec_968949ba2884ff":{"extra":{"key":"sec_968949ba2884ff","section_id":"sec_968949ba2884ff","name":"Default","status":1,"cl_rule":"show","enableCl":false,"relations":[],"toggle":true,"title_tag":"h3","show_title":false,"showPrice":"default","form_id":15383,"form_rules":{"exclude_from_discount":true,"fee_label":"Fee","disp_hide_options_price":true,"disp_show_section_price":false,"disp_show_field_price":true,"layout_option":"standard","pric_use_as_fee":false,"process_fee_as":"woo_fee"},"layout_option":"standard"},"fields":[[{"label":"\ud83d\udcc5 Date","active":true,"required":true,"elementId":"date_868949ba288522","picker_type":"custom","picker_mode":"single","placeholder":"","description":"","tooltip":"","name":"date_868949ba288522","label_position":"default","desc_position":"default","enablePrice":false,"className":"","enableCl":false,"relations":[{"operator":"and","rules":[{"operator":"AND","rules":{"cl_field":"radio-group_565c78ffa81208","cl_relation":"is","cl_val":"3 Hour Trip"}}]}],"date_pic_inline":true,"date_pic_inline_hide":true,"min_date":{"type":"days","val":"1"},"max_date":{"type":"days","val":"365"},"date_pic_conf":{"disabledWeeks":[],"disabledDates":["2025-04-18 to 2025-04-24"]},"price":"","cl_rule":"show","col":6,"type":"date","error":false,"enableDesign":false,"LabelColor":"","isWeightTemplate":false,"isTemplate":false,"min_quantity":"1","quantity_decimal":false,"quantity_step":"1","quantity_label":"Quantity","repeater_field_label":"{field_label}","repeater_bind":"","gt_translate_keys":["label","placeholder","description","tooltip","repeater_field_label","quantity_label"],"price_dependency":false,"cl_dependency":false,"value":""}],[{"elementId":"separator_268949ba28853d","separatorType":"blank","className":"","height":"3","enableCl":false,"relations":false,"cl_rule":"show","col":6,"type":"separator","error":false,"gt_translate_keys":[],"price_dependency":false,"cl_dependency":false,"value":""}],[{"active":true,"col":6,"relations":[{"operator":false,"rules":[{"operator":"AND","rules":{"cl_field":"radio-group_565c78ffa81208","cl_relation":"is","cl_val":"3 Hour Trip"}}]}],"cl_rule":"show","enableCl":false,"price":"","enablePrice":false,"className":"","label_position":"default","desc_position":"default","type":"select","required":false,"elementId":"select_468949ba288577","label":"\u23f0 Departure Time","name":"select_468949ba288577","values":[{"label":"09:00","value":"09:00","selected":false,"tempId":"aco_1471","gt_translate_keys":["label"]},{"label":"10:00","value":"10:00","selected":false,"tempId":"aco_1472","gt_translate_keys":["label"]},{"label":"11:00","value":"11:00","selected":false,"tempId":"aco_1500","gt_translate_keys":["label"]},{"label":"12:00","value":"12:00","selected":false,"tempId":"aco_1510","gt_translate_keys":["label"]},{"label":"13:00 (1:00 PM)","value":"13:00","selected":false,"tempId":"aco_1520","gt_translate_keys":["label"]},{"label":"14:00 (2:00 PM)","value":"14:00","selected":false,"tempId":"aco_1728","gt_translate_keys":["label"]},{"label":"15:00 (3:00 PM)","value":"15:00","selected":false,"tempId":"aco_1738","gt_translate_keys":["label"]}],"dropdown_type":"basic","error":false,"placeholder":"Whichever Time is Best","isWeightTemplate":false,"isTemplate":false,"min_quantity":"1","quantity_decimal":false,"quantity_step":"1","quantity_label":"Quantity","repeater_field_label":"{field_label}","repeater_bind":"","gt_translate_keys":["label","placeholder","repeater_field_label","quantity_label"],"price_dependency":false,"cl_dependency":false,"value":""}],[{"active":true,"col":6,"relations":false,"cl_rule":"show","enableCl":false,"price":"","enablePrice":true,"className":"","label_position":"default","desc_position":"default","type":"select","required":true,"elementId":"select_1068949ba288548","label":"\u23f3 Trip Duration","name":"select_1068949ba288548","values":[{"label":"3 Hours (1.060\u20ac)","value":"3h","selected":false,"tempId":"aco_556","price":"1060","gt_translate_keys":["label"]},{"label":"4 Hours (1.275\u20ac)","value":"4H","selected":false,"tempId":"aco_181","price":"1275","gt_translate_keys":["label"]},{"label":"5 Hours (1.490\u20ac)","value":"5h","selected":false,"tempId":"aco_281","price":"1490","gt_translate_keys":["label"]},{"label":"6 Hours (1.700\u20ac)","value":"6h","selected":false,"tempId":"aco_605","price":"1700","gt_translate_keys":["label"]},{"label":"7 Hours (1.915\u20ac)","value":"7h","selected":false,"tempId":"aco_381","price":"1915","gt_translate_keys":["label"]},{"label":"8 Hours (2.130\u20ac)","value":"8h","selected":false,"tempId":"aco_724","price":"2130","gt_translate_keys":["label"]}],"dropdown_type":"basic","error":false,"placeholder":"Select Trip Duration","priceOptions":"different_for_all","pricingType":"fixed","is_show_price":false,"isWeightTemplate":false,"isTemplate":false,"min_quantity":"1","quantity_decimal":false,"quantity_step":"1","quantity_label":"Quantity","repeater_field_label":"{field_label}","repeater_bind":"","gt_translate_keys":["label","placeholder","repeater_field_label","quantity_label"],"price_dependency":false,"cl_dependency":false,"value":""}],[{"label":"\u2705 Number of People","active":true,"required":true,"elementId":"select_168949ba28858b","dropdown_type":"basic","placeholder":"Select Number of People","name":"select_168949ba28858b","label_position":"default","desc_position":"default","enablePrice":true,"className":"","enableCl":false,"relations":[{"operator":false,"rules":[{"operator":"AND","rules":{"cl_field":"radio-group_565c78ffa81208","cl_relation":"is","cl_val":"3 Hour Trip"}}]}],"values":[{"label":"1 person","value":"1","selected":false,"tempId":"aco_1471","price":"0","gt_translate_keys":["label"]},{"label":"2 people","value":"2","selected":false,"tempId":"aco_1472","price":"0","gt_translate_keys":["label"]},{"label":"3 people","value":"3","selected":false,"tempId":"aco_1500","price":"0","gt_translate_keys":["label"]},{"label":"4 people","value":"4","selected":false,"tempId":"aco_1510","price":"0","gt_translate_keys":["label"]},{"label":"5 people","value":"5","selected":false,"tempId":"aco_1520","price":"0","gt_translate_keys":["label"]},{"label":"6 people (+120\u20ac)","value":"6","selected":false,"tempId":"aco_1728","price":"120","gt_translate_keys":["label"]},{"label":"7 people (+240\u20ac)","value":"7","selected":false,"tempId":"aco_1738","price":"240","gt_translate_keys":["label"]},{"label":"8 people (+360\u20ac)","value":"8","selected":false,"tempId":"aco_1922","price":"360","gt_translate_keys":["label"]},{"label":"9 People (+480\u20ac)","value":"9","selected":false,"tempId":"aco_220","price":"480","gt_translate_keys":["label"]},{"label":"10 People (+600\u20ac)","value":"10","selected":false,"tempId":"aco_311","price":"600","gt_translate_keys":["label"]}],"price":"","cl_rule":"show","col":6,"type":"select","error":false,"isWeightTemplate":false,"isTemplate":false,"min_quantity":"1","quantity_decimal":false,"quantity_step":"1","quantity_label":"Quantity","repeater_field_label":"{field_label}","repeater_bind":"","priceOptions":"different_for_all","pricingType":"fixed","gt_translate_keys":["label","placeholder","repeater_field_label","quantity_label"],"price_dependency":false,"cl_dependency":false,"value":""}],[{"active":true,"col":6,"relations":false,"cl_rule":"show","enableCl":false,"price":"","enablePrice":true,"className":"","label_position":"default","desc_position":"default","type":"select","required":false,"elementId":"select_368949ba288551","label":"\ud83d\udca6 Add jet-skis?","name":"select_368949ba288551","values":[{"label":"1 JetSki for 1 Hour (345\u20ac)","value":"1 x Jetski for 1 Hour","selected":false,"tempId":"aco_2501","price":"345","gt_translate_keys":["label"]},{"label":"2 JetSkis for 1 Hour (690\u20ac)","value":"2 x JetSki for 1 Hour","selected":false,"tempId":"aco_2502","price":"690","gt_translate_keys":["label"]}],"dropdown_type":"basic","error":false,"description":"Private JetSki tour from the boat with a JetSki instructor.","placeholder":"None","priceOptions":"different_for_all","pricingType":"fixed","is_show_price":false,"isWeightTemplate":false,"isTemplate":false,"min_quantity":"1","quantity_decimal":false,"quantity_step":"1","quantity_label":"Quantity","repeater_field_label":"{field_label}","repeater_bind":"","gt_translate_keys":["label","placeholder","description","repeater_field_label","quantity_label"],"price_dependency":false,"cl_dependency":false,"value":""}]]}},"config":{"price_override":"always","enable_recaptcha":false,"bind_quantity":false,"quantity_bind_formula":false,"disp_summ_show_option_price":true,"disp_summ_show_product_price":false,"disp_summ_show_total_price":true,"disp_summ_show_fee":true,"disp_summ_show_discount":true,"summary_title":"","options_total_label":"Options Price","total_label":"Total Amount","options_product_label":"Product Price","fee_label":"Fee","discount_label":"Discount","has_price":true,"has_quantity_formula":false},"mc_unit":1,"tax_rate":1,"tax_rate_real":1,"discount":{"percentage":0,"fixed":0},"design":{"conf":{"LabelPosition":"above","DescPosition":"above","UploadField":"custom_1","QuantityFieldStyle":"custom_1"},"css":{"LeftLabelWidth":"120px"}},"formulas":{"fmla_1708360988969136756":"(({field.select_56638eb5b235ae.value}>=3)?(1200):(({field.select_56638eb5b235ae.value}>=2)?(850):(({field.select_56638eb5b235ae.value}>=1)?(540):(0))))","fmla_1708364241278155361":"(({field.select_5841412719.value}>=8)?({field.select_5841412719.price}):(({field.select_5841412719.value}>=5)?({field.select_5841412719.price}):(({field.select_5841412719.value}>=3)?({field.select_5841412719.price}):(0))))"},"lookuptables":[],"clones":false,"cartKey":false}},"_links":{"self":[{"href":"https:\/\/canaryvip.com\/cs\/wp-json\/wp\/v2\/product\/15373","targetHints":{"allow":["GET"]}}],"collection":[{"href":"https:\/\/canaryvip.com\/cs\/wp-json\/wp\/v2\/product"}],"about":[{"href":"https:\/\/canaryvip.com\/cs\/wp-json\/wp\/v2\/types\/product"}],"replies":[{"embeddable":true,"href":"https:\/\/canaryvip.com\/cs\/wp-json\/wp\/v2\/comments?post=15373"}],"wp:featuredmedia":[{"embeddable":true,"href":"https:\/\/canaryvip.com\/cs\/wp-json\/wp\/v2\/media\/15376"}],"wp:attachment":[{"href":"https:\/\/canaryvip.com\/cs\/wp-json\/wp\/v2\/media?parent=15373"}],"wp:term":[{"taxonomy":"product_brand","embeddable":true,"href":"https:\/\/canaryvip.com\/cs\/wp-json\/wp\/v2\/product_brand?post=15373"},{"taxonomy":"product_cat","embeddable":true,"href":"https:\/\/canaryvip.com\/cs\/wp-json\/wp\/v2\/product_cat?post=15373"},{"taxonomy":"product_tag","embeddable":true,"href":"https:\/\/canaryvip.com\/cs\/wp-json\/wp\/v2\/product_tag?post=15373"}],"curies":[{"name":"wp","href":"https:\/\/api.w.org\/{rel}","templated":true}]}}