{"id":14642,"date":"2025-05-26T18:12:56","date_gmt":"2025-05-26T17:12:56","guid":{"rendered":"https:\/\/canaryvip.com\/?post_type=product&#038;p=14642"},"modified":"2025-10-02T11:19:56","modified_gmt":"2025-10-02T10:19:56","slug":"skyline-boat-charter-tenerife","status":"publish","type":"product","link":"https:\/\/canaryvip.com\/cs\/shop\/skyline-boat-charter-tenerife\/","title":{"rendered":"Skyline Pron\u00e1jem lod\u00ed Tenerife"},"content":{"rendered":"<h2>\ud83d\udea4 Pron\u00e1jem jachet Tenerife: Zku\u0161enosti s lod\u00ed Skyline<\/h2>\n<p class=\"translation-block\"><strong>Skyline Cruiser<\/strong> je exkluzivn\u00ed <strong>jachta na Tenerife,<\/strong> kter\u00e1 nab\u00edz\u00ed luxusn\u00ed z\u00e1\u017eitek na palub\u011b 42stop\u00e9 motorov\u00e9 jachty Fairline. S prostorem a\u017e pro 12 host\u016f je ide\u00e1ln\u00ed volbou pro mal\u00e9 skupiny, kter\u00e9 hledaj\u00ed soukrom\u00ed, pohodl\u00ed a uvoln\u011bnou atmosf\u00e9ru na Atlantiku.<\/p>\n<p class=\"translation-block\">Tento charter <strong>Skyline boat Tenerife<\/strong> vyplouv\u00e1 z Puerto Col\u00f3n a je ide\u00e1ln\u00ed pro ty, kte\u0159\u00ed si cht\u011bj\u00ed odpo\u010dinout, prozkoumat ji\u017en\u00ed pob\u0159e\u017e\u00ed ostrova nebo si u\u017e\u00edt pozorov\u00e1n\u00ed delf\u00edn\u016f a velryb v jejich p\u0159irozen\u00e9m prost\u0159ed\u00ed. Je to jeden z nejstylov\u011bj\u0161\u00edch zp\u016fsob\u016f, jak si <strong>pronajmout lo\u010f na Tenerife<\/strong> a objevovat ostrov z mo\u0159e.<\/p>\n<h3>\ud83c\udf05 Vyberte si \u010das odjezdu<\/h3>\n<p class=\"translation-block\"><strong>K dispozici jsou t\u0159i denn\u00ed odjezdy<\/strong>, kter\u00e9 vyhovuj\u00ed r\u016fzn\u00fdm \u010dasov\u00fdm rozvrh\u016fm:<\/p>\n<ul>\n<li>\ud83d\udd58 9:45<\/li>\n<li>\ud83d\udd50 13:15<\/li>\n<li>\ud83d\udd5f 16:20<\/li>\n<\/ul>\n<p class=\"translation-block\">Nalod\u011bn\u00ed prob\u00edh\u00e1 v <a href=\"https:\/\/maps.app.goo.gl\/f5R77mRQ2HgpADy77\" target=\"_blank\" rel=\"noopener\">Puerto Col\u00f3n Marina v Costa Adeje.<\/a><\/p>\n<h3>\ud83c\udf0a Co o\u010dek\u00e1vat na palub\u011b<\/h3>\n<ul>\n<li class=\"translation-block\"><strong>Pozorov\u00e1n\u00ed divok\u00e9 zv\u011b\u0159e:<\/strong> Lo\u010f pluje 3 m\u00edle od pob\u0159e\u017e\u00ed a pozoruje delf\u00edny, velryby a dal\u0161\u00ed mo\u0159sk\u00e9 \u017eivo\u010dichy na otev\u0159en\u00e9m oce\u00e1nu.<\/li>\n<li class=\"translation-block\"><strong>Relaxa\u010dn\u00ed plavba:<\/strong> Host\u00e9 si mohou odpo\u010dinout ve stinn\u00e9m salonku nebo se opalovat na p\u0159\u00eddi a u\u017e\u00edvat si panoramatick\u00fd v\u00fdhled na mo\u0159e.<\/li>\n<li class=\"translation-block\"><strong>Zast\u00e1vka na plav\u00e1n\u00ed:<\/strong> Klidn\u00e1 zast\u00e1vka v z\u00e1toce umo\u017e\u0148uje koup\u00e1n\u00ed, \u0161norchlov\u00e1n\u00ed nebo jen odpo\u010dinek ve vod\u011b.<\/li>\n<li class=\"translation-block\"><strong>Zp\u00e1te\u010dn\u00ed cesta po pob\u0159e\u017e\u00ed:<\/strong> Zp\u00e1te\u010dn\u00ed trasa nab\u00edz\u00ed v\u00fdhledy na ikonick\u00e1 m\u00edsta, jako jsou jeskyn\u011b hippies a sope\u010dn\u00e9 \u00fatesy na ji\u017en\u00edm pob\u0159e\u017e\u00ed.<\/li>\n<\/ul>\n<h3>\ud83c\udf74 J\u00eddlo a n\u00e1poje v cen\u011b<\/h3>\n<p class=\"translation-block\">Tento <strong>p\u016fj\u010dovna jachet Tenerife<\/strong> zahrnuje r\u016fzn\u00e9 ob\u010derstven\u00ed, jako je \u0161pan\u011blsk\u00e1 omeleta, pizza, klob\u00e1sy, s\u00fdr, cherry raj\u010data s olivov\u00fdm olejem a oreganem, o\u0159echy a \u010derstv\u00e9 sez\u00f3nn\u00ed ovoce. N\u00e1poje zahrnuj\u00ed vodu, nealkoholick\u00e9 n\u00e1poje, pivo, v\u00edno a cavu.<\/p>\n<p>Pro hosty s dietn\u00edmi omezen\u00edmi nebo preferencemi lze po p\u0159edchoz\u00edm upozorn\u011bn\u00ed zajistit alternativn\u00ed menu.<\/p>\n<h3>\ud83e\udd3f \u0160norchlov\u00e1n\u00ed a relaxace<\/h3>\n<ul>\n<li class=\"translation-block\"><strong>Vybaven\u00ed na \u0161norchlov\u00e1n\u00ed a ru\u010dn\u00edky:<\/strong> Na palub\u011b jsou k dispozici, aby si host\u00e9 mohli pohodln\u011b a bez probl\u00e9m\u016f u\u017e\u00edvat vody.<\/li>\n<li class=\"translation-block\"><strong>Skryt\u00e9 z\u00e1toky:<\/strong> Zast\u00e1vky jsou na klidn\u00fdch a tich\u00fdch m\u00edstech, kter\u00e1 jsou ide\u00e1ln\u00ed pro koup\u00e1n\u00ed a \u0161norchlov\u00e1n\u00ed mimo davy lid\u00ed.<\/li>\n<\/ul>\n<h3>\ud83d\udccd Odjezd z Puerto Col\u00f3n<\/h3>\n<ul>\n<li><strong>M\u00edsto setk\u00e1n\u00ed:<\/strong> Puerto Col\u00f3n Marina, Costa Adeje. <a href=\"https:\/\/maps.app.goo.gl\/f5R77mRQ2HgpADy77\" target=\"_blank\" rel=\"noopener\">Zobrazit na Map\u00e1ch Google<\/a><\/li>\n<li><strong>\u010cas p\u0159\u00edjezdu:<\/strong> \u017d\u00e1d\u00e1me hosty, aby se dostavili 30 minut p\u0159ed odjezdem, aby byl zaji\u0161t\u011bn hladk\u00fd pr\u016fb\u011bh odbaven\u00ed.<\/li>\n<\/ul>\n<h3>\ud83d\udccb Co je v cen\u011b a co si vz\u00edt s sebou<\/h3>\n<ul>\n<li><strong>V\u010detn\u011b:<\/strong> Kapit\u00e1n a pos\u00e1dka, ob\u010derstven\u00ed, n\u00e1poje, ru\u010dn\u00edky, vybaven\u00ed pro \u0161norchlov\u00e1n\u00ed a poji\u0161t\u011bn\u00ed.<\/li>\n<li><strong>Doporu\u010dujeme vz\u00edt s sebou:<\/strong> Plavky, ru\u010dn\u00edk, opalovac\u00ed kr\u00e9m, slune\u010dn\u00ed br\u00fdle a lehkou bundu pro chladn\u011bj\u0161\u00ed dny.<\/li>\n<\/ul>\n<h3>\ud83d\udcb3 Rezervace a platebn\u00ed \u00fadaje<\/h3>\n<ul>\n<li><strong>Proces rezervace:<\/strong> P\u0159i rezervaci je t\u0159eba zaplatit celou \u010d\u00e1stku.<\/li>\n<li><strong>Z\u00e1kaznick\u00e1 podpora:<\/strong> Spole\u010dnost CanaryVIP poskytuje asistenci p\u0159ed a po rezervaci, aby zajistila bezprobl\u00e9mov\u00fd z\u00e1\u017eitek.<\/li>\n<\/ul>\n<h3>\u2757 Storno podm\u00ednky<\/h3>\n<p>Storno podm\u00ednky pro Skyline Boat Tenerife jsou n\u00e1sleduj\u00edc\u00ed:<\/p>\n<ul>\n<li><strong>V\u00edce ne\u017e 5 dn\u00ed p\u0159ed odjezdem:<\/strong> Pln\u00e1 n\u00e1hrada.<\/li>\n<li><strong>3 a\u017e 5 dn\u00ed p\u0159edem:<\/strong> 50% vr\u00e1cen\u00e9 z\u00e1lohy.<\/li>\n<li><strong>M\u00e9n\u011b ne\u017e 72 hodin p\u0159ed:<\/strong> Z\u00e1loha je nevratn\u00e1.<\/li>\n<li><strong>Nedostaven\u00ed se nebo pozdn\u00ed p\u0159\u00edchod:<\/strong> \u017d\u00e1dn\u00e1 n\u00e1hrada.<\/li>\n<li><strong>Zru\u0161en\u00ed let\u016f v souvislosti s po\u010das\u00edm:<\/strong> Pokud kapit\u00e1n usoud\u00ed, \u017ee podm\u00ednky nejsou bezpe\u010dn\u00e9, bude v\u00e1m nab\u00eddnuta n\u00e1hrada v pln\u00e9 v\u00fd\u0161i nebo zm\u011bna term\u00ednu.<\/li>\n<\/ul>\n<h3>\u2728 Pro\u010d si rezervovat Skyline Boat Tenerife s CanaryVIP?<\/h3>\n<ul>\n<li><strong>Zku\u0161enosti s jachtami vy\u0161\u0161\u00ed t\u0159\u00eddy:<\/strong> Luxusn\u00ed lo\u010f s omezenou kapacitou pro osobn\u011bj\u0161\u00ed a pohodln\u011bj\u0161\u00ed v\u00fdlet.<\/li>\n<li><strong>Nab\u00eddka all-inclusive:<\/strong> V cen\u011b je zahrnuto ob\u010derstven\u00ed, n\u00e1poje, vybaven\u00ed pro \u0161norchlov\u00e1n\u00ed a ru\u010dn\u00edky.<\/li>\n<li><strong>Ide\u00e1ln\u00ed pro zvl\u00e1\u0161tn\u00ed p\u0159\u00edle\u017eitosti:<\/strong> Skv\u011ble se hod\u00ed k narozenin\u00e1m, v\u00fdro\u010d\u00ed, romantick\u00fdm v\u00fdlet\u016fm nebo na pr\u00e9miov\u00fd den na mo\u0159i.<\/li>\n<\/ul>\n<h3>\ud83d\udccc Z\u00e1v\u011bre\u010dn\u00e9 my\u0161lenky<\/h3>\n<p class=\"translation-block\">Pro cestovatele, kte\u0159\u00ed si cht\u011bj\u00ed <strong>pronajmout lo\u010f na Tenerife<\/strong> a u\u017e\u00edt si kvalitn\u00ed a relaxa\u010dn\u00ed z\u00e1\u017eitek na oce\u00e1nu, je <strong>Skyline Boat Tenerife<\/strong> jednou z nejlep\u0161\u00edch dostupn\u00fdch mo\u017enost\u00ed. Tento <a href=\"https:\/\/canaryvip.com\/cs\/tenerife\/boat-hire-tenerife\/\" target=\"_self\"><strong>soukrom\u00fd v\u00fdlet lod\u00ed Tenerife<\/strong><\/a> s ka\u017edodenn\u00edmi odjezdy, slu\u017ebami all inclusive a \u00fa\u017easn\u00fdmi v\u00fdhledy p\u0159in\u00e1\u0161\u00ed pohodl\u00ed, kr\u00e1su a nezapomenuteln\u00e9 z\u00e1\u017eitky.<\/p>\n<p class=\"translation-block\">Rezervace lze snadno prov\u00e9st prost\u0159ednictv\u00edm <strong>CanaryVIP<\/strong>, va\u0161eho spolehliv\u00e9ho partnera pro prvot\u0159\u00eddn\u00ed v\u00fdlety na Kan\u00e1rsk\u00fdch ostrovech.<\/p>","protected":false},"excerpt":{"rendered":"<p><strong>\ud83d\udd0d Lo\u010f Skyline Tenerife:<\/strong><br \/>\n<span>\u2705 Bezpe\u010dn\u00e1 platba.<\/span><br \/>\n<span>\ud83d\udc65 K dispozici jsou sd\u00edlen\u00e9 prohl\u00eddky.<br \/>\n\ud83d\udd10 Soukrom\u00e9 prohl\u00eddky k dispozici.<\/span><br \/>\n<span>\ud83d\udc0b Pozorov\u00e1n\u00ed velryb a delf\u00edn\u016f.<\/span><br \/>\n<span>\ud83d\ude80 Prohl\u00eddky v d\u00e9lce 3 hod.<\/span><br \/>\n<span>\ud83d\udd59 9:45, 13:15, 16:20.<br \/>\n<\/span>\ud83c\udf05 K dispozici jsou prohl\u00eddky p\u0159i z\u00e1padu slunce.<br \/>\n<span>\ud83e\uddc3 Ob\u010derstven\u00ed a n\u00e1poje v cen\u011b.<\/span><br \/>\n<span>\ud83d\udc65 A\u017e pro 12 osob.<\/span><br \/>\n<span>\ud83e\udd3f Vybaven\u00ed pro \u0161norchlov\u00e1n\u00ed je k dispozici.<\/span><br \/>\n<span>\ud83e\udd11 Garance nejlep\u0161\u00ed ceny.<\/span><br \/>\n<span>\ud83d\udc6a Slevy aktivov\u00e1ny.<\/span><br \/>\n<span>\ud83d\udd01 Zru\u0161en\u00ed a\u017e na 5 dn\u00ed.<\/span><br \/>\n<span>\ud83c\udf0d V\u00edcejazy\u010dn\u00e9 pr\u016fvodce.<\/span><br \/>\n<span>\ud83c\udf1f Rezervujte nyn\u00ed a u\u0161et\u0159ete!<\/span><br \/>\n<span>\ud83d\udccd Odjezd z\u00a0<\/span><a href=\"https:\/\/www.google.com\/maps\/place\/Puerto+Col%C3%B3n\/@28.0783432,-16.7368735,18.52z\/data=!4m6!3m5!1s0xc6a9743509c9ebf:0xd62345524f768247!8m2!3d28.0789928!4d-16.7359737!16s%2Fg%2F11c6cqryw_?entry=tts\">Puerto Colon<\/a><span>.<\/span><\/p>","protected":false},"featured_media":14645,"comment_status":"open","ping_status":"closed","template":"","meta":{"_acf_changed":false},"product_brand":[],"product_cat":[47,46],"product_tag":[],"class_list":{"0":"post-14642","1":"product","2":"type-product","3":"status-publish","4":"has-post-thumbnail","6":"product_cat-boat-hire-tenerife","7":"product_cat-boat-excursions","8":"wcpa_has_options","10":"first","11":"instock","12":"virtual","13":"purchasable","14":"product-type-simple"},"acf":[],"wcpa_form_fields":{"wcpaData":{"product":{"product_price":65,"price_html":"From&nbsp;<span class=\"woocommerce-Price-amount amount\"><bdi>65,00&nbsp;<span class=\"woocommerce-Price-currencySymbol\">&euro;<\/span><\/bdi><\/span>","original_product_price":65,"price_including_tax":65,"price_excluding_tax":65,"product_id":{"parent":14642,"variation":false},"is_variable":false,"stock_status":"instock","stock_quantity":null,"parent_sku":"CV14642","product_attributes":[],"custom_fields":[],"is_taxable":false,"product_name":"Skyline Boat Charter Tenerife","hasImage":false},"fields":{"sec_56836ef2832367":{"extra":{"key":"sec_56836ef2832367","section_id":"sec_56836ef2832367","name":"Trip Duration","status":1,"cl_rule":"show","enableCl":false,"relations":[],"toggle":true,"title_tag":"h4","show_title":false,"showPrice":"default","form_id":14657,"form_rules":{"exclude_from_discount":true,"fee_label":"Fee","disp_hide_options_price":true,"disp_show_section_price":false,"disp_show_field_price":true,"layout_option":"standard","pric_use_as_fee":false,"process_fee_as":"woo_fee"},"layout_option":"standard"},"fields":[[{"active":true,"col":6,"relations":false,"cl_rule":"show","enableCl":false,"price":"","enablePrice":false,"className":"","label_position":"default","desc_position":"default","type":"radio-group","required":false,"elementId":"radio-group_26836ef2832388","label":"\u231b\ufe0f Trip Duration","name":"radio-group_26836ef2832388","values":[{"label":"3 Hour Shared Trip (65\u20ac)","value":"Shared 3H","selected":false,"tempId":"aco_148","description":"Whale and dolphin sightings. Includes snacks, drinks, and snorkeling. Daily at 9:45.","gt_translate_keys":["label","description"]},{"label":"Private Charter (650\u20ac)","value":"Private Charter","selected":false,"tempId":"aco_149","description":"Sail Tenerife\u2019s coast on a private yacht. Spot dolphins and whales, Includes Spanish snacks, drinks, and snorkeling. 3 hour charters.","gt_translate_keys":["label","description"]}],"layOut":"","error":false,"checkUi":"toggle","options_description":true,"gt_translate_keys":["label"],"price_dependency":false,"cl_dependency":[false,false],"value":""}]]},"sec_36836ef2832389":{"extra":{"key":"sec_36836ef2832389","section_id":"sec_36836ef2832389","name":"Shared Trip","status":1,"cl_rule":"show","enableCl":true,"relations":[{"operator":false,"rules":[{"operator":"AND","rules":{"cl_field":"radio-group_26836ef2832388","cl_relation":"is","cl_val":"Shared 3H"}}]}],"toggle":true,"title_tag":"h4","show_title":false,"showPrice":"default","form_id":14657,"form_rules":{"exclude_from_discount":true,"fee_label":"Fee","disp_hide_options_price":true,"disp_show_section_price":false,"disp_show_field_price":true,"layout_option":"standard","pric_use_as_fee":false,"process_fee_as":"woo_fee"},"layout_option":"standard"},"fields":[[{"label":"\ud83d\udcc5 Date","active":true,"required":true,"elementId":"date_46836ef2832396","picker_type":"custom","picker_mode":"single","placeholder":"","description":"","tooltip":"","name":"date_46836ef2832396","label_position":"default","desc_position":"default","enablePrice":false,"className":"","enableCl":false,"relations":[{"operator":"and","rules":[{"operator":"AND","rules":{"cl_field":"radio-group_367e16bf8dd4f5","cl_relation":"is","cl_val":"3 Hour Trip"}}]}],"enableDesign":false,"LabelColor":"","date_pic_inline":true,"date_pic_inline_hide":true,"min_date":{"type":"days","val":""},"max_date":{"type":"days","val":"365"},"date_pic_conf":{"disabledWeeks":[],"disabledDates":["2025-12-01 to 2025-12-14"]},"price":"","cl_rule":"show","col":6,"type":"date","error":false,"isWeightTemplate":false,"isTemplate":false,"min_quantity":"1","quantity_decimal":false,"quantity_step":"1","quantity_label":"Quantity","repeater_field_label":"{field_label}","repeater_bind":"","date_conf_custom":{"minDate":"let d = new Date();\nif (d.getHours() >= 18) {\n  d.setDate(d.getDate() + 2);\n} else {\n  d.setDate(d.getDate() + 1);\n}\nreturn d;"},"gt_translate_keys":["label","placeholder","description","tooltip","repeater_field_label","quantity_label"],"price_dependency":false,"cl_dependency":false,"value":""}],[{"label":"\u23f0 Departure","active":true,"required":true,"elementId":"select_96836ef28323a1","dropdown_type":"basic","placeholder":"Select Departure Time","name":"select_96836ef28323a1","label_position":"default","desc_position":"default","enablePrice":false,"className":"","enableCl":false,"relations":[{"operator":false,"rules":[{"operator":"AND","rules":{"cl_field":"date_367e16bf8dd504","cl_relation":"week_day_is","cl_val":[1]}}]}],"values":[{"label":"9:45","value":"9:45","selected":true,"tempId":"aco_2695","gt_translate_keys":["label"]}],"price":"","cl_rule":"show","col":6,"type":"select","error":false,"gt_translate_keys":["label","placeholder"],"price_dependency":false,"cl_dependency":false,"value":""}],[{"active":true,"col":6,"relations":false,"cl_rule":"show","enableCl":false,"price":"","enablePrice":false,"className":"","label_position":"default","desc_position":"default","type":"separator","required":false,"elementId":"separator_106836ef28323ac","label":"Separator Field","height":"4","separatorType":"blank","error":false,"gt_translate_keys":["label"],"price_dependency":false,"cl_dependency":false,"value":""}],[{"active":true,"col":6,"relations":false,"cl_rule":"show","enableCl":false,"price":"65","enablePrice":true,"className":"","label_position":"default","desc_position":"default","type":"radio-group","required":false,"elementId":"radio-group_76836ef28323b7","label":"","name":"radio-group_76836ef28323b7","values":[{"label":"\ud83d\udc64 Adult (65\u20ac)","value":"Adult","selected":true,"tempId":"aco_2419","tooltip":"+12 Years","price":"50","gt_translate_keys":["label","tooltip"]}],"layOut":"","error":false,"checkUi":"button","options_description":true,"options_tooltip":true,"priceOptions":"fixed_for_all","pricingType":"fixed","is_show_price":false,"enable_quantity":true,"quantity_decimal":false,"quantity_step":"1","quantity_label":"","min_quantity":"0","max_quantity":"22","gt_translate_keys":["label","quantity_label"],"price_dependency":false,"cl_dependency":false,"value":""}],[{"label":"","active":true,"required":false,"elementId":"radio-group_26836ef28323c2","name":"radio-group_26836ef28323c2","label_position":"default","desc_position":"default","enablePrice":true,"className":"","enableCl":false,"relations":false,"enable_quantity":true,"quantity_label":"","quantity_step":"1","quantity_decimal":false,"min_quantity":"0","checkUi":"button","layOut":"","options_tooltip":true,"options_description":true,"values":[{"label":"\ud83d\udc66 Child (45\u20ac)","value":"Child","selected":true,"tempId":"aco_2419","tooltip":"2-12 Years","price":"40","gt_translate_keys":["label","tooltip"]}],"priceOptions":"fixed_for_all","pricingType":"fixed","price":"45","is_show_price":false,"cl_rule":"show","col":6,"type":"radio-group","error":false,"max_quantity":"22","gt_translate_keys":["label","quantity_label"],"price_dependency":false,"cl_dependency":false,"value":""}]]},"sec_06836ef28323e8":{"extra":{"key":"sec_06836ef28323e8","section_id":"sec_06836ef28323e8","name":"Private Charter","status":1,"cl_rule":"show","enableCl":true,"relations":[{"operator":false,"rules":[{"operator":"AND","rules":{"cl_field":"radio-group_26836ef2832388","cl_relation":"is","cl_val":"Private Charter"}}]}],"toggle":true,"title_tag":"h4","show_title":false,"showPrice":"default","form_id":14657,"form_rules":{"exclude_from_discount":true,"fee_label":"Fee","disp_hide_options_price":true,"disp_show_section_price":false,"disp_show_field_price":true,"layout_option":"standard","pric_use_as_fee":false,"process_fee_as":"woo_fee"},"layout_option":"standard"},"fields":[[{"label":"\ud83d\udcc5 Date","active":true,"required":true,"elementId":"date_36836ef28323f1","picker_type":"custom","picker_mode":"single","placeholder":"","description":"","tooltip":"","name":"date_36836ef28323f1","label_position":"default","desc_position":"default","enablePrice":false,"className":"","enableCl":false,"relations":[{"operator":"and","rules":[{"operator":"AND","rules":{"cl_field":"radio-group_367e16bf8dd4f5","cl_relation":"is","cl_val":"3 Hour Trip"}}]}],"enableDesign":false,"LabelColor":"","date_pic_inline":true,"date_pic_inline_hide":true,"min_date":"","max_date":{"type":"days","val":"365"},"date_pic_conf":{"disabledWeeks":[],"disabledDates":["2025-12-01 to 2025-12-14"]},"price":"","cl_rule":"show","col":6,"type":"date","error":false,"isWeightTemplate":false,"isTemplate":false,"min_quantity":"1","quantity_decimal":false,"quantity_step":"1","quantity_label":"Quantity","repeater_field_label":"{field_label}","repeater_bind":"","date_conf_custom":{"minDate":"let d = new Date();\nif (d.getHours() >= 18) {\n  d.setDate(d.getDate() + 2);\n} else {\n  d.setDate(d.getDate() + 1);\n}\nreturn d;"},"gt_translate_keys":["label","placeholder","description","tooltip","repeater_field_label","quantity_label"],"price_dependency":false,"cl_dependency":false,"value":""}],[{"label":"\u23f0 Departure","active":true,"required":true,"elementId":"select_86836ef28323fa","dropdown_type":"basic","placeholder":"Select Departure Time","name":"select_86836ef28323fa","label_position":"default","desc_position":"default","enablePrice":false,"className":"","enableCl":false,"relations":[{"operator":false,"rules":[{"operator":"AND","rules":{"cl_field":"date_367e16bf8dd504","cl_relation":"week_day_is","cl_val":[1]}}]}],"values":[{"label":"9:45","value":"9:45","selected":false,"tempId":"aco_2695","gt_translate_keys":["label"]},{"label":"13:15","value":"13:15","selected":false,"tempId":"aco_2329","gt_translate_keys":["label"]},{"label":"16:20","value":"16:20","selected":false,"tempId":"aco_2457","gt_translate_keys":["label"]}],"price":"","cl_rule":"show","col":6,"type":"select","error":false,"gt_translate_keys":["label","placeholder"],"price_dependency":false,"cl_dependency":false,"value":""}],[{"active":true,"col":6,"relations":false,"cl_rule":"show","enableCl":false,"price":"5","enablePrice":false,"className":"","label_position":"default","desc_position":"default","type":"number","required":false,"elementId":"number_26836ef2832403","label":"\ud83d\udc65 Amount of People","name":"number_26836ef2832403","value":"","error":false,"pricingType":"multiply","enable_quantity":false,"quantity_decimal":false,"quantity_step":"1","quantity_label":"Quantity","min":"1","max":"12","placeholder":"Up to 12 People","is_show_price":true,"gt_translate_keys":["label","placeholder","value","quantity_label"],"price_dependency":false,"cl_dependency":false}],[{"active":true,"col":6,"relations":false,"cl_rule":"show","enableCl":false,"price":"","enablePrice":true,"className":"","label_position":"default","desc_position":"default","type":"select","required":false,"elementId":"select_86836ef283240b","label":"\u231b\ufe0f Charter Duration (From 650\u20ac)","name":"select_86836ef283240b","values":[{"label":"3 Hours (650\u20ac)","value":"1","selected":true,"tempId":"aco_3241","price":"650","gt_translate_keys":["label"]}],"dropdown_type":"basic","error":false,"placeholder":"Select Duration Time","priceOptions":"different_for_all","pricingType":"fixed","is_show_price":false,"gt_translate_keys":["label","placeholder"],"price_dependency":false,"cl_dependency":false,"value":""}]]}},"config":{"price_override":"always","enable_recaptcha":false,"bind_quantity":false,"quantity_bind_formula":false,"disp_summ_show_option_price":true,"disp_summ_show_product_price":false,"disp_summ_show_total_price":true,"disp_summ_show_fee":true,"disp_summ_show_discount":true,"summary_title":"","options_total_label":"Options Price","total_label":"Total Amount Now","options_product_label":"Product Price","fee_label":"Fee","discount_label":"Discount","has_price":true,"has_quantity_formula":false},"mc_unit":1,"tax_rate":1,"tax_rate_real":1,"discount":{"percentage":0,"fixed":0},"design":{"conf":{"LabelPosition":"above","DescPosition":"above","UploadField":"custom_1","QuantityFieldStyle":"custom_1"},"css":{"LeftLabelWidth":"120px"}},"formulas":{"fmla_1708364241278155361":"(({field.select_267e16bf8dd55e.value}>=4)?(200+({field.number_8810219193.value}*5)):(({field.select_267e16bf8dd55e.value}>=3)?(100+({field.number_8810219193.value}*5)):(0)))","fmla_1742826688120818082":"(({field.select_267e16bf8dd55e.value}>=4)?(1250):(({field.select_267e16bf8dd55e.value}>=3)?(650):(0)))"},"lookuptables":[],"clones":false,"cartKey":false}},"_links":{"self":[{"href":"https:\/\/canaryvip.com\/cs\/wp-json\/wp\/v2\/product\/14642","targetHints":{"allow":["GET"]}}],"collection":[{"href":"https:\/\/canaryvip.com\/cs\/wp-json\/wp\/v2\/product"}],"about":[{"href":"https:\/\/canaryvip.com\/cs\/wp-json\/wp\/v2\/types\/product"}],"replies":[{"embeddable":true,"href":"https:\/\/canaryvip.com\/cs\/wp-json\/wp\/v2\/comments?post=14642"}],"wp:featuredmedia":[{"embeddable":true,"href":"https:\/\/canaryvip.com\/cs\/wp-json\/wp\/v2\/media\/14645"}],"wp:attachment":[{"href":"https:\/\/canaryvip.com\/cs\/wp-json\/wp\/v2\/media?parent=14642"}],"wp:term":[{"taxonomy":"product_brand","embeddable":true,"href":"https:\/\/canaryvip.com\/cs\/wp-json\/wp\/v2\/product_brand?post=14642"},{"taxonomy":"product_cat","embeddable":true,"href":"https:\/\/canaryvip.com\/cs\/wp-json\/wp\/v2\/product_cat?post=14642"},{"taxonomy":"product_tag","embeddable":true,"href":"https:\/\/canaryvip.com\/cs\/wp-json\/wp\/v2\/product_tag?post=14642"}],"curies":[{"name":"wp","href":"https:\/\/api.w.org\/{rel}","templated":true}]}}