{"id":14185,"date":"2025-04-11T10:44:51","date_gmt":"2025-04-11T09:44:51","guid":{"rendered":"https:\/\/canaryvip.com\/?post_type=product&#038;p=14185"},"modified":"2025-08-09T13:53:28","modified_gmt":"2025-08-09T12:53:28","slug":"jetski-circuit-tenerife","status":"publish","type":"product","link":"https:\/\/canaryvip.com\/cs\/shop\/jetski-circuit-tenerife\/","title":{"rendered":"Okruh JetSki Tenerife"},"content":{"rendered":"<h2>\ud83d\udea4 20 minut Jetski Circuit Tenerife<\/h2>\n<p>Hled\u00e1te rychlou a vzru\u0161uj\u00edc\u00ed aktivitu, kter\u00e1 by va\u0161i dovolenou na Tenerife u\u010dinila je\u0161t\u011b nezapomenuteln\u011bj\u0161\u00ed? Na <strong>Okruh pro vodn\u00ed sk\u00fatry Tenerife<\/strong> je ide\u00e1ln\u00ed volbou, pokud chcete rychlost, mo\u0159e a adrenalin, ani\u017e byste str\u00e1vili hodiny na v\u00fdlet\u011b. Je to 20minutov\u00fd z\u00e1\u017eitek, kter\u00fd v\u00e1m d\u00e1v\u00e1 svobodu jezdit na vodn\u00edm sk\u00fatru vlastn\u00edm tempem, v bezpe\u010dn\u00e9m a kontrolovan\u00e9m prost\u0159ed\u00ed, p\u0159\u00edmo v oce\u00e1nu pobl\u00ed\u017e Playa Fa\u00f1ab\u00e9.<\/p>\n<h3>\ud83c\udf0a Co je to okruh pro vodn\u00ed sk\u00fatry?<\/h3>\n<p>Nejedn\u00e1 se o <a href=\"https:\/\/canaryvip.com\/cs\/shop\/jetski-tenerife\/\">JetSki prohl\u00eddka pob\u0159e\u017e\u00ed s pr\u016fvodcem<\/a> nebo safari. Okruh pro vodn\u00ed sk\u00fatry je vyzna\u010den\u00e1 smy\u010dka s b\u00f3jkami na mo\u0159i v bl\u00edzkosti pob\u0159e\u017e\u00ed mezi Puerto Col\u00f3n a Playa Fa\u00f1ab\u00e9. B\u011bhem 20minutov\u00e9ho sezen\u00ed objedete tento okruh tolikr\u00e1t, kolikr\u00e1t budete cht\u00edt. Are\u00e1l je pod dohledem instruktor\u016f, tak\u017ee si m\u016f\u017eete u\u017e\u00edt vzru\u0161en\u00ed s naprost\u00fdm klidem.<\/p>\n<p>Je to ide\u00e1ln\u00ed zp\u016fsob, jak si vyzkou\u0161et j\u00edzdu na vodn\u00edm sk\u00fatru, pokud nem\u00e1te \u010das nebo se chcete jen rychle pobavit. A\u0165 u\u017e to d\u011bl\u00e1te sami, s p\u0159\u00e1teli nebo v p\u00e1ru, je to zaru\u010den\u00e1 d\u00e1vka energie b\u011bhem va\u0161eho pl\u00e1\u017eov\u00e9ho dne.<\/p>\n<h3>\ud83d\udccd Kde se to d\u011bje a jak se tam dostat<\/h3>\n<p>Aktivita se odehr\u00e1v\u00e1 v oce\u00e1nu t\u011bsn\u011b u <a href=\"https:\/\/maps.app.goo.gl\/n9D5BT5K5VsxNcbH7\" target=\"_blank\" rel=\"noopener\"><strong>Puerto Col\u00f3n,<\/strong><\/a> , jeden z hlavn\u00edch p\u0159\u00edstav\u016f v Costa Adeje. Snadno se tam dostanete p\u011b\u0161ky nebo tax\u00edkem, ale pokud jste na pl\u00e1\u017ei, je\u0161t\u011b v\u00edce v\u00e1m to usnadn\u00edme - nab\u00edz\u00edme v\u00e1m slu\u017ebu <strong>vyzvednut\u00ed lodi zdarma<\/strong> z n\u011bkolika bl\u00edzk\u00fdch pl\u00e1\u017e\u00ed:<\/p>\n<ul>\n<li>\ud83c\udfd6\ufe0f Playa de Troya<\/li>\n<li>\ud83c\udfd6\ufe0f Playa Fa\u00f1ab\u00e9<\/li>\n<li>\ud83c\udfd6\ufe0f Playa Torviscas<\/li>\n<li>\ud83c\udfd6\ufe0f Playa del Duque<\/li>\n<li>\u26f5 samotn\u00e9 m\u011bsto Puerto Col\u00f3n<\/li>\n<\/ul>\n<p>Sta\u010d\u00ed, kdy\u017e n\u00e1m p\u0159i rezervaci sd\u011bl\u00edte preferovanou pl\u00e1\u017e pro vyzvednut\u00ed, a jeden z \u010dlen\u016f t\u00fdmu v\u00e1s lod\u00ed doveze na v\u00fdchoz\u00ed m\u00edsto. Je to rychl\u00e9, snadn\u00e9 a pat\u0159\u00ed to k z\u00e1\u017eitku.<\/p>\n<h3>\u2699\ufe0f Co je sou\u010d\u00e1st\u00ed balen\u00ed<\/h3>\n<p>Sou\u010d\u00e1st\u00ed balen\u00ed je v\u0161e, co pot\u0159ebujete pro z\u00e1bavnou a bezpe\u010dnou j\u00edzdu:<\/p>\n<ul>\n<li>\u2705 20 minut j\u00edzdy na vodn\u00edm sk\u00fatru na vyzna\u010den\u00e9m okruhu na voln\u00e9 vod\u011b<\/li>\n<li>\u2705 Modern\u00ed vodn\u00ed sk\u00fatry Yamaha, snadno ovladateln\u00e9 a velmi stabiln\u00ed<\/li>\n<li>\u2705 Z\u00e1chrann\u00e1 vesta pro v\u0161echny \u00fa\u010dastn\u00edky.<\/li>\n<li>\u2705 Bezpe\u010dnostn\u00ed instrukt\u00e1\u017e a dohled kvalifikovan\u00fdch instruktor\u016f<\/li>\n<\/ul>\n<p>P\u0159edchoz\u00ed zku\u0161enosti nejsou pot\u0159eba. Ne\u017e za\u010dnete, n\u00e1\u0161 t\u00fdm v\u00e1m vysv\u011btl\u00ed, jak v\u0161e funguje, abyste se c\u00edtili jist\u011b a byli p\u0159ipraveni u\u017e\u00edt si z\u00e1\u017eitek od prvn\u00ed vte\u0159iny.<\/p>\n<h3>\ud83d\udc65 Kdo se m\u016f\u017ee p\u0159ipojit?<\/h3>\n<p>Tato aktivita je vhodn\u00e1 t\u00e9m\u011b\u0159 pro ka\u017ed\u00e9ho, pokud se ve vod\u011b c\u00edt\u00edte dob\u0159e. Je to skv\u011bl\u00e1 volba pro lidi, kte\u0159\u00ed hledaj\u00ed trochu dobrodru\u017estv\u00ed, ani\u017e by se museli zav\u00e1zat k celodenn\u00edmu pl\u00e1nu.<\/p>\n<ul>\n<li>\u2714\ufe0f \u0158idi\u010di mus\u00ed b\u00fdt star\u0161\u00ed 16 let a m\u00edt p\u00edsemn\u00fd souhlas rodi\u010d\u016f.<\/li>\n<li>\u2714\ufe0f Mlad\u0161\u00ed \u00fa\u010dastn\u00edci se mohou p\u0159ipojit jako cestuj\u00edc\u00ed s dosp\u011bl\u00fdm.<\/li>\n<li>\ud83d\udeab Nevhodn\u00e9 pro t\u011bhotn\u00e9.<\/li>\n<\/ul>\n<h3>\ud83d\udccb Co je dobr\u00e9 v\u011bd\u011bt, ne\u017e se vyd\u00e1te na cestu<\/h3>\n<ul>\n<li>\ud83d\udd52 P\u0159ij\u010fte pros\u00edm 30 minut p\u0159ed rezervovan\u00fdm \u010dasem.<\/li>\n<li>\ud83c\udf7d\ufe0f Vyhn\u011bte se konzumaci t\u011b\u017ek\u00fdch j\u00eddel p\u0159ed aktivitou, abyste p\u0159ede\u0161li nep\u0159\u00edjemn\u00fdm pocit\u016fm.<\/li>\n<li>\ud83d\udc59 Vezm\u011bte si plavky, ru\u010dn\u00edk a opalovac\u00ed kr\u00e9m.<\/li>\n<li>\ud83d\udc63 Va\u0161e boty a osobn\u00ed v\u011bci budou b\u011bhem j\u00edzdy bezpe\u010dn\u011b ulo\u017eeny.<\/li>\n<\/ul>\n<h3>\ud83d\udcac Pro\u010d si vybrat Jetski Circuit Tenerife?<\/h3>\n<p>Tento z\u00e1\u017eitek je rychl\u00fd, cenov\u011b dostupn\u00fd a pln\u00fd vzru\u0161en\u00ed. Je ide\u00e1ln\u00ed, pokud si chcete vyzkou\u0161et j\u00edzdu na vodn\u00edm sk\u00fatru, ani\u017e byste museli str\u00e1vit p\u016fl dne na vod\u011b. Okruh se nach\u00e1z\u00ed bl\u00edzko pob\u0159e\u017e\u00ed, je snadno dostupn\u00fd a ide\u00e1ln\u00ed pro za\u010d\u00e1te\u010dn\u00edky nebo pro ka\u017ed\u00e9ho, kdo si chce na dovolen\u00e9 u\u017e\u00edt trochu akce.<\/p>\n<p>Z\u00edsk\u00e1te stejn\u00fd z\u00e1\u017eitek jako p\u0159i del\u0161\u00ed prohl\u00eddce, ale v kr\u00e1tk\u00e9m a soust\u0159ed\u011bn\u00e9m \u010dase, kter\u00fd se dokonale vejde do va\u0161ich pl\u00e1n\u016f. A\u0165 u\u017e bydl\u00edte pobl\u00ed\u017e, nebo jste na n\u00e1v\u0161t\u011bv\u011b jen na jeden den, je to jedno z nejlep\u0161\u00edch rychl\u00fdch dobrodru\u017estv\u00ed na Costa Adeje.<\/p>\n<h3>\u2696\ufe0f Storno podm\u00ednky<\/h3>\n<p>Ch\u00e1peme, \u017ee pl\u00e1ny se mohou zm\u011bnit, zejm\u00e9na na dovolen\u00e9. Proto nab\u00edz\u00edme flexibiln\u00ed storno podm\u00ednky pro Jetski Circuit:<\/p>\n<ul>\n<li>\u2705 Bezplatn\u00e9 zru\u0161en\u00ed rezervace a\u017e 24 hodin p\u0159ed pl\u00e1novan\u00fdm sezen\u00edm.<\/li>\n<li>\u2705 Pln\u00e1 n\u00e1hrada v p\u0159\u00edpad\u011b zru\u0161en\u00ed aktivity z d\u016fvodu po\u010das\u00ed nebo bezpe\u010dnostn\u00edch podm\u00ednek.<\/li>\n<li>\u274c P\u0159i zru\u0161en\u00ed rezervace m\u00e9n\u011b ne\u017e 24 hodin p\u0159ed za\u010d\u00e1tkem aktivity se pen\u00edze nevracej\u00ed.<\/li>\n<li>\u274c Za \u017e\u00e1dn\u00fdch okolnost\u00ed se pen\u00edze nevracej\u00ed.<\/li>\n<\/ul>\n<p>Pokud pot\u0159ebujete zru\u0161it nebo p\u0159esunout term\u00edn, kontaktujte n\u00e1s co nejd\u0159\u00edve, abychom v\u00e1m mohli pomoci. Jsme tu, abychom v\u00e1m pomohli u\u017e\u00edt si z\u00e1\u017eitek s klidnou mysl\u00ed.<\/p>\n<h3>\ud83c\udf1e Rezervujte si sv\u016fj okruh pro vodn\u00ed sk\u00fatry nyn\u00ed<\/h3>\n<p>Nenechte si uj\u00edt p\u0159\u00edle\u017eitost sj\u00ed\u017ed\u011bt vlny na jednom z nejkr\u00e1sn\u011bj\u0161\u00edch m\u00edst na Tenerife. A\u0165 u\u017e p\u0159ijedete sami, nebo s doprovodem. <strong>Okruh pro vodn\u00ed sk\u00fatry Tenerife<\/strong> je ide\u00e1ln\u00edm zp\u016fsobem, jak si na ostrov\u011b zp\u0159\u00edjemnit \u010das adrenalinem a z\u00e1bavou.<\/p>\n<p><strong>Rezervujte si m\u00edsto je\u0161t\u011b dnes<\/strong> a p\u0159ipravte se na 20 minut nep\u0159etr\u017eit\u00e9 akce ve vod\u00e1ch Puerto Col\u00f3n.<\/p>","protected":false},"excerpt":{"rendered":"<p><strong>\ud83d\udd0d JetSki Circuit Tenerife:<\/strong><br \/>\n<span>\u2705 Bezpe\u010dn\u00e1 platba.<\/span><br \/>\n<span>\ud83c\udf1f Nezapomenuteln\u00fd z\u00e1\u017eitek.<\/span><br \/>\n<span>\ud83d\ude80 20minutov\u00fd okruh.<\/span><br \/>\n<span>\ud83d\udcc6 K dispozici denn\u011b.<\/span><br \/>\n<span>\ud83d\udd59 V\u00edce \u010dasov\u00fdch r\u00e1mc\u016f.<\/span><br \/>\n<span>\ud83d\udc66 +7 let se m\u016f\u017ee p\u0159ipojit.<\/span><br \/>\n<span>\ud83d\udc64 +16 let m\u016f\u017ee jezdit.<\/span><br \/>\n<span>\ud83e\udd11 Garance nejlep\u0161\u00ed ceny.<\/span><br \/>\n<span>\ud83d\udc6a Slevy aktivov\u00e1ny.<\/span><br \/>\n<span>\ud83d\udd01 Do 24 hodin Zru\u0161en\u00ed.<\/span><br \/>\n<span>\ud83c\udf1f Rezervujte nyn\u00ed a u\u0161et\u0159ete!<\/span><span><br \/>\n\ud83d\udea4 V\u00edce m\u00edst vyzvednut\u00ed.<br \/>\n\ud83d\udccd Um\u00edst\u011bn\u00ed: Puerto Col\u00f3n.<br \/>\n<\/span><\/p>","protected":false},"featured_media":14189,"comment_status":"open","ping_status":"closed","template":"","meta":{"_acf_changed":false},"product_brand":[],"product_cat":[53],"product_tag":[],"class_list":{"0":"post-14185","1":"product","2":"type-product","3":"status-publish","4":"has-post-thumbnail","6":"product_cat-water-sports","7":"wcpa_has_options","9":"first","10":"instock","11":"virtual","12":"purchasable","13":"product-type-simple"},"acf":[],"wcpa_form_fields":{"wcpaData":{"product":{"product_price":60,"price_html":"From&nbsp;<span class=\"woocommerce-Price-amount amount\"><bdi>60,00&nbsp;<span class=\"woocommerce-Price-currencySymbol\">&euro;<\/span><\/bdi><\/span>","original_product_price":60,"price_including_tax":60,"price_excluding_tax":60,"product_id":{"parent":14185,"variation":false},"is_variable":false,"stock_status":"instock","stock_quantity":null,"parent_sku":"CV14185","product_attributes":[],"custom_fields":[],"is_taxable":false,"product_name":"JetSki Circuit Tenerife","hasImage":false},"fields":{"sec_867f8e4dbaf8ed":{"extra":{"key":"sec_867f8e4dbaf8ed","section_id":"sec_867f8e4dbaf8ed","name":"Default","status":1,"cl_rule":"show","enableCl":false,"relations":[],"toggle":true,"title_tag":"h3","show_title":false,"showPrice":"default","form_id":14187,"form_rules":{"exclude_from_discount":true,"fee_label":"Fee","disp_hide_options_price":true,"disp_show_section_price":false,"disp_show_field_price":true,"layout_option":"standard","pric_use_as_fee":false,"process_fee_as":"woo_fee"},"layout_option":"standard"},"fields":[[{"label":"\ud83d\udcc5 Date","active":true,"required":true,"elementId":"date_1067f8e4dbaf91a","picker_type":"custom","picker_mode":"single","placeholder":"","description":"","tooltip":"","name":"date_1067f8e4dbaf91a","label_position":"default","desc_position":"default","enablePrice":false,"className":"","enableCl":false,"relations":[{"operator":"and","rules":[{"operator":"AND","rules":{"cl_field":"radio-group_667e15d3bd15b0","cl_relation":"is","cl_val":"3 Hour Trip"}}]}],"date_pic_inline":true,"date_pic_inline_hide":true,"min_date":{"type":"days","val":"0"},"max_date":{"type":"days","val":"365"},"date_pic_conf":{"disabledWeeks":[]},"price":"","cl_rule":"show","col":6,"type":"date","error":false,"enableDesign":false,"LabelColor":"","gt_translate_keys":["label","placeholder","description","tooltip"],"price_dependency":false,"cl_dependency":false,"value":""}],[{"active":true,"col":6,"relations":false,"cl_rule":"show","enableCl":false,"price":"","enablePrice":false,"className":"","label_position":"default","desc_position":"default","type":"select","required":false,"elementId":"select_067f8e4dbaf935","label":"\ud83d\udccd Departure Point","name":"select_067f8e4dbaf935","values":[{"label":"Puerto Col\u00f3n","value":"Puerto Col\u00f3n","selected":true,"tempId":"aco_841","gt_translate_keys":["label"]},{"label":"Troya Beach","value":"Troya Beach","selected":false,"tempId":"aco_481","gt_translate_keys":["label"]},{"label":"Fa\u00f1ab\u00e9 Beach","value":"Fa\u00f1ab\u00e9 Beach","selected":false,"tempId":"aco_482","gt_translate_keys":["label"]},{"label":"Torviscas Beach","value":"Torviscas Beach","selected":false,"tempId":"aco_515","gt_translate_keys":["label"]},{"label":"El Duque Beach","value":"El Duque Beach","selected":false,"tempId":"aco_678","gt_translate_keys":["label"]}],"dropdown_type":"basic","error":false,"gt_translate_keys":["label"],"price_dependency":false,"cl_dependency":false,"value":""}],[{"active":true,"col":6,"relations":[{"operator":false,"rules":[{"operator":"AND","rules":{"cl_field":"radio-group_667e15d3bd15b0","cl_relation":"is","cl_val":"3 Hour Trip"}}]}],"cl_rule":"show","enableCl":false,"price":"","enablePrice":false,"className":"","label_position":"default","desc_position":"default","type":"select","required":true,"elementId":"select_067f8e4dbaf94d","label":"\u23f0 Departure Time","name":"select_067f8e4dbaf94d","values":[{"label":"11:00","value":"11:00","selected":false,"tempId":"aco_281","gt_translate_keys":["label"]},{"label":"12:00","value":"12:00","selected":false,"tempId":"aco_381","gt_translate_keys":["label"]},{"label":"13:00","value":"13:00","selected":false,"tempId":"aco_1058","gt_translate_keys":["label"]},{"label":"15:00","value":"15:00","selected":false,"tempId":"aco_444","gt_translate_keys":["label"]},{"label":"16:00","value":"16:00","selected":false,"tempId":"aco_454","gt_translate_keys":["label"]}],"dropdown_type":"basic","error":false,"placeholder":"Select Departure Time","priceOptions":"different_for_all","pricingType":"custom","isTemplate":false,"is_show_price":true,"gt_translate_keys":["label","placeholder"],"price_dependency":false,"cl_dependency":false,"value":""}]]},"sec_767f8e4dbaf94e":{"extra":{"key":"sec_767f8e4dbaf94e","section_id":"sec_767f8e4dbaf94e","name":"20 min Circuit Puerto Col\u00f3n","status":1,"cl_rule":"show","enableCl":false,"relations":[{"operator":false,"rules":[{"operator":"AND","rules":{"cl_field":"radio-group_667e15d3bd15b0","cl_relation":"is","cl_val":"1 Hour Trip"}}]}],"toggle":true,"title_tag":"h4","show_title":false,"showPrice":"default","form_id":14187,"form_rules":{"exclude_from_discount":true,"fee_label":"Fee","disp_hide_options_price":true,"disp_show_section_price":false,"disp_show_field_price":true,"layout_option":"standard","pric_use_as_fee":false,"process_fee_as":"woo_fee"},"layout_option":"standard"},"fields":[[{"contentType":"rich","active":true,"label":"","elementId":"content_667f8e4dbaf968","value":"<p>\ud83c\udf9f\ufe0f <strong>Reservation<\/strong>: Pay only a deposit now to reserve; the rest is due on the day of the activity upon arrival.<\/p>","inline":true,"name":"content_667f8e4dbaf968","enablePrice":false,"className":"","subtype":"div","enableCl":false,"relations":false,"price":"","cl_rule":"show","col":6,"type":"content","error":false,"show_in_checkout":true,"enableDesign":true,"LabelSize":"14px","DescSize":"14px","gt_translate_keys":["label","value"],"price_dependency":false,"cl_dependency":false}],[{"active":true,"col":6,"relations":false,"cl_rule":"show","enableCl":false,"price":"","enablePrice":false,"className":"","label_position":"default","desc_position":"default","type":"content","required":false,"elementId":"content_567f8e4dbaf980","label":"Number of Jet Skis","name":"content_567f8e4dbaf980","contentType":"plain","value":"","error":false,"show_in_checkout":true,"inline":false,"gt_translate_keys":["label","value"],"price_dependency":false,"cl_dependency":false}],[{"active":true,"col":6,"relations":[{"operator":false,"rules":[{"operator":"AND","rules":{"cl_field":"","cl_relation":"","cl_val":""}}]}],"cl_rule":"show","enableCl":false,"price":"60","enablePrice":true,"className":"","label_position":"default","desc_position":"default","type":"radio-group","required":false,"elementId":"radio-group_667f8e4dbaf99e","label":"","name":"radio-group_667f8e4dbaf99e","values":[{"label":"\ud83d\udc64 Single JetSki (60\u20ac)","value":"Single JetSki","selected":true,"tempId":"aco_32","tooltip":"1 Person on the JetSki.","description":"","gt_translate_keys":["label","tooltip","description"]}],"layOut":"","error":false,"checkUi":"button","priceOptions":"fixed_for_all","pricingType":"fixed","enable_quantity":true,"quantity_label":"","min_quantity":"0","options_tooltip":true,"options_description":true,"is_show_price":true,"gt_translate_keys":["label","quantity_label"],"price_dependency":["content_467f8e4dbaf9f8","content_067f8e4dbafa11","content_467f8e4dbafa29"],"cl_dependency":false,"value":""}],[{"label":"","active":true,"required":false,"elementId":"radio-group_367f8e4dbaf9bb","name":"radio-group_367f8e4dbaf9bb","label_position":"default","desc_position":"default","enablePrice":true,"className":"","enableCl":false,"relations":false,"enable_quantity":true,"quantity_label":"","min_quantity":"0","checkUi":"button","layOut":"","values":[{"label":"\ud83d\udc65 Double JetSki (70\u20ac)","value":"Double JetSki","selected":true,"tempId":"aco_32","tooltip":"2 People on the same JetSki.","description":"","gt_translate_keys":["label","tooltip","description"]}],"priceOptions":"fixed_for_all","pricingType":"fixed","price":"70","cl_rule":"show","col":6,"type":"radio-group","error":false,"options_tooltip":true,"options_description":true,"is_show_price":true,"quantity_decimal":false,"quantity_step":"1","gt_translate_keys":["label","quantity_label"],"price_dependency":["content_467f8e4dbaf9f8","content_067f8e4dbafa11","content_467f8e4dbafa29"],"cl_dependency":false,"value":""}],[{"elementId":"separator_367f8e4dbaf9d6","separatorType":"fill","separatorColor":"#66a6b6","className":"","height":"3","enableCl":false,"relations":false,"cl_rule":"show","col":6,"type":"separator","gt_translate_keys":[],"price_dependency":false,"cl_dependency":false,"value":""}],[{"active":true,"col":6,"relations":false,"cl_rule":"show","enableCl":false,"price":"({field.radio-group_667f8e4dbaf99e.price}*0.30) + ({field.radio-group_367f8e4dbaf9bb.price}*0.30)","enablePrice":true,"className":"","label_position":"default","desc_position":"default","type":"content","required":false,"elementId":"content_467f8e4dbaf9f8","label":"Deposit Now","name":"content_467f8e4dbaf9f8","contentType":"plain","value":"","error":false,"pricingType":"custom","isTemplate":false,"is_show_price":false,"enableDesign":true,"scrollBar":false,"use_as_fee":false,"fee_label":"","inline":true,"show_in_checkout":true,"subtype":"div","LabelSize":"14px","LabelColor":"","gt_translate_keys":["label","value"],"price_dependency":false,"cl_dependency":false}],[{"contentType":"plain","active":true,"label":"Payment at Arrival","elementId":"content_067f8e4dbafa11","value":"","inline":true,"show_in_checkout":true,"name":"content_067f8e4dbafa11","enablePrice":true,"className":"","fee_label":"","subtype":"div","enableCl":false,"relations":[{"operator":false,"rules":[{"operator":"AND","rules":{"cl_field":"content_467f8e4dbaf9f8","cl_relation":"is_not_empty","cl_val":""}}]}],"scrollBar":false,"enableDesign":true,"pricingType":"custom","isTemplate":false,"price":"({field.radio-group_667f8e4dbaf99e.price}*0.70) + ({field.radio-group_367f8e4dbaf9bb.price}*0.70)","use_as_fee":false,"is_show_price":true,"cl_rule":"disable","col":6,"type":"content","error":false,"LabelSize":"14px","LabelColor":"","gt_translate_keys":["label","value"],"price_dependency":false,"cl_dependency":false}],[{"contentType":"plain","active":true,"label":"Total Amount","elementId":"content_467f8e4dbafa29","value":"","inline":true,"show_in_checkout":true,"name":"content_467f8e4dbafa29","enablePrice":true,"className":"","fee_label":"","subtype":"div","enableCl":false,"relations":[{"operator":false,"rules":[{"operator":"AND","rules":{"cl_field":"content_467f8e4dbaf9f8","cl_relation":"is_not_empty","cl_val":""}}]}],"scrollBar":false,"enableDesign":true,"LabelColor":"","LabelSize":"14px","pricingType":"custom","isTemplate":false,"price":"({field.radio-group_667f8e4dbaf99e.price}) + ({field.radio-group_367f8e4dbaf9bb.price})","use_as_fee":false,"is_show_price":true,"cl_rule":"disable","col":6,"type":"content","error":false,"gt_translate_keys":["label","value"],"price_dependency":false,"cl_dependency":false}]]},"sec_367f8e4dbafa2b":{"extra":{"key":"sec_367f8e4dbafa2b","section_id":"sec_367f8e4dbafa2b","name":"Pickup Location","status":1,"cl_rule":"show","enableCl":true,"relations":[{"operator":false,"rules":[{"operator":"AND","rules":{"cl_field":"radio-group_667e15d3bd15b0","cl_relation":"is_not","cl_val":"2.5 Hour Trip"}}]}],"toggle":true,"title_tag":"h4","show_title":false,"showPrice":"default","form_id":14187,"form_rules":{"exclude_from_discount":true,"fee_label":"Fee","disp_hide_options_price":true,"disp_show_section_price":false,"disp_show_field_price":true,"layout_option":"standard","pric_use_as_fee":false,"process_fee_as":"woo_fee"},"layout_option":"standard"},"fields":[[{"active":true,"col":6,"relations":false,"cl_rule":"show","enableCl":false,"price":"","enablePrice":false,"className":"","label_position":"default","desc_position":"default","type":"separator","required":false,"elementId":"separator_367f8e4dbafa53","label":"Separator Field","height":"1","separatorType":"blank","error":false,"gt_translate_keys":["label"],"price_dependency":false,"cl_dependency":false,"value":""}],[{"active":true,"col":6,"relations":[{"operator":false,"rules":[{"operator":false,"rules":{"cl_field":"radio-group_667e15d3bd15b0","cl_relation":"is_not","cl_val":"4.5 Hour Trip from North Tenerife"}}]}],"cl_rule":"show","enableCl":false,"price":"","enablePrice":false,"className":"","label_position":"default","desc_position":"default","type":"text","subtype":"text","required":false,"elementId":"text_867f8e4dbafa67","label":"\ud83d\ude8c Pickup Location","name":"text_867f8e4dbafa67","value":"","error":false,"description":"Pick-up service in some locations. Simply provide your address or hotel name. (+2\u20ac\/person paid at pickup to the driver)","repeater":false,"repeater_field_label":"{field_label}","repeater_bind":"","gt_translate_keys":["label","description","value","repeater_field_label"],"price_dependency":false,"cl_dependency":false}]]}},"config":{"price_override":"always","enable_recaptcha":false,"bind_quantity":false,"quantity_bind_formula":false,"disp_summ_show_option_price":true,"disp_summ_show_product_price":false,"disp_summ_show_total_price":false,"disp_summ_show_fee":true,"disp_summ_show_discount":true,"summary_title":"","options_total_label":"Options Price","total_label":"Deposit Amount","options_product_label":"Product Price","fee_label":"Fee","discount_label":"Discount","has_price":true,"has_quantity_formula":false},"mc_unit":1,"tax_rate":1,"tax_rate_real":1,"discount":{"percentage":0,"fixed":0},"design":{"conf":{"LabelPosition":"above","DescPosition":"above","UploadField":"custom_1","QuantityFieldStyle":"custom_1"},"css":{"LeftLabelWidth":"120px"}},"formulas":[],"lookuptables":[],"clones":false,"cartKey":false}},"_links":{"self":[{"href":"https:\/\/canaryvip.com\/cs\/wp-json\/wp\/v2\/product\/14185","targetHints":{"allow":["GET"]}}],"collection":[{"href":"https:\/\/canaryvip.com\/cs\/wp-json\/wp\/v2\/product"}],"about":[{"href":"https:\/\/canaryvip.com\/cs\/wp-json\/wp\/v2\/types\/product"}],"replies":[{"embeddable":true,"href":"https:\/\/canaryvip.com\/cs\/wp-json\/wp\/v2\/comments?post=14185"}],"wp:featuredmedia":[{"embeddable":true,"href":"https:\/\/canaryvip.com\/cs\/wp-json\/wp\/v2\/media\/14189"}],"wp:attachment":[{"href":"https:\/\/canaryvip.com\/cs\/wp-json\/wp\/v2\/media?parent=14185"}],"wp:term":[{"taxonomy":"product_brand","embeddable":true,"href":"https:\/\/canaryvip.com\/cs\/wp-json\/wp\/v2\/product_brand?post=14185"},{"taxonomy":"product_cat","embeddable":true,"href":"https:\/\/canaryvip.com\/cs\/wp-json\/wp\/v2\/product_cat?post=14185"},{"taxonomy":"product_tag","embeddable":true,"href":"https:\/\/canaryvip.com\/cs\/wp-json\/wp\/v2\/product_tag?post=14185"}],"curies":[{"name":"wp","href":"https:\/\/api.w.org\/{rel}","templated":true}]}}