{"id":14051,"date":"2025-03-24T11:55:25","date_gmt":"2025-03-24T11:55:25","guid":{"rendered":"https:\/\/canaryvip.com\/?post_type=product&#038;p=14051"},"modified":"2025-08-09T13:55:58","modified_gmt":"2025-08-09T12:55:58","slug":"jetski-gran-canaria-tour","status":"publish","type":"product","link":"https:\/\/canaryvip.com\/cs\/shop\/jetski-gran-canaria-tour\/","title":{"rendered":"JetSki Gran Canaria Tour"},"content":{"rendered":"<h2>\ud83c\udf0a JetSki Gran Canaria Safari Tour<\/h2>\n<p>P\u0159ipravte se na jedine\u010dn\u00e9 oce\u00e1nsk\u00e9 dobrodru\u017estv\u00ed s na\u0161imi vzru\u0161uj\u00edc\u00edmi <strong>jetski Gran Canaria<\/strong> zku\u0161enosti. Tato hodinov\u00e1 prohl\u00eddka s pr\u016fvodcem odj\u00ed\u017ed\u00ed z <a href=\"https:\/\/maps.app.goo.gl\/wvmuLbrgqyykEXRA9\" target=\"_blank\" rel=\"noopener\">Playa de Mog\u00e1n<\/a> nebo <a href=\"https:\/\/maps.app.goo.gl\/qQX9BVijLLwy2Ldn9\" target=\"_blank\" rel=\"noopener\">Playa de Taurito<\/a> a vede pod\u00e9l nej\u00fachvatn\u011bj\u0161\u00edch pob\u0159e\u017en\u00edch scen\u00e9ri\u00ed na jihu ostrova. Nen\u00ed t\u0159eba \u017e\u00e1dn\u00fdch p\u0159edchoz\u00edch zku\u0161enost\u00ed - sta\u010d\u00ed m\u00edt s sebou energii a o zbytek se postar\u00e1me my!<\/p>\n<h3>\u23f1\ufe0f Hodinov\u00e9 safari na vodn\u00edch sk\u00fatrech: Rychlost, p\u0159\u00edroda a nezapomenuteln\u00e9 v\u00fdhledy<\/h3>\n<ul>\n<li><strong>Vyhl\u00eddkov\u00e1 trasa:<\/strong> Proje\u010fte se na vlastn\u00edm vodn\u00edm sk\u00fatru pod\u00e9l vysok\u00fdch sope\u010dn\u00fdch \u00fates\u016f a prozkoumejte p\u0159\u00edrodn\u00ed mo\u0159sk\u00e9 jeskyn\u011b, jako je ta v Tasarticu (pokud to podm\u00ednky na mo\u0159i dovol\u00ed), a vydejte se a\u017e na pl\u00e1\u017e Tasarte.<\/li>\n<li><strong>Pozorov\u00e1n\u00ed mo\u0159sk\u00fdch \u017eivo\u010dich\u016f:<\/strong> Na t\u00e9to trase jsou \u010dasto k vid\u011bn\u00ed \u017eelvy, l\u00e9taj\u00edc\u00ed ryby, a dokonce i delf\u00edni, tak\u017ee je to v\u00edc ne\u017e jen vzru\u0161uj\u00edc\u00ed j\u00edzda.<\/li>\n<li><strong>Z\u00e1bava a bezpe\u010d\u00ed pro v\u0161echny:<\/strong> Nen\u00ed vy\u017eadov\u00e1na \u017e\u00e1dn\u00e1 licence ani praxe. Jezdci mus\u00ed b\u00fdt star\u0161\u00ed 16 let, aby mohli jet samostatn\u011b. \u0158idi\u010di ve v\u011bku 16-17 let pot\u0159ebuj\u00ed podepsan\u00fd souhlas rodi\u010d\u016f a platn\u00fd pr\u016fkaz toto\u017enosti.<\/li>\n<\/ul>\n<h3>\ud83d\udcf8 Vzpom\u00ednky na fotografie, kter\u00e9 si uchov\u00e1te nav\u017edy<\/h3>\n<p>Pr\u016fvodce bude b\u011bhem j\u00edzdy po\u0159izovat ak\u010dn\u00ed fotografie. Pokud budete cht\u00edt, m\u016f\u017eete si je po prohl\u00eddce zakoupit. <strong>jetski safari Gran Canaria<\/strong>.<\/p>\n<h3>\u2705 Co je zahrnuto v z\u00e1\u017eitku na Jetski Gran Canaria<\/h3>\n<ul>\n<li>1 hodina <strong>jetski safari Gran Canaria<\/strong> s profesion\u00e1ln\u00edm pr\u016fvodcem<\/li>\n<li>Snadn\u00e1 bezpe\u010dnostn\u00ed instrukt\u00e1\u017e a n\u00e1vod k obsluze vodn\u00edho sk\u00fatru<\/li>\n<li>Vodn\u00ed sk\u00fatry a z\u00e1chrann\u00e9 vesty \u0161pi\u010dkov\u00e9 kvality<\/li>\n<li>Kompletn\u00ed poji\u0161t\u011bn\u00ed v cen\u011b<\/li>\n<li>Bezplatn\u00e9 pou\u017e\u00edv\u00e1n\u00ed sk\u0159\u00edn\u011bk na osobn\u00ed v\u011bci<\/li>\n<li>Voliteln\u00fd profesion\u00e1ln\u00ed fotografick\u00fd servis (k zakoupen\u00ed po skon\u010den\u00ed aktivity)<\/li>\n<\/ul>\n<h3>\ud83c\udf26\ufe0f D\u016fle\u017eit\u00e9: pov\u011btrnostn\u00ed podm\u00ednky<\/h3>\n<p>Aktivita z\u00e1vis\u00ed na podm\u00ednk\u00e1ch na mo\u0159i a na po\u010das\u00ed. V p\u0159\u00edpad\u011b rozbou\u0159en\u00e9ho mo\u0159e nebo \u0161patn\u00e9ho po\u010das\u00ed m\u016f\u017ee b\u00fdt v\u00fdlet v z\u00e1jmu va\u0161\u00ed bezpe\u010dnosti p\u0159elo\u017een.<\/p>\n<h3>\u2696\ufe0f Storno podm\u00ednky<\/h3>\n<p>Pl\u00e1ny se m\u011bn\u00ed - ch\u00e1peme to. Proto nab\u00edz\u00edme f\u00e9rov\u00e9 a transparentn\u00ed storno podm\u00ednky:<\/p>\n<ul>\n<li><strong>V\u00edce ne\u017e 48 hodin p\u0159edem:<\/strong> Vr\u00e1cen\u00ed cel\u00e9 uhrazen\u00e9 \u010d\u00e1stky.<\/li>\n<li><strong>24 a\u017e 48 hodin p\u0159ed aktivitou:<\/strong> 30% storno poplatek.<\/li>\n<li><strong>M\u00e9n\u011b ne\u017e 24 hodin nebo nedostaven\u00ed se:<\/strong> N\u00e1hrada se neposkytuje.<\/li>\n<\/ul>\n<p>Doporu\u010dujeme prov\u00e9st rezervaci v\u010das a co nejd\u0159\u00edve n\u00e1s informovat, pokud pot\u0159ebujete prov\u00e9st zm\u011bny v rezervaci.<\/p>\n<h3>\ud83e\uddf3 Co si vz\u00edt s sebou a co v\u011bd\u011bt p\u0159ed cestou<\/h3>\n<ul>\n<li><strong>Vezm\u011bte si s sebou:<\/strong> Plavky, ru\u010dn\u00edk a opalovac\u00ed kr\u00e9m jsou nezbytnost\u00ed. Pokud si chcete po\u0159izovat vlastn\u00ed fotografie, hod\u00ed se vodot\u011bsn\u00fd fotoapar\u00e1t!<\/li>\n<li><strong>Mo\u017enosti pohodl\u00ed:<\/strong> Pokud se chcete l\u00e9pe chr\u00e1nit, m\u016f\u017eete si vz\u00edt neopr\u00e9n nebo jet v plavk\u00e1ch.<\/li>\n<li><strong>Obuv:<\/strong> B\u011bhem pobytu na vod\u011b v\u00e1m boty bezpe\u010dn\u011b uschov\u00e1me.<\/li>\n<\/ul>\n<h3>\ud83c\udf1f Pro\u010d si rezervovat u CanaryVIP?<\/h3>\n<p>Na adrese <strong>CanaryVIP,<\/strong>\u00a0spolupracujeme s nejd\u016fv\u011bryhodn\u011bj\u0161\u00edmi a nejzku\u0161en\u011bj\u0161\u00edmi m\u00edstn\u00edmi partnery na Kan\u00e1rsk\u00fdch ostrovech, abychom v\u00e1m zprost\u0159edkovali bezpe\u010dn\u00e9 a kvalitn\u00ed z\u00e1\u017eitky. Tento <strong>jetski Gran Canaria<\/strong> z\u00e1jezd je provozov\u00e1n certifikovan\u00fdm m\u00edstn\u00edm poskytovatelem, kter\u00fd je pe\u010dliv\u011b vybr\u00e1n tak, aby v\u00e1m zajistil co nejlep\u0161\u00ed z\u00e1\u017eitek.<\/p>\n<h3>\u26f5 Hled\u00e1te exkluzivn\u011bj\u0161\u00ed z\u00e1\u017eitek na mo\u0159i?<\/h3>\n<p>Chcete sv\u016fj den na oce\u00e1nu posunout na vy\u0161\u0161\u00ed \u00farove\u0148? Pod\u00edvejte se na n\u00e1\u0161 <a href=\"https:\/\/canaryvip.com\/cs\/gran-canaria\/boat-hire-gran-canaria\/\" target=\"_blank\" rel=\"noopener\"><strong>soukrom\u00fd pron\u00e1jem lod\u00ed Gran Canaria<\/strong><\/a> a <strong>pron\u00e1jem jachet<\/strong> ide\u00e1ln\u00ed pro p\u00e1ry, rodiny a skupiny, kter\u00e9 cht\u011bj\u00ed n\u011bco osobn\u011bj\u0161\u00edho a luxusn\u011bj\u0161\u00edho.<\/p>\n<ul>\n<li><strong>Soukrom\u00fd pron\u00e1jem lod\u00ed:<\/strong> Prozkoumejte skryt\u00e9 pl\u00e1\u017ee a plavte se v k\u0159i\u0161\u0165\u00e1lov\u011b \u010dist\u00e9 vod\u011b s vlastn\u00ed lod\u00ed a kapit\u00e1nem.<\/li>\n<li><strong>Pron\u00e1jem luxusn\u00edch jachet:<\/strong> U\u017eijte si pr\u00e9miov\u00e9 slu\u017eby na palub\u011b, n\u00e1poje, ob\u010derstven\u00ed a naprostou relaxaci ve velk\u00e9m stylu.<\/li>\n<li><strong>Speci\u00e1ln\u00ed akce:<\/strong> Oslavte narozeniny, \u017e\u00e1dost o ruku nebo si prost\u011b u\u017eijte jedine\u010dn\u00fd den na mo\u0159i s lidmi, kter\u00e9 m\u00e1te r\u00e1di.<\/li>\n<\/ul>\n<p>A\u0165 u\u017e m\u00e1te jakoukoli n\u00e1ladu, <strong>CanaryVIP<\/strong> m\u00e1 ide\u00e1ln\u00ed lo\u010f pro v\u00e1\u0161 nezapomenuteln\u00fd den na Atlantiku.<\/p>\n<h3>\ud83c\udf1e P\u0159ipraveni na j\u00edzdu?<\/h3>\n<p>Nenechte si uj\u00edt p\u0159\u00edle\u017eitost za\u017e\u00edt vzru\u0161uj\u00edc\u00ed z\u00e1\u017eitek z <strong>jetski safari Gran Canaria<\/strong> a objevte pob\u0159e\u017e\u00ed ze zcela nov\u00e9 perspektivy. <strong>Zarezervujte si nyn\u00ed <a href=\"https:\/\/canaryvip.com\/cs\/\" target=\"_blank\" rel=\"noopener\">CanaryVIP<\/a><\/strong> a ud\u011blat si pobyt na Gran Canarii nezapomenuteln\u00fdm. \ud83c\udf0a\ud83d\udca8<\/p>","protected":false},"excerpt":{"rendered":"<p><strong>\ud83d\udd0d JetSki Gran Canaria:<\/strong><br \/>\n\u2705 Bezpe\u010dn\u00e1 platba.<br \/>\n\ud83c\udf1f Nezapomenuteln\u00fd z\u00e1\u017eitek.<br \/>\n\ud83d\ude80 Hodinov\u00e9 prohl\u00eddky.<br \/>\n\ud83d\udcc6 Denn\u00ed prohl\u00eddky.<br \/>\n\ud83d\udd59 V\u00edce \u010dasov\u00fdch r\u00e1mc\u016f.<br \/>\n\ud83d\udc66 +7 let se m\u016f\u017ee p\u0159ipojit.<br \/>\n\ud83d\udc64 +16 let m\u016f\u017ee jezdit.<br \/>\n\ud83e\udd11 Garance nejlep\u0161\u00ed ceny.<br \/>\n\ud83d\ude8d K dispozici je kyvadlov\u00e1 doprava.<br \/>\n\ud83d\udc6a Slevy aktivov\u00e1ny.<br \/>\n\ud83d\udd01 A\u017e 48 hodin Zru\u0161en\u00ed.<br \/>\n\ud83c\udf0d V\u00edcejazy\u010dn\u00e9 pr\u016fvodce.<br \/>\n\ud83c\udf1f Rezervujte nyn\u00ed a u\u0161et\u0159ete!<br \/>\n\ud83d\udccd Od Mog\u00e1n &amp; Taurito.<\/p>","protected":false},"featured_media":14054,"comment_status":"open","ping_status":"closed","template":"","meta":{"_acf_changed":false},"product_brand":[],"product_cat":[135],"product_tag":[],"class_list":{"0":"post-14051","1":"product","2":"type-product","3":"status-publish","4":"has-post-thumbnail","6":"product_cat-watersports","7":"wcpa_has_options","9":"first","10":"instock","11":"virtual","12":"purchasable","13":"product-type-simple"},"acf":[],"wcpa_form_fields":{"wcpaData":{"product":{"product_price":130,"price_html":"From&nbsp;<span class=\"woocommerce-Price-amount amount\"><bdi>130,00&nbsp;<span class=\"woocommerce-Price-currencySymbol\">&euro;<\/span><\/bdi><\/span>","original_product_price":130,"price_including_tax":130,"price_excluding_tax":130,"product_id":{"parent":14051,"variation":false},"is_variable":false,"stock_status":"instock","stock_quantity":null,"parent_sku":"CV14051","product_attributes":[],"custom_fields":[],"is_taxable":false,"product_name":"JetSki Gran Canaria Tour","hasImage":false},"fields":{"sec_1067e15d3bd1502":{"extra":{"key":"sec_1067e15d3bd1502","section_id":"sec_1067e15d3bd1502","name":"Default","status":1,"cl_rule":"show","enableCl":false,"relations":[],"toggle":true,"title_tag":"h3","show_title":false,"showPrice":"default","form_id":14059,"form_rules":{"exclude_from_discount":true,"fee_label":"Fee","disp_hide_options_price":true,"disp_show_section_price":false,"disp_show_field_price":true,"layout_option":"standard","pric_use_as_fee":false,"process_fee_as":"woo_fee"},"layout_option":"standard"},"fields":[[{"label":"\ud83d\udcc5 Date","active":true,"required":true,"elementId":"date_267e15d3bd1546","picker_type":"custom","picker_mode":"single","placeholder":"","description":"","tooltip":"","name":"date_267e15d3bd1546","label_position":"default","desc_position":"default","enablePrice":false,"className":"","enableCl":false,"relations":[{"operator":"and","rules":[{"operator":"AND","rules":{"cl_field":"radio-group_667e15d3bd15b0","cl_relation":"is","cl_val":"3 Hour Trip"}}]}],"date_pic_inline":true,"date_pic_inline_hide":true,"min_date":{"type":"days","val":"0"},"max_date":{"type":"days","val":"365"},"date_pic_conf":{"disabledWeeks":[]},"price":"","cl_rule":"show","col":6,"type":"date","error":false,"enableDesign":false,"LabelColor":"","gt_translate_keys":["label","placeholder","description","tooltip"],"price_dependency":false,"cl_dependency":false,"value":""}],[{"active":true,"col":6,"relations":false,"cl_rule":"show","enableCl":false,"price":"","enablePrice":false,"className":"","label_position":"default","desc_position":"default","type":"select","required":false,"elementId":"select_167e15d3bd155d","label":"\ud83d\udccd Departure Point","name":"select_167e15d3bd155d","values":[{"label":"Mog\u00e1n Beach","value":"Mogan","selected":false,"tempId":"aco_481","gt_translate_keys":["label"]},{"label":"Taurito Beach","value":"Taurito","selected":false,"tempId":"aco_482","gt_translate_keys":["label"]}],"dropdown_type":"basic","error":false,"gt_translate_keys":["label"],"price_dependency":false,"cl_dependency":false,"value":""}],[{"active":true,"col":6,"relations":[{"operator":false,"rules":[{"operator":"AND","rules":{"cl_field":"radio-group_667e15d3bd15b0","cl_relation":"is","cl_val":"3 Hour Trip"}}]}],"cl_rule":"show","enableCl":false,"price":"","enablePrice":false,"className":"","label_position":"default","desc_position":"default","type":"select","required":true,"elementId":"select_867e15d3bd1593","label":"\u23f0 Departure Time","name":"select_867e15d3bd1593","values":[{"label":"9:00","value":"9:00","selected":false,"tempId":"aco_1450","gt_translate_keys":["label"]},{"label":"10:00","value":"10:00","selected":false,"tempId":"aco_37","gt_translate_keys":["label"]},{"label":"11:00","value":"11:00","selected":false,"tempId":"aco_281","gt_translate_keys":["label"]},{"label":"12:00","value":"12:00","selected":false,"tempId":"aco_381","gt_translate_keys":["label"]},{"label":"15:00","value":"15:00","selected":false,"tempId":"aco_444","gt_translate_keys":["label"]},{"label":"16:15","value":"16:15","selected":false,"tempId":"aco_454","gt_translate_keys":["label"]}],"dropdown_type":"basic","error":false,"placeholder":"Select Departure Time","priceOptions":"different_for_all","pricingType":"custom","isTemplate":false,"is_show_price":true,"gt_translate_keys":["label","placeholder"],"price_dependency":false,"cl_dependency":false,"value":""}]]},"sec_367e15d3bd15b1":{"extra":{"key":"sec_367e15d3bd15b1","section_id":"sec_367e15d3bd15b1","name":"1H Tour Gran Canaria","status":1,"cl_rule":"show","enableCl":false,"relations":[{"operator":false,"rules":[{"operator":"AND","rules":{"cl_field":"radio-group_667e15d3bd15b0","cl_relation":"is","cl_val":"1 Hour Trip"}}]}],"toggle":true,"title_tag":"h4","show_title":false,"showPrice":"default","form_id":14059,"form_rules":{"exclude_from_discount":true,"fee_label":"Fee","disp_hide_options_price":true,"disp_show_section_price":false,"disp_show_field_price":true,"layout_option":"standard","pric_use_as_fee":false,"process_fee_as":"woo_fee"},"layout_option":"standard"},"fields":[[{"contentType":"rich","active":true,"label":"","elementId":"content_967e15d3bd15e4","value":"<p>\ud83c\udf9f\ufe0f <strong>Reservation<\/strong>: Pay only a deposit now to reserve; the rest is due on the day of the activity upon arrival.<\/p>","inline":true,"name":"content_967e15d3bd15e4","enablePrice":false,"className":"","subtype":"div","enableCl":false,"relations":false,"price":"","cl_rule":"show","col":6,"type":"content","error":false,"show_in_checkout":true,"enableDesign":true,"LabelSize":"14px","DescSize":"14px","gt_translate_keys":["label","value"],"price_dependency":false,"cl_dependency":false}],[{"active":true,"col":6,"relations":false,"cl_rule":"show","enableCl":false,"price":"","enablePrice":false,"className":"","label_position":"default","desc_position":"default","type":"content","required":false,"elementId":"content_167e15d3bd15fc","label":"Number of Jet Skis for 1 Hour","name":"content_167e15d3bd15fc","contentType":"plain","value":"","error":false,"show_in_checkout":true,"inline":false,"gt_translate_keys":["label","value"],"price_dependency":false,"cl_dependency":false}],[{"active":true,"col":6,"relations":[{"operator":false,"rules":[{"operator":"AND","rules":{"cl_field":"","cl_relation":"","cl_val":""}}]}],"cl_rule":"show","enableCl":false,"price":"130","enablePrice":true,"className":"","label_position":"default","desc_position":"default","type":"radio-group","required":false,"elementId":"radio-group_967e15d3bd1618","label":"","name":"radio-group_967e15d3bd1618","values":[{"label":"\ud83d\udc64 Single JetSki (130\u20ac)","value":"Single JetSki","selected":true,"tempId":"aco_32","tooltip":"1 Person on the JetSki.","description":"","gt_translate_keys":["label","tooltip","description"]}],"layOut":"","error":false,"checkUi":"button","priceOptions":"fixed_for_all","pricingType":"fixed","enable_quantity":true,"quantity_label":"","min_quantity":"0","options_tooltip":true,"options_description":true,"is_show_price":true,"gt_translate_keys":["label","quantity_label"],"price_dependency":["content_167e15d3bd1666","content_267e15d3bd167e","content_667e15d3bd1696"],"cl_dependency":false,"value":""}],[{"label":"","active":true,"required":false,"elementId":"radio-group_067e15d3bd1635","name":"radio-group_067e15d3bd1635","label_position":"default","desc_position":"default","enablePrice":true,"className":"","enableCl":false,"relations":false,"enable_quantity":true,"quantity_label":"","min_quantity":"0","checkUi":"button","layOut":"","values":[{"label":"\ud83d\udc65 Double JetSki (150\u20ac)","value":"Double JetSki","selected":true,"tempId":"aco_32","tooltip":"2 People on the same JetSki.","description":"","gt_translate_keys":["label","tooltip","description"]}],"priceOptions":"fixed_for_all","pricingType":"fixed","price":"150","cl_rule":"show","col":6,"type":"radio-group","error":false,"options_tooltip":true,"options_description":true,"is_show_price":true,"quantity_decimal":false,"quantity_step":"1","gt_translate_keys":["label","quantity_label"],"price_dependency":["content_167e15d3bd1666","content_267e15d3bd167e","content_667e15d3bd1696"],"cl_dependency":false,"value":""}],[{"elementId":"separator_767e15d3bd164f","separatorType":"fill","separatorColor":"#66a6b6","className":"","height":"3","enableCl":false,"relations":false,"cl_rule":"show","col":6,"type":"separator","gt_translate_keys":[],"price_dependency":false,"cl_dependency":false,"value":""}],[{"active":true,"col":6,"relations":false,"cl_rule":"show","enableCl":false,"price":"({field.radio-group_967e15d3bd1618.price}*0.30) + ({field.radio-group_067e15d3bd1635.price}*0.30)","enablePrice":true,"className":"","label_position":"default","desc_position":"default","type":"content","required":false,"elementId":"content_167e15d3bd1666","label":"Deposit Now","name":"content_167e15d3bd1666","contentType":"plain","value":"","error":false,"pricingType":"custom","isTemplate":false,"is_show_price":false,"enableDesign":true,"scrollBar":false,"use_as_fee":false,"fee_label":"","inline":true,"show_in_checkout":true,"subtype":"div","LabelSize":"14px","LabelColor":"","gt_translate_keys":["label","value"],"price_dependency":false,"cl_dependency":false}],[{"contentType":"plain","active":true,"label":"Payment at Arrival","elementId":"content_267e15d3bd167e","value":"","inline":true,"show_in_checkout":true,"name":"content_267e15d3bd167e","enablePrice":true,"className":"","fee_label":"","subtype":"div","enableCl":false,"relations":[{"operator":false,"rules":[{"operator":"AND","rules":{"cl_field":"content_167e15d3bd1666","cl_relation":"is_not_empty","cl_val":""}}]}],"scrollBar":false,"enableDesign":true,"pricingType":"custom","isTemplate":false,"price":"({field.radio-group_967e15d3bd1618.price}*0.70) + ({field.radio-group_067e15d3bd1635.price}*0.70)","use_as_fee":false,"is_show_price":true,"cl_rule":"disable","col":6,"type":"content","error":false,"LabelSize":"14px","LabelColor":"","gt_translate_keys":["label","value"],"price_dependency":false,"cl_dependency":false}],[{"contentType":"plain","active":true,"label":"Total Amount","elementId":"content_667e15d3bd1696","value":"","inline":true,"show_in_checkout":true,"name":"content_667e15d3bd1696","enablePrice":true,"className":"","fee_label":"","subtype":"div","enableCl":false,"relations":[{"operator":false,"rules":[{"operator":"AND","rules":{"cl_field":"content_167e15d3bd1666","cl_relation":"is_not_empty","cl_val":""}}]}],"scrollBar":false,"enableDesign":true,"LabelColor":"","LabelSize":"14px","pricingType":"custom","isTemplate":false,"price":"({field.radio-group_967e15d3bd1618.price}) + ({field.radio-group_067e15d3bd1635.price})","use_as_fee":false,"is_show_price":true,"cl_rule":"disable","col":6,"type":"content","error":false,"gt_translate_keys":["label","value"],"price_dependency":false,"cl_dependency":false}]]},"sec_567e15d3bd1860":{"extra":{"key":"sec_567e15d3bd1860","section_id":"sec_567e15d3bd1860","name":"Pickup Location","status":1,"cl_rule":"show","enableCl":true,"relations":[{"operator":false,"rules":[{"operator":"AND","rules":{"cl_field":"radio-group_667e15d3bd15b0","cl_relation":"is_not","cl_val":"2.5 Hour Trip"}}]}],"toggle":true,"title_tag":"h4","show_title":false,"showPrice":"default","form_id":14059,"form_rules":{"exclude_from_discount":true,"fee_label":"Fee","disp_hide_options_price":true,"disp_show_section_price":false,"disp_show_field_price":true,"layout_option":"standard","pric_use_as_fee":false,"process_fee_as":"woo_fee"},"layout_option":"standard"},"fields":[[{"active":true,"col":6,"relations":false,"cl_rule":"show","enableCl":false,"price":"","enablePrice":false,"className":"","label_position":"default","desc_position":"default","type":"separator","required":false,"elementId":"separator_267e15d3bd187a","label":"Separator Field","height":"1","separatorType":"blank","error":false,"gt_translate_keys":["label"],"price_dependency":false,"cl_dependency":false,"value":""}],[{"active":true,"col":6,"relations":[{"operator":false,"rules":[{"operator":false,"rules":{"cl_field":"radio-group_667e15d3bd15b0","cl_relation":"is_not","cl_val":"4.5 Hour Trip from North Tenerife"}}]}],"cl_rule":"show","enableCl":false,"price":"","enablePrice":false,"className":"","label_position":"default","desc_position":"default","type":"text","subtype":"text","required":false,"elementId":"text_967e15d3bd188f","label":"\ud83d\ude8c Pickup Location","name":"text_967e15d3bd188f","value":"","error":false,"description":"Pick-up service in some locations. Simply provide your address or hotel name. (+2\u20ac\/person paid at pickup to the driver)","repeater":false,"repeater_field_label":"{field_label}","repeater_bind":"","gt_translate_keys":["label","description","value","repeater_field_label"],"price_dependency":false,"cl_dependency":false}]]}},"config":{"price_override":"always","enable_recaptcha":false,"bind_quantity":false,"quantity_bind_formula":false,"disp_summ_show_option_price":true,"disp_summ_show_product_price":false,"disp_summ_show_total_price":false,"disp_summ_show_fee":true,"disp_summ_show_discount":true,"summary_title":"","options_total_label":"Options Price","total_label":"Deposit Amount","options_product_label":"Product Price","fee_label":"Fee","discount_label":"Discount","has_price":true,"has_quantity_formula":false},"mc_unit":1,"tax_rate":1,"tax_rate_real":1,"discount":{"percentage":0,"fixed":0},"design":{"conf":{"LabelPosition":"above","DescPosition":"above","UploadField":"custom_1","QuantityFieldStyle":"custom_1"},"css":{"LeftLabelWidth":"120px"}},"formulas":[],"lookuptables":[],"clones":false,"cartKey":false}},"_links":{"self":[{"href":"https:\/\/canaryvip.com\/cs\/wp-json\/wp\/v2\/product\/14051","targetHints":{"allow":["GET"]}}],"collection":[{"href":"https:\/\/canaryvip.com\/cs\/wp-json\/wp\/v2\/product"}],"about":[{"href":"https:\/\/canaryvip.com\/cs\/wp-json\/wp\/v2\/types\/product"}],"replies":[{"embeddable":true,"href":"https:\/\/canaryvip.com\/cs\/wp-json\/wp\/v2\/comments?post=14051"}],"wp:featuredmedia":[{"embeddable":true,"href":"https:\/\/canaryvip.com\/cs\/wp-json\/wp\/v2\/media\/14054"}],"wp:attachment":[{"href":"https:\/\/canaryvip.com\/cs\/wp-json\/wp\/v2\/media?parent=14051"}],"wp:term":[{"taxonomy":"product_brand","embeddable":true,"href":"https:\/\/canaryvip.com\/cs\/wp-json\/wp\/v2\/product_brand?post=14051"},{"taxonomy":"product_cat","embeddable":true,"href":"https:\/\/canaryvip.com\/cs\/wp-json\/wp\/v2\/product_cat?post=14051"},{"taxonomy":"product_tag","embeddable":true,"href":"https:\/\/canaryvip.com\/cs\/wp-json\/wp\/v2\/product_tag?post=14051"}],"curies":[{"name":"wp","href":"https:\/\/api.w.org\/{rel}","templated":true}]}}