{"id":13568,"date":"2025-01-14T17:37:29","date_gmt":"2025-01-14T17:37:29","guid":{"rendered":"https:\/\/canaryvip.com\/?post_type=product&#038;p=13568"},"modified":"2026-02-06T11:13:54","modified_gmt":"2026-02-06T11:13:54","slug":"peter-pan-pirate-ship-tenerife","status":"publish","type":"product","link":"https:\/\/canaryvip.com\/cs\/shop\/peter-pan-pirate-ship-tenerife\/","title":{"rendered":"Pir\u00e1tsk\u00e1 lo\u010f Peter Pan Tenerife"},"content":{"rendered":"<section class=\"l-section wpb_row height_medium\"><div class=\"l-section-h i-cf\"><div class=\"g-cols vc_row via_flex valign_top type_default stacking_default\"><div class=\"vc_col-sm-12 wpb_column vc_column_container\"><div class=\"vc_column-inner\"><div class=\"wpb_wrapper\"><div class=\"wpb_text_column\"><div class=\"wpb_wrapper\"><h2>\ud83d\udea2 Objevte pir\u00e1tskou lo\u010f Petra Pana<\/h2>\n<p class=\"translation-block\">Hled\u00e1te jin\u00fd druh <strong>v\u00fdletu lod\u00ed na Tenerife<\/strong>? Nastupte na palubu <strong>pir\u00e1tsk\u00e9 lodi Peter Pan<\/strong>, autentick\u00e9ho portugalsk\u00e9ho \u0161kuneru pln\u00e9ho \u0161armu a dobrodru\u017estv\u00ed. A\u0165 u\u017e cestujete s rodinou, p\u0159\u00e1teli nebo partnerem, tento z\u00e1\u017eitek nab\u00edz\u00ed dokonalou kombinaci vzru\u0161en\u00ed, odpo\u010dinku a n\u00e1dhern\u00fdch v\u00fdhled\u016f na ji\u017en\u00ed pob\u0159e\u017e\u00ed Tenerife.<\/p>\n<p>Lo\u010f je pln\u011b vybavena dv\u011bma koupelnami, zast\u00edn\u011bn\u00fdm salonkem, velk\u00fdm centr\u00e1ln\u00edm stolem a horn\u00ed palubou ide\u00e1ln\u00ed pro opalov\u00e1n\u00ed p\u0159i plavb\u011b pod\u00e9l Atlantick\u00e9ho oce\u00e1nu.<\/p>\n<h3>\ud83d\udc2c Poznejte velryby a delf\u00edny ve voln\u00e9 p\u0159\u00edrod\u011b<\/h3>\n<p class=\"translation-block\">Tento <strong>v\u00fdlet lod\u00ed na Tenerife<\/strong> vyplouv\u00e1 z p\u0159\u00edstavu Los Cristianos a zavede v\u00e1s na jedno z nejlep\u0161\u00edch m\u00edst na Kan\u00e1rsk\u00fdch ostrovech, kde m\u016f\u017eete zbl\u00edzka pozorovat divok\u00e9 delf\u00edny a velryby. Po mo\u0159sk\u00e9m safari lo\u010f zakotv\u00ed pobl\u00ed\u017e n\u00e1dhern\u00fdch mo\u0159sk\u00fdch rezervac\u00ed Palm-Mar nebo La Caleta, kde budete m\u00edt mo\u017enost zaplavat si v k\u0159i\u0161\u0165\u00e1lov\u011b \u010dist\u00fdch vod\u00e1ch.<\/p>\n<h3>\ud83d\udd52 Mo\u017enosti prohl\u00eddky a dostupnost<\/h3>\n<ul>\n<li><strong>Dvouhodinov\u00e1 prohl\u00eddka:<\/strong> Rychl\u00e9 a z\u00e1bavn\u00e9 mo\u0159sk\u00e9 dobrodru\u017estv\u00ed za velrybami\/delf\u00edny. <em>J\u00eddlo a n\u00e1poje nejsou v cen\u011b, ale m\u016f\u017eete si je koupit na palub\u011b.<\/em><\/li>\n<li class=\"translation-block\"><strong>3hodinov\u00e1 prohl\u00eddka:<\/strong> Zahrnuje koup\u00e1n\u00ed a plnohodnotn\u00fd ob\u011bd s n\u00e1poji. Odjezd v 10:00. <strong>Tato verze je k dispozici pouze po omezenou dobu.<\/strong> Dostupn\u00e9 term\u00edny si ov\u011b\u0159te v rezerva\u010dn\u00edm kalend\u00e1\u0159i.<\/li>\n<\/ul>\n<h3>\ud83c\udf7d\ufe0f Ob\u011bd a n\u00e1poje (zahrnuto pouze v r\u00e1mci 3hodinov\u00e9 prohl\u00eddky)<\/h3>\n<ul>\n<li><strong>Ob\u011bdov\u00e9 menu:<\/strong> R\u00fd\u017ee se zeleninou, masov\u00e9 kuli\u010dky, sal\u00e1t, chl\u00e9b a \u010derstv\u00e9 ovoce.<\/li>\n<li><strong>N\u00e1poje:<\/strong> Voda a nealkoholick\u00e9 n\u00e1poje. B\u011bhem ob\u011bda se pod\u00e1v\u00e1 pivo a v\u00edno.<\/li>\n<\/ul>\n<h3>\ud83c\udf1f Pro\u010d si vybrat v\u00fdlet lod\u00ed Peter Pan?<\/h3>\n<ul>\n<li>Pir\u00e1tsk\u00e1 lo\u010f vhodn\u00e1 pro rodiny s dostatkem prostoru a stinn\u00fdm posezen\u00edm.<\/li>\n<li>Horn\u00ed paluba pro milovn\u00edky slunce a bezkonkuren\u010dn\u00ed v\u00fdhled na pob\u0159e\u017e\u00ed.<\/li>\n<li>Odl\u00e9t\u00e1 se z Los Cristianos, v\u00fdhodn\u00e9 a centr\u00e1ln\u00ed polohy na jihu Tenerife.<\/li>\n<\/ul>\n<h3>\ud83d\udcac Rezerva\u010dn\u00ed a storno podm\u00ednky<\/h3>\n<ul>\n<li><strong>V\u00edce ne\u017e 48 hodin p\u0159edem:<\/strong> 90% n\u00e1hrada (10% ponech\u00e1no ke zpracov\u00e1n\u00ed).<\/li>\n<li><strong>M\u00e9n\u011b ne\u017e 48 hodin nebo nedostaven\u00ed se:<\/strong> \u017d\u00e1dn\u00e1 n\u00e1hrada.<\/li>\n<li>Pokud je prohl\u00eddka zru\u0161ena kv\u016fli po\u010das\u00ed nebo z jin\u00fdch d\u016fvod\u016f, dostanete zp\u011bt pen\u00edze v pln\u00e9 v\u00fd\u0161i nebo mo\u017enost zm\u011bnit term\u00edn.<\/li>\n<\/ul>\n<h3>\ud83d\udccd M\u00edsto odjezdu<\/h3>\n<p class=\"translation-block\">Pir\u00e1tsk\u00e1 lo\u010f <strong>Peter Pan<\/strong> vyplouv\u00e1 z <a href=\"https:\/\/maps.app.goo.gl\/zqPYNAARb6LiE5tZ7\" target=\"_blank\" rel=\"noopener\">p\u0159\u00edstavu Los Cristianos<\/a>. Pros\u00edme, dostavte se alespo\u0148 30 minut p\u0159ed \u010dasem odjezdu, aby byl zaji\u0161t\u011bn bezprobl\u00e9mov\u00fd n\u00e1stup na palubu.<\/p>\n<h3>\ud83c\udf34 Rezervujte si v\u00fdlet lod\u00ed na Tenerife s CanaryVIP<\/h3>\n<p class=\"translation-block\">Ve spole\u010dnosti CanaryVIP se specializujeme na <strong>nezapomenuteln\u00e9 v\u00fdlety lod\u00ed na Tenerife<\/strong>. Pir\u00e1tsk\u00e1 lo\u010f Peter Pan je jednou z na\u0161ich nejobl\u00edben\u011bj\u0161\u00edch mo\u017enost\u00ed - kombinace dobrodru\u017estv\u00ed, p\u0159\u00edrody a odpo\u010dinku na otev\u0159en\u00e9m mo\u0159i.<\/p>\n<p>A\u0165 u\u017e se sem vyd\u00e1te s d\u011btmi, p\u0159\u00e1teli nebo v p\u00e1ru, je to ide\u00e1ln\u00ed zp\u016fsob, jak si u\u017e\u00edt pob\u0159e\u017e\u00ed a podmo\u0159sk\u00fd \u017eivot na Tenerife.<\/p>\n<p class=\"translation-block\">\ud83d\udc49 <strong>Nezme\u0161kejte to - rezervujte si sv\u00e9 m\u00edsto hned!<\/strong> T\u0159\u00edhodinov\u00e1 prohl\u00eddka s ob\u011bdem a n\u00e1poji je k dispozici pouze po omezenou dobu.<\/p>\n<\/div><\/div><\/div><\/div><\/div><\/div><\/div><\/section>","protected":false},"excerpt":{"rendered":"<p><strong>\ud83d\udd0d Lo\u010f Peter Pan Tenerife:<\/strong><br \/>\n<span>\u2705 Bezpe\u010dn\u00e1 platba.<\/span><br \/>\n<span>\ud83d\udc0b Pozorov\u00e1n\u00ed velryb a delf\u00edn\u016f.<br \/>\n<\/span><span>\ud83d\ude80 2H Tours.<br \/>\n\ud83d\udd59 Denn\u011b v 10:00, 12:00 a 14:00.<br \/>\n<\/span><span>\ud83d\udc65 A\u017e 60 osob.<\/span><span><br \/>\n\ud83d\ude8c Vyzvednut\u00ed na jihu Tenerife.<br \/>\n<\/span>\ud83d\udebd Toaleta na palub\u011b.<br \/>\n<span>\ud83e\udd11 Garance nejlep\u0161\u00ed ceny.<\/span><br \/>\n<span>\ud83d\udc6a Slevy aktivov\u00e1ny.<\/span><br \/>\n<span>\ud83d\udd01 A\u017e 48 hodin Zru\u0161en\u00ed.<\/span><br \/>\n<span>\ud83c\udf0d V\u00edcejazy\u010dn\u00e9 pr\u016fvodce.<\/span><br \/>\n<span>\ud83c\udf1f Rezervujte nyn\u00ed a u\u0161et\u0159ete!<\/span><br \/>\n<span>\ud83d\udccd Odjezd z <a href=\"https:\/\/maps.app.goo.gl\/US7ie1SCwfu1Mhxm7\">Los Cristianos<\/a>.<\/span><\/p>","protected":false},"featured_media":13574,"comment_status":"open","ping_status":"closed","template":"","meta":{"_acf_changed":false},"product_brand":[],"product_cat":[46],"product_tag":[],"class_list":{"0":"post-13568","1":"product","2":"type-product","3":"status-publish","4":"has-post-thumbnail","6":"product_cat-boat-excursions","7":"wcpa_has_options","9":"first","10":"instock","11":"virtual","12":"purchasable","13":"product-type-simple"},"acf":[],"wcpa_form_fields":{"wcpaData":{"product":{"product_price":27,"price_html":"From&nbsp;<span class=\"woocommerce-Price-amount amount\"><bdi>27,00&nbsp;<span class=\"woocommerce-Price-currencySymbol\">&euro;<\/span><\/bdi><\/span>","original_product_price":27,"price_including_tax":27,"price_excluding_tax":27,"product_id":{"parent":13568,"variation":false},"is_variable":false,"stock_status":"instock","stock_quantity":null,"parent_sku":"CV13568","product_attributes":[],"custom_fields":[],"is_taxable":false,"product_name":"Peter Pan Pirate Ship Tenerife","hasImage":false},"fields":{"sec_h1a2har211":{"extra":{"key":"sec_h1a2har211","section_id":"sec_h1a2har211","name":"Tour Duration","status":1,"cl_rule":"show","enableCl":false,"relations":[],"toggle":true,"title_tag":"h4","show_title":false,"showPrice":"default","form_id":13569,"form_rules":{"exclude_from_discount":true,"fee_label":"Fee","disp_hide_options_price":true,"disp_show_section_price":false,"disp_show_field_price":true,"layout_option":"standard","pric_use_as_fee":false,"process_fee_as":"woo_fee"},"layout_option":"standard"},"fields":[[{"active":true,"col":6,"relations":false,"cl_rule":"show","enableCl":false,"price":"","enablePrice":false,"className":"","label_position":"default","desc_position":"default","type":"content","required":false,"elementId":"content_7231531275","label":"","name":"content_7231531275","contentType":"rich","value":"<p><strong>Free Pick-up available only at 12:00.<\/strong><\/p>","error":false,"gt_translate_keys":["label","value"],"price_dependency":false,"cl_dependency":false}],[{"active":true,"col":6,"relations":false,"cl_rule":"show","enableCl":false,"price":"","enablePrice":false,"className":"","label_position":"default","desc_position":"default","type":"radio-group","required":false,"elementId":"radio_0409611974","label":"\u2693\ufe0f Select Tour","name":"radio_0409611974","values":[{"label":"2 Hour Tour (27\u20ac)","value":"2H Tour","selected":true,"tempId":"aco_2005","gt_translate_keys":["label"]}],"layOut":"","error":false,"checkUi":"toggle","gt_translate_keys":["label"],"price_dependency":false,"cl_dependency":[false],"value":""}]]},"sec_06786a3ea7a85a":{"extra":{"key":"sec_06786a3ea7a85a","section_id":"sec_06786a3ea7a85a","name":"2H Tour","status":1,"cl_rule":"show","enableCl":true,"relations":[{"operator":false,"rules":[{"operator":"AND","rules":{"cl_field":"radio_0409611974","cl_relation":"is","cl_val":"2H Tour"}}]}],"toggle":true,"title_tag":"h4","show_title":false,"showPrice":"default","form_id":13569,"form_rules":{"exclude_from_discount":true,"fee_label":"Fee","disp_hide_options_price":true,"disp_show_section_price":false,"disp_show_field_price":true,"layout_option":"standard","pric_use_as_fee":false,"process_fee_as":"woo_fee"},"layout_option":"standard"},"fields":[[{"active":true,"col":6,"relations":false,"cl_rule":"show","enableCl":false,"price":"","enablePrice":false,"className":"","label_position":"default","desc_position":"default","type":"select","required":true,"elementId":"select_7343277180","label":"\u23f0 Departure","name":"select_7343277180","values":[{"label":"10:00","value":"10:00","selected":false,"tempId":"aco_842","gt_translate_keys":["label"]},{"label":"12:00","value":"12:00","selected":false,"tempId":"aco_843","gt_translate_keys":["label"]},{"label":"14:00","value":"14:00","selected":false,"tempId":"aco_844","gt_translate_keys":["label"]}],"dropdown_type":"basic","error":false,"tooltip":"","placeholder":"Select Departure Time","isWeightTemplate":false,"isTemplate":false,"min_quantity":"1","quantity_decimal":false,"quantity_step":"1","quantity_label":"Quantity","repeater_field_label":"{field_label}","repeater_bind":"","gt_translate_keys":["label","placeholder","tooltip","repeater_field_label","quantity_label"],"price_dependency":false,"cl_dependency":["date_86786a3ea7a859","date-4560181145","date-0582083876","text_16786a3ea7a89a"],"value":""}],[{"label":"\ud83d\udcc5 Date","active":true,"required":true,"elementId":"date_86786a3ea7a859","picker_type":"custom","picker_mode":"single","placeholder":"","description":"","tooltip":"","name":"date_86786a3ea7a859","label_position":"default","desc_position":"default","enablePrice":false,"className":"","enableCl":true,"relations":[{"operator":"and","rules":[{"operator":"AND","rules":{"cl_field":"select_7343277180","cl_relation":"is","cl_val":"10:00"}}]}],"enableDesign":false,"LabelColor":"","date_pic_inline":true,"date_pic_inline_hide":true,"min_date":{"type":"days","val":"0"},"max_date":{"type":"days","val":"180"},"date_pic_conf":{"disabledWeeks":[],"disabledDates":["2025-03-12 to 2025-03-30","2025-04-17 to 2025-04-24","2025-05-10","2025-05-15","2025-05-20","2025-05-29","2026-02-18"]},"price":"","cl_rule":"show","col":6,"type":"date","error":false,"isWeightTemplate":false,"isTemplate":false,"min_quantity":"1","quantity_decimal":false,"quantity_step":"1","quantity_label":"Quantity","repeater_field_label":"{field_label}","repeater_bind":"","gt_translate_keys":["label","placeholder","description","tooltip","repeater_field_label","quantity_label"],"price_dependency":false,"cl_dependency":false,"value":""}],[{"label":"\ud83d\udcc5 Date","active":true,"required":true,"elementId":"date-4560181145","picker_type":"custom","picker_mode":"single","placeholder":"","description":"","tooltip":"","name":"date-4560181145","label_position":"default","desc_position":"default","enablePrice":false,"className":"","enableCl":true,"relations":[{"operator":"and","rules":[{"operator":"AND","rules":{"cl_field":"select_7343277180","cl_relation":"is","cl_val":"12:00"}}]}],"enableDesign":false,"LabelColor":"","date_pic_inline":true,"date_pic_inline_hide":true,"min_date":{"type":"days","val":"0"},"max_date":{"type":"days","val":"180"},"date_pic_conf":{"disabledWeeks":[],"disabledDates":["2025-01-18","2025-01-30","2025-02-09","2025-03-12 to 2025-03-30","2025-04-17 to 2025-04-24","2025-05-10","2025-05-15","2025-05-20","2026-02-18"]},"price":"","cl_rule":"show","col":6,"type":"date","error":false,"isWeightTemplate":false,"isTemplate":false,"min_quantity":"1","quantity_decimal":false,"quantity_step":"1","quantity_label":"Quantity","repeater_field_label":"{field_label}","repeater_bind":"","gt_translate_keys":["label","placeholder","description","tooltip","repeater_field_label","quantity_label"],"price_dependency":false,"cl_dependency":false,"value":""}],[{"label":"\ud83d\udcc5 Date","active":true,"required":true,"elementId":"date-0582083876","picker_type":"custom","picker_mode":"single","placeholder":"","description":"","tooltip":"","name":"date-0582083876","label_position":"default","desc_position":"default","enablePrice":false,"className":"","enableCl":true,"relations":[{"operator":"and","rules":[{"operator":"AND","rules":{"cl_field":"select_7343277180","cl_relation":"is","cl_val":"14:00"}}]}],"enableDesign":false,"LabelColor":"","date_pic_inline":true,"date_pic_inline_hide":true,"min_date":{"type":"days","val":"0"},"max_date":{"type":"days","val":"180"},"date_pic_conf":{"disabledWeeks":[],"disabledDates":["2025-01-18","2025-01-30","2025-02-09","2025-03-12 to 2025-03-30","2025-04-17 to 2025-04-24","2025-05-08","2025-05-10","2025-05-15","2025-05-20","2026-02-18"]},"price":"","cl_rule":"show","col":6,"type":"date","error":false,"isWeightTemplate":false,"isTemplate":false,"min_quantity":"1","quantity_decimal":false,"quantity_step":"1","quantity_label":"Quantity","repeater_field_label":"{field_label}","repeater_bind":"","gt_translate_keys":["label","placeholder","description","tooltip","repeater_field_label","quantity_label"],"price_dependency":false,"cl_dependency":false,"value":""}],[{"contentType":"plain","active":true,"label":"People","elementId":"content_16786a3ea7a866","value":"","inline":false,"show_in_checkout":true,"name":"content_16786a3ea7a866","enablePrice":false,"className":"","enableCl":false,"relations":false,"price":"","cl_rule":"show","col":6,"type":"content","gt_translate_keys":["label","value"],"price_dependency":false,"cl_dependency":false}],[{"label":"","active":true,"required":false,"elementId":"radio-group_66786a3ea7a871","name":"radio-group_66786a3ea7a871","label_position":"default","desc_position":"default","enablePrice":true,"className":"","enableCl":false,"relations":[{"operator":false,"rules":[{"operator":"AND","rules":{"cl_field":"","cl_relation":"","cl_val":""}}]}],"enable_quantity":true,"quantity_label":"","min_quantity":"0","checkUi":"button","layOut":"","options_tooltip":true,"options_description":true,"values":[{"label":"\ud83d\udc64 Adult (27\u20ac)","value":"Adult","selected":true,"tempId":"aco_32","tooltip":"+12 Years","description":"","gt_translate_keys":["label","tooltip","description"]}],"priceOptions":"fixed_for_all","pricingType":"fixed","price":"27","cl_rule":"show","col":6,"type":"radio-group","error":false,"gt_translate_keys":["label","quantity_label"],"price_dependency":false,"cl_dependency":false,"value":""}],[{"label":"","active":true,"required":false,"elementId":"radio-group_06786a3ea7a87c","name":"radio-group_06786a3ea7a87c","label_position":"default","desc_position":"default","enablePrice":true,"className":"","enableCl":false,"relations":false,"enable_quantity":true,"quantity_label":"","min_quantity":"0","checkUi":"button","layOut":"","options_tooltip":true,"options_description":true,"values":[{"label":"\ud83d\udc66 Child (13\u20ac)","value":"Child","selected":true,"tempId":"aco_32","tooltip":"3-11 Years","description":"","gt_translate_keys":["label","tooltip","description"]}],"priceOptions":"fixed_for_all","pricingType":"fixed","price":"13","cl_rule":"show","col":6,"type":"radio-group","error":false,"gt_translate_keys":["label","quantity_label"],"price_dependency":false,"cl_dependency":false,"value":""}],[{"label":"","active":true,"required":false,"elementId":"radio-group_86786a3ea7a887","name":"radio-group_86786a3ea7a887","label_position":"default","desc_position":"default","enablePrice":true,"className":"","enableCl":false,"relations":false,"enable_quantity":true,"quantity_label":"","min_quantity":"0","checkUi":"button","layOut":"","options_tooltip":true,"options_description":true,"values":[{"label":"\ud83d\udc76 Infant (Free)","value":"Infant","selected":true,"tempId":"aco_32","tooltip":"0-2 Years","description":"","gt_translate_keys":["label","tooltip","description"]}],"priceOptions":"fixed_for_all","pricingType":"fixed","price":"0","cl_rule":"show","col":6,"type":"radio-group","error":false,"gt_translate_keys":["label","quantity_label"],"price_dependency":false,"cl_dependency":false,"value":""}],[{"elementId":"separator_96786a3ea7a891","separatorType":"blank","className":"","height":"7","enableCl":false,"relations":false,"cl_rule":"show","col":6,"type":"separator","gt_translate_keys":[],"price_dependency":false,"cl_dependency":false,"value":""}],[{"label":"\ud83d\ude8c Pickup Location","active":true,"required":false,"elementId":"text_16786a3ea7a89a","value":"","description":"Free pick-up service in South Tenerife. Simply provide your address or hotel name.","name":"text_16786a3ea7a89a","label_position":"default","desc_position":"default","enablePrice":false,"className":"","enableCl":true,"relations":[{"operator":false,"rules":[{"operator":"AND","rules":{"cl_field":"select_7343277180","cl_relation":"is","cl_val":"12:00"}}]}],"subtype":"text","price":"{field.radio-group_66786a3ea7a871.quantity}*4.5","cl_rule":"show","col":6,"type":"text","error":false,"pricingType":"custom","isTemplate":false,"gt_translate_keys":["label","description","value"],"price_dependency":false,"cl_dependency":false}]]}},"config":{"price_override":"always","enable_recaptcha":false,"bind_quantity":false,"quantity_bind_formula":false,"disp_summ_show_option_price":true,"disp_summ_show_product_price":false,"disp_summ_show_total_price":true,"disp_summ_show_fee":true,"disp_summ_show_discount":true,"summary_title":"","options_total_label":"Options Price","total_label":"Total Amount","options_product_label":"Product Price","fee_label":"Fee","discount_label":"Discount","has_price":true,"has_quantity_formula":false},"mc_unit":1,"tax_rate":1,"tax_rate_real":1,"discount":{"percentage":0,"fixed":0},"design":{"conf":{"LabelPosition":"above","DescPosition":"above","UploadField":"custom_1","QuantityFieldStyle":"custom_1"},"css":{"LeftLabelWidth":"120px"}},"formulas":[],"lookuptables":[],"clones":false,"cartKey":false}},"_links":{"self":[{"href":"https:\/\/canaryvip.com\/cs\/wp-json\/wp\/v2\/product\/13568","targetHints":{"allow":["GET"]}}],"collection":[{"href":"https:\/\/canaryvip.com\/cs\/wp-json\/wp\/v2\/product"}],"about":[{"href":"https:\/\/canaryvip.com\/cs\/wp-json\/wp\/v2\/types\/product"}],"replies":[{"embeddable":true,"href":"https:\/\/canaryvip.com\/cs\/wp-json\/wp\/v2\/comments?post=13568"}],"wp:featuredmedia":[{"embeddable":true,"href":"https:\/\/canaryvip.com\/cs\/wp-json\/wp\/v2\/media\/13574"}],"wp:attachment":[{"href":"https:\/\/canaryvip.com\/cs\/wp-json\/wp\/v2\/media?parent=13568"}],"wp:term":[{"taxonomy":"product_brand","embeddable":true,"href":"https:\/\/canaryvip.com\/cs\/wp-json\/wp\/v2\/product_brand?post=13568"},{"taxonomy":"product_cat","embeddable":true,"href":"https:\/\/canaryvip.com\/cs\/wp-json\/wp\/v2\/product_cat?post=13568"},{"taxonomy":"product_tag","embeddable":true,"href":"https:\/\/canaryvip.com\/cs\/wp-json\/wp\/v2\/product_tag?post=13568"}],"curies":[{"name":"wp","href":"https:\/\/api.w.org\/{rel}","templated":true}]}}