{"id":12949,"date":"2024-08-19T12:56:56","date_gmt":"2024-08-19T11:56:56","guid":{"rendered":"https:\/\/canaryvip.com\/?post_type=product&#038;p=12949"},"modified":"2025-08-09T13:58:46","modified_gmt":"2025-08-09T12:58:46","slug":"sunkiss-boat-charter-gran-canaria","status":"publish","type":"product","link":"https:\/\/canaryvip.com\/cs\/shop\/sunkiss-boat-charter-gran-canaria\/","title":{"rendered":"Pron\u00e1jem lod\u00ed Sunkiss<br\/>Gran Canaria"},"content":{"rendered":"<h2>\ud83d\udee5\ufe0f Sunkiss Pron\u00e1jem lod\u00ed Gran Canaria<\/h2>\n<p>Poznejte kr\u00e1sy ostrova Gran Canaria z pohodl\u00ed <strong>Pron\u00e1jem lod\u00ed Sunkiss<\/strong>, soukrom\u00fd a luxusn\u00ed zp\u016fsob, jak prozkoumat \u00fachvatn\u00e9 ji\u017en\u00ed pob\u0159e\u017e\u00ed ostrova. Tato exkluzivn\u00ed lo\u010f s m\u00edstem a\u017e pro 8 cestuj\u00edc\u00edch. <strong>pron\u00e1jem lod\u00ed na Gran Canarii<\/strong> je ide\u00e1ln\u00ed pro p\u00e1ry, rodiny nebo mal\u00e9 skupiny, kter\u00e9 hledaj\u00ed jedine\u010dn\u00e9 a pohodov\u00e9 dobrodru\u017estv\u00ed.<\/p>\n<p>Ve spole\u010dnosti CanaryVIP zaji\u0161\u0165ujeme rezervaci va\u0161ich <a href=\"https:\/\/canaryvip.com\/cs\/gran-canaria\/\"><strong>pron\u00e1jem lod\u00ed Puerto Mog\u00e1n<\/strong><\/a> z\u00e1\u017eitek, kter\u00fd v\u00e1m usnadn\u00ed a zp\u0159\u00edjemn\u00ed, a zajist\u00ed, \u017ee bude postar\u00e1no o ka\u017ed\u00fd detail pro v\u00e1\u0161 dokonal\u00fd den na vod\u011b.<\/p>\n<h3>\u2b50\ufe0f Pro\u010d si vybrat pron\u00e1jem lod\u00ed Sunkiss na Gran Canarii?<\/h3>\n<p>Zde je d\u016fvod, pro\u010d <strong>Pron\u00e1jem lod\u00ed Sunkiss<\/strong> je jednou z nejlep\u0161\u00edch mo\u017enost\u00ed, jak str\u00e1vit soukrom\u00fd a nezapomenuteln\u00fd den na mo\u0159i:<\/p>\n<h4><strong>Soukrom\u00fd a intimn\u00ed z\u00e1\u017eitek<\/strong><\/h4>\n<p>U\u017eijte si exkluzivn\u00ed cestu pouze se svou skupinou. Tato soukrom\u00e1 jachta s maxim\u00e1ln\u00ed kapacitou 8 osob nab\u00edz\u00ed osobn\u00ed a klidn\u00e9 prost\u0159ed\u00ed, ide\u00e1ln\u00ed pro zvl\u00e1\u0161tn\u00ed p\u0159\u00edle\u017eitosti nebo relaxa\u010dn\u00ed dovolenou.<\/p>\n<h4><strong>Elegantn\u00ed komfort<\/strong><\/h4>\n<p>Vyplujte na palub\u011b kr\u00e1sn\u011b udr\u017eovan\u00e9 12metrov\u00e9 jachty s pohodln\u00fdm posezen\u00edm, stinn\u00fdmi m\u00edsty a prostornou palubou na opalov\u00e1n\u00ed. Vychutnejte si n\u00e1dhern\u00fd panoramatick\u00fd v\u00fdhled na pob\u0159e\u017e\u00ed ostrova Gran Canaria a relaxujte ve velk\u00e9m stylu.<\/p>\n<h4><strong>Dobrodru\u017estv\u00ed p\u0159i \u0161norchlov\u00e1n\u00ed<\/strong><\/h4>\n<p>Zakotv\u011bte v odlehl\u00e9 z\u00e1toce, kde si m\u016f\u017eete zaplavat v k\u0159i\u0161\u0165\u00e1lov\u011b \u010dist\u00e9 vod\u011b a \u0161norchlovat s poskytnut\u00fdm vybaven\u00edm. Objevte pestr\u00fd podmo\u0159sk\u00fd \u017eivot Gran Canarie nebo jen relaxujte na palub\u011b a u\u017e\u00edvejte si klidnou atmosf\u00e9ru.<\/p>\n<h3>\ud83d\udea4 Mo\u017enosti v\u00fdletu lod\u00ed Sunkiss<\/h3>\n<p>Vyberte si d\u00e9lku cesty, kter\u00e1 odpov\u00edd\u00e1 va\u0161emu rozvrhu a p\u0159\u00e1n\u00edm:<\/p>\n<ul>\n<li><strong>Soukrom\u00e1 t\u0159\u00edhodinov\u00e1 letenka:<\/strong> Je to ide\u00e1ln\u00ed m\u00edsto na kr\u00e1tk\u00e9 \u00fat\u011bky, kde m\u016f\u017eete prozkoumat pob\u0159e\u017e\u00ed ostrova Gran Canaria a osv\u011b\u017eit se koup\u00e1n\u00edm nebo \u0161norchlov\u00e1n\u00edm.<\/li>\n<li><strong>6hodinov\u00fd soukrom\u00fd charter:<\/strong> Pono\u0159te se hloub\u011bji do p\u0159\u00edrodn\u00edch kr\u00e1s ostrova a dop\u0159ejte si v\u00edce \u010dasu na odpo\u010dinek a objevov\u00e1n\u00ed skryt\u00fdch m\u00edst.<\/li>\n<li><strong>8hodinov\u00fd soukrom\u00fd charter:<\/strong> Celodenn\u00ed dobrodru\u017estv\u00ed, kter\u00e9 v\u00e1m umo\u017en\u00ed za\u017e\u00edt dokonal\u00fd odpo\u010dinek a pozn\u00e1v\u00e1n\u00ed, s \u010dasem nav\u00edc na n\u00e1v\u0161t\u011bvu n\u011bkolika z\u00e1tok a vychutn\u00e1n\u00ed si toho nejlep\u0161\u00edho z Gran Canarie.<\/li>\n<\/ul>\n<h3>\ud83e\udd42 Co je zahrnuto ve va\u0161\u00ed chart\u011b Sunkiss<\/h3>\n<p>Va\u0161e <strong>pron\u00e1jem lod\u00ed na Gran Canarii<\/strong> zahrnuje:<\/p>\n<ul>\n<li>Ob\u010derstven\u00ed, v\u010detn\u011b chips\u016f a o\u0159\u00ed\u0161k\u016f.<\/li>\n<li>N\u00e1poje jako pivo, nealkoholick\u00e9 n\u00e1poje a voda.<\/li>\n<li>\u0160norchlovac\u00ed vybaven\u00ed (masky a ploutve) pro objevov\u00e1n\u00ed podmo\u0159sk\u00e9ho sv\u011bta.<\/li>\n<li>Poji\u0161t\u011bn\u00ed pro bezstarostn\u00fd z\u00e1\u017eitek.<\/li>\n<li>Voliteln\u00e1 doprava do hotel\u016f na jihu ostrova Gran Canaria a zp\u011bt.<\/li>\n<li>Voliteln\u00fd ob\u011bd (10 \u20ac na osobu, vy\u017e\u00e1dejte si b\u011bhem rezervace).<\/li>\n<\/ul>\n<h3>\ud83d\udccd \u00dadaje o odjezdu<\/h3>\n<ul>\n<li><strong>Um\u00edst\u011bn\u00ed:<\/strong> <a href=\"https:\/\/maps.app.goo.gl\/Xhe545W98um3rx6W8\" target=\"_new\" rel=\"noopener\"><span>Puerto<\/span><span> Mog\u00e1n<\/span><span>, Gran<\/span><span> Canaria<\/span><\/a>.<\/li>\n<li><strong>\u010casy odjezd\u016f:<\/strong> 09:00, 12:00 a 15:00.<\/li>\n<li><strong>Doprava:<\/strong> Pro v\u011bt\u0161\u00ed pohodl\u00ed je k dispozici slu\u017eba vyzvednut\u00ed.<\/li>\n<\/ul>\n<p>Doporu\u010dujeme p\u0159ij\u00edt alespo\u0148 15 minut p\u0159ed odjezdem, abyste si zajistili hladk\u00fd za\u010d\u00e1tek dobrodru\u017estv\u00ed.<\/p>\n<h3>\u2705 Transparentn\u00ed storno podm\u00ednky<\/h3>\n<p>Klademe d\u016fraz na v\u00e1\u0161 klid a nab\u00edz\u00edme jasn\u00e9 a flexibiln\u00ed mo\u017enosti zru\u0161en\u00ed:<\/p>\n<ul>\n<li><strong>Z\u00e1ruka po\u010das\u00ed:<\/strong> V p\u0159\u00edpad\u011b nebezpe\u010dn\u00fdch pov\u011btrnostn\u00edch podm\u00ednek m\u016f\u017eete p\u0159esunout term\u00edn nebo obdr\u017eet plnou n\u00e1hradu.<\/li>\n<li><strong>Flexibiln\u00ed zru\u0161en\u00ed:<\/strong> Zru\u0161en\u00ed nebo zm\u011bna term\u00ednu je zdarma a\u017e 8 dn\u00ed p\u0159ed cestou. P\u0159i zru\u0161en\u00ed z\u00e1jezdu do 8 dn\u016f p\u0159ed pl\u00e1novan\u00fdm odjezdem se z\u00e1loha nevrac\u00ed.<\/li>\n<\/ul>\n<h3>\ud83d\udc68\u200d\u2708\ufe0f Tipy pro va\u0161e dobrodru\u017estv\u00ed na lodi Sunkiss<\/h3>\n<p>Vyu\u017eijte sv\u016fj den naplno d\u00edky t\u011bmto jednoduch\u00fdm tip\u016fm:<\/p>\n<ul>\n<li>Vezm\u011bte si plavky, opalovac\u00ed kr\u00e9m a ru\u010dn\u00edk.<\/li>\n<li>Vezm\u011bte si pohodln\u00e9 oble\u010den\u00ed vhodn\u00e9 pro dan\u00e9 po\u010das\u00ed.<\/li>\n<li>P\u0159ipravte si j\u00edzdenku CanaryVIP v telefonu nebo vyti\u0161t\u011bnou.<\/li>\n<li>P\u0159ed cestou si dejte lehk\u00e9 j\u00eddlo, abyste se vyhnuli mo\u0159sk\u00e9 nemoci.<\/li>\n<\/ul>\n<h3>\ud83c\udf1f Pro\u010d si rezervovat s CanaryVIP<\/h3>\n<p>Ve spole\u010dnosti CanaryVIP se specializujeme na nab\u00eddku nejlep\u0161\u00edch <strong>pron\u00e1jem lod\u00ed Puerto Mog\u00e1n<\/strong> a <strong>pron\u00e1jem luxusn\u00edch jachet na Gran Canarii<\/strong>. Od soukrom\u00fdch charter\u016f, jako je Sunkiss, a\u017e po z\u00e1\u017eitky na m\u00edru, zaji\u0161\u0165ujeme, \u017ee ka\u017ed\u00fd okam\u017eik na vod\u011b bude nezapomenuteln\u00fd.<\/p>\n<p>Rezervujte si <strong>Pron\u00e1jem lod\u00ed Sunkiss<\/strong> a u\u017eijte si cestu plnou odpo\u010dinku, dobrodru\u017estv\u00ed a \u00fachvatn\u00fdch v\u00fdhled\u016f na Gran Canarii.<\/p>\n<p>\ud83d\udc49 <a href=\"https:\/\/canaryvip.com\/cs\/\" target=\"_new\" rel=\"noopener\"><span>Rezerva<\/span><span> Nyn\u00ed<\/span><\/a> a vytvo\u0159te si vzpom\u00ednky, kter\u00e9 v\u00e1m z\u016fstanou na cel\u00fd \u017eivot!<\/p>","protected":false},"excerpt":{"rendered":"<p><strong>\ud83d\udd0d Magic Island Gran Canaria:<\/strong><br \/>\n\u2705 Bezpe\u010dn\u00e1 platba.<br \/>\n\ud83d\udd10 Soukrom\u00e9 prohl\u00eddky.<br \/>\n\ud83d\udee5\ufe0f 12m Yacht Comfort.<br \/>\n\u23f3 Denn\u00ed prohl\u00eddky 3H, 6H a 8H.<br \/>\n\ud83d\udd59 R\u016fzn\u00e9 \u010dasy odjezd\u016f.<br \/>\n\ud83d\udc65 A\u017e pro 8 osob.<br \/>\n\ud83e\udd3f Vybaven\u00ed pro \u0161norchlov\u00e1n\u00ed je k dispozici.<br \/>\n\ud83d\ude8c Vyzvednut\u00ed a p\u0159ed\u00e1n\u00ed.<br \/>\n\ud83e\udd11 Garance nejlep\u0161\u00ed ceny.<br \/>\n\ud83d\udc6a Slevy aktivov\u00e1ny.<br \/>\n\ud83d\udd01 Zru\u0161en\u00ed a\u017e na 8 dn\u00ed.<br \/>\n\ud83c\udf0d V\u00edcejazy\u010dn\u00e1 pos\u00e1dka.<br \/>\n\ud83c\udf1f Rezervujte v\u010das a u\u0161et\u0159ete!<br \/>\n\ud83d\udccd Odjezd z <a href=\"https:\/\/maps.app.goo.gl\/4TJkgAg6UBpnsyhm9\">Puerto de Mog\u00e1n<\/a>.<\/p>","protected":false},"featured_media":12950,"comment_status":"open","ping_status":"closed","template":"","meta":{"_acf_changed":false},"product_brand":[],"product_cat":[132],"product_tag":[],"class_list":{"0":"post-12949","1":"product","2":"type-product","3":"status-publish","4":"has-post-thumbnail","6":"product_cat-boat-hire-gran-canaria","7":"wcpa_has_options","9":"first","10":"instock","11":"virtual","12":"purchasable","13":"product-type-simple"},"acf":[],"wcpa_form_fields":{"wcpaData":{"product":{"product_price":399,"price_html":"From&nbsp;<span class=\"woocommerce-Price-amount amount\"><bdi>399,00&nbsp;<span class=\"woocommerce-Price-currencySymbol\">&euro;<\/span><\/bdi><\/span>","original_product_price":399,"price_including_tax":399,"price_excluding_tax":399,"product_id":{"parent":12949,"variation":false},"is_variable":false,"stock_status":"instock","stock_quantity":null,"parent_sku":"CV12949","product_attributes":[],"custom_fields":[],"is_taxable":false,"product_name":"Sunkiss Boat Charter<br\/>Gran Canaria","hasImage":false},"fields":{"sec_667811df8760f9":{"extra":{"key":"sec_667811df8760f9","section_id":"sec_667811df8760f9","name":"Default","status":1,"cl_rule":"show","enableCl":false,"relations":[],"toggle":true,"title_tag":"h3","show_title":false,"showPrice":"default","form_id":13536,"form_rules":{"exclude_from_discount":true,"fee_label":"Fee","disp_hide_options_price":true,"disp_show_section_price":false,"disp_show_field_price":true,"layout_option":"standard","pric_use_as_fee":false,"process_fee_as":"woo_fee"},"layout_option":"standard"},"fields":[[{"label":"\ud83d\udcc5 Date","active":true,"required":true,"elementId":"date_567811df876119","picker_type":"custom","picker_mode":"single","placeholder":"","description":"","tooltip":"","name":"date_567811df876119","label_position":"default","desc_position":"default","enablePrice":false,"className":"","enableCl":false,"relations":[{"operator":"and","rules":[{"operator":"AND","rules":{"cl_field":"radio-group_565c78ffa81208","cl_relation":"is","cl_val":"3 Hour Trip"}}]}],"date_pic_inline":true,"date_pic_inline_hide":true,"min_date":{"type":"days","val":"2"},"max_date":{"type":"days","val":"365"},"date_pic_conf":{"disabledWeeks":[]},"price":"","cl_rule":"show","col":6,"type":"date","error":false,"enableDesign":false,"LabelColor":"","gt_translate_keys":["label","placeholder","description","tooltip"],"price_dependency":false,"cl_dependency":false,"value":""}],[{"elementId":"separator_267811df876128","separatorType":"blank","className":"","height":"3","enableCl":false,"relations":false,"cl_rule":"show","col":6,"type":"separator","error":false,"gt_translate_keys":[],"price_dependency":false,"cl_dependency":false,"value":""}],[{"active":true,"col":6,"relations":false,"cl_rule":"show","enableCl":false,"price":"","enablePrice":true,"className":"","label_position":"default","desc_position":"default","type":"select","required":true,"elementId":"select_267811df876133","label":"\u23f3 Trip Duration","name":"select_267811df876133","values":[{"label":"3 Hours (399\u20ac)","value":"3","selected":false,"tempId":"aco_556","price":"399","gt_translate_keys":["label"]},{"label":"6 Hours (700\u20ac)","value":"6","selected":false,"tempId":"aco_122","price":"700","gt_translate_keys":["label"]},{"label":"8 Hours (900\u20ac)","value":"8","selected":false,"tempId":"aco_41","price":"900","gt_translate_keys":["label"]}],"dropdown_type":"basic","error":false,"placeholder":"Select Trip Duration","priceOptions":"different_for_all","pricingType":"fixed","is_show_price":false,"gt_translate_keys":["label","placeholder"],"price_dependency":false,"cl_dependency":false,"value":""}],[{"label":"\u2705 Number of People","active":true,"required":true,"elementId":"select_667811df87613d","dropdown_type":"basic","placeholder":"Select Number of People","name":"select_667811df87613d","label_position":"default","desc_position":"default","enablePrice":false,"className":"","enableCl":false,"relations":[{"operator":false,"rules":[{"operator":"AND","rules":{"cl_field":"radio-group_565c78ffa81208","cl_relation":"is","cl_val":"3 Hour Trip"}}]}],"values":[{"label":"1 person","value":"1","selected":false,"tempId":"aco_1471","price":"0","gt_translate_keys":["label"]},{"label":"2 people","value":"2","selected":false,"tempId":"aco_1472","price":"0","gt_translate_keys":["label"]},{"label":"3 people","value":"3","selected":false,"tempId":"aco_1500","price":"0","gt_translate_keys":["label"]},{"label":"4 people","value":"4","selected":false,"tempId":"aco_1510","price":"0","gt_translate_keys":["label"]},{"label":"5 people","value":"5","selected":false,"tempId":"aco_1520","price":"0","gt_translate_keys":["label"]},{"label":"6 people","value":"6","selected":false,"tempId":"aco_1728","price":"0","gt_translate_keys":["label"]},{"label":"7 people","value":"7","selected":false,"tempId":"aco_1738","price":"0","gt_translate_keys":["label"]},{"label":"8 people","value":"8","selected":false,"tempId":"aco_1748","price":"0","gt_translate_keys":["label"]}],"price":"","cl_rule":"show","col":6,"type":"select","error":false,"priceOptions":"different_for_all","pricingType":"fixed","is_show_price":false,"gt_translate_keys":["label","placeholder"],"price_dependency":["select_067811df876146"],"cl_dependency":false,"value":""}],[{"active":true,"col":6,"relations":false,"cl_rule":"show","enableCl":false,"price":"","enablePrice":true,"className":"","label_position":"default","desc_position":"default","type":"select","required":false,"elementId":"select_067811df876146","label":"\ud83c\udf57 Meal (+10\u20ac\/person)","name":"select_067811df876146","values":[{"label":"No","value":"No","selected":false,"tempId":"aco_2562","price":"","gt_translate_keys":["label"]},{"label":"Yes (+10\u20ac\/person)","value":"Yes","selected":false,"tempId":"aco_2563","price":"{field.select_667811df87613d.value}*10","gt_translate_keys":["label"]}],"dropdown_type":"basic","error":false,"description":"Snacks and drinks are included. If you want an extra meal, please select this option. The meal is marinated chicken with mojo potatoes and coleslaw. Payment due at arrival the day of the tour.","priceOptions":"different_for_all","pricingType":"custom","isTemplate":false,"is_show_price":true,"gt_translate_keys":["label","description"],"price_dependency":false,"cl_dependency":false,"value":""}]]},"sec_167811df876147":{"extra":{"key":"sec_167811df876147","section_id":"sec_167811df876147","name":"Pickup Location","status":1,"cl_rule":"show","enableCl":false,"relations":[],"toggle":true,"title_tag":"h4","show_title":false,"showPrice":"default","form_id":13536,"form_rules":{"exclude_from_discount":true,"fee_label":"Fee","disp_hide_options_price":true,"disp_show_section_price":false,"disp_show_field_price":true,"layout_option":"standard","pric_use_as_fee":false,"process_fee_as":"woo_fee"},"layout_option":"standard"},"fields":[[{"elementId":"separator_1067811df876152","separatorType":"blank","className":"","height":"3","enableCl":false,"relations":false,"cl_rule":"show","col":6,"type":"separator","error":false,"gt_translate_keys":[],"price_dependency":false,"cl_dependency":false,"value":""}],[{"active":true,"col":6,"relations":[{"operator":false,"rules":[{"operator":"AND","rules":{"cl_field":"radio-group_565c78ffa81208","cl_relation":"is","cl_val":"3 Hour Trip"}}]}],"cl_rule":"show","enableCl":false,"price":"","enablePrice":false,"className":"","label_position":"default","desc_position":"default","type":"select","required":false,"elementId":"select_667811df87615b","label":"\u23f0 Departure","name":"select_667811df87615b","values":[{"label":"09:00","value":"09:00","selected":false,"tempId":"aco_1471","gt_translate_keys":["label"]},{"label":"12:00","value":"12:00","selected":false,"tempId":"aco_1510","gt_translate_keys":["label"]},{"label":"15:00","value":"15:00","selected":false,"tempId":"aco_1738","gt_translate_keys":["label"]}],"dropdown_type":"basic","error":false,"placeholder":"Whichever Time is Best","gt_translate_keys":["label","placeholder"],"price_dependency":false,"cl_dependency":false,"value":""}],[{"elementId":"separator_767811df876165","separatorType":"blank","className":"","height":"1","enableCl":false,"relations":false,"cl_rule":"show","col":6,"type":"separator","gt_translate_keys":[],"price_dependency":false,"cl_dependency":false,"value":""}],[{"elementId":"separator_967811df876170","separatorType":"blank","className":"","height":"1","enableCl":false,"relations":false,"cl_rule":"show","col":6,"type":"separator","error":false,"gt_translate_keys":[],"price_dependency":false,"cl_dependency":false,"value":""}],[{"active":true,"col":6,"relations":false,"cl_rule":"show","enableCl":false,"price":"","enablePrice":false,"className":"","label_position":"default","desc_position":"default","type":"text","subtype":"text","required":false,"elementId":"text_967811df876178","label":"\ud83d\ude8c Pickup Location","name":"text_967811df876178","value":"","error":false,"description":"Pick-up service in some locations. Simply provide your address or hotel name. (+2\u20ac\/person paid at pickup to the driver)","gt_translate_keys":["label","description","value"],"price_dependency":false,"cl_dependency":false}]]}},"config":{"price_override":"always","enable_recaptcha":false,"bind_quantity":false,"quantity_bind_formula":false,"disp_summ_show_option_price":true,"disp_summ_show_product_price":false,"disp_summ_show_total_price":true,"disp_summ_show_fee":true,"disp_summ_show_discount":true,"summary_title":"","options_total_label":"Options Price","total_label":"Total Amount","options_product_label":"Product Price","fee_label":"Fee","discount_label":"Discount","has_price":true,"has_quantity_formula":false},"mc_unit":1,"tax_rate":1,"tax_rate_real":1,"discount":{"percentage":0,"fixed":0},"design":{"conf":{"LabelPosition":"above","DescPosition":"above","UploadField":"custom_1","QuantityFieldStyle":"custom_1"},"css":{"LeftLabelWidth":"120px"}},"formulas":{"fmla_1708364241278155361":"(({field.select_3666b1eb2b11fe.value}>=8)?(1400):(({field.select_3666b1eb2b11fe.value}>=7)?(1225):(({field.select_3666b1eb2b11fe.value}>=6)?(1050):(({field.select_3666b1eb2b11fe.value}>=5)?(875):(({field.select_3666b1eb2b11fe.value}>=4)?(700):(({field.select_3666b1eb2b11fe.value}>=3)?(500):(0)))))))","fmla_1718295979528641619":"(({field.select_3666b1eb2b11fe.value}>=8)?(280):(({field.select_3666b1eb2b11fe.value}>=7)?(205):(({field.select_3666b1eb2b11fe.value}>=6)?(150):(({field.select_3666b1eb2b11fe.value}>=5)?(175):(({field.select_3666b1eb2b11fe.value}>=4)?(200):(({field.select_3666b1eb2b11fe.value}>=3)?(150):(0)))))))"},"lookuptables":[],"clones":false,"cartKey":false}},"_links":{"self":[{"href":"https:\/\/canaryvip.com\/cs\/wp-json\/wp\/v2\/product\/12949","targetHints":{"allow":["GET"]}}],"collection":[{"href":"https:\/\/canaryvip.com\/cs\/wp-json\/wp\/v2\/product"}],"about":[{"href":"https:\/\/canaryvip.com\/cs\/wp-json\/wp\/v2\/types\/product"}],"replies":[{"embeddable":true,"href":"https:\/\/canaryvip.com\/cs\/wp-json\/wp\/v2\/comments?post=12949"}],"wp:featuredmedia":[{"embeddable":true,"href":"https:\/\/canaryvip.com\/cs\/wp-json\/wp\/v2\/media\/12950"}],"wp:attachment":[{"href":"https:\/\/canaryvip.com\/cs\/wp-json\/wp\/v2\/media?parent=12949"}],"wp:term":[{"taxonomy":"product_brand","embeddable":true,"href":"https:\/\/canaryvip.com\/cs\/wp-json\/wp\/v2\/product_brand?post=12949"},{"taxonomy":"product_cat","embeddable":true,"href":"https:\/\/canaryvip.com\/cs\/wp-json\/wp\/v2\/product_cat?post=12949"},{"taxonomy":"product_tag","embeddable":true,"href":"https:\/\/canaryvip.com\/cs\/wp-json\/wp\/v2\/product_tag?post=12949"}],"curies":[{"name":"wp","href":"https:\/\/api.w.org\/{rel}","templated":true}]}}