{"id":12784,"date":"2024-08-05T16:50:08","date_gmt":"2024-08-05T15:50:08","guid":{"rendered":"https:\/\/canaryvip.com\/?post_type=product&#038;p=12784"},"modified":"2025-08-09T14:08:37","modified_gmt":"2025-08-09T13:08:37","slug":"self-drive-boat-hire-tenerife","status":"publish","type":"product","link":"https:\/\/canaryvip.com\/cs\/shop\/self-drive-boat-hire-tenerife\/","title":{"rendered":"Pron\u00e1jem \u010dlunu s vlastn\u00edm pohonem Tenerife"},"content":{"rendered":"<h2>\ud83d\udea4 Pron\u00e1jem \u010dlunu s vlastn\u00edm pohonem bez \u0159idi\u010dsk\u00e9ho pr\u016fkazu na Tenerife<\/h2>\n<p>Vydejte se za vodn\u00edm dobrodru\u017estv\u00edm a pronajm\u011bte si \u010dlun s vlastn\u00edm pohonem ve <a href=\"https:\/\/canaryvip.com\/cs\/tenerife\/\">Tenerife<\/a>, ide\u00e1ln\u00ed pro ty, kte\u0159\u00ed tou\u017e\u00ed po svobodn\u00e9 navigaci.<\/p>\n<p>Vydejte se na cestu z malebn\u00e9ho <a href=\"https:\/\/www.google.com\/maps\/place\/Puerto+Col%C3%B3n\/@28.078002,-16.7394902,1078m\/data=!3m2!1e3!4b1!4m6!3m5!1s0xc6a9743509c9ebf:0xd62345524f768247!8m2!3d28.078002!4d-16.7369153!16s%2Fg%2F11c6cqryw_?authuser=0&amp;entry=tts&amp;g_ep=EgoyMDI0MDgwNC4wKgBIAVAD\" target=\"_blank\" rel=\"noopener\">Puerto Col\u00f3n<\/a>, kde budete m\u00edt mo\u017enost objevovat odlehl\u00e1 m\u00edsta, vyh\u0159\u00edvat se na slunci nebo si u\u017e\u00edt piknik na vod\u011b obklopeni k\u0159i\u0161\u0165\u00e1lov\u011b \u010dist\u00fdmi vlnami Atlantiku.<\/p>\n<p>P\u0159edstavte si, \u017ee se sami chop\u00edte kormidla a budete br\u00e1zdit n\u00e1dhern\u00e9 vody Tenerife. C\u00edt\u00edte v\u00edtr ve vlasech a slunce na tv\u00e1\u0159i, kdy\u017e si sami ur\u010dujete sm\u011br. Na\u0161e lod\u011b pojmou a\u017e 5 pasa\u017e\u00e9r\u016f, tak\u017ee jsou ide\u00e1ln\u00ed pro p\u016fldenn\u00ed pron\u00e1jem nebo celodenn\u00ed dobrodru\u017estv\u00ed.<\/p>\n<h3>\ud83d\udea4 Va\u0161e cesta, v\u00e1\u0161 p\u0159\u00edkaz<\/h3>\n<ul>\n<li><strong>Kompaktn\u00ed design:<\/strong> U\u017eijte si elegantn\u00ed a pohodlnou plavbu na na\u0161ich dob\u0159e udr\u017eovan\u00fdch lod\u00edch.<\/li>\n<li><strong>\u00da\u017easn\u00e9 scen\u00e9rie:<\/strong> Plavte se v bl\u00edzkosti kr\u00e1sn\u00e9 tenerifsk\u00e9 pl\u00e1\u017ee La Caleta nebo Diego Hernandez a u\u017e\u00edvejte si pestr\u00fd podmo\u0159sk\u00fd \u017eivot kolem sebe.<\/li>\n<li><strong style=\"letter-spacing: 0em;\">Soukrom\u00e9 ponory:<\/strong><span style=\"letter-spacing: 0em;\"> Zakotv\u011bte ve skryt\u00fdch z\u00e1tok\u00e1ch, kter\u00e9 jsou ide\u00e1ln\u00ed ke koup\u00e1n\u00ed, \u0161norchlov\u00e1n\u00ed nebo opalov\u00e1n\u00ed.<\/span><\/li>\n<li><strong>Ob\u010derstven\u00ed na mo\u0159i:<\/strong> Svoboda p\u0159in\u00e9st si na palubu vlastn\u00ed j\u00eddlo a vychutnat si ho umoc\u0148uje tento osobn\u00ed z\u00e1\u017eitek z pron\u00e1jmu lodi na Tenerife.<\/li>\n<li><strong>Manipulace bez n\u00e1mahy:<\/strong> D\u00edky u\u017eivatelsky p\u0159\u00edv\u011btiv\u00e9mu designu a stabiln\u00edm plavebn\u00edm schopnostem jsou na\u0161e lod\u011b p\u0159\u00edstupn\u00e9 v\u0161em.<\/li>\n<\/ul>\n<h3>\u2728 Kl\u00ed\u010dov\u00e9 informace o p\u016fj\u010dovn\u011b lod\u00ed s vlastn\u00edm pohonem<\/h3>\n<p><strong>P\u0159izp\u016fsoben\u00ed va\u0161im preferenc\u00edm:<\/strong> Na\u0161e lod\u011b pro 5 osob jsou ide\u00e1ln\u00ed pro dovolenou v p\u00e1ru nebo skupinov\u00fd v\u00fdlet a jsou p\u0159ipraveny na jakoukoli akci. K zaji\u0161t\u011bn\u00ed bezpe\u010dn\u00e9ho a p\u0159\u00edjemn\u00e9ho z\u00e1\u017eitku na vod\u011b v\u00e1m poskytneme komplexn\u00ed pokyny.<\/p>\n<p><strong>Univerz\u00e1ln\u00ed volba pro v\u0161echny:<\/strong> Na\u0161e lod\u011b s vlastn\u00edm \u0159\u00edzen\u00edm bez \u0159idi\u010dsk\u00e9ho pr\u016fkazu jsou ide\u00e1ln\u00ed pro rodiny, p\u0159\u00e1tele i samostatn\u00e9 cestovatele a umo\u017en\u00ed v\u00e1m za\u017e\u00edt kombinaci autonomie a malebn\u00e9ho luxusu na pozad\u00ed pob\u0159e\u017e\u00ed Tenerife.<\/p>\n<h3>\ud83d\udea4 P\u0159\u00edprava na v\u00fdlet<\/h3>\n<p>P\u0159ipravte se na nezapomenuteln\u00fd den na mo\u0159i a po\u0159i\u010fte si z\u00e1kladn\u00ed vybaven\u00ed, jako jsou plavky a opalovac\u00ed kr\u00e9m. V\u0161echny pot\u0159ebn\u00e9 naviga\u010dn\u00ed n\u00e1stroje v\u00e1m dod\u00e1me, tak\u017ee se m\u016f\u017eete soust\u0159edit pouze na pot\u011b\u0161en\u00ed z objevov\u00e1n\u00ed.<\/p>\n<p>Nezapome\u0148te na fotoapar\u00e1t, abyste mohli zachytit \u00fachvatn\u00e9 v\u00fdhledy na tenerifsk\u00e9 pob\u0159e\u017e\u00ed a vodn\u00ed \u017eivot pod n\u00edm.<\/p>\n<h3>\ud83d\udcdc Storno a palubn\u00ed podm\u00ednky<\/h3>\n<p><strong>Soukrom\u00e1 pron\u00e1jem lod\u00ed:<\/strong> Zru\u0161en\u00ed zdarma a\u017e 96 hodin p\u0159ed odjezdem. Pokud zru\u0161\u00edte pobyt m\u00e9n\u011b ne\u017e 72 hodin p\u0159edem, z\u00e1loha se nevrac\u00ed.<\/p>\n<p><strong>Spole\u010dn\u00e1 cesta:<\/strong> Bezplatn\u00e9 zru\u0161en\u00ed rezervace a\u017e 48 hodin p\u0159ed pl\u00e1novan\u00fdm odjezdem. Pokud zru\u0161\u00edte odjezd pozd\u011bji nebo se nedostav\u00edte, z\u00e1loha propad\u00e1.<\/p>\n<p><strong>\ud83c\udf26\ufe0f Po\u010das\u00ed a minim\u00e1ln\u00ed po\u010det \u00fa\u010dastn\u00edk\u016f:<\/strong> V p\u0159\u00edpad\u011b nep\u0159\u00edzniv\u00e9ho po\u010das\u00ed nebo nedostatku \u00fa\u010dastn\u00edk\u016f si m\u016f\u017eete vybrat vr\u00e1cen\u00ed pen\u011bz v pln\u00e9 v\u00fd\u0161i nebo p\u0159esunut\u00ed v\u00fdletu na jin\u00fd term\u00edn.<\/p>\n<p><strong>\ud83d\udea2 Pravidla na palub\u011b:<\/strong> P\u0159ij\u010fte pros\u00edm v\u010das! Za pozdn\u00ed p\u0159\u00edjezd nebo zm\u011bnu trasy z d\u016fvodu mo\u0159sk\u00e9 nemoci se pen\u00edze nevracej\u00ed.<\/p>\n<h3>\ud83d\ude99 V\u00fdchoz\u00ed bod a parkovi\u0161t\u011b<\/h3>\n<p><strong>Za\u010dn\u011bte na <a href=\"https:\/\/www.google.com\/maps\/place\/Puerto+Col%C3%B3n\/@28.078002,-16.7394902,1078m\/data=!3m2!1e3!4b1!4m6!3m5!1s0xc6a9743509c9ebf:0xd62345524f768247!8m2!3d28.078002!4d-16.7369153!16s%2Fg%2F11c6cqryw_?authuser=0&amp;entry=tts&amp;g_ep=EgoyMDI0MDgwNC4wKgBIAVAD\" target=\"_blank\" rel=\"noopener\">Puerto Col\u00f3n<\/a>:<\/strong> Va\u0161e n\u00e1mo\u0159n\u00ed dobrodru\u017estv\u00ed za\u010d\u00edn\u00e1 na <strong>Puerto Col\u00f3n<\/strong>Dostatek parkovac\u00edch m\u00edst v p\u0159\u00edstavu v\u00e1m usnadn\u00ed za\u010d\u00e1tek dne. P\u0159ije\u010fte o n\u011bco d\u0159\u00edve, abyste mohli za\u010d\u00edt cestu beze sp\u011bchu.<\/p>\n<h3>\ud83c\udf1f P\u0159\u00edslib CanaryVIP pro v\u00e1s<\/h3>\n<p>Ve spole\u010dnosti CanaryVIP je pro n\u00e1s va\u0161e spokojenost na prvn\u00edm m\u00edst\u011b. P\u0159i rezervaci pron\u00e1jmu lodi s vlastn\u00edm pohonem si m\u016f\u017eete vychutnat p\u0159izp\u016fsobiteln\u00e9 storno podm\u00ednky, kter\u00e9 v\u00e1m poskytnou jistotu. Jsme odhodl\u00e1ni poskytovat vynikaj\u00edc\u00ed slu\u017eby s d\u016frazem na bezpe\u010dnost a touhou umocnit va\u0161e z\u00e1\u017eitky z majest\u00e1tn\u00edch vod Tenerife.<\/p>\n<p>Vydejte se na dobrodru\u017enou plavbu na lodi s vlastn\u00edm pohonem bez \u0159idi\u010dsk\u00e9ho pr\u016fkazu po n\u00e1dhern\u00fdch mo\u0159\u00edch Tenerife a objevte skryt\u00e9 klenoty pod\u00e9l pob\u0159e\u017e\u00ed. <strong>Puerto Col\u00f3n.<\/strong><\/p>\n<p>Rezervujte si je\u0161t\u011b dnes exkluzivn\u00ed n\u00e1mo\u0159n\u00ed dobrodru\u017estv\u00ed, kter\u00e9 spojuje nez\u00e1vislost, pohodl\u00ed a nedot\u010denou kr\u00e1su Kan\u00e1rsk\u00fdch ostrov\u016f. Rezervujte si nyn\u00ed a vytvo\u0159te si trval\u00e9 vzpom\u00ednky na mo\u0159i!<\/p>","protected":false},"excerpt":{"rendered":"<p><strong>\ud83d\udd0d Vlastn\u00ed pohon lodi:<\/strong><br \/>\n<span>\u2705 Bezpe\u010dn\u00e1 platba.<\/span><br \/>\n<span>\ud83e\udeaa Bez lodn\u00edho pr\u016fkazu.<\/span><br \/>\n<span>\ud83d\udee5\ufe0f 5 metr\u016f dlouh\u00fd.<\/span><br \/>\n<span>\u23f3 Denn\u00ed pron\u00e1jem 2-8 h.<br \/>\n\u26fd V\u010detn\u011b benz\u00ednu<\/span><br \/>\n<span>\ud83d\udd59 P\u0159izp\u016fsobiteln\u00e9 \u010dasy odjezd\u016f.<\/span><br \/>\n<span>\ud83d\udc65 A\u017e pro 5 osob.<\/span><br \/>\n<span>\ud83e\udd3f Vybaven\u00ed pro \u0161norchlov\u00e1n\u00ed.<\/span><br \/>\n<span>\ud83e\udd11 Garance nejlep\u0161\u00ed ceny.<\/span><br \/>\n<span>\ud83d\udc6a Slevy aktivov\u00e1ny.<\/span><br \/>\n<span>\ud83d\udd01 Zru\u0161en\u00ed a\u017e na 4 dny.<\/span><br \/>\n<span>\ud83c\udf0d V\u00edcejazy\u010dn\u00e1 podpora.<\/span><br \/>\n<span>\ud83c\udf1f Rezervujte v\u010das a u\u0161et\u0159ete!<br \/>\n\ud83d\udccd Odjezd z <a href=\"https:\/\/maps.app.goo.gl\/3EAT9KE3yNKvnqsz7\" target=\"_blank\" rel=\"noopener\">Puerto Col\u00f3n<\/a>.<br \/>\n<\/span><\/p>","protected":false},"featured_media":14654,"comment_status":"open","ping_status":"closed","template":"","meta":{"_acf_changed":false},"product_brand":[],"product_cat":[130],"product_tag":[],"class_list":{"0":"post-12784","1":"product","2":"type-product","3":"status-publish","4":"has-post-thumbnail","6":"product_cat-self-drive-boat-hire","7":"wcpa_has_options","9":"first","10":"instock","11":"sale","12":"virtual","13":"purchasable","14":"product-type-simple"},"acf":[],"wcpa_form_fields":{"wcpaData":{"product":{"product_price":180,"price_html":"From&nbsp;<del aria-hidden=\"true\"><span class=\"woocommerce-Price-amount amount\"><bdi>200,00&nbsp;<span class=\"woocommerce-Price-currencySymbol\">&euro;<\/span><\/bdi><\/span><\/del> <span class=\"screen-reader-text\">P\u016fvodn\u00ed cena byla: 200,00&nbsp;&euro;.<\/span><ins aria-hidden=\"true\"><span class=\"woocommerce-Price-amount amount\"><bdi>180,00&nbsp;<span class=\"woocommerce-Price-currencySymbol\">&euro;<\/span><\/bdi><\/span><\/ins><span class=\"screen-reader-text\">Aktu\u00e1ln\u00ed cena je: 180,00&nbsp;&euro;.<\/span>","original_product_price":200,"price_including_tax":180,"price_excluding_tax":180,"product_id":{"parent":12784,"variation":false},"is_variable":false,"stock_status":"instock","stock_quantity":null,"parent_sku":"CV12784","product_attributes":[],"custom_fields":[],"is_taxable":false,"product_name":"Self Drive Boat Hire Tenerife","hasImage":false},"fields":{"sec_666b2beb820739":{"extra":{"key":"sec_666b2beb820739","section_id":"sec_666b2beb820739","name":"Default","status":1,"cl_rule":"show","enableCl":false,"relations":[],"toggle":true,"title_tag":"h3","show_title":false,"showPrice":"default","form_id":12811,"form_rules":{"exclude_from_discount":true,"fee_label":"Fee","disp_hide_options_price":true,"disp_show_section_price":false,"disp_show_field_price":true,"layout_option":"standard","pric_use_as_fee":false,"process_fee_as":"woo_fee"},"layout_option":"standard"},"fields":[[{"label":"\ud83d\udcc5 Date","active":true,"required":true,"elementId":"date_466b2beb820758","picker_type":"custom","picker_mode":"single","placeholder":"","description":"","tooltip":"","name":"date_466b2beb820758","label_position":"default","desc_position":"default","enablePrice":false,"className":"","enableCl":false,"relations":[{"operator":"and","rules":[{"operator":"AND","rules":{"cl_field":"radio-group_565c78ffa81208","cl_relation":"is","cl_val":"3 Hour Trip"}}]}],"date_pic_inline":true,"date_pic_inline_hide":true,"min_date":{"type":"days","val":"0"},"max_date":{"type":"days","val":"365"},"date_pic_conf":{"disabledWeeks":[],"disabledDates":[]},"price":"","cl_rule":"show","col":6,"type":"date","error":false,"enableDesign":false,"LabelColor":"","gt_translate_keys":["label","placeholder","description","tooltip"],"price_dependency":false,"cl_dependency":false,"value":""}],[{"contentType":"rich","active":true,"label":"","elementId":"content_466b2beb820766","value":"<p>\ud83c\udf9f\ufe0f <strong>Reservation<\/strong>: Pay only a deposit now to reserve; the rest is due on the day of the activity upon arrival.<\/p>","inline":false,"name":"content_466b2beb820766","enablePrice":false,"className":"","subtype":"p","enableCl":false,"relations":false,"price":"","cl_rule":"show","col":6,"type":"content","error":false,"pricingType":"custom","isTemplate":false,"is_show_price":true,"show_in_checkout":true,"gt_translate_keys":["label","value"],"price_dependency":false,"cl_dependency":false}],[{"active":true,"col":6,"relations":false,"cl_rule":"show","enableCl":false,"price":"","enablePrice":true,"className":"","label_position":"default","desc_position":"default","type":"select","required":true,"elementId":"select_366b2beb82077c","label":"\u23f3 Trip Duration","name":"select_366b2beb82077c","values":[{"label":"2 Hours (180\u20ac)","value":"2","selected":false,"tempId":"aco_85","price":"180","gt_translate_keys":["label"]},{"label":"3 Hours (250\u20ac)","value":"3","selected":false,"tempId":"aco_556","price":"250","gt_translate_keys":["label"]},{"label":"4 Hours (320\u20ac)","value":"4","selected":false,"tempId":"aco_605","price":"320","gt_translate_keys":["label"]},{"label":"5 Hours (390\u20ac)","value":"5","selected":false,"tempId":"aco_724","price":"390","gt_translate_keys":["label"]},{"label":"6 Hours (460\u20ac)","value":"6","selected":false,"tempId":"aco_401","price":"460","gt_translate_keys":["label"]}],"dropdown_type":"basic","error":false,"placeholder":"Select Trip Duration","priceOptions":"different_for_all","pricingType":"fixed","is_show_price":true,"gt_translate_keys":["label","placeholder"],"price_dependency":["content_266b2beb82078f","content_266b2beb820799"],"cl_dependency":false,"value":""}],[{"active":true,"col":6,"relations":false,"cl_rule":"show","enableCl":false,"price":"","enablePrice":false,"className":"","label_position":"default","desc_position":"default","type":"separator","required":false,"elementId":"separator_8240912106","label":"Separator Field","height":"3","separatorType":"fill","error":false,"separatorColor":"#66a5b6","gt_translate_keys":["label"],"price_dependency":false,"cl_dependency":false,"value":""}],[{"active":true,"col":6,"relations":false,"cl_rule":"show","enableCl":false,"price":"({field.select_366b2beb82077c.price}*0.2)+({field.select_166b2beb820786.price}*0.1)","enablePrice":true,"className":"","label_position":"default","desc_position":"default","type":"content","required":false,"elementId":"content_266b2beb82078f","label":"Deposit Payment","name":"content_266b2beb82078f","contentType":"plain","value":"","error":false,"pricingType":"custom","isTemplate":true,"is_show_price":false,"enableDesign":true,"scrollBar":false,"use_as_fee":false,"fee_label":"Payment Now","inline":true,"show_in_checkout":true,"subtype":"div","formulaId":"fmla_1708364241278155361","LabelSize":"14px","gt_translate_keys":["label","value"],"price_dependency":["content_466b2beb8207a2"],"cl_dependency":false}],[{"contentType":"plain","active":true,"label":"Payment at Arrival","elementId":"content_266b2beb820799","value":"","inline":true,"show_in_checkout":true,"name":"content_266b2beb820799","enablePrice":true,"className":"","fee_label":"Payment at Arrival","subtype":"div","enableCl":false,"relations":false,"scrollBar":false,"enableDesign":true,"pricingType":"custom","isTemplate":true,"price":"({field.select_366b2beb82077c.price}*0.8)+({field.select_166b2beb820786.price}*0.9)","use_as_fee":false,"is_show_price":true,"cl_rule":"show","col":6,"type":"content","error":false,"formulaId":"fmla_172299064258378161","LabelSize":"14px","gt_translate_keys":["label","value"],"price_dependency":["content_466b2beb8207a2"],"cl_dependency":false}],[{"contentType":"plain","active":true,"label":"Total Price","elementId":"content_466b2beb8207a2","value":"","inline":true,"show_in_checkout":true,"name":"content_466b2beb8207a2","enablePrice":true,"className":"","fee_label":"Payment at Arrival","subtype":"div","enableCl":false,"relations":false,"scrollBar":false,"enableDesign":true,"LabelSize":"14px","pricingType":"custom","isTemplate":false,"price":"({field.content_266b2beb82078f.price})+({field.content_266b2beb820799.price})","formulaId":"fmla_1708360988969136756","use_as_fee":false,"is_show_price":true,"cl_rule":"show","col":6,"type":"content","error":false,"gt_translate_keys":["label","value"],"price_dependency":false,"cl_dependency":false}],[{"elementId":"separator-8320172123","separatorType":"fill","separatorColor":"#66a5b6","className":"","height":"3","enableCl":false,"relations":false,"cl_rule":"show","col":6,"type":"separator","gt_translate_keys":[],"price_dependency":false,"cl_dependency":false,"value":""}],[{"active":true,"col":6,"relations":[{"operator":false,"rules":[{"operator":"AND","rules":{"cl_field":"radio-group_565c78ffa81208","cl_relation":"is","cl_val":"3 Hour Trip"}}]}],"cl_rule":"show","enableCl":false,"price":"","enablePrice":false,"className":"","label_position":"default","desc_position":"default","type":"select","required":false,"elementId":"select_866b2beb8207ab","label":"\u23f0 Departure Time","name":"select_866b2beb8207ab","values":[{"label":"9:30","value":"9:30","selected":false,"tempId":"aco_1471","gt_translate_keys":["label"]},{"label":"10:30","value":"10:30","selected":false,"tempId":"aco_1472","gt_translate_keys":["label"]},{"label":"11:30","value":"11:30","selected":false,"tempId":"aco_1500","gt_translate_keys":["label"]},{"label":"12:30","value":"12:30","selected":false,"tempId":"aco_1510","gt_translate_keys":["label"]},{"label":"13:30","value":"13:30","selected":false,"tempId":"aco_1520","gt_translate_keys":["label"]},{"label":"14:30","value":"14:30","selected":false,"tempId":"aco_1728","gt_translate_keys":["label"]},{"label":"15:30","value":"15:30","selected":false,"tempId":"aco_1738","gt_translate_keys":["label"]}],"dropdown_type":"basic","error":false,"placeholder":"Whichever Time is Best","gt_translate_keys":["label","placeholder"],"price_dependency":false,"cl_dependency":false,"value":""}],[{"elementId":"separator_266b2beb8207b5","separatorType":"blank","className":"","height":"1","enableCl":false,"relations":false,"cl_rule":"show","col":6,"type":"separator","gt_translate_keys":[],"price_dependency":false,"cl_dependency":false,"value":""}],[{"label":"\u2705 Number of People","active":true,"required":true,"elementId":"select_466b2beb8207be","dropdown_type":"basic","placeholder":"Select Number of People","name":"select_466b2beb8207be","label_position":"default","desc_position":"default","enablePrice":false,"className":"","enableCl":false,"relations":[{"operator":false,"rules":[{"operator":"AND","rules":{"cl_field":"radio-group_565c78ffa81208","cl_relation":"is","cl_val":"3 Hour Trip"}}]}],"values":[{"label":"1 person","value":"1","selected":false,"tempId":"aco_1471","gt_translate_keys":["label"]},{"label":"2 people","value":"2","selected":false,"tempId":"aco_1472","gt_translate_keys":["label"]},{"label":"3 people","value":"3","selected":false,"tempId":"aco_1500","gt_translate_keys":["label"]},{"label":"4 people","value":"4","selected":false,"tempId":"aco_1510","gt_translate_keys":["label"]},{"label":"5 people","value":"5","selected":false,"tempId":"aco_1520","gt_translate_keys":["label"]},{"label":"6 people","value":"6","selected":false,"tempId":"aco_2006","gt_translate_keys":["label"]}],"price":"","cl_rule":"show","col":6,"type":"select","error":false,"gt_translate_keys":["label","placeholder"],"price_dependency":false,"cl_dependency":false,"value":""}]]}},"config":{"price_override":"always","enable_recaptcha":false,"bind_quantity":false,"quantity_bind_formula":false,"disp_summ_show_option_price":true,"disp_summ_show_product_price":false,"disp_summ_show_total_price":false,"disp_summ_show_fee":true,"disp_summ_show_discount":true,"summary_title":"","options_total_label":"Options Price","total_label":"Total Amount","options_product_label":"Product Price","fee_label":"Fee","discount_label":"Discount","has_price":true,"has_quantity_formula":false},"mc_unit":1,"tax_rate":1,"tax_rate_real":1,"discount":{"percentage":0,"fixed":0},"design":{"conf":{"LabelPosition":"above","DescPosition":"above","UploadField":"custom_1","QuantityFieldStyle":"custom_1"},"css":{"LeftLabelWidth":"120px"}},"formulas":{"fmla_1708364241278155361":"(({field.select_366b2beb82077c.value}>=6)?(130):(({field.select_366b2beb82077c.value}>=5)?(110):(({field.select_366b2beb82077c.value}>=4)?(90):(({field.select_366b2beb82077c.value}>=3)?(70):(({field.select_366b2beb82077c.value}>=2)?(60):(0))))))","fmla_172299064258378161":"(({field.select_366b2beb82077c.value}>=6)?(330):(({field.select_366b2beb82077c.value}>=5)?(280):(({field.select_366b2beb82077c.value}>=4)?(230):(({field.select_366b2beb82077c.value}>=3)?(180):(({field.select_366b2beb82077c.value}>=2)?(120):(0))))))"},"lookuptables":[],"clones":false,"cartKey":false}},"_links":{"self":[{"href":"https:\/\/canaryvip.com\/cs\/wp-json\/wp\/v2\/product\/12784","targetHints":{"allow":["GET"]}}],"collection":[{"href":"https:\/\/canaryvip.com\/cs\/wp-json\/wp\/v2\/product"}],"about":[{"href":"https:\/\/canaryvip.com\/cs\/wp-json\/wp\/v2\/types\/product"}],"replies":[{"embeddable":true,"href":"https:\/\/canaryvip.com\/cs\/wp-json\/wp\/v2\/comments?post=12784"}],"wp:featuredmedia":[{"embeddable":true,"href":"https:\/\/canaryvip.com\/cs\/wp-json\/wp\/v2\/media\/14654"}],"wp:attachment":[{"href":"https:\/\/canaryvip.com\/cs\/wp-json\/wp\/v2\/media?parent=12784"}],"wp:term":[{"taxonomy":"product_brand","embeddable":true,"href":"https:\/\/canaryvip.com\/cs\/wp-json\/wp\/v2\/product_brand?post=12784"},{"taxonomy":"product_cat","embeddable":true,"href":"https:\/\/canaryvip.com\/cs\/wp-json\/wp\/v2\/product_cat?post=12784"},{"taxonomy":"product_tag","embeddable":true,"href":"https:\/\/canaryvip.com\/cs\/wp-json\/wp\/v2\/product_tag?post=12784"}],"curies":[{"name":"wp","href":"https:\/\/api.w.org\/{rel}","templated":true}]}}