{"id":12210,"date":"2024-07-03T15:52:34","date_gmt":"2024-07-03T14:52:34","guid":{"rendered":"https:\/\/canaryvip.com\/?post_type=product&#038;p=12210"},"modified":"2025-08-09T14:02:34","modified_gmt":"2025-08-09T13:02:34","slug":"magic-island-yacht-charter-gran-canaria","status":"publish","type":"product","link":"https:\/\/canaryvip.com\/cs\/shop\/magic-island-yacht-charter-gran-canaria\/","title":{"rendered":"Magic Island: Pron\u00e1jem jachet<br\/> Gran Canaria"},"content":{"rendered":"<h2>\ud83d\udee5\ufe0f Magic Island Pron\u00e1jem jachet Gran Canaria s CanaryVIP<\/h2>\n<p>Poznejte kr\u00e1sy Kan\u00e1rsk\u00fdch ostrov\u016f z pohodl\u00ed letadla. <strong>luxusn\u00ed jachta<\/strong> s na\u0161\u00ed p\u016fj\u010dovnou jachet Magic Island na Gran Canarii. Tento <strong>soukrom\u00fd v\u00fdlet lod\u00ed<\/strong> pod\u00e9l \u00fachvatn\u00e9ho jihoz\u00e1padn\u00edho pob\u0159e\u017e\u00ed ostrova Gran Canaria je ide\u00e1ln\u00ed pro rodiny s d\u011btmi, p\u0159\u00e1tele nebo v\u0161echny, kte\u0159\u00ed hledaj\u00ed VIP dobrodru\u017estv\u00ed. Ve spole\u010dnosti CanaryVIP zaji\u0161\u0165ujeme bezprobl\u00e9movou rezervaci pro v\u00e1\u0161 vysn\u011bn\u00fd den na mo\u0159i.<\/p>\n<h3>\u2b50\ufe0f Pro\u010d si vybrat pron\u00e1jem jachty Magic Island na Gran Canarii?<\/h3>\n<p>Zde je popis toho, co d\u011bl\u00e1 jachtu Magic Island v\u00fdjime\u010dnou volbou pro v\u00e1\u0161 p\u0159\u00ed\u0161t\u00ed model. <strong>pron\u00e1jem lod\u00ed na ostrov\u011b Gran Canaria<\/strong>:<\/p>\n<h4><strong>Exkluzivn\u00ed soukrom\u00fd z\u00e1\u017eitek<\/strong><\/h4>\n<p>U\u017eijte si k\u0159i\u0161\u0165\u00e1lov\u011b \u010dist\u00e9 vody Atlantiku v naprost\u00e9m soukrom\u00ed. Jachta Magic Island s prostorem a\u017e pro 12 host\u016f je ide\u00e1ln\u00ed pro oslavy, rodinn\u00e9 v\u00fdlety nebo i obchodn\u00ed akce.<\/p>\n<h4><strong>Pohodl\u00ed a styl<\/strong><\/h4>\n<p>Odpo\u010di\u0148te si v \u00fatuln\u00e9m a elegantn\u00edm interi\u00e9ru s malou lo\u017enic\u00ed, toaletou, pohodln\u00fdm posezen\u00edm a j\u00eddeln\u00edm koutem. P\u0159i plavb\u011b pod\u00e9l sope\u010dn\u00e9ho pob\u0159e\u017e\u00ed se m\u016f\u017eete vyh\u0159\u00edvat na kan\u00e1rsk\u00e9m slunci na horn\u00ed slune\u010dn\u00ed terase nebo odpo\u010d\u00edvat ve st\u00ednu.<\/p>\n<h4><strong>Vzru\u0161uj\u00edc\u00ed vodn\u00ed aktivity<\/strong><\/h4>\n<p>Sv\u016fj z\u00e1\u017eitek si m\u016f\u017eete vylep\u0161it z\u00e1bavn\u00fdmi aktivitami, kter\u00e9 jsou sou\u010d\u00e1st\u00ed rezervace:<\/p>\n<ul>\n<li><strong>\ud83e\udd3f \u0160norchlovac\u00ed vybaven\u00ed:<\/strong> Prozkoumejte podmo\u0159sk\u00fd sv\u011bt s vybaven\u00edm na palub\u011b.<\/li>\n<li><strong>\ud83c\udf4c J\u00edzda na ban\u00e1nu:<\/strong> P\u0159idejte do sv\u00e9ho v\u00fdletu trochu adrenalinu d\u00edky t\u00e9to vzru\u0161uj\u00edc\u00ed aktivit\u011b, kter\u00e1 je zahrnuta bez p\u0159\u00edplatku.<\/li>\n<\/ul>\n<h3>\ud83d\udea4 Magic Island Mo\u017enosti v\u00fdlet\u016f na jacht\u011b<\/h3>\n<p>Vyberte si ze dvou variant trv\u00e1n\u00ed v\u00fdletu, kter\u00e9 odpov\u00eddaj\u00ed va\u0161emu rozvrhu a preferenc\u00edm:<\/p>\n<ul>\n<li><strong>T\u0159\u00edhodinov\u00e1 prohl\u00eddka:<\/strong> Ide\u00e1ln\u00ed pro kr\u00e1tk\u00e9, ale sladk\u00e9 sezn\u00e1men\u00ed s pob\u0159e\u017en\u00edmi kr\u00e1sami Gran Canarie. M\u016f\u017eete se koupat, \u0161norchlovat a slunit se.<\/li>\n<li><strong>P\u011btihodinov\u00e1 prohl\u00eddka:<\/strong> Chcete-li si u\u017e\u00edt v\u00edce z\u00e1\u017eitk\u016f, v\u011bnujte \u010das pr\u016fzkumu pob\u0159e\u017e\u00ed, vodn\u00edm aktivit\u00e1m a odpo\u010dinku na palub\u011b s ob\u010derstven\u00edm a n\u00e1poji.<\/li>\n<\/ul>\n<h3>\ud83e\udd42 Co je zahrnuto v cen\u011b pron\u00e1jmu jachty<\/h3>\n<p>Va\u0161e <strong>Pron\u00e1jem jachet v Gran Canaria<\/strong> zahrnuje:<\/p>\n<ul>\n<li>Sva\u010dinky, jako jsou chipsy a o\u0159\u00ed\u0161ky.<\/li>\n<li>N\u00e1poje z otev\u0159en\u00e9ho baru, v\u010detn\u011b piva, nealkoholick\u00fdch n\u00e1poj\u016f, vody a d\u017eus\u016f.<\/li>\n<li>\u0160norchlov\u00e1n\u00ed a z\u00e1bavn\u00e1 j\u00edzda na ban\u00e1nu.<\/li>\n<li>Ob\u011bd je k dispozici na vy\u017e\u00e1d\u00e1n\u00ed (10 \u20ac na osobu, uve\u010fte p\u0159i rezervaci).<\/li>\n<li>Profesion\u00e1ln\u00ed pos\u00e1dka hovo\u0159\u00edc\u00ed plynn\u011b anglicky a \u0161pan\u011blsky, kter\u00e1 zajist\u00ed va\u0161e pohodl\u00ed a bezpe\u010dnost b\u011bhem cel\u00e9 cesty.<\/li>\n<\/ul>\n<h3>\ud83d\udccd \u00dadaje o odjezdu<\/h3>\n<ul>\n<li><strong>Um\u00edst\u011bn\u00ed:<\/strong> <a href=\"https:\/\/maps.app.goo.gl\/iZBybc3i384tdR816\" target=\"_blank\" rel=\"noopener\">Puerto Base v Portoriku<\/a>, Gran Canaria.<\/li>\n<li><strong>\u010casy:<\/strong> Vyberte si mezi odlety v 9:00 a 14:00.<\/li>\n<li><strong>Doprava:<\/strong> Voliteln\u00e1 slu\u017eba vyzvednut\u00ed je k dispozici za pouh\u00e9 2 \u20ac na osobu.<\/li>\n<\/ul>\n<p>Doporu\u010dujeme p\u0159ij\u00edt alespo\u0148 15 minut p\u0159ed odjezdem, abyste si zajistili hladk\u00fd za\u010d\u00e1tek dobrodru\u017estv\u00ed.<\/p>\n<h3>\u2705 Transparentn\u00ed storno podm\u00ednky<\/h3>\n<p>Ch\u00e1peme, \u017ee pl\u00e1ny se mohou zm\u011bnit, a proto jsou na\u0161e storno podm\u00ednky navr\u017eeny tak, abyste m\u011bli klid:<\/p>\n<ul>\n<li><strong>Z\u00e1ruka po\u010das\u00ed:<\/strong> Pokud jsou pov\u011btrnostn\u00ed podm\u00ednky nebezpe\u010dn\u00e9, m\u00e1te mo\u017enost zm\u011bnit term\u00edn nebo v\u00e1m bude vr\u00e1cena pln\u00e1 \u010d\u00e1stka.<\/li>\n<li><strong>Flexibiln\u00ed zru\u0161en\u00ed:<\/strong> Zru\u0161en\u00ed nebo zm\u011bna term\u00ednu je zdarma a\u017e 8 dn\u00ed p\u0159ed cestou. P\u0159i zru\u0161en\u00ed z\u00e1jezdu do 8 dn\u016f p\u0159ed pl\u00e1novan\u00fdm odjezdem se z\u00e1loha nevrac\u00ed.<\/li>\n<\/ul>\n<h3>\ud83d\udc68\u200d\u2708\ufe0f Tipy pro va\u0161e dobrodru\u017estv\u00ed s Magic Island<\/h3>\n<p>Vyu\u017eijte sv\u016fj den naplno d\u00edky t\u011bmto jednoduch\u00fdm tip\u016fm:<\/p>\n<ul>\n<li>Vezm\u011bte si plavky, ru\u010dn\u00edk a opalovac\u00ed kr\u00e9m.<\/li>\n<li>Vezm\u011bte si pohodln\u00e9 oble\u010den\u00ed vhodn\u00e9 pro dan\u00e9 po\u010das\u00ed.<\/li>\n<li>P\u0159ipravte si j\u00edzdenku CanaryVIP v telefonu nebo ji vytiskn\u011bte.<\/li>\n<li>P\u0159ed cestou si dejte lehk\u00e9 j\u00eddlo, abyste se vyhnuli mo\u0159sk\u00e9 nemoci.<\/li>\n<\/ul>\n<h3>\ud83c\udf1f Pro\u010d si rezervovat s CanaryVIP<\/h3>\n<p>Ve spole\u010dnosti CanaryVIP se specializujeme na poskytov\u00e1n\u00ed nejlep\u0161\u00edch mo\u017enost\u00ed pro <a href=\"https:\/\/canaryvip.com\/cs\/gran-canaria\/\"><strong>pron\u00e1jem lod\u00ed na Gran Canarii<\/strong><\/a>. Od luxusn\u00edch jachet, jako je Magic Island, a\u017e po dal\u0161\u00ed v\u00fdlety na m\u00edru, v\u00e1m usnadn\u00edme vytvo\u0159en\u00ed nezapomenuteln\u00fdch vzpom\u00ednek na vod\u011b.<\/p>\n<p>Rezervujte si <strong>Pron\u00e1jem jachet Magic Island<\/strong> a vydejte se na den pln\u00fd z\u00e1bavy, odpo\u010dinku a \u00fachvatn\u00fdch v\u00fdhled\u016f na n\u00e1dhern\u00e9 pob\u0159e\u017e\u00ed ostrova Gran Canaria.<\/p>\n<p>\ud83d\udc49 <span>Rezerva<\/span><span> Nyn\u00ed<\/span> a pozvedn\u011bte sv\u016fj z\u00e1\u017eitek z dovolen\u00e9!<\/p>","protected":false},"excerpt":{"rendered":"<p><strong>\ud83d\udd0d Magic Island Gran Canaria:<\/strong><br \/>\n\u2705 Bezpe\u010dn\u00e1 platba.<br \/>\n\ud83d\udd10 Soukrom\u00e9 prohl\u00eddky.<br \/>\n\ud83d\udee5\ufe0f 18m Yacht Comfort.<br \/>\n\u23f3 Denn\u00ed prohl\u00eddky 3H a 5H.<br \/>\n\ud83d\udd59 P\u0159izp\u016fsobiteln\u00e9 \u010dasy odjezd\u016f.<br \/>\n\ud83d\udc65 A\u017e 12 host\u016f.<br \/>\n\ud83c\udfc4\u200d\u2640\ufe0f V\u010detn\u011b p\u00e1del.<br \/>\n\ud83e\udd3f Vybaven\u00ed pro \u0161norchlov\u00e1n\u00ed je k dispozici.<br \/>\n\ud83d\udd0a P\u0159ehrajte si hudbu.<br \/>\n\ud83d\ude8c Vyzvednut\u00ed a p\u0159ed\u00e1n\u00ed.<br \/>\n\ud83e\udd11 Garance nejlep\u0161\u00ed ceny.<br \/>\n\ud83d\udc6a Slevy aktivov\u00e1ny.<br \/>\n\ud83d\udd01 Zru\u0161en\u00ed a\u017e na 8 dn\u00ed.<br \/>\n\ud83c\udf0d V\u00edcejazy\u010dn\u00e1 pos\u00e1dka.<br \/>\n\ud83c\udf1f Rezervujte v\u010das a u\u0161et\u0159ete!<br \/>\n\ud83d\udccd Odjezd z <a href=\"https:\/\/maps.app.goo.gl\/836RSsqAzbptb2Qy5\">Z\u00e1kladna Puerto<\/a>.<\/p>","protected":false},"featured_media":12212,"comment_status":"open","ping_status":"closed","template":"","meta":{"_acf_changed":false},"product_brand":[],"product_cat":[132],"product_tag":[],"class_list":{"0":"post-12210","1":"product","2":"type-product","3":"status-publish","4":"has-post-thumbnail","6":"product_cat-boat-hire-gran-canaria","7":"wcpa_has_options","9":"first","10":"instock","11":"virtual","12":"purchasable","13":"product-type-simple"},"acf":[],"wcpa_form_fields":{"wcpaData":{"product":{"product_price":550,"price_html":"From&nbsp;<span class=\"woocommerce-Price-amount amount\"><bdi>550,00&nbsp;<span class=\"woocommerce-Price-currencySymbol\">&euro;<\/span><\/bdi><\/span>","original_product_price":550,"price_including_tax":550,"price_excluding_tax":550,"product_id":{"parent":12210,"variation":false},"is_variable":false,"stock_status":"instock","stock_quantity":null,"parent_sku":"CV12210","product_attributes":[],"custom_fields":[],"is_taxable":false,"product_name":"Magic Island: Yacht Hire<br\/> Gran Canaria","hasImage":false},"fields":{"sec_26686cb82841ff":{"extra":{"key":"sec_26686cb82841ff","section_id":"sec_26686cb82841ff","name":"Default","status":1,"cl_rule":"show","enableCl":false,"relations":[],"toggle":true,"title_tag":"h3","show_title":false,"showPrice":"default","form_id":12242,"form_rules":{"exclude_from_discount":true,"fee_label":"Fee","disp_hide_options_price":true,"disp_show_section_price":false,"disp_show_field_price":true,"layout_option":"standard","pric_use_as_fee":false,"process_fee_as":"woo_fee"},"layout_option":"standard"},"fields":[[{"label":"\ud83d\udcc5 Date","active":true,"required":true,"elementId":"date_56686cb8284220","picker_type":"custom","picker_mode":"single","placeholder":"","description":"","tooltip":"","name":"date_56686cb8284220","label_position":"default","desc_position":"default","enablePrice":false,"className":"","enableCl":false,"relations":[{"operator":"and","rules":[{"operator":"AND","rules":{"cl_field":"radio-group_565c78ffa81208","cl_relation":"is","cl_val":"3 Hour Trip"}}]}],"date_pic_inline":true,"date_pic_inline_hide":true,"min_date":{"type":"days","val":"2"},"max_date":{"type":"days","val":"365"},"date_pic_conf":{"disabledWeeks":[]},"price":"","cl_rule":"show","col":6,"type":"date","error":false,"enableDesign":false,"LabelColor":"","gt_translate_keys":["label","placeholder","description","tooltip"],"price_dependency":false,"cl_dependency":false,"value":""}],[{"elementId":"separator_26686cb828423c","separatorType":"blank","className":"","height":"3","enableCl":false,"relations":false,"cl_rule":"show","col":6,"type":"separator","error":false,"gt_translate_keys":[],"price_dependency":false,"cl_dependency":false,"value":""}],[{"active":true,"col":6,"relations":false,"cl_rule":"show","enableCl":false,"price":"","enablePrice":true,"className":"","label_position":"default","desc_position":"default","type":"select","required":true,"elementId":"select_36686cb8284247","label":"\u23f3 Trip Duration","name":"select_36686cb8284247","values":[{"label":"3 Hours (550\u20ac)","value":"3","selected":false,"tempId":"aco_556","price":"550","gt_translate_keys":["label"]},{"label":"5 Hours (995\u20ac)","value":"5","selected":false,"tempId":"aco_122","price":"995","gt_translate_keys":["label"]}],"dropdown_type":"basic","error":false,"placeholder":"Select Trip Duration","priceOptions":"different_for_all","pricingType":"fixed","is_show_price":false,"gt_translate_keys":["label","placeholder"],"price_dependency":false,"cl_dependency":false,"value":""}],[{"label":"\u2705 Number of People","active":true,"required":true,"elementId":"select_76686cb828429b","dropdown_type":"basic","placeholder":"Select Number of People","name":"select_76686cb828429b","label_position":"default","desc_position":"default","enablePrice":true,"className":"","enableCl":false,"relations":[{"operator":false,"rules":[{"operator":"AND","rules":{"cl_field":"radio-group_565c78ffa81208","cl_relation":"is","cl_val":"3 Hour Trip"}}]}],"values":[{"label":"1 person","value":"1","selected":false,"tempId":"aco_1471","price":"0","gt_translate_keys":["label"]},{"label":"2 people","value":"2","selected":false,"tempId":"aco_1472","price":"0","gt_translate_keys":["label"]},{"label":"3 people","value":"3","selected":false,"tempId":"aco_1500","price":"0","gt_translate_keys":["label"]},{"label":"4 people","value":"4","selected":false,"tempId":"aco_1510","price":"0","gt_translate_keys":["label"]},{"label":"5 people","value":"5","selected":false,"tempId":"aco_1520","price":"0","gt_translate_keys":["label"]},{"label":"6 people","value":"6","selected":false,"tempId":"aco_1728","price":"0","gt_translate_keys":["label"]},{"label":"7 people","value":"7","selected":false,"tempId":"aco_1738","price":"0","gt_translate_keys":["label"]},{"label":"8 people","value":"8","selected":false,"tempId":"aco_1748","price":"0","gt_translate_keys":["label"]},{"label":"9 people (+50\u20ac)","value":"9","selected":false,"tempId":"aco_1912","price":"50","gt_translate_keys":["label"]},{"label":"10 people (+100\u20ac)","value":"10","selected":false,"tempId":"aco_1922","price":"100","gt_translate_keys":["label"]},{"label":"11 people (+150\u20ac)","value":"11","selected":false,"tempId":"aco_84","price":"150","gt_translate_keys":["label"]},{"label":"12 people (+200\u20ac)","value":"12","selected":false,"tempId":"aco_94","price":"200","gt_translate_keys":["label"]}],"price":"","cl_rule":"show","col":6,"type":"select","error":false,"priceOptions":"different_for_all","pricingType":"fixed","is_show_price":false,"gt_translate_keys":["label","placeholder"],"price_dependency":["select_5959492541"],"cl_dependency":false,"value":""}],[{"active":true,"col":6,"relations":false,"cl_rule":"show","enableCl":false,"price":"","enablePrice":true,"className":"","label_position":"default","desc_position":"default","type":"select","required":false,"elementId":"select_5959492541","label":"\ud83c\udf57 Meal (+10\u20ac\/person)","name":"select_5959492541","values":[{"label":"No","value":"No","selected":false,"tempId":"aco_2562","price":"","gt_translate_keys":["label"]},{"label":"Yes (+10\u20ac\/person)","value":"Yes","selected":false,"tempId":"aco_2563","price":"{field.select_76686cb828429b.value}*10","gt_translate_keys":["label"]}],"dropdown_type":"basic","error":false,"description":"Snacks and drinks are included. For an extra meal, please select marinated chicken with mojo potatoes and coleslaw. Paella is available at a different price upon request. Meals are paid for on the day of the tour on the boat.","priceOptions":"different_for_all","pricingType":"custom","isTemplate":false,"is_show_price":true,"gt_translate_keys":["label","description"],"price_dependency":false,"cl_dependency":false,"value":""}]]},"sec_36686cb8284272":{"extra":{"key":"sec_36686cb8284272","section_id":"sec_36686cb8284272","name":"Pickup Location","status":1,"cl_rule":"show","enableCl":false,"relations":[],"toggle":true,"title_tag":"h4","show_title":false,"showPrice":"default","form_id":12242,"form_rules":{"exclude_from_discount":true,"fee_label":"Fee","disp_hide_options_price":true,"disp_show_section_price":false,"disp_show_field_price":true,"layout_option":"standard","pric_use_as_fee":false,"process_fee_as":"woo_fee"},"layout_option":"standard"},"fields":[[{"elementId":"separator_16686cb828427d","separatorType":"blank","className":"","height":"3","enableCl":false,"relations":false,"cl_rule":"show","col":6,"type":"separator","error":false,"gt_translate_keys":[],"price_dependency":false,"cl_dependency":false,"value":""}],[{"active":true,"col":6,"relations":[{"operator":false,"rules":[{"operator":"AND","rules":{"cl_field":"radio-group_565c78ffa81208","cl_relation":"is","cl_val":"3 Hour Trip"}}]}],"cl_rule":"show","enableCl":false,"price":"","enablePrice":false,"className":"","label_position":"default","desc_position":"default","type":"select","required":false,"elementId":"select_86686cb8284287","label":"\u23f0 Departure","name":"select_86686cb8284287","values":[{"label":"09:00","value":"09:00","selected":false,"tempId":"aco_1471","gt_translate_keys":["label"]},{"label":"12:00","value":"12:00","selected":false,"tempId":"aco_1510","gt_translate_keys":["label"]},{"label":"15:00","value":"15:00","selected":false,"tempId":"aco_1738","gt_translate_keys":["label"]}],"dropdown_type":"basic","error":false,"placeholder":"Whichever Time is Best","gt_translate_keys":["label","placeholder"],"price_dependency":false,"cl_dependency":false,"value":""}],[{"elementId":"separator_56686cb8284291","separatorType":"blank","className":"","height":"1","enableCl":false,"relations":false,"cl_rule":"show","col":6,"type":"separator","gt_translate_keys":[],"price_dependency":false,"cl_dependency":false,"value":""}],[{"elementId":"separator_76686cb82842a6","separatorType":"blank","className":"","height":"1","enableCl":false,"relations":false,"cl_rule":"show","col":6,"type":"separator","error":false,"gt_translate_keys":[],"price_dependency":false,"cl_dependency":false,"value":""}],[{"active":true,"col":6,"relations":false,"cl_rule":"show","enableCl":false,"price":"","enablePrice":false,"className":"","label_position":"default","desc_position":"default","type":"text","subtype":"text","required":false,"elementId":"text_06686cb82842af","label":"\ud83d\ude8c Pickup Location","name":"text_06686cb82842af","value":"","error":false,"description":"Pick-up service in some locations. Simply provide your address or hotel name. (+2\u20ac\/person paid at pickup to the driver)","gt_translate_keys":["label","description","value"],"price_dependency":false,"cl_dependency":false}]]}},"config":{"price_override":"always","enable_recaptcha":false,"bind_quantity":false,"quantity_bind_formula":false,"disp_summ_show_option_price":true,"disp_summ_show_product_price":false,"disp_summ_show_total_price":true,"disp_summ_show_fee":true,"disp_summ_show_discount":true,"summary_title":"","options_total_label":"Options Price","total_label":"Total Amount","options_product_label":"Product Price","fee_label":"Fee","discount_label":"Discount","has_price":true,"has_quantity_formula":false},"mc_unit":1,"tax_rate":1,"tax_rate_real":1,"discount":{"percentage":0,"fixed":0},"design":{"conf":{"LabelPosition":"above","DescPosition":"above","UploadField":"custom_1","QuantityFieldStyle":"custom_1"},"css":{"LeftLabelWidth":"120px"}},"formulas":{"fmla_1708364241278155361":"(({field.select_3666b1eb2b11fe.value}>=8)?(1400):(({field.select_3666b1eb2b11fe.value}>=7)?(1225):(({field.select_3666b1eb2b11fe.value}>=6)?(1050):(({field.select_3666b1eb2b11fe.value}>=5)?(875):(({field.select_3666b1eb2b11fe.value}>=4)?(700):(({field.select_3666b1eb2b11fe.value}>=3)?(500):(0)))))))","fmla_1718295979528641619":"(({field.select_3666b1eb2b11fe.value}>=8)?(280):(({field.select_3666b1eb2b11fe.value}>=7)?(205):(({field.select_3666b1eb2b11fe.value}>=6)?(150):(({field.select_3666b1eb2b11fe.value}>=5)?(175):(({field.select_3666b1eb2b11fe.value}>=4)?(200):(({field.select_3666b1eb2b11fe.value}>=3)?(150):(0)))))))"},"lookuptables":[],"clones":false,"cartKey":false}},"_links":{"self":[{"href":"https:\/\/canaryvip.com\/cs\/wp-json\/wp\/v2\/product\/12210","targetHints":{"allow":["GET"]}}],"collection":[{"href":"https:\/\/canaryvip.com\/cs\/wp-json\/wp\/v2\/product"}],"about":[{"href":"https:\/\/canaryvip.com\/cs\/wp-json\/wp\/v2\/types\/product"}],"replies":[{"embeddable":true,"href":"https:\/\/canaryvip.com\/cs\/wp-json\/wp\/v2\/comments?post=12210"}],"wp:featuredmedia":[{"embeddable":true,"href":"https:\/\/canaryvip.com\/cs\/wp-json\/wp\/v2\/media\/12212"}],"wp:attachment":[{"href":"https:\/\/canaryvip.com\/cs\/wp-json\/wp\/v2\/media?parent=12210"}],"wp:term":[{"taxonomy":"product_brand","embeddable":true,"href":"https:\/\/canaryvip.com\/cs\/wp-json\/wp\/v2\/product_brand?post=12210"},{"taxonomy":"product_cat","embeddable":true,"href":"https:\/\/canaryvip.com\/cs\/wp-json\/wp\/v2\/product_cat?post=12210"},{"taxonomy":"product_tag","embeddable":true,"href":"https:\/\/canaryvip.com\/cs\/wp-json\/wp\/v2\/product_tag?post=12210"}],"curies":[{"name":"wp","href":"https:\/\/api.w.org\/{rel}","templated":true}]}}