{"id":12147,"date":"2024-07-01T09:53:41","date_gmt":"2024-07-01T08:53:41","guid":{"rendered":"https:\/\/canaryvip.com\/?post_type=product&#038;p=12147"},"modified":"2025-08-09T14:07:45","modified_gmt":"2025-08-09T13:07:45","slug":"siam-night","status":"publish","type":"product","link":"https:\/\/canaryvip.com\/cs\/shop\/siam-night\/","title":{"rendered":"Koupit vstupenky na Siam Night"},"content":{"rendered":"<h2>\ud83c\udf0c <strong>Siamsk\u00e1 noc: Pono\u0159te se do dokonal\u00e9ho no\u010dn\u00edho vodn\u00edho dobrodru\u017estv\u00ed!<\/strong><\/h2>\n<ul>\n<li><strong>Letn\u00ed noci (2. \u010dervence - 31. srpna):<\/strong> Od 20:00 do 00:00. Od \u00fater\u00fd do soboty.<\/li>\n<li><strong>Nezapomenuteln\u00e9 ve\u010dery:<\/strong> Za\u017eijte Siam Park jako nikdy p\u0159edt\u00edm s nap\u00ednav\u00fdmi j\u00edzdami a kouzelnou atmosf\u00e9rou.<\/li>\n<\/ul>\n<p>\ud83d\udccd <strong>Um\u00edst\u011bn\u00ed:<\/strong> Nach\u00e1z\u00ed se v srdci Costa Adeje na jihu Tenerife. Najdete n\u00e1s snadno na <a href=\"https:\/\/maps.app.goo.gl\/UfftQG3CrqW5R81r9\" target=\"_blank\" rel=\"noopener\">Mapy Google<\/a>.<\/p>\n<p>\ud83c\udf92 <strong>Sbalte se na ve\u010der pln\u00fd z\u00e1bavy:<\/strong> Vezm\u011bte si plavky, ru\u010dn\u00edk a lehkou bundu, abyste se po j\u00edzd\u011b neochladili. P\u016fj\u010dovna sk\u0159\u00edn\u011bk je k dispozici za pouh\u00fdch 10 \u20ac.<\/p>\n<p>\ud83d\udca7 <strong>Z\u016fsta\u0148te v pohodl\u00ed:<\/strong> Voda je vyh\u0159\u00edvan\u00e1 na 24 \u00b0C, co\u017e je ide\u00e1ln\u00ed pro no\u010dn\u00ed koup\u00e1n\u00ed.<\/p>\n<p>\ud83c\udfab <strong>Flexibiln\u00ed vstupenky:<\/strong> Vstupenka na Siam Night je platn\u00e1 kter\u00fdkoli den v dob\u011b kon\u00e1n\u00ed akce. Pro nejlep\u0161\u00ed ceny a snadn\u00fd p\u0159\u00edstup si vstupenku rezervujte p\u0159es CanaryVIP.<\/p>\n<p>\ud83c\udf1f <strong>Rezervujte si u CanaryVIP:<\/strong> Zajist\u011bte si vstupenky za bezkonkuren\u010dn\u00ed ceny. Dosp\u011bl\u00ed za 45 \u20ac, d\u011bti (3-11 let) za 32 \u20ac. Kojenci maj\u00ed vstup zdarma!<\/p>\n<ul>\n<li><strong>Z\u00e1ruka nejlep\u0161\u00ed ceny:<\/strong> Z\u00edskejte nejlep\u0161\u00ed nab\u00eddku p\u0159i rezervaci p\u0159es CanaryVIP.<\/li>\n<li><strong>V\u00fdhoda v\u010dasn\u00e9ho p\u0159ihl\u00e1\u0161en\u00ed:<\/strong> Vyhn\u011bte se zv\u00fd\u0161en\u00ed cen rezervac\u00ed ji\u017e nyn\u00ed.<\/li>\n<li><strong>Flexibiln\u00ed zru\u0161en\u00ed:<\/strong> Zru\u0161te n\u00e1v\u0161t\u011bvu do 48 hodin p\u0159ed n\u00ed a dostanete zp\u011bt celou \u010d\u00e1stku.<\/li>\n<\/ul>\n<p>\ud83d\udd25 <strong>Nenechte si uj\u00edt: Rezervujte si nyn\u00ed speci\u00e1ln\u00ed nab\u00eddky na CanaryVIP.com!<\/strong> P\u0159ipravte se na nezapomenutelnou noc na Siam Park s CanaryVIP. Pono\u0159te se do sv\u011bta sv\u011btel, hudby a vodn\u00edch atrakc\u00ed!<\/p>\n<h3>\ud83d\udc6f <strong>Speci\u00e1ln\u00ed nab\u00eddka pro dvoj\u010data: Loro Parque + Siam Park<\/strong><\/h3>\n<p>Spojte sv\u00e1 dobrodru\u017estv\u00ed s na\u0161\u00ed exkluzivn\u00ed <a href=\"https:\/\/canaryvip.com\/cs\/shop\/twin-ticket-siam-park-and-loro-parque\/\">Nab\u00eddka Twin Ticket<\/a>!<\/p>\n<p>Za\u017eijte vzru\u0161uj\u00edc\u00ed Siam Park i okouzluj\u00edc\u00ed Loro Parque za zv\u00fdhodn\u011bnou cenu.<\/p>\n<ul>\n<li><strong>Dvojn\u00e1sobn\u00e1 z\u00e1bava:<\/strong> Jedna vstupenka, dva \u00fa\u017easn\u00e9 parky.<\/li>\n<li><strong>U\u0161et\u0159ete v\u00edce:<\/strong> U\u017eijte si ob\u011b atrakce za ni\u017e\u0161\u00ed kombinovanou cenu.<\/li>\n<li><strong>Bezprobl\u00e9mov\u00fd z\u00e1\u017eitek:<\/strong> Jedn\u00edm n\u00e1kupem z\u00edsk\u00e1te dva nezapomenuteln\u00e9 z\u00e1\u017eitky.<\/li>\n<\/ul>\n<p><a href=\"https:\/\/canaryvip.com\/cs\/shop\/twin-ticket-siam-park-and-loro-parque\/\" target=\"_new\" rel=\"noopener\">Klikn\u011bte zde pro v\u00edce informac\u00ed a u\u0161et\u0159ete s na\u0161\u00ed nab\u00eddkou dvoj\u00ed letenky!<\/a><\/p>\n<h3>\ud83c\udf9f\ufe0f <strong>Pro\u010d si vybrat CanaryVIP pro vstupenky do Siam Parku?<\/strong><\/h3>\n<ul>\n<li><strong>Bezprobl\u00e9mov\u00e1 rezervace:<\/strong> Zajist\u011bte si j\u00edzdenky a dopravu najednou.<\/li>\n<li><strong>Exkluzivn\u00ed nab\u00eddky:<\/strong> P\u0159\u00edstup k nab\u00eddk\u00e1m, kter\u00e9 jinde nejsou k dispozici.<\/li>\n<li><strong>Specializovan\u00e1 podpora:<\/strong> N\u00e1\u0161 t\u00fdm je p\u0159ipraven pomoci s jak\u00fdmikoli dotazy nebo zm\u011bnami.<\/li>\n<\/ul>\n<p><strong>\ud83d\udd17 Prozkoumejte Siam Park pohodln\u011b a snadno!<\/strong><br \/>\nCanaryVIP se sna\u017e\u00ed, aby va\u0161e n\u00e1v\u0161t\u011bva Siam Park byla co nejp\u0159\u00edjemn\u011bj\u0161\u00ed a nejbezprobl\u00e9mov\u011bj\u0161\u00ed. Postar\u00e1me se o v\u00e1s - od pohodln\u00fdch transfer\u016f a\u017e po exkluzivn\u00ed nab\u00eddky vstupenek. P\u0159ipravte se na v\u00fdjime\u010dnou noc na Siam Park s CanaryVIP!<\/p>\n<h3>\ud83c\udf1f <strong>Zku\u0161enosti z noci v Siamu - \u010cast\u00e9 dotazy<\/strong><\/h3>\n<ul>\n<li><strong>Provozn\u00ed doba:<\/strong> Od 20:00 do 00:00. Od \u00fater\u00fd do soboty (2. \u010dervence - 31. srpna).<\/li>\n<li><strong>Ceny vstupenek:<\/strong> 45 \u20ac pro dosp\u011bl\u00e9, 32 \u20ac pro d\u011bti (3-11 let).<\/li>\n<li><strong>P\u0159ijet\u00ed d\u00edt\u011bte:<\/strong> Ano, ale d\u011bti mlad\u0161\u00ed 16 let mus\u00ed b\u00fdt v doprovodu dosp\u011bl\u00e9 osoby.<\/li>\n<li><strong>V\u0161echny atrakce otev\u0159eny:<\/strong> V\u0161echny hlavn\u00ed atrakce krom\u011b t\u011bch pro men\u0161\u00ed d\u011bti.<\/li>\n<li><strong>Teplota:<\/strong> Voda je vyh\u0159\u00edvan\u00e1 na 24 \u00b0C, ale vezm\u011bte si s sebou bundu po j\u00edzd\u011b.<\/li>\n<li><strong>Atmosf\u00e9ra:<\/strong> \u017div\u00e1 hudba s \u017eiv\u00fdm DJ, ide\u00e1ln\u00ed pro skupiny p\u0159\u00e1tel.<\/li>\n<li><strong>Storno podm\u00ednky:<\/strong> Bezplatn\u00e9 zru\u0161en\u00ed rezervace a\u017e 72 hodin p\u0159ed n\u00e1v\u0161t\u011bvou.<\/li>\n<\/ul>\n<p>P\u0159ipravte se na nap\u00ednavou noc pod hv\u011bzdami na Siam Park s CanaryVIP!<\/p>","protected":false},"excerpt":{"rendered":"<p><strong>\ud83d\udd0d Vstupenky do parku Siam:<\/strong><br \/>\n\u2705 Bezpe\u010dn\u00e1 platba.<br \/>\n\ud83d\udd59 Otev\u0159eno od 20:00 do 00:00.<br \/>\n\ud83c\udf05 Pouze v l\u00e9t\u011b.<br \/>\n\ud83d\udca6 Voda oh\u0159\u00e1t\u00e1 na 24 \u00b0C.<br \/>\n\ud83c\udf0a P\u0159\u00edstup ke v\u0161em vzru\u0161uj\u00edc\u00edm j\u00edzd\u00e1m.<br \/>\n\ud83d\udcaf Nejlep\u0161\u00ed vodn\u00ed park v Evrop\u011b.<br \/>\n\ud83e\udd11 Garance nejlep\u0161\u00ed ceny.<br \/>\n\ud83d\udc6a Slevy pro skupinov\u00e9 rezervace.<br \/>\n\ud83d\udd01 A\u017e 72h Zru\u0161en\u00ed.<br \/>\n\ud83c\udf0d Podpora v n\u011bkolika jazyc\u00edch.<br \/>\n\ud83c\udf1f Rezervujte nyn\u00ed a u\u0161et\u0159ete!<br \/>\n2\ufe0f\u20e3 Zkontrolujte nab\u00eddku <a href=\"https:\/\/canaryvip.com\/cs\/shop\/twin-ticket-siam-park-and-loro-parque\/\">Siam + Loro Parque<\/a>.<br \/>\n\ud83d\udc32 Objevte <a href=\"https:\/\/canaryvip.com\/cs\/tenerife\/theme-parks\/siam-park-tickets\/\">v\u0161echny vstupenky na Siam Park zde<\/a>!<br \/>\n\ud83d\udccd Naj\u00edt <a href=\"https:\/\/maps.app.goo.gl\/UfftQG3CrqW5R81r9\">Siam Park na Map\u00e1ch Google<\/a>!<\/p>","protected":false},"featured_media":12151,"comment_status":"open","ping_status":"closed","template":"","meta":{"_acf_changed":false},"product_brand":[],"product_cat":[54,55],"product_tag":[],"class_list":{"0":"post-12147","1":"product","2":"type-product","3":"status-publish","4":"has-post-thumbnail","6":"product_cat-theme-parks","7":"product_cat-siam-park-tickets","8":"wcpa_has_options","10":"first","11":"instock","12":"virtual","13":"purchasable","14":"product-type-simple"},"acf":[],"wcpa_form_fields":{"wcpaData":{"product":{"product_price":48,"price_html":"From&nbsp;<span class=\"woocommerce-Price-amount amount\"><bdi>48,00&nbsp;<span class=\"woocommerce-Price-currencySymbol\">&euro;<\/span><\/bdi><\/span>","original_product_price":48,"price_including_tax":48,"price_excluding_tax":48,"product_id":{"parent":12147,"variation":false},"is_variable":false,"stock_status":"instock","stock_quantity":null,"parent_sku":"CV12147","product_attributes":[],"custom_fields":[],"is_taxable":false,"product_name":"Buy Siam Night Tickets","hasImage":false},"fields":{"sec_1066827b72b689a":{"extra":{"key":"sec_1066827b72b689a","section_id":"sec_1066827b72b689a","name":"Default","status":1,"cl_rule":"show","enableCl":false,"relations":[],"toggle":true,"title_tag":"h3","show_title":false,"showPrice":"default","form_id":12152,"form_rules":{"exclude_from_discount":true,"fee_label":"Fee","disp_hide_options_price":true,"disp_show_section_price":false,"disp_show_field_price":true,"layout_option":"standard","pric_use_as_fee":false,"process_fee_as":"woo_fee"},"layout_option":"standard"},"fields":[[{"label":"\ud83d\udcc5 Date","active":true,"required":true,"elementId":"date_066827b72b68b9","picker_type":"custom","picker_mode":"single","placeholder":"","description":"","tooltip":"","name":"date_066827b72b68b9","label_position":"default","desc_position":"default","enablePrice":false,"className":"","enableCl":false,"relations":[{"operator":"and","rules":[{"operator":"AND","rules":{"cl_field":"radio-group_666827b72b68c8","cl_relation":"is","cl_val":"3 Hour Trip"}}]}],"date_pic_inline":true,"date_pic_inline_hide":true,"min_date":{"type":"date","val":"2025-07-01"},"max_date":{"type":"date","val":"2025-08-31"},"date_pic_conf":{"disabledWeeks":[1,0],"enabledDates":[]},"price":"","cl_rule":"show","col":6,"type":"date","error":false,"enableDesign":false,"LabelColor":"","gt_translate_keys":["label","placeholder","description","tooltip"],"price_dependency":false,"cl_dependency":false,"value":""}]]},"sec_166827b72b68c9":{"extra":{"key":"sec_166827b72b68c9","section_id":"sec_166827b72b68c9","name":"Siam Park Regular Tickets","status":1,"cl_rule":"show","enableCl":false,"relations":[{"operator":false,"rules":[{"operator":"AND","rules":{"cl_field":"radio-group_666827b72b68c8","cl_relation":"is","cl_val":"Siam Park Regular Tickets"}}]}],"toggle":true,"title_tag":"h4","show_title":false,"showPrice":"default","layout_option":"standard","form_id":12152,"form_rules":{"exclude_from_discount":true,"fee_label":"Fee","disp_hide_options_price":true,"disp_show_section_price":false,"disp_show_field_price":true,"layout_option":"standard","pric_use_as_fee":false,"process_fee_as":"woo_fee"}},"fields":[[{"elementId":"separator_266827b72b68d5","separatorType":"blank","className":"","height":"10","enableCl":false,"relations":false,"cl_rule":"show","col":6,"type":"separator","gt_translate_keys":[],"price_dependency":false,"cl_dependency":false,"value":""}],[{"active":true,"col":6,"relations":false,"cl_rule":"show","enableCl":false,"price":"","enablePrice":false,"className":"","label_position":"default","desc_position":"default","type":"content","required":false,"elementId":"content_166827b72b68e0","label":"People","name":"content_166827b72b68e0","contentType":"plain","value":"","error":false,"show_in_checkout":true,"inline":false,"gt_translate_keys":["label","value"],"price_dependency":false,"cl_dependency":false}],[{"label":"","active":true,"required":false,"elementId":"radio-group_366827b72b68f5","name":"radio-group_366827b72b68f5","label_position":"default","desc_position":"default","enablePrice":true,"className":"","enableCl":false,"relations":[{"operator":false,"rules":[{"operator":"or","rules":{"cl_field":"date_066827b72b68b9","cl_relation":"month_is","cl_val":[1,2,3,4,5,6,10,11,12,9]}},{"operator":"AND","rules":{"cl_field":"date_066827b72b68b9","cl_relation":"is_empty","cl_val":""}}]}],"enable_quantity":true,"quantity_label":"","min_quantity":"0","checkUi":"button","layOut":"","options_tooltip":true,"options_description":true,"values":[{"label":"\ud83d\udc64 Adult (48\u20ac)","value":"Adult","selected":true,"tempId":"aco_32","tooltip":"+12 Years","description":"","gt_translate_keys":["label","tooltip","description"]}],"priceOptions":"fixed_for_all","pricingType":"fixed","price":"48","cl_rule":"hide","col":6,"type":"radio-group","error":false,"gt_translate_keys":["label","quantity_label"],"price_dependency":false,"cl_dependency":false,"value":""}],[{"label":"","active":true,"required":false,"elementId":"radio-group_166827b72b690a","name":"radio-group_166827b72b690a","label_position":"default","desc_position":"default","enablePrice":true,"className":"","enableCl":false,"relations":[{"operator":false,"rules":[{"operator":"or","rules":{"cl_field":"date_066827b72b68b9","cl_relation":"month_is","cl_val":[1,2,3,4,5,6,9,10,11,12]}},{"operator":"AND","rules":{"cl_field":"date_066827b72b68b9","cl_relation":"is_empty","cl_val":""}}]}],"enable_quantity":true,"quantity_label":"","min_quantity":"0","checkUi":"button","layOut":"","options_tooltip":true,"options_description":true,"values":[{"label":"\ud83d\udc66 Child (36\u20ac)","value":"Child","selected":true,"tempId":"aco_32","tooltip":"2-11 Years","description":"","gt_translate_keys":["label","tooltip","description"]}],"priceOptions":"fixed_for_all","pricingType":"fixed","price":"36","cl_rule":"hide","col":6,"type":"radio-group","error":false,"gt_translate_keys":["label","quantity_label"],"price_dependency":false,"cl_dependency":false,"value":""}],[{"label":"","active":true,"required":false,"elementId":"radio-group_866827b72b6914","name":"radio-group_866827b72b6914","label_position":"default","desc_position":"default","enablePrice":true,"className":"","enableCl":false,"relations":false,"enable_quantity":true,"quantity_label":"","min_quantity":"0","checkUi":"button","layOut":"","values":[{"label":"\ud83d\udc76 Infant (Free)","value":"Infant (Free)","selected":true,"tempId":"aco_32","tooltip":"0-1 Years","gt_translate_keys":["label","tooltip"]}],"priceOptions":"fixed_for_all","pricingType":"fixed","price":"0","cl_rule":"show","col":6,"type":"radio-group","error":false,"options_tooltip":true,"gt_translate_keys":["label","quantity_label"],"price_dependency":false,"cl_dependency":false,"value":""}]]}},"config":{"price_override":"always","enable_recaptcha":false,"bind_quantity":false,"quantity_bind_formula":false,"disp_summ_show_option_price":true,"disp_summ_show_product_price":false,"disp_summ_show_total_price":true,"disp_summ_show_fee":true,"disp_summ_show_discount":true,"summary_title":"","options_total_label":"Options Price","total_label":"Total Amount","options_product_label":"Product Price","fee_label":"Fee","discount_label":"Discount","has_price":true,"has_quantity_formula":false},"mc_unit":1,"tax_rate":1,"tax_rate_real":1,"discount":{"percentage":0,"fixed":0},"design":{"conf":{"LabelPosition":"above","DescPosition":"above","UploadField":"custom_1","QuantityFieldStyle":"custom_1"},"css":{"LeftLabelWidth":"120px"}},"formulas":[],"lookuptables":[],"clones":false,"cartKey":false}},"_links":{"self":[{"href":"https:\/\/canaryvip.com\/cs\/wp-json\/wp\/v2\/product\/12147","targetHints":{"allow":["GET"]}}],"collection":[{"href":"https:\/\/canaryvip.com\/cs\/wp-json\/wp\/v2\/product"}],"about":[{"href":"https:\/\/canaryvip.com\/cs\/wp-json\/wp\/v2\/types\/product"}],"replies":[{"embeddable":true,"href":"https:\/\/canaryvip.com\/cs\/wp-json\/wp\/v2\/comments?post=12147"}],"wp:featuredmedia":[{"embeddable":true,"href":"https:\/\/canaryvip.com\/cs\/wp-json\/wp\/v2\/media\/12151"}],"wp:attachment":[{"href":"https:\/\/canaryvip.com\/cs\/wp-json\/wp\/v2\/media?parent=12147"}],"wp:term":[{"taxonomy":"product_brand","embeddable":true,"href":"https:\/\/canaryvip.com\/cs\/wp-json\/wp\/v2\/product_brand?post=12147"},{"taxonomy":"product_cat","embeddable":true,"href":"https:\/\/canaryvip.com\/cs\/wp-json\/wp\/v2\/product_cat?post=12147"},{"taxonomy":"product_tag","embeddable":true,"href":"https:\/\/canaryvip.com\/cs\/wp-json\/wp\/v2\/product_tag?post=12147"}],"curies":[{"name":"wp","href":"https:\/\/api.w.org\/{rel}","templated":true}]}}