{"id":11971,"date":"2024-06-22T22:45:14","date_gmt":"2024-06-22T21:45:14","guid":{"rendered":"https:\/\/canaryvip.com\/?post_type=product&#038;p=11971"},"modified":"2025-08-09T14:04:29","modified_gmt":"2025-08-09T13:04:29","slug":"silvia-yacht-charter-gran-canaria","status":"publish","type":"product","link":"https:\/\/canaryvip.com\/cs\/shop\/silvia-yacht-charter-gran-canaria\/","title":{"rendered":"Silvia: Pron\u00e1jem jachet<br\/>Gran Canaria"},"content":{"rendered":"<h2>\ud83d\udee5\ufe0f Silvia Yacht Charter Gran Canaria s CanaryVIP<\/h2>\n<p>Objevte kouzlo Kan\u00e1rsk\u00fdch ostrov\u016f na palub\u011b lodi <strong>Silvia Yacht Charter<\/strong>, exkluzivn\u00ed a luxusn\u00ed zp\u016fsob, jak prozkoumat n\u00e1dhern\u00e9 pob\u0159e\u017e\u00ed ostrova Gran Canaria. Tento elegantn\u00ed hotel s prostorem a\u017e pro 8 osob. <strong>soukrom\u00fd pron\u00e1jem lod\u00ed na Gran Canarii<\/strong> nab\u00edz\u00ed ide\u00e1ln\u00ed \u00fanik pro mal\u00e9 skupiny, kter\u00e9 hledaj\u00ed odpo\u010dinek, dobrodru\u017estv\u00ed a nezapomenuteln\u00e9 z\u00e1\u017eitky.<\/p>\n<p>Ve spole\u010dnosti CanaryVIP v\u00e1m usnadn\u00edme u\u017e\u00edv\u00e1n\u00ed t\u00e9to slu\u017eby. <strong>pron\u00e1jem jachty Gran Canaria<\/strong> z\u00e1\u017eitek s bezprobl\u00e9mov\u00fdm procesem rezervace a v\u00fdjime\u010dn\u00fdmi slu\u017ebami.<\/p>\n<h3>\u2b50\ufe0f Pro\u010d si vybrat pron\u00e1jem jachty Silvia na Gran Canarii?<\/h3>\n<p>Zde je d\u016fvod, pro\u010d <strong>Silvia Yacht Charter<\/strong> je jednou z nejlep\u0161\u00edch mo\u017enost\u00ed pro va\u0161e dal\u0161\u00ed dobrodru\u017estv\u00ed:<\/p>\n<h4><strong>Soukrom\u00fd a exkluzivn\u00ed z\u00e1\u017eitek<\/strong><\/h4>\n<p>Tato soukrom\u00e1 jachta s celkovou kapacitou 8 osob je ide\u00e1ln\u00ed pro intimn\u00ed setk\u00e1n\u00ed, a\u0165 u\u017e se jedn\u00e1 o rodinn\u00fd v\u00fdlet, romantick\u00fd \u00fat\u011bk nebo speci\u00e1ln\u00ed oslavu.<\/p>\n<h4><strong>Komfort a sofistikovanost<\/strong><\/h4>\n<p>Odpo\u010di\u0148te si v prostorn\u00e9 13metrov\u00e9 jacht\u011b s dob\u0159e udr\u017eovan\u00fdm a elegantn\u00edm interi\u00e9rem. Vychutnejte si panoramatick\u00fd v\u00fdhled ze salonu, odpo\u010d\u00edvejte na palub\u011b nebo se opalujte obklopeni \u00fachvatnou kr\u00e1sou pob\u0159e\u017e\u00ed ostrova Gran Canaria.<\/p>\n<h4><strong>Vzru\u0161uj\u00edc\u00ed vodn\u00ed aktivity<\/strong><\/h4>\n<p>Va\u0161e <strong>pron\u00e1jem lod\u00ed na Gran Canarii<\/strong> nab\u00edz\u00ed spoustu mo\u017enost\u00ed, jak se zabavit:<\/p>\n<ul>\n<li><strong>\ud83e\udd3f \u0160norchlovac\u00ed vybaven\u00ed:<\/strong> Objevujte podmo\u0159sk\u00fd sv\u011bt s p\u0159ilo\u017eenou maskou a ploutvemi.<\/li>\n<li><strong>\ud83c\udf4c J\u00edzda na ban\u00e1nu:<\/strong> Zpest\u0159ete si den bezplatnou proj\u00ed\u017e\u010fkou na ban\u00e1nov\u00e9m \u010dlunu.<\/li>\n<li><strong>\ud83c\udfc4\u200d\u2640\ufe0f Pou\u017eit\u00ed p\u00e1del:<\/strong> Vyzkou\u0161ejte si j\u00edzdu na paddleboardu a u\u017eijte si klidn\u00e9 vody z\u00e1bavnou a relaxa\u010dn\u00ed formou.<\/li>\n<li>Pro kompletn\u00ed dobrodru\u017estv\u00ed jsou k dispozici tak\u00e9 slevy na dal\u0161\u00ed vodn\u00ed sporty.<\/li>\n<\/ul>\n<h3>\ud83d\udea4 Mo\u017enosti v\u00fdlet\u016f na jacht\u011b Silvia<\/h3>\n<p>Vyberte si ze dvou variant trv\u00e1n\u00ed v\u00fdletu, kter\u00e9 odpov\u00eddaj\u00ed va\u0161emu rozvrhu a preferenc\u00edm:<\/p>\n<ul>\n<li><strong>Soukrom\u00e1 t\u0159\u00edhodinov\u00e1 letenka:<\/strong> Kr\u00e1tk\u00e1, ale luxusn\u00ed dovolen\u00e1 s dostatkem \u010dasu na plav\u00e1n\u00ed, \u0161norchlov\u00e1n\u00ed a odpo\u010dinek.\n<ul>\n<li>\u010casy odjezd\u016f: Odjezd: 09:00-12:00, 12:00-15:00 nebo 15:00-18:00.<\/li>\n<\/ul>\n<\/li>\n<li><strong>6hodinov\u00fd soukrom\u00fd charter:<\/strong> Prodlou\u017een\u00e1 cesta, b\u011bhem n\u00ed\u017e se m\u016f\u017eete pln\u011b pono\u0159it do p\u0159\u00edrodn\u00edch kr\u00e1s ostrova Gran Canaria.\n<ul>\n<li>\u010casy odjezd\u016f: Odjezd: 09:00-15:00, 12:00-18:00 nebo 15:00-21:00 (pouze letn\u00ed sez\u00f3na).<\/li>\n<\/ul>\n<\/li>\n<\/ul>\n<h3>\ud83e\udd42 Co je zahrnuto v cen\u011b pron\u00e1jmu jachty<\/h3>\n<p>Va\u0161e <strong>pron\u00e1jem jachty Gran Canaria<\/strong> zahrnuje v\u0161e, co pot\u0159ebujete pro nezapomenuteln\u00fd den na mo\u0159i:<\/p>\n<ul>\n<li>Sva\u010dinky, jako jsou chipsy a o\u0159\u00ed\u0161ky.<\/li>\n<li>N\u00e1poje z otev\u0159en\u00e9ho baru, v\u010detn\u011b piva, nealkoholick\u00fdch n\u00e1poj\u016f a vody.<\/li>\n<li>\u0160norchlov\u00e1n\u00ed, paddleboard a bezplatn\u00e1 j\u00edzda na ban\u00e1nu.<\/li>\n<li>doprava do hotel\u016f na jihu ostrova Gran Canaria a zp\u011bt (na vy\u017e\u00e1d\u00e1n\u00ed).<\/li>\n<li>Poji\u0161t\u011bn\u00ed pro v\u00e1\u0161 klid.<\/li>\n<li>Voliteln\u00fd ob\u011bd (10 \u20ac na osobu, vy\u017e\u00e1dejte si b\u011bhem rezervace).<\/li>\n<\/ul>\n<h3>\ud83d\udccd \u00dadaje o odjezdu<\/h3>\n<ul>\n<li><strong>Um\u00edst\u011bn\u00ed:<\/strong> <a href=\"https:\/\/maps.app.goo.gl\/Xhe545W98um3rx6W8\" target=\"_blank\" rel=\"noopener\">Puerto de Mog\u00e1n<\/a>, Gran Canaria.<\/li>\n<li><strong>Doprava:<\/strong> Pro v\u011bt\u0161\u00ed pohodl\u00ed je k dispozici voliteln\u00e1 slu\u017eba vyzvednut\u00ed.<\/li>\n<li><strong>\u010casy:<\/strong> V\u00edce odlet\u016f denn\u011b, kter\u00e9 se p\u0159izp\u016fsob\u00ed va\u0161emu rozvrhu.<\/li>\n<\/ul>\n<h3>\u2705 Transparentn\u00ed storno podm\u00ednky<\/h3>\n<p>Klademe d\u016fraz na v\u00e1\u0161 klid a nab\u00edz\u00edme jasn\u00e9 a flexibiln\u00ed storno podm\u00ednky:<\/p>\n<ul>\n<li><strong>Z\u00e1ruka po\u010das\u00ed:<\/strong> V p\u0159\u00edpad\u011b nebezpe\u010dn\u00e9ho po\u010das\u00ed m\u016f\u017eete zm\u011bnit term\u00edn nebo v\u00e1m bude vr\u00e1cena cel\u00e1 \u010d\u00e1stka.<\/li>\n<li><strong>Flexibiln\u00ed zru\u0161en\u00ed:<\/strong> Zru\u0161en\u00ed nebo zm\u011bna term\u00ednu je zdarma a\u017e 8 dn\u00ed p\u0159ed cestou. P\u0159i zru\u0161en\u00ed z\u00e1jezdu do 8 dn\u016f p\u0159ed pl\u00e1novan\u00fdm odjezdem se z\u00e1loha nevrac\u00ed.<\/li>\n<\/ul>\n<h3>\ud83d\udc68\u200d\u2708\ufe0f Tipy pro va\u0161e dobrodru\u017estv\u00ed na jacht\u011b Silvia<\/h3>\n<p>Vyu\u017eijte sv\u016fj den na mo\u0159i na maximum d\u00edky t\u011bmto tip\u016fm:<\/p>\n<ul>\n<li>Vezm\u011bte si plavky, ru\u010dn\u00edk a opalovac\u00ed kr\u00e9m.<\/li>\n<li>Vezm\u011bte si pohodln\u00e9 oble\u010den\u00ed vhodn\u00e9 pro dan\u00e9 po\u010das\u00ed.<\/li>\n<li>P\u0159ipravte si j\u00edzdenku CanaryVIP v telefonu nebo vyti\u0161t\u011bnou.<\/li>\n<li>P\u0159ed cestou si dejte lehk\u00e9 j\u00eddlo, abyste se vyhnuli mo\u0159sk\u00e9 nemoci.<\/li>\n<\/ul>\n<h3>\ud83c\udf1f Pro\u010d si rezervovat s CanaryVIP<\/h3>\n<p>Ve spole\u010dnosti CanaryVIP jsme zap\u00e1len\u00ed pro vytv\u00e1\u0159en\u00ed nezapomenuteln\u00fdch z\u00e1\u017eitk\u016f na vod\u011b. A\u0165 u\u017e hled\u00e1te <strong>luxusn\u00ed jachta na Gran Canarii<\/strong> nebo dobrodru\u017estv\u00ed pln\u00e9 z\u00e1bavy, nab\u00edz\u00edme to nejlep\u0161\u00ed. <a href=\"https:\/\/canaryvip.com\/cs\/shop\/magic-island-yacht-charter-gran-canaria\/\"><strong>pron\u00e1jem lod\u00ed na Gran Canarii<\/strong><\/a> mo\u017enosti p\u0159izp\u016fsoben\u00e9 va\u0161im pot\u0159eb\u00e1m.<\/p>\n<p>Rezervujte si <strong>Silvia Yacht Charter<\/strong> a vydejte se na cestu plnou odpo\u010dinku, dobrodru\u017estv\u00ed a \u00fachvatn\u00fdch v\u00fdhled\u016f.<\/p>\n<p>\ud83d\udc49 <a href=\"https:\/\/canaryvip.com\/cs\/\" target=\"_new\" rel=\"noopener\"><span>Rezerva<\/span><span> Nyn\u00ed<\/span><\/a> a pozvedn\u011bte sv\u016fj z\u00e1\u017eitek z dovolen\u00e9!<\/p>","protected":false},"excerpt":{"rendered":"<p><strong>\ud83d\udd0d Magic Island Gran Canaria:<\/strong><br \/>\n\u2705 Bezpe\u010dn\u00e1 platba.<br \/>\n\ud83d\udd10 Soukrom\u00e9 prohl\u00eddky.<br \/>\n\ud83d\udee5\ufe0f 13m Yacht Comfort.<br \/>\n\u23f3 Denn\u00ed prohl\u00eddky 3H a 6H.<br \/>\n\ud83d\udd59 R\u016fzn\u00e9 \u010dasy odjezd\u016f.<br \/>\n\ud83d\udc65 A\u017e 12 host\u016f.<br \/>\n\ud83e\udd3f Vybaven\u00ed pro \u0161norchlov\u00e1n\u00ed je k dispozici.<br \/>\n\ud83d\ude8c Vyzvednut\u00ed a p\u0159ed\u00e1n\u00ed.<br \/>\n\ud83e\udd11 Garance nejlep\u0161\u00ed ceny.<br \/>\n\ud83d\udc6a Slevy aktivov\u00e1ny.<br \/>\n\ud83d\udd01 Zru\u0161en\u00ed a\u017e na 8 dn\u00ed.<br \/>\n\ud83c\udf0d V\u00edcejazy\u010dn\u00e1 pos\u00e1dka.<br \/>\n\ud83c\udf1f Rezervujte v\u010das a u\u0161et\u0159ete!<br \/>\n\ud83d\udccd Odjezd z <a href=\"https:\/\/maps.app.goo.gl\/4TJkgAg6UBpnsyhm9\">Puerto de Mog\u00e1n<\/a>.<\/p>","protected":false},"featured_media":12219,"comment_status":"open","ping_status":"closed","template":"","meta":{"_acf_changed":false},"product_brand":[],"product_cat":[132],"product_tag":[],"class_list":{"0":"post-11971","1":"product","2":"type-product","3":"status-publish","4":"has-post-thumbnail","6":"product_cat-boat-hire-gran-canaria","7":"wcpa_has_options","9":"first","10":"instock","11":"virtual","12":"purchasable","13":"product-type-simple"},"acf":[],"wcpa_form_fields":{"wcpaData":{"product":{"product_price":450,"price_html":"From&nbsp;<span class=\"woocommerce-Price-amount amount\"><bdi>450,00&nbsp;<span class=\"woocommerce-Price-currencySymbol\">&euro;<\/span><\/bdi><\/span>","original_product_price":450,"price_including_tax":450,"price_excluding_tax":450,"product_id":{"parent":11971,"variation":false},"is_variable":false,"stock_status":"instock","stock_quantity":null,"parent_sku":"CV11971","product_attributes":[],"custom_fields":[],"is_taxable":false,"product_name":"Silvia: Yacht Charter<br\/>Gran Canaria","hasImage":false},"fields":{"sec_26687d4f04b1a4":{"extra":{"key":"sec_26687d4f04b1a4","section_id":"sec_26687d4f04b1a4","name":"Default","status":1,"cl_rule":"show","enableCl":false,"relations":[],"toggle":true,"title_tag":"h3","show_title":false,"showPrice":"default","form_id":12255,"form_rules":{"exclude_from_discount":true,"fee_label":"Fee","disp_hide_options_price":true,"disp_show_section_price":false,"disp_show_field_price":true,"layout_option":"standard","pric_use_as_fee":false,"process_fee_as":"woo_fee"},"layout_option":"standard"},"fields":[[{"label":"\ud83d\udcc5 Date","active":true,"required":true,"elementId":"date_106687d4f04b1c4","picker_type":"custom","picker_mode":"single","placeholder":"","description":"","tooltip":"","name":"date_106687d4f04b1c4","label_position":"default","desc_position":"default","enablePrice":false,"className":"","enableCl":false,"relations":[{"operator":"and","rules":[{"operator":"AND","rules":{"cl_field":"radio-group_565c78ffa81208","cl_relation":"is","cl_val":"3 Hour Trip"}}]}],"date_pic_inline":true,"date_pic_inline_hide":true,"min_date":{"type":"days","val":"2"},"max_date":{"type":"days","val":"365"},"date_pic_conf":{"disabledWeeks":[]},"price":"","cl_rule":"show","col":6,"type":"date","error":false,"enableDesign":false,"LabelColor":"","gt_translate_keys":["label","placeholder","description","tooltip"],"price_dependency":false,"cl_dependency":false,"value":""}],[{"elementId":"separator_76687d4f04b1e0","separatorType":"blank","className":"","height":"3","enableCl":false,"relations":false,"cl_rule":"show","col":6,"type":"separator","error":false,"gt_translate_keys":[],"price_dependency":false,"cl_dependency":false,"value":""}],[{"active":true,"col":6,"relations":false,"cl_rule":"show","enableCl":false,"price":"","enablePrice":true,"className":"","label_position":"default","desc_position":"default","type":"select","required":true,"elementId":"select_96687d4f04b1ea","label":"\u23f3 Trip Duration","name":"select_96687d4f04b1ea","values":[{"label":"3 Hours (450\u20ac)","value":"3","selected":false,"tempId":"aco_556","price":"450","gt_translate_keys":["label"]},{"label":"6 Hours (800\u20ac)","value":"6","selected":false,"tempId":"aco_122","price":"800","gt_translate_keys":["label"]}],"dropdown_type":"basic","error":false,"placeholder":"Select Trip Duration","priceOptions":"different_for_all","pricingType":"fixed","is_show_price":false,"gt_translate_keys":["label","placeholder"],"price_dependency":false,"cl_dependency":false,"value":""}],[{"label":"\u2705 Number of People","active":true,"required":true,"elementId":"select_86687d4f04b1f4","dropdown_type":"basic","placeholder":"Select Number of People","name":"select_86687d4f04b1f4","label_position":"default","desc_position":"default","enablePrice":false,"className":"","enableCl":false,"relations":[{"operator":false,"rules":[{"operator":"AND","rules":{"cl_field":"radio-group_565c78ffa81208","cl_relation":"is","cl_val":"3 Hour Trip"}}]}],"values":[{"label":"1 person","value":"1","selected":false,"tempId":"aco_1471","price":"0","gt_translate_keys":["label"]},{"label":"2 people","value":"2","selected":false,"tempId":"aco_1472","price":"0","gt_translate_keys":["label"]},{"label":"3 people","value":"3","selected":false,"tempId":"aco_1500","price":"0","gt_translate_keys":["label"]},{"label":"4 people","value":"4","selected":false,"tempId":"aco_1510","price":"0","gt_translate_keys":["label"]},{"label":"5 people","value":"5","selected":false,"tempId":"aco_1520","price":"0","gt_translate_keys":["label"]},{"label":"6 people","value":"6","selected":false,"tempId":"aco_1728","price":"0","gt_translate_keys":["label"]},{"label":"7 people","value":"7","selected":false,"tempId":"aco_1738","price":"0","gt_translate_keys":["label"]},{"label":"8 people","value":"8","selected":false,"tempId":"aco_1748","price":"0","gt_translate_keys":["label"]}],"price":"","cl_rule":"show","col":6,"type":"select","error":false,"priceOptions":"different_for_all","pricingType":"fixed","is_show_price":false,"gt_translate_keys":["label","placeholder"],"price_dependency":["select_86687d4f04b1fe"],"cl_dependency":false,"value":""}],[{"active":true,"col":6,"relations":false,"cl_rule":"show","enableCl":false,"price":"","enablePrice":true,"className":"","label_position":"default","desc_position":"default","type":"select","required":false,"elementId":"select_86687d4f04b1fe","label":"\ud83c\udf57 Meal (+10\u20ac\/person)","name":"select_86687d4f04b1fe","values":[{"label":"No","value":"No","selected":false,"tempId":"aco_2562","price":"","gt_translate_keys":["label"]},{"label":"Yes (+10\u20ac\/person)","value":"Yes","selected":false,"tempId":"aco_2563","price":"{field.select_86687d4f04b1f4.value}*10","gt_translate_keys":["label"]}],"dropdown_type":"basic","error":false,"description":"Snacks and drinks are included. If you want an extra meal, please select this option. The meal is marinated chicken with mojo potatoes and coleslaw.","priceOptions":"different_for_all","pricingType":"custom","isTemplate":false,"is_show_price":true,"gt_translate_keys":["label","description"],"price_dependency":false,"cl_dependency":false,"value":""}]]},"sec_106687d4f04b227":{"extra":{"key":"sec_106687d4f04b227","section_id":"sec_106687d4f04b227","name":"Pickup Location","status":1,"cl_rule":"show","enableCl":false,"relations":[],"toggle":true,"title_tag":"h4","show_title":false,"showPrice":"default","form_id":12255,"form_rules":{"exclude_from_discount":true,"fee_label":"Fee","disp_hide_options_price":true,"disp_show_section_price":false,"disp_show_field_price":true,"layout_option":"standard","pric_use_as_fee":false,"process_fee_as":"woo_fee"},"layout_option":"standard"},"fields":[[{"elementId":"separator_16687d4f04b232","separatorType":"blank","className":"","height":"3","enableCl":false,"relations":false,"cl_rule":"show","col":6,"type":"separator","error":false,"gt_translate_keys":[],"price_dependency":false,"cl_dependency":false,"value":""}],[{"active":true,"col":6,"relations":[{"operator":false,"rules":[{"operator":"AND","rules":{"cl_field":"radio-group_565c78ffa81208","cl_relation":"is","cl_val":"3 Hour Trip"}}]}],"cl_rule":"show","enableCl":false,"price":"","enablePrice":false,"className":"","label_position":"default","desc_position":"default","type":"select","required":false,"elementId":"select_66687d4f04b23c","label":"\u23f0 Departure","name":"select_66687d4f04b23c","values":[{"label":"09:00","value":"09:00","selected":false,"tempId":"aco_1471","gt_translate_keys":["label"]},{"label":"12:00","value":"12:00","selected":false,"tempId":"aco_1510","gt_translate_keys":["label"]},{"label":"15:00","value":"15:00","selected":false,"tempId":"aco_1738","gt_translate_keys":["label"]}],"dropdown_type":"basic","error":false,"placeholder":"Whichever Time is Best","gt_translate_keys":["label","placeholder"],"price_dependency":false,"cl_dependency":false,"value":""}],[{"elementId":"separator_86687d4f04b246","separatorType":"blank","className":"","height":"1","enableCl":false,"relations":false,"cl_rule":"show","col":6,"type":"separator","gt_translate_keys":[],"price_dependency":false,"cl_dependency":false,"value":""}],[{"elementId":"separator_86687d4f04b250","separatorType":"blank","className":"","height":"1","enableCl":false,"relations":false,"cl_rule":"show","col":6,"type":"separator","error":false,"gt_translate_keys":[],"price_dependency":false,"cl_dependency":false,"value":""}],[{"active":true,"col":6,"relations":false,"cl_rule":"show","enableCl":false,"price":"","enablePrice":false,"className":"","label_position":"default","desc_position":"default","type":"text","subtype":"text","required":false,"elementId":"text_66687d4f04b259","label":"\ud83d\ude8c Pickup Location","name":"text_66687d4f04b259","value":"","error":false,"description":"Pick-up service in some locations. Simply provide your address or hotel name. (+2\u20ac\/person paid at pickup to the driver)","gt_translate_keys":["label","description","value"],"price_dependency":false,"cl_dependency":false}]]}},"config":{"price_override":"always","enable_recaptcha":false,"bind_quantity":false,"quantity_bind_formula":false,"disp_summ_show_option_price":true,"disp_summ_show_product_price":false,"disp_summ_show_total_price":true,"disp_summ_show_fee":true,"disp_summ_show_discount":true,"summary_title":"","options_total_label":"Options Price","total_label":"Total Amount","options_product_label":"Product Price","fee_label":"Fee","discount_label":"Discount","has_price":true,"has_quantity_formula":false},"mc_unit":1,"tax_rate":1,"tax_rate_real":1,"discount":{"percentage":0,"fixed":0},"design":{"conf":{"LabelPosition":"above","DescPosition":"above","UploadField":"custom_1","QuantityFieldStyle":"custom_1"},"css":{"LeftLabelWidth":"120px"}},"formulas":{"fmla_1708364241278155361":"(({field.select_3666b1eb2b11fe.value}>=8)?(1400):(({field.select_3666b1eb2b11fe.value}>=7)?(1225):(({field.select_3666b1eb2b11fe.value}>=6)?(1050):(({field.select_3666b1eb2b11fe.value}>=5)?(875):(({field.select_3666b1eb2b11fe.value}>=4)?(700):(({field.select_3666b1eb2b11fe.value}>=3)?(500):(0)))))))","fmla_1718295979528641619":"(({field.select_3666b1eb2b11fe.value}>=8)?(280):(({field.select_3666b1eb2b11fe.value}>=7)?(205):(({field.select_3666b1eb2b11fe.value}>=6)?(150):(({field.select_3666b1eb2b11fe.value}>=5)?(175):(({field.select_3666b1eb2b11fe.value}>=4)?(200):(({field.select_3666b1eb2b11fe.value}>=3)?(150):(0)))))))"},"lookuptables":[],"clones":false,"cartKey":false}},"_links":{"self":[{"href":"https:\/\/canaryvip.com\/cs\/wp-json\/wp\/v2\/product\/11971","targetHints":{"allow":["GET"]}}],"collection":[{"href":"https:\/\/canaryvip.com\/cs\/wp-json\/wp\/v2\/product"}],"about":[{"href":"https:\/\/canaryvip.com\/cs\/wp-json\/wp\/v2\/types\/product"}],"replies":[{"embeddable":true,"href":"https:\/\/canaryvip.com\/cs\/wp-json\/wp\/v2\/comments?post=11971"}],"wp:featuredmedia":[{"embeddable":true,"href":"https:\/\/canaryvip.com\/cs\/wp-json\/wp\/v2\/media\/12219"}],"wp:attachment":[{"href":"https:\/\/canaryvip.com\/cs\/wp-json\/wp\/v2\/media?parent=11971"}],"wp:term":[{"taxonomy":"product_brand","embeddable":true,"href":"https:\/\/canaryvip.com\/cs\/wp-json\/wp\/v2\/product_brand?post=11971"},{"taxonomy":"product_cat","embeddable":true,"href":"https:\/\/canaryvip.com\/cs\/wp-json\/wp\/v2\/product_cat?post=11971"},{"taxonomy":"product_tag","embeddable":true,"href":"https:\/\/canaryvip.com\/cs\/wp-json\/wp\/v2\/product_tag?post=11971"}],"curies":[{"name":"wp","href":"https:\/\/api.w.org\/{rel}","templated":true}]}}