{"id":11626,"date":"2024-06-06T11:14:41","date_gmt":"2024-06-06T10:14:41","guid":{"rendered":"https:\/\/canaryvip.com\/?post_type=product&#038;p=11626"},"modified":"2026-04-10T14:33:12","modified_gmt":"2026-04-10T13:33:12","slug":"natural-pools-masca-los-gigantes-tour","status":"publish","type":"product","link":"https:\/\/canaryvip.com\/cs\/shop\/natural-pools-masca-los-gigantes-tour\/","title":{"rendered":"Prohl\u00eddka p\u0159\u00edrodn\u00edch koupali\u0161\u0165, Masca a Los Gigantes + piknik"},"content":{"rendered":"<h2>\ud83c\udf0a O prohl\u00eddce Masca, p\u0159\u00edrodn\u00ed baz\u00e9ny a Los Gigantes<\/h2>\n<p>Objevte jednu z nej\u00fapln\u011bj\u0161\u00edch <strong>Prohl\u00eddky Tenerife s pr\u016fvodcem<\/strong> s t\u00edmto nezapomenuteln\u00fdm z\u00e1\u017eitkem spojuj\u00edc\u00edm p\u0159\u00edrodu, m\u00edstn\u00ed kulturu a \u00fachvatn\u00e9 v\u00fdhledy. V CanaryVIP v\u00e1m nab\u00edz\u00edme mo\u017enost prozkoumat skryt\u00e9 klenoty ostrova na tomto v\u00fdlet\u011b. <strong>prohl\u00eddka Masca s pr\u016fvodcem<\/strong>, v\u010detn\u011b dramatick\u00fdch \u00fates\u016f, tradi\u010dn\u00edch vesnic a slavn\u00e9 pl\u00e1\u017ee. <strong>p\u0159\u00edrodn\u00ed baz\u00e9ny Tenerife<\/strong> je zn\u00e1m\u00fd pro.<\/p>\n<p>Tento z\u00e1jezd je ur\u010den pro cestovatele, kte\u0159\u00ed cht\u011bj\u00ed poznat jinou str\u00e1nku Tenerife v mal\u00e9 skupin\u011b a v osobn\u011bj\u0161\u00ed a uvoln\u011bn\u011bj\u0161\u00ed atmosf\u00e9\u0159e.<\/p>\n<h3>Nejd\u016fle\u017eit\u011bj\u0161\u00ed body prohl\u00eddky: Masca, p\u0159\u00edrodn\u00ed jez\u00edrka a Los Gigantes<\/h3>\n<ul>\n<li>\ud83c\udf04 <strong>Panoramatick\u00fd pohled:<\/strong> Vychutnejte si n\u00e1dhern\u00fd v\u00fdhled na \u00fadol\u00ed Masca, jednu z nejp\u016fsobiv\u011bj\u0161\u00edch krajin na Tenerife.<\/li>\n<li>\ud83c\udfd8\ufe0f <strong>Vesnice Masca:<\/strong> Prohl\u00eddkou t\u00e9to p\u016fvabn\u00e9 horsk\u00e9 vesni\u010dky str\u00e1v\u00edte p\u0159ibli\u017en\u011b 1 hodinu. Projd\u011bte se jej\u00edmi \u00fazk\u00fdmi uli\u010dkami, objevte m\u00edstn\u00ed produkty a nasajte jedine\u010dnou atmosf\u00e9ru.<\/li>\n<li>\ud83c\udfd4\ufe0f <strong>\u00datesy Los Gigantes:<\/strong> Nav\u0161tivte slavn\u00e9 \u00fatesy ty\u010d\u00edc\u00ed se a\u017e 600 metr\u016f nad oce\u00e1nem, kter\u00e9 jsou jednou z nejzn\u00e1m\u011bj\u0161\u00edch p\u0159\u00edrodn\u00edch pam\u00e1tek ostrova.<\/li>\n<li>\ud83c\udfca <strong>P\u0159\u00edrodn\u00ed vulkanick\u00e9 baz\u00e9ny a piknik:<\/strong> Osv\u011b\u017ete se v p\u0159\u00edrodn\u00edch vulkanick\u00fdch jez\u00edrk\u00e1ch u mo\u0159e a u\u017eijte si pohodov\u00fd piknik v kr\u00e1sn\u00e9m pob\u0159e\u017en\u00edm prost\u0159ed\u00ed.<\/li>\n<\/ul>\n<h3>Co je sou\u010d\u00e1st\u00ed va\u0161eho z\u00e1\u017eitku<\/h3>\n<ul>\n<li>\ud83e\uddd1\u200d\ud83c\udfeb M\u00edstn\u00ed odborn\u00fd pr\u016fvodce s hlubok\u00fdmi znalostmi oblasti.<\/li>\n<li>\ud83d\udee0\ufe0f Ve\u0161ker\u00e9 pot\u0159ebn\u00e9 vybaven\u00ed pro danou \u010dinnost.<\/li>\n<li>\ud83d\udee1\ufe0f Poji\u0161t\u011bn\u00ed aktivit pro v\u00e1\u0161 klid.<\/li>\n<li>\ud83d\ude90 Doprava z\/do m\u00edsta setk\u00e1n\u00ed pohodlnou 9m\u00edstnou dod\u00e1vkou.<\/li>\n<li>\ud83d\udcf8 Fotky a videa z va\u0161ich z\u00e1\u017eitk\u016f, abyste si dom\u016f odvezli nezapomenuteln\u00e9 vzpom\u00ednky.<\/li>\n<\/ul>\n<h3>Z\u00e1kladn\u00ed informace o prohl\u00eddce<\/h3>\n<ul>\n<li>\ud83d\udd52 <strong>\u010cas zah\u00e1jen\u00ed:<\/strong> V zim\u011b v 15:00 | V l\u00e9t\u011b v 16:00.<\/li>\n<li>\u23f3 <strong>Doba trv\u00e1n\u00ed:<\/strong> P\u0159ibli\u017en\u011b 5 hodin.<\/li>\n<li>\ud83d\udc65 <strong>Zku\u0161enosti s mal\u00fdmi skupinami:<\/strong> Pro individu\u00e1ln\u00ed prohl\u00eddku je k dispozici omezen\u00fd po\u010det m\u00edst.<\/li>\n<li>\ud83d\udccd <strong>Doprava:<\/strong> Cestujte pohodlnou 9m\u00edstnou dod\u00e1vkou.<\/li>\n<li>\ud83e\udde5 <strong>Co si vz\u00edt s sebou:<\/strong> Pohodln\u00e9 oble\u010den\u00ed, plavky a ru\u010dn\u00edk do p\u0159\u00edrodn\u00edch baz\u00e9n\u016f.<\/li>\n<\/ul>\n<h3>D\u016fle\u017eit\u00e9 informace a z\u00e1sady<\/h3>\n<ul>\n<li>\ud83d\udd04 <strong>Storno podm\u00ednky:<\/strong> Bezplatn\u00e9 zru\u0161en\u00ed rezervace je mo\u017en\u00e9, pokud o n\u011bj po\u017e\u00e1d\u00e1te alespo\u0148 72 hodin p\u0159edem u rezervac\u00ed a\u017e pro 2 osoby. U rezervac\u00ed pro 3 a\u017e 7 osob je nutn\u00e9 zru\u0161en\u00ed rezervace ozn\u00e1mit minim\u00e1ln\u011b 5 dn\u00ed p\u0159edem. V p\u0159\u00edpad\u011b skupin nad 7 osob je t\u0159eba zru\u0161it rezervaci alespo\u0148 10 dn\u00ed p\u0159edem. Vzhledem k omezen\u00e9 dostupnosti a mal\u00e9 velikosti skupiny m\u016f\u017ee b\u00fdt pozdn\u00ed zru\u0161en\u00ed rezervace nebo nedostaven\u00ed se k rezervaci zpoplatn\u011bno v pln\u00e9 v\u00fd\u0161i. V\u017edy doporu\u010dujeme v\u010dasn\u00e9 potvrzen\u00ed va\u0161ich pl\u00e1n\u016f.<\/li>\n<li>\ud83d\udd52 <strong>Dochvilnost:<\/strong> Na m\u00edsto setk\u00e1n\u00ed se dostavte v\u010das, aby byl zaji\u0161t\u011bn hladk\u00fd za\u010d\u00e1tek skupiny.<\/li>\n<li>\u26a0\ufe0f <strong>Omezen\u00e1 dostupnost:<\/strong> Tento z\u00e1\u017eitek se uskute\u010d\u0148uje v mal\u00fdch skupin\u00e1ch, tak\u017ee po\u010det m\u00edst je velmi omezen\u00fd a b\u00fdv\u00e1 rychle vyprod\u00e1n.<\/li>\n<\/ul>\n<h4>Podpora na turn\u00e9<\/h4>\n<ul>\n<li>\u2714\ufe0f Ve spole\u010dnosti CanaryVIP pe\u010dliv\u011b vyb\u00edr\u00e1me zku\u0161enosti, abychom zajistili kvalitu a bezpe\u010dnost.<\/li>\n<li>\ud83d\udde3\ufe0f B\u011bhem prohl\u00eddky se m\u016f\u017eete kdykoli obr\u00e1tit na sv\u00e9ho pr\u016fvodce a po\u017e\u00e1dat ho o pomoc.<\/li>\n<li>\ud83d\udcde N\u00e1\u0161 t\u00fdm je v\u00e1m k dispozici p\u0159ed i po rezervaci, pokud pot\u0159ebujete pomoc nebo m\u00e1te dotazy.<\/li>\n<\/ul>\n<h3>\ud83c\udf0a\ud83c\udfd4\ufe0f Rezervujte si prohl\u00eddku Masca a p\u0159\u00edrodn\u00edch baz\u00e9n\u016f je\u0161t\u011b dnes<\/h3>\n<p>Pokud hled\u00e1te jeden z nejlep\u0161\u00edch <strong>Prohl\u00eddky Tenerife s pr\u016fvodcem<\/strong>, tento z\u00e1\u017eitek v sob\u011b spojuje v\u0161e: hory, oce\u00e1n, kulturu a relaxaci. Od jedine\u010dn\u00e9ho kouzla vesni\u010dky Masca po osv\u011b\u017euj\u00edc\u00ed... <strong>p\u0159\u00edrodn\u00ed baz\u00e9ny Tenerife<\/strong> Nab\u00eddky, ka\u017ed\u00fd okam\u017eik je navr\u017een tak, aby byl nezapomenuteln\u00fd.<\/p>\n<p>Ve spole\u010dnosti CanaryVIP zaji\u0161\u0165ujeme jednoduchou a spolehlivou rezervaci, tak\u017ee se m\u016f\u017eete soust\u0159edit na to, abyste si u\u017eili svou cestu. A\u0165 u\u017e se na Tenerife chyst\u00e1te poprv\u00e9, nebo se sem vrac\u00edte, abyste ho prozkoumali znovu, tento <strong>prohl\u00eddka Masca s pr\u016fvodcem<\/strong> je z\u00e1\u017eitek, kter\u00fd mus\u00edte za\u017e\u00edt.<\/p>\n<p>Zajist\u011bte si m\u00edsto a poznejte Tenerife jinak.<\/p>","protected":false},"excerpt":{"rendered":"<p><strong>\ud83d\udd0d Podrobnosti o prohl\u00eddce:<\/strong><br \/>\n\u2705 Bezpe\u010dn\u00e1 platba.<br \/>\n\ud83c\udf04 Prozkoumejte vesnici Masca.<br \/>\n\ud83d\udca6 Objevte p\u0159\u00edrodn\u00ed koupali\u0161t\u011b.<br \/>\n\ud83c\udfd4\ufe0f Nav\u0161tivte \u00fates Los Gigantes.<br \/>\n\ud83e\udd6a V\u010detn\u011b pikniku.<br \/>\n\ud83d\udcc5 Ka\u017ed\u00fd den.<br \/>\n\u23f0 Doba trv\u00e1n\u00ed P\u0159ibli\u017en\u011b 5 h.<br \/>\n\ud83d\ude8c VAN a\u017e pro 9 osob.<br \/>\n\ud83d\ude90 Vyzvednut\u00ed a p\u0159ed\u00e1n\u00ed v hotelu.<br \/>\n\ud83d\udd04 72hodinov\u00e9 bezplatn\u00e9 storno.<br \/>\n\ud83e\udd11 Garance nejlep\u0161\u00ed ceny.<br \/>\n\ud83c\udf81 K dispozici jsou skupinov\u00e9 slevy.<br \/>\n\ud83c\udf1f Rezervujte nyn\u00ed a u\u0161et\u0159ete!<\/p>","protected":false},"featured_media":16977,"comment_status":"open","ping_status":"closed","template":"","meta":{"_acf_changed":false},"product_brand":[],"product_cat":[52],"product_tag":[],"class_list":{"0":"post-11626","1":"product","2":"type-product","3":"status-publish","4":"has-post-thumbnail","6":"product_cat-bus-tours","7":"wcpa_has_options","9":"first","10":"instock","11":"sale","12":"virtual","13":"purchasable","14":"product-type-simple"},"acf":[],"wcpa_form_fields":{"wcpaData":{"product":{"product_price":85,"price_html":"From&nbsp;<del aria-hidden=\"true\"><span class=\"woocommerce-Price-amount amount\"><bdi>90,00&nbsp;<span class=\"woocommerce-Price-currencySymbol\">&euro;<\/span><\/bdi><\/span><\/del> <span class=\"screen-reader-text\">P\u016fvodn\u00ed cena byla: 90,00&nbsp;&euro;.<\/span><ins aria-hidden=\"true\"><span class=\"woocommerce-Price-amount amount\"><bdi>85,00&nbsp;<span class=\"woocommerce-Price-currencySymbol\">&euro;<\/span><\/bdi><\/span><\/ins><span class=\"screen-reader-text\">Aktu\u00e1ln\u00ed cena je: 85,00&nbsp;&euro;.<\/span>","original_product_price":90,"price_including_tax":85,"price_excluding_tax":85,"product_id":{"parent":11626,"variation":false},"is_variable":false,"stock_status":"instock","stock_quantity":null,"parent_sku":"CV11626","product_attributes":[],"custom_fields":[],"is_taxable":false,"product_name":"Natural Pools, Masca & Los Gigantes Tour + Picnic","hasImage":false},"fields":{"sec_169cd3c7b1d53f":{"extra":{"key":"sec_169cd3c7b1d53f","section_id":"sec_169cd3c7b1d53f","name":"South Tenerife","status":1,"cl_rule":"show","enableCl":false,"relations":[{"operator":false,"rules":[{"operator":"AND","rules":{"cl_field":"radio-group_665df45fcbc30b","cl_relation":"is","cl_val":"Siam Park Regular Tickets"}}]}],"toggle":true,"title_tag":"h4","show_title":false,"showPrice":"default","form_id":16980,"form_rules":{"exclude_from_discount":true,"fee_label":"Fee","disp_hide_options_price":true,"disp_show_section_price":false,"disp_show_field_price":true,"layout_option":"standard","pric_use_as_fee":false,"process_fee_as":"woo_fee"},"layout_option":"standard"},"fields":[[{"label":"\ud83d\udcc5 Date","active":true,"required":true,"elementId":"date_869cd3c7b1d560","picker_type":"custom","picker_mode":"single","placeholder":"","description":"","tooltip":"","name":"date_869cd3c7b1d560","label_position":"default","desc_position":"default","enablePrice":false,"className":"","enableCl":false,"relations":[{"operator":"and","rules":[{"operator":"AND","rules":{"cl_field":"radio-group_665df45fcbc30b","cl_relation":"is","cl_val":"3 Hour Trip"}}]}],"date_pic_inline":true,"date_pic_inline_hide":true,"min_date":{"type":"days","val":"2"},"max_date":{"type":"days","val":"180"},"date_pic_conf":{"disabledWeeks":[],"enabledDates":[]},"price":"","cl_rule":"show","col":6,"type":"date","error":false,"enableDesign":false,"LabelColor":"","value":"2024-07-04","isWeightTemplate":false,"isTemplate":false,"min_quantity":"1","quantity_decimal":false,"quantity_step":"1","quantity_label":"Quantity","repeater_field_label":"{field_label}","repeater_bind":"","gt_translate_keys":["label","placeholder","description","value","tooltip","repeater_field_label","quantity_label"],"price_dependency":false,"cl_dependency":false}],[{"elementId":"separator_569cd3c7b1d57a","separatorType":"blank","className":"","height":"10","enableCl":false,"relations":false,"cl_rule":"show","col":6,"type":"separator","gt_translate_keys":[],"price_dependency":false,"cl_dependency":false,"value":""}],[{"active":true,"col":6,"relations":false,"cl_rule":"show","enableCl":false,"price":"","enablePrice":false,"className":"","label_position":"default","desc_position":"default","type":"content","required":false,"elementId":"content_369cd3c7b1d585","label":"People","name":"content_369cd3c7b1d585","contentType":"plain","value":"","error":false,"show_in_checkout":true,"inline":false,"gt_translate_keys":["label","value"],"price_dependency":false,"cl_dependency":false}],[{"active":true,"col":6,"relations":[{"operator":false,"rules":[{"operator":"AND","rules":{"cl_field":"","cl_relation":"","cl_val":""}}]}],"cl_rule":"show","enableCl":true,"price":"85","enablePrice":true,"className":"","label_position":"default","desc_position":"default","type":"radio-group","required":false,"elementId":"radio-group_969cd3c7b1d590","label":"","name":"radio-group_969cd3c7b1d590","values":[{"label":"\ud83d\udc64 People (85\u20ac)","value":"Adult","selected":true,"tempId":"aco_32","tooltip":"+12 Years","description":"","gt_translate_keys":["label","tooltip","description"]}],"layOut":"","error":false,"checkUi":"button","priceOptions":"fixed_for_all","pricingType":"fixed","enable_quantity":true,"quantity_label":"","min_quantity":"0","options_tooltip":true,"options_description":true,"isWeightTemplate":false,"isTemplate":false,"quantity_decimal":false,"quantity_step":"1","repeater_field_label":"{field_label}","repeater_bind":"","gt_translate_keys":["label","repeater_field_label","quantity_label"],"price_dependency":false,"cl_dependency":false,"value":""}],[{"active":true,"col":6,"relations":false,"cl_rule":"show","enableCl":false,"price":"","enablePrice":false,"className":"","label_position":"default","desc_position":"default","type":"separator","required":false,"elementId":"separator_269cd3c7b1d5af","label":"Separator Field","height":"7","separatorType":"blank","error":false,"gt_translate_keys":["label"],"price_dependency":false,"cl_dependency":false,"value":""}],[{"active":true,"col":6,"relations":false,"cl_rule":"show","enableCl":false,"price":"","enablePrice":false,"className":"","label_position":"default","desc_position":"default","type":"text","subtype":"text","required":false,"elementId":"text_369cd3c7b1d5b8","label":"\ud83d\ude8c Pickup Location","name":"text_369cd3c7b1d5b8","value":"","description":"Pick-up service in South Tenerife. Simply provide your address or hotel name.","error":false,"isWeightTemplate":false,"isTemplate":false,"min_quantity":"1","quantity_decimal":false,"quantity_step":"1","quantity_label":"Quantity","repeater_field_label":"{field_label}","repeater_bind":"","gt_translate_keys":["label","description","value","repeater_field_label","quantity_label"],"price_dependency":false,"cl_dependency":false}]]}},"config":{"price_override":"always","enable_recaptcha":false,"bind_quantity":false,"quantity_bind_formula":false,"disp_summ_show_option_price":true,"disp_summ_show_product_price":false,"disp_summ_show_total_price":true,"disp_summ_show_fee":true,"disp_summ_show_discount":true,"summary_title":"","options_total_label":"Options Price","total_label":"Total Amount","options_product_label":"Product Price","fee_label":"Fee","discount_label":"Discount","has_price":true,"has_quantity_formula":false},"mc_unit":1,"tax_rate":1,"tax_rate_real":1,"discount":{"percentage":0,"fixed":0},"design":{"conf":{"LabelPosition":"above","DescPosition":"above","UploadField":"custom_1","QuantityFieldStyle":"custom_1"},"css":{"LeftLabelWidth":"120px"}},"formulas":[],"lookuptables":[],"clones":false,"cartKey":false}},"_links":{"self":[{"href":"https:\/\/canaryvip.com\/cs\/wp-json\/wp\/v2\/product\/11626","targetHints":{"allow":["GET"]}}],"collection":[{"href":"https:\/\/canaryvip.com\/cs\/wp-json\/wp\/v2\/product"}],"about":[{"href":"https:\/\/canaryvip.com\/cs\/wp-json\/wp\/v2\/types\/product"}],"replies":[{"embeddable":true,"href":"https:\/\/canaryvip.com\/cs\/wp-json\/wp\/v2\/comments?post=11626"}],"wp:featuredmedia":[{"embeddable":true,"href":"https:\/\/canaryvip.com\/cs\/wp-json\/wp\/v2\/media\/16977"}],"wp:attachment":[{"href":"https:\/\/canaryvip.com\/cs\/wp-json\/wp\/v2\/media?parent=11626"}],"wp:term":[{"taxonomy":"product_brand","embeddable":true,"href":"https:\/\/canaryvip.com\/cs\/wp-json\/wp\/v2\/product_brand?post=11626"},{"taxonomy":"product_cat","embeddable":true,"href":"https:\/\/canaryvip.com\/cs\/wp-json\/wp\/v2\/product_cat?post=11626"},{"taxonomy":"product_tag","embeddable":true,"href":"https:\/\/canaryvip.com\/cs\/wp-json\/wp\/v2\/product_tag?post=11626"}],"curies":[{"name":"wp","href":"https:\/\/api.w.org\/{rel}","templated":true}]}}