{"id":11582,"date":"2024-06-03T16:40:35","date_gmt":"2024-06-03T15:40:35","guid":{"rendered":"https:\/\/canaryvip.com\/?post_type=product&#038;p=11582"},"modified":"2025-12-11T18:13:25","modified_gmt":"2025-12-11T18:13:25","slug":"stargazing-tenerife-teide-by-night","status":"publish","type":"product","link":"https:\/\/canaryvip.com\/cs\/shop\/stargazing-tenerife-teide-by-night\/","title":{"rendered":"Star Tour Tenerife:<br\/>Teide v noci + ve\u010de\u0159e"},"content":{"rendered":"<h2>\ud83d\ude8c O hv\u011bzd\u00e1\u0159stv\u00ed Tenerife: Teide v noci<\/h2>\n<p>Na str\u00e1nk\u00e1ch <strong>Teide v noci<\/strong> Prohl\u00eddka, kterou nab\u00edz\u00ed spole\u010dnost CanaryVIP, je jedn\u00edm z nejv\u00fdjime\u010dn\u011bj\u0161\u00edch zp\u016fsob\u016f, jak pro\u017e\u00edt z\u00e1\u017eitek na ho\u0159e Teide po z\u00e1padu slunce. Tuto exkurzi po\u0159\u00e1d\u00e1 m\u00edstn\u00ed provozovatel a kombinuje kr\u00e1snou zast\u00e1vku p\u0159i z\u00e1padu slunce, sope\u010dnou krajinu a pohodovou pozorov\u00e1n\u00ed hv\u011bzd na jedn\u00e9 z nej\u010dist\u0161\u00edch obloh v Evrop\u011b. N\u00e1rodn\u00ed park Teide je certifikov\u00e1n jako Starlight Destination, co\u017e znamen\u00e1, \u017ee jeho obloha je mimo\u0159\u00e1dn\u011b \u010dist\u00e1 a bez sv\u011bteln\u00e9ho zne\u010di\u0161t\u011bn\u00ed.<\/p>\n<h3>Nejd\u016fle\u017eit\u011bj\u0161\u00ed body prohl\u00eddky: Teide v noci<\/h3>\n<ul>\n<li>\ud83c\udf04 <strong>Zast\u00e1vka p\u0159i z\u00e1padu slunce<\/strong>: Z\u00e1\u017eitek za\u010d\u00edn\u00e1 zast\u00e1vkou, b\u011bhem kter\u00e9 si m\u016f\u017eete vychutnat z\u00e1pad slunce z jednoho z vyhl\u00eddkov\u00fdch m\u00edst v n\u00e1rodn\u00edm parku. M\u011bn\u00edc\u00ed se barvy oblohy vytv\u00e1\u0159ej\u00ed klidnou a nezapomenutelnou atmosf\u00e9ru, ide\u00e1ln\u00ed pro po\u0159\u00edzen\u00ed fotografi\u00ed p\u0159ed ve\u010dern\u00edm pozorov\u00e1n\u00edm hv\u011bzd.<\/li>\n<li>\ud83d\udd2d <strong>Pozorov\u00e1n\u00ed hv\u011bzd na Tenerife<\/strong>: Jakmile se setm\u00ed, pr\u016fvodce pomoc\u00ed laserov\u00e9ho ukazov\u00e1tka srozumiteln\u011b a p\u0159\u00e1telsky vysv\u011btluje souhv\u011bzd\u00ed. K dispozici je dalekohled, tak\u017ee host\u00e9 mohou pozorovat hv\u011bzdy, planety a objekty hlubok\u00e9ho vesm\u00edru a z\u00e1rove\u0148 se dozv\u011bd\u011bt zaj\u00edmav\u00e9 p\u0159\u00edb\u011bhy spojen\u00e9 s no\u010dn\u00ed oblohou.<\/li>\n<li>\ud83c\udfd4\ufe0f <strong>Hora Teide<\/strong>: S v\u00fd\u0161kou 3 715 metr\u016f je hora Teide nejvy\u0161\u0161\u00edm vrcholem \u0160pan\u011blska a <a href=\"https:\/\/whc.unesco.org\/en\/list\/1258\/\" target=\"_blank\" rel=\"noopener\">Sv\u011btov\u00e9 d\u011bdictv\u00ed UNESCO<\/a> m\u00edsto. Jeho sope\u010dn\u00e1 krajina p\u016fsob\u00ed t\u00e9m\u011b\u0159 nadpozemsky a byla vyu\u017eita jako m\u00edsto nat\u00e1\u010den\u00ed n\u011bkolika mezin\u00e1rodn\u00edch produkc\u00ed.<\/li>\n<li>\ud83c\udf7d\ufe0f <strong>Ve\u010de\u0159e<\/strong>: Ve\u010de\u0159e je zahrnuta v cen\u011b a obvykle se pod\u00e1v\u00e1 v kan\u00e1rsk\u00e9 restauraci, jako je Casa Sira, i kdy\u017e konkr\u00e9tn\u00ed restaurace se m\u016f\u017ee li\u0161it v z\u00e1vislosti na dostupnosti. J\u00eddlo je jednoduch\u00e9 a m\u00edstn\u00ed, vhodn\u00e9 p\u0159ed pokra\u010dov\u00e1n\u00edm v no\u010dn\u00edm pozorov\u00e1n\u00ed hv\u011bzd. Obvykle jsou k dispozici r\u016fzn\u00e9 dietn\u00ed varianty.<\/li>\n<\/ul>\n<h3>Va\u0161e pozorov\u00e1n\u00ed hv\u011bzd na Tenerife zahrnuje<\/h3>\n<ul>\n<li>\ud83d\ude8c Odvoz z hotelu a zp\u011bt.<\/li>\n<li>\ud83d\udde3\ufe0f Anglicky mluv\u00edc\u00ed pr\u016fvodci poskytuj\u00edc\u00ed vysv\u011btlen\u00ed b\u011bhem cel\u00e9 prohl\u00eddky.<\/li>\n<li>\ud83d\udcf8 N\u011bkolik zast\u00e1vek na focen\u00ed, zejm\u00e9na b\u011bhem z\u00e1padu slunce.<\/li>\n<li>\ud83d\udcdc Cel\u00fd ve\u010der v\u011bnovan\u00fd objevov\u00e1n\u00ed krajiny a no\u010dn\u00ed oblohy na Teide.<\/li>\n<li>\ud83d\udcb0 Z\u00e1ruka nejlep\u0161\u00ed ceny a flexibiln\u00ed storno podm\u00ednky.<\/li>\n<\/ul>\n<h3>Z\u00e1kladn\u00ed prohl\u00eddka hv\u011bzdn\u00e9 oblohy na Tenerife Podrobnosti<\/h3>\n<ul>\n<li>\ud83c\udf9f\ufe0f P\u0159ineste si svou digit\u00e1ln\u00ed vstupenku CanaryVIP.<\/li>\n<li>\ud83d\udeab Autobus nem\u00e1 na palub\u011b toaletu a nen\u00ed p\u0159izp\u016fsoben pro p\u0159\u00edstup voz\u00ed\u010dk\u00e1\u0159\u016f.<\/li>\n<li>\ud83c\udf7d\ufe0f Ve\u010de\u0159e je v cen\u011b.<\/li>\n<li>\u23f3 Prohl\u00eddka trv\u00e1 p\u0159ibli\u017en\u011b 6 hodin.<\/li>\n<li>\ud83e\udde5 Tepl\u00e9 oble\u010den\u00ed je nezbytn\u00e9, proto\u017ee v noci teploty v\u00fdrazn\u011b klesaj\u00ed.<\/li>\n<li>\ud83d\udccc Uve\u010fte pros\u00edm p\u0159esn\u00e9 \u00fadaje o hotelu, aby bylo mo\u017en\u00e9 zajistit spr\u00e1vn\u00e9 vyzvednut\u00ed.<\/li>\n<li>\ud83c\udf25\ufe0f <strong>Ozn\u00e1men\u00ed o po\u010das\u00ed<\/strong>: Viditelnost hv\u011bzd z\u00e1vis\u00ed na pov\u011btrnostn\u00edch podm\u00ednk\u00e1ch a nelze ji pln\u011b zaru\u010dit. Provozovatel se v\u017edy bude sna\u017eit poskytnout tento z\u00e1\u017eitek.<\/li>\n<\/ul>\n<h3>Etiketa a z\u00e1sady prohl\u00eddky<\/h3>\n<ul>\n<li>\ud83d\udd04 <strong>Flexibiln\u00ed zru\u0161en\u00ed<\/strong>: Bezplatn\u00e9 zru\u0161en\u00ed a\u017e 48 hodin p\u0159ed za\u010d\u00e1tkem z\u00e1\u017eitku. Pro skupiny plat\u00ed zvl\u00e1\u0161tn\u00ed podm\u00ednky: Skupiny 5 a\u017e 7 osob mohou zru\u0161it rezervaci a\u017e 72 hodin p\u0159edem. Skupiny 8 a\u017e 14 osob mus\u00ed zru\u0161it rezervaci 4 dny p\u0159edem. Skupiny 15 a v\u00edce osob mus\u00ed zru\u0161it rezervaci nejm\u00e9n\u011b 6 dn\u00ed p\u0159edem.<\/li>\n<li>\ud83d\udd52 <strong>V\u010dasnost<\/strong>: Pros\u00edm, bu\u010fte p\u0159ipraveni na ur\u010den\u00e9m m\u00edst\u011b srazu, abyste nezp\u016fsobili zpo\u017ed\u011bn\u00ed zbytku skupiny.<\/li>\n<li>\ud83d\udce2 <strong>Dodr\u017eov\u00e1n\u00ed harmonogramu<\/strong>: Host\u00e9 by m\u011bli dodr\u017eovat pokyny pr\u016fvodce, aby byl z\u00e1\u017eitek pro v\u0161echny hladk\u00fd a p\u0159\u00edjemn\u00fd.<\/li>\n<\/ul>\n<h4>Asistence a odpov\u011bdnost na cest\u00e1ch<\/h4>\n<ul>\n<li>\u2714\ufe0f <strong>Z\u00e1vazek poskytov\u00e1n\u00ed slu\u017eeb<\/strong>: CanaryVIP zaji\u0161\u0165uje hladk\u00fd pr\u016fb\u011bh rezervace a jasnou komunikaci p\u0159ed za\u010d\u00e1tkem prohl\u00eddky. Samotnou aktivitu prov\u00e1d\u00ed licencovan\u00fd m\u00edstn\u00ed provozovatel.<\/li>\n<li>\ud83d\udde3\ufe0f <strong>Pomoc b\u011bhem prohl\u00eddky<\/strong>: Jak\u00e9koli dotazy nebo p\u0159ipom\u00ednky b\u011bhem z\u00e1\u017eitku m\u016f\u017eete adresovat p\u0159\u00edmo pr\u016fvodci, kter\u00fd je na m\u00edst\u011b p\u0159ipraven v\u00e1m pomoci.<\/li>\n<li>\ud83d\udcb0 <strong>Z\u00e1sady vr\u00e1cen\u00ed pen\u011bz v p\u0159\u00edpad\u011b probl\u00e9m\u016f s v\u00fdletem<\/strong>: Pokud b\u011bhem aktivity dojde k neo\u010dek\u00e1van\u00e9 ud\u00e1losti, vr\u00e1cen\u00ed pen\u011bz bude prob\u00edhat podle stanoven\u00fdch z\u00e1sad, p\u0159i\u010dem\u017e v\u017edy bude up\u0159ednost\u0148ov\u00e1na transparentnost a spokojenost host\u016f.<\/li>\n<\/ul>\n<h3>\ud83c\udf0b\ud83d\ude8c\ud83c\udfde\ufe0f Rezervujte si v\u00fdlet na Teide hned te\u010f<\/h3>\n<p>Teide by Night je klidn\u00fd a nezapomenuteln\u00fd zp\u016fsob, jak objevit jedno z nejzn\u00e1m\u011bj\u0161\u00edch m\u00edst Tenerife. Pozorov\u00e1n\u00ed z\u00e1padu slunce z n\u00e1rodn\u00edho parku a n\u00e1sledn\u00e9 pozorov\u00e1n\u00ed no\u010dn\u00ed oblohy \u010din\u00ed z t\u00e9to prohl\u00eddky obl\u00edbenou volbu pro p\u00e1ry, rodiny a v\u0161echny, kte\u0159\u00ed cht\u011bj\u00ed za\u017e\u00edt Teide v jin\u00e9m sv\u011btle.<\/p>\n<p>Pokud byste cht\u011bli park prozkoumat tak\u00e9 b\u011bhem dne, m\u016f\u017eete se pod\u00edvat na na\u0161i <a href=\"https:\/\/canaryvip.com\/cs\/shop\/teide-guided-bus-tour\/\">P\u016fldenn\u00ed autobusov\u00fd v\u00fdlet do Teide<\/a>. Tato denn\u00ed varianta zahrnuje vulkanickou krajinu, vyhl\u00eddky, vesnici Vilaflor a Roques de Garc\u00eda, s mo\u017enost\u00ed j\u00edzdy lanovkou, pokud to po\u010das\u00ed dovol\u00ed.<\/p>\n<p>Rezervac\u00ed obou v\u00fdlet\u016f prost\u0159ednictv\u00edm CanaryVIP si m\u016f\u017eete u\u017e\u00edt pln\u00fd kontrast Teide, od jeho jasn\u00fdch denn\u00edch barev a\u017e po klidn\u00e9 hv\u011bzdn\u00e9 noci.<\/p>\n<p>Va\u0161e dobrodru\u017estv\u00ed na Teide je p\u0159ipraveno, a\u017e budete p\u0159ipraveni vy.<\/p>","protected":false},"excerpt":{"rendered":"<p><strong>\ud83d\udd0d Teide v noci:<\/strong><br \/>\n\u2705 Bezpe\u010dn\u00e1 platba.<br \/>\n\ud83d\uddfb Nav\u0161tivte n\u00e1rodn\u00ed park Teide.<br \/>\n\ud83d\udd2d Profesion\u00e1ln\u00ed dalekohledy.<br \/>\n\ud83c\udf20 Sledujte Hv\u011bzdy a souhv\u011bzd\u00ed.<br \/>\n\ud83c\udf7d\ufe0f Kan\u00e1rsk\u00e9 j\u00eddlo v cen\u011b.<br \/>\n\ud83e\uddc3 N\u00e1poje v cen\u011b.<br \/>\n\ud83d\udcc5 \u00dat, St, \u010ct, P\u00e1, Ne.<br \/>\n\u23f0 Doba trv\u00e1n\u00ed P\u0159ibli\u017en\u011b 6 h.<br \/>\n\ud83d\ude8c Vyzvednut\u00ed a p\u0159ed\u00e1n\u00ed v hotelu.<br \/>\n\ud83d\udd04 48hodinov\u00e9 bezplatn\u00e9 storno.<br \/>\n\ud83e\udd11 Garance nejlep\u0161\u00ed ceny.<br \/>\n\ud83c\udf81 K dispozici jsou skupinov\u00e9 slevy.<br \/>\n\ud83c\udf0d Pr\u016fvodci ve va\u0161ich jazyc\u00edch.<br \/>\n\ud83c\udf1f Rezervujte nyn\u00ed a u\u0161et\u0159ete!<\/p>","protected":false},"featured_media":11584,"comment_status":"open","ping_status":"closed","template":"","meta":{"_acf_changed":false},"product_brand":[],"product_cat":[52],"product_tag":[],"class_list":{"0":"post-11582","1":"product","2":"type-product","3":"status-publish","4":"has-post-thumbnail","6":"product_cat-bus-tours","7":"wcpa_has_options","9":"first","10":"instock","11":"sale","12":"virtual","13":"purchasable","14":"product-type-simple"},"acf":[],"wcpa_form_fields":{"wcpaData":{"product":{"product_price":79,"price_html":"From&nbsp;<del aria-hidden=\"true\"><span class=\"woocommerce-Price-amount amount\"><bdi>89,00&nbsp;<span class=\"woocommerce-Price-currencySymbol\">&euro;<\/span><\/bdi><\/span><\/del> <span class=\"screen-reader-text\">P\u016fvodn\u00ed cena byla: 89,00&nbsp;&euro;.<\/span><ins aria-hidden=\"true\"><span class=\"woocommerce-Price-amount amount\"><bdi>79,00&nbsp;<span class=\"woocommerce-Price-currencySymbol\">&euro;<\/span><\/bdi><\/span><\/ins><span class=\"screen-reader-text\">Aktu\u00e1ln\u00ed cena je: 79,00&nbsp;&euro;.<\/span>","original_product_price":89,"price_including_tax":79,"price_excluding_tax":79,"product_id":{"parent":11582,"variation":false},"is_variable":false,"stock_status":"instock","stock_quantity":null,"parent_sku":"CV11582","product_attributes":[],"custom_fields":[],"is_taxable":false,"product_name":"Star Tour Tenerife:<br\/>Teide by Night + Dinner","hasImage":false},"fields":{"sec_2665e36bde09f4":{"extra":{"key":"sec_2665e36bde09f4","section_id":"sec_2665e36bde09f4","name":"South Tenerife","status":1,"cl_rule":"show","enableCl":false,"relations":[{"operator":false,"rules":[{"operator":"AND","rules":{"cl_field":"radio-group_665df45fcbc30b","cl_relation":"is","cl_val":"Siam Park Regular Tickets"}}]}],"toggle":true,"title_tag":"h4","show_title":false,"showPrice":"default","form_id":11592,"form_rules":{"exclude_from_discount":true,"fee_label":"Fee","disp_hide_options_price":true,"disp_show_section_price":false,"disp_show_field_price":true,"layout_option":"standard","pric_use_as_fee":false,"process_fee_as":"woo_fee"},"layout_option":"standard"},"fields":[[{"label":"\ud83d\udcc5 Date","active":true,"required":true,"elementId":"date_10665e36bde0a12","picker_type":"custom","picker_mode":"single","placeholder":"","description":"","tooltip":"","name":"date_10665e36bde0a12","label_position":"default","desc_position":"default","enablePrice":false,"className":"","enableCl":false,"relations":[{"operator":"and","rules":[{"operator":"AND","rules":{"cl_field":"radio-group_665df45fcbc30b","cl_relation":"is","cl_val":"3 Hour Trip"}}]}],"date_pic_inline":true,"date_pic_inline_hide":true,"min_date":{"type":"days","val":"1"},"max_date":{"type":"days","val":"365"},"date_pic_conf":{"disabledWeeks":[1]},"price":"","cl_rule":"show","col":6,"type":"date","error":false,"enableDesign":false,"LabelColor":"","isWeightTemplate":false,"isTemplate":false,"min_quantity":"1","quantity_decimal":false,"quantity_step":"1","quantity_label":"Quantity","repeater_field_label":"{field_label}","repeater_bind":"","gt_translate_keys":["label","placeholder","description","tooltip","repeater_field_label","quantity_label"],"price_dependency":false,"cl_dependency":false,"value":""}],[{"elementId":"separator_8665e36bde0a21","separatorType":"blank","className":"","height":"10","enableCl":false,"relations":false,"cl_rule":"show","col":6,"type":"separator","gt_translate_keys":[],"price_dependency":false,"cl_dependency":false,"value":""}],[{"active":true,"col":6,"relations":false,"cl_rule":"show","enableCl":false,"price":"","enablePrice":false,"className":"","label_position":"default","desc_position":"default","type":"content","required":false,"elementId":"content_9665e36bde0a2d","label":"People","name":"content_9665e36bde0a2d","contentType":"plain","value":"","error":false,"show_in_checkout":true,"inline":false,"gt_translate_keys":["label","value"],"price_dependency":false,"cl_dependency":false}],[{"active":true,"col":6,"relations":[{"operator":false,"rules":[{"operator":"AND","rules":{"cl_field":"","cl_relation":"","cl_val":""}}]}],"cl_rule":"show","enableCl":true,"price":"79","enablePrice":true,"className":"","label_position":"default","desc_position":"default","type":"radio-group","required":false,"elementId":"radio-group_10665e36bde0a38","label":"","name":"radio-group_10665e36bde0a38","values":[{"label":"\ud83d\udc64 Adult (79\u20ac)","value":"Adult","selected":true,"tempId":"aco_32","tooltip":"+14 Years","description":"","gt_translate_keys":["label","tooltip","description"]}],"layOut":"","error":false,"checkUi":"button","priceOptions":"fixed_for_all","pricingType":"fixed","enable_quantity":true,"quantity_label":"","min_quantity":"0","options_tooltip":true,"options_description":true,"gt_translate_keys":["label","quantity_label"],"price_dependency":false,"cl_dependency":false,"value":""}],[{"label":"","active":true,"required":false,"elementId":"radio-group_10665e36bde0a43","name":"radio-group_10665e36bde0a43","label_position":"default","desc_position":"default","enablePrice":true,"className":"","enableCl":false,"relations":false,"enable_quantity":true,"quantity_label":"","min_quantity":"0","checkUi":"button","layOut":"","values":[{"label":"\ud83d\udc66 Child (49\u20ac)","value":"Child","selected":true,"tempId":"aco_32","tooltip":"4-13 Years","description":"","gt_translate_keys":["label","tooltip","description"]}],"priceOptions":"fixed_for_all","pricingType":"fixed","price":"49","cl_rule":"show","col":6,"type":"radio-group","error":false,"options_tooltip":true,"options_description":true,"gt_translate_keys":["label","quantity_label"],"price_dependency":false,"cl_dependency":false,"value":""}],[{"label":"","active":true,"required":false,"elementId":"radio-group-0497504259","name":"radio-group-0497504259","label_position":"default","desc_position":"default","enablePrice":true,"className":"","enableCl":false,"relations":false,"enable_quantity":true,"quantity_label":"","min_quantity":"0","checkUi":"button","layOut":"","options_tooltip":true,"options_description":true,"values":[{"label":"\ud83d\udc76 Infant (Free)","value":"Infant","selected":true,"tempId":"aco_32","tooltip":"0-3 Years","description":"","gt_translate_keys":["label","tooltip","description"]}],"priceOptions":"fixed_for_all","pricingType":"fixed","price":"0","cl_rule":"show","col":6,"type":"radio-group","error":false,"gt_translate_keys":["label","quantity_label"],"price_dependency":false,"cl_dependency":false,"value":""}],[{"active":true,"col":6,"relations":false,"cl_rule":"show","enableCl":false,"price":"","enablePrice":false,"className":"","label_position":"default","desc_position":"default","type":"select","required":false,"elementId":"select_5665e36bde0a4d","label":"\ud83c\udf0e Language","name":"select_5665e36bde0a4d","values":[{"label":"English","value":"English","selected":false,"tempId":"aco_389","gt_translate_keys":["label"]},{"label":"Spanish","value":"Spanish","selected":false,"tempId":"aco_390","gt_translate_keys":["label"]},{"label":"Deutsch","value":"Deutsch","selected":false,"tempId":"aco_409","gt_translate_keys":["label"]},{"label":"French","value":"French","selected":false,"tempId":"aco_581","gt_translate_keys":["label"]},{"label":"Dutch","value":"Dutch","selected":false,"tempId":"aco_672","gt_translate_keys":["label"]},{"label":"Italian","value":"Italian","selected":false,"tempId":"aco_700","gt_translate_keys":["label"]}],"dropdown_type":"basic","error":false,"isWeightTemplate":false,"isTemplate":false,"min_quantity":"1","quantity_decimal":false,"quantity_step":"1","quantity_label":"Quantity","repeater_field_label":"{field_label}","repeater_bind":"","placeholder":"Select Language","gt_translate_keys":["label","placeholder","repeater_field_label","quantity_label"],"price_dependency":false,"cl_dependency":false,"value":""}],[{"active":true,"col":6,"relations":false,"cl_rule":"show","enableCl":false,"price":"","enablePrice":false,"className":"","label_position":"default","desc_position":"default","type":"separator","required":false,"elementId":"separator_4665e36bde0a57","label":"Separator Field","height":"7","separatorType":"blank","error":false,"gt_translate_keys":["label"],"price_dependency":false,"cl_dependency":false,"value":""}],[{"active":true,"col":6,"relations":false,"cl_rule":"show","enableCl":false,"price":"","enablePrice":false,"className":"","label_position":"default","desc_position":"default","type":"text","subtype":"text","required":false,"elementId":"text_10665e36bde0a60","label":"\ud83d\ude8c Pickup Location","name":"text_10665e36bde0a60","value":"","description":"Included Pick-up service in South Tenerife. Simply provide your address or hotel name.","error":false,"gt_translate_keys":["label","description","value"],"price_dependency":false,"cl_dependency":false}]]}},"config":{"price_override":"always","enable_recaptcha":false,"bind_quantity":false,"quantity_bind_formula":false,"disp_summ_show_option_price":true,"disp_summ_show_product_price":false,"disp_summ_show_total_price":true,"disp_summ_show_fee":true,"disp_summ_show_discount":true,"summary_title":"","options_total_label":"Options Price","total_label":"Total Amount","options_product_label":"Product Price","fee_label":"Fee","discount_label":"Discount","has_price":true,"has_quantity_formula":false},"mc_unit":1,"tax_rate":1,"tax_rate_real":1,"discount":{"percentage":0,"fixed":0},"design":{"conf":{"LabelPosition":"above","DescPosition":"above","UploadField":"custom_1","QuantityFieldStyle":"custom_1"},"css":{"LeftLabelWidth":"120px"}},"formulas":[],"lookuptables":[],"clones":false,"cartKey":false}},"_links":{"self":[{"href":"https:\/\/canaryvip.com\/cs\/wp-json\/wp\/v2\/product\/11582","targetHints":{"allow":["GET"]}}],"collection":[{"href":"https:\/\/canaryvip.com\/cs\/wp-json\/wp\/v2\/product"}],"about":[{"href":"https:\/\/canaryvip.com\/cs\/wp-json\/wp\/v2\/types\/product"}],"replies":[{"embeddable":true,"href":"https:\/\/canaryvip.com\/cs\/wp-json\/wp\/v2\/comments?post=11582"}],"wp:featuredmedia":[{"embeddable":true,"href":"https:\/\/canaryvip.com\/cs\/wp-json\/wp\/v2\/media\/11584"}],"wp:attachment":[{"href":"https:\/\/canaryvip.com\/cs\/wp-json\/wp\/v2\/media?parent=11582"}],"wp:term":[{"taxonomy":"product_brand","embeddable":true,"href":"https:\/\/canaryvip.com\/cs\/wp-json\/wp\/v2\/product_brand?post=11582"},{"taxonomy":"product_cat","embeddable":true,"href":"https:\/\/canaryvip.com\/cs\/wp-json\/wp\/v2\/product_cat?post=11582"},{"taxonomy":"product_tag","embeddable":true,"href":"https:\/\/canaryvip.com\/cs\/wp-json\/wp\/v2\/product_tag?post=11582"}],"curies":[{"name":"wp","href":"https:\/\/api.w.org\/{rel}","templated":true}]}}