{"id":11553,"date":"2024-05-22T11:32:13","date_gmt":"2024-05-22T10:32:13","guid":{"rendered":"https:\/\/canaryvip.com\/?post_type=product&#038;p=11553"},"modified":"2025-08-15T16:26:48","modified_gmt":"2025-08-15T15:26:48","slug":"lala-yacht-charter-tenerife","status":"publish","type":"product","link":"https:\/\/canaryvip.com\/cs\/shop\/lala-yacht-charter-tenerife\/","title":{"rendered":"Soukrom\u00e1 jachta LaLa Tenerife"},"content":{"rendered":"<h2><strong>\ud83d\udee5\ufe0f LaLa Yacht Charter: Objevte luxus na Tenerife<\/strong><\/h2>\n<p>Vydejte se do sv\u011bta luxusu a dobrodru\u017estv\u00ed s jachtou LaLa, kter\u00e1 je nejlep\u0161\u00ed volbou pro ty, kte\u0159\u00ed hledaj\u00ed nezapomenuteln\u00e9 z\u00e1\u017eitky na Tenerife. Tato jachta je navr\u017eena tak, aby poskytovala maxim\u00e1ln\u00ed pohodl\u00ed a styl, a nab\u00edz\u00ed dokonalou kombinaci elegance a modern\u00edho vybaven\u00ed.<\/p>\n<p>A\u0165 u\u017e se chcete vyh\u0159\u00edvat na slunci na prostorn\u00e9 palub\u011b, dop\u0159\u00e1vat si gurm\u00e1nsk\u00e1 j\u00eddla nebo se pot\u00e1p\u011bt v k\u0159i\u0161\u0165\u00e1lov\u011b \u010dist\u00fdch vod\u00e1ch ostrova, LaLa Yacht v\u00e1m zajist\u00ed cestu plnou nezapomenuteln\u00fdch okam\u017eik\u016f. Toto luxusn\u00ed plavidlo, ide\u00e1ln\u00ed pro rodiny, p\u00e1ry nebo skupiny, slibuje bezprobl\u00e9mov\u00fd a vzru\u0161uj\u00edc\u00ed zp\u016fsob, jak prozkoumat \u00fa\u017easn\u00e9 pob\u0159e\u017e\u00ed a \u017eiv\u00fd podmo\u0159sk\u00fd \u017eivot Tenerife.<\/p>\n<h3>\u2b50\ufe0f <strong>Bezkonkuren\u010dn\u00ed pohodl\u00ed a z\u00e1bava na palub\u011b<\/strong><\/h3>\n<p><span style=\"text-decoration: underline;\"><strong>Prozkoumejte v\u00fdjime\u010dn\u00e9 vlastnosti jachty LaLa:<\/strong><\/span><\/p>\n<ul>\n<li>Prostorn\u00e1 paluba pro dokonalou relaxaci a po\u017eitek.<\/li>\n<li>V p\u0159edn\u00ed \u010d\u00e1sti lodi se m\u016f\u017eete opalovat na slunci.<\/li>\n<li>Vybaven\u00ed pro \u0161norchlov\u00e1n\u00ed a \u0161lapadla pro vodn\u00ed dobrodru\u017estv\u00ed.<\/li>\n<li>Neomezen\u00e9 mno\u017estv\u00ed n\u00e1poj\u016f v\u010detn\u011b \u0161umiv\u00e9ho v\u00edna, b\u00edl\u00e9ho a r\u016f\u017eov\u00e9ho v\u00edna, piva, nealkoholick\u00fdch n\u00e1poj\u016f a vody.<\/li>\n<li>K dispozici jsou chutn\u00e9 pokrmy, nap\u0159\u00edklad nachos s guacamole a ku\u0159ec\u00ed paella.<\/li>\n<li>Dvojjazy\u010dn\u00e1 pos\u00e1dka, kter\u00e1 se postar\u00e1 o va\u0161e pot\u0159eby, v\u010detn\u011b zku\u0161en\u00e9ho kapit\u00e1na.<\/li>\n<\/ul>\n<h4>\ud83d\udea4 <strong>Vydejte se na cestu za pozn\u00e1n\u00edm<\/strong><\/h4>\n<p>Va\u0161e dobrodru\u017estv\u00ed za\u010d\u00edn\u00e1 v <a href=\"https:\/\/www.google.com\/maps\/place\/Puerto+Col%C3%B3n\/@28.078002,-16.7394902,17z\/data=!3m2!4b1!5s0xc6a97433884bdf9:0x76d293b7b99db23a!4m6!3m5!1s0xc6a9743509c9ebf:0xd62345524f768247!8m2!3d28.078002!4d-16.7369153!16s%2Fg%2F11c6cqryw_?entry=ttu\" target=\"_blank\" rel=\"noopener\">Puerto Col\u00f3n<\/a>, kter\u00fd se nach\u00e1z\u00ed v centru letoviska Costa Adeje. LaLa Yacht pojme a\u017e 12 host\u016f, co\u017e zaru\u010duje osobn\u00ed a exkluzivn\u00ed z\u00e1\u017eitek. Vyberte si z r\u016fzn\u00fdch mo\u017enost\u00ed pron\u00e1jmu, kter\u00e9 budou vyhovovat va\u0161im dobrodru\u017en\u00fdm pot\u0159eb\u00e1m.<\/p>\n<h4>\ud83c\udf0a <strong>Zapojte se do nezapomenuteln\u00fdch n\u00e1mo\u0159n\u00edch aktivit<\/strong><\/h4>\n<p>Jakmile se nalod\u00edte na jachtu LaLa, m\u016f\u017eete prozkoumat n\u00e1dhern\u00e9 vody Tenerife. A\u0165 u\u017e d\u00e1v\u00e1te p\u0159ednost \u0161norchlov\u00e1n\u00ed s m\u00edstn\u00edmi mo\u0159sk\u00fdmi \u017eivo\u010dichy, j\u00edzd\u011b na paddleboardu, nebo prost\u011b jen relaxaci a u\u017e\u00edv\u00e1n\u00ed si neuv\u011b\u0159iteln\u00fdch v\u00fdhled\u016f, ka\u017ed\u00fd si zde najde n\u011bco pro sebe. Na\u0161e pos\u00e1dka se postar\u00e1 o nezapomenutelnou cestu plnou z\u00e1bavy a objevov\u00e1n\u00ed.<\/p>\n<h4>\ud83d\udc2c <strong>Luxus se potk\u00e1v\u00e1 s hodnotou<\/strong><\/h4>\n<p>CanaryVIP pozvedne v\u00e1\u0161 z\u00e1\u017eitek z pron\u00e1jmu jachty LaLa Yacht, kter\u00e1 kombinuje opulentn\u00ed luxus s bezkonkuren\u010dn\u00ed hodnotou. Na\u0161e konkurenceschopn\u00e9 ceny zahrnuj\u00ed ve\u0161ker\u00e9 vybaven\u00ed a slu\u017eby pot\u0159ebn\u00e9 pro mimo\u0159\u00e1dn\u00e9 n\u00e1mo\u0159n\u00ed dobrodru\u017estv\u00ed.<\/p>\n<h3>\ud83d\udd52 <strong>Vyberte si sv\u00e9 dobrodru\u017estv\u00ed: Od kr\u00e1tk\u00fdch v\u00fdlet\u016f po del\u0161\u00ed pobyty<\/strong><\/h3>\n<ul>\n<li><strong>T\u0159\u00edhodinov\u00fd objev<\/strong>: Ide\u00e1ln\u00ed pro rodiny, kter\u00e9 cht\u011bj\u00ed poznat kr\u00e1sy pob\u0159e\u017e\u00ed a vodn\u00ed aktivity na Tenerife.<\/li>\n<li><strong>\u0160estihodinov\u00fd pr\u016fzkum<\/strong>: Hlub\u0161\u00ed ponor do div\u016f Tenerife s dostatkem \u010dasu na \u0161norchlov\u00e1n\u00ed a odpo\u010dinek.<\/li>\n<li><strong>Roz\u0161\u00ed\u0159en\u00e1 charta<\/strong>: Prodlu\u017ete si sv\u00e9 dobrodru\u017estv\u00ed na v\u00edce ne\u017e \u0161est hodin za pouh\u00fdch 150 \u20ac za hodinu nav\u00edc, co\u017e v\u00e1m umo\u017en\u00ed pln\u011b poznat Kan\u00e1rsk\u00e9 ostrovy.<\/li>\n<\/ul>\n<h3>\u2705 <strong>V\u0161e, co pot\u0159ebujete pro dokonal\u00fd den na mo\u0159i<\/strong><\/h3>\n<ul>\n<li>Bezplatn\u00e9 gurm\u00e1nsk\u00e9 kousky a neomezen\u00e9 mno\u017estv\u00ed n\u00e1poj\u016f pro v\u0161echny v\u011bkov\u00e9 kategorie.<\/li>\n<li>Zku\u0161en\u00fd, v\u00edcejazy\u010dn\u00fd person\u00e1l, kter\u00fd uspokoj\u00ed v\u0161echny va\u0161e pot\u0159eby.<\/li>\n<li>Kompletn\u00ed vybaven\u00ed pro \u0161norchlov\u00e1n\u00ed a podvodn\u00ed dobrodru\u017estv\u00ed.<\/li>\n<li>VIP zach\u00e1zen\u00ed s pohodln\u00fdmi sedadly a dostatkem prostoru.<\/li>\n<\/ul>\n<h3>\ud83c\udf7d\ufe0f <strong>J\u00eddlo na palub\u011b<\/strong><\/h3>\n<p>B\u011bhem pobytu na jacht\u011b LaLa si vychutn\u00e1te pe\u010dliv\u011b vybran\u00e9 \u010derstv\u00e9 a chutn\u00e9 pokrmy, kter\u00e9 jsou ide\u00e1ln\u00ed pro sd\u00edlen\u00ed p\u0159i relaxaci na mo\u0159i. V\u0161e je zahrnuto v cen\u011b a pod\u00e1v\u00e1 se s neomezen\u00fdm mno\u017estv\u00edm n\u00e1poj\u016f.<\/p>\n<p>Zde je popis toho, co m\u016f\u017eete o\u010dek\u00e1vat:<\/p>\n<ul>\n<li><strong>Ibersk\u00e9 prk\u00e9nko na uzeniny:<\/strong>\u00a0V\u00fdb\u011br kvalitn\u00edch uzenin s autentickou \u0161pan\u011blskou chut\u00ed.<\/li>\n<li><strong>V\u00fdb\u011br kan\u00e1rsk\u00fdch s\u00fdr\u016f:<\/strong>\u00a0M\u00edstn\u00ed s\u00fdry s bohatou a jedine\u010dnou chut\u00ed.<\/li>\n<li><strong>Gran Canaria Almogrote s rustik\u00e1ln\u00edmi chlebov\u00fdmi ty\u010dinkami:<\/strong>\u00a0Kr\u00e9mov\u00e1 s\u00fdrov\u00e1 pomaz\u00e1nka s p\u0159\u00edchut\u00ed mojo, pod\u00e1van\u00e1 s k\u0159upav\u00fdm chlebem.<\/li>\n<li><strong>Nachos s guacamole:<\/strong>\u00a0Sv\u011b\u017e\u00ed a k\u0159upav\u00e1 varianta ide\u00e1ln\u00ed na sva\u010dinu.<\/li>\n<li><strong>Kan\u00e1rsk\u00e9 vr\u00e1s\u010dit\u00e9 brambory s \u010derven\u00fdm mojem:<\/strong>\u00a0Obl\u00edben\u00fd m\u00edstn\u00ed pokrm, jednoduch\u00fd a pln\u00fd chuti.<\/li>\n<li><strong>Pe\u010den\u00e9 ku\u0159ec\u00ed z\u00e1vitky s k\u0159upav\u00fdm sal\u00e1tem:<\/strong>\u00a0Lehk\u00e9 a syt\u00e9, ide\u00e1ln\u00ed po plav\u00e1n\u00ed nebo j\u00edzd\u011b na paddleboardu.<\/li>\n<li><strong>Sez\u00f3nn\u00ed ovoce a pe\u010divo:<\/strong>\u00a0N\u011bco sladk\u00e9ho na z\u00e1v\u011br pobytu na palub\u011b.<\/li>\n<\/ul>\n<p>U\u017eijte si skv\u011bl\u00e9 j\u00eddlo, dobr\u00e9 pit\u00ed a je\u0161t\u011b lep\u0161\u00ed v\u00fdhled - to v\u0161e b\u011bhem jednoho nezapomenuteln\u00e9ho v\u00fdletu.<\/p>\n<h3>\ud83d\udccd <strong>Odjezd z Puerto Col\u00f3n: Br\u00e1na k dobrodru\u017estv\u00ed<\/strong><\/h3>\n<p>Puerto Col\u00f3n se nach\u00e1z\u00ed u br\u00e1ny 0 v Costa Adeje a je ide\u00e1ln\u00edm v\u00fdchoz\u00edm bodem pro va\u0161i dovolenou v LaLa. <a href=\"https:\/\/canaryvip.com\/cs\/tenerife\/boat-hire-tenerife\/\">Dobrodru\u017estv\u00ed na jacht\u011b.<\/a> Pro hladk\u00fd start se dostavte alespo\u0148 10 minut p\u0159ed odjezdem. Pohodln\u00e9 parkov\u00e1n\u00ed je k dispozici v p\u0159\u00edstavu.<\/p>\n<h4>\ud83d\udcdc <strong>Bezprobl\u00e9mov\u00e1 rezervace a jasn\u00e9 z\u00e1sady pro klidnou mysl<\/strong><\/h4>\n<p>Rezervace dobrodru\u017estv\u00ed na jacht\u011b LaLa u spole\u010dnosti CanaryVIP je bezprobl\u00e9mov\u00e1 a bezpe\u010dn\u00e1. Na\u0161e z\u00e1sady jsou navr\u017eeny tak, aby zajistily va\u0161e pohodl\u00ed a klid.<\/p>\n<ul>\n<li><strong>Z\u00e1ruka po\u010das\u00ed<\/strong>: V p\u0159\u00edpad\u011b nep\u0159\u00edzniv\u00e9ho po\u010das\u00ed si pro svou bezpe\u010dnost m\u016f\u017eete vybrat mezi zm\u011bnou term\u00ednu nebo vr\u00e1cen\u00edm pen\u011bz v pln\u00e9 v\u00fd\u0161i.<\/li>\n<li><strong>Flexibiln\u00ed zru\u0161en\u00ed<\/strong>: Zru\u0161en\u00ed nebo zm\u011bna term\u00ednu a\u017e 5 dn\u00ed p\u0159edem za plnou n\u00e1hradu. Po uplynut\u00ed t\u00e9to lh\u016fty se pen\u00edze nevracej\u00ed.<\/li>\n<li><strong>Snadn\u00fd p\u0159\u00edstup ke vstupenk\u00e1m<\/strong>: Palubn\u00ed vstupenku m\u011bjte pro v\u011bt\u0161\u00ed pohodl\u00ed po ruce v telefonu nebo vyti\u0161t\u011bnou.<\/li>\n<li><strong>Komplexn\u00ed p\u00e9\u010de<\/strong>: Pokud se nec\u00edt\u00edte dob\u0159e nebo cestu p\u0159ed\u010dasn\u011b ukon\u010d\u00edte, n\u00e1\u0161 t\u00fdm v\u00e1m pom\u016f\u017ee, ale v takov\u00fdch p\u0159\u00edpadech se pen\u00edze nevracej\u00ed.<\/li>\n<li><strong>Flexibilita plateb<\/strong>: Vyberte si zp\u016fsob platby, kter\u00fd v\u00e1m nejl\u00e9pe vyhovuje.<\/li>\n<\/ul>\n<p><strong>\ud83c\udf0a\ud83c\udf1f\ud83d\udee5\ufe0f Rezervujte si z\u00e1\u017eitek na jacht\u011b LaLa u spole\u010dnosti CanaryVIP je\u0161t\u011b dnes a odemkn\u011bte si nezapomenuteln\u00e9 chv\u00edle na mo\u0159i.<\/strong><\/p>","protected":false},"excerpt":{"rendered":"<p><strong>\ud83d\udd0d LaLa Yacht:<\/strong><br \/>\n\u2705 Bezpe\u010dn\u00e1 platba.<br \/>\n\ud83d\udd10 Soukrom\u00e9 prohl\u00eddky.<br \/>\n\ud83d\udee5\ufe0f 14m Yacht Comfort.<br \/>\n\u23f3 Denn\u00ed prohl\u00eddky v d\u00e9lce 2-12 hodin.<br \/>\n\ud83d\udd59 P\u0159izp\u016fsobiteln\u00e9 \u010dasy odjezd\u016f.<br \/>\n\ud83c\udf74 Stravov\u00e1n\u00ed a n\u00e1poje v cen\u011b.<br \/>\n\ud83d\udc65 A\u017e 12 host\u016f.<br \/>\n\ud83c\udfc4\u200d\u2640\ufe0f V\u010detn\u011b p\u00e1del.<br \/>\n\ud83e\udd3f Vybaven\u00ed pro \u0161norchlov\u00e1n\u00ed je k dispozici.<br \/>\n\ud83d\udd0a P\u0159ehrajte si hudbu.<br \/>\n\ud83e\udd11 Garance nejlep\u0161\u00ed ceny.<br \/>\n\ud83d\udc6a Slevy aktivov\u00e1ny.<br \/>\n\ud83d\udd01 Zru\u0161en\u00ed a\u017e na 5 dn\u00ed.<br \/>\n\ud83c\udf0d V\u00edcejazy\u010dn\u00e1 pos\u00e1dka.<br \/>\n\ud83c\udf1f Rezervujte v\u010das a u\u0161et\u0159ete!<br \/>\n\ud83d\udccd Odjezd z\u00a0<a href=\"https:\/\/www.google.com\/maps\/place\/Puerto+Col%C3%B3n\/@28.0783432,-16.7368735,18.52z\/data=!4m6!3m5!1s0xc6a9743509c9ebf:0xd62345524f768247!8m2!3d28.0789928!4d-16.7359737!16s%2Fg%2F11c6cqryw_?entry=tts\">Puerto Colon<\/a>.<\/p>","protected":false},"featured_media":11556,"comment_status":"open","ping_status":"closed","template":"","meta":{"_acf_changed":false},"product_brand":[],"product_cat":[47],"product_tag":[],"class_list":{"0":"post-11553","1":"product","2":"type-product","3":"status-publish","4":"has-post-thumbnail","6":"product_cat-boat-hire-tenerife","7":"wcpa_has_options","9":"first","10":"instock","11":"virtual","12":"purchasable","13":"product-type-simple"},"acf":[],"wcpa_form_fields":{"wcpaData":{"product":{"product_price":815,"price_html":"From&nbsp;<span class=\"woocommerce-Price-amount amount\"><bdi>815,00&nbsp;<span class=\"woocommerce-Price-currencySymbol\">&euro;<\/span><\/bdi><\/span>","original_product_price":815,"price_including_tax":815,"price_excluding_tax":815,"product_id":{"parent":11553,"variation":false},"is_variable":false,"stock_status":"instock","stock_quantity":null,"parent_sku":"CV11553","product_attributes":[],"custom_fields":[],"is_taxable":false,"product_name":"LaLa Private Yacht Tenerife","hasImage":false},"fields":{"sec_4664dde58b0cc7":{"extra":{"key":"sec_4664dde58b0cc7","section_id":"sec_4664dde58b0cc7","name":"Default","status":1,"cl_rule":"show","enableCl":false,"relations":[],"toggle":true,"title_tag":"h3","show_title":false,"showPrice":"default","form_id":11559,"form_rules":{"exclude_from_discount":true,"fee_label":"Fee","disp_hide_options_price":true,"disp_show_section_price":false,"disp_show_field_price":true,"layout_option":"standard","pric_use_as_fee":false,"process_fee_as":"woo_fee"},"layout_option":"standard"},"fields":[[{"label":"\ud83d\udcc5 Date","active":true,"required":true,"elementId":"date_9664dde58b0ce8","picker_type":"custom","picker_mode":"single","placeholder":"","description":"","tooltip":"","name":"date_9664dde58b0ce8","label_position":"default","desc_position":"default","enablePrice":false,"className":"","enableCl":false,"relations":[{"operator":"and","rules":[{"operator":"AND","rules":{"cl_field":"radio-group_565c78ffa81208","cl_relation":"is","cl_val":"3 Hour Trip"}}]}],"date_pic_inline":true,"date_pic_inline_hide":true,"min_date":{"type":"days","val":"0"},"max_date":{"type":"days","val":"365"},"date_pic_conf":{"disabledWeeks":[]},"price":"","cl_rule":"show","col":6,"type":"date","error":false,"enableDesign":false,"LabelColor":"","date_conf_custom":{"minDate":"let d = new Date();\nif (d.getHours() >= 18) {\n  d.setDate(d.getDate() + 1);\n} else {\n  d.setDate(d.getDate() + 0);\n}\nreturn d;"},"gt_translate_keys":["label","placeholder","description","tooltip"],"price_dependency":false,"cl_dependency":false,"value":""}],[{"elementId":"separator_2664dde58b0d4d","separatorType":"blank","className":"","height":"1","enableCl":false,"relations":false,"cl_rule":"show","col":6,"type":"separator","error":false,"gt_translate_keys":[],"price_dependency":false,"cl_dependency":false,"value":""}],[{"active":true,"col":6,"relations":[{"operator":false,"rules":[{"operator":"AND","rules":{"cl_field":"radio-group_565c78ffa81208","cl_relation":"is","cl_val":"3 Hour Trip"}}]}],"cl_rule":"show","enableCl":false,"price":"","enablePrice":false,"className":"","label_position":"default","desc_position":"default","type":"select","required":false,"elementId":"select_3664dde58b0d57","label":"\u23f0 Departure","name":"select_3664dde58b0d57","values":[{"label":"09:00","value":"09:00","selected":false,"tempId":"aco_1471","gt_translate_keys":["label"]},{"label":"10:00","value":"10:00","selected":false,"tempId":"aco_1472","gt_translate_keys":["label"]},{"label":"11:00","value":"11:00","selected":false,"tempId":"aco_1500","gt_translate_keys":["label"]},{"label":"12:00","value":"12:00","selected":false,"tempId":"aco_1510","gt_translate_keys":["label"]},{"label":"13:30 (1:30 PM)","value":"13:30","selected":false,"tempId":"aco_1520","gt_translate_keys":["label"]},{"label":"14:00 (2:00 PM)","value":"14:00","selected":false,"tempId":"aco_1728","gt_translate_keys":["label"]},{"label":"15:00 (3:00 PM)","value":"15:00","selected":false,"tempId":"aco_1738","gt_translate_keys":["label"]}],"dropdown_type":"basic","error":false,"placeholder":"Whichever Time is Best","isWeightTemplate":false,"isTemplate":false,"min_quantity":"1","quantity_decimal":false,"quantity_step":"1","quantity_label":"Quantity","repeater_field_label":"{field_label}","repeater_bind":"","gt_translate_keys":["label","placeholder","repeater_field_label","quantity_label"],"price_dependency":false,"cl_dependency":false,"value":""}],[{"label":"\u2705 Number of People","active":true,"required":true,"elementId":"select_3664dde58b0d19","dropdown_type":"basic","placeholder":"Select Number of People","name":"select_3664dde58b0d19","label_position":"default","desc_position":"default","enablePrice":false,"className":"","enableCl":false,"relations":[{"operator":false,"rules":[{"operator":"AND","rules":{"cl_field":"radio-group_565c78ffa81208","cl_relation":"is","cl_val":"3 Hour Trip"}}]}],"values":[{"label":"1 person","value":"1","selected":false,"tempId":"aco_1471","price":"0","gt_translate_keys":["label"]},{"label":"2 people","value":"2","selected":false,"tempId":"aco_1472","price":"0","gt_translate_keys":["label"]},{"label":"3 people","value":"3","selected":false,"tempId":"aco_1500","price":"0","gt_translate_keys":["label"]},{"label":"4 people","value":"4","selected":false,"tempId":"aco_1510","price":"0","gt_translate_keys":["label"]},{"label":"5 people","value":"5","selected":false,"tempId":"aco_1520","price":"0","gt_translate_keys":["label"]},{"label":"6 people","value":"6","selected":false,"tempId":"aco_1728","price":"0","gt_translate_keys":["label"]},{"label":"7 people","value":"7","selected":false,"tempId":"aco_1738","price":"20","gt_translate_keys":["label"]},{"label":"8 people","value":"8","selected":false,"tempId":"aco_1748","price":"40","gt_translate_keys":["label"]},{"label":"9 people","value":"9","selected":false,"tempId":"aco_1912","price":"60","gt_translate_keys":["label"]},{"label":"10 people","value":"10","selected":false,"tempId":"aco_1922","price":"80","gt_translate_keys":["label"]},{"label":"11 people","value":"11","selected":false,"tempId":"aco_705","price":"100","gt_translate_keys":["label"]},{"label":"12 People","value":"12","selected":false,"tempId":"aco_85","gt_translate_keys":["label"]}],"price":"","cl_rule":"show","col":6,"type":"select","error":false,"priceOptions":"different_for_all","pricingType":"fixed","is_show_price":true,"gt_translate_keys":["label","placeholder"],"price_dependency":false,"cl_dependency":false,"value":""}],[{"elementId":"separator_1664dde58b0d62","separatorType":"blank","className":"","height":"1","enableCl":false,"relations":false,"cl_rule":"show","col":6,"type":"separator","error":false,"gt_translate_keys":[],"price_dependency":false,"cl_dependency":false,"value":""}],[{"contentType":"rich","active":true,"label":"","elementId":"content_8664dde58b0cf7","value":"<p>\ud83c\udf9f\ufe0f <strong>Reservation<\/strong>: Pay only a deposit now to reserve; the rest is due on the day of the activity upon arrival.<\/p>","inline":false,"name":"content_8664dde58b0cf7","enablePrice":false,"className":"","subtype":"p","enableCl":false,"relations":false,"price":"","cl_rule":"show","col":6,"type":"content","error":false,"pricingType":"custom","isTemplate":false,"is_show_price":true,"show_in_checkout":true,"gt_translate_keys":["label","value"],"price_dependency":false,"cl_dependency":false}],[{"elementId":"separator_3664dde58b0d04","separatorType":"blank","className":"","height":"3","enableCl":false,"relations":false,"cl_rule":"show","col":6,"type":"separator","error":false,"gt_translate_keys":[],"price_dependency":false,"cl_dependency":false,"value":""}],[{"active":true,"col":6,"relations":false,"cl_rule":"show","enableCl":false,"price":"","enablePrice":true,"className":"","label_position":"default","desc_position":"default","type":"select","required":true,"elementId":"select_7664dde58b0d0f","label":"\u23f3 Trip Duration","name":"select_7664dde58b0d0f","values":[{"label":"3 Hours (815\u20ac)","value":"3","selected":false,"tempId":"aco_556","price":"815","gt_translate_keys":["label"]},{"label":"4 Hours (960\u20ac)","value":"4","selected":false,"tempId":"aco_640","price":"960","gt_translate_keys":["label"]},{"label":"5 Hours (1.100\u20ac)","value":"5","selected":false,"tempId":"aco_660","price":"1100","gt_translate_keys":["label"]},{"label":"6 Hours (1.245\u20ac)","value":"6","selected":false,"tempId":"aco_566","price":"1245","gt_translate_keys":["label"]},{"label":"7 Hours (1.390\u20ac)","value":"7","selected":false,"tempId":"aco_19","price":"1390","gt_translate_keys":["label"]},{"label":"8 Hours (1.500\u20ac)","value":"8","selected":false,"tempId":"aco_792","price":"1500","gt_translate_keys":["label"]}],"dropdown_type":"basic","error":false,"placeholder":"Select Trip Duration","priceOptions":"different_for_all","pricingType":"fixed","is_show_price":true,"isTemplate":false,"isWeightTemplate":false,"min_quantity":"1","quantity_decimal":false,"quantity_step":"1","quantity_label":"Quantity","repeater_field_label":"{field_label}","repeater_bind":"","gt_translate_keys":["label","placeholder","repeater_field_label","quantity_label"],"price_dependency":["content_7664dde58b0d2e","content_5664dde58b0d38"],"cl_dependency":false,"value":""}],[{"active":true,"col":6,"relations":false,"cl_rule":"show","enableCl":false,"price":"","enablePrice":true,"className":"","label_position":"default","desc_position":"default","type":"select","required":false,"elementId":"select_6738878861","label":"\ud83d\udca6 Add jet-skis?","name":"select_6738878861","values":[{"label":"1 JetSki for 1 Hour (250\u20ac)","value":"1 JetSki","selected":false,"tempId":"aco_167","price":"250","gt_translate_keys":["label"]},{"label":"2 JetSkis for 1 Hour (500\u20ac)","value":"2 JetSkis","selected":false,"tempId":"aco_168","price":"500","gt_translate_keys":["label"]}],"isWeightTemplate":false,"error":false,"isTemplate":false,"min_quantity":"1","quantity_decimal":false,"quantity_step":"1","quantity_label":"Quantity","repeater_field_label":"{field_label}","repeater_bind":"","dropdown_type":"basic","description":"Private JetSki tour from the boat with a JetSki instructor.","priceOptions":"different_for_all","pricingType":"fixed","is_show_price":true,"placeholder":"None","gt_translate_keys":["label","placeholder","description","repeater_field_label","quantity_label"],"price_dependency":false,"cl_dependency":false,"value":""}],[{"elementId":"separator_4664dde58b0d24","separatorType":"fill","className":"","height":"6","enableCl":false,"relations":false,"cl_rule":"show","col":6,"type":"separator","error":false,"separatorColor":"#66a6b6","gt_translate_keys":[],"price_dependency":false,"cl_dependency":false,"value":""}],[{"active":true,"col":6,"relations":false,"cl_rule":"show","enableCl":false,"price":"({field.select_7664dde58b0d0f.price})*0.20","enablePrice":true,"className":"","label_position":"default","desc_position":"default","type":"content","required":false,"elementId":"content_7664dde58b0d2e","label":"Deposit Payment","name":"content_7664dde58b0d2e","contentType":"plain","value":"","error":false,"pricingType":"custom","isTemplate":true,"is_show_price":false,"enableDesign":true,"scrollBar":false,"use_as_fee":false,"fee_label":"Payment Now","inline":true,"show_in_checkout":true,"subtype":"div","formulaId":"fmla_1716380912562544169","LabelSize":"14px","gt_translate_keys":["label","value"],"price_dependency":["content_8664dde58b0d42"],"cl_dependency":false}],[{"contentType":"plain","active":true,"label":"Payment at Arrival","elementId":"content_5664dde58b0d38","value":"","inline":true,"show_in_checkout":true,"name":"content_5664dde58b0d38","enablePrice":true,"className":"","fee_label":"Payment at Arrival","subtype":"div","enableCl":false,"relations":false,"scrollBar":false,"enableDesign":true,"pricingType":"custom","isTemplate":true,"price":"({field.select_7664dde58b0d0f.price})*0.80","use_as_fee":false,"is_show_price":true,"cl_rule":"show","col":6,"type":"content","error":false,"formulaId":"fmla_1708364241278155361","LabelSize":"14px","gt_translate_keys":["label","value"],"price_dependency":["content_8664dde58b0d42"],"cl_dependency":false}],[{"contentType":"plain","active":true,"label":"Total Price","elementId":"content_8664dde58b0d42","value":"","inline":true,"show_in_checkout":true,"name":"content_8664dde58b0d42","enablePrice":true,"className":"","fee_label":"Payment at Arrival","subtype":"div","enableCl":false,"relations":false,"scrollBar":false,"enableDesign":true,"LabelSize":"14px","pricingType":"custom","isTemplate":false,"price":"({field.content_7664dde58b0d2e.price}) + ({field.content_5664dde58b0d38.price})","formulaId":"fmla_1708360988969136756","use_as_fee":false,"is_show_price":true,"cl_rule":"show","col":6,"type":"content","error":false,"gt_translate_keys":["label","value"],"price_dependency":false,"cl_dependency":false}]]}},"config":{"price_override":"always","enable_recaptcha":false,"bind_quantity":false,"quantity_bind_formula":false,"disp_summ_show_option_price":true,"disp_summ_show_product_price":false,"disp_summ_show_total_price":false,"disp_summ_show_fee":true,"disp_summ_show_discount":true,"summary_title":"","options_total_label":"Options Price","total_label":"Deposit Amount","options_product_label":"Product Price","fee_label":"Fee","discount_label":"Discount","has_price":true,"has_quantity_formula":false},"mc_unit":1,"tax_rate":1,"tax_rate_real":1,"discount":{"percentage":0,"fixed":0},"design":{"conf":{"LabelPosition":"above","DescPosition":"above","UploadField":"custom_1","QuantityFieldStyle":"custom_1"},"css":{"LeftLabelWidth":"120px"}},"formulas":{"fmla_1708364241278155361":"(({field.select_7664dde58b0d0f.value}>=8)?(1170):(({field.select_7664dde58b0d0f.value}>=7)?(1057.50):(({field.select_7664dde58b0d0f.value}>=6)?(945):(({field.select_7664dde58b0d0f.value}>=5)?(840):(({field.select_7664dde58b0d0f.value}>=4)?(727.50):(({field.select_7664dde58b0d0f.value}>=3)?(615):(0)))))))","fmla_1716380912562544169":"(({field.select_7664dde58b0d0f.value}>=8)?(330+{field.select_6738878861.price}):(({field.select_7664dde58b0d0f.value}>=7)?(332.50+{field.select_6738878861.price}):(({field.select_7664dde58b0d0f.value}>=6)?(300+{field.select_6738878861.price}):(({field.select_7664dde58b0d0f.value}>=5)?(260+{field.select_6738878861.price}):(({field.select_7664dde58b0d0f.value}>=4)?(232.50+{field.select_6738878861.price}):(({field.select_7664dde58b0d0f.value}>=3)?(200+{field.select_6738878861.price}):(0)))))))"},"lookuptables":[],"clones":false,"cartKey":false}},"_links":{"self":[{"href":"https:\/\/canaryvip.com\/cs\/wp-json\/wp\/v2\/product\/11553","targetHints":{"allow":["GET"]}}],"collection":[{"href":"https:\/\/canaryvip.com\/cs\/wp-json\/wp\/v2\/product"}],"about":[{"href":"https:\/\/canaryvip.com\/cs\/wp-json\/wp\/v2\/types\/product"}],"replies":[{"embeddable":true,"href":"https:\/\/canaryvip.com\/cs\/wp-json\/wp\/v2\/comments?post=11553"}],"wp:featuredmedia":[{"embeddable":true,"href":"https:\/\/canaryvip.com\/cs\/wp-json\/wp\/v2\/media\/11556"}],"wp:attachment":[{"href":"https:\/\/canaryvip.com\/cs\/wp-json\/wp\/v2\/media?parent=11553"}],"wp:term":[{"taxonomy":"product_brand","embeddable":true,"href":"https:\/\/canaryvip.com\/cs\/wp-json\/wp\/v2\/product_brand?post=11553"},{"taxonomy":"product_cat","embeddable":true,"href":"https:\/\/canaryvip.com\/cs\/wp-json\/wp\/v2\/product_cat?post=11553"},{"taxonomy":"product_tag","embeddable":true,"href":"https:\/\/canaryvip.com\/cs\/wp-json\/wp\/v2\/product_tag?post=11553"}],"curies":[{"name":"wp","href":"https:\/\/api.w.org\/{rel}","templated":true}]}}