{"id":11493,"date":"2024-05-14T14:46:09","date_gmt":"2024-05-14T13:46:09","guid":{"rendered":"https:\/\/canaryvip.com\/?post_type=product&#038;p=11493"},"modified":"2025-08-09T14:10:34","modified_gmt":"2025-08-09T13:10:34","slug":"scuba-diving-open-water-course-tenerife","status":"publish","type":"product","link":"https:\/\/canaryvip.com\/cs\/shop\/scuba-diving-open-water-course-tenerife\/","title":{"rendered":"Pot\u00e1p\u011bn\u00ed PADI: Kurz pot\u00e1p\u011bn\u00ed s otev\u0159enou vodou na Tenerife"},"content":{"rendered":"<h2><strong>\ud83e\udd3f Kurz pot\u00e1p\u011bn\u00ed PADI Open Water Tenerife<\/strong><\/h2>\n<p>Objevte dokonal\u00fd z\u00e1\u017eitek z pot\u00e1p\u011bn\u00ed v na\u0161em kurzu PADI Scuba Diving Open Water na Tenerife. Z\u00edskejte pot\u00e1p\u011b\u010dsk\u00fd pr\u016fkaz a prozkoumejte z\u00e1zraky podmo\u0159sk\u00e9ho sv\u011bta Tenerife. Na\u0161e kurzy jsou navr\u017eeny tak, aby v\u00e1s p\u0159ipravily na pot\u00e1p\u011bn\u00ed za jak\u00fdchkoli podm\u00ednek, a Tenerife je tak ide\u00e1ln\u00edm m\u00edstem pro za\u010d\u00e1tek va\u0161\u00ed cesty za pot\u00e1p\u011bn\u00edm.<\/p>\n<h3><strong>\u23f1\ufe0f Kurz pot\u00e1p\u011bn\u00ed PADI Open Water: Nepot\u0159ebujete \u017e\u00e1dn\u00e9 zku\u0161enosti!<\/strong><\/h3>\n<ul>\n<li><strong>Certifikace:<\/strong> Z\u00edskejte na Tenerife certifik\u00e1t PADI Open Water, kter\u00fd v\u00e1m umo\u017en\u00ed pot\u00e1p\u011bt se kdekoli na sv\u011bt\u011b, v\u010detn\u011b jin\u00fdch zem\u00ed.<\/li>\n<li><strong>Um\u00edst\u011bn\u00ed:<\/strong> Na\u0161e kurzy prob\u00edhaj\u00ed v profesion\u00e1ln\u00ed pot\u00e1p\u011b\u010dsk\u00e9 \u0161kole v Los Cristianos.<\/li>\n<li><strong>Doba trv\u00e1n\u00ed:<\/strong> Kurz trv\u00e1 2-3 dny a zahrnuje 4 ponory a komplexn\u00ed v\u00fduku teorie.<\/li>\n<\/ul>\n<h3><strong>\ud83c\udf0a Komplexn\u00ed lekce pot\u00e1p\u011bn\u00ed na Tenerife<\/strong><\/h3>\n<ul>\n<li><strong>\u0160kolen\u00ed:<\/strong> Nau\u010dte se pot\u00e1p\u011bt s vysoce kvalifikovan\u00fdm instruktorem PADI do maxim\u00e1ln\u00ed hloubky 18 metr\u016f. Poznejte podmo\u0159sk\u00fd sv\u011bt jako nikdy p\u0159edt\u00edm, pochopte mo\u0159sk\u00e9 proudy, mo\u0159sk\u00fd \u017eivot a z\u00e1kony pod vodou.<\/li>\n<li><strong>D\u011btsk\u00fd kurz:<\/strong> Mlad\u00ed pot\u00e1p\u011b\u010di ve v\u011bku 10-14 let mohou tak\u00e9 z\u00edskat certifik\u00e1t Junior PADI Open Water s ponory do 12 metr\u016f.<\/li>\n<li>Kompletn\u00ed v\u00fdbava v cen\u011b.<\/li>\n<\/ul>\n<h3><strong>\ud83d\udc22 Podm\u00ednky pro pot\u00e1p\u011bn\u00ed na Tenerife<\/strong><\/h3>\n<ul>\n<li><strong>Teplota vody:<\/strong> Celoro\u010dn\u011b se m\u016f\u017eete t\u011b\u0161it na p\u0159\u00edjemn\u00e9 podm\u00ednky pro pot\u00e1p\u011bn\u00ed s teplotami v rozmez\u00ed 18-25 \u00b0C.<\/li>\n<li><strong>Viditelnost:<\/strong> Za\u017eijte jasnou viditelnost pod vodou v hloubce 15-30 metr\u016f, kter\u00e1 je ide\u00e1ln\u00ed pro pozorov\u00e1n\u00ed rozmanit\u00e9ho mo\u0159sk\u00e9ho \u017eivota, jako jsou rejnoci, \u017eelvy, chobotnice a dal\u0161\u00ed.<\/li>\n<li><strong>V\u00fdhodn\u00e1 poloha:<\/strong> Pot\u00e1p\u011b\u010dsk\u00e1 \u0161kola se nach\u00e1z\u00ed v Los Cristianos, odkud je snadn\u00fd p\u0159\u00edstup k nejlep\u0161\u00edm pot\u00e1p\u011b\u010dsk\u00fdm lokalit\u00e1m a mo\u017enost vyzvednut\u00ed na jihu Tenerife.<\/li>\n<\/ul>\n<h3><strong>\u2705 Co je zahrnuto v kurzu PADI na Tenerife?<\/strong><\/h3>\n<ul>\n<li>Voliteln\u00e1 slu\u017eba vyzvednut\u00ed a p\u0159ed\u00e1n\u00ed.<\/li>\n<li>Lekce pot\u00e1p\u011bn\u00ed pod veden\u00edm zku\u0161en\u00fdch instruktor\u016f.<\/li>\n<li>Sk\u0159\u00ed\u0148ky na osobn\u00ed v\u011bci.<\/li>\n<li>20-45 minut pot\u00e1p\u011bn\u00ed na jedno sezen\u00ed.<\/li>\n<li>V\u00edcejazy\u010dn\u00ed pr\u016fvodci pro srozumiteln\u00e9 pokyny.<\/li>\n<\/ul>\n<h3><strong>\u2696\ufe0f Rezerva\u010dn\u00ed a storno podm\u00ednky pro pot\u00e1p\u011bn\u00ed na Tenerife<\/strong><\/h3>\n<ul>\n<li><strong>Flexibiln\u00ed zru\u0161en\u00ed:<\/strong> Zru\u0161en\u00ed rezervace do 48 hodin p\u0159ed ponorem a vr\u00e1cen\u00ed pln\u00e9 \u010d\u00e1stky. Ch\u00e1peme, \u017ee pl\u00e1ny se mohou zm\u011bnit.<\/li>\n<li><strong>Z\u00e1vis\u00ed na po\u010das\u00ed:<\/strong> V p\u0159\u00edpad\u011b nep\u0159\u00edzniv\u00e9ho po\u010das\u00ed m\u016f\u017eete zm\u011bnit term\u00edn nebo v\u00e1m bude vr\u00e1cena cel\u00e1 \u010d\u00e1stka. Budeme v\u00e1s informovat alespo\u0148 hodinu p\u0159edem.<\/li>\n<li><strong>Zdravotn\u00ed po\u017eadavky:<\/strong> P\u0159ed pot\u00e1p\u011bn\u00edm je t\u0159eba vyplnit l\u00e9ka\u0159sk\u00fd formul\u00e1\u0159, abyste se ujistili, \u017ee jste zp\u016fsobil\u00ed k pot\u00e1p\u011bn\u00ed.<\/li>\n<\/ul>\n<h3><strong>\ud83c\udf92 P\u0159\u00edprava na pot\u00e1p\u011b\u010dsk\u00e9 dobrodru\u017estv\u00ed<\/strong><\/h3>\n<ul>\n<li><strong>Co si vz\u00edt s sebou:<\/strong> Plavky, \u017eabky, ru\u010dn\u00edk a vstupenku CanaryVIP (vyti\u0161t\u011bnou nebo v telefonu).<\/li>\n<li><strong>Zdrav\u00ed a bezpe\u010dnost:<\/strong> Pot\u00e1p\u011bn\u00ed se nedoporu\u010duje osob\u00e1m star\u0161\u00edm 5 m\u011bs\u00edc\u016f t\u011bhotenstv\u00ed. \u00da\u010dastn\u00edci se mus\u00ed c\u00edtit dob\u0159e ve vod\u011b a um\u011bt plavat.<\/li>\n<li><strong>Vybaven\u00ed:<\/strong> Ve\u0161ker\u00e9 pot\u0159ebn\u00e9 pot\u00e1p\u011b\u010dsk\u00e9 vybaven\u00ed je k dispozici. P\u0159inesen\u00ed osobn\u00ed v\u00fdstroje m\u016f\u017ee zv\u00fd\u0161it va\u0161e pohodl\u00ed.<\/li>\n<\/ul>\n<h3>\u2753 <strong>\u010casto kladen\u00e9 ot\u00e1zky: Odpov\u011bdi na va\u0161e pot\u00e1p\u011b\u010dsk\u00e9 dotazy<\/strong><\/h3>\n<ul>\n<li><strong>Pot\u0159ebuji p\u0159edchoz\u00ed zku\u0161enosti s pot\u00e1p\u011bn\u00edm?<\/strong> Ne, na\u0161e kurzy jsou ur\u010deny pro za\u010d\u00e1te\u010dn\u00edky. P\u0159ipravte se na vzru\u0161uj\u00edc\u00ed podvodn\u00ed dobrodru\u017estv\u00ed.<\/li>\n<li><strong>Co si m\u00e1m vz\u00edt na sebe?<\/strong> Poskytujeme ve\u0161ker\u00e9 pot\u0159ebn\u00e9 bezpe\u010dnostn\u00ed a pot\u00e1p\u011b\u010dsk\u00e9 vybaven\u00ed.<\/li>\n<li><strong>Existuj\u00ed v\u011bkov\u00e1 omezen\u00ed?<\/strong> Vhodn\u00e9 pro d\u011bti od 10 let. D\u011bti od 10 do 14 let se mohou p\u0159ihl\u00e1sit do kurzu Junior Open Water.<\/li>\n<li><strong>Co kdy\u017e \u017eelvy nebo rejnoky neuvid\u00edm?<\/strong> I kdy\u017e jsou pozorov\u00e1n\u00ed b\u011b\u017en\u00e1, nelze je zaru\u010dit, proto\u017ee z\u00e1vis\u00ed na p\u0159\u00edrod\u011b.<\/li>\n<\/ul>\n<h3><strong>\ud83d\udcc5 Podrobnosti o kurzu<\/strong><\/h3>\n<ul>\n<li><strong>Doba trv\u00e1n\u00ed:<\/strong> Kurz trv\u00e1 2-3 dny, zahrnuje 4 ponory a v\u00fduku teorie.<\/li>\n<li><strong>Minim\u00e1ln\u00ed v\u011bk:<\/strong> 10 let. Junior\u0161t\u00ed pot\u00e1p\u011b\u010di (10-14 let) jsou certifikov\u00e1ni pro pot\u00e1p\u011bn\u00ed do hloubky 12 metr\u016f.<\/li>\n<li><strong>Certifikace:<\/strong> Po absolvov\u00e1n\u00ed kurzu z\u00edsk\u00e1te certifik\u00e1t PADI Open Water Diver, kter\u00fd v\u00e1m umo\u017en\u00ed pot\u00e1p\u011bt se a\u017e do hloubky 18 metr\u016f kdekoli na sv\u011bt\u011b, v\u017edy s partnerem.<\/li>\n<li><strong>Struktura kurzu:<\/strong>\n<ul>\n<li><strong>Teorie:<\/strong> Z\u00edskejte informace o vybaven\u00ed, bezpe\u010dnosti a podvodn\u00ed navigaci, kter\u00e9 m\u016f\u017eete absolvovat online p\u0159ed zah\u00e1jen\u00edm kurzu.<\/li>\n<li><strong>Praktick\u00e1 cvi\u010den\u00ed:<\/strong> Z\u00edskejte d\u016fv\u011bru ve sv\u00e9 vybaven\u00ed prost\u0159ednictv\u00edm cvi\u010den\u00ed pod vodou a na hladin\u011b.<\/li>\n<li><strong>Pot\u00e1p\u011bn\u00ed:<\/strong> Absolvujte 4 ponory - 2 do hloubky 12 metr\u016f a 2 do hloubky 18 metr\u016f, p\u0159i kter\u00fdch si procvi\u010d\u00edte dovednosti z\u00edskan\u00e9 v teoretick\u00fdch a praktick\u00fdch lekc\u00edch.<\/li>\n<\/ul>\n<\/li>\n<li><strong>Vybaven\u00ed:<\/strong> Ve\u0161ker\u00e9 pot\u0159ebn\u00e9 vybaven\u00ed je zahrnuto v cen\u011b kurzu.<\/li>\n<li><strong>Certifikace pro juniory:<\/strong> D\u011bti ve v\u011bku 10-14 let z\u00edskaj\u00ed certifik\u00e1t Junior Open Water Diver, kter\u00fd umo\u017e\u0148uje pot\u00e1p\u011bn\u00ed a\u017e do hloubky 12 metr\u016f.<\/li>\n<\/ul>\n<h4><strong>\ud83c\udf1e Jste p\u0159ipraveni se pono\u0159it?<\/strong><\/h4>\n<p>Vydejte se na nezapomenutelnou cestu PADI <a href=\"https:\/\/canaryvip.com\/cs\/shop\/scuba-diving-tenerife\/\">Pot\u00e1p\u011bn\u00ed<\/a> Kurz Open Water na Tenerife. A\u0165 u\u017e se budete pot\u00e1p\u011bt z Los Cristianos, pozorovat \u017eelvy nebo zkoumat \u017eiv\u00fd mo\u0159sk\u00fd \u017eivot, dobrodru\u017estv\u00ed s CanaryVIP slibuje vzru\u0161en\u00ed a trval\u00e9 vzpom\u00ednky.<\/p>\n<p>Rezervujte si m\u00edsto je\u0161t\u011b dnes a pono\u0159te se do z\u00e1zrak\u016f oce\u00e1nu s CanaryVIP! \ud83e\udd3f\ud83d\udc22\ud83c\udf0a<\/p>","protected":false},"excerpt":{"rendered":"<p><strong>\ud83d\udd0d Kurz PADI na Tenerife:<\/strong><br \/>\n\u2705 Bezpe\u010dn\u00e1 platba.<br \/>\n\ud83c\udfab Z\u00edskejte certifik\u00e1t PADI.<br \/>\n\ud83d\udc20 Pozorov\u00e1n\u00ed mo\u0159sk\u00fdch \u017eivo\u010dich\u016f.<br \/>\n\ud83d\ude80 2-3 dny Trv\u00e1n\u00ed kurzu.<br \/>\n\ud83e\udd3f Poskytovan\u00e9 vybaven\u00ed.<br \/>\n\ud83d\udd59 Rann\u00ed odjezd.<br \/>\n\ud83d\udcc5 K dispozici denn\u011b.<br \/>\n\ud83d\ude0e Pot\u00e1p\u011b\u010dsk\u00e9 zku\u0161enosti nejsou pot\u0159eba.<br \/>\n\ud83c\udfca\ud83c\udffc Po\u017eadovan\u00e9 z\u00e1klady plav\u00e1n\u00ed.<br \/>\n\ud83e\udd11 Garance nejlep\u0161\u00ed ceny.<br \/>\n\ud83d\ude8d Voliteln\u00e1 kyvadlov\u00e1 doprava.<br \/>\n\ud83d\udc6a Skupinov\u00e9 slevy.<br \/>\n\ud83d\udd01 48 Storno podm\u00ednky.<br \/>\n\ud83c\udf0d Anglick\u00fd a \u0161pan\u011blsk\u00fd pr\u016fvodce.<br \/>\n\ud83c\udf1f Rezervujte v\u010das a u\u0161et\u0159ete.<br \/>\n\ud83d\udccd Odjezd z\u00a0<a href=\"https:\/\/maps.app.goo.gl\/g9c9rZaJv7igjr3t8\">Los Cristianos<\/a>.<\/p>","protected":false},"featured_media":11503,"comment_status":"open","ping_status":"closed","template":"","meta":{"_acf_changed":false},"product_brand":[],"product_cat":[53],"product_tag":[],"class_list":{"0":"post-11493","1":"product","2":"type-product","3":"status-publish","4":"has-post-thumbnail","6":"product_cat-water-sports","7":"wcpa_has_options","9":"first","10":"instock","11":"virtual","12":"purchasable","13":"product-type-simple"},"acf":[],"wcpa_form_fields":{"wcpaData":{"product":{"product_price":370,"price_html":"From&nbsp;<span class=\"woocommerce-Price-amount amount\"><bdi>370,00&nbsp;<span class=\"woocommerce-Price-currencySymbol\">&euro;<\/span><\/bdi><\/span>","original_product_price":370,"price_including_tax":370,"price_excluding_tax":370,"product_id":{"parent":11493,"variation":false},"is_variable":false,"stock_status":"instock","stock_quantity":null,"parent_sku":"CV11493","product_attributes":[],"custom_fields":[],"is_taxable":false,"product_name":"PADI Scuba Diving: Open Water Course Tenerife","hasImage":false},"fields":{"sec_46644afc54864b":{"extra":{"key":"sec_46644afc54864b","section_id":"sec_46644afc54864b","name":"Default","status":1,"cl_rule":"show","enableCl":false,"relations":[],"toggle":true,"title_tag":"h3","show_title":false,"showPrice":"default","form_id":11507,"form_rules":{"exclude_from_discount":true,"fee_label":"Fee","disp_hide_options_price":true,"disp_show_section_price":false,"disp_show_field_price":true,"layout_option":"standard","pric_use_as_fee":false,"process_fee_as":"woo_fee"},"layout_option":"standard"},"fields":[[{"label":"\ud83d\udcc5 Date","active":true,"required":true,"elementId":"date_96644afc54866b","picker_type":"custom","picker_mode":"single","placeholder":"","description":"","tooltip":"","name":"date_96644afc54866b","label_position":"default","desc_position":"default","enablePrice":false,"className":"","enableCl":false,"relations":[{"operator":"and","rules":[{"operator":"AND","rules":{"cl_field":"radio-group_4664295c2b9c39","cl_relation":"is","cl_val":"3 Hour Trip"}}]}],"date_pic_inline":true,"date_pic_inline_hide":true,"min_date":{"type":"days","val":"1"},"max_date":{"type":"days","val":"365"},"date_pic_conf":{"disabledWeeks":[]},"price":"","cl_rule":"show","col":6,"type":"date","error":false,"enableDesign":false,"LabelColor":"","gt_translate_keys":["label","placeholder","description","tooltip"],"price_dependency":false,"cl_dependency":false,"value":""}],[{"active":true,"col":6,"relations":false,"cl_rule":"show","enableCl":false,"price":"","enablePrice":false,"className":"","label_position":"default","desc_position":"default","type":"separator","required":false,"elementId":"separator_76644afc54867a","label":"Separator Field","height":"2","separatorType":"blank","error":false,"gt_translate_keys":["label"],"price_dependency":false,"cl_dependency":false,"value":""}]]},"sec_06644afc54875a":{"extra":{"key":"sec_06644afc54875a","section_id":"sec_06644afc54875a","name":"Dive with a License","status":1,"cl_rule":"show","enableCl":false,"relations":[{"operator":false,"rules":[{"operator":"AND","rules":{"cl_field":"radio-group_26644afc548687","cl_relation":"is","cl_val":"Dive with a License"}}]}],"toggle":true,"title_tag":"h4","show_title":false,"showPrice":"default","form_id":11507,"form_rules":{"exclude_from_discount":true,"fee_label":"Fee","disp_hide_options_price":true,"disp_show_section_price":false,"disp_show_field_price":true,"layout_option":"standard","pric_use_as_fee":false,"process_fee_as":"woo_fee"},"layout_option":"standard"},"fields":[[{"contentType":"rich","active":true,"label":"","elementId":"content_46644afc54876d","value":"<p>\ud83c\udf9f\ufe0f <strong>Reservation<\/strong>: Pay only a deposit now to reserve; the rest is due on the day of the activity upon arrival.<\/p>","inline":true,"show_in_checkout":true,"name":"content_46644afc54876d","enablePrice":false,"className":"","subtype":"div","enableCl":false,"relations":false,"price":"","cl_rule":"show","col":6,"type":"content","gt_translate_keys":["label","value"],"price_dependency":false,"cl_dependency":false}],[{"active":true,"col":6,"relations":false,"cl_rule":"show","enableCl":false,"price":"","enablePrice":true,"className":"","label_position":"default","desc_position":"default","type":"select","required":false,"elementId":"select_96644afc548776","label":"\ud83e\udeaa PADI Open Water Course","name":"select_96644afc548776","values":[{"label":"1 Person (370\u20ac)","value":"1","selected":false,"tempId":"aco_6352","price":"370","gt_translate_keys":["label"]},{"label":"2 People (740\u20ac)","value":"2","selected":false,"tempId":"aco_6353","price":"740","gt_translate_keys":["label"]},{"label":"3 People (1.110\u20ac)","value":"3","selected":false,"tempId":"aco_6354","price":"1110","gt_translate_keys":["label"]},{"label":"4 People (1.480\u20ac)","value":"4","selected":false,"tempId":"aco_922","price":"1480","gt_translate_keys":["label"]}],"dropdown_type":"basic","error":false,"priceOptions":"different_for_all","pricingType":"fixed","placeholder":"Select Amount of People","is_show_price":true,"gt_translate_keys":["label","placeholder"],"price_dependency":["content_106644afc548789","content_46644afc548793","content_76644afc54879c"],"cl_dependency":false,"value":""}],[{"elementId":"separator_106644afc548780","separatorType":"fill","separatorColor":"#66a6b6","className":"","height":"6","enableCl":false,"relations":false,"cl_rule":"show","col":6,"type":"separator","gt_translate_keys":[],"price_dependency":false,"cl_dependency":false,"value":""}],[{"contentType":"plain","active":true,"label":"Deposit Now","elementId":"content_106644afc548789","value":"","inline":true,"show_in_checkout":true,"name":"content_106644afc548789","enablePrice":true,"className":"","fee_label":"","subtype":"div","enableCl":false,"relations":false,"scrollBar":false,"enableDesign":true,"LabelColor":"","LabelSize":"14px","pricingType":"custom","isTemplate":false,"price":"{field.select_96644afc548776.price}*0.1581081","use_as_fee":false,"is_show_price":false,"cl_rule":"show","col":6,"type":"content","error":false,"formulaId":"fmla_1715641843927697789","gt_translate_keys":["label","value"],"price_dependency":false,"cl_dependency":false}],[{"contentType":"plain","active":true,"label":"Payment at Arrival","elementId":"content_46644afc548793","value":"","inline":true,"show_in_checkout":true,"name":"content_46644afc548793","enablePrice":true,"className":"","fee_label":"","subtype":"div","enableCl":false,"relations":[{"operator":false,"rules":[{"operator":"AND","rules":{"cl_field":"content_86644afc5486bd","cl_relation":"is_not_empty","cl_val":""}}]}],"scrollBar":false,"enableDesign":true,"LabelColor":"","LabelSize":"14px","pricingType":"custom","isTemplate":false,"price":"{field.select_96644afc548776.price}*0.8418919","use_as_fee":false,"is_show_price":true,"cl_rule":"disable","col":6,"type":"content","error":false,"formulaId":"fmla_1715642020961697970","gt_translate_keys":["label","value"],"price_dependency":false,"cl_dependency":false}],[{"contentType":"plain","active":true,"label":"Total Amount","elementId":"content_76644afc54879c","value":"","inline":true,"show_in_checkout":true,"name":"content_76644afc54879c","enablePrice":true,"className":"","fee_label":"","subtype":"div","enableCl":false,"relations":[{"operator":false,"rules":[{"operator":"AND","rules":{"cl_field":"content_86644afc5486bd","cl_relation":"is_not_empty","cl_val":""}}]}],"scrollBar":false,"enableDesign":true,"LabelColor":"","LabelSize":"14px","pricingType":"custom","isTemplate":false,"price":"{field.select_96644afc548776.price}","use_as_fee":false,"is_show_price":true,"cl_rule":"disable","col":6,"type":"content","error":false,"gt_translate_keys":["label","value"],"price_dependency":false,"cl_dependency":false}]]},"sec_16644afc54879d":{"extra":{"key":"sec_16644afc54879d","section_id":"sec_16644afc54879d","name":"Pickup Location","status":1,"cl_rule":"show","enableCl":false,"relations":[],"toggle":true,"title_tag":"h4","show_title":false,"showPrice":"default","form_id":11507,"form_rules":{"exclude_from_discount":true,"fee_label":"Fee","disp_hide_options_price":true,"disp_show_section_price":false,"disp_show_field_price":true,"layout_option":"standard","pric_use_as_fee":false,"process_fee_as":"woo_fee"},"layout_option":"standard"},"fields":[[{"active":true,"col":6,"relations":[{"operator":false,"rules":[{"operator":"AND","rules":{"cl_field":"radio-group_4664295c2b9c39","cl_relation":"is","cl_val":"3 Hour Trip"}}]}],"cl_rule":"show","enableCl":false,"price":"","enablePrice":false,"className":"","label_position":"default","desc_position":"default","type":"select","required":true,"elementId":"select_106644afc5487a6","label":"\u23f0 Departure Time","name":"select_106644afc5487a6","values":[{"label":"9:00 AM","value":"9:00","selected":true,"tempId":"aco_1450","gt_translate_keys":["label"]}],"dropdown_type":"basic","error":false,"placeholder":"","gt_translate_keys":["label","placeholder"],"price_dependency":false,"cl_dependency":false,"value":""}],[{"active":true,"col":6,"relations":false,"cl_rule":"show","enableCl":false,"price":"","enablePrice":false,"className":"","label_position":"default","desc_position":"default","type":"separator","required":false,"elementId":"separator_46644afc5487b0","label":"Separator Field","height":"1","separatorType":"blank","error":false,"gt_translate_keys":["label"],"price_dependency":false,"cl_dependency":false,"value":""}],[{"active":true,"col":6,"relations":[{"operator":false,"rules":[{"operator":false,"rules":{"cl_field":"radio-group_4664295c2b9c39","cl_relation":"is_not","cl_val":"4.5 Hour Trip from North Tenerife"}}]}],"cl_rule":"show","enableCl":false,"price":"","enablePrice":false,"className":"","label_position":"default","desc_position":"default","type":"text","subtype":"text","required":false,"elementId":"text_66644afc5487b9","label":"\ud83d\ude8c Pickup Location","name":"text_66644afc5487b9","value":"","error":false,"description":"Pick-up service in Tenerife South available for an extra 2\u20ac per person, to be paid on arrival. Please provide your address or hotel name to book the shuttle service; if not needed, leave it blank. | For Callao Salvaje and Palm-Mar, the extra cost is 4\u20ac per person | El M\u00e9dano: 15\u20ac per car | Golf del Sur: 10\u20ac per car.","repeater":false,"repeater_field_label":"{field_label}","repeater_bind":"","gt_translate_keys":["label","description","value","repeater_field_label"],"price_dependency":false,"cl_dependency":false}]]}},"config":{"price_override":"always","enable_recaptcha":false,"bind_quantity":false,"quantity_bind_formula":false,"disp_summ_show_option_price":true,"disp_summ_show_product_price":false,"disp_summ_show_total_price":false,"disp_summ_show_fee":true,"disp_summ_show_discount":true,"summary_title":"","options_total_label":"Options Price","total_label":"Deposit Amount","options_product_label":"Product Price","fee_label":"Fee","discount_label":"Discount","has_price":true,"has_quantity_formula":false},"mc_unit":1,"tax_rate":1,"tax_rate_real":1,"discount":{"percentage":0,"fixed":0},"design":{"conf":{"LabelPosition":"above","DescPosition":"above","UploadField":"custom_1","QuantityFieldStyle":"custom_1"},"css":{"LeftLabelWidth":"120px"}},"formulas":{"fmla_1715641843927697789":"(({field.select_5483136313.value}>=3)?(24):(({field.select_5483136313.value}>=2)?(38):(({field.select_5483136313.value}>=1)?(52):(0))))","fmla_1715642020961697970":"(({field.select_5483136313.value}>=3)?(56):(({field.select_5483136313.value}>=2)?(112):(({field.select_5483136313.value}>=1)?(168):(0))))"},"lookuptables":[],"clones":false,"cartKey":false}},"_links":{"self":[{"href":"https:\/\/canaryvip.com\/cs\/wp-json\/wp\/v2\/product\/11493","targetHints":{"allow":["GET"]}}],"collection":[{"href":"https:\/\/canaryvip.com\/cs\/wp-json\/wp\/v2\/product"}],"about":[{"href":"https:\/\/canaryvip.com\/cs\/wp-json\/wp\/v2\/types\/product"}],"replies":[{"embeddable":true,"href":"https:\/\/canaryvip.com\/cs\/wp-json\/wp\/v2\/comments?post=11493"}],"wp:featuredmedia":[{"embeddable":true,"href":"https:\/\/canaryvip.com\/cs\/wp-json\/wp\/v2\/media\/11503"}],"wp:attachment":[{"href":"https:\/\/canaryvip.com\/cs\/wp-json\/wp\/v2\/media?parent=11493"}],"wp:term":[{"taxonomy":"product_brand","embeddable":true,"href":"https:\/\/canaryvip.com\/cs\/wp-json\/wp\/v2\/product_brand?post=11493"},{"taxonomy":"product_cat","embeddable":true,"href":"https:\/\/canaryvip.com\/cs\/wp-json\/wp\/v2\/product_cat?post=11493"},{"taxonomy":"product_tag","embeddable":true,"href":"https:\/\/canaryvip.com\/cs\/wp-json\/wp\/v2\/product_tag?post=11493"}],"curies":[{"name":"wp","href":"https:\/\/api.w.org\/{rel}","templated":true}]}}