{"id":11456,"date":"2024-05-12T23:05:18","date_gmt":"2024-05-12T22:05:18","guid":{"rendered":"https:\/\/canaryvip.com\/?post_type=product&#038;p=11456"},"modified":"2026-03-05T17:06:36","modified_gmt":"2026-03-05T17:06:36","slug":"party-boat-tenerife","status":"publish","type":"product","link":"https:\/\/canaryvip.com\/cs\/shop\/party-boat-tenerife\/","title":{"rendered":"Utopia Boat Party Tenerife"},"content":{"rendered":"<h2>\ud83c\udf89 P\u00e1rty lo\u010f Tenerife s CanaryVIP<\/h2>\n<p><strong>Za\u017eijte nezapomenutelnou z\u00e1bavu s CanaryVIP:<\/strong> Pono\u0159te se do mimo\u0159\u00e1dn\u00e9ho dobrodru\u017estv\u00ed s na\u0161imi vstupenkami na Party Boat Tenerife. Tato vzru\u0161uj\u00edc\u00ed cesta za\u010d\u00edn\u00e1 v Puerto Col\u00f3n a nab\u00edz\u00ed \u017eivou hudbu, \u00fa\u017easn\u00e9 slune\u010dn\u00ed paprsky a kosmopolitn\u00ed spole\u010dnost.<\/p>\n<p><strong>CanaryVIP<\/strong> Spole\u010dnost CanaryVIP nab\u00edz\u00ed vstupenky na nejzaj\u00edmav\u011bj\u0161\u00ed lodn\u00ed p\u00e1rty na Tenerife a slibuje jedine\u010dn\u00fd a nezapomenuteln\u00fd z\u00e1\u017eitek, kter\u00fd v sob\u011b spojuje vzru\u0161uj\u00edc\u00ed p\u0159edp\u00e1rty, energickou j\u00edzdu lod\u00ed a vzru\u0161uj\u00edc\u00ed afterparty.<\/p>\n<p><strong>Nejv\u011bt\u0161\u00ed z\u00e1\u017eitek z ve\u010d\u00edrku:<\/strong>\u00a0: P\u0159ipojte se k n\u00e1m na palub\u011b t\u00e9to oslavy, kter\u00e1 nem\u00e1 obdoby. Pozoruhodn\u00fd mix house, rnb, hip hopu, dnb, EDM a reggaetonu, to v\u0161e poh\u00e1n\u011bn\u00e9 \u0161pi\u010dkov\u00fdm zvukov\u00fdm syst\u00e9mem. Profesion\u00e1ln\u00ed DJs a MCs se postaraj\u00ed o nep\u0159etr\u017eitou z\u00e1bavu, co\u017e z t\u00e9to lodi d\u011bl\u00e1 dokonal\u00fd z\u00e1\u017eitek z p\u00e1rty na Tenerife.<\/p>\n<h3>Mo\u017enosti vstupenek na \ud83c\udf9f\ufe0f<\/h3>\n<p>V\u0161echny vstupenky zahrnuj\u00ed vstup na legend\u00e1rn\u00ed t\u0159\u00edhodinovou party na lodi, na kter\u00e9 zazn\u00ed house, RnB, hip hop, DnB, EDM a reggaeton v pod\u00e1n\u00ed \u0161pi\u010dkov\u00fdch rezidentn\u00edch DJs a MCs, masivn\u00ed 15 000wattov\u00fd zvukov\u00fd syst\u00e9m Utopia a profesion\u00e1ln\u00ed fotografie online zdarma. Vyberte si z n\u00e1sleduj\u00edc\u00edch mo\u017enost\u00ed vstupenek:<\/p>\n<ul>\n<li><strong>Z\u00e1kladn\u00ed vstupenka:<\/strong> Zahrnuje 4 n\u00e1poje z nab\u00eddky m\u00edstn\u00edch lihovin (rum, whisky, gin, vodka, kokosov\u00fd lik\u00e9r, amaretto), pivo Victoria M\u00e1laga nebo nealkoholick\u00e9 n\u00e1poje (cola, pomeran\u010d, citron, sprite).<\/li>\n<li><strong>Standardn\u00ed vstupenka na otev\u0159en\u00fd bar:<\/strong> Zahrnuje neomezen\u00fd t\u0159\u00edhodinov\u00fd otev\u0159en\u00fd bar s m\u00edstn\u00edm pivem, lihovinami a m\u00edchan\u00fdmi n\u00e1poji.<\/li>\n<li><strong>Vstupenka na pr\u00e9miov\u00e9 n\u00e1poje:<\/strong> Zahrnuje neomezen\u00e9 mno\u017estv\u00ed pr\u00e9miov\u00fdch zna\u010dkov\u00fdch lihovin, jako jsou Absolut Vodka, Bacardi, Havana, Beefeater Gin (oby\u010dejn\u00fd a r\u016f\u017eov\u00fd), Disaronno, Malibu, Jim Beam, Ballantine's whisky, Red Bull a pr\u00e9miov\u00e9 m\u00edchan\u00e9 n\u00e1poje.<\/li>\n<li><strong>VIP vstupenka:<\/strong> Zahrnuje v\u0161echny v\u00fdhody Premium a nav\u00edc p\u0159ednostn\u00ed n\u00e1stup na palubu a exkluzivn\u00ed p\u0159\u00edstup do soukrom\u00e9 VIP z\u00f3ny a vyhrazen\u00e9ho baru na palub\u011b.<\/li>\n<\/ul>\n<h3>\u2728 Party Boat Tenerife Podrobnosti<\/h3>\n<p><strong>Komplexn\u00ed bal\u00ed\u010dek pro p\u00e1rty:<\/strong> Va\u0161e cesta za\u010d\u00edn\u00e1 \u017eivou p\u0159edp\u00e1rty v hotelu <a href=\"https:\/\/maps.app.goo.gl\/Vt7HqjMeKHLczpy69\" target=\"_blank\" rel=\"noopener\">Bar Black Pearl,<\/a> kde si m\u016f\u017eete vychutnat bezplatn\u00fd n\u00e1poj a setkat se s ostatn\u00edmi \u00fa\u010dastn\u00edky ve\u010d\u00edrku. Hlavn\u00ed ud\u00e1lost\u00ed je <strong>3hodinov\u00e1 plavba<\/strong> na palub\u011b <strong>P\u00e1rty lo\u010f Utopia,<\/strong>\u00a0s otev\u0159en\u00fdm barem a dynamickou hudebn\u00ed sc\u00e9nou, po n\u00ed\u017e bude n\u00e1sledovat afterparty v baru Black Pearl s exkluzivn\u00edmi nab\u00eddkami.<\/p>\n<p><strong>Inkluze pro v\u0161echny:<\/strong> Tato aktivita je ur\u010dena v\u0161em milovn\u00edk\u016fm ve\u010d\u00edrk\u016f a zaji\u0161\u0165uje vyv\u00e1\u017een\u00fd mix z\u00e1bavy, hudby a spole\u010densk\u00e9 interakce. Je to nejlep\u0161\u00ed volba pro ty, kte\u0159\u00ed hledaj\u00ed \u017eivou a nezapomenutelnou z\u00e1bavu. <a href=\"https:\/\/canaryvip.com\/cs\/tenerife\/boat-excursions\/\">z\u00e1\u017eitek z plavby lod\u00ed.<\/a><\/p>\n<h3>\ud83c\udf0a Co m\u016f\u017eete o\u010dek\u00e1vat na sv\u00e9 lodn\u00ed p\u00e1rty na Tenerife?<\/h3>\n<ul>\n<li><strong>Vzru\u0161uj\u00edc\u00ed hudba a z\u00e1bava:<\/strong>\u00a0: Na t\u00e9to pln\u011b vybaven\u00e9 p\u00e1rty lodi na Tenerife m\u016f\u017eete tan\u010dit v rytmech house, rnb, hip hopu, dnb, EDM a reggaetonu.<\/li>\n<li><strong>Otev\u0159en\u00fd bar:<\/strong>\u00a0: Vychutnejte si t\u0159\u00edhodinov\u00fd otev\u0159en\u00fd bar s v\u00fdb\u011brem piva, m\u00edstn\u00edch lihovin a m\u00edchan\u00fdch n\u00e1poj\u016f b\u011bhem v\u00fdletu na p\u00e1rty lodi na Tenerife.<\/li>\n<li><strong>Komfort a vybaven\u00ed:<\/strong>\u00a0: Odpo\u010di\u0148te si u pohodln\u00e9ho posezen\u00ed, \u010dist\u00e9ho vybaven\u00ed a \u017eiv\u00e9 atmosf\u00e9ry.<\/li>\n<li><strong>Kr\u00e1sa scen\u00e9rie: <\/strong>: P\u0159i dov\u00e1d\u011bn\u00ed na vln\u00e1ch si m\u016f\u017eete vychutnat n\u00e1dhern\u00fd v\u00fdhled na pob\u0159e\u017e\u00ed ostrova Tenerife.<\/li>\n<li><strong>Bezpe\u010dnost p\u0159edev\u0161\u00edm: <\/strong>: Pos\u00e1dka up\u0159ednost\u0148uje va\u0161i bezpe\u010dnost d\u00edky jasn\u00fdm pokyn\u016fm a v\u00edcejazy\u010dn\u00e9 podpo\u0159e.<\/li>\n<\/ul>\n<h3>\ud83d\udee5\ufe0f P\u0159\u00edprava na dobrodru\u017estv\u00ed na p\u00e1rty lodi na Tenerife<\/h3>\n<p>Pro bezprobl\u00e9mov\u00fd z\u00e1\u017eitek si s sebou vezm\u011bte plavky, opalovac\u00ed kr\u00e9m a <strong>CanaryVIP<\/strong> vstupenku, a\u0165 u\u017e digit\u00e1ln\u00ed, nebo ti\u0161t\u011bnou. Doporu\u010dujeme se p\u0159ed cestou naj\u00edst a vyhnout se alkoholu, aby se sn\u00ed\u017eilo riziko mo\u0159sk\u00e9 nemoci. Pro pohodlnou cestu zva\u017ete, zda si p\u0159ed odjezdem nevz\u00edt tabletu proti cestovn\u00ed nevolnosti.<\/p>\n<h3>\ud83d\udea4 Party Boat Tenerife: Va\u0161e dokonal\u00e1 oslava<\/h3>\n<p>Vyberte si CanaryVIP pro sv\u00e9 <strong>P\u00e1rty lo\u010f Tenerife<\/strong> a nab\u00edz\u00ed bezkonkuren\u010dn\u00ed hodnotu a v\u00fdjime\u010dn\u00e9 slu\u017eby.<br \/>\nP\u0159ipojte se k n\u00e1m a za\u017eijte tu nejlep\u0161\u00ed p\u00e1rty na lodi:<\/p>\n<ul>\n<li><strong>Zaru\u010den\u011b nejlep\u0161\u00ed ceny:<\/strong> U\u017eijte si konkuren\u010dn\u00ed ceny za nezapomenuteln\u00fd z\u00e1\u017eitek na p\u00e1rty lodi na Tenerife.<\/li>\n<li><strong>Skupinov\u00e9 slevy:<\/strong> U\u0161et\u0159ete v\u00edce d\u00edky speci\u00e1ln\u00edm cen\u00e1m pro skupiny na na\u0161\u00ed p\u00e1rty lodi na Tenerife.<\/li>\n<li><strong>P\u0159edb\u011b\u017en\u00e9 rezervace:<\/strong> Zajist\u011bte si sv\u00e9 m\u00edsto v\u010das, abyste neprop\u00e1sli tuto exkluzivn\u00ed party lo\u010f na Tenerife!<\/li>\n<li><strong>Flexibiln\u00ed storno podm\u00ednky:<\/strong> Vyu\u017eijte na\u0161ich v\u00fdhodn\u00fdch podm\u00ednek pro zru\u0161en\u00ed objedn\u00e1vky.<\/li>\n<li><strong>D\u016fv\u011bryhodn\u00fd oper\u00e1tor:<\/strong> Jako p\u0159edn\u00ed poskytovatel letenek na Kan\u00e1rsk\u00fdch ostrovech, <strong>CanaryVIP<\/strong> je obl\u00edbenou volbou pro milovn\u00edky p\u00e1rty lod\u00ed na Tenerife.<\/li>\n<\/ul>\n<h3>\ud83d\ude99 M\u00edsto setk\u00e1n\u00ed a parkov\u00e1n\u00ed<\/h3>\n<p><strong>P\u0159ipojte se k n\u00e1m v Puerto Col\u00f3n:<\/strong> Sejdeme se v baru Black Pearl a vyraz\u00edme na dobrodru\u017enou plavbu po Tenerife. P\u0159ij\u010fte alespo\u0148 15 minut p\u0159ed odjezdem, abyste zajistili bezprobl\u00e9mov\u00e9 nalod\u011bn\u00ed. V p\u0159\u00edstavu je k dispozici dostatek parkovac\u00edch m\u00edst, co\u017e je pohodln\u00e9 pro ty, kte\u0159\u00ed se p\u0159ipoj\u00ed k na\u0161\u00ed party lodi Tenerife.<\/p>\n<h3>\ud83c\udf1f Obchodn\u00ed podm\u00ednky CanaryVIP<\/h3>\n<p>U\u017eijte si klid s na\u0161imi komplexn\u00edmi pojistkami pro va\u0161e dobrodru\u017estv\u00ed. Zde je to, co byste m\u011bli v\u011bd\u011bt:<\/p>\n<ul>\n<li><strong>Pohotovostn\u00ed pl\u00e1ny pro p\u0159\u00edpad nep\u0159\u00edzniv\u00e9ho po\u010das\u00ed:<\/strong> V p\u0159\u00edpad\u011b nebezpe\u010dn\u00fdch pov\u011btrnostn\u00edch podm\u00ednek bude poskytnuta mo\u017enost zm\u011bny term\u00ednu nebo vr\u00e1cen\u00ed pen\u011bz v pln\u00e9 v\u00fd\u0161i.<\/li>\n<li><strong>Flexibiln\u00ed storno podm\u00ednky:<\/strong>\n<ul>\n<li>Bezplatn\u00e9 zru\u0161en\u00ed nebo zm\u011bna term\u00ednu a\u017e 7 dn\u00ed p\u0159edem u individu\u00e1ln\u00edch rezervac\u00ed.<\/li>\n<li>Pro skupiny v\u00edce ne\u017e 10 osob je storno zdarma a\u017e 12 dn\u00ed p\u0159ed akc\u00ed.<\/li>\n<li>Pro skupiny nad 20 osob je storno zdarma a\u017e 16 dn\u00ed p\u0159ed akc\u00ed.<\/li>\n<li>Mus\u00edte <a href=\"https:\/\/canaryvip.com\/cs\/contact\/\">kontaktujte n\u00e1s<\/a> pro \u017e\u00e1dosti o zru\u0161en\u00ed.<\/li>\n<\/ul>\n<\/li>\n<li><strong>Nedostaven\u00ed se a pozdn\u00ed p\u0159\u00edchod:<\/strong> N\u00e1hrady se neposkytuj\u00ed v p\u0159\u00edpad\u011b nedostaven\u00ed se nebo pozdn\u00edho p\u0159\u00edjezdu. Dbejte na to, abyste dorazili v\u010das, proto\u017ee lodn\u00ed p\u00e1rty je obvykle pln\u011b obsazena.<\/li>\n<li><strong>Chov\u00e1n\u00ed na palub\u011b:<\/strong> Od host\u016f se o\u010dek\u00e1v\u00e1, \u017ee budou udr\u017eovat z\u00e1bavn\u00e9 a bezpe\u010dn\u00e9 prost\u0159ed\u00ed. Nevhodn\u00e9 chov\u00e1n\u00ed m\u016f\u017ee m\u00edt za n\u00e1sledek vylou\u010den\u00ed z lodi bez n\u00e1hrady.<\/li>\n<li><strong>Mo\u0159sk\u00e1 nemoc a zm\u011bny v pl\u00e1nu cesty:<\/strong> Pokud se vyskytne mo\u0159sk\u00e1 nemoc a je nutn\u00e9 zm\u011bnit trasu, pen\u00edze se nevracej\u00ed.<\/li>\n<li><strong>St\u00ed\u017enosti:<\/strong> P\u0159\u00edpadn\u00e9 probl\u00e9my je t\u0159eba \u0159e\u0161it s person\u00e1lem lodi v den kon\u00e1n\u00ed akce, proto\u017ee person\u00e1l CanaryVIP nen\u00ed na lodi p\u0159\u00edtomen.<\/li>\n<\/ul>\n<p>Zarezervujte si ji a u\u017eijte si s n\u00e1mi nezapomenutelnou p\u00e1rty na vln\u00e1ch Tenerife!<\/p>","protected":false},"excerpt":{"rendered":"<p><strong>\ud83d\udd0d P\u00e1rty na lodi Tenerife:<\/strong><br \/>\n\u2705 Bezpe\u010dn\u00e1 platba.<br \/>\n\ud83d\ude80 3hodinov\u00fd v\u00fdlet lod\u00ed.<br \/>\n\ud83c\udf7b 3h OPEN BAR V\u010detn\u011b.<br \/>\n\ud83d\udcc6 soboty ve 12:30.<br \/>\n\ud83c\udfb6 DJs a hudba.<br \/>\n\ud83d\udeab POUZE +18 let.<br \/>\n\ud83e\udd11 Garance nejlep\u0161\u00ed ceny.<br \/>\n\ud83c\udf1f Rezervujte nyn\u00ed a u\u0161et\u0159ete!<br \/>\n\ud83d\udccd Odjezd z\u00a0<a href=\"https:\/\/www.google.com\/maps\/place\/Puerto+Col%C3%B3n\/@28.0783432,-16.7368735,18.52z\/data=!4m6!3m5!1s0xc6a9743509c9ebf:0xd62345524f768247!8m2!3d28.0789928!4d-16.7359737!16s%2Fg%2F11c6cqryw_?entry=tts\">Puerto Colon<\/a>.<\/p>","protected":false},"featured_media":11461,"comment_status":"open","ping_status":"closed","template":"","meta":{"_acf_changed":false},"product_brand":[],"product_cat":[46],"product_tag":[],"class_list":{"0":"post-11456","1":"product","2":"type-product","3":"status-publish","4":"has-post-thumbnail","6":"product_cat-boat-excursions","7":"wcpa_has_options","9":"first","10":"instock","11":"sale","12":"virtual","13":"purchasable","14":"product-type-simple"},"acf":[],"wcpa_form_fields":{"wcpaData":{"product":{"product_price":70,"price_html":"From&nbsp;<del aria-hidden=\"true\"><span class=\"woocommerce-Price-amount amount\"><bdi>75,00&nbsp;<span class=\"woocommerce-Price-currencySymbol\">&euro;<\/span><\/bdi><\/span><\/del> <span class=\"screen-reader-text\">P\u016fvodn\u00ed cena byla: 75,00&nbsp;&euro;.<\/span><ins aria-hidden=\"true\"><span class=\"woocommerce-Price-amount amount\"><bdi>70,00&nbsp;<span class=\"woocommerce-Price-currencySymbol\">&euro;<\/span><\/bdi><\/span><\/ins><span class=\"screen-reader-text\">Aktu\u00e1ln\u00ed cena je: 70,00&nbsp;&euro;.<\/span>","original_product_price":75,"price_including_tax":70,"price_excluding_tax":70,"product_id":{"parent":11456,"variation":false},"is_variable":false,"stock_status":"instock","stock_quantity":null,"parent_sku":"CV11456","product_attributes":[],"custom_fields":[],"is_taxable":false,"product_name":"Utopia Boat Party Tenerife","hasImage":false},"fields":{"sec_06641441f5ff23":{"extra":{"key":"sec_06641441f5ff23","section_id":"sec_06641441f5ff23","name":"Default","status":1,"cl_rule":"show","enableCl":false,"relations":[],"toggle":true,"title_tag":"h3","show_title":false,"showPrice":"default","form_id":11462,"form_rules":{"exclude_from_discount":true,"fee_label":"Fee","disp_hide_options_price":true,"disp_show_section_price":false,"disp_show_field_price":true,"layout_option":"standard","pric_use_as_fee":false,"process_fee_as":"woo_fee"},"layout_option":"standard"},"fields":[[{"active":true,"col":6,"relations":false,"cl_rule":"show","enableCl":false,"price":"","enablePrice":false,"className":"oferta-especial","label_position":"default","desc_position":"default","type":"content","required":false,"elementId":"content_1421636141","label":"","name":"content_1421636141","contentType":"rich","value":"<p><strong>\ud83d\udd25 Utopia Boat Party Limited Time Offer!<br>\n<\/strong>Exclusive 5% discount automatically applied at checkout.<\/p>","error":false,"isTemplate":false,"gt_translate_keys":["label","value"],"price_dependency":false,"cl_dependency":false}],[{"label":"\ud83d\udcc5 Date","active":true,"required":true,"elementId":"date_66641441f5ff41","picker_type":"custom","picker_mode":"single","placeholder":"","description":"","tooltip":"","name":"date_66641441f5ff41","label_position":"default","desc_position":"default","enablePrice":false,"className":"","enableCl":false,"relations":[{"operator":"and","rules":[{"operator":"AND","rules":{"cl_field":"radio-group_56641441f5ff51","cl_relation":"is_not_empty","cl_val":"3 Hour Trip"}}]}],"date_pic_inline":true,"date_pic_inline_hide":true,"min_date":{"type":"days","val":"1"},"max_date":"","date_pic_conf":{"disabledWeeks":[1,2,3,4,5,0],"disabledDates":["2024-05-19","2024-05-26","2025-04-06","2025-04-13","2025-04-16","2025-04-20","2025-04-27","2025-09-01 to 2025-09-30"]},"price":"","cl_rule":"show","col":6,"type":"date","error":false,"enableDesign":false,"LabelColor":"","isWeightTemplate":false,"isTemplate":false,"min_quantity":"1","quantity_decimal":false,"quantity_step":"1","quantity_label":"Quantity","repeater_field_label":"{field_label}","repeater_bind":"","gt_translate_keys":["label","placeholder","description","tooltip","repeater_field_label","quantity_label"],"price_dependency":false,"cl_dependency":false,"value":""}],[{"active":true,"col":6,"relations":[{"operator":false,"rules":[{"operator":"AND","rules":{"cl_field":"","cl_relation":"","cl_val":""}}]}],"cl_rule":"show","enableCl":true,"price":"70","enablePrice":true,"className":"","label_position":"default","desc_position":"below","type":"radio-group","required":false,"elementId":"radio-group_86641441f5ff75","label":"","name":"radio-group_86641441f5ff75","values":[{"label":"\ud83d\udfe2 Basic Ticket (70\u20ac)","value":"Basic Ticket","selected":true,"tempId":"aco_32","tooltip":"","description":"","gt_translate_keys":["label","tooltip","description"]}],"layOut":"","error":false,"checkUi":"button","priceOptions":"fixed_for_all","pricingType":"fixed","enable_quantity":true,"quantity_label":"","min_quantity":"0","options_tooltip":true,"options_description":true,"description":"Ideal for budget-friendly fun. Includes a drinks package with 4 beverages at a discounted price.","enableDesign":false,"gt_translate_keys":["label","description","quantity_label"],"price_dependency":false,"cl_dependency":false,"value":""}],[{"active":true,"col":6,"relations":false,"cl_rule":"show","enableCl":false,"price":"","enablePrice":false,"className":"","label_position":"default","desc_position":"default","type":"separator","required":false,"elementId":"separator_1097273251","label":"Separator Field","height":"3","separatorType":"fill","error":false,"separatorColor":"#4a90e2","gt_translate_keys":["label"],"price_dependency":false,"cl_dependency":false,"value":""}],[{"label":"","active":true,"required":false,"elementId":"radio-group-0169646210","description":"Open bar with unlimited beer, local spirits, and mixers. Perfect for music and drink lovers.","name":"radio-group-0169646210","label_position":"default","desc_position":"below","enablePrice":true,"className":"","enableCl":true,"relations":[{"operator":false,"rules":[{"operator":"AND","rules":{"cl_field":"","cl_relation":"","cl_val":""}}]}],"enableDesign":false,"enable_quantity":true,"quantity_label":"","min_quantity":"0","checkUi":"button","layOut":"","options_tooltip":true,"options_description":true,"values":[{"label":"\ud83c\udf9f\ufe0f Standard Ticket (90\u20ac)","value":"Standard Ticket","selected":true,"tempId":"aco_32","tooltip":"","description":"","gt_translate_keys":["label","tooltip","description"]}],"priceOptions":"fixed_for_all","pricingType":"fixed","price":"90","cl_rule":"show","col":6,"type":"radio-group","error":false,"gt_translate_keys":["label","description","quantity_label"],"price_dependency":false,"cl_dependency":false,"value":""}],[{"elementId":"separator-0973524418","separatorType":"fill","separatorColor":"#4a90e2","className":"","height":"3","enableCl":false,"relations":false,"cl_rule":"show","col":6,"type":"separator","gt_translate_keys":[],"price_dependency":false,"cl_dependency":false,"value":""}],[{"label":"","active":true,"required":false,"elementId":"radio-group_56641441f5ffa1","name":"radio-group_56641441f5ffa1","label_position":"default","desc_position":"below","enablePrice":true,"className":"","enableCl":false,"relations":[{"operator":false,"rules":[{"operator":"AND","rules":{"cl_field":"","cl_relation":"","cl_val":""}}]}],"enable_quantity":true,"quantity_label":"","min_quantity":"0","checkUi":"button","layOut":"","options_tooltip":true,"values":[{"label":"\u2b50\ufe0f Premium Ticket (110\u20ac)","value":"Premium Ticket (95\u20ac)","selected":true,"tempId":"aco_32","tooltip":"","description":"","gt_translate_keys":["label","tooltip","description"]}],"priceOptions":"fixed_for_all","pricingType":"fixed","price":"110","cl_rule":"show","col":6,"type":"radio-group","error":false,"description":"Upgrade your experience with premium spirits like Absolut, Bacardi, Havana, and more, plus Red Bull and premium mixers.","options_description":true,"gt_translate_keys":["label","description","quantity_label"],"price_dependency":false,"cl_dependency":false,"value":""}],[{"elementId":"separator-0973774727","separatorType":"fill","separatorColor":"#4a90e2","className":"","height":"3","enableCl":false,"relations":false,"cl_rule":"show","col":6,"type":"separator","gt_translate_keys":[],"price_dependency":false,"cl_dependency":false,"value":""}],[{"label":"","active":true,"required":false,"elementId":"radio-group-1821003227","description":"The ultimate luxury experience. Access the VIP area with open bar featuring premium spirits, Red Bull, and exclusive vibes.","name":"radio-group-1821003227","label_position":"default","desc_position":"below","enablePrice":true,"className":"","enableCl":false,"relations":[{"operator":false,"rules":[{"operator":"AND","rules":{"cl_field":"","cl_relation":"","cl_val":""}}]}],"enable_quantity":true,"quantity_label":"","min_quantity":"0","checkUi":"button","layOut":"","options_tooltip":true,"options_description":true,"values":[{"label":"\ud83d\udc8e VIP Ticket (130\u20ac)","value":"VIP Ticket","selected":true,"tempId":"aco_32","tooltip":"","description":"","gt_translate_keys":["label","tooltip","description"]}],"priceOptions":"fixed_for_all","pricingType":"fixed","price":"130","cl_rule":"show","col":6,"type":"radio-group","error":false,"gt_translate_keys":["label","description","quantity_label"],"price_dependency":false,"cl_dependency":false,"value":""}],[{"elementId":"separator-0974175336","separatorType":"fill","separatorColor":"#4a90e2","className":"","height":"3","enableCl":false,"relations":false,"cl_rule":"show","col":6,"type":"separator","gt_translate_keys":[],"price_dependency":false,"cl_dependency":false,"value":""}]]}},"config":{"price_override":"always","enable_recaptcha":false,"bind_quantity":false,"quantity_bind_formula":false,"disp_summ_show_option_price":true,"disp_summ_show_product_price":false,"disp_summ_show_total_price":true,"disp_summ_show_fee":true,"disp_summ_show_discount":true,"summary_title":"","options_total_label":"Options Price","total_label":"Total Amount","options_product_label":"Product Price","fee_label":"Fee","discount_label":"Discount","has_price":true,"has_quantity_formula":false},"mc_unit":1,"tax_rate":1,"tax_rate_real":1,"discount":{"percentage":0,"fixed":0},"design":{"conf":{"LabelPosition":"above","DescPosition":"above","UploadField":"custom_1","QuantityFieldStyle":"custom_1"},"css":{"LeftLabelWidth":"120px"}},"formulas":[],"lookuptables":[],"clones":false,"cartKey":false}},"_links":{"self":[{"href":"https:\/\/canaryvip.com\/cs\/wp-json\/wp\/v2\/product\/11456","targetHints":{"allow":["GET"]}}],"collection":[{"href":"https:\/\/canaryvip.com\/cs\/wp-json\/wp\/v2\/product"}],"about":[{"href":"https:\/\/canaryvip.com\/cs\/wp-json\/wp\/v2\/types\/product"}],"replies":[{"embeddable":true,"href":"https:\/\/canaryvip.com\/cs\/wp-json\/wp\/v2\/comments?post=11456"}],"wp:featuredmedia":[{"embeddable":true,"href":"https:\/\/canaryvip.com\/cs\/wp-json\/wp\/v2\/media\/11461"}],"wp:attachment":[{"href":"https:\/\/canaryvip.com\/cs\/wp-json\/wp\/v2\/media?parent=11456"}],"wp:term":[{"taxonomy":"product_brand","embeddable":true,"href":"https:\/\/canaryvip.com\/cs\/wp-json\/wp\/v2\/product_brand?post=11456"},{"taxonomy":"product_cat","embeddable":true,"href":"https:\/\/canaryvip.com\/cs\/wp-json\/wp\/v2\/product_cat?post=11456"},{"taxonomy":"product_tag","embeddable":true,"href":"https:\/\/canaryvip.com\/cs\/wp-json\/wp\/v2\/product_tag?post=11456"}],"curies":[{"name":"wp","href":"https:\/\/api.w.org\/{rel}","templated":true}]}}