{"id":11386,"date":"2024-05-06T14:37:45","date_gmt":"2024-05-06T13:37:45","guid":{"rendered":"https:\/\/canaryvip.com\/?post_type=product&#038;p=11386"},"modified":"2025-08-09T12:38:08","modified_gmt":"2025-08-09T11:38:08","slug":"valkyrie-yacht-hire-tenerife","status":"publish","type":"product","link":"https:\/\/canaryvip.com\/cs\/shop\/valkyrie-yacht-hire-tenerife\/","title":{"rendered":"P\u016fj\u010dovna lod\u00ed Valkyrie Tenerife"},"content":{"rendered":"<h2>\ud83d\udee5\ufe0f Valkyrie Yacht Charter Tenerife<\/h2>\n<p>Vydejte se na soukromou jachtu Tenerife s jachtou Valkyrie spole\u010dnosti CanaryVIP, kter\u00e1 kombinuje luxus, relaxaci a vzru\u0161uj\u00edc\u00ed z\u00e1\u017eitky. <a href=\"https:\/\/canaryvip.com\/cs\/tenerife\/boat-hire-tenerife\/\">p\u016fj\u010dovna lod\u00ed<\/a> pod\u00e9l \u00fachvatn\u00e9ho pob\u0159e\u017e\u00ed Tenerife. Tento n\u00e1dhern\u00fd 15metrov\u00fd <em>Princess 45 Fly model<\/em> je navr\u017eena pro pohodl\u00ed a styl a nab\u00edz\u00ed intimn\u00ed pron\u00e1jem jachty a\u017e pro 10 host\u016f.<\/p>\n<h3>\u2b50\ufe0f <strong>Bezkonkuren\u010dn\u00ed luxus a pohodl\u00ed na palub\u011b<\/strong><\/h3>\n<p><span style=\"text-decoration: underline;\"><strong>Prozkoumejte pozoruhodn\u00e9 funkce Valkyrie:<\/strong><\/span><\/p>\n<ul>\n<li>Prostorn\u00e1 paluba ur\u010den\u00e1 k relaxaci a malebn\u00fdm v\u00fdhled\u016fm.<\/li>\n<li>WiFi, reproduktory Bluetooth a pohodln\u00e1 plo\u0161ina na koup\u00e1n\u00ed.<\/li>\n<li>Kajuty s vlastn\u00ed sprchou a toaletou, ide\u00e1ln\u00ed pro p\u0159evl\u00e9k\u00e1n\u00ed nebo odpo\u010dinek.<\/li>\n<li>\u0160norchlovac\u00ed vybaven\u00ed, ploutve a paddleboard pro vodn\u00ed aktivity.<\/li>\n<\/ul>\n<h3>\ud83d\udea4 <strong>Vyberte si ide\u00e1ln\u00ed v\u00fdlet lod\u00ed Tenerife<\/strong><\/h3>\n<h4>T\u0159\u00edhodinov\u00e1 plavba<\/h4>\n<p>Ide\u00e1ln\u00ed pro rodiny a skupiny, kter\u00e9 hledaj\u00ed rychl\u00fd, ale nezapomenuteln\u00fd soukrom\u00fd v\u00fdlet lod\u00ed na Tenerife.<\/p>\n<ul>\n<li>Plavte se pod\u00e9l n\u00e1dhern\u00e9ho pob\u0159e\u017e\u00ed Tenerife s mo\u017enost\u00ed pozorovat delf\u00edny a velryby.<\/li>\n<li>Zakotv\u011bte na koup\u00e1n\u00ed, \u0161norchlov\u00e1n\u00ed a j\u00edzdu na paddleboardu v pr\u016fzra\u010dn\u011b \u010dist\u00e9 vod\u011b.<\/li>\n<li>Vychutnejte si otev\u0159en\u00fd bar s v\u00fdb\u011brem alkoholick\u00fdch n\u00e1poj\u016f, v\u010detn\u011b cavy, lihovin, m\u00edchan\u00fdch n\u00e1poj\u016f a piva, a tak\u00e9 \u0159adu nealkoholick\u00fdch n\u00e1poj\u016f, tepl\u00fdch i studen\u00fdch.<\/li>\n<li>Ochutnejte pe\u010denou pizzu, tortilly a hork\u00e9 paelly na vy\u017e\u00e1d\u00e1n\u00ed dopln\u011bn\u00e9 sortimentem lehk\u00e9ho ob\u010derstven\u00ed a p\u0159edkrm\u016f.<\/li>\n<\/ul>\n<h4>P\u011btihodinov\u00fd pr\u016fzkum<\/h4>\n<p>Objevte dal\u0161\u00ed kr\u00e1sy pob\u0159e\u017e\u00ed Tenerife a z\u00edskejte v\u00edce \u010dasu na vodn\u00ed aktivity.<\/p>\n<ul>\n<li>Plavte se po pozoruhodn\u00e9m pob\u0159e\u017e\u00ed Tenerife a d\u00e1vejte pozor na mo\u0159sk\u00fd \u017eivot.<\/li>\n<li>Zakotv\u011bte pobl\u00ed\u017e z\u00e1toky Arme\u00f1ime a \u0161norchlujte, plavte nebo odpo\u010d\u00edvejte na palub\u011b.<\/li>\n<li>Dop\u0159ejte si gurm\u00e1nsk\u00e9 ob\u010derstven\u00ed, v\u010detn\u011b pizzy, tortilly a hork\u00fdch paellas na m\u00edru, spolu s podnosy s lehk\u00fdmi sousty a p\u0159edkrmy.<\/li>\n<li>Po celou dobu plavby si m\u016f\u017eete vychutnat otev\u0159en\u00fd bar s alkoholick\u00fdmi i nealkoholick\u00fdmi n\u00e1poji a horkou k\u00e1vu.<\/li>\n<\/ul>\n<h4>8hodinov\u00e1 Grand Tour<\/h4>\n<p>Pono\u0159te se do pob\u0159e\u017en\u00edch div\u016f Tenerife a vydejte se do Los Gigantes a Masca.<\/p>\n<ul>\n<li>Plavte se kolem dramatick\u00fdch \u00fates\u016f a z\u00e1tok s n\u011bkolika zast\u00e1vkami na vodn\u00ed aktivity.<\/li>\n<li>Zakotv\u011bte na \u00fa\u017easn\u00fdch m\u00edstech, kde se m\u016f\u017eete koupat, stolovat a kochat se neuv\u011b\u0159itelnou scen\u00e9ri\u00ed Tenerife.<\/li>\n<li>Vychutnejte si komplexn\u00ed gastronomick\u00fd z\u00e1\u017eitek s pe\u010denou pizzou, tortillami, tepl\u00fdmi paellami na objedn\u00e1vku a r\u016fzn\u00fdmi podnosy s lehk\u00fdm ob\u010derstven\u00edm a p\u0159edkrmy.<\/li>\n<li>Vychutnejte si rozs\u00e1hl\u00fd v\u00fdb\u011br n\u00e1poj\u016f z otev\u0159en\u00e9ho baru, kter\u00fd v\u00e1m zajist\u00ed osv\u011b\u017euj\u00edc\u00ed z\u00e1\u017eitek po celou dobu va\u0161eho dobrodru\u017estv\u00ed.<\/li>\n<\/ul>\n<h3>\u2705 <strong>All-Inclusive slu\u017eby pro va\u0161e dobrodru\u017estv\u00ed na soukrom\u00e9 jacht\u011b na Tenerife<\/strong><\/h3>\n<ul>\n<li>Neomezen\u00e9 mno\u017estv\u00ed n\u00e1poj\u016f a gurm\u00e1nsk\u00e9ho ob\u010derstven\u00ed pro v\u0161echny v\u011bkov\u00e9 kategorie.<\/li>\n<li>P\u0159\u00e1telsk\u00e1, v\u00edcejazy\u010dn\u00e1 pos\u00e1dka p\u0159ipraven\u00e1 pomoci, v\u010detn\u011b kapit\u00e1na a serv\u00edrky.<\/li>\n<li>\u0160pi\u010dkov\u00e9 vybaven\u00ed pro \u0161norchlov\u00e1n\u00ed a paddleboardy pro nekone\u010dnou z\u00e1bavu.<\/li>\n<\/ul>\n<h3>\ud83d\udccd <strong>Za\u010dn\u011bte sv\u00e9 dobrodru\u017estv\u00ed s pron\u00e1jmem lod\u00ed na Tenerife v Las Galletas<\/strong><\/h3>\n<p><a href=\"https:\/\/www.google.com\/maps\/place\/Marina+del+Sur+Tenerife.+Puerto+de+Las+Galletas.\/@28.0069667,-16.6636839,16z\/data=!3m1!4b1!4m6!3m5!1s0xc6aa271048d957b:0x66913daf70f663b3!8m2!3d28.006962!4d-16.661109!16s%2Fg%2F1tfzyr98?entry=tts\" target=\"_blank\" rel=\"noopener\">Las Galletas<\/a> je va\u0161\u00ed vstupn\u00ed branou k dokonal\u00e9 cest\u011b soukromou jachtou na Tenerife, kter\u00e1 nab\u00edz\u00ed dostatek parkovac\u00edch m\u00edst pro bezprobl\u00e9mov\u00fd z\u00e1\u017eitek.<\/p>\n<h4>\ud83d\udcdc <strong>Bezprobl\u00e9mov\u00e1 rezervace a jasn\u00e9 z\u00e1sady<\/strong><\/h4>\n<p>CanaryVIP zaji\u0161\u0165uje bezprobl\u00e9mov\u00fd proces rezervace s transparentn\u00edmi z\u00e1sadami:<\/p>\n<ul>\n<li><strong>Z\u00e1ruka po\u010das\u00ed:<\/strong> V p\u0159\u00edpad\u011b nep\u0159\u00edzniv\u00e9ho po\u010das\u00ed m\u016f\u017eete zm\u011bnit term\u00edn nebo obdr\u017eet plnou n\u00e1hradu.<\/li>\n<li><strong>Flexibiln\u00ed zru\u0161en\u00ed:<\/strong> Zru\u0161en\u00ed do 5 dn\u016f p\u0159ed cestou za plnou n\u00e1hradu, 3-5 dn\u016f pro 70% a do 1-3 dn\u016f pro 35%.<\/li>\n<li><strong>Snadno p\u0159\u00edstupn\u00e9 vstupenky:<\/strong> M\u011bjte palubn\u00ed vstupenku po ruce v telefonu, abyste mohli bezprobl\u00e9mov\u011b nastoupit do letadla.<\/li>\n<li><strong>Komplexn\u00ed p\u00e9\u010de:<\/strong> Pokud pot\u0159ebujete cestu p\u0159ed\u010dasn\u011b ukon\u010dit, pos\u00e1dka v\u00e1m pom\u016f\u017ee (n\u00e1hrada v\u0161ak nen\u00ed mo\u017en\u00e1).<\/li>\n<li><strong>Flexibilita plateb:<\/strong> Vyberte si mo\u017enost platby, kter\u00e1 v\u00e1m nejl\u00e9pe vyhovuje.<\/li>\n<\/ul>\n<p>Zarezervujte si plavbu na jacht\u011b Valkyrie u spole\u010dnosti CanaryVIP je\u0161t\u011b dnes a pronajm\u011bte si lo\u010f na Tenerife, za\u017eijte soukrom\u00fd pron\u00e1jem jachty jako nikdy p\u0159edt\u00edm a odemkn\u011bte si nezapomenuteln\u00e9 chv\u00edle na mo\u0159i.<\/p>","protected":false},"excerpt":{"rendered":"<p>\ud83d\udd0d <strong>Valkyrie Yacht Charter:<\/strong><br \/>\n\u2705 Bezpe\u010dn\u00e1 platba.<br \/>\n\ud83d\udd10 Soukrom\u00e9 prohl\u00eddky.<br \/>\n\ud83d\udee5\ufe0f 15 metr\u016f Yacht.<br \/>\n\u23f3 Denn\u00ed prohl\u00eddky v d\u00e9lce 3-8 hodin.<br \/>\n\ud83d\udd59 P\u0159izp\u016fsobiteln\u00e9 \u010dasy odjezd\u016f.<br \/>\n\ud83c\udf74 Stravov\u00e1n\u00ed a n\u00e1poje v cen\u011b.<br \/>\n\ud83d\udc65 A\u017e 10 host\u016f.<br \/>\n\ud83c\udfc4\u200d\u2640\ufe0f V\u010detn\u011b p\u00e1del.<br \/>\n\ud83e\udd3f Vybaven\u00ed pro \u0161norchlov\u00e1n\u00ed je k dispozici.<br \/>\n\ud83d\udd0a P\u0159ehrajte si hudbu.<br \/>\n\ud83d\ude97 P\u0159epravn\u00ed slu\u017eba v cen\u011b.<br \/>\n\ud83e\udd11 Garance nejlep\u0161\u00ed ceny.<br \/>\n\ud83d\udc6a Slevy aktivov\u00e1ny.<br \/>\n\ud83d\udd01 Zru\u0161en\u00ed a\u017e na 5 dn\u00ed.<br \/>\n\ud83c\udf0d V\u00edcejazy\u010dn\u00e1 pos\u00e1dka.<br \/>\n\ud83c\udf1f Rezervujte v\u010das a u\u0161et\u0159ete!<br \/>\n\ud83d\udccd Odjezd z <a href=\"https:\/\/www.google.com\/maps\/place\/Marina+del+Sur+Tenerife.+Puerto+de+Las+Galletas.\/@28.0069667,-16.6636839,16z\/data=!3m1!4b1!4m6!3m5!1s0xc6aa271048d957b:0x66913daf70f663b3!8m2!3d28.006962!4d-16.661109!16s%2Fg%2F1tfzyr98?entry=tts\">Las Galletas<\/a>.<\/p>","protected":false},"featured_media":11387,"comment_status":"open","ping_status":"closed","template":"","meta":{"_acf_changed":false},"product_brand":[],"product_cat":[47],"product_tag":[],"class_list":{"0":"post-11386","1":"product","2":"type-product","3":"status-publish","4":"has-post-thumbnail","6":"product_cat-boat-hire-tenerife","7":"wcpa_has_options","9":"first","10":"instock","11":"virtual","12":"purchasable","13":"product-type-simple"},"acf":[],"wcpa_form_fields":{"wcpaData":{"product":{"product_price":750,"price_html":"From&nbsp;<span class=\"woocommerce-Price-amount amount\"><bdi>750,00&nbsp;<span class=\"woocommerce-Price-currencySymbol\">&euro;<\/span><\/bdi><\/span>","original_product_price":750,"price_including_tax":750,"price_excluding_tax":750,"product_id":{"parent":11386,"variation":false},"is_variable":false,"stock_status":"instock","stock_quantity":null,"parent_sku":"CV11386","product_attributes":[],"custom_fields":[],"is_taxable":false,"product_name":"Valkyrie Boat Hire Tenerife","hasImage":false},"fields":{"sec_16638eb5b2356a":{"extra":{"key":"sec_16638eb5b2356a","section_id":"sec_16638eb5b2356a","name":"Default","status":1,"cl_rule":"show","enableCl":false,"relations":[],"toggle":true,"title_tag":"h3","show_title":false,"showPrice":"default","form_id":11397,"form_rules":{"exclude_from_discount":true,"fee_label":"Fee","disp_hide_options_price":true,"disp_show_section_price":false,"disp_show_field_price":true,"layout_option":"standard","pric_use_as_fee":false,"process_fee_as":"woo_fee"},"layout_option":"standard"},"fields":[[{"label":"\ud83d\udcc5 Date","active":true,"required":true,"elementId":"date_06638eb5b2358a","picker_type":"custom","picker_mode":"single","placeholder":"","description":"","tooltip":"","name":"date_06638eb5b2358a","label_position":"default","desc_position":"default","enablePrice":false,"className":"","enableCl":false,"relations":[{"operator":"and","rules":[{"operator":"AND","rules":{"cl_field":"radio-group_565c78ffa81208","cl_relation":"is","cl_val":"3 Hour Trip"}}]}],"date_pic_inline":true,"date_pic_inline_hide":true,"min_date":{"type":"days","val":"2"},"max_date":{"type":"days","val":"365"},"date_pic_conf":{"disabledWeeks":[]},"price":"","cl_rule":"show","col":6,"type":"date","error":false,"enableDesign":false,"LabelColor":"","gt_translate_keys":["label","placeholder","description","tooltip"],"price_dependency":false,"cl_dependency":false,"value":""}],[{"contentType":"rich","active":true,"label":"","elementId":"content_86638eb5b23598","value":"<p>\ud83c\udf9f\ufe0f <strong>Reservation<\/strong>: Pay only a deposit now to reserve; the rest is due on the day of the activity upon arrival.<\/p>","inline":false,"name":"content_86638eb5b23598","enablePrice":false,"className":"","subtype":"p","enableCl":false,"relations":false,"price":"","cl_rule":"show","col":6,"type":"content","error":false,"pricingType":"custom","isTemplate":false,"is_show_price":true,"show_in_checkout":true,"gt_translate_keys":["label","value"],"price_dependency":false,"cl_dependency":false}],[{"elementId":"separator_56638eb5b235a4","separatorType":"blank","className":"","height":"3","enableCl":false,"relations":false,"cl_rule":"show","col":6,"type":"separator","error":false,"gt_translate_keys":[],"price_dependency":false,"cl_dependency":false,"value":""}],[{"active":true,"col":6,"relations":false,"cl_rule":"show","enableCl":false,"price":"","enablePrice":true,"className":"","label_position":"default","desc_position":"default","type":"select","required":true,"elementId":"select_56638eb5b235ae","label":"\u23f3 Trip Duration","name":"select_56638eb5b235ae","values":[{"label":"3 Hours (750\u20ac)","value":"1","selected":false,"tempId":"aco_556","price":"750","gt_translate_keys":["label"]},{"label":"5 Hours (1.150\u20ac)","value":"2","selected":false,"tempId":"aco_640","price":"1150","gt_translate_keys":["label"]},{"label":"8 Hours (1.600\u20ac)","value":"3","selected":false,"tempId":"aco_660","price":"1600","gt_translate_keys":["label"]}],"dropdown_type":"basic","error":false,"placeholder":"Select Trip Duration","priceOptions":"different_for_all","pricingType":"fixed","is_show_price":true,"gt_translate_keys":["label","placeholder"],"price_dependency":["content_86638eb5b235c3"],"cl_dependency":false,"value":""}],[{"elementId":"separator_86638eb5b235b9","separatorType":"fill","className":"","height":"6","enableCl":false,"relations":false,"cl_rule":"show","col":6,"type":"separator","error":false,"separatorColor":"#66a6b6","gt_translate_keys":[],"price_dependency":false,"cl_dependency":false,"value":""}],[{"active":true,"col":6,"relations":false,"cl_rule":"show","enableCl":false,"price":"{field.select_56638eb5b235ae.price}","enablePrice":true,"className":"","label_position":"default","desc_position":"default","type":"content","required":false,"elementId":"content_86638eb5b235c3","label":"Deposit Payment","name":"content_86638eb5b235c3","contentType":"plain","value":"","error":false,"pricingType":"custom","isTemplate":true,"is_show_price":false,"enableDesign":true,"scrollBar":false,"use_as_fee":false,"fee_label":"Payment Now","inline":true,"show_in_checkout":true,"subtype":"div","formulaId":"fmla_1718295979528641619","LabelSize":"14px","gt_translate_keys":["label","value"],"price_dependency":["content_36638eb5b235d5"],"cl_dependency":false}],[{"contentType":"plain","active":true,"label":"Payment at Arrival","elementId":"content_36638eb5b235cc","value":"","inline":true,"show_in_checkout":true,"name":"content_36638eb5b235cc","enablePrice":true,"className":"","fee_label":"Payment at Arrival","subtype":"div","enableCl":false,"relations":false,"scrollBar":false,"enableDesign":true,"pricingType":"custom","isTemplate":true,"price":"({field.radio-group_965c78ffa8129a.quantity}*22) + ({field.radio-group_865c78ffa812a3.quantity}*11)","use_as_fee":false,"is_show_price":true,"cl_rule":"show","col":6,"type":"content","error":false,"formulaId":"fmla_1718296441738487083","LabelSize":"14px","gt_translate_keys":["label","value"],"price_dependency":["content_36638eb5b235d5"],"cl_dependency":false}],[{"contentType":"plain","active":true,"label":"Total Price","elementId":"content_36638eb5b235d5","value":"","inline":true,"show_in_checkout":true,"name":"content_36638eb5b235d5","enablePrice":true,"className":"","fee_label":"Payment at Arrival","subtype":"div","enableCl":false,"relations":false,"scrollBar":false,"enableDesign":true,"LabelSize":"14px","pricingType":"custom","isTemplate":false,"price":"({field.content_86638eb5b235c3.price}) + ({field.content_36638eb5b235cc.price})","formulaId":"fmla_1708360988969136756","use_as_fee":false,"is_show_price":true,"cl_rule":"show","col":6,"type":"content","error":false,"gt_translate_keys":["label","value"],"price_dependency":false,"cl_dependency":false}]]},"sec_26638eb5b235d6":{"extra":{"key":"sec_26638eb5b235d6","section_id":"sec_26638eb5b235d6","name":"Pickup Location","status":1,"cl_rule":"show","enableCl":false,"relations":[],"toggle":true,"title_tag":"h4","show_title":false,"showPrice":"default","form_id":11397,"form_rules":{"exclude_from_discount":true,"fee_label":"Fee","disp_hide_options_price":true,"disp_show_section_price":false,"disp_show_field_price":true,"layout_option":"standard","pric_use_as_fee":false,"process_fee_as":"woo_fee"},"layout_option":"standard"},"fields":[[{"elementId":"separator_36638eb5b235e0","separatorType":"blank","className":"","height":"3","enableCl":false,"relations":false,"cl_rule":"show","col":6,"type":"separator","error":false,"gt_translate_keys":[],"price_dependency":false,"cl_dependency":false,"value":""}],[{"active":true,"col":6,"relations":[{"operator":false,"rules":[{"operator":"AND","rules":{"cl_field":"radio-group_565c78ffa81208","cl_relation":"is","cl_val":"3 Hour Trip"}}]}],"cl_rule":"show","enableCl":false,"price":"","enablePrice":false,"className":"","label_position":"default","desc_position":"default","type":"select","required":false,"elementId":"select_36638eb5b235e9","label":"\u23f0 Departure","name":"select_36638eb5b235e9","values":[{"label":"09:00","value":"09:00","selected":false,"tempId":"aco_1471","gt_translate_keys":["label"]},{"label":"10:00","value":"10:00","selected":false,"tempId":"aco_1472","gt_translate_keys":["label"]},{"label":"11:00","value":"11:00","selected":false,"tempId":"aco_1500","gt_translate_keys":["label"]},{"label":"12:00","value":"12:00","selected":false,"tempId":"aco_1510","gt_translate_keys":["label"]},{"label":"13:00 (1:00 PM)","value":"13:00","selected":false,"tempId":"aco_1520","gt_translate_keys":["label"]},{"label":"14:00 (2:00 PM)","value":"14:00","selected":false,"tempId":"aco_1728","gt_translate_keys":["label"]},{"label":"15:00 (3:00 PM)","value":"15:00","selected":false,"tempId":"aco_1738","gt_translate_keys":["label"]}],"dropdown_type":"basic","error":false,"placeholder":"Whichever Time is Best","gt_translate_keys":["label","placeholder"],"price_dependency":false,"cl_dependency":false,"value":""}],[{"elementId":"separator-9240792349","separatorType":"blank","className":"","height":"1","enableCl":false,"relations":false,"cl_rule":"show","col":6,"type":"separator","gt_translate_keys":[],"price_dependency":false,"cl_dependency":false,"value":""}],[{"label":"\u2705 Number of People","active":true,"required":true,"elementId":"select-6395569238","dropdown_type":"basic","placeholder":"Select Number of People","name":"select-6395569238","label_position":"default","desc_position":"default","enablePrice":false,"className":"","enableCl":false,"relations":[{"operator":false,"rules":[{"operator":"AND","rules":{"cl_field":"radio-group_565c78ffa81208","cl_relation":"is","cl_val":"3 Hour Trip"}}]}],"values":[{"label":"1 person","value":"1","selected":false,"tempId":"aco_1471","gt_translate_keys":["label"]},{"label":"2 people","value":"2","selected":false,"tempId":"aco_1472","gt_translate_keys":["label"]},{"label":"3 people","value":"3","selected":false,"tempId":"aco_1500","gt_translate_keys":["label"]},{"label":"4 people","value":"4","selected":false,"tempId":"aco_1510","gt_translate_keys":["label"]},{"label":"5 people","value":"5","selected":false,"tempId":"aco_1520","gt_translate_keys":["label"]},{"label":"6 people","value":"6","selected":false,"tempId":"aco_1728","gt_translate_keys":["label"]},{"label":"7 people","value":"7","selected":false,"tempId":"aco_1738","gt_translate_keys":["label"]},{"label":"8 people","value":"8","selected":false,"tempId":"aco_1748","gt_translate_keys":["label"]},{"label":"9 people","value":"9","selected":false,"tempId":"aco_1912","gt_translate_keys":["label"]},{"label":"10 people","value":"10","selected":false,"tempId":"aco_1922","gt_translate_keys":["label"]}],"price":"","cl_rule":"show","col":6,"type":"select","error":false,"gt_translate_keys":["label","placeholder"],"price_dependency":false,"cl_dependency":false,"value":""}],[{"elementId":"separator-8246171731","separatorType":"blank","className":"","height":"1","enableCl":false,"relations":false,"cl_rule":"show","col":6,"type":"separator","error":false,"gt_translate_keys":[],"price_dependency":false,"cl_dependency":false,"value":""}],[{"active":true,"col":6,"relations":false,"cl_rule":"show","enableCl":false,"price":"","enablePrice":false,"className":"","label_position":"default","desc_position":"default","type":"text","subtype":"text","required":false,"elementId":"text_1786063067","label":"\ud83d\ude8c Pickup Location","name":"text_1786063067","value":"","error":false,"description":"Free pick-up service in Tenerife South. Simply provide your address or hotel name.","gt_translate_keys":["label","description","value"],"price_dependency":false,"cl_dependency":false}]]}},"config":{"price_override":"always","enable_recaptcha":false,"bind_quantity":false,"quantity_bind_formula":false,"disp_summ_show_option_price":true,"disp_summ_show_product_price":false,"disp_summ_show_total_price":false,"disp_summ_show_fee":true,"disp_summ_show_discount":true,"summary_title":"","options_total_label":"Options Price","total_label":"Deposit Amount","options_product_label":"Product Price","fee_label":"Fee","discount_label":"Discount","has_price":true,"has_quantity_formula":false},"mc_unit":1,"tax_rate":1,"tax_rate_real":1,"discount":{"percentage":0,"fixed":0},"design":{"conf":{"LabelPosition":"above","DescPosition":"above","UploadField":"custom_1","QuantityFieldStyle":"custom_1"},"css":{"LeftLabelWidth":"120px"}},"formulas":{"fmla_1718295979528641619":"(({field.select_56638eb5b235ae.value}>=3)?(400):(({field.select_56638eb5b235ae.value}>=2)?(300):(({field.select_56638eb5b235ae.value}>=1)?(210):(0))))","fmla_1718296441738487083":"(({field.select_56638eb5b235ae.value}>=3)?(1200):(({field.select_56638eb5b235ae.value}>=2)?(850):(({field.select_56638eb5b235ae.value}>=1)?(540):(0))))"},"lookuptables":[],"clones":false,"cartKey":false}},"_links":{"self":[{"href":"https:\/\/canaryvip.com\/cs\/wp-json\/wp\/v2\/product\/11386","targetHints":{"allow":["GET"]}}],"collection":[{"href":"https:\/\/canaryvip.com\/cs\/wp-json\/wp\/v2\/product"}],"about":[{"href":"https:\/\/canaryvip.com\/cs\/wp-json\/wp\/v2\/types\/product"}],"replies":[{"embeddable":true,"href":"https:\/\/canaryvip.com\/cs\/wp-json\/wp\/v2\/comments?post=11386"}],"wp:featuredmedia":[{"embeddable":true,"href":"https:\/\/canaryvip.com\/cs\/wp-json\/wp\/v2\/media\/11387"}],"wp:attachment":[{"href":"https:\/\/canaryvip.com\/cs\/wp-json\/wp\/v2\/media?parent=11386"}],"wp:term":[{"taxonomy":"product_brand","embeddable":true,"href":"https:\/\/canaryvip.com\/cs\/wp-json\/wp\/v2\/product_brand?post=11386"},{"taxonomy":"product_cat","embeddable":true,"href":"https:\/\/canaryvip.com\/cs\/wp-json\/wp\/v2\/product_cat?post=11386"},{"taxonomy":"product_tag","embeddable":true,"href":"https:\/\/canaryvip.com\/cs\/wp-json\/wp\/v2\/product_tag?post=11386"}],"curies":[{"name":"wp","href":"https:\/\/api.w.org\/{rel}","templated":true}]}}