{"id":11308,"date":"2024-04-16T23:45:59","date_gmt":"2024-04-16T22:45:59","guid":{"rendered":"https:\/\/canaryvip.com\/?post_type=product&#038;p=11308"},"modified":"2025-08-09T12:39:52","modified_gmt":"2025-08-09T11:39:52","slug":"banana-boat-tenerife","status":"publish","type":"product","link":"https:\/\/canaryvip.com\/cs\/shop\/banana-boat-tenerife\/","title":{"rendered":"Ban\u00e1nov\u00e1 lo\u010f Tenerife"},"content":{"rendered":"<h2><strong>Banana Boat Tenerife - Divok\u00e9 vlny a sm\u00edch<\/strong><\/h2>\n<p>P\u0159ipravte se na po\u0159\u00e1dnou porci z\u00e1bavy s na\u0161imi <strong>Ban\u00e1nov\u00e1 lo\u010f Tenerife<\/strong> j\u00edzdy! Tyto j\u00edzdy jsou ide\u00e1ln\u00ed pro rodiny a skupiny a kombinuj\u00ed rychlost, \u0161plouch\u00e1n\u00ed a sm\u00edch a p\u0159in\u00e1\u0161ej\u00ed nezapomenuteln\u00fd den na vod\u011b. Na\u0161e str\u00e1nky <strong>V\u00fdlety na ban\u00e1nov\u00e9 lodi<\/strong> jsou nad\u010dasov\u00fdm zp\u016fsobem, jak za\u017e\u00edt vzru\u0161en\u00ed z mo\u0159e na Costa Adeje.<\/p>\n<h3><strong>\ud83c\udf0a Za\u010dn\u011bte sv\u00e9 dobrodru\u017estv\u00ed v Puerto Col\u00f3n<\/strong><\/h3>\n<ul>\n<li><strong>Vzru\u0161uj\u00edc\u00ed uveden\u00ed na trh:<\/strong> Va\u0161e cesta na ban\u00e1nov\u00e9 lodi za\u010d\u00edn\u00e1 na <a href=\"https:\/\/maps.app.goo.gl\/bkqEhAxsobcjz9wG9\" target=\"_blank\" rel=\"noopener\">Puerto Col\u00f3n,<\/a> kde v\u00e1s p\u0159iv\u00edtaj\u00ed na\u0161i nad\u0161en\u00ed pr\u016fvodci a poskytnou v\u00e1m kr\u00e1tkou bezpe\u010dnostn\u00ed instrukt\u00e1\u017e, ne\u017e nasednete na ikonick\u00fd \u017elut\u00fd vor.<\/li>\n<li><strong>Vzru\u0161uj\u00edc\u00ed j\u00edzda:<\/strong> Vylezte na palubu nafukovac\u00edho ban\u00e1nu a pevn\u011b se dr\u017ete, zat\u00edmco v\u00e1s motorov\u00fd \u010dlun t\u00e1hne po vln\u00e1ch. P\u0159ipravte se na p\u00e1dy a n\u00e1razy, zat\u00edmco se budete sm\u00e1t a k\u0159i\u010det nad\u0161en\u00edm se sv\u00fdmi p\u0159\u00e1teli a rodinou!<\/li>\n<\/ul>\n<h3><strong>\u2728 \u010c\u00edm jsou na\u0161e proj\u00ed\u017e\u010fky na ban\u00e1nov\u00e9 lodi v\u00fdjime\u010dn\u00e9?<\/strong><\/h3>\n<ul>\n<li><strong>P\u0159\u00edstupn\u00e1 z\u00e1bava:<\/strong> Pouh\u00fdch 15 \u20ac na osobu v\u00e1m zajist\u00ed m\u00edsto na tomto obl\u00edben\u00e9m vodn\u00edm sportu, kter\u00fd je ide\u00e1ln\u00ed i pro skupiny. Je to cenov\u011b dostupn\u00fd a vzru\u0161uj\u00edc\u00ed v\u00fdlet pro ka\u017ed\u00e9ho!<\/li>\n<li><strong>D\u016fsledn\u00e1 chv\u00e1la:<\/strong> Jsme hrd\u00ed na to, \u017ee na\u0161e j\u00edzdy p\u0159in\u00e1\u0161ej\u00ed radost a sm\u00edch, co\u017e se odr\u00e1\u017e\u00ed ve skv\u011bl\u00fdch recenz\u00edch na\u0161ich jezdc\u016f. Va\u0161e z\u00e1bava je pro n\u00e1s prioritou!<\/li>\n<li><strong>Flexibiln\u00ed rezervace:<\/strong> Zm\u011bna pl\u00e1n\u016f? Rezervaci m\u016f\u017eete zru\u0161it a\u017e 24 hodin p\u0159edem a dostanete zp\u011bt celou \u010d\u00e1stku - n\u00e1\u0161 z\u00e1vazek vyhov\u011bt va\u0161im pot\u0159eb\u00e1m na dovolen\u00e9.<\/li>\n<\/ul>\n<h3><strong>\ud83d\ude80 J\u00edzda na ban\u00e1nu na Tenerife<\/strong><\/h3>\n<ul>\n<li><strong>Dynamika skupiny:<\/strong> Za\u017eijte vzru\u0161en\u00ed a\u017e s 12 jezdci. Spole\u010dn\u00e9 vzru\u0161en\u00ed a sd\u00edlen\u00e9 reakce jsou nezapomenuteln\u00fdm dobrodru\u017estv\u00edm.<\/li>\n<li><strong>Bezpe\u010dn\u011b a spolehliv\u011b:<\/strong> Na\u0161e vy\u0161kolen\u00e1 pos\u00e1dka zaji\u0161\u0165uje bezpe\u010dnou j\u00edzdu od za\u010d\u00e1tku a\u017e do konce a \u0159\u00edd\u00ed lo\u010f s odbornou p\u00e9\u010d\u00ed, abyste si j\u00edzdu maxim\u00e1ln\u011b u\u017eili a byli v bezpe\u010d\u00ed.<\/li>\n<\/ul>\n<h3><strong>\ud83c\udf1f V\u00edce ne\u017e jen ban\u00e1nov\u00e9 lod\u011b<\/strong><\/h3>\n<ul>\n<li>Roz\u0161i\u0159te sv\u00e9 mo\u017enosti vodn\u00edch sport\u016f o mo\u017enosti, jako je nap\u0159\u00edklad <a href=\"https:\/\/canaryvip.com\/cs\/shop\/jetski-tenerife\/\">vodn\u00ed sk\u00fatr Tenerife<\/a>, <a href=\"https:\/\/canaryvip.com\/cs\/shop\/parasailing-tenerife\/\">parasailing Tenerife<\/a>a dokonce <a href=\"https:\/\/canaryvip.com\/cs\/tenerife\/boat-excursions\/\">v\u00fdlety za pozorov\u00e1n\u00edm velryb<\/a>, a to na stejn\u00e9m m\u00edst\u011b v Puerto Col\u00f3n.<\/li>\n<\/ul>\n<h3>\ud83d\udcc5 <strong>Rezervujte si proj\u00ed\u017e\u010fku na ban\u00e1nu na Tenerife je\u0161t\u011b dnes<\/strong><\/h3>\n<p>A\u0165 u\u017e hled\u00e1te vzru\u0161en\u00ed nebo z\u00e1bavnou skupinovou aktivitu, na\u0161e j\u00edzda na ban\u00e1nov\u00e9m \u010dlunu nab\u00edz\u00ed dokonalou kombinaci oboj\u00edho. Zajist\u011bte si m\u00edsto je\u0161t\u011b dnes a p\u0159ipravte se na vzru\u0161uj\u00edc\u00ed z\u00e1\u017eitek na vod\u011b.<\/p>\n<h3>\u2705 <strong>Co je zahrnuto v j\u00edzd\u011b na ban\u00e1nu?<\/strong><\/h3>\n<ul>\n<li>Kompletn\u00ed bezpe\u010dnostn\u00ed instrukt\u00e1\u017e a z\u00e1chrann\u00e9 vesty pro v\u0161echny jezdce.<\/li>\n<li>Vzru\u0161uj\u00edc\u00ed desetiminutov\u00e1 j\u00edzda.<\/li>\n<li>Fotografie z va\u0161eho dobrodru\u017estv\u00ed si m\u016f\u017eete zakoupit, abyste zachytili okam\u017eiky pln\u00e9 z\u00e1bavy.<\/li>\n<\/ul>\n<h3><strong>\u2696\ufe0f Spolehliv\u00e1 rezervace a snadn\u00e9 zru\u0161en\u00ed rezervace<\/strong><\/h3>\n<ul>\n<li><strong>Bezprobl\u00e9mov\u00e1 rezervace:<\/strong> Rezervujte snadno a v\u011bzte, \u017ee pokud se va\u0161e pl\u00e1ny zm\u011bn\u00ed, m\u016f\u017eete rezervaci zru\u0161it a\u017e 24 hodin p\u0159edem a dostanete zp\u011bt plnou \u010d\u00e1stku.<\/li>\n<li><strong>V\u0161ichni jsou zv\u00e1ni:<\/strong> Vhodn\u00e9 pro milovn\u00edky vzru\u0161en\u00ed ve v\u011bku od 10 do 65 let. Na\u0161e atrakce jsou navr\u017eeny tak, aby byly inkluzivn\u00ed a z\u00e1bavn\u00e9 pro v\u0161echny.<\/li>\n<\/ul>\n<h3><strong>\ud83c\udf92 P\u0159\u00edprava na j\u00edzdu<\/strong><\/h3>\n<ul>\n<li><strong>Pou\u017e\u00edvejte vhodnou v\u00fdstroj:<\/strong> P\u0159ij\u010fte v plavk\u00e1ch a p\u0159ipraveni se namo\u010dit! Nezapome\u0148te si vz\u00edt ru\u010dn\u00edk a opalovac\u00ed kr\u00e9m na ochranu p\u0159ed sluncem.<\/li>\n<li><strong>Uchov\u00e1vejte cenn\u00e9 v\u011bci v bezpe\u010d\u00ed:<\/strong> Boty a protiskluzov\u00e9 p\u0159edm\u011bty si m\u016f\u017eete nechat v na\u0161ich bezpe\u010dn\u00fdch \u00falo\u017en\u00fdch boxech v p\u0159\u00edstavu. Pokud si chcete po\u0159\u00eddit osobn\u00ed fotografie, vezm\u011bte si s sebou vodot\u011bsn\u00fd fotoapar\u00e1t.<\/li>\n<li><strong>Zdrav\u00ed a bezpe\u010dnost:<\/strong> Na\u0161e aktivita nen\u00ed vhodn\u00e1 pro t\u011bhotn\u00e9, ale je fantastick\u00e1 t\u00e9m\u011b\u0159 pro v\u0161echny ostatn\u00ed! Ujist\u011bte se, \u017ee jste p\u0159ipraveni na fyzickou j\u00edzdu.<\/li>\n<\/ul>\n<h3>\u2753 <strong>\u010casto kladen\u00e9 ot\u00e1zky<\/strong><\/h3>\n<ul>\n<li><strong>M\u016f\u017ee se n\u011bkdo z\u00fa\u010dastnit j\u00edzdy na ban\u00e1nov\u00e9m \u010dlunu?<\/strong> Ano! Na\u0161e j\u00edzda na ban\u00e1nov\u00e9m \u010dlunu je ide\u00e1ln\u00ed pro v\u0161echny ve v\u011bku od 10 do 65 let. P\u0159edchoz\u00ed plaveck\u00e9 dovednosti nejsou nutn\u00e9, proto\u017ee v\u0161ichni \u00fa\u010dastn\u00edci budou vybaveni z\u00e1chrann\u00fdmi vestami.<\/li>\n<li><strong>Co mohu b\u011bhem j\u00edzdy o\u010dek\u00e1vat?<\/strong> Po\u010d\u00edtejte s t\u00edm, \u017ee v\u00e1s post\u0159\u00edkaj\u00ed, post\u0159\u00edkaj\u00ed a vysm\u011bj\u00ed se v\u00e1m (v dobr\u00e9m duchu)! Jde p\u0159edev\u0161\u00edm o z\u00e1bavu a pro\u017eitek vzru\u0161en\u00ed z oce\u00e1nu.<\/li>\n<\/ul>\n<h4><strong>\ud83c\udf1e P\u0159ipraveni na j\u00edzdu?<\/strong><\/h4>\n<p>Pono\u0159te se do z\u00e1bavy s na\u0161imi j\u00edzdami na ban\u00e1nov\u00e9m \u010dlunu na adrese <strong>CanaryVIP.<\/strong> Rezervujte si nyn\u00ed a p\u0159ipravte se na vlny v n\u00e1dhern\u00e9m mo\u0159i Tenerife!<\/p>","protected":false},"excerpt":{"rendered":"<p>\ud83d\udd0d <strong>Banana Boat Tenerife:<br \/>\n<\/strong>\u2705 Bezpe\u010dn\u00e1 platba.<br \/>\n\ud83d\udc65 A\u017e 12 jezdc\u016f na jednu j\u00edzdu.<br \/>\n\ud83d\ude80 J\u00edzdy trvaj\u00ed 10 minut.<br \/>\n\ud83c\udfde\ufe0f Vysokorychlostn\u00ed j\u00edzdy.<br \/>\n\ud83d\udd59 Po cel\u00fd den.<br \/>\n\ud83d\udcc5 K dispozici denn\u011b.<br \/>\n\ud83e\udd11 Garance nejlep\u0161\u00ed ceny.<br \/>\n\ud83d\udc6a Slevy pro skupiny.<br \/>\n\ud83d\udd01 Storno podm\u00ednky 24 hodin.<br \/>\n\ud83c\udf0d Podpora v\u00edce jazyk\u016f.<br \/>\n\ud83c\udf1f Rezervujte p\u0159edem, abyste u\u0161et\u0159ili.<br \/>\n\ud83d\udccd Odjezd z <a href=\"https:\/\/maps.app.goo.gl\/bkqEhAxsobcjz9wG9\">Puerto Col\u00f3n<\/a>.<\/p>","protected":false},"featured_media":11311,"comment_status":"open","ping_status":"closed","template":"","meta":{"_acf_changed":false},"product_brand":[],"product_cat":[53],"product_tag":[],"class_list":{"0":"post-11308","1":"product","2":"type-product","3":"status-publish","4":"has-post-thumbnail","6":"product_cat-water-sports","7":"wcpa_has_options","9":"first","10":"instock","11":"virtual","12":"purchasable","13":"product-type-simple"},"acf":[],"wcpa_form_fields":{"wcpaData":{"product":{"product_price":18,"price_html":"From&nbsp;<span class=\"woocommerce-Price-amount amount\"><bdi>18,00&nbsp;<span class=\"woocommerce-Price-currencySymbol\">&euro;<\/span><\/bdi><\/span>","original_product_price":18,"price_including_tax":18,"price_excluding_tax":18,"product_id":{"parent":11308,"variation":false},"is_variable":false,"stock_status":"instock","stock_quantity":null,"parent_sku":"CV11308","product_attributes":[],"custom_fields":[],"is_taxable":false,"product_name":"Banana Boat Tenerife","hasImage":false},"fields":{"sec_7661f1665d94fb":{"extra":{"key":"sec_7661f1665d94fb","section_id":"sec_7661f1665d94fb","name":"Default","status":1,"cl_rule":"show","enableCl":false,"relations":[],"toggle":true,"title_tag":"h3","show_title":false,"showPrice":"default","form_id":11314,"form_rules":{"exclude_from_discount":true,"fee_label":"Fee","disp_hide_options_price":true,"disp_show_section_price":false,"disp_show_field_price":true,"layout_option":"standard","pric_use_as_fee":false,"process_fee_as":"woo_fee"},"layout_option":"standard"},"fields":[[{"label":"\ud83d\udcc5 Date","active":true,"required":true,"elementId":"date_3661f1665d951b","picker_type":"custom","picker_mode":"single","placeholder":"","description":"","tooltip":"","name":"date_3661f1665d951b","label_position":"default","desc_position":"default","enablePrice":false,"className":"","enableCl":false,"relations":[{"operator":"and","rules":[{"operator":"AND","rules":{"cl_field":"radio-group_5661bc90f5e8f5","cl_relation":"is_not_empty","cl_val":"3 Hour Trip"}}]}],"date_pic_inline":true,"date_pic_inline_hide":true,"min_date":{"type":"days","val":"1"},"max_date":{"type":"days","val":"365"},"date_pic_conf":{"disabledWeeks":[]},"price":"","cl_rule":"show","col":6,"type":"date","error":false,"enableDesign":false,"LabelColor":"","gt_translate_keys":["label","placeholder","description","tooltip"],"price_dependency":false,"cl_dependency":false,"value":""}],[{"active":true,"col":6,"relations":false,"cl_rule":"show","enableCl":false,"price":"","enablePrice":false,"className":"","label_position":"default","desc_position":"default","type":"select","required":true,"elementId":"select_3477053266","label":"\u23f0 Departure Time","name":"select_3477053266","values":[{"label":"Whichever Time is Best","value":"Whichever Time is Best","selected":false,"tempId":"aco_312","gt_translate_keys":["label"]},{"label":"10:30","value":"10:30","selected":false,"tempId":"aco_313","gt_translate_keys":["label"]},{"label":"11:30","value":"11:30","selected":false,"tempId":"aco_314","gt_translate_keys":["label"]},{"label":"12:30 ","value":"12:30","selected":false,"tempId":"aco_711","gt_translate_keys":["label"]},{"label":"13:30","value":"13:30","selected":false,"tempId":"aco_721","gt_translate_keys":["label"]},{"label":"14:30","value":"14:30","selected":false,"tempId":"aco_983","gt_translate_keys":["label"]},{"label":"15:30","value":"15:30","selected":false,"tempId":"aco_993","gt_translate_keys":["label"]},{"label":"16:30","value":"16:30","selected":false,"tempId":"aco_1183","gt_translate_keys":["label"]}],"dropdown_type":"basic","error":false,"multiple":false,"placeholder":"None","gt_translate_keys":["label","placeholder"],"price_dependency":false,"cl_dependency":false,"value":""}],[{"active":true,"col":6,"relations":[{"operator":false,"rules":[{"operator":"AND","rules":{"cl_field":"","cl_relation":"","cl_val":""}}]}],"cl_rule":"show","enableCl":true,"price":"18","enablePrice":true,"className":"","label_position":"default","desc_position":"default","type":"radio-group","required":false,"elementId":"radio-group_0661f1665d9537","label":"","name":"radio-group_0661f1665d9537","values":[{"label":"\ud83d\udc64 People (18\u20ac)","value":"People","selected":true,"tempId":"aco_32","tooltip":"","description":"","gt_translate_keys":["label","tooltip","description"]}],"layOut":"","error":false,"checkUi":"button","priceOptions":"fixed_for_all","pricingType":"fixed","enable_quantity":true,"quantity_label":"","min_quantity":"0","options_tooltip":true,"options_description":true,"is_show_price":true,"gt_translate_keys":["label","quantity_label"],"price_dependency":["content_2802764779","content-8155931385","content-8167489432"],"cl_dependency":false,"value":""}],[{"active":true,"col":6,"relations":false,"cl_rule":"show","enableCl":false,"price":"","enablePrice":false,"className":"","label_position":"default","desc_position":"default","type":"separator","required":false,"elementId":"separator_2804989181","label":"Separator Field","height":"6","separatorType":"fill","error":false,"separatorColor":"#66a5b6","gt_translate_keys":["label"],"price_dependency":false,"cl_dependency":false,"value":""}],[{"active":true,"col":6,"relations":false,"cl_rule":"show","enableCl":false,"price":"{field.radio-group_0661f1665d9537.price}*0.30","enablePrice":true,"className":"","label_position":"default","desc_position":"default","type":"content","required":false,"elementId":"content_2802764779","label":"Deposit Now","name":"content_2802764779","contentType":"plain","value":"","error":false,"subtype":"div","inline":true,"show_in_checkout":true,"pricingType":"custom","isTemplate":false,"gt_translate_keys":["label","value"],"price_dependency":false,"cl_dependency":false}],[{"contentType":"plain","active":true,"label":"Payment at Arrival","elementId":"content-8155931385","value":"","inline":true,"show_in_checkout":true,"name":"content-8155931385","enablePrice":true,"className":"","subtype":"div","enableCl":false,"relations":false,"pricingType":"custom","isTemplate":false,"price":"{field.radio-group_0661f1665d9537.price}*0.70","is_show_price":true,"cl_rule":"show","col":6,"type":"content","error":false,"gt_translate_keys":["label","value"],"price_dependency":false,"cl_dependency":false}],[{"contentType":"plain","active":true,"label":"Total Price","elementId":"content-8167489432","value":"","inline":true,"show_in_checkout":true,"name":"content-8167489432","enablePrice":true,"className":"","subtype":"div","enableCl":false,"relations":false,"pricingType":"custom","isTemplate":false,"price":"{field.radio-group_0661f1665d9537.price}","is_show_price":true,"cl_rule":"show","col":6,"type":"content","error":false,"gt_translate_keys":["label","value"],"price_dependency":false,"cl_dependency":false}]]}},"config":{"price_override":"always","enable_recaptcha":false,"bind_quantity":false,"quantity_bind_formula":false,"disp_summ_show_option_price":true,"disp_summ_show_product_price":false,"disp_summ_show_total_price":true,"disp_summ_show_fee":true,"disp_summ_show_discount":true,"summary_title":"","options_total_label":"Options Price","total_label":"Total Amount","options_product_label":"Product Price","fee_label":"Fee","discount_label":"Discount","has_price":true,"has_quantity_formula":false},"mc_unit":1,"tax_rate":1,"tax_rate_real":1,"discount":{"percentage":0,"fixed":0},"design":{"conf":{"LabelPosition":"above","DescPosition":"above","UploadField":"custom_1","QuantityFieldStyle":"custom_1"},"css":{"LeftLabelWidth":"120px"}},"formulas":[],"lookuptables":[],"clones":false,"cartKey":false}},"_links":{"self":[{"href":"https:\/\/canaryvip.com\/cs\/wp-json\/wp\/v2\/product\/11308","targetHints":{"allow":["GET"]}}],"collection":[{"href":"https:\/\/canaryvip.com\/cs\/wp-json\/wp\/v2\/product"}],"about":[{"href":"https:\/\/canaryvip.com\/cs\/wp-json\/wp\/v2\/types\/product"}],"replies":[{"embeddable":true,"href":"https:\/\/canaryvip.com\/cs\/wp-json\/wp\/v2\/comments?post=11308"}],"wp:featuredmedia":[{"embeddable":true,"href":"https:\/\/canaryvip.com\/cs\/wp-json\/wp\/v2\/media\/11311"}],"wp:attachment":[{"href":"https:\/\/canaryvip.com\/cs\/wp-json\/wp\/v2\/media?parent=11308"}],"wp:term":[{"taxonomy":"product_brand","embeddable":true,"href":"https:\/\/canaryvip.com\/cs\/wp-json\/wp\/v2\/product_brand?post=11308"},{"taxonomy":"product_cat","embeddable":true,"href":"https:\/\/canaryvip.com\/cs\/wp-json\/wp\/v2\/product_cat?post=11308"},{"taxonomy":"product_tag","embeddable":true,"href":"https:\/\/canaryvip.com\/cs\/wp-json\/wp\/v2\/product_tag?post=11308"}],"curies":[{"name":"wp","href":"https:\/\/api.w.org\/{rel}","templated":true}]}}