{"id":11303,"date":"2024-04-16T23:11:21","date_gmt":"2024-04-16T22:11:21","guid":{"rendered":"https:\/\/canaryvip.com\/?post_type=product&#038;p=11303"},"modified":"2025-08-09T12:40:39","modified_gmt":"2025-08-09T11:40:39","slug":"flyfish-tenerife","status":"publish","type":"product","link":"https:\/\/canaryvip.com\/cs\/shop\/flyfish-tenerife\/","title":{"rendered":"FlyFish Tenerife"},"content":{"rendered":"<h2><strong>\ud83c\udf0a FlyFish Tenerife - J\u00edzda na vln\u00e1ch oce\u00e1nu<\/strong><\/h2>\n<p>P\u0159ipravte se na adrenalinov\u00fd z\u00e1\u017eitek s na\u0161imi <strong>FlyFish Tenerife<\/strong> dobrodru\u017estv\u00ed! Za\u017eijte vzru\u0161en\u00ed z letu nad mo\u0159em, kdy\u017e se budete dr\u017eet na\u0161eho speci\u00e1ln\u011b navr\u017een\u00e9ho nafukovac\u00edho voru. Na\u0161e <strong>V\u00fdlety FlyFish<\/strong> slibte si nezapomenuteln\u00fd den pln\u00fd rychl\u00fdch vodn\u00edch sport\u016f v kr\u00e1sn\u00e9m prost\u0159ed\u00ed Costa Adeje.<\/p>\n<h3><strong>\ud83d\udea4 Za\u010d\u00edn\u00e1me va\u0161e mu\u0161ka\u0159sk\u00e9 dobrodru\u017estv\u00ed<\/strong><\/h3>\n<ul>\n<li><strong>Dobrodru\u017estv\u00ed za\u010d\u00edn\u00e1:<\/strong> Va\u0161e cesta za\u010d\u00edn\u00e1 p\u0159\u00edmo v <a href=\"https:\/\/maps.app.goo.gl\/bkqEhAxsobcjz9wG9\" target=\"_blank\" rel=\"noopener\">Puerto Col\u00f3n,<\/a>\u00a0ofici\u00e1ln\u00ed v\u00fdchoz\u00ed bod pro va\u0161e FlyFish dobrodru\u017estv\u00ed. Po p\u0159\u00edjezdu budete sezn\u00e1meni se vzru\u0161uj\u00edc\u00edm sv\u011btem FlyFish, dostanete komplexn\u00ed bezpe\u010dnostn\u00ed instrukt\u00e1\u017e a budete p\u0159ipraveni na vzru\u0161uj\u00edc\u00ed j\u00edzdu, kter\u00e1 v\u00e1s \u010dek\u00e1.<\/li>\n<li><strong>Zku\u0161enosti s rybami FlyFish:<\/strong> P\u0159ipoutejte se a pevn\u011b se dr\u017ete, zat\u00edmco v\u00e1s motorov\u00fd \u010dlun bude un\u00e1\u0161et po vln\u00e1ch. Vychutnejte si \u0161plouch\u00e1n\u00ed mo\u0159sk\u00e9 vody a v\u00edtr ve tv\u00e1\u0159i p\u0159i t\u00e9to vzru\u0161uj\u00edc\u00ed j\u00edzd\u011b.<\/li>\n<\/ul>\n<p>&nbsp;<\/p>\n<h3><strong>\u2728 Pro\u010d si vybrat CanaryVIP pro sv\u00e9 mu\u0161ka\u0159sk\u00e9 z\u00e1\u017eitky?<\/strong><\/h3>\n<ul>\n<li><strong>Konkuren\u010dn\u00ed ceny:<\/strong> Vstupte na palubu za pouh\u00fdch 45 \u20ac na osobu a k dispozici jsou i fantastick\u00e9 skupinov\u00e9 a div\u00e1ck\u00e9 ceny. Kvalita a vzru\u0161en\u00ed za nep\u0159ekonatelnou cenu!<\/li>\n<li><strong>Chv\u00e1la z\u00e1kazn\u00edk\u016f:<\/strong> Jsme proslul\u00ed sv\u00fdmi v\u00fdjime\u010dn\u00fdmi slu\u017ebami a py\u0161n\u00edme se vynikaj\u00edc\u00edmi recenzemi na\u0161ich host\u016f. V\u00e1\u0161 skv\u011bl\u00fd z\u00e1\u017eitek je na\u0161\u00edm c\u00edlem!<\/li>\n<li><strong>Flexibilita rezervac\u00ed:<\/strong> Zm\u011bnily se pl\u00e1ny? Nemus\u00edte se ob\u00e1vat - d\u00edky na\u0161im flexibiln\u00edm storno podm\u00ednk\u00e1m m\u016f\u017eete v\u00fdlet zru\u0161it a\u017e 24 hodin p\u0159ed jeho za\u010d\u00e1tkem a z\u00edskat plnou n\u00e1hradu.<\/li>\n<\/ul>\n<h3><strong>\ud83d\ude80 Fly High s FlyFish Tenerife<\/strong><\/h3>\n<ul>\n<li><strong>Vzru\u0161uj\u00edc\u00ed j\u00edzdy:<\/strong> FlyFish v\u00e1s vezme na divokou j\u00edzdu nad vodami Playa de Las Am\u00e9ricas, kde se budete vzn\u00e1\u0161et a pot\u00e1p\u011bt s vlnami po dobu asi 10 vzru\u0161uj\u00edc\u00edch minut.<\/li>\n<li><strong>Odborn\u00e9 poradenstv\u00ed:<\/strong> Na\u0161i zku\u0161en\u00ed instrukto\u0159i se postaraj\u00ed o bezpe\u010dn\u00fd a nezapomenuteln\u00fd z\u00e1\u017eitek a povedou v\u00e1s hladce od za\u010d\u00e1tku a\u017e do konce.<\/li>\n<\/ul>\n<h3><strong>\ud83c\udf1f V\u00edce ne\u017e jen mu\u0161ka\u0159en\u00ed<\/strong><\/h3>\n<ul>\n<li>Hled\u00e1te dal\u0161\u00ed? Nab\u00edz\u00edme \u0161irokou \u0161k\u00e1lu <a href=\"https:\/\/canaryvip.com\/cs\/tenerife\/water-sports\/\">vodn\u00ed aktivity na Tenerife,<\/a>\u00a0z <a href=\"https:\/\/canaryvip.com\/cs\/shop\/jetski-tenerife\/\">j\u00edzda na vodn\u00edm sk\u00fatru<\/a> a\u017e po parasailing, tak\u017ee si v\u017edy m\u016f\u017eete vyzkou\u0161et n\u011bco nov\u00e9ho.<\/li>\n<li>Na\u0161e dobrodru\u017estv\u00ed se neomezuj\u00ed jen na Tenerife - pod\u00edvejte se na na\u0161i nab\u00eddku na Gran Canarii, kde si u\u017eijete je\u0161t\u011b v\u00edce vodn\u00edch radov\u00e1nek!<\/li>\n<\/ul>\n<h3>\ud83d\udcc5 <strong>Zarezervujte si sv\u016fj z\u00e1\u017eitek z FlyFish je\u0161t\u011b dnes<\/strong><\/h3>\n<p>Nenechte si uj\u00edt toto jedine\u010dn\u00e9 dobrodru\u017estv\u00ed. Ide\u00e1ln\u00ed pro milovn\u00edky adrenalinu a vzru\u0161en\u00ed, kte\u0159\u00ed cht\u011bj\u00ed za\u017e\u00edt po\u0159\u00e1dn\u00fd rozruch. Rezervujte si j\u00edzdu na FlyFish pr\u00e1v\u011b te\u010f a oboha\u0165te svou dovolenou na Tenerife o po\u0159\u00e1dnou d\u00e1vku vzru\u0161en\u00ed.<\/p>\n<h3>\u2705 <strong>Co je zahrnuto v j\u00edzd\u011b FlyFish?<\/strong><\/h3>\n<ul>\n<li>Ve\u0161ker\u00e9 bezpe\u010dnostn\u00ed vybaven\u00ed a kompletn\u00ed instrukt\u00e1\u017e p\u0159ed odjezdem.<\/li>\n<li>Desetiminutov\u00e1 j\u00edzda FlyFish, kter\u00e1 v\u00e1m zvedne adrenalin.<\/li>\n<li>Profesion\u00e1ln\u00ed dohled a mo\u017enost fotografov\u00e1n\u00ed pro zachycen\u00ed va\u0161ich odv\u00e1\u017en\u00fdch v\u00fdkon\u016f (fotografie lze zakoupit).<\/li>\n<\/ul>\n<h3><strong>\u2696\ufe0f D\u016fv\u011bryhodn\u00e9 mo\u017enosti rezervace a zru\u0161en\u00ed rezervace<\/strong><\/h3>\n<ul>\n<li><strong>Snadn\u00e1 rezervace:<\/strong> Rezervujte si m\u00edsto bez obav a s jistotou, proto\u017ee v\u00edte, \u017ee kurz m\u016f\u017eete zru\u0161it a\u017e 24 hodin p\u0159edem a dostanete zp\u011bt celou \u010d\u00e1stku.<\/li>\n<li><strong>Inkluzivn\u00ed z\u00e1\u017eitek:<\/strong> V\u00edt\u00e1me v\u0161echny, od samostatn\u00fdch cestovatel\u016f, kte\u0159\u00ed hledaj\u00ed vzru\u0161en\u00ed, a\u017e po skupiny, kter\u00e9 cht\u011bj\u00ed za\u017e\u00edt vzru\u0161uj\u00edc\u00ed v\u00fdlet. Dejte n\u00e1m v\u011bd\u011bt sv\u00e9 preference a my v\u00e1m j\u00edzdu p\u0159izp\u016fsob\u00edme.<\/li>\n<\/ul>\n<h3><strong>\ud83c\udf92 P\u0159\u00edprava na mu\u0161ka\u0159sk\u00e9 dobrodru\u017estv\u00ed<\/strong><\/h3>\n<ul>\n<li><strong>P\u0159ipravte se, \u017ee zmoknete:<\/strong> Vezm\u011bte si plavky, ru\u010dn\u00edk a opalovac\u00ed kr\u00e9m. Bude to po\u0159\u00e1dn\u00e1 j\u00edzda!<\/li>\n<li><strong>Z\u00e1klady fotoapar\u00e1tu:<\/strong> Vezm\u011bte si s sebou vodot\u011bsn\u00fd fotoapar\u00e1t nebo telefon s ochrann\u00fdm pouzdrem, abyste mohli zachytit sv\u00e9 okam\u017eiky z akce FlyFish. M\u011bjte voln\u00e9 ruce pro m\u00e1v\u00e1n\u00ed a pevn\u00e9 dr\u017een\u00ed!<\/li>\n<li><strong>P\u0159\u00edstupnost:<\/strong> Tato aktivita je vhodn\u00e1 pro v\u0161echny ve v\u011bku od 10 do 65 let. Vezm\u011bte pros\u00edm na v\u011bdom\u00ed, \u017ee nen\u00ed vhodn\u00e1 pro t\u011bhotn\u00e9 \u017eeny nebo osoby, kter\u00e9 se nec\u00edt\u00ed dob\u0159e ve vod\u011b.<\/li>\n<\/ul>\n<h3>\u2753 <strong>\u010casto kladen\u00e9 ot\u00e1zky<\/strong><\/h3>\n<ul>\n<li><strong>Kdo se m\u016f\u017ee z\u00fa\u010dastnit FlyFish Tenerife?<\/strong> Dobrodruzi ve v\u011bku od 10 do 65 let jsou v\u00edt\u00e1ni! Z d\u016fvodu bezpe\u010dnosti je nutn\u00e1 z\u00e1kladn\u00ed plaveck\u00e1 zp\u016fsobilost.<\/li>\n<li><strong>Jak bezpe\u010dn\u00fd je FlyFish?<\/strong> Bezpe\u010dnost je na\u0161\u00ed prioritou. V\u0161ichni \u00fa\u010dastn\u00edci jsou vybaveni z\u00e1chrann\u00fdmi vestami a n\u00e1\u0161 zku\u0161en\u00fd t\u00fdm se postar\u00e1 o bezpe\u010dn\u00fd a p\u0159\u00edjemn\u00fd z\u00e1\u017eitek.<\/li>\n<\/ul>\n<h4><strong>\ud83c\udf1e Jste p\u0159ipraveni ud\u011blat po\u0159\u00e1dn\u00fd rozruch?<\/strong><\/h4>\n<p>Za\u017eijte vzru\u0161en\u00ed z FlyFish na Tenerife s <strong>CanaryVIP.<\/strong> Rezervujte si sv\u00e9 dobrodru\u017estv\u00ed je\u0161t\u011b dnes a p\u0159ipravte se na nezapomenutelnou j\u00edzdu vysokou rychlost\u00ed nad hladinou oce\u00e1nu!<\/p>","protected":false},"excerpt":{"rendered":"<p>\ud83d\udd0d <strong>FlyFish Tenerife:<\/strong><br \/>\n\u2705 Bezpe\u010dn\u00e1 platba.<br \/>\n\ud83d\udc65 A\u017e 3 jezdci na jednu j\u00edzdu.<br \/>\n\ud83d\ude80 J\u00edzdy trvaj\u00ed p\u0159ibli\u017en\u011b 10 minut.<br \/>\n\ud83c\udfde\ufe0f Vysokorychlostn\u00ed vodn\u00ed akce.<br \/>\n\ud83d\udd59 K dispozici po cel\u00fd den.<br \/>\n\ud83d\udcc5 J\u00edzdy jsou k dispozici denn\u011b.<br \/>\n\ud83e\udd11 Garance nejlep\u0161\u00ed ceny.<br \/>\n\ud83d\udc6a Slevy pro skupiny.<br \/>\n\ud83d\udd01 Storno podm\u00ednky 24 hodin.<br \/>\n\ud83c\udf0d Podpora v\u00edce jazyk\u016f.<br \/>\n\ud83c\udf1f Rezervujte p\u0159edem, abyste u\u0161et\u0159ili.<br \/>\n\ud83d\udccd Odjezd z <a href=\"https:\/\/maps.app.goo.gl\/bkqEhAxsobcjz9wG9\">Puerto Col\u00f3n.<\/a><\/p>","protected":false},"featured_media":11317,"comment_status":"open","ping_status":"closed","template":"","meta":{"_acf_changed":false},"product_brand":[],"product_cat":[53],"product_tag":[],"class_list":{"0":"post-11303","1":"product","2":"type-product","3":"status-publish","4":"has-post-thumbnail","6":"product_cat-water-sports","7":"wcpa_has_options","9":"first","10":"instock","11":"virtual","12":"purchasable","13":"product-type-simple"},"acf":[],"wcpa_form_fields":{"wcpaData":{"product":{"product_price":18,"price_html":"From&nbsp;<span class=\"woocommerce-Price-amount amount\"><bdi>18,00&nbsp;<span class=\"woocommerce-Price-currencySymbol\">&euro;<\/span><\/bdi><\/span>","original_product_price":18,"price_including_tax":18,"price_excluding_tax":18,"product_id":{"parent":11303,"variation":false},"is_variable":false,"stock_status":"instock","stock_quantity":null,"parent_sku":"CV11303","product_attributes":[],"custom_fields":[],"is_taxable":false,"product_name":"FlyFish Tenerife","hasImage":false},"fields":{"sec_7661f1665d94fb":{"extra":{"key":"sec_7661f1665d94fb","section_id":"sec_7661f1665d94fb","name":"Default","status":1,"cl_rule":"show","enableCl":false,"relations":[],"toggle":true,"title_tag":"h3","show_title":false,"showPrice":"default","form_id":11314,"form_rules":{"exclude_from_discount":true,"fee_label":"Fee","disp_hide_options_price":true,"disp_show_section_price":false,"disp_show_field_price":true,"layout_option":"standard","pric_use_as_fee":false,"process_fee_as":"woo_fee"},"layout_option":"standard"},"fields":[[{"label":"\ud83d\udcc5 Date","active":true,"required":true,"elementId":"date_3661f1665d951b","picker_type":"custom","picker_mode":"single","placeholder":"","description":"","tooltip":"","name":"date_3661f1665d951b","label_position":"default","desc_position":"default","enablePrice":false,"className":"","enableCl":false,"relations":[{"operator":"and","rules":[{"operator":"AND","rules":{"cl_field":"radio-group_5661bc90f5e8f5","cl_relation":"is_not_empty","cl_val":"3 Hour Trip"}}]}],"date_pic_inline":true,"date_pic_inline_hide":true,"min_date":{"type":"days","val":"1"},"max_date":{"type":"days","val":"365"},"date_pic_conf":{"disabledWeeks":[]},"price":"","cl_rule":"show","col":6,"type":"date","error":false,"enableDesign":false,"LabelColor":"","gt_translate_keys":["label","placeholder","description","tooltip"],"price_dependency":false,"cl_dependency":false,"value":""}],[{"active":true,"col":6,"relations":false,"cl_rule":"show","enableCl":false,"price":"","enablePrice":false,"className":"","label_position":"default","desc_position":"default","type":"select","required":true,"elementId":"select_3477053266","label":"\u23f0 Departure Time","name":"select_3477053266","values":[{"label":"Whichever Time is Best","value":"Whichever Time is Best","selected":false,"tempId":"aco_312","gt_translate_keys":["label"]},{"label":"10:30","value":"10:30","selected":false,"tempId":"aco_313","gt_translate_keys":["label"]},{"label":"11:30","value":"11:30","selected":false,"tempId":"aco_314","gt_translate_keys":["label"]},{"label":"12:30 ","value":"12:30","selected":false,"tempId":"aco_711","gt_translate_keys":["label"]},{"label":"13:30","value":"13:30","selected":false,"tempId":"aco_721","gt_translate_keys":["label"]},{"label":"14:30","value":"14:30","selected":false,"tempId":"aco_983","gt_translate_keys":["label"]},{"label":"15:30","value":"15:30","selected":false,"tempId":"aco_993","gt_translate_keys":["label"]},{"label":"16:30","value":"16:30","selected":false,"tempId":"aco_1183","gt_translate_keys":["label"]}],"dropdown_type":"basic","error":false,"multiple":false,"placeholder":"None","gt_translate_keys":["label","placeholder"],"price_dependency":false,"cl_dependency":false,"value":""}],[{"active":true,"col":6,"relations":[{"operator":false,"rules":[{"operator":"AND","rules":{"cl_field":"","cl_relation":"","cl_val":""}}]}],"cl_rule":"show","enableCl":true,"price":"18","enablePrice":true,"className":"","label_position":"default","desc_position":"default","type":"radio-group","required":false,"elementId":"radio-group_0661f1665d9537","label":"","name":"radio-group_0661f1665d9537","values":[{"label":"\ud83d\udc64 People (18\u20ac)","value":"People","selected":true,"tempId":"aco_32","tooltip":"","description":"","gt_translate_keys":["label","tooltip","description"]}],"layOut":"","error":false,"checkUi":"button","priceOptions":"fixed_for_all","pricingType":"fixed","enable_quantity":true,"quantity_label":"","min_quantity":"0","options_tooltip":true,"options_description":true,"is_show_price":true,"gt_translate_keys":["label","quantity_label"],"price_dependency":["content_2802764779","content-8155931385","content-8167489432"],"cl_dependency":false,"value":""}],[{"active":true,"col":6,"relations":false,"cl_rule":"show","enableCl":false,"price":"","enablePrice":false,"className":"","label_position":"default","desc_position":"default","type":"separator","required":false,"elementId":"separator_2804989181","label":"Separator Field","height":"6","separatorType":"fill","error":false,"separatorColor":"#66a5b6","gt_translate_keys":["label"],"price_dependency":false,"cl_dependency":false,"value":""}],[{"active":true,"col":6,"relations":false,"cl_rule":"show","enableCl":false,"price":"{field.radio-group_0661f1665d9537.price}*0.30","enablePrice":true,"className":"","label_position":"default","desc_position":"default","type":"content","required":false,"elementId":"content_2802764779","label":"Deposit Now","name":"content_2802764779","contentType":"plain","value":"","error":false,"subtype":"div","inline":true,"show_in_checkout":true,"pricingType":"custom","isTemplate":false,"gt_translate_keys":["label","value"],"price_dependency":false,"cl_dependency":false}],[{"contentType":"plain","active":true,"label":"Payment at Arrival","elementId":"content-8155931385","value":"","inline":true,"show_in_checkout":true,"name":"content-8155931385","enablePrice":true,"className":"","subtype":"div","enableCl":false,"relations":false,"pricingType":"custom","isTemplate":false,"price":"{field.radio-group_0661f1665d9537.price}*0.70","is_show_price":true,"cl_rule":"show","col":6,"type":"content","error":false,"gt_translate_keys":["label","value"],"price_dependency":false,"cl_dependency":false}],[{"contentType":"plain","active":true,"label":"Total Price","elementId":"content-8167489432","value":"","inline":true,"show_in_checkout":true,"name":"content-8167489432","enablePrice":true,"className":"","subtype":"div","enableCl":false,"relations":false,"pricingType":"custom","isTemplate":false,"price":"{field.radio-group_0661f1665d9537.price}","is_show_price":true,"cl_rule":"show","col":6,"type":"content","error":false,"gt_translate_keys":["label","value"],"price_dependency":false,"cl_dependency":false}]]}},"config":{"price_override":"always","enable_recaptcha":false,"bind_quantity":false,"quantity_bind_formula":false,"disp_summ_show_option_price":true,"disp_summ_show_product_price":false,"disp_summ_show_total_price":true,"disp_summ_show_fee":true,"disp_summ_show_discount":true,"summary_title":"","options_total_label":"Options Price","total_label":"Total Amount","options_product_label":"Product Price","fee_label":"Fee","discount_label":"Discount","has_price":true,"has_quantity_formula":false},"mc_unit":1,"tax_rate":1,"tax_rate_real":1,"discount":{"percentage":0,"fixed":0},"design":{"conf":{"LabelPosition":"above","DescPosition":"above","UploadField":"custom_1","QuantityFieldStyle":"custom_1"},"css":{"LeftLabelWidth":"120px"}},"formulas":[],"lookuptables":[],"clones":false,"cartKey":false}},"_links":{"self":[{"href":"https:\/\/canaryvip.com\/cs\/wp-json\/wp\/v2\/product\/11303","targetHints":{"allow":["GET"]}}],"collection":[{"href":"https:\/\/canaryvip.com\/cs\/wp-json\/wp\/v2\/product"}],"about":[{"href":"https:\/\/canaryvip.com\/cs\/wp-json\/wp\/v2\/types\/product"}],"replies":[{"embeddable":true,"href":"https:\/\/canaryvip.com\/cs\/wp-json\/wp\/v2\/comments?post=11303"}],"wp:featuredmedia":[{"embeddable":true,"href":"https:\/\/canaryvip.com\/cs\/wp-json\/wp\/v2\/media\/11317"}],"wp:attachment":[{"href":"https:\/\/canaryvip.com\/cs\/wp-json\/wp\/v2\/media?parent=11303"}],"wp:term":[{"taxonomy":"product_brand","embeddable":true,"href":"https:\/\/canaryvip.com\/cs\/wp-json\/wp\/v2\/product_brand?post=11303"},{"taxonomy":"product_cat","embeddable":true,"href":"https:\/\/canaryvip.com\/cs\/wp-json\/wp\/v2\/product_cat?post=11303"},{"taxonomy":"product_tag","embeddable":true,"href":"https:\/\/canaryvip.com\/cs\/wp-json\/wp\/v2\/product_tag?post=11303"}],"curies":[{"name":"wp","href":"https:\/\/api.w.org\/{rel}","templated":true}]}}