{"id":11298,"date":"2024-04-16T15:58:27","date_gmt":"2024-04-16T14:58:27","guid":{"rendered":"https:\/\/canaryvip.com\/?post_type=product&#038;p=11298"},"modified":"2025-08-09T12:41:31","modified_gmt":"2025-08-09T11:41:31","slug":"parasailing-tenerife","status":"publish","type":"product","link":"https:\/\/canaryvip.com\/cs\/shop\/parasailing-tenerife\/","title":{"rendered":"Parasailing Tenerife"},"content":{"rendered":"<h2><strong>\ud83e\ude82 Parasailing Tenerife - placht\u011bn\u00ed nad k\u0159i\u0161\u0165\u00e1lov\u00fdmi vodami<\/strong><\/h2>\n<p>P\u0159ipojte se k n\u00e1m a pro\u017eijte vzru\u0161uj\u00edc\u00ed <strong>dobrodru\u017estv\u00ed parasailingu na Tenerife<\/strong> a za\u017eijte vzru\u0161en\u00ed z letu nad oce\u00e1nem! Na\u0161e <strong>V\u00fdlety na Tenerife s parasailingem<\/strong> nab\u00edz\u00ed \u00fachvatn\u00fd v\u00fdhled na Costa Adeje z jedine\u010dn\u00e9 perspektivy. A\u0165 u\u017e chcete let\u011bt sami, nebo s p\u0159\u00e1teli, zaru\u010dujeme v\u00e1m nezapomenuteln\u00fd z\u00e1\u017eitek ve v\u00fd\u0161k\u00e1ch.<\/p>\n<h3><strong>\ud83c\udf0a Za\u010dn\u011bte sv\u00e9 dobrodru\u017estv\u00ed v Puerto Col\u00f3n<\/strong><\/h3>\n<ul>\n<li><strong>Uv\u00edtac\u00ed zah\u00e1jen\u00ed:<\/strong> Va\u0161e dobrodru\u017estv\u00ed za\u010d\u00edn\u00e1 v <a href=\"https:\/\/maps.app.goo.gl\/bkqEhAxsobcjz9wG9\" target=\"_blank\" rel=\"noopener\">Puerto Col\u00f3n,<\/a>\u00a0Costa Adeje, kde v\u00e1s p\u0159iv\u00edtaj\u00ed na\u0161i p\u0159\u00e1tel\u0161t\u00ed pr\u016fvodci. Vybav\u00ed v\u00e1s ve\u0161kerou pot\u0159ebnou v\u00fdbavou a vysv\u011btl\u00ed v\u00e1m, co m\u016f\u017eete b\u011bhem letu o\u010dek\u00e1vat.<\/li>\n<li><strong>P\u0159\u00edprava na let:<\/strong> P\u0159ed startem z plo\u0161iny se p\u0159ipravte na bezpe\u010dn\u00e9 p\u0159ipout\u00e1n\u00ed k parasailu. Pohodln\u011b se usa\u010fte a vychutnejte si vzru\u0161uj\u00edc\u00ed pocit ze stoup\u00e1n\u00ed nad vlnami.<\/li>\n<\/ul>\n<h3><strong>\u2728 \u010c\u00edm vynik\u00e1 na\u0161e slu\u017eba Parasailing Tenerife?<\/strong><\/h3>\n<ul>\n<li><strong>Cenov\u011b dostupn\u00e1 excelence:<\/strong> U\u017eijte si v\u00fdhodn\u00e9 ceny od pouh\u00fdch 45 \u20ac za osobu, se speci\u00e1ln\u00edmi cenami pro skupiny a div\u00e1ky. Za\u017eijte kvalitn\u00ed dobrodru\u017estv\u00ed, ani\u017e byste museli prod\u011blat!<\/li>\n<li><strong>Spokojenost z\u00e1kazn\u00edk\u016f:<\/strong> Jsme hrd\u00ed na svou hv\u011bzdnou pov\u011bst, kterou podporuj\u00ed skv\u011bl\u00e9 recenze od dobrodruh\u016f, jako jste vy. N\u00e1\u0161 z\u00e1vazek ke kvalit\u011b a vzru\u0161en\u00ed se projevuje p\u0159i ka\u017ed\u00e9m letu.<\/li>\n<li><strong>Flexibiln\u00ed rezervace:<\/strong> Zm\u011bna pl\u00e1n\u016f? \u017d\u00e1dn\u00fd probl\u00e9m. D\u00edky na\u0161im flexibiln\u00edm stornopodm\u00ednk\u00e1m m\u016f\u017eete storno prov\u00e9st a\u017e 24 hodin p\u0159ed dobrodru\u017estv\u00edm a z\u00edskat zp\u011bt plnou \u010d\u00e1stku.<\/li>\n<li><strong>Odborn\u00e9 znalosti:<\/strong> Bohat\u00e9 zku\u0161enosti na\u0161eho t\u00fdmu s parasailingem jsou z\u00e1rukou bezpe\u010dn\u00e9ho a vzru\u0161uj\u00edc\u00edho z\u00e1\u017eitku od za\u010d\u00e1tku a\u017e do konce.<\/li>\n<\/ul>\n<h3><strong>\ud83d\ude80 Za\u017eijte vzru\u0161en\u00ed z parasailingu na Tenerife<\/strong><\/h3>\n<ul>\n<li><strong>Vyhl\u00eddkov\u00e9 lety:<\/strong> Plavte se nad n\u00e1dhern\u00fdmi vodami Puerto Colon a Playa de Las Am\u00e9ricas. Ve vzduchu str\u00e1v\u00edte asi 10 minut a budete si u\u017e\u00edvat klidn\u00e9ho prost\u0159ed\u00ed a malebn\u00fdch v\u00fdhled\u016f.<\/li>\n<li><strong>Bezpe\u010dn\u00e9 p\u0159ist\u00e1n\u00ed:<\/strong> Na\u0161i vy\u0161kolen\u00ed profesion\u00e1lov\u00e9 v\u00e1s povedou p\u0159i p\u0159ist\u00e1n\u00ed, p\u0159\u00edpadn\u011b v\u00e1s nechaj\u00ed sklouznout do vody, abyste se mohli hrav\u011b vy\u0159\u00e1dit, a pak se bezpe\u010dn\u011b vr\u00e1t\u00ed na lo\u010f.<\/li>\n<\/ul>\n<h3><strong>\ud83c\udf1f Dal\u0161\u00ed vodn\u00ed sporty a dobrodru\u017estv\u00ed<\/strong><\/h3>\n<ul>\n<li>Prozkoumejte nejen parasailing s na\u0161\u00ed nab\u00eddkou <a href=\"https:\/\/canaryvip.com\/cs\/tenerife\/water-sports\/\">vodn\u00ed aktivity na Tenerife.<\/a>\u00a0Z <a href=\"https:\/\/canaryvip.com\/cs\/shop\/jetski-tenerife\/\">j\u00edzda na vodn\u00edm sk\u00fatru<\/a> a\u017e po klidn\u011bj\u0161\u00ed vodn\u00ed sporty - ka\u017ed\u00fd si zde najde n\u011bco pro sebe.<\/li>\n<li>Nav\u0161t\u011bvujete Gran Canarii? Nenechte si uj\u00edt na\u0161e dobrodru\u017estv\u00ed p\u0159i parasailingu i tam!<\/li>\n<\/ul>\n<h3>\ud83d\udcc5 <strong>Zarezervujte si parasailing na Tenerife je\u0161t\u011b dnes<\/strong><\/h3>\n<p>Vrhn\u011bte se do oblak s na\u0161imi z\u00e1\u017eitky z parasailingu. Je ide\u00e1ln\u00ed pro milovn\u00edky vzru\u0161en\u00ed a pro ty, kte\u0159\u00ed si cht\u011bj\u00ed u\u017e\u00edt jedine\u010dn\u00fd v\u00fdhled na pob\u0159e\u017e\u00ed Tenerife. Zajist\u011bte si sv\u00e9 m\u00edsto na v\u00fdjime\u010dnou cestu nad mo\u0159em ji\u017e nyn\u00ed.<\/p>\n<h3>\u2705 <strong>Co je zahrnuto ve va\u0161em dobrodru\u017estv\u00ed s parasailingem?<\/strong><\/h3>\n<ul>\n<li>Komplexn\u00ed bezpe\u010dnostn\u00ed instrukt\u00e1\u017e a ve\u0161ker\u00e9 pot\u0159ebn\u00e9 vybaven\u00ed.<\/li>\n<li>P\u0159ibli\u017en\u011b 10 minut letu a celkem asi 40 minut v\u010detn\u011b cesty lod\u00ed.<\/li>\n<li>Profesion\u00e1ln\u00ed pr\u016fvodce a fotograf, kter\u00fd zachyt\u00ed va\u0161e okam\u017eiky (fotografie lze zakoupit).<\/li>\n<\/ul>\n<h3><strong>\u2696\ufe0f Spolehliv\u00e1 rezervace a snadn\u00e9 zru\u0161en\u00ed rezervace<\/strong><\/h3>\n<ul>\n<li><strong>Jednoduch\u00e9 rezervace:<\/strong> Rezervujte s jistotou a v\u011bdom\u00edm, \u017ee rezervaci m\u016f\u017eete zru\u0161it a\u017e 24 hodin p\u0159edem a z\u00edskat zp\u011bt celou \u010d\u00e1stku - ide\u00e1ln\u00ed pro ty, kte\u0159\u00ed m\u011bn\u00ed sv\u00e9 cestovn\u00ed pl\u00e1ny.<\/li>\n<li><strong>P\u0159\u00edstupnost pro v\u0161echny:<\/strong> Na\u0161e v\u00fdlety jsou koncipov\u00e1ny tak, aby se na n\u011b ve\u0161el ka\u017ed\u00fd, a nab\u00edz\u00edme mo\u017enost let\u011bt s\u00f3lo, ve dvojici nebo ve t\u0159ech. Proberte sv\u00e9 preference s na\u0161\u00edm pr\u016fvodcem a p\u0159izp\u016fsobte si sv\u016fj z\u00e1\u017eitek.<\/li>\n<\/ul>\n<h3><strong>\ud83c\udf92 Tipy pro fantastick\u00fd let<\/strong><\/h3>\n<ul>\n<li><strong>Co na sebe:<\/strong> Doporu\u010dujeme plavky, proto\u017ee se m\u016f\u017eete trochu namo\u010dit. Nezapome\u0148te na opalovac\u00ed kr\u00e9m a ru\u010dn\u00edk!<\/li>\n<li><strong>P\u0159ipravenost k pou\u017eit\u00ed fotoapar\u00e1tu:<\/strong> Vezm\u011bte si s sebou fotoapar\u00e1t nebo telefon a zachy\u0165te n\u00e1dhern\u00e9 v\u00fdhledy - jen si dejte pozor, abyste ho neupustili!<\/li>\n<li><strong>Zdrav\u00ed a bezpe\u010dnost:<\/strong> I kdy\u017e je parasailing \u0161etrn\u00e1 aktivita vhodn\u00e1 pro v\u0161echny v\u011bkov\u00e9 kategorie, nedoporu\u010duje se t\u011bhotn\u00fdm \u017een\u00e1m.<\/li>\n<\/ul>\n<h3>\u2753 <strong>\u010casto kladen\u00e9 ot\u00e1zky<\/strong><\/h3>\n<ul>\n<li><strong>M\u016f\u017ee se n\u011bkdo v\u011bnovat parasailingu?<\/strong> Ano, parasailing na Tenerife je ide\u00e1ln\u00ed pro d\u011bti od 3 let. Nepot\u0159ebujete \u017e\u00e1dn\u00e9 plaveck\u00e9 dovednosti, proto\u017ee startujete a p\u0159ist\u00e1v\u00e1te p\u0159\u00edmo na lodi.<\/li>\n<li><strong>Jak\u00e1 jsou bezpe\u010dnostn\u00ed opat\u0159en\u00ed?<\/strong> Bezpe\u010dnost je na\u0161\u00ed prioritou. Budete vybaveni z\u00e1chrannou vestou a na\u0161i odborn\u00ed pr\u016fvodci zajist\u00ed hladk\u00fd pr\u016fb\u011bh plavby od startu a\u017e po p\u0159ist\u00e1n\u00ed.<\/li>\n<\/ul>\n<h4><strong>\ud83c\udf1e P\u0159ipraveni k letu?<\/strong><\/h4>\n<p>Pozvedn\u011bte svou dovolenou na Tenerife na novou \u00farove\u0148 d\u00edky na\u0161im z\u00e1\u017eitk\u016fm z parasailingu. Rezervujte si let je\u0161t\u011b dnes a u\u017eijte si vzru\u0161en\u00ed ze vzn\u00e1\u0161en\u00ed se nad kr\u00e1sn\u00fdmi vodami Kan\u00e1rsk\u00fdch ostrov\u016f.<\/p>","protected":false},"excerpt":{"rendered":"<p>\ud83d\udd0d <strong>Parasailing Tenerife:<br \/>\n<\/strong>\u2705 Bezpe\u010dn\u00e1 platba.<br \/>\n\ud83d\udc65 A\u017e 3 letci na let.<br \/>\n\ud83d\ude80 Doba letu 10 min.<br \/>\n\ud83c\udfde\ufe0f Vzn\u00e1\u0161ej\u00ed se nad oce\u00e1nem.<br \/>\n\ud83d\udd59 Lety v pr\u016fb\u011bhu dne.<br \/>\n\ud83d\udcc5 Lety k dispozici denn\u011b.<br \/>\n\ud83e\udd11 Garance nejlep\u0161\u00ed ceny.<br \/>\n\ud83d\udc6a Slevy pro skupiny.<br \/>\n\ud83d\udd01 Storno podm\u00ednky 24 hodin.<br \/>\n\ud83c\udf0d Pr\u016fvodce v angli\u010dtin\u011b a \u0161pan\u011bl\u0161tin\u011b.<br \/>\n\ud83c\udf1f Rezervujte p\u0159edem, abyste u\u0161et\u0159ili.<br \/>\n\ud83d\udccd Vzlet z <a href=\"https:\/\/maps.app.goo.gl\/bkqEhAxsobcjz9wG9\">Puerto Col\u00f3n.<\/a><\/p>","protected":false},"featured_media":11302,"comment_status":"open","ping_status":"closed","template":"","meta":{"_acf_changed":false},"product_brand":[],"product_cat":[53],"product_tag":[],"class_list":{"0":"post-11298","1":"product","2":"type-product","3":"status-publish","4":"has-post-thumbnail","6":"product_cat-water-sports","7":"wcpa_has_options","9":"first","10":"instock","11":"virtual","12":"purchasable","13":"product-type-simple"},"acf":[],"wcpa_form_fields":{"wcpaData":{"product":{"product_price":55,"price_html":"From&nbsp;<span class=\"woocommerce-Price-amount amount\"><bdi>55,00&nbsp;<span class=\"woocommerce-Price-currencySymbol\">&euro;<\/span><\/bdi><\/span>","original_product_price":55,"price_including_tax":55,"price_excluding_tax":55,"product_id":{"parent":11298,"variation":false},"is_variable":false,"stock_status":"instock","stock_quantity":null,"parent_sku":"CV11298","product_attributes":[],"custom_fields":[],"is_taxable":false,"product_name":"Parasailing Tenerife","hasImage":false},"fields":{"sec_4661f18b33f9ea":{"extra":{"key":"sec_4661f18b33f9ea","section_id":"sec_4661f18b33f9ea","name":"Default","status":1,"cl_rule":"show","enableCl":false,"relations":[],"toggle":true,"title_tag":"h3","show_title":false,"showPrice":"default","form_id":11316,"form_rules":{"exclude_from_discount":true,"fee_label":"Fee","disp_hide_options_price":true,"disp_show_section_price":false,"disp_show_field_price":true,"layout_option":"standard","pric_use_as_fee":false,"process_fee_as":"woo_fee"},"layout_option":"standard"},"fields":[[{"label":"\ud83d\udcc5 Date","active":true,"required":true,"elementId":"date_9661f18b33fa0a","picker_type":"custom","picker_mode":"single","placeholder":"","description":"","tooltip":"","name":"date_9661f18b33fa0a","label_position":"default","desc_position":"default","enablePrice":false,"className":"","enableCl":false,"relations":[{"operator":"and","rules":[{"operator":"AND","rules":{"cl_field":"radio-group_5661bc90f5e8f5","cl_relation":"is_not_empty","cl_val":"3 Hour Trip"}}]}],"date_pic_inline":true,"date_pic_inline_hide":true,"min_date":{"type":"days","val":"0"},"max_date":{"type":"days","val":"365"},"date_pic_conf":{"disabledWeeks":[],"disabledDates":[]},"price":"","cl_rule":"show","col":6,"type":"date","error":false,"enableDesign":false,"LabelColor":"","gt_translate_keys":["label","placeholder","description","tooltip"],"price_dependency":false,"cl_dependency":false,"value":""}],[{"active":true,"col":6,"relations":false,"cl_rule":"show","enableCl":false,"price":"","enablePrice":false,"className":"","label_position":"default","desc_position":"default","type":"select","required":true,"elementId":"select_2661f18b33fa25","label":"\u23f0 Departure Time","name":"select_2661f18b33fa25","values":[{"label":"Whichever Time is Best","value":"Whichever Time is Best","selected":false,"tempId":"aco_312","gt_translate_keys":["label"]},{"label":"10:00","value":"10:00","selected":false,"tempId":"aco_313","gt_translate_keys":["label"]},{"label":"11:00","value":"11:00","selected":false,"tempId":"aco_314","gt_translate_keys":["label"]},{"label":"12:00","value":"12:00","selected":false,"tempId":"aco_711","gt_translate_keys":["label"]},{"label":"13:00 (1:00 PM)","value":"13:00","selected":false,"tempId":"aco_721","gt_translate_keys":["label"]},{"label":"14:00 (2:00 PM)","value":"14:00","selected":false,"tempId":"aco_983","gt_translate_keys":["label"]},{"label":"15:00 (3:00 PM)","value":"15:00","selected":false,"tempId":"aco_993","gt_translate_keys":["label"]},{"label":"16:00 (4:00 PM)","value":"16:00","selected":false,"tempId":"aco_1183","gt_translate_keys":["label"]}],"dropdown_type":"basic","error":false,"multiple":false,"placeholder":"None","gt_translate_keys":["label","placeholder"],"price_dependency":false,"cl_dependency":false,"value":""}],[{"active":true,"col":6,"relations":false,"cl_rule":"show","enableCl":false,"price":"","enablePrice":false,"className":"","label_position":"default","desc_position":"default","type":"separator","required":false,"elementId":"separator_6164213577","label":"Separator Field","height":"3","separatorType":"fill","error":false,"separatorColor":"#66a5b6","gt_translate_keys":["label"],"price_dependency":false,"cl_dependency":false,"value":""}],[{"active":true,"col":6,"relations":false,"cl_rule":"show","enableCl":false,"price":"","enablePrice":false,"className":"","label_position":"default","desc_position":"default","type":"content","required":false,"elementId":"content_2993137763","label":"","name":"content_2993137763","contentType":"rich","value":"<p>\ud83c\udf9f\ufe0f <strong>Reservation<\/strong>: Pay only a deposit now to reserve; the rest is due on the day of the activity upon arrival.<\/p>","error":false,"gt_translate_keys":["label","value"],"price_dependency":false,"cl_dependency":false}],[{"active":true,"col":6,"relations":[{"operator":false,"rules":[{"operator":"AND","rules":{"cl_field":"","cl_relation":"","cl_val":""}}]}],"cl_rule":"show","enableCl":true,"price":"55","enablePrice":true,"className":"","label_position":"default","desc_position":"default","type":"radio-group","required":false,"elementId":"radio-group_6661f18b33fa1a","label":"","name":"radio-group_6661f18b33fa1a","values":[{"label":"\ud83d\udc64 Participant (55\u20ac)","value":"Participant","selected":true,"tempId":"aco_32","tooltip":"","description":"","gt_translate_keys":["label","tooltip","description"]}],"layOut":"","error":false,"checkUi":"button","priceOptions":"fixed_for_all","pricingType":"fixed","enable_quantity":true,"quantity_label":"","min_quantity":"0","options_tooltip":true,"options_description":true,"is_show_price":true,"gt_translate_keys":["label","quantity_label"],"price_dependency":["content-2927599540"],"cl_dependency":false,"value":""}],[{"label":"","active":true,"required":false,"elementId":"radio-group-9560399481","name":"radio-group-9560399481","label_position":"default","desc_position":"default","enablePrice":true,"className":"","enableCl":true,"relations":[{"operator":false,"rules":[{"operator":"AND","rules":{"cl_field":"","cl_relation":"","cl_val":""}}]}],"enable_quantity":true,"quantity_label":"","min_quantity":"0","checkUi":"button","layOut":"","options_tooltip":true,"options_description":true,"values":[{"label":"\ud83d\udc40 Spectator (45\u20ac)","value":"Spectator","selected":true,"tempId":"aco_32","tooltip":"","description":"","gt_translate_keys":["label","tooltip","description"]}],"priceOptions":"fixed_for_all","pricingType":"fixed","price":"45","is_show_price":true,"cl_rule":"show","col":6,"type":"radio-group","error":false,"gt_translate_keys":["label","quantity_label"],"price_dependency":false,"cl_dependency":false,"value":""}],[{"elementId":"separator-6195229594","separatorType":"fill","separatorColor":"#66a5b6","className":"","height":"3","enableCl":false,"relations":false,"cl_rule":"show","col":6,"type":"separator","error":false,"gt_translate_keys":[],"price_dependency":false,"cl_dependency":false,"value":""}],[{"active":true,"col":6,"relations":false,"cl_rule":"show","enableCl":false,"price":"({field.radio-group_6661f18b33fa1a.quantity}*15)+({field.radio-group-9560399481.quantity}*10)","enablePrice":true,"className":"","label_position":"default","desc_position":"default","type":"content","required":false,"elementId":"content_1028160381","label":"Deposit Payment","name":"content_1028160381","contentType":"plain","value":"","error":false,"subtype":"div","pricingType":"custom","isTemplate":false,"inline":true,"show_in_checkout":true,"gt_translate_keys":["label","value"],"price_dependency":false,"cl_dependency":false}],[{"contentType":"plain","active":true,"label":"Payment at Arrival","elementId":"content-2904205255","value":"","inline":true,"show_in_checkout":true,"name":"content-2904205255","enablePrice":true,"className":"","subtype":"div","enableCl":false,"relations":false,"pricingType":"custom","isTemplate":false,"price":"({field.radio-group_6661f18b33fa1a.quantity}*40)+({field.radio-group-9560399481.quantity}*35)","is_show_price":true,"cl_rule":"show","col":6,"type":"content","error":false,"gt_translate_keys":["label","value"],"price_dependency":false,"cl_dependency":false}],[{"contentType":"plain","active":true,"label":"Total Amount","elementId":"content-2927599540","value":"","inline":true,"show_in_checkout":true,"name":"content-2927599540","enablePrice":true,"className":"","subtype":"div","enableCl":false,"relations":false,"pricingType":"custom","isTemplate":false,"price":"{field.radio-group_6661f18b33fa1a.price}+{field.radio-group-9560399481.quantity}","is_show_price":true,"cl_rule":"show","col":6,"type":"content","error":false,"gt_translate_keys":["label","value"],"price_dependency":false,"cl_dependency":false}]]}},"config":{"price_override":"always","enable_recaptcha":false,"bind_quantity":false,"quantity_bind_formula":false,"disp_summ_show_option_price":true,"disp_summ_show_product_price":false,"disp_summ_show_total_price":false,"disp_summ_show_fee":true,"disp_summ_show_discount":true,"summary_title":"","options_total_label":"Options Price","total_label":"Total Amount","options_product_label":"Product Price","fee_label":"Fee","discount_label":"Discount","has_price":true,"has_quantity_formula":false},"mc_unit":1,"tax_rate":1,"tax_rate_real":1,"discount":{"percentage":0,"fixed":0},"design":{"conf":{"LabelPosition":"above","DescPosition":"above","UploadField":"custom_1","QuantityFieldStyle":"custom_1"},"css":{"LeftLabelWidth":"120px"}},"formulas":[],"lookuptables":[],"clones":false,"cartKey":false}},"_links":{"self":[{"href":"https:\/\/canaryvip.com\/cs\/wp-json\/wp\/v2\/product\/11298","targetHints":{"allow":["GET"]}}],"collection":[{"href":"https:\/\/canaryvip.com\/cs\/wp-json\/wp\/v2\/product"}],"about":[{"href":"https:\/\/canaryvip.com\/cs\/wp-json\/wp\/v2\/types\/product"}],"replies":[{"embeddable":true,"href":"https:\/\/canaryvip.com\/cs\/wp-json\/wp\/v2\/comments?post=11298"}],"wp:featuredmedia":[{"embeddable":true,"href":"https:\/\/canaryvip.com\/cs\/wp-json\/wp\/v2\/media\/11302"}],"wp:attachment":[{"href":"https:\/\/canaryvip.com\/cs\/wp-json\/wp\/v2\/media?parent=11298"}],"wp:term":[{"taxonomy":"product_brand","embeddable":true,"href":"https:\/\/canaryvip.com\/cs\/wp-json\/wp\/v2\/product_brand?post=11298"},{"taxonomy":"product_cat","embeddable":true,"href":"https:\/\/canaryvip.com\/cs\/wp-json\/wp\/v2\/product_cat?post=11298"},{"taxonomy":"product_tag","embeddable":true,"href":"https:\/\/canaryvip.com\/cs\/wp-json\/wp\/v2\/product_tag?post=11298"}],"curies":[{"name":"wp","href":"https:\/\/api.w.org\/{rel}","templated":true}]}}