{"id":11268,"date":"2024-04-14T23:59:56","date_gmt":"2024-04-14T22:59:56","guid":{"rendered":"https:\/\/canaryvip.com\/?post_type=product&#038;p=11268"},"modified":"2025-12-02T11:33:37","modified_gmt":"2025-12-02T11:33:37","slug":"rent-a-boat-compass-160e-without-license","status":"publish","type":"product","link":"https:\/\/canaryvip.com\/cs\/shop\/rent-a-boat-compass-160e-without-license\/","title":{"rendered":"P\u016fj\u010dovna lod\u00ed Compass 160e bez licence"},"content":{"rendered":"<h2>Pron\u00e1jem Compass 160e bez licence na CanaryVIP<\/h2>\n<p><strong>\u0158i\u010fte sv\u016fj vlastn\u00ed kurz s CanaryVIP:<\/strong> P\u0159evezm\u011bte kontrolu nad sv\u00fdm vlastn\u00edm vodn\u00edm dobrodru\u017estv\u00edm s Compassem 160e, hbit\u00fdm motorov\u00fdm \u010dlunem ide\u00e1ln\u00edm pro ty, kte\u0159\u00ed si cht\u011bj\u00ed pronajmout lo\u010f na Tenerife a u\u017e\u00edvat si svobody samostatn\u00e9 navigace.<\/p>\n<p>Tento \u010dlun, kter\u00fd je \u010derstv\u011b k dispozici v roce 2023 a jeho\u017e d\u00e9lka je kompaktn\u00edch 5 m, je ide\u00e1ln\u00ed pro ka\u017ed\u00e9ho, kdo tou\u017e\u00ed prozkoumat pob\u0159e\u017en\u00ed kr\u00e1sy Tenerife prost\u0159ednictv\u00edm na\u0161\u00ed slu\u017eby pron\u00e1jmu \u010dlunu s vlastn\u00edm pohonem na Tenerife.<\/p>\n<p>Odjezd z ikonick\u00e9ho <a href=\"https:\/\/maps.app.goo.gl\/F7XZ1rpbWXBTYFND9\" target=\"_blank\" rel=\"noopener\">Los Gigantes<\/a>, kde je <strong>Compass 160e<\/strong> nab\u00edz\u00ed jedine\u010dnou p\u0159\u00edle\u017eitost objevit odlehl\u00e1 m\u00edsta, vyh\u0159\u00edvat se na slunci nebo si u\u017e\u00edt piknik na vod\u011b obklopen\u00e9 k\u0159i\u0161\u0165\u00e1lov\u011b \u010dist\u00fdmi vlnami Atlantiku.<\/p>\n<p><strong>\u0158emeslo pohodl\u00ed a spolehlivosti:<\/strong>\u00a0Model Compass 160e je konstruov\u00e1n pro snadnou plavbu a je vybaven motorem o v\u00fdkonu 15 kon\u00ed, kter\u00fd zaji\u0161\u0165uje hladkou plavbu. Tato lo\u010f pojme a\u017e 6 cestuj\u00edc\u00edch a je ide\u00e1ln\u00ed pro ty, kte\u0159\u00ed si cht\u011bj\u00ed na Tenerife pronajmout lo\u010f na p\u016fldenn\u00ed pron\u00e1jem nebo celodenn\u00ed dobrodru\u017estv\u00ed.<\/p>\n<h3>\ud83d\udea4 Compass 160e Tenerife: Va\u0161e cesta, va\u0161e p\u0159\u00edkazy<\/h3>\n<ul>\n<li><strong>Kompaktn\u00ed design:<\/strong> Pilotujte zbrusu nov\u00fd v\u016fz Compass 160e z roku 2023, kter\u00fd je proslul\u00fd sv\u00fdm elegantn\u00edm vzhledem a pohodlnou navigac\u00ed.<\/li>\n<li><strong>\u00da\u017easn\u00e9 scen\u00e9rie:<\/strong> Plavte se v bl\u00edzkosti proslul\u00fdch tenerifsk\u00fdch \u00fates\u016f Masca a Los Gigantes a vychutn\u00e1vejte si \u017eiv\u00fd podmo\u0159sk\u00fd \u017eivot kolem sebe.<\/li>\n<li><strong>Soukrom\u00e9 ponory:<\/strong> Zakotv\u011bte ve skryt\u00fdch z\u00e1tok\u00e1ch, kter\u00e9 jsou ide\u00e1ln\u00ed ke koup\u00e1n\u00ed, \u0161norchlov\u00e1n\u00ed nebo opalov\u00e1n\u00ed.<\/li>\n<li><strong>Ob\u010derstven\u00ed na mo\u0159i:<\/strong> Svoboda p\u0159in\u00e9st si na palubu vlastn\u00ed j\u00eddlo a vychutnat si ho umoc\u0148uje tento osobn\u00ed z\u00e1\u017eitek z pron\u00e1jmu lodi na Tenerife.<\/li>\n<li><strong>Manipulace bez n\u00e1mahy:<\/strong> D\u00edky u\u017eivatelsky p\u0159\u00edv\u011btiv\u00e9mu designu a stabiln\u00edm plavebn\u00edm schopnostem umo\u017e\u0148uje Compass 160e plavbu na lodi ka\u017ed\u00e9mu.<\/li>\n<\/ul>\n<h3>\u2728 Kl\u00ed\u010dov\u00e9 informace o pron\u00e1jmu vozu Compass 160e<\/h3>\n<p><strong>P\u0159izp\u016fsoben\u00ed va\u0161im preferenc\u00edm:<\/strong> N\u00e1\u0161 Compass 160e pro 6 osob je ide\u00e1ln\u00ed pro pobyty p\u00e1r\u016f nebo skupinov\u00e9 v\u00fdlety a je p\u0159ipraven na jakoukoli akci. K dispozici jsou komplexn\u00ed pokyny, kter\u00e9 zajist\u00ed bezpe\u010dn\u00fd a p\u0159\u00edjemn\u00fd z\u00e1\u017eitek na vod\u011b.<\/p>\n<p><strong>Univerz\u00e1ln\u00ed volba pro v\u0161echny:<\/strong> Compass 160e bez \u0159idi\u010dsk\u00e9ho pr\u016fkazu je ide\u00e1ln\u00ed pro rodiny, p\u0159\u00e1tele nebo samostatn\u00e9 cestovatele a umo\u017e\u0148uje v\u00e1m za\u017e\u00edt kombinaci autonomie a malebn\u00e9ho luxusu na pozad\u00ed pob\u0159e\u017e\u00ed Tenerife.<\/p>\n<h3>\ud83d\udea4 P\u0159\u00edprava na v\u00fdlet s Compassem 160e<\/h3>\n<p>P\u0159ipravte se na nezapomenuteln\u00fd den na mo\u0159i a po\u0159i\u010fte si z\u00e1kladn\u00ed vybaven\u00ed, jako jsou plavky a opalovac\u00ed kr\u00e9m. V\u0161echny pot\u0159ebn\u00e9 naviga\u010dn\u00ed n\u00e1stroje v\u00e1m dod\u00e1me, tak\u017ee se m\u016f\u017eete soust\u0159edit pouze na pot\u011b\u0161en\u00ed z objevov\u00e1n\u00ed.<\/p>\n<p>Nezapome\u0148te na fotoapar\u00e1t, abyste mohli zachytit \u00fachvatn\u00e9 v\u00fdhledy na tenerifsk\u00e9 pob\u0159e\u017e\u00ed a vodn\u00ed \u017eivot pod n\u00edm.<\/p>\n<h3>\ud83d\ude99 V\u00fdchoz\u00ed bod a parkovi\u0161t\u011b<\/h3>\n<p><strong>Za\u010dn\u011bte na <a href=\"https:\/\/maps.app.goo.gl\/F7XZ1rpbWXBTYFND9\" target=\"_blank\" rel=\"noopener\">Los Gigantes<\/a>:<\/strong> Va\u0161e n\u00e1mo\u0159n\u00ed dobrodru\u017estv\u00ed za\u010d\u00edn\u00e1 na <strong>Puerto de Los Gigantes.<\/strong> Dostatek parkovac\u00edch m\u00edst v p\u0159\u00edstavu v\u00e1m usnadn\u00ed za\u010d\u00e1tek dne. P\u0159ije\u010fte o n\u011bco d\u0159\u00edve, abyste mohli za\u010d\u00edt cestu beze sp\u011bchu.<\/p>\n<h3>\ud83d\udea4 Prozkoumejte tak\u00e9: P\u016fj\u010dte si Saxdor 200 s licenc\u00ed<\/h3>\n<p>Pro ty, kte\u0159\u00ed hledaj\u00ed kombinaci luxusu a v\u00fdkonu, doporu\u010dujeme na\u0161e produkty. <strong><a href=\"https:\/\/canaryvip.com\/cs\/shop\/rent-boat-saxdor-200-with-license\/\">Saxdor 200 s licenc\u00ed.<\/a><\/strong> Tato sofistikovan\u00e1 varianta je ide\u00e1ln\u00ed pro ty, kte\u0159\u00ed cht\u011bj\u00ed p\u0159evz\u00edt kormidlo a vychutnat si prvot\u0159\u00eddn\u00ed z\u00e1\u017eitek z plavby s trochu v\u011bt\u0161\u00ed silou a stylem.<\/p>\n<p>Saxdor 200, kter\u00fd vyplouv\u00e1 ze stejn\u00e9ho proslul\u00e9ho p\u0159\u00edstavu Los Gigantes, nab\u00edz\u00ed \u0161pi\u010dkov\u00e9 n\u00e1mo\u0159n\u00ed dobrodru\u017estv\u00ed s motorem o v\u00fdkonu 115 kon\u00ed a kapacitou a\u017e pro 6 host\u016f. Za\u017eijte vzru\u0161en\u00ed z pro\u0159ez\u00e1v\u00e1n\u00ed vln a z\u00e1rove\u0148 si u\u017e\u00edvejte luxusn\u00edho pohodl\u00ed a nejmodern\u011bj\u0161\u00edho designu na\u0161eho Saxdoru 200.<\/p>\n<h3>\ud83c\udf1f P\u0159\u00edslib CanaryVIP pro v\u00e1s<\/h3>\n<p>Ve spole\u010dnosti CanaryVIP je pro n\u00e1s va\u0161e spokojenost na prvn\u00edm m\u00edst\u011b. U\u017eijte si p\u0159izp\u016fsobiv\u00e9 storno podm\u00ednky, kter\u00e9 nab\u00edzej\u00ed jistotu, kdy\u017e si rezervujete sv\u016fj <strong>Pron\u00e1jem vozu Compass 160e.<\/strong> Sna\u017e\u00edme se poskytovat vynikaj\u00edc\u00ed slu\u017eby s d\u016frazem na bezpe\u010dnost a touhu umocnit va\u0161e z\u00e1\u017eitky z majest\u00e1tn\u00edch vod Tenerife.<\/p>\n<p>Vydejte se na dobrodru\u017enou plavbu s <strong>Compass 160e bez licence,<\/strong>\u00a0plavba po n\u00e1dhern\u00fdch mo\u0159\u00edch Tenerife a objevov\u00e1n\u00ed skryt\u00fdch klenot\u016f pod\u00e9l pob\u0159e\u017e\u00ed. <strong>Los Gigantes.<\/strong><\/p>\n<p>Rezervujte si je\u0161t\u011b dnes exkluzivn\u00ed n\u00e1mo\u0159n\u00ed dobrodru\u017estv\u00ed, kter\u00e9 spojuje nez\u00e1vislost, pohodl\u00ed a nedot\u010denou kr\u00e1su Kan\u00e1rsk\u00fdch ostrov\u016f. Rezervujte si nyn\u00ed a vytvo\u0159te si trval\u00e9 vzpom\u00ednky na mo\u0159i!<\/p>","protected":false},"excerpt":{"rendered":"<p><strong>\ud83d\udd0d P\u016fj\u010dovna lod\u00ed Nejd\u016fle\u017eit\u011bj\u0161\u00ed informace:<\/strong><br \/>\n\u2705 Bezpe\u010dn\u00e1 platba.<br \/>\n\ud83e\udeaa Bez lodn\u00edho pr\u016fkazu.<br \/>\n\ud83d\udee5\ufe0f 5m dlouh\u00fd \u010dlun.<br \/>\n\u23f3 Denn\u00ed pron\u00e1jem 2-8 h.<br \/>\n\ud83d\udd59 P\u0159izp\u016fsobiteln\u00e9 \u010dasy odjezd\u016f.<br \/>\n\ud83d\udc65 A\u017e pro 6 osob.<br \/>\n\ud83e\udd3f Vybaven\u00ed pro \u0161norchlov\u00e1n\u00ed je k dispozici.<br \/>\n\ud83e\udd11 Garance nejlep\u0161\u00ed ceny.<br \/>\n\ud83d\udc6a Slevy aktivov\u00e1ny.<br \/>\n\ud83d\udd01 Zru\u0161en\u00ed a\u017e na 4 dny.<br \/>\n\ud83c\udf0d V\u00edcejazy\u010dn\u00e1 podpora.<br \/>\n\ud83c\udf1f Rezervujte v\u010das a u\u0161et\u0159ete!<br \/>\n\ud83d\udccd Odjezd z\u00a0<a href=\"https:\/\/maps.app.goo.gl\/F7XZ1rpbWXBTYFND9\">Los Gigantes<\/a>.<\/p>","protected":false},"featured_media":11269,"comment_status":"open","ping_status":"closed","template":"","meta":{"_acf_changed":false},"product_brand":[],"product_cat":[130],"product_tag":[],"class_list":{"0":"post-11268","1":"product","2":"type-product","3":"status-publish","4":"has-post-thumbnail","6":"product_cat-self-drive-boat-hire","7":"wcpa_has_options","9":"first","10":"instock","11":"virtual","12":"purchasable","13":"product-type-simple"},"acf":[],"wcpa_form_fields":{"wcpaData":{"product":{"product_price":220,"price_html":"From&nbsp;<span class=\"woocommerce-Price-amount amount\"><bdi>220,00&nbsp;<span class=\"woocommerce-Price-currencySymbol\">&euro;<\/span><\/bdi><\/span>","original_product_price":220,"price_including_tax":220,"price_excluding_tax":220,"product_id":{"parent":11268,"variation":false},"is_variable":false,"stock_status":"instock","stock_quantity":null,"parent_sku":"CV11268","product_attributes":[],"custom_fields":[],"is_taxable":false,"product_name":"Rent Boat Compass 160e Without License","hasImage":false},"fields":{"sec_7692ecea7b7938":{"extra":{"key":"sec_7692ecea7b7938","section_id":"sec_7692ecea7b7938","name":"Default","status":1,"cl_rule":"show","enableCl":false,"relations":[],"toggle":true,"title_tag":"h3","show_title":false,"showPrice":"default","form_id":16318,"form_rules":{"exclude_from_discount":true,"fee_label":"Fee","disp_hide_options_price":true,"disp_show_section_price":false,"disp_show_field_price":true,"layout_option":"standard","pric_use_as_fee":false,"process_fee_as":"woo_fee"},"layout_option":"standard"},"fields":[[{"label":"\ud83d\udcc5 Date","active":true,"required":true,"elementId":"date_9692ecea7b7958","picker_type":"custom","picker_mode":"single","placeholder":"","description":"","tooltip":"","name":"date_9692ecea7b7958","label_position":"default","desc_position":"default","enablePrice":false,"className":"","enableCl":false,"relations":[{"operator":"and","rules":[{"operator":"AND","rules":{"cl_field":"radio-group_565c78ffa81208","cl_relation":"is","cl_val":"3 Hour Trip"}}]}],"date_pic_inline":true,"date_pic_inline_hide":true,"min_date":{"type":"days","val":"0"},"max_date":{"type":"days","val":"365"},"date_pic_conf":{"disabledWeeks":[],"disabledDates":[]},"price":"","cl_rule":"show","col":6,"type":"date","error":false,"enableDesign":false,"LabelColor":"","isWeightTemplate":false,"isTemplate":false,"min_quantity":"1","quantity_decimal":false,"quantity_step":"1","quantity_label":"Quantity","repeater_field_label":"{field_label}","repeater_bind":"","gt_translate_keys":["label","placeholder","description","tooltip","repeater_field_label","quantity_label"],"price_dependency":false,"cl_dependency":false,"value":""}],[{"active":true,"col":6,"relations":false,"cl_rule":"show","enableCl":false,"price":"","enablePrice":true,"className":"","label_position":"default","desc_position":"default","type":"select","required":true,"elementId":"select_10692ecea7b7973","label":"\u23f3 Trip Duration","name":"select_10692ecea7b7973","values":[{"label":"2 Hours (220\u20ac)","value":"2","selected":false,"tempId":"aco_85","price":"220","gt_translate_keys":["label"]},{"label":"3 Hours (250\u20ac)","value":"3","selected":false,"tempId":"aco_556","price":"250","gt_translate_keys":["label"]},{"label":"4 Hours (310\u20ac)","value":"4","selected":false,"tempId":"aco_605","price":"310","gt_translate_keys":["label"]},{"label":"5 Hours (370\u20ac)","value":"5","selected":false,"tempId":"aco_724","price":"370","gt_translate_keys":["label"]},{"label":"6 Hours (430\u20ac)","value":"6","selected":false,"tempId":"aco_401","price":"430","gt_translate_keys":["label"]}],"dropdown_type":"basic","error":false,"placeholder":"Select Trip Duration","priceOptions":"different_for_all","pricingType":"fixed","is_show_price":false,"isWeightTemplate":false,"isTemplate":false,"min_quantity":"1","quantity_decimal":false,"quantity_step":"1","quantity_label":"Quantity","repeater_field_label":"{field_label}","repeater_bind":"","gt_translate_keys":["label","placeholder","repeater_field_label","quantity_label"],"price_dependency":false,"cl_dependency":false,"value":""}],[{"active":true,"col":6,"relations":[{"operator":false,"rules":[{"operator":"AND","rules":{"cl_field":"radio-group_565c78ffa81208","cl_relation":"is","cl_val":"3 Hour Trip"}}]}],"cl_rule":"show","enableCl":false,"price":"","enablePrice":false,"className":"","label_position":"default","desc_position":"default","type":"select","required":false,"elementId":"select_4692ecea7b79b3","label":"\u23f0 Departure Time","name":"select_4692ecea7b79b3","values":[{"label":"10:00","value":"10:00","selected":false,"tempId":"aco_1472","gt_translate_keys":["label"]},{"label":"13:00","value":"13:00","selected":false,"tempId":"aco_1500","gt_translate_keys":["label"]},{"label":"14:00","value":"14:00","selected":false,"tempId":"aco_1510","gt_translate_keys":["label"]},{"label":"15:00","value":"15:00","selected":false,"tempId":"aco_1520","gt_translate_keys":["label"]}],"dropdown_type":"basic","error":false,"placeholder":"Whichever Time is Best","isWeightTemplate":false,"isTemplate":false,"min_quantity":"1","quantity_decimal":false,"quantity_step":"1","quantity_label":"Quantity","repeater_field_label":"{field_label}","repeater_bind":"","gt_translate_keys":["label","placeholder","repeater_field_label","quantity_label"],"price_dependency":false,"cl_dependency":false,"value":""}],[{"elementId":"separator_3692ecea7b79bd","separatorType":"blank","className":"","height":"1","enableCl":false,"relations":false,"cl_rule":"show","col":6,"type":"separator","gt_translate_keys":[],"price_dependency":false,"cl_dependency":false,"value":""}],[{"label":"\u2705 Number of People","active":true,"required":true,"elementId":"select_8692ecea7b79c7","dropdown_type":"basic","placeholder":"Select Number of People","name":"select_8692ecea7b79c7","label_position":"default","desc_position":"default","enablePrice":false,"className":"","enableCl":false,"relations":[{"operator":false,"rules":[{"operator":"AND","rules":{"cl_field":"radio-group_565c78ffa81208","cl_relation":"is","cl_val":"3 Hour Trip"}}]}],"values":[{"label":"1 person","value":"1","selected":false,"tempId":"aco_1471","gt_translate_keys":["label"]},{"label":"2 people","value":"2","selected":false,"tempId":"aco_1472","gt_translate_keys":["label"]},{"label":"3 people","value":"3","selected":false,"tempId":"aco_1500","gt_translate_keys":["label"]},{"label":"4 people","value":"4","selected":false,"tempId":"aco_1510","gt_translate_keys":["label"]},{"label":"5 people","value":"5","selected":false,"tempId":"aco_1520","gt_translate_keys":["label"]},{"label":"6 people","value":"6","selected":false,"tempId":"aco_2006","gt_translate_keys":["label"]}],"price":"","cl_rule":"show","col":6,"type":"select","error":false,"isWeightTemplate":false,"isTemplate":false,"min_quantity":"1","quantity_decimal":false,"quantity_step":"1","quantity_label":"Quantity","repeater_field_label":"{field_label}","repeater_bind":"","gt_translate_keys":["label","placeholder","repeater_field_label","quantity_label"],"price_dependency":false,"cl_dependency":false,"value":""}]]}},"config":{"price_override":"always","enable_recaptcha":false,"bind_quantity":false,"quantity_bind_formula":false,"disp_summ_show_option_price":true,"disp_summ_show_product_price":false,"disp_summ_show_total_price":true,"disp_summ_show_fee":true,"disp_summ_show_discount":true,"summary_title":"","options_total_label":"Options Price","total_label":"Total Amount","options_product_label":"Product Price","fee_label":"Fee","discount_label":"Discount","has_price":true,"has_quantity_formula":false},"mc_unit":1,"tax_rate":1,"tax_rate_real":1,"discount":{"percentage":0,"fixed":0},"design":{"conf":{"LabelPosition":"above","DescPosition":"above","UploadField":"custom_1","QuantityFieldStyle":"custom_1"},"css":{"LeftLabelWidth":"120px"}},"formulas":{"fmla_1708364241278155361":"(({field.select_10692ecea7b7973.value}>=6)?(130):(({field.select_10692ecea7b7973.value}>=5)?(110):(({field.select_10692ecea7b7973.value}>=4)?(90):(({field.select_10692ecea7b7973.value}>=3)?(70):(({field.select_10692ecea7b7973.value}>=2)?(60):(0))))))","fmla_172299064258378161":"(({field.select_10692ecea7b7973.value}>=6)?(330):(({field.select_10692ecea7b7973.value}>=5)?(280):(({field.select_10692ecea7b7973.value}>=4)?(230):(({field.select_10692ecea7b7973.value}>=3)?(180):(({field.select_10692ecea7b7973.value}>=2)?(120):(0))))))"},"lookuptables":[],"clones":false,"cartKey":false}},"_links":{"self":[{"href":"https:\/\/canaryvip.com\/cs\/wp-json\/wp\/v2\/product\/11268","targetHints":{"allow":["GET"]}}],"collection":[{"href":"https:\/\/canaryvip.com\/cs\/wp-json\/wp\/v2\/product"}],"about":[{"href":"https:\/\/canaryvip.com\/cs\/wp-json\/wp\/v2\/types\/product"}],"replies":[{"embeddable":true,"href":"https:\/\/canaryvip.com\/cs\/wp-json\/wp\/v2\/comments?post=11268"}],"wp:featuredmedia":[{"embeddable":true,"href":"https:\/\/canaryvip.com\/cs\/wp-json\/wp\/v2\/media\/11269"}],"wp:attachment":[{"href":"https:\/\/canaryvip.com\/cs\/wp-json\/wp\/v2\/media?parent=11268"}],"wp:term":[{"taxonomy":"product_brand","embeddable":true,"href":"https:\/\/canaryvip.com\/cs\/wp-json\/wp\/v2\/product_brand?post=11268"},{"taxonomy":"product_cat","embeddable":true,"href":"https:\/\/canaryvip.com\/cs\/wp-json\/wp\/v2\/product_cat?post=11268"},{"taxonomy":"product_tag","embeddable":true,"href":"https:\/\/canaryvip.com\/cs\/wp-json\/wp\/v2\/product_tag?post=11268"}],"curies":[{"name":"wp","href":"https:\/\/api.w.org\/{rel}","templated":true}]}}