{"id":11261,"date":"2024-04-14T23:07:38","date_gmt":"2024-04-14T22:07:38","guid":{"rendered":"https:\/\/canaryvip.com\/?post_type=product&#038;p=11261"},"modified":"2025-06-29T14:59:11","modified_gmt":"2025-06-29T13:59:11","slug":"gladiux-show-tenerife","status":"publish","type":"product","link":"https:\/\/canaryvip.com\/cs\/shop\/gladiux-show-tenerife\/","title":{"rendered":"Gladiux Show Tenerife"},"content":{"rendered":"<h2>\ud83d\udee1\ufe0f Za\u017eijte vzru\u0161en\u00ed ze starov\u011bk\u00e9ho \u0158\u00edma: Gladiux Show Tenerife<\/h2>\n<p>Vydejte se na nap\u00ednavou cestu do starov\u011bk\u00e9ho \u0158\u00edma s na\u0161\u00ed Gladiux Show v majest\u00e1tn\u00edm <strong>Gladiux Xanadu na Tenerife.<\/strong> Tato show, kter\u00e1 je ide\u00e1ln\u00ed pro milovn\u00edky historie a ty, kte\u0159\u00ed hledaj\u00ed jedine\u010dnou z\u00e1bavu, kombinuje vzru\u0161en\u00ed gladi\u00e1torsk\u00fdch bitev s eleganc\u00ed st\u0159edov\u011bk\u00e9 hudby a tance.<\/p>\n<h3>\ud83c\udfdf\ufe0f Noc \u0159\u00edmsk\u00e9 odvahy: itiner\u00e1\u0159 a zaj\u00edmavosti<\/h3>\n<ul>\n<li><strong>\u010casov\u00fd rozvrh:<\/strong> P\u0159ij\u010fte se k n\u00e1m pod\u00edvat ve st\u0159edu ve 21:00 na adrenalinovou show nebo v sobotu v 19:30 na na\u0161i nejobl\u00edben\u011bj\u0161\u00ed oslavu v\u010detn\u011b bohat\u00e9 grilovan\u00e9 ve\u010de\u0159e.<\/li>\n<li><strong>Um\u00edst\u011bn\u00ed:<\/strong> Gladiux Xanadu se nach\u00e1z\u00ed pouh\u00fdch 20 minut od Costa Adeje a nab\u00edz\u00ed malebn\u00e9 prost\u0159ed\u00ed, kter\u00e9 v\u00e1s p\u0159enese p\u0159\u00edmo do dob gladi\u00e1tor\u016f a \u0159\u00edmsk\u00fdch voz\u016f.<\/li>\n<li><strong>Kuchyn\u011b:<\/strong> V sobotu si m\u016f\u017eete pochutnat na sm\u00ed\u0161en\u00e9 ve\u010de\u0159i z grilu nebo si ve st\u0159edu vybrat ve\u010de\u0159i \u00e0 la carte. J\u00eddlo m\u016f\u017eete doplnit v\u00fdb\u011brem sangrie, v\u00edna a nealkoholick\u00fdch n\u00e1poj\u016f.<\/li>\n<\/ul>\n<h3>\ud83c\udf9f\ufe0f P\u0159izp\u016fsobte si sv\u016fj gladi\u00e1torsk\u00fd z\u00e1\u017eitek<\/h3>\n<ul>\n<li><strong>Vstupenky:<\/strong> Pono\u0159te se do vzru\u0161uj\u00edc\u00ed atmosf\u00e9ry Gladiux Xanadu s na\u0161imi flexibiln\u00edmi mo\u017enostmi vstupenek, kter\u00e9 jsou navr\u017eeny tak, aby vyhovovaly r\u016fzn\u00fdm preferenc\u00edm a velikostem skupin.<\/li>\n<li><strong>Skupinov\u00e9 rezervace:<\/strong> Ide\u00e1ln\u00ed pro firemn\u00ed akce, soukrom\u00e9 ve\u010d\u00edrky, narozeniny a dal\u0161\u00ed. P\u0159izp\u016fsobte si svou akci tematick\u00fdmi kost\u00fdmy gladi\u00e1tor\u016f, poutav\u00fdmi vystoupen\u00edmi a z\u00e1bavn\u00fdmi bal\u00ed\u010dky na m\u00edru. Nav\u0161tivte CanaryVIP <a href=\"https:\/\/canaryvip.com\/cs\/contact\/\">kontaktn\u00ed str\u00e1nka<\/a> podrobn\u00e9 informace a napl\u00e1novat nezapomenuteln\u00fd z\u00e1\u017eitek na m\u00edru va\u0161im konkr\u00e9tn\u00edm pot\u0159eb\u00e1m.<\/li>\n<\/ul>\n<h3>\ud83d\udde1\ufe0f Pono\u0159te se do ar\u00e9ny<\/h3>\n<ul>\n<li><strong>Bitvy:<\/strong> Sta\u0148te se sv\u011bdky vzru\u0161uj\u00edc\u00edch gladi\u00e1torsk\u00fdch z\u00e1pas\u016f, kter\u00e9 p\u0159edv\u00e1d\u011bj\u00ed zku\u0161en\u00ed jezdci na kon\u00edch a kter\u00e9 maj\u00ed uk\u00e1zat velkolepost \u0159\u00edmsk\u00e9ho boje bez ohro\u017een\u00ed bezpe\u010dnosti.<\/li>\n<li><strong>Interaktivn\u00ed z\u00e1bava:<\/strong> Vn\u00edmej tep starov\u011bk\u00e9ho \u0158\u00edma a podporuj sv\u00e9ho obl\u00edben\u00e9ho gladi\u00e1tora uprost\u0159ed st\u0159etu oceli a povzbuzov\u00e1n\u00ed.<\/li>\n<\/ul>\n<h3>\ud83c\udf89 Hostov\u00e1n\u00ed ud\u00e1lost\u00ed v Gladiux Xanadu<\/h3>\n<ul>\n<li><strong>Soukrom\u00e9 akce:<\/strong> Gladiux Xanadu je nejen velkolep\u00fdm m\u00edstem kon\u00e1n\u00ed show, ale je k dispozici i pro soukrom\u00e9 rezervace. Ide\u00e1ln\u00ed pro tematick\u00e9 ve\u010d\u00edrky s gladi\u00e1torsk\u00fdmi kost\u00fdmy a p\u0159edstaven\u00edmi na m\u00edru.<\/li>\n<\/ul>\n<h3>\ud83c\udf56 Hodujte jako \u0158\u00edman<\/h3>\n<p><strong>Mo\u017enosti nab\u00eddky:<\/strong> V sobotu ve\u010der si m\u016f\u017eete dop\u0159\u00e1t speci\u00e1ln\u00ed grilovanou sm\u011bs nebo si vybrat z vegetari\u00e1nsk\u00fdch a bezlepkov\u00fdch j\u00eddel. Vychutnejte si tradi\u010dn\u00ed \u0159\u00edmsk\u00e9 pokrmy v kombinaci s m\u00edstn\u00edmi lah\u016fdkami.<\/p>\n<p><strong>VE\u010cE\u0158E:<\/strong><\/p>\n<ul>\n<li><strong>V\u00edtejte:<\/strong> Sklenice Cava<\/li>\n<li><strong>Start\u00e9r:<\/strong> Chl\u00e9b a m\u00e1slo<\/li>\n<li><strong>Specializace:<\/strong>\n<ul>\n<li><strong>Prvn\u00ed chod:<\/strong> Zeleninov\u00e1 pol\u00e9vka<\/li>\n<li><strong>Druh\u00fd chod:<\/strong> Grilov\u00e1n\u00ed masa: Raj\u010datov\u00fd a s\u00fdrov\u00fd sal\u00e1t, hranolky, kan\u00e1rsk\u00e9 mojo Xanad\u00fa, ku\u0159e, vep\u0159ov\u00e1 kotleta a grilovan\u00e9 chorizo.<\/li>\n<\/ul>\n<\/li>\n<li><strong>Dezert:<\/strong> Typick\u00fd kan\u00e1rsk\u00fd pudink a smetana<\/li>\n<li><strong>N\u00e1poje:<\/strong> V\u00edno, sangria, ob\u010derstven\u00ed, pivo a voda<\/li>\n<\/ul>\n<p><strong>Voliteln\u011b:<\/strong> Vegetari\u00e1nsk\u00e9 \/ bezlepkov\u00e9 menu<\/p>\n<h3>\u2696\ufe0f Rezerva\u010dn\u00ed a storno podm\u00ednky<\/h3>\n<ul>\n<li><strong>P\u0159edb\u011b\u017en\u00e1 rezervace:<\/strong> Zajist\u011bte si sv\u00e1 m\u00edsta v\u010das prost\u0159ednictv\u00edm <strong>CanaryVIP<\/strong> abyste si mohli u\u017e\u00edvat v\u00fdhodn\u00fdch cen a zajistit hladce napl\u00e1novanou n\u00e1v\u0161t\u011bvu.<\/li>\n<li><strong>Flexibiln\u00ed zru\u0161en\u00ed:<\/strong> Nab\u00edz\u00edme bezplatn\u00e9 zru\u0161en\u00ed rezervace a\u017e 24 hodin p\u0159ed rezervovan\u00fdm sezen\u00edm u individu\u00e1ln\u00edch rezervac\u00ed a roz\u0161\u00ed\u0159en\u00e9 mo\u017enosti zru\u0161en\u00ed u skupin. Podrobn\u00e9 podm\u00ednky pro zru\u0161en\u00ed skupinov\u00fdch rezervac\u00ed najdete na na\u0161ich webov\u00fdch str\u00e1nk\u00e1ch.<\/li>\n<\/ul>\n<h3>\ud83d\ude97 Napl\u00e1nujte si n\u00e1v\u0161t\u011bvu<\/h3>\n<ul>\n<li><strong>P\u0159\u00edstup k lokalit\u011b:<\/strong> K hotelu Gladiux Xanadu se snadno dostanete z bezplatn\u00e9ho parkovi\u0161t\u011b p\u0159\u00edmo na m\u00edst\u011b nebo za symbolick\u00fd poplatek z ji\u017en\u00ed \u010d\u00e1sti ostrova Tenerife.<\/li>\n<li><strong>Ve\u010dery ud\u00e1lost\u00ed:<\/strong> P\u0159edstaven\u00ed Gladiux se konaj\u00ed ka\u017edou st\u0159edu a sobotu, v ostatn\u00edch dnech se m\u016f\u017eete v are\u00e1lu p\u0159\u00edle\u017eitostn\u011b naj\u00edst nebo si zajezdit na koni.<\/li>\n<\/ul>\n<h3>\ud83c\udf1f Vstupte do ar\u00e9ny historie<\/h3>\n<p>Nenechte si uj\u00edt jedine\u010dnou p\u0159\u00edle\u017eitost za\u017e\u00edt noc plnou historick\u00e9ho dramatu a \u0159\u00edmsk\u00e9 pod\u00edvan\u00e9 na Gladiux Show Tenerife.<\/p>\n<p>Rezervujte si m\u00edsto je\u0161t\u011b dnes a nechte se obohatit o velkolepost starov\u011bk\u00fdch gladi\u00e1tor\u016f a st\u0159edov\u011bk\u00e9 slavnosti. Rezervujte si nyn\u00ed a zajist\u011bte si nezapomenuteln\u00fd ve\u010der pln\u00fd historie, pod\u00edvan\u00e9 a kulin\u00e1\u0159sk\u00fdch z\u00e1\u017eitk\u016f! \ud83c\udff0\ud83c\udf57<\/p>","protected":false},"excerpt":{"rendered":"<p>\ud83d\udd0d <strong>Gladiux Uk\u00e1zat to nejd\u016fle\u017eit\u011bj\u0161\u00ed:<\/strong><br \/>\n\u2705 Bezpe\u010dn\u00e1 platba.<br \/>\n\ud83d\udd25 Nap\u00ednav\u00e9 gladi\u00e1torsk\u00e9 bitvy.<br \/>\n\ud83d\udcc5 St\u0159edy a soboty.<br \/>\n\u23f0 Zobrazit: 19:30 - 21:00.<br \/>\n\ud83c\udf56 Grilovan\u00e1 ve\u010de\u0159e v cen\u011b.<br \/>\n\ud83c\udf77 Sangria, v\u00edno a nealkoholick\u00e9 n\u00e1poje.<br \/>\n\ud83c\udf0d V\u00fdstavy v angli\u010dtin\u011b.<br \/>\n\ud83d\ude97 Parkov\u00e1n\u00ed zdarma a voliteln\u00e1 kyvadlov\u00e1 doprava.<br \/>\n\ud83e\udd11 Garance nejlep\u0161\u00ed ceny.<br \/>\n\ud83d\udc65 K dispozici jsou skupinov\u00e9 slevy.<br \/>\n\ud83d\udd04 Zru\u0161en\u00ed rezervace zdarma do 24 hodin.<br \/>\n\ud83c\udf1f V\u010dasn\u00e1 rezervace, obl\u00edben\u00e1 akce!<br \/>\n\ud83c\udfdb\ufe0f M\u00edsto kon\u00e1n\u00ed na <a href=\"https:\/\/maps.app.goo.gl\/R9fiHWAcP4tLy9Mu9\">Xanadu<\/a>, Tenerife.<\/p>","protected":false},"featured_media":11279,"comment_status":"open","ping_status":"closed","template":"","meta":{"_acf_changed":false},"product_brand":[],"product_cat":[59],"product_tag":[],"class_list":{"0":"post-11261","1":"product","2":"type-product","3":"status-publish","4":"has-post-thumbnail","6":"product_cat-evening-shows","7":"wcpa_has_options","9":"first","10":"instock","11":"virtual","12":"purchasable","13":"product-type-simple"},"acf":[],"wcpa_form_fields":{"wcpaData":{"product":{"product_price":35,"price_html":"From&nbsp;<span class=\"woocommerce-Price-amount amount\"><bdi>35,00&nbsp;<span class=\"woocommerce-Price-currencySymbol\">&euro;<\/span><\/bdi><\/span>","original_product_price":35,"price_including_tax":35,"price_excluding_tax":35,"product_id":{"parent":11261,"variation":false},"is_variable":false,"stock_status":"instock","stock_quantity":null,"parent_sku":"CV11261","product_attributes":[],"custom_fields":[],"is_taxable":false,"product_name":"Gladiux Show Tenerife","hasImage":false},"fields":{"sec_h102qb2r1b7":{"extra":{"key":"sec_h102qb2r1b7","section_id":"sec_h102qb2r1b7","name":"Calendar","status":1,"cl_rule":"show","enableCl":false,"relations":[],"toggle":true,"title_tag":"h4","show_title":false,"showPrice":"default","form_id":11474,"form_rules":{"exclude_from_discount":true,"fee_label":"Fee","disp_hide_options_price":true,"disp_show_section_price":false,"disp_show_field_price":true,"layout_option":"standard","pric_use_as_fee":false,"process_fee_as":"woo_fee"},"layout_option":"standard"},"fields":[[{"active":true,"col":6,"relations":false,"cl_rule":"show","enableCl":false,"price":"","enablePrice":false,"className":"","label_position":"default","desc_position":"default","type":"content","required":false,"elementId":"content_8084577962","label":"","name":"content_8084577962","contentType":"rich","value":"<p><strong>Show not available at this moment.<\/strong><\/p>","error":false,"enableDesign":true,"DescColor":"#ff0700","gt_translate_keys":["label","value"],"price_dependency":false,"cl_dependency":false}],[{"label":"\ud83d\udcc5 Date","active":true,"required":true,"elementId":"date_96641647ba4193","picker_type":"custom","picker_mode":"single","placeholder":"","description":"","tooltip":"","name":"date_96641647ba4193","label_position":"default","desc_position":"default","enablePrice":false,"className":"","enableCl":false,"relations":[{"operator":"and","rules":[{"operator":"AND","rules":{"cl_field":"radio-group_96641647ba41a2","cl_relation":"is_not_empty","cl_val":"3 Hour Trip"}}]}],"date_pic_inline":true,"date_pic_inline_hide":true,"min_date":{"type":"days","val":"3"},"max_date":{"type":"days","val":"365"},"date_pic_conf":{"disabledWeeks":[0,1,2,3,4,5,6]},"price":"","cl_rule":"show","col":6,"type":"date","error":false,"enableDesign":false,"LabelColor":"","gt_translate_keys":["label","placeholder","description","tooltip"],"price_dependency":false,"cl_dependency":[false,false],"value":""}]]},"sec_106641647ba41a3":{"extra":{"key":"sec_106641647ba41a3","section_id":"sec_106641647ba41a3","name":"Regular","status":1,"cl_rule":"show","enableCl":true,"relations":[{"operator":false,"rules":[{"operator":"AND","rules":{"cl_field":"date_96641647ba4193","cl_relation":"is_not_empty","cl_val":""}}]}],"toggle":true,"title_tag":"h4","show_title":false,"showPrice":"default","form_id":11474,"form_rules":{"exclude_from_discount":true,"fee_label":"Fee","disp_hide_options_price":true,"disp_show_section_price":false,"disp_show_field_price":true,"layout_option":"standard","pric_use_as_fee":false,"process_fee_as":"woo_fee"},"layout_option":"standard"},"fields":[[{"active":true,"col":6,"relations":false,"cl_rule":"show","enableCl":false,"price":"","enablePrice":false,"className":"","label_position":"default","desc_position":"default","type":"separator","required":false,"elementId":"separator_76641647ba41af","label":"Separator Field","height":"1","separatorType":"blank","error":false,"gt_translate_keys":["label"],"price_dependency":false,"cl_dependency":false,"value":""}],[{"active":true,"col":6,"relations":false,"cl_rule":"show","enableCl":false,"price":"","enablePrice":false,"className":"","label_position":"default","desc_position":"default","type":"content","required":false,"elementId":"content_76641647ba41c3","label":"People","name":"content_76641647ba41c3","contentType":"plain","value":"","error":false,"show_in_checkout":true,"inline":false,"gt_translate_keys":["label","value"],"price_dependency":false,"cl_dependency":false}],[{"active":true,"col":6,"relations":[{"operator":false,"rules":[{"operator":"AND","rules":{"cl_field":"","cl_relation":"","cl_val":""}}]}],"cl_rule":"show","enableCl":true,"price":"45","enablePrice":true,"className":"","label_position":"default","desc_position":"default","type":"radio-group","required":false,"elementId":"radio-group_66641647ba41cd","label":"","name":"radio-group_66641647ba41cd","values":[{"label":"\ud83d\udc64 Adult (45\u20ac)","value":"Adult (45\u20ac)","selected":true,"tempId":"aco_32","tooltip":"+13 Years","description":"","gt_translate_keys":["label","tooltip","description"]}],"layOut":"","error":false,"checkUi":"button","priceOptions":"fixed_for_all","pricingType":"fixed","enable_quantity":true,"quantity_label":"","min_quantity":"0","options_tooltip":true,"options_description":true,"is_show_price":true,"gt_translate_keys":["label","quantity_label"],"price_dependency":["content_3820311617","content-5561342072","content-5624102109"],"cl_dependency":false,"value":""}],[{"label":"","active":true,"required":false,"elementId":"radio-group_46641647ba41d8","name":"radio-group_46641647ba41d8","label_position":"default","desc_position":"default","enablePrice":true,"className":"","enableCl":true,"relations":[{"operator":false,"rules":[{"operator":"AND","rules":{"cl_field":"","cl_relation":"","cl_val":""}}]}],"enable_quantity":true,"quantity_label":"","min_quantity":"0","checkUi":"button","layOut":"","options_tooltip":true,"options_description":true,"values":[{"label":"\ud83d\udc66 Child (22,50\u20ac)","value":"Child (22,50\u20ac)","selected":true,"tempId":"aco_32","tooltip":"4-12 Years","description":"","gt_translate_keys":["label","tooltip","description"]}],"priceOptions":"fixed_for_all","pricingType":"fixed","price":"22.50","cl_rule":"show","col":6,"type":"radio-group","error":false,"is_show_price":true,"gt_translate_keys":["label","quantity_label"],"price_dependency":["content_3820311617","content-5561342072","content-5624102109"],"cl_dependency":false,"value":""}],[{"label":"","active":true,"required":false,"elementId":"radio-group-1941437839","name":"radio-group-1941437839","label_position":"default","desc_position":"default","enablePrice":true,"className":"","enableCl":true,"relations":[{"operator":false,"rules":[{"operator":"AND","rules":{"cl_field":"","cl_relation":"","cl_val":""}}]}],"enable_quantity":true,"quantity_label":"","min_quantity":"0","checkUi":"button","layOut":"","options_tooltip":true,"options_description":true,"values":[{"label":"\ud83d\udc76 Toddle (Free)","value":"Toddle (Free)","selected":true,"tempId":"aco_32","tooltip":"0-3 Years","description":"","gt_translate_keys":["label","tooltip","description"]}],"priceOptions":"fixed_for_all","pricingType":"fixed","price":"0","cl_rule":"show","col":6,"type":"radio-group","error":false,"is_show_price":true,"gt_translate_keys":["label","quantity_label"],"price_dependency":false,"cl_dependency":false,"value":""}],[{"elementId":"separator_96641647ba41b9","separatorType":"fill","className":"","height":"6","enableCl":false,"relations":false,"cl_rule":"show","col":6,"type":"separator","error":false,"separatorColor":"#66a6b6","gt_translate_keys":[],"price_dependency":false,"cl_dependency":false,"value":""}],[{"active":true,"col":6,"relations":false,"cl_rule":"show","enableCl":false,"price":"({field.radio-group_66641647ba41cd.price}*0.3)+({field.radio-group_46641647ba41d8.price}*0.3)","enablePrice":true,"className":"","label_position":"default","desc_position":"default","type":"content","required":false,"elementId":"content_3820311617","label":"Deposit Now","name":"content_3820311617","contentType":"plain","value":"","error":false,"inline":true,"show_in_checkout":true,"subtype":"div","enableDesign":true,"LabelSize":"14px","pricingType":"custom","isTemplate":false,"gt_translate_keys":["label","value"],"price_dependency":false,"cl_dependency":false}],[{"contentType":"plain","active":true,"label":"Payment at Arrival","elementId":"content-5561342072","value":"","inline":true,"show_in_checkout":true,"name":"content-5561342072","enablePrice":true,"className":"","subtype":"div","enableCl":false,"relations":false,"enableDesign":true,"LabelSize":"14px","pricingType":"custom","isTemplate":false,"price":"({field.radio-group_66641647ba41cd.price}*0.7)+({field.radio-group_46641647ba41d8.price}*0.7)","cl_rule":"show","col":6,"type":"content","error":false,"is_show_price":true,"gt_translate_keys":["label","value"],"price_dependency":false,"cl_dependency":false}],[{"contentType":"plain","active":true,"label":"Total Amount","elementId":"content-5624102109","value":"","inline":true,"show_in_checkout":true,"name":"content-5624102109","enablePrice":true,"className":"","subtype":"div","enableCl":false,"relations":false,"enableDesign":true,"LabelSize":"14px","pricingType":"custom","isTemplate":false,"price":"({field.radio-group_66641647ba41cd.price})+({field.radio-group_46641647ba41d8.price})","is_show_price":true,"cl_rule":"show","col":6,"type":"content","error":false,"gt_translate_keys":["label","value"],"price_dependency":false,"cl_dependency":false}]]},"sec_26641647ba4202":{"extra":{"key":"sec_26641647ba4202","section_id":"sec_26641647ba4202","name":"Shuttle Service?","status":1,"cl_rule":"show","enableCl":true,"relations":[{"operator":false,"rules":[{"operator":"AND","rules":{"cl_field":"date_96641647ba4193","cl_relation":"is_not_empty","cl_val":""}}]}],"toggle":true,"title_tag":"h4","show_title":false,"showPrice":"default","form_id":11474,"form_rules":{"exclude_from_discount":true,"fee_label":"Fee","disp_hide_options_price":true,"disp_show_section_price":false,"disp_show_field_price":true,"layout_option":"standard","pric_use_as_fee":false,"process_fee_as":"woo_fee"},"layout_option":"standard"},"fields":[[{"active":true,"col":6,"relations":false,"cl_rule":"show","enableCl":false,"price":"","enablePrice":false,"className":"","label_position":"default","desc_position":"below","type":"checkbox","required":false,"elementId":"checkbox_16641647ba420b","label":"Bus Transfer? (15\u20ac)","name":"checkbox_16641647ba420b","value":"","check_value":"Yes","checkUi":"toggle","error":false,"description":"Pick-up from your hotel in south Tenerife. PAID AT ARRIVAL.","gt_translate_keys":["label","description","value","check_value"],"price_dependency":false,"cl_dependency":["content_106641647ba4214","radio-group_06641647ba421f","radio-group-1726047280","text_16641647ba4231"]}],[{"active":true,"col":6,"relations":false,"cl_rule":"show","enableCl":false,"price":"","enablePrice":false,"className":"","label_position":"default","desc_position":"default","type":"separator","required":false,"elementId":"separator_9863862717","label":"Separator Field","height":"5","separatorType":"blank","error":false,"gt_translate_keys":["label"],"price_dependency":false,"cl_dependency":false,"value":""}],[{"contentType":"plain","active":true,"label":"People for Bus Transfer (Paid at Arrival)","elementId":"content_106641647ba4214","value":"","inline":false,"show_in_checkout":true,"name":"content_106641647ba4214","enablePrice":false,"className":"","enableCl":true,"relations":[{"operator":false,"rules":[{"operator":"AND","rules":{"cl_field":"checkbox_16641647ba420b","cl_relation":"is","cl_val":true}}]}],"price":"","cl_rule":"show","col":6,"type":"content","error":false,"gt_translate_keys":["label","value"],"price_dependency":false,"cl_dependency":false}],[{"label":"","active":true,"required":false,"elementId":"radio-group_06641647ba421f","name":"radio-group_06641647ba421f","label_position":"default","desc_position":"default","enablePrice":true,"className":"","enableCl":true,"relations":[{"operator":false,"rules":[{"operator":"AND","rules":{"cl_field":"checkbox_16641647ba420b","cl_relation":"is","cl_val":true}}]}],"enable_quantity":true,"quantity_label":"","min_quantity":"0","checkUi":"button","layOut":"","options_tooltip":true,"values":[{"label":"\ud83d\udc64 Transport (15\u20ac)","value":"Transport (15\u20ac)","selected":true,"tempId":"aco_32","tooltip":"+4 Years","gt_translate_keys":["label","tooltip"]}],"priceOptions":"fixed_for_all","pricingType":"fixed","price":"15","cl_rule":"show","col":6,"type":"radio-group","error":false,"is_show_price":true,"gt_translate_keys":["label","quantity_label"],"price_dependency":false,"cl_dependency":false,"value":""}],[{"label":"","active":true,"required":false,"elementId":"radio-group-1726047280","name":"radio-group-1726047280","label_position":"default","desc_position":"default","enablePrice":true,"className":"","enableCl":true,"relations":[{"operator":false,"rules":[{"operator":"AND","rules":{"cl_field":"checkbox_16641647ba420b","cl_relation":"is","cl_val":true}}]}],"enable_quantity":true,"quantity_label":"","min_quantity":"0","checkUi":"button","layOut":"","options_tooltip":true,"values":[{"label":"\ud83d\udc76 Toddler Transport (Free)","value":"Toddler Transport (Free)","selected":true,"tempId":"aco_32","tooltip":"0-3 Years","gt_translate_keys":["label","tooltip"]}],"priceOptions":"fixed_for_all","pricingType":"fixed","price":"0","cl_rule":"show","col":6,"type":"radio-group","error":false,"gt_translate_keys":["label","quantity_label"],"price_dependency":false,"cl_dependency":false,"value":""}],[{"active":true,"col":6,"relations":[{"operator":false,"rules":[{"operator":"AND","rules":{"cl_field":"checkbox_16641647ba420b","cl_relation":"is","cl_val":true}}]}],"cl_rule":"show","enableCl":true,"price":"","enablePrice":false,"className":"","label_position":"default","desc_position":"default","type":"text","subtype":"text","required":false,"elementId":"text_16641647ba4231","label":"\ud83d\ude8c Pickup Location","name":"text_16641647ba4231","value":"","error":false,"description":"Pick-up service in Tenerife South. Simply provide your address or hotel name.","gt_translate_keys":["label","description","value"],"price_dependency":false,"cl_dependency":false}]]}},"config":{"price_override":"always","enable_recaptcha":false,"bind_quantity":false,"quantity_bind_formula":false,"disp_summ_show_option_price":false,"disp_summ_show_product_price":false,"disp_summ_show_total_price":false,"disp_summ_show_fee":false,"disp_summ_show_discount":false,"summary_title":"","options_total_label":"Options Price","total_label":"Total Amount","options_product_label":"Product Price","fee_label":"Fee","discount_label":"Discount","has_price":true,"has_quantity_formula":false},"mc_unit":1,"tax_rate":1,"tax_rate_real":1,"discount":{"percentage":0,"fixed":0},"design":{"conf":{"LabelPosition":"above","DescPosition":"above","UploadField":"custom_1","QuantityFieldStyle":"custom_1"},"css":{"LeftLabelWidth":"120px"}},"formulas":[],"lookuptables":[],"clones":false,"cartKey":false}},"_links":{"self":[{"href":"https:\/\/canaryvip.com\/cs\/wp-json\/wp\/v2\/product\/11261","targetHints":{"allow":["GET"]}}],"collection":[{"href":"https:\/\/canaryvip.com\/cs\/wp-json\/wp\/v2\/product"}],"about":[{"href":"https:\/\/canaryvip.com\/cs\/wp-json\/wp\/v2\/types\/product"}],"replies":[{"embeddable":true,"href":"https:\/\/canaryvip.com\/cs\/wp-json\/wp\/v2\/comments?post=11261"}],"wp:featuredmedia":[{"embeddable":true,"href":"https:\/\/canaryvip.com\/cs\/wp-json\/wp\/v2\/media\/11279"}],"wp:attachment":[{"href":"https:\/\/canaryvip.com\/cs\/wp-json\/wp\/v2\/media?parent=11261"}],"wp:term":[{"taxonomy":"product_brand","embeddable":true,"href":"https:\/\/canaryvip.com\/cs\/wp-json\/wp\/v2\/product_brand?post=11261"},{"taxonomy":"product_cat","embeddable":true,"href":"https:\/\/canaryvip.com\/cs\/wp-json\/wp\/v2\/product_cat?post=11261"},{"taxonomy":"product_tag","embeddable":true,"href":"https:\/\/canaryvip.com\/cs\/wp-json\/wp\/v2\/product_tag?post=11261"}],"curies":[{"name":"wp","href":"https:\/\/api.w.org\/{rel}","templated":true}]}}