{"id":11181,"date":"2024-04-11T19:47:34","date_gmt":"2024-04-11T18:47:34","guid":{"rendered":"https:\/\/canaryvip.com\/?post_type=product&#038;p=11181"},"modified":"2026-03-06T15:02:30","modified_gmt":"2026-03-06T15:02:30","slug":"la-gomera-jeep-safari-from-tenerife","status":"publish","type":"product","link":"https:\/\/canaryvip.com\/cs\/shop\/la-gomera-jeep-safari-from-tenerife\/","title":{"rendered":"Safari d\u017e\u00edpem z Tenerife na ostrov\u011b La Gomera"},"content":{"rendered":"<h2>Vydejte se na <strong>Safari v\u00fdlet d\u017e\u00edpem z Tenerife na ostrov\u011b La Gomera<\/strong><\/h2>\n<p>Vydejte se s n\u00e1mi na vzru\u0161uj\u00edc\u00ed <strong>Safari d\u017e\u00edpem na ostrov\u011b La Gomera,<\/strong> jedine\u010dn\u00fd klenot mezi Kan\u00e1rsk\u00fdmi ostrovy. Za\u017eijte intimn\u00ed prost\u0159ed\u00ed v na\u0161ich mal\u00fdch skupin\u00e1ch, kter\u00e9 jsou ide\u00e1ln\u00ed pro rodiny nebo p\u0159\u00e1tele a pojmou a\u017e 8 cestuj\u00edc\u00edch v jednom d\u017e\u00edpu.<\/p>\n<p>Pono\u0159te se do kouzeln\u00e9ho sv\u011bta na cest\u011b p\u0159es Atlantik z Tenerife na pob\u0159e\u017e\u00ed San Sebasti\u00e1n de La Gomera. Na\u0161e pohodln\u00e9 trajekty v\u00e1s bez probl\u00e9m\u016f p\u0159eprav\u00ed a p\u0159iprav\u00ed v\u00e1s na dobrodru\u017estv\u00ed, kter\u00e9 spojuje p\u0159\u00edrodn\u00ed kr\u00e1sy s kulturn\u00edm d\u011bdictv\u00edm.<\/p>\n<p><strong>\u26a0\ufe0f <span style=\"text-decoration: underline;\">D\u016eLE\u017dIT\u00c9 UPOZORN\u011aN\u00cd:<\/span><\/strong> V den prohl\u00eddky nezapome\u0148te m\u00edt u sebe platn\u00fd cestovn\u00ed pas. Bez platn\u00e9ho pasu nebudete moci nastoupit na trajekt na ostrov La Gomera a pen\u00edze v\u00e1m nebudou vr\u00e1ceny. Nezapome\u0148te si p\u0159ipravit pas, abyste si mohli u\u017e\u00edt nezapomenutelnou cestu plnou p\u0159\u00edrodn\u00edch kr\u00e1s La Gomery.<\/p>\n<h3><strong>Nejd\u016fle\u017eit\u011bj\u0161\u00ed informace o La Gomera Tour:<\/strong><\/h3>\n<ul>\n<li>\ud83c\udf3f <strong>N\u00e1rodn\u00ed park Garajonay:<\/strong> Prozkoumejte starobyl\u00e9 vav\u0159\u00ednov\u00e9 lesy a sv\u011b\u017e\u00ed zele\u0148 t\u00e9to pam\u00e1tky zapsan\u00e9 na seznamu sv\u011btov\u00e9ho d\u011bdictv\u00ed UNESCO. Je to r\u00e1j pro milovn\u00edky p\u0159\u00edrody a pod\u00edvan\u00e1 na biodiverzitu.<\/li>\n<li>\ud83c\udfde\ufe0f <strong>Hermigua:<\/strong> Je zn\u00e1m\u00fd sv\u00fdmi zelen\u00fdmi palmov\u00fdmi h\u00e1ji a v\u00fdrobou kan\u00e1rsk\u00e9 \u0161\u0165\u00e1vy guarapo. Zjist\u011bte, pro\u010d je Hermigua proslul\u00e1 vysokou kvalitou \u017eivota a malebnost\u00ed.<\/li>\n<li>\ud83c\udf74 <strong>Autentick\u00e1 m\u00edstn\u00ed kuchyn\u011b:<\/strong> Dop\u0159ejte si tradi\u010dn\u00ed pokrmy Kan\u00e1rsk\u00fdch ostrov\u016f v m\u00edstn\u00ed restauraci, kde si m\u016f\u017eete vychutnat chut\u011b, kter\u00e9 d\u011blaj\u00ed kuchyni ostrova La Gomera nezapomenutelnou.<\/li>\n<li>\ud83c\udf0a <strong>San Sebasti\u00e1n de La Gomera:<\/strong> Projd\u011bte se barevn\u00fdmi uli\u010dkami hlavn\u00edho m\u011bsta ostrova, obdivujte jeho architektonick\u00e9 kr\u00e1sy a u\u017eijte si voln\u00fd \u010das na vlastn\u00ed pr\u016fzkum.<\/li>\n<li>\ud83c\udf04 <strong>Agulo:<\/strong> Proje\u010fte se na d\u017e\u00edpu touto p\u016fvabnou vesnic\u00ed, kter\u00e1 je zn\u00e1m\u00e1 sv\u00fdmi \u00fazk\u00fdmi dl\u00e1\u017ed\u011bn\u00fdmi uli\u010dkami a \u00fachvatn\u00fdm v\u00fdhledem na Atlantik.<\/li>\n<li>\ud83c\udfd6\ufe0f <strong>Laguna Grande:<\/strong> Pozoruhodn\u00e9 a klidn\u00e9 m\u00edsto ide\u00e1ln\u00ed pro rozj\u00edm\u00e1n\u00ed v Garajonay. D\u00edky sv\u00e9mu jedine\u010dn\u00e9mu prost\u0159ed\u00ed je kl\u00ed\u010dovou zast\u00e1vkou na na\u0161\u00ed cest\u011b.<\/li>\n<\/ul>\n<h3><strong>Co zahrnuje na\u0161e safari na ostrov\u011b La Gomera:<\/strong><\/h3>\n<ul>\n<li>\ud83d\ude90 <strong>Doprava tam i zp\u011bt:<\/strong> Nab\u00edz\u00edme pohodln\u00e9 vyzvednut\u00ed a odvoz z va\u0161eho ubytov\u00e1n\u00ed nebo z bl\u00edzk\u00e9ho m\u00edsta v Puerto de la Cruz nebo Playa de las Am\u00e9ricas.<\/li>\n<li>\u26f4\ufe0f <strong>P\u0159eprava trajektem:<\/strong> U\u017eijte si hladkou j\u00edzdu trajektem na ostrov La Gomera a zp\u011bt, kter\u00e1 v\u00e1m zajist\u00ed pohodlnou cestu p\u0159es Atlantik.<\/li>\n<li>\ud83c\udf7d\ufe0f <strong>Ob\u011bd a m\u00edstn\u00ed ochutn\u00e1vky:<\/strong> V cen\u011b je zahrnuto vynikaj\u00edc\u00ed j\u00eddlo, kter\u00e9 v\u00e1m umo\u017en\u00ed ochutnat m\u00edstn\u00ed kulin\u00e1\u0159sk\u00e9 speciality.<\/li>\n<li>\ud83d\udde3\ufe0f <strong>Podpora v\u00edce jazyk\u016f:<\/strong> Na\u0161e prohl\u00eddky jsou k dispozici v n\u011bkolika jazyc\u00edch, v\u010detn\u011b \u0161pan\u011bl\u0161tiny, angli\u010dtiny, n\u011bm\u010diny, francouz\u0161tiny, ital\u0161tiny, holand\u0161tiny a pol\u0161tiny, abychom vyhov\u011bli r\u016fznorod\u00fdm host\u016fm.<\/li>\n<\/ul>\n<h3><b>Rezerva\u010dn\u00ed pravidla a flexibilita<\/b><\/h3>\n<p><span style=\"font-weight: 400;\">\ud83d\udd01 <\/span><b>Bezplatn\u00e9 zru\u0161en\u00ed rezervace a\u017e do 48 hodin:<\/b><span style=\"font-weight: 400;\"> Pl\u00e1ny se mohou zm\u011bnit. Svou rezervaci m\u016f\u017eete zru\u0161it nebo zm\u011bnit a\u017e do. <\/span><b>48 hodin p\u0159ed aktivitou<\/b><span style=\"font-weight: 400;\"> a obdr\u017e\u00edte plnou n\u00e1hradu.<\/span><\/p>\n<p><span style=\"font-weight: 400;\">\ud83d\udeab <\/span><b>Pravidla pro nedostaven\u00ed se:<\/b><span style=\"font-weight: 400;\"> Pokud se aktivity nez\u00fa\u010dastn\u00edte nebo se dostav\u00edte pozd\u011b, bude rezervace pova\u017eov\u00e1na za neplatnou. <\/span><b>no-show a je nevratn\u00e1<\/b><span style=\"font-weight: 400;\">.<\/span><\/p>\n<p><span style=\"font-weight: 400;\">\ud83c\udf0a <\/span><b>Pov\u011btrnostn\u00ed podm\u00ednky:<\/b><span style=\"font-weight: 400;\"> Pokud se z\u00e1jezd nem\u016f\u017ee uskute\u010dnit kv\u016fli nebezpe\u010dn\u00fdm pov\u011btrnostn\u00edm podm\u00ednk\u00e1m, m\u00e1te mo\u017enost. <\/span><b>p\u0159esunout na jin\u00fd den nebo z\u00edskat plnou n\u00e1hradu.<\/b><span style=\"font-weight: 400;\">.<\/span><\/p>\n<h4><strong>Rezervujte si sv\u00e9 dobrodru\u017estv\u00ed na La Gome\u0159e na Jeep Safari je\u0161t\u011b dnes!<\/strong><\/h4>\n<p>Nenechte si uj\u00edt tuto exkluzivn\u00ed p\u0159\u00edle\u017eitost prozkoumat \u00fachvatnou krajinu a kulturn\u00ed bohatstv\u00ed <a href=\"https:\/\/www.google.com\/maps\/place\/La+Gomera\/@28.1188754,-17.3060924,12z\/data=!3m1!4b1!4m6!3m5!1s0xc6ae33697cbc54d:0x59c58fe23f47d04e!8m2!3d28.1033035!4d-17.2193578!16zL20vMDFnNG1q?entry=ttu\" target=\"_blank\" rel=\"noopener\">La Gomera<\/a> s <a href=\"https:\/\/canaryvip.com\/cs\/\">CanaryVIP.<\/a><\/p>\n<p>Vydejte se na cestu plnou objev\u016f a dobrodru\u017estv\u00ed od kouzeln\u00fdch les\u016f Garajonay a\u017e po malebn\u00e9 uli\u010dky Agulo a dal\u0161\u00ed m\u00edsta. Rezervujte si m\u00edsto a poznejte to nejlep\u0161\u00ed z La Gomery!<\/p>","protected":false},"excerpt":{"rendered":"<p>\ud83d\udd0d <strong>Nejd\u016fle\u017eit\u011bj\u0161\u00ed body prohl\u00eddky:<\/strong><br \/>\n\u2705 Bezpe\u010dn\u00e1 platba.<br \/>\n\ud83c\uddee\ud83c\udde8 Prozkoumejte ostrov La Gomera.<br \/>\n\ud83c\udf33 Nav\u0161tivte park Garajonay.<br \/>\n\ud83d\udde3\ufe0f P\u00edsk\u00e1n\u00ed na\u017eivo.<br \/>\n\ud83c\udf7d\ufe0f Kan\u00e1rsk\u00fd ob\u011bd v cen\u011b.<br \/>\n\ud83d\udcc5 Od pond\u011bl\u00ed do soboty.<br \/>\n\u23f0 Doba trv\u00e1n\u00ed P\u0159ibli\u017en\u011b 9 h.<br \/>\n\ud83d\ude8c Vyzvednut\u00ed a p\u0159ed\u00e1n\u00ed v hotelu.<br \/>\n\ud83d\udd04 48hodinov\u00e9 bezplatn\u00e9 storno.<br \/>\n\ud83c\udf0d Pr\u016fvodce ve va\u0161em jazyce.<br \/>\n\ud83e\udd11 Garance nejlep\u0161\u00ed ceny.<br \/>\n\ud83c\udf1f Rezervujte nyn\u00ed a u\u0161et\u0159ete!<\/p>","protected":false},"featured_media":11183,"comment_status":"open","ping_status":"closed","template":"","meta":{"_acf_changed":false},"product_brand":[],"product_cat":[67],"product_tag":[],"class_list":{"0":"post-11181","1":"product","2":"type-product","3":"status-publish","4":"has-post-thumbnail","6":"product_cat-jeep-tours","7":"wcpa_has_options","9":"first","10":"instock","11":"virtual","12":"purchasable","13":"product-type-simple"},"acf":[],"wcpa_form_fields":{"wcpaData":{"product":{"product_price":145,"price_html":"From&nbsp;<span class=\"woocommerce-Price-amount amount\"><bdi>145,00&nbsp;<span class=\"woocommerce-Price-currencySymbol\">&euro;<\/span><\/bdi><\/span>","original_product_price":145,"price_including_tax":145,"price_excluding_tax":145,"product_id":{"parent":11181,"variation":false},"is_variable":false,"stock_status":"instock","stock_quantity":null,"parent_sku":"CV11181","product_attributes":[],"custom_fields":[],"is_taxable":false,"product_name":"La Gomera Jeep Safari from Tenerife","hasImage":false},"fields":{"sec_36619078bba64e":{"extra":{"key":"sec_36619078bba64e","section_id":"sec_36619078bba64e","name":"Tickets","status":1,"cl_rule":"show","enableCl":false,"relations":[{"operator":false,"rules":[{"operator":"AND","rules":{"cl_field":"radio-group_665df45fcbc30b","cl_relation":"is","cl_val":"Siam Park Regular Tickets"}}]}],"toggle":true,"title_tag":"h4","show_title":false,"showPrice":"default","form_id":11188,"form_rules":{"exclude_from_discount":true,"fee_label":"Fee","disp_hide_options_price":true,"disp_show_section_price":false,"disp_show_field_price":true,"layout_option":"standard","pric_use_as_fee":false,"process_fee_as":"woo_fee"},"layout_option":"standard"},"fields":[[{"active":true,"col":6,"relations":false,"cl_rule":"show","enableCl":false,"price":"","enablePrice":false,"className":"","label_position":"default","desc_position":"default","type":"select","required":true,"elementId":"select_06619078bba6b6","label":"\ud83c\udf0e Language","name":"select_06619078bba6b6","values":[{"label":"English","value":"English","selected":false,"tempId":"aco_1213","gt_translate_keys":["label"]},{"label":"Dutch","value":"Dutch","selected":false,"tempId":"aco_693","gt_translate_keys":["label"]},{"label":"German","value":"German","selected":false,"tempId":"aco_1567","gt_translate_keys":["label"]},{"label":"French","value":"French","selected":false,"tempId":"aco_1215","gt_translate_keys":["label"]},{"label":"Polish","value":"Polish","selected":false,"tempId":"aco_1212","gt_translate_keys":["label"]},{"label":"Italian","value":"Italian","selected":false,"tempId":"aco_611","gt_translate_keys":["label"]},{"label":"Spanish","value":"Spanish","selected":false,"tempId":"aco_1214","gt_translate_keys":["label"]}],"dropdown_type":"basic","error":false,"placeholder":"None","gt_translate_keys":["label","placeholder"],"price_dependency":false,"cl_dependency":["date_86619078bba66f","date_86619078bba66f","date_86619078bba66f","date-8573541398","date-8573541398","date-0948401647","date-1264231762"],"value":""}],[{"label":"\ud83d\udcc5 Date","active":true,"required":true,"elementId":"date_86619078bba66f","picker_type":"custom","picker_mode":"single","placeholder":"","description":"","tooltip":"","name":"date_86619078bba66f","label_position":"default","desc_position":"default","enablePrice":false,"className":"","enableCl":true,"relations":[{"operator":"and","rules":[{"operator":"or","rules":{"cl_field":"select_06619078bba6b6","cl_relation":"is","cl_val":"Dutch"}},{"operator":"or","rules":{"cl_field":"select_06619078bba6b6","cl_relation":"is","cl_val":"German"}},{"operator":"AND","rules":{"cl_field":"select_06619078bba6b6","cl_relation":"is","cl_val":"French"}}]}],"date_pic_inline":true,"date_pic_inline_hide":true,"min_date":{"type":"days","val":"3"},"max_date":{"type":"days","val":"365"},"date_pic_conf":{"disabledWeeks":[0,6]},"price":"","cl_rule":"show","col":6,"type":"date","error":false,"enableDesign":false,"LabelColor":"","isWeightTemplate":false,"isTemplate":false,"min_quantity":"1","quantity_decimal":false,"quantity_step":"1","quantity_label":"Quantity","repeater_field_label":"{field_label}","repeater_bind":"","gt_translate_keys":["label","placeholder","description","tooltip","repeater_field_label","quantity_label"],"price_dependency":false,"cl_dependency":false,"value":""}],[{"label":"\ud83d\udcc5 Date","active":true,"required":true,"elementId":"date-8573541398","picker_type":"custom","picker_mode":"single","placeholder":"","description":"","tooltip":"","name":"date-8573541398","label_position":"default","desc_position":"default","enablePrice":false,"className":"","enableCl":true,"relations":[{"operator":"and","rules":[{"operator":"or","rules":{"cl_field":"select_06619078bba6b6","cl_relation":"is","cl_val":"English"}},{"operator":false,"rules":{"cl_field":"select_06619078bba6b6","cl_relation":"is","cl_val":"Spanish"}}]}],"enableDesign":false,"LabelColor":"","date_pic_inline":true,"date_pic_inline_hide":true,"min_date":{"type":"days","val":"3"},"max_date":{"type":"days","val":"365"},"date_pic_conf":{"disabledWeeks":[0,2,3,6,4]},"price":"","cl_rule":"show","col":6,"type":"date","error":false,"isWeightTemplate":false,"isTemplate":false,"min_quantity":"1","quantity_decimal":false,"quantity_step":"1","quantity_label":"Quantity","repeater_field_label":"{field_label}","repeater_bind":"","gt_translate_keys":["label","placeholder","description","tooltip","repeater_field_label","quantity_label"],"price_dependency":false,"cl_dependency":false,"value":""}],[{"label":"\ud83d\udcc5 Date","active":true,"required":true,"elementId":"date-0948401647","picker_type":"custom","picker_mode":"single","placeholder":"","description":"","tooltip":"","name":"date-0948401647","label_position":"default","desc_position":"default","enablePrice":false,"className":"","enableCl":true,"relations":[{"operator":"and","rules":[{"operator":false,"rules":{"cl_field":"select_06619078bba6b6","cl_relation":"is","cl_val":"Polish"}}]}],"enableDesign":false,"LabelColor":"","date_pic_inline":true,"date_pic_inline_hide":true,"min_date":{"type":"days","val":"3"},"max_date":{"type":"days","val":"365"},"date_pic_conf":{"disabledWeeks":[0,2,4,5]},"price":"","cl_rule":"show","col":6,"type":"date","error":false,"isWeightTemplate":false,"isTemplate":false,"min_quantity":"1","quantity_decimal":false,"quantity_step":"1","quantity_label":"Quantity","repeater_field_label":"{field_label}","repeater_bind":"","gt_translate_keys":["label","placeholder","description","tooltip","repeater_field_label","quantity_label"],"price_dependency":false,"cl_dependency":false,"value":""}],[{"label":"\ud83d\udcc5 Date","active":true,"required":true,"elementId":"date-1264231762","picker_type":"custom","picker_mode":"single","placeholder":"","description":"","tooltip":"","name":"date-1264231762","label_position":"default","desc_position":"default","enablePrice":false,"className":"","enableCl":true,"relations":[{"operator":"and","rules":[{"operator":false,"rules":{"cl_field":"select_06619078bba6b6","cl_relation":"is","cl_val":"Italian"}}]}],"enableDesign":false,"LabelColor":"","date_pic_inline":true,"date_pic_inline_hide":true,"min_date":{"type":"days","val":"3"},"max_date":{"type":"days","val":"365"},"date_pic_conf":{"disabledWeeks":[0,1,2,3,5,6]},"price":"","cl_rule":"show","col":6,"type":"date","error":false,"isWeightTemplate":false,"isTemplate":false,"min_quantity":"1","quantity_decimal":false,"quantity_step":"1","quantity_label":"Quantity","repeater_field_label":"{field_label}","repeater_bind":"","gt_translate_keys":["label","placeholder","description","tooltip","repeater_field_label","quantity_label"],"price_dependency":false,"cl_dependency":false,"value":""}],[{"elementId":"separator_76619078bba67e","separatorType":"blank","className":"","height":"10","enableCl":false,"relations":false,"cl_rule":"show","col":6,"type":"separator","gt_translate_keys":[],"price_dependency":false,"cl_dependency":false,"value":""}],[{"active":true,"col":6,"relations":false,"cl_rule":"show","enableCl":false,"price":"","enablePrice":false,"className":"","label_position":"default","desc_position":"default","type":"content","required":false,"elementId":"content_106619078bba68a","label":"People","name":"content_106619078bba68a","contentType":"plain","value":"","error":false,"show_in_checkout":true,"inline":false,"gt_translate_keys":["label","value"],"price_dependency":false,"cl_dependency":false}],[{"active":true,"col":6,"relations":[{"operator":false,"rules":[{"operator":"AND","rules":{"cl_field":"","cl_relation":"","cl_val":""}}]}],"cl_rule":"show","enableCl":true,"price":"145","enablePrice":true,"className":"","label_position":"default","desc_position":"default","type":"radio-group","required":false,"elementId":"radio-group_96619078bba696","label":"","name":"radio-group_96619078bba696","values":[{"label":"\ud83d\udc64 Adult (145\u20ac)","value":"Adult","selected":true,"tempId":"aco_32","tooltip":"+12 Years","description":"","gt_translate_keys":["label","tooltip","description"]}],"layOut":"","error":false,"checkUi":"button","priceOptions":"fixed_for_all","pricingType":"fixed","enable_quantity":true,"quantity_label":"","min_quantity":"0","options_tooltip":true,"options_description":true,"gt_translate_keys":["label","quantity_label"],"price_dependency":false,"cl_dependency":false,"value":""}],[{"label":"","active":true,"required":false,"elementId":"radio-group_56619078bba6a2","name":"radio-group_56619078bba6a2","label_position":"default","desc_position":"default","enablePrice":true,"className":"","enableCl":false,"relations":false,"enable_quantity":true,"quantity_label":"","min_quantity":"0","checkUi":"button","layOut":"","values":[{"label":"\ud83d\udc66 Child (118\u20ac)","value":"Child","selected":true,"tempId":"aco_32","tooltip":"3-11 Years","description":"","gt_translate_keys":["label","tooltip","description"]}],"priceOptions":"fixed_for_all","pricingType":"fixed","price":"118","cl_rule":"show","col":6,"type":"radio-group","error":false,"options_tooltip":true,"options_description":true,"gt_translate_keys":["label","quantity_label"],"price_dependency":false,"cl_dependency":false,"value":""}],[{"label":"","active":true,"required":false,"elementId":"radio-group_96619078bba6ad","name":"radio-group_96619078bba6ad","label_position":"default","desc_position":"default","enablePrice":true,"className":"","enableCl":false,"relations":false,"enable_quantity":true,"quantity_label":"","min_quantity":"0","checkUi":"button","layOut":"","options_tooltip":true,"options_description":true,"values":[{"label":"\ud83d\udc76 Toddler (6,25\u20ac)","value":"Toddler","selected":true,"tempId":"aco_32","tooltip":"0-2 Years","description":"","gt_translate_keys":["label","tooltip","description"]}],"priceOptions":"fixed_for_all","pricingType":"fixed","price":"6,25","cl_rule":"show","col":6,"type":"radio-group","error":false,"gt_translate_keys":["label","quantity_label"],"price_dependency":false,"cl_dependency":false,"value":""}],[{"active":true,"col":6,"relations":false,"cl_rule":"show","enableCl":false,"price":"","enablePrice":false,"className":"","label_position":"default","desc_position":"default","type":"separator","required":false,"elementId":"separator_86619078bba6c1","label":"Separator Field","height":"7","separatorType":"blank","error":false,"gt_translate_keys":["label"],"price_dependency":false,"cl_dependency":false,"value":""}],[{"active":true,"col":6,"relations":false,"cl_rule":"show","enableCl":false,"price":"","enablePrice":false,"className":"","label_position":"default","desc_position":"default","type":"text","subtype":"text","required":true,"elementId":"text_76619078bba6ca","label":"\ud83d\ude8c Pickup Location","name":"text_76619078bba6ca","value":"","description":"Free pick-up service in Tenerife South. Simply provide your address or hotel name.","error":false,"isWeightTemplate":false,"isTemplate":false,"min_quantity":"1","quantity_decimal":false,"quantity_step":"1","quantity_label":"Quantity","repeater_field_label":"{field_label}","repeater_bind":"","gt_translate_keys":["label","description","value","repeater_field_label","quantity_label"],"price_dependency":false,"cl_dependency":false}]]}},"config":{"price_override":"always","enable_recaptcha":false,"bind_quantity":false,"quantity_bind_formula":false,"disp_summ_show_option_price":true,"disp_summ_show_product_price":false,"disp_summ_show_total_price":true,"disp_summ_show_fee":true,"disp_summ_show_discount":true,"summary_title":"","options_total_label":"Options Price","total_label":"Total Amount","options_product_label":"Product Price","fee_label":"Fee","discount_label":"Discount","has_price":true,"has_quantity_formula":false},"mc_unit":1,"tax_rate":1,"tax_rate_real":1,"discount":{"percentage":0,"fixed":0},"design":{"conf":{"LabelPosition":"above","DescPosition":"above","UploadField":"custom_1","QuantityFieldStyle":"custom_1"},"css":{"LeftLabelWidth":"120px"}},"formulas":[],"lookuptables":[],"clones":false,"cartKey":false}},"_links":{"self":[{"href":"https:\/\/canaryvip.com\/cs\/wp-json\/wp\/v2\/product\/11181","targetHints":{"allow":["GET"]}}],"collection":[{"href":"https:\/\/canaryvip.com\/cs\/wp-json\/wp\/v2\/product"}],"about":[{"href":"https:\/\/canaryvip.com\/cs\/wp-json\/wp\/v2\/types\/product"}],"replies":[{"embeddable":true,"href":"https:\/\/canaryvip.com\/cs\/wp-json\/wp\/v2\/comments?post=11181"}],"wp:featuredmedia":[{"embeddable":true,"href":"https:\/\/canaryvip.com\/cs\/wp-json\/wp\/v2\/media\/11183"}],"wp:attachment":[{"href":"https:\/\/canaryvip.com\/cs\/wp-json\/wp\/v2\/media?parent=11181"}],"wp:term":[{"taxonomy":"product_brand","embeddable":true,"href":"https:\/\/canaryvip.com\/cs\/wp-json\/wp\/v2\/product_brand?post=11181"},{"taxonomy":"product_cat","embeddable":true,"href":"https:\/\/canaryvip.com\/cs\/wp-json\/wp\/v2\/product_cat?post=11181"},{"taxonomy":"product_tag","embeddable":true,"href":"https:\/\/canaryvip.com\/cs\/wp-json\/wp\/v2\/product_tag?post=11181"}],"curies":[{"name":"wp","href":"https:\/\/api.w.org\/{rel}","templated":true}]}}