{"id":11043,"date":"2024-04-11T00:15:30","date_gmt":"2024-04-10T23:15:30","guid":{"rendered":"https:\/\/canaryvip.com\/?post_type=product&#038;p=11043"},"modified":"2025-08-09T12:45:04","modified_gmt":"2025-08-09T11:45:04","slug":"jeep-teide-masca-guided-tour","status":"publish","type":"product","link":"https:\/\/canaryvip.com\/cs\/shop\/jeep-teide-masca-guided-tour\/","title":{"rendered":"Safari d\u017e\u00edpem Teide &amp; Masca Tenerife"},"content":{"rendered":"<h2>\ud83c\udf1f Objevte <strong>Teide a Masca s na\u0161\u00edm d\u017e\u00edpem s pr\u016fvodcem<\/strong> \ud83d\ude99<\/h2>\n<p>Vydejte se na podmanivou cestu s CanaryVIP, kter\u00e1 v\u00e1s vezme na exkluzivn\u00ed pr\u016fzkum nejkr\u00e1sn\u011bj\u0161\u00ed krajiny a malebn\u00fdch vesni\u010dek Tenerife prost\u0159ednictv\u00edm na\u0161\u00ed prohl\u00eddky s pr\u016fvodcem na jeepu Teide a Masca. Toto dobrodru\u017estv\u00ed je ide\u00e1ln\u00ed pro rodiny, jednotlivce nebo mal\u00e9 skupiny a zaru\u010duje intimn\u00ed a nezapomenuteln\u00fd z\u00e1\u017eitek a\u017e pro 8 osob v d\u017e\u00edpu.<\/p>\n<p>Pono\u0159te se hloub\u011bji do srdce Tenerife a poznejte jeho \u00fachvatn\u00e9 p\u0159\u00edrodn\u00ed kr\u00e1sy a bohat\u00e9 kulturn\u00ed d\u011bdictv\u00ed z pohodl\u00ed na\u0161ich robustn\u00edch ter\u00e9nn\u00edch d\u017e\u00edp\u016f 4\u00d74, kter\u00e9 v\u00e1m budou \u0159\u00eddit na\u0161i zku\u0161en\u00ed a mnohojazy\u010dn\u00ed \u0159idi\u010di.<\/p>\n<h3><strong>Nejd\u016fle\u017eit\u011bj\u0161\u00ed ud\u00e1losti roz\u0161\u00ed\u0159en\u00e9ho dobrodru\u017estv\u00ed: Teide a Masca<\/strong><\/h3>\n<ul>\n<li>\ud83c\udf0b <strong>Pico Viejo<\/strong>: Poznejte \u00fachvatnou kr\u00e1su Pico Viejo. Tato ikonick\u00e1 sopka je zn\u00e1m\u00e1 sv\u00fdm n\u00e1padn\u00fdm pestrobarevn\u00fdm kr\u00e1terem o pr\u016fm\u011bru 800 metr\u016f, kter\u00fd nab\u00edz\u00ed jedine\u010dn\u00fd v\u00fdhled a \u017eivou uk\u00e1zku p\u0159\u00edrodn\u00edho um\u011bn\u00ed.<\/li>\n<li>\ud83c\udfdc\ufe0f <strong>Roques de Garc\u00eda<\/strong>: Obdivujte Roques de Garc\u00eda, vysok\u00e9 skaln\u00ed \u00fatvary, kter\u00e9 se ty\u010d\u00ed na obloze nad n\u00e1rodn\u00edm parkem Teide. Tyto zvl\u00e1\u0161tn\u00ed \u00fatvary, vytvo\u0159en\u00e9 z vrstev r\u016fzn\u00fdch materi\u00e1l\u016f, pat\u0159\u00ed k nejunik\u00e1tn\u011bj\u0161\u00edm atrakc\u00edm t\u00e9to trasy.<\/li>\n<li>\ud83c\udf04 <strong>Aripe a Chirche<\/strong>: Projd\u011bte se p\u016fvabn\u00fdmi uli\u010dkami Aripe a Chirche, malebn\u00fdch vesni\u010dek s p\u016fvodn\u00ed architekturou z 18. a 19. stolet\u00ed. Poznejte autentick\u00fd venkovsk\u00fd \u017eivot na Tenerife uprost\u0159ed p\u0159\u00edrody a klidu.<\/li>\n<li>\ud83c\udfde\ufe0f <strong>N\u00e1rodn\u00ed park Teide<\/strong>: Prozkoumejte n\u00e1rodn\u00ed park Teide, kter\u00fd je zapsan\u00fd na seznamu sv\u011btov\u00e9ho d\u011bdictv\u00ed UNESCO a je p\u0159\u00edrodn\u00edm z\u00e1zrakem, jemu\u017e dominuje majest\u00e1tn\u00ed hora Teide. D\u00edky rozmanit\u00fdm barv\u00e1m, divok\u00e9 p\u0159\u00edrod\u011b a surrealistick\u00e9 krajin\u011b je park st\u0159edobodem na\u0161eho v\u00fdletu.<\/li>\n<li>\ud83c\udf32 <strong>Vilaflor<\/strong>: Nav\u0161tivte Vilaflor, kter\u00fd se nach\u00e1z\u00ed mezi borovicemi nedaleko vrcholu sopky. Objevte klidn\u00fd \u017eivot v takov\u00e9 nadmo\u0159sk\u00e9 v\u00fd\u0161ce, vychutnejte si \u010dist\u00fd vzduch a n\u00e1dhern\u00fd v\u00fdhled na n\u00e1rodn\u00ed park.<\/li>\n<li>\ud83c\udfde\ufe0f <strong>Masca<\/strong>: Nechte se okouzlit Mascou, jednou z nejmalebn\u011bj\u0161\u00edch vesnic na Tenerife, kter\u00e1 je zt\u011blesn\u011bn\u00edm kan\u00e1rsk\u00e9 p\u0159\u00edrodn\u00ed architektury. N\u00e1\u0161 v\u00fdlet v\u00e1m umo\u017en\u00ed poznat tuto okouzluj\u00edc\u00ed lokalitu z prvn\u00ed ruky.<\/li>\n<\/ul>\n<h3><strong>Podrobnosti o roz\u0161\u00ed\u0159en\u00e9 prohl\u00eddce:<\/strong><\/h3>\n<ul>\n<li>\ud83d\ude99 <strong>Vozidla a doprava:<\/strong> V na\u0161ich d\u017e\u00edpech s pohonem v\u0161ech kol m\u016f\u017eete p\u0159ekon\u00e1vat n\u00e1ro\u010dn\u00e9 ter\u00e9ny a za\u017e\u00edt pohodln\u00e9 a vzru\u0161uj\u00edc\u00ed dobrodru\u017estv\u00ed. U z\u00e1jezd\u016f, kter\u00e9 zahrnuj\u00ed cestov\u00e1n\u00ed mezi ostrovy, je v cen\u011b zahrnuta p\u0159eprava trajektem, kter\u00e1 nab\u00edz\u00ed bezprobl\u00e9mov\u00fd z\u00e1\u017eitek.<\/li>\n<li>\ud83d\udc65 <strong>Z\u00e1ruka pro mal\u00e9 skupiny:<\/strong> U\u017eijte si individu\u00e1ln\u011bj\u0161\u00ed dobrodru\u017estv\u00ed v mal\u00fdch skupink\u00e1ch, v nich\u017e m\u016f\u017ee v jednom d\u017e\u00edpu cestovat maxim\u00e1ln\u011b 8 osob v\u010detn\u011b \u0159idi\u010de, a to v r\u00e1mci konvoje.<\/li>\n<li>\ud83d\udd12 <strong>K dispozici je soukrom\u00e1 varianta:<\/strong> Chcete-li za\u017e\u00edt exkluzivn\u00ed z\u00e1\u017eitek, vyberte si na\u0161i VIP nebo soukromou prohl\u00eddku, kter\u00e1 v\u00e1m umo\u017en\u00ed vybrat si na cestu sv\u00e9 spole\u010dn\u00edky.<\/li>\n<li>\ud83d\udd01 <strong>Inkluzivn\u00ed doprava:<\/strong> Nab\u00edz\u00edme pohodln\u00e9 vyzvednut\u00ed a odvoz z va\u0161eho ubytov\u00e1n\u00ed nebo z bl\u00edzk\u00e9ho m\u00edsta, tak\u017ee va\u0161e cesta bude od za\u010d\u00e1tku do konce bezprobl\u00e9mov\u00e1.<\/li>\n<\/ul>\n<h3><strong>Komplexn\u00ed informace o prohl\u00eddce:<\/strong><\/h3>\n<ul>\n<li>\ud83d\udd58 <strong>Doba trv\u00e1n\u00ed a \u010dasy:<\/strong> Prohl\u00eddka trv\u00e1 p\u0159ibli\u017en\u011b 7 hodin a prob\u00edh\u00e1 od 9:00 do 16:00 hodin, tak\u017ee se m\u016f\u017eete pln\u011b pono\u0159it do kr\u00e1s Tenerife.<\/li>\n<li>\ud83d\uddd3\ufe0f <strong>Voln\u00e9 dny:<\/strong> Vydejte se na toto dobrodru\u017estv\u00ed od pond\u011bl\u00ed do soboty, co\u017e v\u00e1m umo\u017en\u00ed flexibiln\u00ed mo\u017enosti, kter\u00e9 se p\u0159izp\u016fsob\u00ed va\u0161emu rozvrhu.<\/li>\n<li>\ud83c\udf0d <strong>Nab\u00edzen\u00e9 jazyky:<\/strong> Na\u0161e prohl\u00eddky prob\u00edhaj\u00ed v n\u011bkolika jazyc\u00edch, v\u010detn\u011b \u0161pan\u011bl\u0161tiny, angli\u010dtiny, n\u011bm\u010diny, francouz\u0161tiny, ital\u0161tiny, nizozem\u0161tiny a pol\u0161tiny, a jsou tak ur\u010deny pro celosv\u011btov\u00e9 publikum.<\/li>\n<\/ul>\n<h3><strong>Aktualizovan\u00e9 z\u00e1sady rezervace a zru\u0161en\u00ed rezervace:<\/strong><\/h3>\n<ul>\n<li>\ud83d\udd04 <strong>Flexibiln\u00ed zru\u0161en\u00ed:<\/strong> Ch\u00e1peme, \u017ee pl\u00e1ny se mohou zm\u011bnit, a proto nab\u00edz\u00edme mo\u017enost zru\u0161it nebo p\u0159esunout prohl\u00eddku a\u017e 24 hodin p\u0159edem, abyste m\u011bli maxim\u00e1ln\u00ed klid.<\/li>\n<li>\u26c5 <strong>Z\u00e1ruka po\u010das\u00ed:<\/strong> Pokud by nep\u0159\u00edzniv\u00e9 pov\u011btrnostn\u00ed podm\u00ednky vy\u017eadovaly zru\u0161en\u00ed z\u00e1jezdu, m\u00e1te mo\u017enost zm\u011bnit term\u00edn nebo obdr\u017eet plnou n\u00e1hradu, co\u017e v\u00e1m zajist\u00ed bezprobl\u00e9movou rezervaci.<\/li>\n<li>\ud83d\udce9 <strong>Snadn\u00fd kontakt:<\/strong> V p\u0159\u00edpad\u011b jak\u00fdchkoli dotaz\u016f nebo \u00faprav jednodu\u0161e <a href=\"https:\/\/canaryvip.com\/cs\/contact\/\">oslovte n\u00e1s<\/a>a my zajist\u00edme, aby byly va\u0161e pot\u0159eby spln\u011bny.<\/li>\n<\/ul>\n<h4><strong>Rezervujte si sv\u00e9 dobrodru\u017estv\u00ed s d\u017e\u00edpem na Tenerife ji\u017e nyn\u00ed!<\/strong><\/h4>\n<p>Nenechte si uj\u00edt jedine\u010dnou p\u0159\u00edle\u017eitost poznat kr\u00e1sy Tenerife s CanaryVIP. Od sope\u010dn\u00e9ho majest\u00e1tu <a href=\"https:\/\/canaryvip.com\/cs\/discover-the-teide-the-ultimate-guide-iconic-volcano\/\">N\u00e1rodn\u00ed park Teide<\/a> do historick\u00e9ho kouzla Masky a d\u00e1le se vydejte na cestu plnou kr\u00e1sy, dobrodru\u017estv\u00ed a p\u0159\u00edb\u011bh\u016f, kter\u00e9 \u010dekaj\u00ed na sv\u00e9 objeven\u00ed.<\/p>","protected":false},"excerpt":{"rendered":"<p><strong>\ud83d\udd0d Hlavn\u00ed body prohl\u00eddky:<\/strong><br \/>\n\u2705 Bezpe\u010dn\u00e1 platba.<br \/>\n\ud83d\uddfb Nav\u0161tivte n\u00e1rodn\u00ed park Teide.<br \/>\n\ud83d\udee4\ufe0f Nav\u0161tivte vesnici Masca.<br \/>\n\u23f0 Doba trv\u00e1n\u00ed P\u0159ibli\u017en\u011b 7 h.<br \/>\n\ud83d\udcc5 Od pond\u011bl\u00ed do soboty.<br \/>\n\ud83d\ude8c Vyzvednut\u00ed a p\u0159ed\u00e1n\u00ed v hotelu.<br \/>\n\ud83d\udd04 24hodinov\u00e9 bezplatn\u00e9 storno.<br \/>\n\ud83e\udd11 Garance nejlep\u0161\u00ed ceny.<br \/>\n\ud83c\udf81 K dispozici jsou skupinov\u00e9 slevy.<br \/>\n\ud83c\udf0d Podpora v n\u011bkolika jazyc\u00edch.<br \/>\n\ud83c\udf1f Rezervujte nyn\u00ed a u\u0161et\u0159ete!<\/p>","protected":false},"featured_media":11145,"comment_status":"open","ping_status":"closed","template":"","meta":{"_acf_changed":false},"product_brand":[],"product_cat":[67],"product_tag":[],"class_list":{"0":"post-11043","1":"product","2":"type-product","3":"status-publish","4":"has-post-thumbnail","6":"product_cat-jeep-tours","7":"wcpa_has_options","9":"first","10":"instock","11":"virtual","12":"purchasable","13":"product-type-simple"},"acf":[],"wcpa_form_fields":{"wcpaData":{"product":{"product_price":66,"price_html":"From&nbsp;<span class=\"woocommerce-Price-amount amount\"><bdi>66,00&nbsp;<span class=\"woocommerce-Price-currencySymbol\">&euro;<\/span><\/bdi><\/span>","original_product_price":66,"price_including_tax":66,"price_excluding_tax":66,"product_id":{"parent":11043,"variation":false},"is_variable":false,"stock_status":"instock","stock_quantity":null,"parent_sku":"CV11043","product_attributes":[],"custom_fields":[],"is_taxable":false,"product_name":"Teide & Masca Jeep Safari Tenerife","hasImage":false},"fields":{"sec_2661916538e0c2":{"extra":{"key":"sec_2661916538e0c2","section_id":"sec_2661916538e0c2","name":"Tickets","status":1,"cl_rule":"show","enableCl":false,"relations":[{"operator":false,"rules":[{"operator":"AND","rules":{"cl_field":"radio-group_665df45fcbc30b","cl_relation":"is","cl_val":"Siam Park Regular Tickets"}}]}],"toggle":true,"title_tag":"h4","show_title":false,"showPrice":"default","form_id":11191,"form_rules":{"exclude_from_discount":true,"fee_label":"Fee","disp_hide_options_price":true,"disp_show_section_price":false,"disp_show_field_price":true,"layout_option":"standard","pric_use_as_fee":false,"process_fee_as":"woo_fee"},"layout_option":"standard"},"fields":[[{"active":true,"col":6,"relations":false,"cl_rule":"show","enableCl":false,"price":"","enablePrice":false,"className":"","label_position":"default","desc_position":"default","type":"select","required":true,"elementId":"select_9661916538e0e4","label":"\ud83c\udf0e Language","name":"select_9661916538e0e4","values":[{"label":"English","value":"English","selected":false,"tempId":"aco_1213","gt_translate_keys":["label"]},{"label":"Dutch","value":"Dutch","selected":false,"tempId":"aco_693","gt_translate_keys":["label"]},{"label":"German","value":"German","selected":false,"tempId":"aco_1567","gt_translate_keys":["label"]},{"label":"French","value":"French","selected":false,"tempId":"aco_1215","gt_translate_keys":["label"]},{"label":"Polish","value":"Polish","selected":false,"tempId":"aco_1212","gt_translate_keys":["label"]},{"label":"Italian","value":"Italian","selected":false,"tempId":"aco_611","gt_translate_keys":["label"]},{"label":"Spanish","value":"Spanish","selected":false,"tempId":"aco_1214","gt_translate_keys":["label"]}],"dropdown_type":"basic","error":false,"placeholder":"Select Language","gt_translate_keys":["label","placeholder"],"price_dependency":false,"cl_dependency":["date_8661916538e0f2","date_8661916538e0f2","date_8661916538e0f2","date_8661916538e0f2","date_6661916538e0fc","date_1661916538e106","date_8661916538e10f","radio-group_10661916538e130","radio-group-3329476112","radio-group_2661916538e13c","radio-group-3332331927","radio-group_6661916538e147"],"value":""}],[{"label":"\ud83d\udcc5 Date","active":true,"required":true,"elementId":"date_8661916538e0f2","picker_type":"custom","picker_mode":"single","placeholder":"","description":"","tooltip":"","name":"date_8661916538e0f2","label_position":"default","desc_position":"default","enablePrice":false,"className":"","enableCl":true,"relations":[{"operator":"and","rules":[{"operator":"or","rules":{"cl_field":"select_9661916538e0e4","cl_relation":"is","cl_val":"Dutch"}},{"operator":"or","rules":{"cl_field":"select_9661916538e0e4","cl_relation":"is","cl_val":"German"}},{"operator":"or","rules":{"cl_field":"select_9661916538e0e4","cl_relation":"is","cl_val":"French"}},{"operator":"AND","rules":{"cl_field":"select_9661916538e0e4","cl_relation":"is","cl_val":"English"}}]}],"date_pic_inline":true,"date_pic_inline_hide":true,"min_date":{"type":"days","val":"4"},"max_date":{"type":"days","val":"80"},"date_pic_conf":{"disabledWeeks":[0],"disabledDates":["2025-04-11"]},"price":"","cl_rule":"show","col":6,"type":"date","error":false,"enableDesign":false,"LabelColor":"","isWeightTemplate":false,"isTemplate":false,"min_quantity":"1","quantity_decimal":false,"quantity_step":"1","quantity_label":"Quantity","repeater_field_label":"{field_label}","repeater_bind":"","gt_translate_keys":["label","placeholder","description","tooltip","repeater_field_label","quantity_label"],"price_dependency":false,"cl_dependency":false,"value":""}],[{"label":"\ud83d\udcc5 Date","active":true,"required":true,"elementId":"date_6661916538e0fc","picker_type":"custom","picker_mode":"single","placeholder":"","description":"","tooltip":"","name":"date_6661916538e0fc","label_position":"default","desc_position":"default","enablePrice":false,"className":"","enableCl":true,"relations":[{"operator":"and","rules":[{"operator":false,"rules":{"cl_field":"select_9661916538e0e4","cl_relation":"is","cl_val":"Spanish"}}]}],"enableDesign":false,"LabelColor":"","date_pic_inline":true,"date_pic_inline_hide":true,"min_date":{"type":"days","val":"4"},"max_date":{"type":"days","val":"365"},"date_pic_conf":{"disabledWeeks":[0,1,3,5,6]},"price":"","cl_rule":"show","col":6,"type":"date","error":false,"isWeightTemplate":false,"isTemplate":false,"min_quantity":"1","quantity_decimal":false,"quantity_step":"1","quantity_label":"Quantity","repeater_field_label":"{field_label}","repeater_bind":"","gt_translate_keys":["label","placeholder","description","tooltip","repeater_field_label","quantity_label"],"price_dependency":false,"cl_dependency":false,"value":""}],[{"label":"\ud83d\udcc5 Date","active":true,"required":true,"elementId":"date_1661916538e106","picker_type":"custom","picker_mode":"single","placeholder":"","description":"","tooltip":"","name":"date_1661916538e106","label_position":"default","desc_position":"default","enablePrice":false,"className":"","enableCl":true,"relations":[{"operator":"and","rules":[{"operator":false,"rules":{"cl_field":"select_9661916538e0e4","cl_relation":"is","cl_val":"Polish"}}]}],"enableDesign":false,"LabelColor":"","date_pic_inline":true,"date_pic_inline_hide":true,"min_date":{"type":"days","val":"4"},"max_date":{"type":"days","val":"365"},"date_pic_conf":{"disabledWeeks":[0,1,3,4,5,6]},"price":"","cl_rule":"show","col":6,"type":"date","error":false,"isWeightTemplate":false,"isTemplate":false,"min_quantity":"1","quantity_decimal":false,"quantity_step":"1","quantity_label":"Quantity","repeater_field_label":"{field_label}","repeater_bind":"","gt_translate_keys":["label","placeholder","description","tooltip","repeater_field_label","quantity_label"],"price_dependency":false,"cl_dependency":false,"value":""}],[{"label":"\ud83d\udcc5 Date","active":true,"required":true,"elementId":"date_8661916538e10f","picker_type":"custom","picker_mode":"single","placeholder":"","description":"","tooltip":"","name":"date_8661916538e10f","label_position":"default","desc_position":"default","enablePrice":false,"className":"","enableCl":true,"relations":[{"operator":"and","rules":[{"operator":false,"rules":{"cl_field":"select_9661916538e0e4","cl_relation":"is","cl_val":"Italian"}}]}],"enableDesign":false,"LabelColor":"","date_pic_inline":true,"date_pic_inline_hide":true,"min_date":{"type":"days","val":"4"},"max_date":{"type":"days","val":"365"},"date_pic_conf":{"disabledWeeks":[0,1,2,5,4]},"price":"","cl_rule":"show","col":6,"type":"date","error":false,"isWeightTemplate":false,"isTemplate":false,"min_quantity":"1","quantity_decimal":false,"quantity_step":"1","quantity_label":"Quantity","repeater_field_label":"{field_label}","repeater_bind":"","gt_translate_keys":["label","placeholder","description","tooltip","repeater_field_label","quantity_label"],"price_dependency":false,"cl_dependency":false,"value":""}],[{"elementId":"separator_7661916538e11a","separatorType":"blank","className":"","height":"10","enableCl":false,"relations":false,"cl_rule":"show","col":6,"type":"separator","gt_translate_keys":[],"price_dependency":false,"cl_dependency":false,"value":""}],[{"active":true,"col":6,"relations":[{"operator":false,"rules":[{"operator":"AND","rules":{"cl_field":"select_9661916538e0e4","cl_relation":"is_not","cl_val":"Polish"}}]}],"cl_rule":"show","enableCl":true,"price":"66","enablePrice":true,"className":"","label_position":"default","desc_position":"default","type":"radio-group","required":false,"elementId":"radio-group_10661916538e130","label":"","name":"radio-group_10661916538e130","values":[{"label":"\ud83d\udc64 Adult (66\u20ac)","value":"Adult","selected":true,"tempId":"aco_32","tooltip":"+12 Years","description":"","gt_translate_keys":["label","tooltip","description"]}],"layOut":"","error":false,"checkUi":"button","priceOptions":"fixed_for_all","pricingType":"fixed","enable_quantity":true,"quantity_label":"","min_quantity":"0","options_tooltip":true,"options_description":true,"gt_translate_keys":["label","quantity_label"],"price_dependency":false,"cl_dependency":false,"value":""}],[{"label":"","active":true,"required":false,"elementId":"radio-group-3329476112","name":"radio-group-3329476112","label_position":"default","desc_position":"default","enablePrice":true,"className":"","enableCl":true,"relations":[{"operator":false,"rules":[{"operator":"AND","rules":{"cl_field":"select_9661916538e0e4","cl_relation":"is","cl_val":"Polish"}}]}],"enable_quantity":true,"quantity_label":"","min_quantity":"0","checkUi":"button","layOut":"","options_tooltip":true,"options_description":true,"values":[{"label":"\ud83d\udc64 Adult (70\u20ac)","value":"Adult","selected":true,"tempId":"aco_32","tooltip":"+12 Years","description":"","gt_translate_keys":["label","tooltip","description"]}],"priceOptions":"fixed_for_all","pricingType":"fixed","price":"70","cl_rule":"show","col":6,"type":"radio-group","error":false,"gt_translate_keys":["label","quantity_label"],"price_dependency":false,"cl_dependency":false,"value":""}],[{"label":"","active":true,"required":false,"elementId":"radio-group_2661916538e13c","name":"radio-group_2661916538e13c","label_position":"default","desc_position":"default","enablePrice":true,"className":"","enableCl":true,"relations":[{"operator":false,"rules":[{"operator":"AND","rules":{"cl_field":"select_9661916538e0e4","cl_relation":"is_not","cl_val":"Polish"}}]}],"enable_quantity":true,"quantity_label":"","min_quantity":"0","checkUi":"button","layOut":"","values":[{"label":"\ud83d\udc66 Child (52\u20ac)","value":"Child","selected":true,"tempId":"aco_32","tooltip":"3-11 Years","description":"","gt_translate_keys":["label","tooltip","description"]}],"priceOptions":"fixed_for_all","pricingType":"fixed","price":"52","cl_rule":"show","col":6,"type":"radio-group","error":false,"options_tooltip":true,"options_description":true,"gt_translate_keys":["label","quantity_label"],"price_dependency":false,"cl_dependency":false,"value":""}],[{"label":"","active":true,"required":false,"elementId":"radio-group-3332331927","name":"radio-group-3332331927","label_position":"default","desc_position":"default","enablePrice":true,"className":"","enableCl":true,"relations":[{"operator":false,"rules":[{"operator":"AND","rules":{"cl_field":"select_9661916538e0e4","cl_relation":"is","cl_val":"Polish"}}]}],"enable_quantity":true,"quantity_label":"","min_quantity":"0","checkUi":"button","layOut":"","options_tooltip":true,"options_description":true,"values":[{"label":"\ud83d\udc66 Child (55\u20ac)","value":"Child","selected":true,"tempId":"aco_32","tooltip":"3-11 Years","description":"","gt_translate_keys":["label","tooltip","description"]}],"priceOptions":"fixed_for_all","pricingType":"fixed","price":"55","cl_rule":"show","col":6,"type":"radio-group","error":false,"gt_translate_keys":["label","quantity_label"],"price_dependency":false,"cl_dependency":false,"value":""}],[{"label":"","active":true,"required":false,"elementId":"radio-group_6661916538e147","name":"radio-group_6661916538e147","label_position":"default","desc_position":"default","enablePrice":true,"className":"","enableCl":true,"relations":[{"operator":false,"rules":[{"operator":"AND","rules":{"cl_field":"select_9661916538e0e4","cl_relation":"is_not_empty","cl_val":""}}]}],"enable_quantity":true,"quantity_label":"","min_quantity":"0","checkUi":"button","layOut":"","options_tooltip":true,"options_description":true,"values":[{"label":"\ud83d\udc76 Toddler (Free)","value":"Toddler","selected":true,"tempId":"aco_32","tooltip":"0-2 Years","description":"","gt_translate_keys":["label","tooltip","description"]}],"priceOptions":"fixed_for_all","pricingType":"fixed","price":"0","cl_rule":"show","col":6,"type":"radio-group","error":false,"gt_translate_keys":["label","quantity_label"],"price_dependency":false,"cl_dependency":false,"value":""}],[{"active":true,"col":6,"relations":false,"cl_rule":"show","enableCl":false,"price":"","enablePrice":false,"className":"","label_position":"default","desc_position":"default","type":"separator","required":false,"elementId":"separator_6661916538e151","label":"Separator Field","height":"7","separatorType":"blank","error":false,"gt_translate_keys":["label"],"price_dependency":false,"cl_dependency":false,"value":""}],[{"active":true,"col":6,"relations":false,"cl_rule":"show","enableCl":false,"price":"","enablePrice":false,"className":"","label_position":"default","desc_position":"default","type":"text","subtype":"text","required":false,"elementId":"text_4661916538e15b","label":"\ud83d\ude8c Pickup Location","name":"text_4661916538e15b","value":"","description":"Free pick-up service in Tenerife South. Simply provide your address or hotel name.","error":false,"gt_translate_keys":["label","description","value"],"price_dependency":false,"cl_dependency":false}]]}},"config":{"price_override":"always","enable_recaptcha":false,"bind_quantity":false,"quantity_bind_formula":false,"disp_summ_show_option_price":true,"disp_summ_show_product_price":false,"disp_summ_show_total_price":true,"disp_summ_show_fee":true,"disp_summ_show_discount":true,"summary_title":"","options_total_label":"Options Price","total_label":"Total Amount","options_product_label":"Product Price","fee_label":"Fee","discount_label":"Discount","has_price":true,"has_quantity_formula":false},"mc_unit":1,"tax_rate":1,"tax_rate_real":1,"discount":{"percentage":0,"fixed":0},"design":{"conf":{"LabelPosition":"above","DescPosition":"above","UploadField":"custom_1","QuantityFieldStyle":"custom_1"},"css":{"LeftLabelWidth":"120px"}},"formulas":[],"lookuptables":[],"clones":false,"cartKey":false}},"_links":{"self":[{"href":"https:\/\/canaryvip.com\/cs\/wp-json\/wp\/v2\/product\/11043","targetHints":{"allow":["GET"]}}],"collection":[{"href":"https:\/\/canaryvip.com\/cs\/wp-json\/wp\/v2\/product"}],"about":[{"href":"https:\/\/canaryvip.com\/cs\/wp-json\/wp\/v2\/types\/product"}],"replies":[{"embeddable":true,"href":"https:\/\/canaryvip.com\/cs\/wp-json\/wp\/v2\/comments?post=11043"}],"wp:featuredmedia":[{"embeddable":true,"href":"https:\/\/canaryvip.com\/cs\/wp-json\/wp\/v2\/media\/11145"}],"wp:attachment":[{"href":"https:\/\/canaryvip.com\/cs\/wp-json\/wp\/v2\/media?parent=11043"}],"wp:term":[{"taxonomy":"product_brand","embeddable":true,"href":"https:\/\/canaryvip.com\/cs\/wp-json\/wp\/v2\/product_brand?post=11043"},{"taxonomy":"product_cat","embeddable":true,"href":"https:\/\/canaryvip.com\/cs\/wp-json\/wp\/v2\/product_cat?post=11043"},{"taxonomy":"product_tag","embeddable":true,"href":"https:\/\/canaryvip.com\/cs\/wp-json\/wp\/v2\/product_tag?post=11043"}],"curies":[{"name":"wp","href":"https:\/\/api.w.org\/{rel}","templated":true}]}}